{"id":191,"date":"2019-07-08T20:11:30","date_gmt":"2019-07-08T20:11:30","guid":{"rendered":"https:\/\/curesz.info\/?page_id=191"},"modified":"2019-07-08T20:12:19","modified_gmt":"2019-07-08T20:12:19","slug":"karen-yeiser","status":"publish","type":"page","link":"https:\/\/curesz.org\/pt_pt\/about\/board\/karen-yeiser\/","title":{"rendered":"Karen S. Yeiser, RN, Secret\u00e1ria"},"content":{"rendered":"<p><div class=\"fusion-fullwidth fullwidth-box fusion-builder-row-1 fusion-flex-container nonhundred-percent-fullwidth non-hundred-percent-height-scrolling\" style=\"--awb-border-radius-top-left:0px;--awb-border-radius-top-right:0px;--awb-border-radius-bottom-right:0px;--awb-border-radius-bottom-left:0px;--awb-flex-wrap:wrap;\" ><div class=\"fusion-builder-row fusion-row fusion-flex-align-items-flex-start fusion-flex-content-wrap\" style=\"max-width:1352px;margin-left: calc(-4% \/ 2 );margin-right: calc(-4% \/ 2 );\"><div class=\"fusion-layout-column fusion_builder_column fusion-builder-column-0 fusion_builder_column_1_4 1_4 fusion-flex-column\" style=\"--awb-bg-size:cover;--awb-width-large:25%;--awb-margin-top-large:0px;--awb-spacing-right-large:3.84%;--awb-margin-bottom-large:20px;--awb-spacing-left-large:7.68%;--awb-width-medium:100%;--awb-spacing-right-medium:1.92%;--awb-spacing-left-medium:1.92%;--awb-width-small:100%;--awb-spacing-right-small:1.92%;--awb-spacing-left-small:1.92%;\"><div class=\"fusion-column-wrapper fusion-column-has-shadow fusion-flex-justify-content-flex-start fusion-content-layout-column\"><div class=\"fusion-image-element\" style=\"--awb-caption-title-font-family:var(--h2_typography-font-family);--awb-caption-title-font-weight:var(--h2_typography-font-weight);--awb-caption-title-font-style:var(--h2_typography-font-style);--awb-caption-title-size:var(--h2_typography-font-size);--awb-caption-title-transform:var(--h2_typography-text-transform);--awb-caption-title-line-height:var(--h2_typography-line-height);--awb-caption-title-letter-spacing:var(--h2_typography-letter-spacing);\"><span class=\"fusion-imageframe imageframe-none imageframe-1 hover-type-none\"><img decoding=\"async\" width=\"251\" height=\"352\" title=\"k-simier\" src=\"https:\/\/curesz.org\/wp-content\/uploads\/2019\/07\/k-yesier.jpg\" data-orig-src=\"https:\/\/curesz.org\/wp-content\/uploads\/2019\/07\/k-yesier.jpg\" alt class=\"lazyload img-responsive wp-image-192\" srcset=\"data:image\/svg+xml,%3Csvg%20xmlns%3D%27http%3A%2F%2Fwww.w3.org%2F2000%2Fsvg%27%20width%3D%27251%27%20height%3D%27352%27%20viewBox%3D%270%200%20251%20352%27%3E%3Crect%20width%3D%27251%27%20height%3D%27352%27%20fill-opacity%3D%220%22%2F%3E%3C%2Fsvg%3E\" data-srcset=\"https:\/\/curesz.org\/wp-content\/uploads\/2019\/07\/k-yesier-200x280.jpg 200w, https:\/\/curesz.org\/wp-content\/uploads\/2019\/07\/k-yesier.jpg 251w\" data-sizes=\"auto\" data-orig-sizes=\"(max-width: 1024px) 100vw, (max-width: 640px) 100vw, 251px\" \/><\/span><\/div><div class=\"fusion-text fusion-text-1\"><p><strong>Karen S. Yeiser, RN<\/strong><\/p>\n<\/div><\/div><\/div><div class=\"fusion-layout-column fusion_builder_column fusion-builder-column-1 fusion_builder_column_3_4 3_4 fusion-flex-column\" style=\"--awb-bg-size:cover;--awb-width-large:75%;--awb-margin-top-large:0px;--awb-spacing-right-large:2.56%;--awb-margin-bottom-large:20px;--awb-spacing-left-large:3.84%;--awb-width-medium:100%;--awb-spacing-right-medium:1.92%;--awb-spacing-left-medium:1.92%;--awb-width-small:100%;--awb-spacing-right-small:1.92%;--awb-spacing-left-small:1.92%;\"><div class=\"fusion-column-wrapper fusion-column-has-shadow fusion-flex-justify-content-flex-start fusion-content-layout-column\"><div class=\"fusion-text fusion-text-2\"><p style=\"text-align: center;\"><strong>Karen S. Yeiser, RN, Secret\u00e1ria<\/strong><br \/>\n<strong>Autor e advogado de sa\u00fade mental<\/strong><\/p>\n<p>Karen S. Yeiser \u00e9 enfermeira, autora e defensora da sa\u00fade mental. Ela se formou na Escola de Enfermagem do West Suburban Hospital em Oak Park, Illinois. Karen passou a maior parte de sua carreira de enfermagem atendendo a indiv\u00edduos diagnosticados com defici\u00eancias de desenvolvimento e doen\u00e7as mentais concomitantes. Ela \u00e9 ex-funcion\u00e1ria dos Conselhos de Defici\u00eancias do Desenvolvimento de Lake e Butler County, em Ohio. Al\u00e9m disso, ela \u00e9 m\u00e3e de uma jovem cuja vida foi devastada pela esquizofrenia durante seus anos de faculdade. mem\u00f3rias de karen\u00a0<a href=\"https:\/\/www.amazon.com\/Flight-Reason-Mothers-Schizophrenia-Recovery\/dp\/0990345238\/ref=pd_sbs_14_4\/130-3447888-7134108?_encoding=UTF8&amp;pd_rd_i=0990345238&amp;pd_rd_r=87f0edb0-9f59-11e9-a941-2318ff52cf88&amp;pd_rd_w=IiSEN&amp;pd_rd_wg=7d2Mj&amp;pf_rd_p=588939de-d3f8-42f1-a3d8-d556eae5797d&amp;pf_rd_r=63W8PGWZHNECQPX7SEBD&amp;psc=1&amp;refRID=63W8PGWZHNECQPX7SEBD\" target=\"_blank\" rel=\"noopener noreferrer\"><em>Fuga da Raz\u00e3o<\/em><\/a>\u00a0(2014) retrata intimamente a natureza insidiosa da esquizofrenia emergente, os danos que a doen\u00e7a mental n\u00e3o tratada pode infligir a indiv\u00edduos e fam\u00edlias e os desafios enfrentados na busca de um tratamento eficaz. Como palestrante motivacional, Karen se conecta prontamente com profissionais de sa\u00fade e familiares, desafiando-os a continuar avan\u00e7ando at\u00e9 que o n\u00edvel mais alto poss\u00edvel de recupera\u00e7\u00e3o seja alcan\u00e7ado em pessoas diagnosticadas com doen\u00e7a mental. Ela \u00e9 m\u00e3e de uma filha e de um filho e gosta de ler e da natureza. Karen mora com o marido, David, em Fairfield, Ohio.<\/p>\n<\/div><\/div><\/div><\/div><\/div><div class=\"fusion-fullwidth fullwidth-box fusion-builder-row-2 fusion-flex-container hundred-percent-fullwidth non-hundred-percent-height-scrolling\" style=\"--awb-border-radius-top-left:0px;--awb-border-radius-top-right:0px;--awb-border-radius-bottom-right:0px;--awb-border-radius-bottom-left:0px;--awb-padding-top:0px;--awb-padding-right:0px;--awb-padding-bottom:0px;--awb-padding-left:0px;--awb-margin-top:0px;--awb-margin-bottom:0px;--awb-background-color:#015da7;--awb-flex-wrap:wrap;\" ><div class=\"fusion-builder-row fusion-row fusion-flex-align-items-flex-start fusion-flex-content-wrap\" style=\"width:104% !important;max-width:104% !important;margin-left: calc(-4% \/ 2 );margin-right: calc(-4% \/ 2 );\"><\/div><\/div>\n<\/p>","protected":false},"excerpt":{"rendered":"","protected":false},"author":2,"featured_media":0,"parent":54,"menu_order":0,"comment_status":"closed","ping_status":"closed","template":"100-width.php","meta":{"_acf_changed":false,"footnotes":""},"class_list":["post-191","page","type-page","status-publish","hentry"],"acf":[],"yoast_head":"<!-- This site is optimized with the Yoast SEO plugin v27.3 - https:\/\/yoast.com\/product\/yoast-seo-wordpress\/ -->\n<title>Karen S. Yeiser, RN, Secretary - CURESZ Foundation<\/title>\n<meta name=\"robots\" content=\"index, follow, max-snippet:-1, max-image-preview:large, max-video-preview:-1\" \/>\n<link rel=\"canonical\" href=\"https:\/\/curesz.org\/pt_pt\/about\/board\/karen-yeiser\/\" \/>\n<meta property=\"og:locale\" content=\"pt_PT\" \/>\n<meta property=\"og:type\" content=\"article\" \/>\n<meta property=\"og:title\" content=\"Karen S. Yeiser, RN, Secretary - CURESZ Foundation\" \/>\n<meta property=\"og:url\" content=\"https:\/\/curesz.org\/pt_pt\/about\/board\/karen-yeiser\/\" \/>\n<meta property=\"og:site_name\" content=\"CURESZ Foundation\" \/>\n<meta property=\"article:publisher\" content=\"https:\/\/www.facebook.com\/Cureszorg\/\" \/>\n<meta property=\"article:modified_time\" content=\"2019-07-08T20:12:19+00:00\" \/>\n<meta name=\"twitter:card\" content=\"summary_large_image\" \/>\n<meta name=\"twitter:site\" content=\"@cureszorg\" \/>\n<meta name=\"twitter:label1\" content=\"Tempo estimado de leitura\" \/>\n\t<meta name=\"twitter:data1\" content=\"3 minutos\" \/>\n<script type=\"application\/ld+json\" class=\"yoast-schema-graph\">{\"@context\":\"https:\\\/\\\/schema.org\",\"@graph\":[{\"@type\":\"WebPage\",\"@id\":\"https:\\\/\\\/curesz.org\\\/about\\\/board\\\/karen-yeiser\\\/\",\"url\":\"https:\\\/\\\/curesz.org\\\/about\\\/board\\\/karen-yeiser\\\/\",\"name\":\"Karen S. Yeiser, RN, Secretary - CURESZ Foundation\",\"isPartOf\":{\"@id\":\"https:\\\/\\\/curesz.org\\\/#website\"},\"datePublished\":\"2019-07-08T20:11:30+00:00\",\"dateModified\":\"2019-07-08T20:12:19+00:00\",\"breadcrumb\":{\"@id\":\"https:\\\/\\\/curesz.org\\\/about\\\/board\\\/karen-yeiser\\\/#breadcrumb\"},\"inLanguage\":\"pt-PT\",\"potentialAction\":[{\"@type\":\"ReadAction\",\"target\":[\"https:\\\/\\\/curesz.org\\\/about\\\/board\\\/karen-yeiser\\\/\"]}]},{\"@type\":\"BreadcrumbList\",\"@id\":\"https:\\\/\\\/curesz.org\\\/about\\\/board\\\/karen-yeiser\\\/#breadcrumb\",\"itemListElement\":[{\"@type\":\"ListItem\",\"position\":1,\"name\":\"Home\",\"item\":\"https:\\\/\\\/curesz.org\\\/\"},{\"@type\":\"ListItem\",\"position\":2,\"name\":\"About\",\"item\":\"https:\\\/\\\/curesz.org\\\/about\\\/\"},{\"@type\":\"ListItem\",\"position\":3,\"name\":\"Board\",\"item\":\"https:\\\/\\\/curesz.org\\\/about\\\/board\\\/\"},{\"@type\":\"ListItem\",\"position\":4,\"name\":\"Karen S. Yeiser, RN, Secretary\"}]},{\"@type\":\"WebSite\",\"@id\":\"https:\\\/\\\/curesz.org\\\/#website\",\"url\":\"https:\\\/\\\/curesz.org\\\/\",\"name\":\"CURESZ Foundation\",\"description\":\"The CURESZ Foundation provides educational updates to patients, families, healthcare professionals and the general public about schizophrenia.\",\"publisher\":{\"@id\":\"https:\\\/\\\/curesz.org\\\/#organization\"},\"potentialAction\":[{\"@type\":\"SearchAction\",\"target\":{\"@type\":\"EntryPoint\",\"urlTemplate\":\"https:\\\/\\\/curesz.org\\\/?s={search_term_string}\"},\"query-input\":{\"@type\":\"PropertyValueSpecification\",\"valueRequired\":true,\"valueName\":\"search_term_string\"}}],\"inLanguage\":\"pt-PT\"},{\"@type\":\"Organization\",\"@id\":\"https:\\\/\\\/curesz.org\\\/#organization\",\"name\":\"Curesz Foundation\",\"url\":\"https:\\\/\\\/curesz.org\\\/\",\"logo\":{\"@type\":\"ImageObject\",\"inLanguage\":\"pt-PT\",\"@id\":\"https:\\\/\\\/curesz.org\\\/#\\\/schema\\\/logo\\\/image\\\/\",\"url\":\"https:\\\/\\\/curesz.org\\\/wp-content\\\/uploads\\\/2020\\\/02\\\/cropped-Logo-with-Foundation-Custom.png\",\"contentUrl\":\"https:\\\/\\\/curesz.org\\\/wp-content\\\/uploads\\\/2020\\\/02\\\/cropped-Logo-with-Foundation-Custom.png\",\"width\":200,\"height\":133,\"caption\":\"Curesz Foundation\"},\"image\":{\"@id\":\"https:\\\/\\\/curesz.org\\\/#\\\/schema\\\/logo\\\/image\\\/\"},\"sameAs\":[\"https:\\\/\\\/www.facebook.com\\\/Cureszorg\\\/\",\"https:\\\/\\\/x.com\\\/cureszorg\",\"https:\\\/\\\/www.instagram.com\\\/cureszfoundation\\\/\",\"https:\\\/\\\/www.youtube.com\\\/channel\\\/UCT3uVzTt8jiJ2qdhuosHPvg\"]}]}<\/script>\n<!-- \/ Yoast SEO plugin. -->","yoast_head_json":{"title":"Karen S. Yeiser, RN, Secretary - CURESZ Foundation","robots":{"index":"index","follow":"follow","max-snippet":"max-snippet:-1","max-image-preview":"max-image-preview:large","max-video-preview":"max-video-preview:-1"},"canonical":"https:\/\/curesz.org\/pt_pt\/about\/board\/karen-yeiser\/","og_locale":"pt_PT","og_type":"article","og_title":"Karen S. Yeiser, RN, Secretary - CURESZ Foundation","og_url":"https:\/\/curesz.org\/pt_pt\/about\/board\/karen-yeiser\/","og_site_name":"CURESZ Foundation","article_publisher":"https:\/\/www.facebook.com\/Cureszorg\/","article_modified_time":"2019-07-08T20:12:19+00:00","twitter_card":"summary_large_image","twitter_site":"@cureszorg","twitter_misc":{"Tempo estimado de leitura":"3 minutos"},"schema":{"@context":"https:\/\/schema.org","@graph":[{"@type":"WebPage","@id":"https:\/\/curesz.org\/about\/board\/karen-yeiser\/","url":"https:\/\/curesz.org\/about\/board\/karen-yeiser\/","name":"Karen S. Yeiser, RN, Secretary - CURESZ Foundation","isPartOf":{"@id":"https:\/\/curesz.org\/#website"},"datePublished":"2019-07-08T20:11:30+00:00","dateModified":"2019-07-08T20:12:19+00:00","breadcrumb":{"@id":"https:\/\/curesz.org\/about\/board\/karen-yeiser\/#breadcrumb"},"inLanguage":"pt-PT","potentialAction":[{"@type":"ReadAction","target":["https:\/\/curesz.org\/about\/board\/karen-yeiser\/"]}]},{"@type":"BreadcrumbList","@id":"https:\/\/curesz.org\/about\/board\/karen-yeiser\/#breadcrumb","itemListElement":[{"@type":"ListItem","position":1,"name":"Home","item":"https:\/\/curesz.org\/"},{"@type":"ListItem","position":2,"name":"About","item":"https:\/\/curesz.org\/about\/"},{"@type":"ListItem","position":3,"name":"Board","item":"https:\/\/curesz.org\/about\/board\/"},{"@type":"ListItem","position":4,"name":"Karen S. Yeiser, RN, Secretary"}]},{"@type":"WebSite","@id":"https:\/\/curesz.org\/#website","url":"https:\/\/curesz.org\/","name":"Funda\u00e7\u00e3o CURESZ","description":"A Funda\u00e7\u00e3o CURESZ fornece atualiza\u00e7\u00f5es educacionais para pacientes, familiares, profissionais de sa\u00fade e p\u00fablico em geral sobre esquizofrenia.","publisher":{"@id":"https:\/\/curesz.org\/#organization"},"potentialAction":[{"@type":"SearchAction","target":{"@type":"EntryPoint","urlTemplate":"https:\/\/curesz.org\/?s={search_term_string}"},"query-input":{"@type":"PropertyValueSpecification","valueRequired":true,"valueName":"search_term_string"}}],"inLanguage":"pt-PT"},{"@type":"Organization","@id":"https:\/\/curesz.org\/#organization","name":"Curesz Foundation","url":"https:\/\/curesz.org\/","logo":{"@type":"ImageObject","inLanguage":"pt-PT","@id":"https:\/\/curesz.org\/#\/schema\/logo\/image\/","url":"https:\/\/curesz.org\/wp-content\/uploads\/2020\/02\/cropped-Logo-with-Foundation-Custom.png","contentUrl":"https:\/\/curesz.org\/wp-content\/uploads\/2020\/02\/cropped-Logo-with-Foundation-Custom.png","width":200,"height":133,"caption":"Curesz Foundation"},"image":{"@id":"https:\/\/curesz.org\/#\/schema\/logo\/image\/"},"sameAs":["https:\/\/www.facebook.com\/Cureszorg\/","https:\/\/x.com\/cureszorg","https:\/\/www.instagram.com\/cureszfoundation\/","https:\/\/www.youtube.com\/channel\/UCT3uVzTt8jiJ2qdhuosHPvg"]}]}},"_links":{"self":[{"href":"https:\/\/curesz.org\/pt_pt\/wp-json\/wp\/v2\/pages\/191","targetHints":{"allow":["GET"]}}],"collection":[{"href":"https:\/\/curesz.org\/pt_pt\/wp-json\/wp\/v2\/pages"}],"about":[{"href":"https:\/\/curesz.org\/pt_pt\/wp-json\/wp\/v2\/types\/page"}],"author":[{"embeddable":true,"href":"https:\/\/curesz.org\/pt_pt\/wp-json\/wp\/v2\/users\/2"}],"replies":[{"embeddable":true,"href":"https:\/\/curesz.org\/pt_pt\/wp-json\/wp\/v2\/comments?post=191"}],"version-history":[{"count":2,"href":"https:\/\/curesz.org\/pt_pt\/wp-json\/wp\/v2\/pages\/191\/revisions"}],"predecessor-version":[{"id":194,"href":"https:\/\/curesz.org\/pt_pt\/wp-json\/wp\/v2\/pages\/191\/revisions\/194"}],"up":[{"embeddable":true,"href":"https:\/\/curesz.org\/pt_pt\/wp-json\/wp\/v2\/pages\/54"}],"wp:attachment":[{"href":"https:\/\/curesz.org\/pt_pt\/wp-json\/wp\/v2\/media?parent=191"}],"curies":[{"name":"wp","href":"https:\/\/api.w.org\/{rel}","templated":true}]}}