{"id":2263,"date":"2019-07-30T14:41:06","date_gmt":"2019-07-30T14:41:06","guid":{"rendered":"https:\/\/curesz.info\/?page_id=2263"},"modified":"2019-07-30T14:41:07","modified_gmt":"2019-07-30T14:41:07","slug":"an-interview-with-dr-erik-messamore-md-phd","status":"publish","type":"page","link":"https:\/\/curesz.org\/pt_pt\/winter-2018-newsletter\/an-interview-with-dr-erik-messamore-md-phd\/","title":{"rendered":"Uma entrevista com o Dr. Erik Messamore, MD, PHD"},"content":{"rendered":"<p><div class=\"fusion-fullwidth fullwidth-box fusion-builder-row-1 fusion-flex-container nonhundred-percent-fullwidth non-hundred-percent-height-scrolling\" style=\"--awb-border-radius-top-left:0px;--awb-border-radius-top-right:0px;--awb-border-radius-bottom-right:0px;--awb-border-radius-bottom-left:0px;--awb-flex-wrap:wrap;\" ><div class=\"fusion-builder-row fusion-row fusion-flex-align-items-flex-start fusion-flex-content-wrap\" style=\"max-width:calc( 1300px + 0px );margin-left: calc(-0px \/ 2 );margin-right: calc(-0px \/ 2 );\"><div class=\"fusion-layout-column fusion_builder_column fusion-builder-column-0 fusion_builder_column_1_1 1_1 fusion-flex-column\" style=\"--awb-bg-size:cover;--awb-width-large:100%;--awb-margin-top-large:0px;--awb-spacing-right-large:0px;--awb-margin-bottom-large:0px;--awb-spacing-left-large:0px;--awb-width-medium:100%;--awb-spacing-right-medium:0px;--awb-spacing-left-medium:0px;--awb-width-small:100%;--awb-spacing-right-small:0px;--awb-spacing-left-small:0px;\"><div class=\"fusion-column-wrapper fusion-flex-justify-content-flex-start fusion-content-layout-column\"><div class=\"fusion-text fusion-text-1\"><h4><img decoding=\"async\" class=\"lazyload alignleft size-full wp-image-2264\" src=\"https:\/\/curesz.org\/wp-content\/uploads\/2019\/07\/messamore-picture-1.jpg\" data-orig-src=\"https:\/\/curesz.org\/wp-content\/uploads\/2019\/07\/messamore-picture-1.jpg\" alt=\"\" width=\"300\" height=\"398\" srcset=\"data:image\/svg+xml,%3Csvg%20xmlns%3D%27http%3A%2F%2Fwww.w3.org%2F2000%2Fsvg%27%20width%3D%27300%27%20height%3D%27398%27%20viewBox%3D%270%200%20300%20398%27%3E%3Crect%20width%3D%27300%27%20height%3D%27398%27%20fill-opacity%3D%220%22%2F%3E%3C%2Fsvg%3E\" data-srcset=\"https:\/\/curesz.org\/wp-content\/uploads\/2019\/07\/messamore-picture-1-200x265.jpg 200w, https:\/\/curesz.org\/wp-content\/uploads\/2019\/07\/messamore-picture-1-226x300.jpg 226w, https:\/\/curesz.org\/wp-content\/uploads\/2019\/07\/messamore-picture-1.jpg 300w\" data-sizes=\"auto\" data-orig-sizes=\"(max-width: 300px) 100vw, 300px\" \/>PARTE UM DE QUATRO<\/h4>\n<p><strong>P: Parte do seu trabalho envolve ajudar os m\u00e9dicos a usar a clozapina. O que o torna t\u00e3o interessado nesta causa?<\/strong><\/p>\n<p>A clozapina salva vidas e melhora a qualidade de vida de uma forma que outros medicamentos simplesmente n\u00e3o conseguem. A clozapina \u00e9 o melhor medicamento para cerca de 20% de pessoas com esquizofrenia, mas nos Estados Unidos \u00e9 usada em apenas 4%. Isso significa que cerca de 16% de pessoas com esquizofrenia (quase meio milh\u00e3o de indiv\u00edduos) n\u00e3o t\u00eam a qualidade de vida que pode ser obtida com esse medicamento incompar\u00e1vel.<\/p>\n<p>Certa vez, trabalhei em um hospital estadual e me tornei o m\u00e9dico de uma senhora com esquizofrenia. Vamos cham\u00e1-la de &quot;Anna&quot;. Ela esteve continuamente doente por cerca de 20 anos, saltando entre o hospital, a rua e, \u00e0s vezes, a pris\u00e3o. Como uma sem-teto com doen\u00e7a mental grave, ela experimentou uma s\u00e9rie de traumas realmente horr\u00edveis. Anna nunca havia experimentado clozapina porque: 1) os m\u00e9dicos presumiram que ela n\u00e3o tomaria o medicamento regularmente ou que seu \u201cestilo de vida\u201d era muito ca\u00f3tico para poder comparecer aos exames de sangue semanais; e 2) ela tinha muito medo de agulhas, ent\u00e3o recusaria a oferta de clozapina de qualquer maneira.<\/p>\n<p>Para resolver seu medo de agulhas, prescrevi um creme anest\u00e9sico que esfregar\u00edamos no local onde ir\u00edamos tirar sangue. O creme anest\u00e9sico para anestesiar a pele ajudou Anna a se sentir confort\u00e1vel com o exame de sangue e ela concordou em tentar a clozapina.<\/p>\n<p>Em dois meses, vimos a verdadeira Anna. Ela era uma senhora encantadora com senso de humor. Ela p\u00f4de, pela primeira vez desde que adoeceu, participar ativamente de seu planejamento de alta.<\/p>\n<p>Ela tomava a medica\u00e7\u00e3o regularmente porque sentia que realmente a ajudava. (A raz\u00e3o pela qual ela parou de tomar os medicamentos anteriores \u00e9 porque eles n\u00e3o estavam realmente ajudando de uma maneira que importava para ela.) Ela conseguiu seu pr\u00f3prio apartamento e come\u00e7ou a criar o tipo de vida que desejava. A clozapina a ajudou a quebrar o ciclo de doen\u00e7a e falta de moradia e permitiu que Anna recuperasse uma vida na qual ela estava no comando.<\/p>\n<p>Por v\u00e1rias raz\u00f5es, muitos m\u00e9dicos nos Estados Unidos n\u00e3o oferecem clozapina a seus pacientes com esquizofrenia. Parte do meu trabalho hoje em dia \u00e9 ajudar m\u00e9dicos ou enfermeiras psiqui\u00e1tricas a usar clozapina para que possam ver por si mesmos que hist\u00f3rias de sucesso como a de Anna s\u00e3o realmente muito comuns com esse medicamento excepcionalmente eficaz.<\/p>\n<p>Erik Messamore \u00e9 psiquiatra e professor associado de psiquiatria na Northeast Ohio Medical University. Ele atua como diretor m\u00e9dico do Centro de Melhores Pr\u00e1ticas em Tratamento de Esquizofrenia (BeST) da Universidade. Ele possui um MD e um PhD em farmacologia. Dr. Messamore atua no Painel de Especialistas CURESZ Clozapina em Esquizofrenia\u00a0<a href=\"https:\/\/curesz.org\/pt_pt\/resources\/clozapine-experts-panel\/\">(CLOSZE)<\/a>.<\/p>\n<\/div><\/div><\/div><\/div><\/div><div class=\"fusion-fullwidth fullwidth-box fusion-builder-row-2 fusion-flex-container hundred-percent-fullwidth non-hundred-percent-height-scrolling\" style=\"--awb-border-radius-top-left:0px;--awb-border-radius-top-right:0px;--awb-border-radius-bottom-right:0px;--awb-border-radius-bottom-left:0px;--awb-padding-top:0px;--awb-padding-right:0px;--awb-padding-bottom:0px;--awb-padding-left:0px;--awb-margin-top:0px;--awb-margin-bottom:0px;--awb-background-color:#015da7;--awb-flex-wrap:wrap;\" ><div class=\"fusion-builder-row fusion-row fusion-flex-align-items-flex-start fusion-flex-content-wrap\" style=\"width:104% !important;max-width:104% !important;margin-left: calc(-4% \/ 2 );margin-right: calc(-4% \/ 2 );\"><\/div><\/div>\n<\/p>","protected":false},"excerpt":{"rendered":"","protected":false},"author":2,"featured_media":0,"parent":2231,"menu_order":0,"comment_status":"closed","ping_status":"closed","template":"100-width.php","meta":{"_acf_changed":false,"footnotes":""},"class_list":["post-2263","page","type-page","status-publish","hentry"],"acf":[],"yoast_head":"<!-- This site is optimized with the Yoast SEO plugin v27.4 - https:\/\/yoast.com\/product\/yoast-seo-wordpress\/ -->\n<title>An Interview with Dr. Erik Messamore, MD, PHD - CURESZ Foundation<\/title>\n<meta name=\"robots\" content=\"index, follow, max-snippet:-1, max-image-preview:large, max-video-preview:-1\" \/>\n<link rel=\"canonical\" href=\"https:\/\/curesz.org\/pt_pt\/winter-2018-newsletter\/an-interview-with-dr-erik-messamore-md-phd\/\" \/>\n<meta property=\"og:locale\" content=\"pt_PT\" \/>\n<meta property=\"og:type\" content=\"article\" \/>\n<meta property=\"og:title\" content=\"An Interview with Dr. Erik Messamore, MD, PHD - CURESZ Foundation\" \/>\n<meta property=\"og:url\" content=\"https:\/\/curesz.org\/pt_pt\/winter-2018-newsletter\/an-interview-with-dr-erik-messamore-md-phd\/\" \/>\n<meta property=\"og:site_name\" content=\"CURESZ Foundation\" \/>\n<meta property=\"article:publisher\" content=\"https:\/\/www.facebook.com\/Cureszorg\/\" \/>\n<meta property=\"article:modified_time\" content=\"2019-07-30T14:41:07+00:00\" \/>\n<meta property=\"og:image\" content=\"https:\/\/curesz.org\/wp-content\/uploads\/2019\/07\/messamore-picture-1.jpg\" \/>\n<meta name=\"twitter:card\" content=\"summary_large_image\" \/>\n<meta name=\"twitter:site\" content=\"@cureszorg\" \/>\n<meta name=\"twitter:label1\" content=\"Tempo estimado de leitura\" \/>\n\t<meta name=\"twitter:data1\" content=\"3 minutos\" \/>\n<script type=\"application\/ld+json\" class=\"yoast-schema-graph\">{\"@context\":\"https:\\\/\\\/schema.org\",\"@graph\":[{\"@type\":\"WebPage\",\"@id\":\"https:\\\/\\\/curesz.org\\\/winter-2018-newsletter\\\/an-interview-with-dr-erik-messamore-md-phd\\\/\",\"url\":\"https:\\\/\\\/curesz.org\\\/winter-2018-newsletter\\\/an-interview-with-dr-erik-messamore-md-phd\\\/\",\"name\":\"An Interview with Dr. Erik Messamore, MD, PHD - CURESZ Foundation\",\"isPartOf\":{\"@id\":\"https:\\\/\\\/curesz.org\\\/#website\"},\"primaryImageOfPage\":{\"@id\":\"https:\\\/\\\/curesz.org\\\/winter-2018-newsletter\\\/an-interview-with-dr-erik-messamore-md-phd\\\/#primaryimage\"},\"image\":{\"@id\":\"https:\\\/\\\/curesz.org\\\/winter-2018-newsletter\\\/an-interview-with-dr-erik-messamore-md-phd\\\/#primaryimage\"},\"thumbnailUrl\":\"https:\\\/\\\/curesz.org\\\/wp-content\\\/uploads\\\/2019\\\/07\\\/messamore-picture-1.jpg\",\"datePublished\":\"2019-07-30T14:41:06+00:00\",\"dateModified\":\"2019-07-30T14:41:07+00:00\",\"breadcrumb\":{\"@id\":\"https:\\\/\\\/curesz.org\\\/winter-2018-newsletter\\\/an-interview-with-dr-erik-messamore-md-phd\\\/#breadcrumb\"},\"inLanguage\":\"pt-PT\",\"potentialAction\":[{\"@type\":\"ReadAction\",\"target\":[\"https:\\\/\\\/curesz.org\\\/winter-2018-newsletter\\\/an-interview-with-dr-erik-messamore-md-phd\\\/\"]}]},{\"@type\":\"ImageObject\",\"inLanguage\":\"pt-PT\",\"@id\":\"https:\\\/\\\/curesz.org\\\/winter-2018-newsletter\\\/an-interview-with-dr-erik-messamore-md-phd\\\/#primaryimage\",\"url\":\"https:\\\/\\\/curesz.org\\\/wp-content\\\/uploads\\\/2019\\\/07\\\/messamore-picture-1.jpg\",\"contentUrl\":\"https:\\\/\\\/curesz.org\\\/wp-content\\\/uploads\\\/2019\\\/07\\\/messamore-picture-1.jpg\"},{\"@type\":\"BreadcrumbList\",\"@id\":\"https:\\\/\\\/curesz.org\\\/winter-2018-newsletter\\\/an-interview-with-dr-erik-messamore-md-phd\\\/#breadcrumb\",\"itemListElement\":[{\"@type\":\"ListItem\",\"position\":1,\"name\":\"Home\",\"item\":\"https:\\\/\\\/curesz.org\\\/\"},{\"@type\":\"ListItem\",\"position\":2,\"name\":\"Winter 2018 Newsletter\",\"item\":\"https:\\\/\\\/curesz.org\\\/winter-2018-newsletter\\\/\"},{\"@type\":\"ListItem\",\"position\":3,\"name\":\"An Interview with Dr. Erik Messamore, MD, PHD\"}]},{\"@type\":\"WebSite\",\"@id\":\"https:\\\/\\\/curesz.org\\\/#website\",\"url\":\"https:\\\/\\\/curesz.org\\\/\",\"name\":\"CURESZ Foundation\",\"description\":\"The CURESZ Foundation provides educational updates to patients, families, healthcare professionals and the general public about schizophrenia.\",\"publisher\":{\"@id\":\"https:\\\/\\\/curesz.org\\\/#organization\"},\"potentialAction\":[{\"@type\":\"SearchAction\",\"target\":{\"@type\":\"EntryPoint\",\"urlTemplate\":\"https:\\\/\\\/curesz.org\\\/?s={search_term_string}\"},\"query-input\":{\"@type\":\"PropertyValueSpecification\",\"valueRequired\":true,\"valueName\":\"search_term_string\"}}],\"inLanguage\":\"pt-PT\"},{\"@type\":\"Organization\",\"@id\":\"https:\\\/\\\/curesz.org\\\/#organization\",\"name\":\"Curesz Foundation\",\"url\":\"https:\\\/\\\/curesz.org\\\/\",\"logo\":{\"@type\":\"ImageObject\",\"inLanguage\":\"pt-PT\",\"@id\":\"https:\\\/\\\/curesz.org\\\/#\\\/schema\\\/logo\\\/image\\\/\",\"url\":\"https:\\\/\\\/curesz.org\\\/wp-content\\\/uploads\\\/2020\\\/02\\\/cropped-Logo-with-Foundation-Custom.png\",\"contentUrl\":\"https:\\\/\\\/curesz.org\\\/wp-content\\\/uploads\\\/2020\\\/02\\\/cropped-Logo-with-Foundation-Custom.png\",\"width\":200,\"height\":133,\"caption\":\"Curesz Foundation\"},\"image\":{\"@id\":\"https:\\\/\\\/curesz.org\\\/#\\\/schema\\\/logo\\\/image\\\/\"},\"sameAs\":[\"https:\\\/\\\/www.facebook.com\\\/Cureszorg\\\/\",\"https:\\\/\\\/x.com\\\/cureszorg\",\"https:\\\/\\\/www.instagram.com\\\/cureszfoundation\\\/\",\"https:\\\/\\\/www.youtube.com\\\/channel\\\/UCT3uVzTt8jiJ2qdhuosHPvg\"]}]}<\/script>\n<!-- \/ Yoast SEO plugin. -->","yoast_head_json":{"title":"An Interview with Dr. Erik Messamore, MD, PHD - CURESZ Foundation","robots":{"index":"index","follow":"follow","max-snippet":"max-snippet:-1","max-image-preview":"max-image-preview:large","max-video-preview":"max-video-preview:-1"},"canonical":"https:\/\/curesz.org\/pt_pt\/winter-2018-newsletter\/an-interview-with-dr-erik-messamore-md-phd\/","og_locale":"pt_PT","og_type":"article","og_title":"An Interview with Dr. Erik Messamore, MD, PHD - CURESZ Foundation","og_url":"https:\/\/curesz.org\/pt_pt\/winter-2018-newsletter\/an-interview-with-dr-erik-messamore-md-phd\/","og_site_name":"CURESZ Foundation","article_publisher":"https:\/\/www.facebook.com\/Cureszorg\/","article_modified_time":"2019-07-30T14:41:07+00:00","og_image":[{"url":"https:\/\/curesz.org\/wp-content\/uploads\/2019\/07\/messamore-picture-1.jpg","type":"","width":"","height":""}],"twitter_card":"summary_large_image","twitter_site":"@cureszorg","twitter_misc":{"Tempo estimado de leitura":"3 minutos"},"schema":{"@context":"https:\/\/schema.org","@graph":[{"@type":"WebPage","@id":"https:\/\/curesz.org\/winter-2018-newsletter\/an-interview-with-dr-erik-messamore-md-phd\/","url":"https:\/\/curesz.org\/winter-2018-newsletter\/an-interview-with-dr-erik-messamore-md-phd\/","name":"An Interview with Dr. Erik Messamore, MD, PHD - CURESZ Foundation","isPartOf":{"@id":"https:\/\/curesz.org\/#website"},"primaryImageOfPage":{"@id":"https:\/\/curesz.org\/winter-2018-newsletter\/an-interview-with-dr-erik-messamore-md-phd\/#primaryimage"},"image":{"@id":"https:\/\/curesz.org\/winter-2018-newsletter\/an-interview-with-dr-erik-messamore-md-phd\/#primaryimage"},"thumbnailUrl":"https:\/\/curesz.org\/wp-content\/uploads\/2019\/07\/messamore-picture-1.jpg","datePublished":"2019-07-30T14:41:06+00:00","dateModified":"2019-07-30T14:41:07+00:00","breadcrumb":{"@id":"https:\/\/curesz.org\/winter-2018-newsletter\/an-interview-with-dr-erik-messamore-md-phd\/#breadcrumb"},"inLanguage":"pt-PT","potentialAction":[{"@type":"ReadAction","target":["https:\/\/curesz.org\/winter-2018-newsletter\/an-interview-with-dr-erik-messamore-md-phd\/"]}]},{"@type":"ImageObject","inLanguage":"pt-PT","@id":"https:\/\/curesz.org\/winter-2018-newsletter\/an-interview-with-dr-erik-messamore-md-phd\/#primaryimage","url":"https:\/\/curesz.org\/wp-content\/uploads\/2019\/07\/messamore-picture-1.jpg","contentUrl":"https:\/\/curesz.org\/wp-content\/uploads\/2019\/07\/messamore-picture-1.jpg"},{"@type":"BreadcrumbList","@id":"https:\/\/curesz.org\/winter-2018-newsletter\/an-interview-with-dr-erik-messamore-md-phd\/#breadcrumb","itemListElement":[{"@type":"ListItem","position":1,"name":"Home","item":"https:\/\/curesz.org\/"},{"@type":"ListItem","position":2,"name":"Winter 2018 Newsletter","item":"https:\/\/curesz.org\/winter-2018-newsletter\/"},{"@type":"ListItem","position":3,"name":"An Interview with Dr. Erik Messamore, MD, PHD"}]},{"@type":"WebSite","@id":"https:\/\/curesz.org\/#website","url":"https:\/\/curesz.org\/","name":"Funda\u00e7\u00e3o CURESZ","description":"A Funda\u00e7\u00e3o CURESZ fornece atualiza\u00e7\u00f5es educacionais para pacientes, familiares, profissionais de sa\u00fade e p\u00fablico em geral sobre esquizofrenia.","publisher":{"@id":"https:\/\/curesz.org\/#organization"},"potentialAction":[{"@type":"SearchAction","target":{"@type":"EntryPoint","urlTemplate":"https:\/\/curesz.org\/?s={search_term_string}"},"query-input":{"@type":"PropertyValueSpecification","valueRequired":true,"valueName":"search_term_string"}}],"inLanguage":"pt-PT"},{"@type":"Organization","@id":"https:\/\/curesz.org\/#organization","name":"Curesz Foundation","url":"https:\/\/curesz.org\/","logo":{"@type":"ImageObject","inLanguage":"pt-PT","@id":"https:\/\/curesz.org\/#\/schema\/logo\/image\/","url":"https:\/\/curesz.org\/wp-content\/uploads\/2020\/02\/cropped-Logo-with-Foundation-Custom.png","contentUrl":"https:\/\/curesz.org\/wp-content\/uploads\/2020\/02\/cropped-Logo-with-Foundation-Custom.png","width":200,"height":133,"caption":"Curesz Foundation"},"image":{"@id":"https:\/\/curesz.org\/#\/schema\/logo\/image\/"},"sameAs":["https:\/\/www.facebook.com\/Cureszorg\/","https:\/\/x.com\/cureszorg","https:\/\/www.instagram.com\/cureszfoundation\/","https:\/\/www.youtube.com\/channel\/UCT3uVzTt8jiJ2qdhuosHPvg"]}]}},"_links":{"self":[{"href":"https:\/\/curesz.org\/pt_pt\/wp-json\/wp\/v2\/pages\/2263","targetHints":{"allow":["GET"]}}],"collection":[{"href":"https:\/\/curesz.org\/pt_pt\/wp-json\/wp\/v2\/pages"}],"about":[{"href":"https:\/\/curesz.org\/pt_pt\/wp-json\/wp\/v2\/types\/page"}],"author":[{"embeddable":true,"href":"https:\/\/curesz.org\/pt_pt\/wp-json\/wp\/v2\/users\/2"}],"replies":[{"embeddable":true,"href":"https:\/\/curesz.org\/pt_pt\/wp-json\/wp\/v2\/comments?post=2263"}],"version-history":[{"count":3,"href":"https:\/\/curesz.org\/pt_pt\/wp-json\/wp\/v2\/pages\/2263\/revisions"}],"predecessor-version":[{"id":4121,"href":"https:\/\/curesz.org\/pt_pt\/wp-json\/wp\/v2\/pages\/2263\/revisions\/4121"}],"up":[{"embeddable":true,"href":"https:\/\/curesz.org\/pt_pt\/wp-json\/wp\/v2\/pages\/2231"}],"wp:attachment":[{"href":"https:\/\/curesz.org\/pt_pt\/wp-json\/wp\/v2\/media?parent=2263"}],"curies":[{"name":"wp","href":"https:\/\/api.w.org\/{rel}","templated":true}]}}