{"id":235,"date":"2019-07-08T20:34:42","date_gmt":"2019-07-08T20:34:42","guid":{"rendered":"https:\/\/curesz.info\/?page_id=235"},"modified":"2019-07-29T14:51:24","modified_gmt":"2019-07-29T14:51:24","slug":"carol-north","status":"publish","type":"page","link":"https:\/\/curesz.org\/pt_pt\/about\/board\/carol-north\/","title":{"rendered":"Carol North, MD, MPE"},"content":{"rendered":"<p><div class=\"fusion-fullwidth fullwidth-box fusion-builder-row-1 fusion-flex-container nonhundred-percent-fullwidth non-hundred-percent-height-scrolling\" style=\"--awb-border-radius-top-left:0px;--awb-border-radius-top-right:0px;--awb-border-radius-bottom-right:0px;--awb-border-radius-bottom-left:0px;--awb-flex-wrap:wrap;\" ><div class=\"fusion-builder-row fusion-row fusion-flex-align-items-flex-start fusion-flex-content-wrap\" style=\"max-width:1352px;margin-left: calc(-4% \/ 2 );margin-right: calc(-4% \/ 2 );\"><div class=\"fusion-layout-column fusion_builder_column fusion-builder-column-0 fusion_builder_column_1_4 1_4 fusion-flex-column\" style=\"--awb-bg-size:cover;--awb-width-large:25%;--awb-margin-top-large:0px;--awb-spacing-right-large:3.84%;--awb-margin-bottom-large:20px;--awb-spacing-left-large:7.68%;--awb-width-medium:100%;--awb-spacing-right-medium:1.92%;--awb-spacing-left-medium:1.92%;--awb-width-small:100%;--awb-spacing-right-small:1.92%;--awb-spacing-left-small:1.92%;\"><div class=\"fusion-column-wrapper fusion-column-has-shadow fusion-flex-justify-content-flex-start fusion-content-layout-column\"><div class=\"fusion-image-element\" style=\"--awb-caption-title-font-family:var(--h2_typography-font-family);--awb-caption-title-font-weight:var(--h2_typography-font-weight);--awb-caption-title-font-style:var(--h2_typography-font-style);--awb-caption-title-size:var(--h2_typography-font-size);--awb-caption-title-transform:var(--h2_typography-text-transform);--awb-caption-title-line-height:var(--h2_typography-line-height);--awb-caption-title-letter-spacing:var(--h2_typography-letter-spacing);\"><span class=\"fusion-imageframe imageframe-none imageframe-1 hover-type-none\"><img decoding=\"async\" width=\"337\" height=\"506\" alt=\"Portrait of Dr. Carol North\" title=\"norte-imagem de alta resolu\u00e7\u00e3o\" src=\"https:\/\/curesz.org\/wp-content\/uploads\/2019\/07\/north-high-resolution-picture.jpg\" data-orig-src=\"https:\/\/curesz.org\/wp-content\/uploads\/2019\/07\/north-high-resolution-picture.jpg\" class=\"lazyload img-responsive wp-image-236\" srcset=\"data:image\/svg+xml,%3Csvg%20xmlns%3D%27http%3A%2F%2Fwww.w3.org%2F2000%2Fsvg%27%20width%3D%27337%27%20height%3D%27506%27%20viewBox%3D%270%200%20337%20506%27%3E%3Crect%20width%3D%27337%27%20height%3D%27506%27%20fill-opacity%3D%220%22%2F%3E%3C%2Fsvg%3E\" data-srcset=\"https:\/\/curesz.org\/wp-content\/uploads\/2019\/07\/north-high-resolution-picture-200x300.jpg 200w, https:\/\/curesz.org\/wp-content\/uploads\/2019\/07\/north-high-resolution-picture.jpg 337w\" data-sizes=\"auto\" data-orig-sizes=\"(max-width: 1024px) 100vw, (max-width: 640px) 100vw, 337px\" \/><\/span><\/div><div class=\"fusion-text fusion-text-1\"><p><strong>Carol North, MD, MPE<\/strong><\/p>\n<\/div><\/div><\/div><div class=\"fusion-layout-column fusion_builder_column fusion-builder-column-1 fusion_builder_column_3_4 3_4 fusion-flex-column\" style=\"--awb-bg-size:cover;--awb-width-large:75%;--awb-margin-top-large:0px;--awb-spacing-right-large:2.56%;--awb-margin-bottom-large:20px;--awb-spacing-left-large:3.84%;--awb-width-medium:100%;--awb-spacing-right-medium:1.92%;--awb-spacing-left-medium:1.92%;--awb-width-small:100%;--awb-spacing-right-small:1.92%;--awb-spacing-left-small:1.92%;\"><div class=\"fusion-column-wrapper fusion-column-has-shadow fusion-flex-justify-content-flex-start fusion-content-layout-column\"><div class=\"fusion-text fusion-text-2\"><p style=\"text-align: center;\"><strong>Carol North, MD, MPE<\/strong><br \/>\n<strong>Professor, Universidade do Texas, Southwestern Medical Center<\/strong><\/p>\n<p>A Dra. Carol North atua como Diretora M\u00e9dica do Altshuler Center for Education &amp; Research no Metrocare Services em Dallas, Texas. Ela ocupa a cadeira Nancy e Ray L. Hunt em psiquiatria de crise e \u00e9 professora do Departamento de Psiquiatria do Southwestern Medical Center da Universidade do Texas em Dallas, Texas. O Dr. North concluiu a faculdade de medicina e o treinamento de resid\u00eancia em psiquiatria na Washington University School of Medicine em St. Louis, Missouri, seguido por uma bolsa NIMH e um mestrado, ambos em epidemiologia psiqui\u00e1trica, na mesma institui\u00e7\u00e3o. Ela serviu 18 anos no corpo docente da Universidade de Washington, avan\u00e7ando para Professora de Psiquiatria antes de se mudar para Dallas em 2005 para ingressar no corpo docente em tempo integral do Southwestern Medical Center da Universidade do Texas.<\/p>\n<p>Por mais de um quarto de s\u00e9culo, a Dra. North conduziu continuamente pesquisas financiadas pelo governo federal sobre desastres de sa\u00fade mental, aspectos psiqui\u00e1tricos de doen\u00e7as m\u00e9dicas e problemas psicossociais de popula\u00e7\u00f5es sem-teto e, durante esse per\u00edodo, desenvolveu programas de educa\u00e7\u00e3o especializada para profissionais, pacientes, e fam\u00edlias, prestou assist\u00eancia direta ao paciente e administrou programas de tratamento para sem-teto e pacientes com doen\u00e7as psiqui\u00e1tricas graves. O Dr. North tem sido um l\u00edder internacional na forma\u00e7\u00e3o da ci\u00eancia da sa\u00fade mental de desastres. Ela e sua equipe de pesquisa estudaram 3.500 sobreviventes de mais de uma d\u00fazia de grandes desastres que incluem os atentados em Oklahoma City e a Embaixada dos EUA em Nair\u00f3bi, Qu\u00eania, os ataques de antraz no Capit\u00f3lio, os ataques terroristas de 11 de setembro (11 de setembro) no mundo Trade Center na cidade de Nova York e o furac\u00e3o Katrina. A Dra. North forneceu experi\u00eancia e lideran\u00e7a em opera\u00e7\u00f5es de resposta a grandes desastres e desenvolveu um programa de treinamento em sa\u00fade mental para desastres (<em>P-FLASH<\/em>: Practical Front Line Assistance and Support for Healing), originalmente encomendado pelo September 11 Fund, treinou dezenas de milhares de profissionais de sa\u00fade mental e outros profissionais m\u00e9dicos e de emerg\u00eancia em prepara\u00e7\u00e3o e resposta a desastres em todo o pa\u00eds.<\/p>\n<p>O Dr. North \u00e9 autor de mais de 240 artigos cient\u00edficos revisados por pares e tr\u00eas livros, atuou em conselhos editoriais cient\u00edficos e presidiu e atuou em comit\u00eas para revis\u00e3o de subs\u00eddios federais e para o desenvolvimento de pol\u00edticas de terrorismo para o Institute of Medicine. Ela testemunhou no Senado dos Estados Unidos, aconselhou o Departamento de Estado, o Carter Center e a Casa Branca sobre problemas de sa\u00fade mental; informou o FDA sobre estresse p\u00f3s-traum\u00e1tico; prestou consultoria ao Departamento de Sa\u00fade da cidade de Nova York sobre a resposta \u00e0 sa\u00fade mental p\u00f3s-11 de setembro; e atuou no Comit\u00ea Consultivo Cient\u00edfico\/T\u00e9cnico do Programa de Sa\u00fade do World Trade Center dos Centros de Controle e Preven\u00e7\u00e3o de Doen\u00e7as (CDC) 11 de setembro e no Conselho de Conselheiros Cient\u00edficos do CDC do Escrit\u00f3rio de Prepara\u00e7\u00e3o e Resposta \u00e0 Sa\u00fade P\u00fablica.<\/p>\n<\/div><div class=\"fusion-builder-row fusion-builder-row-inner fusion-row fusion-flex-align-items-flex-start fusion-flex-content-wrap\" style=\"--awb-flex-grow:0;--awb-flex-grow-medium:0;--awb-flex-grow-small:0;--awb-flex-shrink:0;--awb-flex-shrink-medium:0;--awb-flex-shrink-small:0;width:104% !important;max-width:104% !important;margin-left: calc(-4% \/ 2 );margin-right: calc(-4% \/ 2 );\"><div class=\"fusion-layout-column fusion_builder_column_inner fusion-builder-nested-column-0 fusion_builder_column_inner_1_2 1_2 fusion-flex-column\" style=\"--awb-bg-size:cover;--awb-width-large:50%;--awb-margin-top-large:0px;--awb-spacing-right-large:3.84%;--awb-margin-bottom-large:20px;--awb-spacing-left-large:3.84%;--awb-width-medium:100%;--awb-spacing-right-medium:1.92%;--awb-spacing-left-medium:1.92%;--awb-width-small:100%;--awb-spacing-right-small:1.92%;--awb-spacing-left-small:1.92%;\"><div class=\"fusion-column-wrapper fusion-column-has-shadow fusion-flex-justify-content-center fusion-content-layout-column\"><div class=\"fusion-image-element\" style=\"text-align:center;--awb-caption-title-font-family:var(--h2_typography-font-family);--awb-caption-title-font-weight:var(--h2_typography-font-weight);--awb-caption-title-font-style:var(--h2_typography-font-style);--awb-caption-title-size:var(--h2_typography-font-size);--awb-caption-title-transform:var(--h2_typography-text-transform);--awb-caption-title-line-height:var(--h2_typography-line-height);--awb-caption-title-letter-spacing:var(--h2_typography-letter-spacing);\"><span class=\"fusion-imageframe imageframe-none imageframe-2 hover-type-none\"><a class=\"fusion-no-lightbox\" href=\"https:\/\/www.amazon.com\/Welcome-Silence-Carol-North\/dp\/0788099272\/ref=sr_1_1?gclid=EAIaIQobChMItLi0oO_L4wIViP_jBx3O4gq2EAAYAiAAEgJYifD_BwE&amp;hvadid=241936354940&amp;hvdev=c&amp;hvlocphy=9026934&amp;hvnetw=g&amp;hvpos=1t2&amp;hvqmt=b&amp;hvrand=16642111852051150016&amp;hvtargid=kwd-133174162&amp;hydadcr=24660_10400765&amp;keywords=welcome+silence&amp;qid=1564173101&amp;s=gateway&amp;sr=8-1\" target=\"_blank\" aria-label=\"Bem-vindo, SIL\u00caNCIO\" rel=\"noopener noreferrer\"><img decoding=\"async\" width=\"324\" height=\"499\" src=\"https:\/\/curesz.org\/wp-content\/uploads\/2019\/07\/Welcome-SILENCE.jpg\" data-orig-src=\"https:\/\/curesz.org\/wp-content\/uploads\/2019\/07\/Welcome-SILENCE.jpg\" alt class=\"lazyload img-responsive wp-image-649\" srcset=\"data:image\/svg+xml,%3Csvg%20xmlns%3D%27http%3A%2F%2Fwww.w3.org%2F2000%2Fsvg%27%20width%3D%27324%27%20height%3D%27499%27%20viewBox%3D%270%200%20324%20499%27%3E%3Crect%20width%3D%27324%27%20height%3D%27499%27%20fill-opacity%3D%220%22%2F%3E%3C%2Fsvg%3E\" data-srcset=\"https:\/\/curesz.org\/wp-content\/uploads\/2019\/07\/Welcome-SILENCE-200x308.jpg 200w, https:\/\/curesz.org\/wp-content\/uploads\/2019\/07\/Welcome-SILENCE.jpg 324w\" data-sizes=\"auto\" data-orig-sizes=\"(max-width: 1024px) 100vw, (max-width: 640px) 100vw, 324px\" \/><\/a><\/span><\/div><div class=\"fusion-separator fusion-full-width-sep\" style=\"align-self: center;margin-left: auto;margin-right: auto;margin-top:20px;width:100%;\"><\/div><div class=\"fusion-text fusion-text-3\"><p>A Dra. North compartilha sua recupera\u00e7\u00e3o completa da esquizofrenia em suas mem\u00f3rias, <a href=\"https:\/\/www.amazon.com\/Welcome-Silence-Carol-North\/dp\/0788099272\/ref=sr_1_1?gclid=EAIaIQobChMItLi0oO_L4wIViP_jBx3O4gq2EAAYAiAAEgJYifD_BwE&amp;hvadid=241936354940&amp;hvdev=c&amp;hvlocphy=9026934&amp;hvnetw=g&amp;hvpos=1t2&amp;hvqmt=b&amp;hvrand=16642111852051150016&amp;hvtargid=kwd-133174162&amp;hydadcr=24660_10400765&amp;keywords=welcome+silence&amp;qid=1564173101&amp;s=gateway&amp;sr=8-1\">sil\u00eancio de boas-vindas<\/a>.<\/p>\n<\/div><\/div><\/div><div class=\"fusion-layout-column fusion_builder_column_inner fusion-builder-nested-column-1 fusion_builder_column_inner_1_2 1_2 fusion-flex-column\" style=\"--awb-bg-size:cover;--awb-width-large:50%;--awb-margin-top-large:0px;--awb-spacing-right-large:3.84%;--awb-margin-bottom-large:20px;--awb-spacing-left-large:3.84%;--awb-width-medium:100%;--awb-spacing-right-medium:1.92%;--awb-spacing-left-medium:1.92%;--awb-width-small:100%;--awb-spacing-right-small:1.92%;--awb-spacing-left-small:1.92%;\"><div class=\"fusion-column-wrapper fusion-column-has-shadow fusion-flex-justify-content-center fusion-content-layout-column\"><div class=\"fusion-image-element\" style=\"text-align:center;--awb-caption-title-font-family:var(--h2_typography-font-family);--awb-caption-title-font-weight:var(--h2_typography-font-weight);--awb-caption-title-font-style:var(--h2_typography-font-style);--awb-caption-title-size:var(--h2_typography-font-size);--awb-caption-title-transform:var(--h2_typography-text-transform);--awb-caption-title-line-height:var(--h2_typography-line-height);--awb-caption-title-letter-spacing:var(--h2_typography-letter-spacing);\"><span class=\"fusion-imageframe imageframe-none imageframe-3 hover-type-none\"><a class=\"fusion-no-lightbox\" href=\"https:\/\/www.amazon.com\/Goodwin-Guzes-Psychiatric-Diagnosis-7th\/dp\/0190215461\" target=\"_blank\" aria-label=\"goodwins\" rel=\"noopener noreferrer\"><img decoding=\"async\" width=\"353\" height=\"499\" src=\"https:\/\/curesz.org\/wp-content\/uploads\/2019\/07\/goodwins.jpg\" data-orig-src=\"https:\/\/curesz.org\/wp-content\/uploads\/2019\/07\/goodwins.jpg\" alt class=\"lazyload img-responsive wp-image-650\" srcset=\"data:image\/svg+xml,%3Csvg%20xmlns%3D%27http%3A%2F%2Fwww.w3.org%2F2000%2Fsvg%27%20width%3D%27353%27%20height%3D%27499%27%20viewBox%3D%270%200%20353%20499%27%3E%3Crect%20width%3D%27353%27%20height%3D%27499%27%20fill-opacity%3D%220%22%2F%3E%3C%2Fsvg%3E\" data-srcset=\"https:\/\/curesz.org\/wp-content\/uploads\/2019\/07\/goodwins-200x283.jpg 200w, https:\/\/curesz.org\/wp-content\/uploads\/2019\/07\/goodwins.jpg 353w\" data-sizes=\"auto\" data-orig-sizes=\"(max-width: 1024px) 100vw, (max-width: 640px) 100vw, 353px\" \/><\/a><\/span><\/div><div class=\"fusion-separator fusion-full-width-sep\" style=\"align-self: center;margin-left: auto;margin-right: auto;margin-top:20px;width:100%;\"><\/div><div class=\"fusion-text fusion-text-4\"><p>Dr. Norte publicou\u00a0<a href=\"https:\/\/www.amazon.com\/Goodwin-Guzes-Psychiatric-Diagnosis-7th\/dp\/0190215461\">Diagn\u00f3stico Psiqui\u00e1trico de Goodwin e Guze, 7<sup>\u00ba<\/sup>ed<\/a>\u00a0com Sean Yutzy em 2019.<\/p>\n<\/div><\/div><\/div><\/div><\/div><\/div><\/div><\/div><div class=\"fusion-fullwidth fullwidth-box fusion-builder-row-2 fusion-flex-container hundred-percent-fullwidth non-hundred-percent-height-scrolling\" style=\"--awb-border-radius-top-left:0px;--awb-border-radius-top-right:0px;--awb-border-radius-bottom-right:0px;--awb-border-radius-bottom-left:0px;--awb-padding-top:0px;--awb-padding-right:0px;--awb-padding-bottom:0px;--awb-padding-left:0px;--awb-margin-top:0px;--awb-margin-bottom:0px;--awb-background-color:#015da7;--awb-flex-wrap:wrap;\" ><div class=\"fusion-builder-row fusion-row fusion-flex-align-items-flex-start fusion-flex-content-wrap\" style=\"width:104% !important;max-width:104% !important;margin-left: calc(-4% \/ 2 );margin-right: calc(-4% \/ 2 );\"><\/div><\/div>\n<\/p>","protected":false},"excerpt":{"rendered":"","protected":false},"author":2,"featured_media":0,"parent":54,"menu_order":0,"comment_status":"closed","ping_status":"closed","template":"100-width.php","meta":{"_acf_changed":false,"footnotes":""},"class_list":["post-235","page","type-page","status-publish","hentry"],"acf":[],"yoast_head":"<!-- This site is optimized with the Yoast SEO plugin v27.4 - https:\/\/yoast.com\/product\/yoast-seo-wordpress\/ -->\n<title>Carol North, MD, MPE - CURESZ Foundation<\/title>\n<meta name=\"robots\" content=\"index, follow, max-snippet:-1, max-image-preview:large, max-video-preview:-1\" \/>\n<link rel=\"canonical\" href=\"https:\/\/curesz.org\/pt_pt\/about\/board\/carol-north\/\" \/>\n<meta property=\"og:locale\" content=\"pt_PT\" \/>\n<meta property=\"og:type\" content=\"article\" \/>\n<meta property=\"og:title\" content=\"Carol North, MD, MPE - CURESZ Foundation\" \/>\n<meta property=\"og:url\" content=\"https:\/\/curesz.org\/pt_pt\/about\/board\/carol-north\/\" \/>\n<meta property=\"og:site_name\" content=\"CURESZ Foundation\" \/>\n<meta property=\"article:publisher\" content=\"https:\/\/www.facebook.com\/Cureszorg\/\" \/>\n<meta property=\"article:modified_time\" content=\"2019-07-29T14:51:24+00:00\" \/>\n<meta name=\"twitter:card\" content=\"summary_large_image\" \/>\n<meta name=\"twitter:site\" content=\"@cureszorg\" \/>\n<meta name=\"twitter:label1\" content=\"Tempo estimado de leitura\" \/>\n\t<meta name=\"twitter:data1\" content=\"7 minutos\" \/>\n<script type=\"application\/ld+json\" class=\"yoast-schema-graph\">{\"@context\":\"https:\\\/\\\/schema.org\",\"@graph\":[{\"@type\":\"WebPage\",\"@id\":\"https:\\\/\\\/curesz.org\\\/about\\\/board\\\/carol-north\\\/\",\"url\":\"https:\\\/\\\/curesz.org\\\/about\\\/board\\\/carol-north\\\/\",\"name\":\"Carol North, MD, MPE - CURESZ Foundation\",\"isPartOf\":{\"@id\":\"https:\\\/\\\/curesz.org\\\/#website\"},\"datePublished\":\"2019-07-08T20:34:42+00:00\",\"dateModified\":\"2019-07-29T14:51:24+00:00\",\"breadcrumb\":{\"@id\":\"https:\\\/\\\/curesz.org\\\/about\\\/board\\\/carol-north\\\/#breadcrumb\"},\"inLanguage\":\"pt-PT\",\"potentialAction\":[{\"@type\":\"ReadAction\",\"target\":[\"https:\\\/\\\/curesz.org\\\/about\\\/board\\\/carol-north\\\/\"]}]},{\"@type\":\"BreadcrumbList\",\"@id\":\"https:\\\/\\\/curesz.org\\\/about\\\/board\\\/carol-north\\\/#breadcrumb\",\"itemListElement\":[{\"@type\":\"ListItem\",\"position\":1,\"name\":\"Home\",\"item\":\"https:\\\/\\\/curesz.org\\\/\"},{\"@type\":\"ListItem\",\"position\":2,\"name\":\"About\",\"item\":\"https:\\\/\\\/curesz.org\\\/about\\\/\"},{\"@type\":\"ListItem\",\"position\":3,\"name\":\"Board\",\"item\":\"https:\\\/\\\/curesz.org\\\/about\\\/board\\\/\"},{\"@type\":\"ListItem\",\"position\":4,\"name\":\"Carol North, MD, MPE\"}]},{\"@type\":\"WebSite\",\"@id\":\"https:\\\/\\\/curesz.org\\\/#website\",\"url\":\"https:\\\/\\\/curesz.org\\\/\",\"name\":\"CURESZ Foundation\",\"description\":\"The CURESZ Foundation provides educational updates to patients, families, healthcare professionals and the general public about schizophrenia.\",\"publisher\":{\"@id\":\"https:\\\/\\\/curesz.org\\\/#organization\"},\"potentialAction\":[{\"@type\":\"SearchAction\",\"target\":{\"@type\":\"EntryPoint\",\"urlTemplate\":\"https:\\\/\\\/curesz.org\\\/?s={search_term_string}\"},\"query-input\":{\"@type\":\"PropertyValueSpecification\",\"valueRequired\":true,\"valueName\":\"search_term_string\"}}],\"inLanguage\":\"pt-PT\"},{\"@type\":\"Organization\",\"@id\":\"https:\\\/\\\/curesz.org\\\/#organization\",\"name\":\"Curesz Foundation\",\"url\":\"https:\\\/\\\/curesz.org\\\/\",\"logo\":{\"@type\":\"ImageObject\",\"inLanguage\":\"pt-PT\",\"@id\":\"https:\\\/\\\/curesz.org\\\/#\\\/schema\\\/logo\\\/image\\\/\",\"url\":\"https:\\\/\\\/curesz.org\\\/wp-content\\\/uploads\\\/2020\\\/02\\\/cropped-Logo-with-Foundation-Custom.png\",\"contentUrl\":\"https:\\\/\\\/curesz.org\\\/wp-content\\\/uploads\\\/2020\\\/02\\\/cropped-Logo-with-Foundation-Custom.png\",\"width\":200,\"height\":133,\"caption\":\"Curesz Foundation\"},\"image\":{\"@id\":\"https:\\\/\\\/curesz.org\\\/#\\\/schema\\\/logo\\\/image\\\/\"},\"sameAs\":[\"https:\\\/\\\/www.facebook.com\\\/Cureszorg\\\/\",\"https:\\\/\\\/x.com\\\/cureszorg\",\"https:\\\/\\\/www.instagram.com\\\/cureszfoundation\\\/\",\"https:\\\/\\\/www.youtube.com\\\/channel\\\/UCT3uVzTt8jiJ2qdhuosHPvg\"]}]}<\/script>\n<!-- \/ Yoast SEO plugin. -->","yoast_head_json":{"title":"Carol North, MD, MPE - CURESZ Foundation","robots":{"index":"index","follow":"follow","max-snippet":"max-snippet:-1","max-image-preview":"max-image-preview:large","max-video-preview":"max-video-preview:-1"},"canonical":"https:\/\/curesz.org\/pt_pt\/about\/board\/carol-north\/","og_locale":"pt_PT","og_type":"article","og_title":"Carol North, MD, MPE - CURESZ Foundation","og_url":"https:\/\/curesz.org\/pt_pt\/about\/board\/carol-north\/","og_site_name":"CURESZ Foundation","article_publisher":"https:\/\/www.facebook.com\/Cureszorg\/","article_modified_time":"2019-07-29T14:51:24+00:00","twitter_card":"summary_large_image","twitter_site":"@cureszorg","twitter_misc":{"Tempo estimado de leitura":"7 minutos"},"schema":{"@context":"https:\/\/schema.org","@graph":[{"@type":"WebPage","@id":"https:\/\/curesz.org\/about\/board\/carol-north\/","url":"https:\/\/curesz.org\/about\/board\/carol-north\/","name":"Carol North, MD, MPE - CURESZ Foundation","isPartOf":{"@id":"https:\/\/curesz.org\/#website"},"datePublished":"2019-07-08T20:34:42+00:00","dateModified":"2019-07-29T14:51:24+00:00","breadcrumb":{"@id":"https:\/\/curesz.org\/about\/board\/carol-north\/#breadcrumb"},"inLanguage":"pt-PT","potentialAction":[{"@type":"ReadAction","target":["https:\/\/curesz.org\/about\/board\/carol-north\/"]}]},{"@type":"BreadcrumbList","@id":"https:\/\/curesz.org\/about\/board\/carol-north\/#breadcrumb","itemListElement":[{"@type":"ListItem","position":1,"name":"Home","item":"https:\/\/curesz.org\/"},{"@type":"ListItem","position":2,"name":"About","item":"https:\/\/curesz.org\/about\/"},{"@type":"ListItem","position":3,"name":"Board","item":"https:\/\/curesz.org\/about\/board\/"},{"@type":"ListItem","position":4,"name":"Carol North, MD, MPE"}]},{"@type":"WebSite","@id":"https:\/\/curesz.org\/#website","url":"https:\/\/curesz.org\/","name":"Funda\u00e7\u00e3o CURESZ","description":"A Funda\u00e7\u00e3o CURESZ fornece atualiza\u00e7\u00f5es educacionais para pacientes, familiares, profissionais de sa\u00fade e p\u00fablico em geral sobre esquizofrenia.","publisher":{"@id":"https:\/\/curesz.org\/#organization"},"potentialAction":[{"@type":"SearchAction","target":{"@type":"EntryPoint","urlTemplate":"https:\/\/curesz.org\/?s={search_term_string}"},"query-input":{"@type":"PropertyValueSpecification","valueRequired":true,"valueName":"search_term_string"}}],"inLanguage":"pt-PT"},{"@type":"Organization","@id":"https:\/\/curesz.org\/#organization","name":"Curesz Foundation","url":"https:\/\/curesz.org\/","logo":{"@type":"ImageObject","inLanguage":"pt-PT","@id":"https:\/\/curesz.org\/#\/schema\/logo\/image\/","url":"https:\/\/curesz.org\/wp-content\/uploads\/2020\/02\/cropped-Logo-with-Foundation-Custom.png","contentUrl":"https:\/\/curesz.org\/wp-content\/uploads\/2020\/02\/cropped-Logo-with-Foundation-Custom.png","width":200,"height":133,"caption":"Curesz Foundation"},"image":{"@id":"https:\/\/curesz.org\/#\/schema\/logo\/image\/"},"sameAs":["https:\/\/www.facebook.com\/Cureszorg\/","https:\/\/x.com\/cureszorg","https:\/\/www.instagram.com\/cureszfoundation\/","https:\/\/www.youtube.com\/channel\/UCT3uVzTt8jiJ2qdhuosHPvg"]}]}},"_links":{"self":[{"href":"https:\/\/curesz.org\/pt_pt\/wp-json\/wp\/v2\/pages\/235","targetHints":{"allow":["GET"]}}],"collection":[{"href":"https:\/\/curesz.org\/pt_pt\/wp-json\/wp\/v2\/pages"}],"about":[{"href":"https:\/\/curesz.org\/pt_pt\/wp-json\/wp\/v2\/types\/page"}],"author":[{"embeddable":true,"href":"https:\/\/curesz.org\/pt_pt\/wp-json\/wp\/v2\/users\/2"}],"replies":[{"embeddable":true,"href":"https:\/\/curesz.org\/pt_pt\/wp-json\/wp\/v2\/comments?post=235"}],"version-history":[{"count":6,"href":"https:\/\/curesz.org\/pt_pt\/wp-json\/wp\/v2\/pages\/235\/revisions"}],"predecessor-version":[{"id":652,"href":"https:\/\/curesz.org\/pt_pt\/wp-json\/wp\/v2\/pages\/235\/revisions\/652"}],"up":[{"embeddable":true,"href":"https:\/\/curesz.org\/pt_pt\/wp-json\/wp\/v2\/pages\/54"}],"wp:attachment":[{"href":"https:\/\/curesz.org\/pt_pt\/wp-json\/wp\/v2\/media?parent=235"}],"curies":[{"name":"wp","href":"https:\/\/api.w.org\/{rel}","templated":true}]}}