{"id":2542,"date":"2019-08-31T13:06:06","date_gmt":"2019-08-31T13:06:06","guid":{"rendered":"https:\/\/curesz.org\/?page_id=2542"},"modified":"2025-04-17T13:37:33","modified_gmt":"2025-04-17T17:37:33","slug":"help","status":"publish","type":"page","link":"https:\/\/curesz.org\/pt_pt\/help\/","title":{"rendered":"Como fa\u00e7o para usar este site?"},"content":{"rendered":"<p><div class=\"fusion-fullwidth fullwidth-box fusion-builder-row-1 fusion-flex-container nonhundred-percent-fullwidth non-hundred-percent-height-scrolling\" style=\"--awb-border-radius-top-left:0px;--awb-border-radius-top-right:0px;--awb-border-radius-bottom-right:0px;--awb-border-radius-bottom-left:0px;--awb-flex-wrap:wrap;\" ><div class=\"fusion-builder-row fusion-row fusion-flex-align-items-flex-start fusion-flex-justify-content-center fusion-flex-content-wrap\" style=\"max-width:1352px;margin-left: calc(-4% \/ 2 );margin-right: calc(-4% \/ 2 );\"><div class=\"fusion-layout-column fusion_builder_column fusion-builder-column-0 fusion_builder_column_1_4 1_4 fusion-flex-column fusion-flex-align-self-center\" style=\"--awb-bg-color:var(--awb-custom10);--awb-bg-color-hover:var(--awb-custom10);--awb-bg-size:cover;--awb-width-large:25%;--awb-margin-top-large:0px;--awb-spacing-right-large:7.68%;--awb-margin-bottom-large:20px;--awb-spacing-left-large:7.68%;--awb-width-medium:100%;--awb-order-medium:0;--awb-spacing-right-medium:1.92%;--awb-spacing-left-medium:1.92%;--awb-width-small:100%;--awb-order-small:0;--awb-spacing-right-small:1.92%;--awb-spacing-left-small:1.92%;\"><div class=\"fusion-column-wrapper fusion-column-has-shadow fusion-flex-justify-content-center fusion-content-layout-column\"><div class=\"fusion-title title fusion-title-1 fusion-sep-none fusion-title-center fusion-title-text fusion-title-size-two\" style=\"--awb-text-color:var(--awb-color1);--awb-margin-top:15px;--awb-margin-bottom:15px;--awb-margin-top-small:0px;--awb-margin-right-small:0px;--awb-margin-bottom-small:20px;--awb-margin-left-small:0px;--awb-font-size:22px;\"><h2 class=\"fusion-title-heading title-heading-center fusion-responsive-typography-calculated\" style=\"margin:0;text-transform:uppercase;font-size:1em;--fontSize:22;--minFontSize:22;line-height:1.1;\"><span style=\"color: #ffffff;\"><a style=\"color: #ffffff;\" href=\"#patients\">Pacientes<\/a><\/span><\/h2><\/div><\/div><\/div><div class=\"fusion-layout-column fusion_builder_column fusion-builder-column-1 fusion_builder_column_1_4 1_4 fusion-flex-column fusion-flex-align-self-center\" style=\"--awb-bg-color:var(--awb-custom10);--awb-bg-color-hover:var(--awb-custom10);--awb-bg-size:cover;--awb-width-large:25%;--awb-margin-top-large:0px;--awb-spacing-right-large:7.68%;--awb-margin-bottom-large:20px;--awb-spacing-left-large:7.68%;--awb-width-medium:100%;--awb-order-medium:0;--awb-spacing-right-medium:1.92%;--awb-spacing-left-medium:1.92%;--awb-width-small:100%;--awb-order-small:0;--awb-spacing-right-small:1.92%;--awb-spacing-left-small:1.92%;\"><div class=\"fusion-column-wrapper fusion-column-has-shadow fusion-flex-justify-content-center fusion-content-layout-column\"><div class=\"fusion-title title fusion-title-2 fusion-sep-none fusion-title-center fusion-title-text fusion-title-size-two\" style=\"--awb-text-color:var(--awb-color1);--awb-margin-top:15px;--awb-margin-bottom:15px;--awb-margin-top-small:0px;--awb-margin-right-small:0px;--awb-margin-bottom-small:20px;--awb-margin-left-small:0px;--awb-font-size:22px;\"><h2 class=\"fusion-title-heading title-heading-center fusion-responsive-typography-calculated\" style=\"margin:0;text-transform:uppercase;font-size:1em;--fontSize:22;--minFontSize:22;line-height:1.1;\"><span style=\"color: #ffffff;\"><a style=\"color: #ffffff;\" href=\"#clinicians\">m\u00e9dicos<\/a><\/span><\/h2><\/div><\/div><\/div><div class=\"fusion-layout-column fusion_builder_column fusion-builder-column-2 fusion_builder_column_2_5 2_5 fusion-flex-column fusion-flex-align-self-center\" style=\"--awb-bg-color:var(--awb-custom10);--awb-bg-color-hover:var(--awb-custom10);--awb-bg-size:cover;--awb-width-large:40%;--awb-margin-top-large:0px;--awb-spacing-right-large:4.8%;--awb-margin-bottom-large:20px;--awb-spacing-left-large:4.8%;--awb-width-medium:100%;--awb-order-medium:0;--awb-spacing-right-medium:1.92%;--awb-spacing-left-medium:1.92%;--awb-width-small:100%;--awb-order-small:0;--awb-spacing-right-small:1.92%;--awb-spacing-left-small:1.92%;\"><div class=\"fusion-column-wrapper fusion-column-has-shadow fusion-flex-justify-content-center fusion-content-layout-column\"><div class=\"fusion-title title fusion-title-3 fusion-sep-none fusion-title-center fusion-title-text fusion-title-size-two\" style=\"--awb-text-color:var(--awb-color1);--awb-margin-top:15px;--awb-margin-bottom:15px;--awb-margin-top-small:0px;--awb-margin-right-small:0px;--awb-margin-bottom-small:20px;--awb-margin-left-small:0px;--awb-font-size:22px;\"><h2 class=\"fusion-title-heading title-heading-center fusion-responsive-typography-calculated\" style=\"margin:0;text-transform:uppercase;font-size:1em;--fontSize:22;--minFontSize:22;line-height:1.1;\"><a class=\"awb-custom-text-color awb-custom-text-hover-color\" target=\"_self\"><span style=\"color: #ffffff;\"><a style=\"color: #ffffff;\" href=\"#interested\">Apenas interessado em SZ<\/a><\/span><\/a><\/h2><\/div><\/div><\/div><div class=\"fusion-layout-column fusion_builder_column fusion-builder-column-3 fusion_builder_column_1_1 1_1 fusion-flex-column\" style=\"--awb-bg-blend:overlay;--awb-bg-size:cover;--awb-width-large:100%;--awb-margin-top-large:0px;--awb-spacing-right-large:1.92%;--awb-margin-bottom-large:20px;--awb-spacing-left-large:1.92%;--awb-width-medium:100%;--awb-spacing-right-medium:1.92%;--awb-spacing-left-medium:1.92%;--awb-width-small:100%;--awb-spacing-right-small:1.92%;--awb-spacing-left-small:1.92%;\"><div class=\"fusion-column-wrapper fusion-column-has-shadow fusion-flex-justify-content-flex-start fusion-content-layout-column\"><div class=\"fusion-menu-anchor\" id=\"patients\"><\/div><div class=\"fusion-text fusion-text-1\"><h2><strong>I\u2019m a patient, family member, or part of a treatment team.<\/strong><\/h2>\n<\/div><div class=\"fusion-text fusion-text-2\"><p>Recomendamos que voc\u00ea visite <a href=\"https:\/\/curesz.org\/pt_pt\/treatment-checklist\/\">Quest\u00f5es de tratamento para discutir com seu m\u00e9dico<\/a> primeiro.<\/p>\n<p>O site CURESZ \u00e9 projetado para educ\u00e1-lo sobre esquizofrenia e sobre tratamentos de esquizofrenia. Alguns dos tratamentos que destacamos e dos quais voc\u00ea talvez nunca tenha ouvido falar podem lev\u00e1-lo a um n\u00edvel mais alto de recupera\u00e7\u00e3o e proporcionar uma melhor qualidade de vida. Queremos que voc\u00ea saiba o que discutir com seu m\u00e9dico. Tamb\u00e9m fornecemos recomenda\u00e7\u00f5es para m\u00e9dicos que voc\u00ea pode consultar perto de onde mora para obter uma segunda opini\u00e3o.<\/p>\n<p>Hoje, os pacientes diagnosticados com esquizofrenia podem permanecer totalmente incapacitados por meses ou mesmo anos, enquanto os m\u00e9dicos n\u00e3o fazem nenhum esfor\u00e7o para oferecer-lhes testes com outros medicamentos, incluindo a clozapina, que podem lev\u00e1-los \u00e0 recupera\u00e7\u00e3o total. Outros podem ter reca\u00eddas repetidas vezes, o que pode ser evitado com injet\u00e1veis de a\u00e7\u00e3o prolongada.<\/p>\n<p>Os medicamentos destacados neste site incluem clozapina gen\u00e9rica para resist\u00eancia ao tratamento, injet\u00e1veis de a\u00e7\u00e3o prolongada para evitar reca\u00eddas e medicamentos para discinesia tardia, um efeito colateral dos antipsic\u00f3ticos que \u00e9 trat\u00e1vel atualmente.<\/p>\n<p>O conselho da Funda\u00e7\u00e3o CURESZ inclui oito psiquiatras, dois advogados e tr\u00eas indiv\u00edduos profundamente interessados em sa\u00fade mental. Oferecemos o mais alto n\u00edvel de experi\u00eancia cl\u00ednica para pessoas comuns e suas fam\u00edlias, bem como para m\u00e9dicos.<\/p>\n<p>Depois de come\u00e7ar com <a href=\"https:\/\/curesz.org\/pt_pt\/treatment-checklist\/\">\u201cQuest\u00f5es de tratamento para discutir com seu m\u00e9dico\u201d<\/a> recomendamos que voc\u00ea passe para <a href=\"https:\/\/curesz.org\/pt_pt\/what-is-schizophrenia\/\">\u201cO que \u00e9 Esquizofrenia\u201d<\/a> em &quot;Recursos&quot;.<\/p>\n<p>Observe tamb\u00e9m que montamos um <a href=\"https:\/\/curesz.org\/pt_pt\/clozapine-expert-panel\/\">Painel de especialistas de m\u00e9dicos que prescrevem o medicamento clozapina<\/a> e um <a href=\"https:\/\/curesz.org\/pt_pt\/tardive-dyskinesia-expert-panel\/\">Painel de especialistas de m\u00e9dicos que prescrevem medicamentos para discinesia tardia<\/a>. Voc\u00ea pode acessar nossos mapas do Painel de Especialistas para encontrar um m\u00e9dico que more perto de voc\u00ea e que prescreva esses medicamentos.<\/p>\n<p><a name=\"clinicians\"><\/a><\/p>\n<h2 class=\"fusion-responsive-typography-calculated\" style=\"--fontsize: 38; line-height: 1.4;\" data-fontsize=\"38\" data-lineheight=\"53.2px\">eu sou um clinico<\/h2>\n<p>Recomendamos que voc\u00ea visite nosso <a href=\"https:\/\/curesz.org\/pt_pt\/clozapine-expert-panel\/\">Painel de Especialistas em Clozapina<\/a> p\u00e1gina primeiro.<\/p>\n<p>A Funda\u00e7\u00e3o CURESZ oferece v\u00e1rios v\u00eddeos de interesse para indiv\u00edduos com esquizofrenia e suas fam\u00edlias, e tamb\u00e9m para m\u00e9dicos. Estes incluem o nosso <a href=\"https:\/\/curesz.org\/pt_pt\/clozapine-video-series\/\">S\u00e9rie de v\u00eddeos de clozapina em tr\u00eas partes<\/a> apresentando Bethany e psiquiatra Dr. Louis Cady do Cady Wellness Institute. A Parte Um aborda \u201cPor que n\u00e3o usar clozapina?\u201d Tamb\u00e9m oferecemos uma s\u00e9rie de quatro partes sobre discinesia tardia e tratamentos e uma s\u00e9rie de quatro partes sobre injet\u00e1veis de a\u00e7\u00e3o prolongada.<\/p>\n<p>Incentivamos voc\u00ea e seus pacientes a assistir a esses v\u00eddeos para que eles possam ter a educa\u00e7\u00e3o necess\u00e1ria para ser uma parte proativa de sua equipe de tratamento. Tamb\u00e9m encorajamos voc\u00ea a ver nossas hist\u00f3rias de sobreviventes, destacando indiv\u00edduos que est\u00e3o prosperando apesar da esquizofrenia, e compartilhar essas hist\u00f3rias com seus pacientes. Nossa s\u00e9rie de v\u00eddeos Research in Schizophrenia pode ajud\u00e1-lo a acompanhar os desenvolvimentos. Esperamos que nossos v\u00eddeos Jornada pela Esquizofrenia o ajudem a entender melhor o que seus pacientes est\u00e3o passando.<\/p>\n<p>Tamb\u00e9m encorajamos voc\u00ea a compartilhar nossos <a href=\"https:\/\/curesz.org\/pt_pt\/treatment-checklist\/\">Artigo sobre quest\u00f5es de tratamento para discutir com seu m\u00e9dico<\/a> com seus pacientes. A brochura gratuita pode ser encomendada online.<\/p>\n<p>Al\u00e9m disso, se voc\u00ea prescrever clozapina ou novos medicamentos para discinesia tardia (valbenazina e deutetrabenazina), recomendamos que voc\u00ea participe de nossos pain\u00e9is de especialistas.<\/p>\n<p><a name=\"interested\"><\/a><\/p>\n<h2 class=\"fusion-responsive-typography-calculated\" style=\"--fontsize: 38; line-height: 1.4;\" data-fontsize=\"38\" data-lineheight=\"53.2px\">Eu s\u00f3 estou interessado em aprender sobre esquizofrenia<\/h2>\n<p>Recomendamos que voc\u00ea visite <a href=\"https:\/\/curesz.org\/pt_pt\/what-is-schizophrenia\/\">O que \u00e9 esquizofrenia<\/a> primeiro.<\/p>\n<p>Esquizofrenia \u00e9 um <b><i>doen\u00e7a cerebral neurobiol\u00f3gica<\/i><\/b>. \u00c9 uma s\u00edndrome, que \u00e9 diagnosticada a partir de uma constela\u00e7\u00e3o de sintomas. Esperamos que voc\u00ea se beneficie de nossa p\u00e1gina \u201cO que \u00e9 esquizofrenia\u201d para ajud\u00e1-lo a entender a esquizofrenia e dissipar mitos comuns. Tamb\u00e9m esperamos que voc\u00ea veja que prosperar apesar da esquizofrenia \u00e9 poss\u00edvel hoje atrav\u00e9s dos olhos de nossos sobreviventes da esquizofrenia. Por fim, convidamos voc\u00ea a assistir nossa s\u00e9rie de v\u00eddeos \u201cPesquisa em Esquizofrenia\u201d para aprender mais sobre a esquizofrenia, e nossa s\u00e9rie de v\u00eddeos \u201cJourney through Schizophrenia\u201d para entender como \u00e9 ter esquizofrenia. H\u00e1 tamb\u00e9m v\u00e1rios outros v\u00eddeos dispon\u00edveis em nosso canal do YouTube.<\/p>\n<p>Tamb\u00e9m convidamos voc\u00ea a conhecer os medicamentos de ponta e subutilizados que este site destaca, que est\u00e3o ajudando pessoas com esquizofrenia a se recuperar e come\u00e7ar uma nova vida.<\/p>\n<p>Se voc\u00ea tiver mais perguntas sobre esquizofrenia ou a Funda\u00e7\u00e3o CURESZ, por favor <a href=\"https:\/\/curesz.org\/pt_pt\/contact-us\/\">Contate-Nos<\/a>.<\/p>\n<\/div><\/div><\/div><\/div><\/div><div class=\"fusion-fullwidth fullwidth-box fusion-builder-row-2 fusion-flex-container hundred-percent-fullwidth non-hundred-percent-height-scrolling\" style=\"--awb-border-radius-top-left:0px;--awb-border-radius-top-right:0px;--awb-border-radius-bottom-right:0px;--awb-border-radius-bottom-left:0px;--awb-padding-top:0px;--awb-padding-right:0px;--awb-padding-bottom:0px;--awb-padding-left:0px;--awb-margin-top:0px;--awb-margin-bottom:0px;--awb-background-color:#015da7;--awb-flex-wrap:wrap;\" ><div class=\"fusion-builder-row fusion-row fusion-flex-align-items-flex-start fusion-flex-content-wrap\" style=\"width:104% !important;max-width:104% !important;margin-left: calc(-4% \/ 2 );margin-right: calc(-4% \/ 2 );\"><\/div><\/div>\n<\/p>","protected":false},"excerpt":{"rendered":"","protected":false},"author":3,"featured_media":0,"parent":0,"menu_order":0,"comment_status":"closed","ping_status":"closed","template":"100-width.php","meta":{"_acf_changed":false,"footnotes":""},"class_list":["post-2542","page","type-page","status-publish","hentry"],"acf":[],"yoast_head":"<!-- This site is optimized with the Yoast SEO plugin v27.4 - https:\/\/yoast.com\/product\/yoast-seo-wordpress\/ -->\n<title>How Do I Use This Website? - CURESZ Foundation<\/title>\n<meta name=\"robots\" content=\"index, follow, max-snippet:-1, max-image-preview:large, max-video-preview:-1\" \/>\n<link rel=\"canonical\" href=\"https:\/\/curesz.org\/pt_pt\/help\/\" \/>\n<meta property=\"og:locale\" content=\"pt_PT\" \/>\n<meta property=\"og:type\" content=\"article\" \/>\n<meta property=\"og:title\" content=\"How Do I Use This Website? - CURESZ Foundation\" \/>\n<meta property=\"og:url\" content=\"https:\/\/curesz.org\/pt_pt\/help\/\" \/>\n<meta property=\"og:site_name\" content=\"CURESZ Foundation\" \/>\n<meta property=\"article:publisher\" content=\"https:\/\/www.facebook.com\/Cureszorg\/\" \/>\n<meta property=\"article:modified_time\" content=\"2025-04-17T17:37:33+00:00\" \/>\n<meta name=\"twitter:card\" content=\"summary_large_image\" \/>\n<meta name=\"twitter:site\" content=\"@cureszorg\" \/>\n<meta name=\"twitter:label1\" content=\"Tempo estimado de leitura\" \/>\n\t<meta name=\"twitter:data1\" content=\"3 minutos\" \/>\n<script type=\"application\/ld+json\" class=\"yoast-schema-graph\">{\"@context\":\"https:\\\/\\\/schema.org\",\"@graph\":[{\"@type\":\"WebPage\",\"@id\":\"https:\\\/\\\/curesz.org\\\/help\\\/\",\"url\":\"https:\\\/\\\/curesz.org\\\/help\\\/\",\"name\":\"How Do I Use This Website? - CURESZ Foundation\",\"isPartOf\":{\"@id\":\"https:\\\/\\\/curesz.org\\\/#website\"},\"datePublished\":\"2019-08-31T13:06:06+00:00\",\"dateModified\":\"2025-04-17T17:37:33+00:00\",\"breadcrumb\":{\"@id\":\"https:\\\/\\\/curesz.org\\\/help\\\/#breadcrumb\"},\"inLanguage\":\"pt-PT\",\"potentialAction\":[{\"@type\":\"ReadAction\",\"target\":[\"https:\\\/\\\/curesz.org\\\/help\\\/\"]}]},{\"@type\":\"BreadcrumbList\",\"@id\":\"https:\\\/\\\/curesz.org\\\/help\\\/#breadcrumb\",\"itemListElement\":[{\"@type\":\"ListItem\",\"position\":1,\"name\":\"Home\",\"item\":\"https:\\\/\\\/curesz.org\\\/\"},{\"@type\":\"ListItem\",\"position\":2,\"name\":\"How Do I Use This Website?\"}]},{\"@type\":\"WebSite\",\"@id\":\"https:\\\/\\\/curesz.org\\\/#website\",\"url\":\"https:\\\/\\\/curesz.org\\\/\",\"name\":\"CURESZ Foundation\",\"description\":\"The CURESZ Foundation provides educational updates to patients, families, healthcare professionals and the general public about schizophrenia.\",\"publisher\":{\"@id\":\"https:\\\/\\\/curesz.org\\\/#organization\"},\"potentialAction\":[{\"@type\":\"SearchAction\",\"target\":{\"@type\":\"EntryPoint\",\"urlTemplate\":\"https:\\\/\\\/curesz.org\\\/?s={search_term_string}\"},\"query-input\":{\"@type\":\"PropertyValueSpecification\",\"valueRequired\":true,\"valueName\":\"search_term_string\"}}],\"inLanguage\":\"pt-PT\"},{\"@type\":\"Organization\",\"@id\":\"https:\\\/\\\/curesz.org\\\/#organization\",\"name\":\"Curesz Foundation\",\"url\":\"https:\\\/\\\/curesz.org\\\/\",\"logo\":{\"@type\":\"ImageObject\",\"inLanguage\":\"pt-PT\",\"@id\":\"https:\\\/\\\/curesz.org\\\/#\\\/schema\\\/logo\\\/image\\\/\",\"url\":\"https:\\\/\\\/curesz.org\\\/wp-content\\\/uploads\\\/2020\\\/02\\\/cropped-Logo-with-Foundation-Custom.png\",\"contentUrl\":\"https:\\\/\\\/curesz.org\\\/wp-content\\\/uploads\\\/2020\\\/02\\\/cropped-Logo-with-Foundation-Custom.png\",\"width\":200,\"height\":133,\"caption\":\"Curesz Foundation\"},\"image\":{\"@id\":\"https:\\\/\\\/curesz.org\\\/#\\\/schema\\\/logo\\\/image\\\/\"},\"sameAs\":[\"https:\\\/\\\/www.facebook.com\\\/Cureszorg\\\/\",\"https:\\\/\\\/x.com\\\/cureszorg\",\"https:\\\/\\\/www.instagram.com\\\/cureszfoundation\\\/\",\"https:\\\/\\\/www.youtube.com\\\/channel\\\/UCT3uVzTt8jiJ2qdhuosHPvg\"]}]}<\/script>\n<!-- \/ Yoast SEO plugin. -->","yoast_head_json":{"title":"How Do I Use This Website? - CURESZ Foundation","robots":{"index":"index","follow":"follow","max-snippet":"max-snippet:-1","max-image-preview":"max-image-preview:large","max-video-preview":"max-video-preview:-1"},"canonical":"https:\/\/curesz.org\/pt_pt\/help\/","og_locale":"pt_PT","og_type":"article","og_title":"How Do I Use This Website? - CURESZ Foundation","og_url":"https:\/\/curesz.org\/pt_pt\/help\/","og_site_name":"CURESZ Foundation","article_publisher":"https:\/\/www.facebook.com\/Cureszorg\/","article_modified_time":"2025-04-17T17:37:33+00:00","twitter_card":"summary_large_image","twitter_site":"@cureszorg","twitter_misc":{"Tempo estimado de leitura":"3 minutos"},"schema":{"@context":"https:\/\/schema.org","@graph":[{"@type":"WebPage","@id":"https:\/\/curesz.org\/help\/","url":"https:\/\/curesz.org\/help\/","name":"How Do I Use This Website? - CURESZ Foundation","isPartOf":{"@id":"https:\/\/curesz.org\/#website"},"datePublished":"2019-08-31T13:06:06+00:00","dateModified":"2025-04-17T17:37:33+00:00","breadcrumb":{"@id":"https:\/\/curesz.org\/help\/#breadcrumb"},"inLanguage":"pt-PT","potentialAction":[{"@type":"ReadAction","target":["https:\/\/curesz.org\/help\/"]}]},{"@type":"BreadcrumbList","@id":"https:\/\/curesz.org\/help\/#breadcrumb","itemListElement":[{"@type":"ListItem","position":1,"name":"Home","item":"https:\/\/curesz.org\/"},{"@type":"ListItem","position":2,"name":"How Do I Use This Website?"}]},{"@type":"WebSite","@id":"https:\/\/curesz.org\/#website","url":"https:\/\/curesz.org\/","name":"Funda\u00e7\u00e3o CURESZ","description":"A Funda\u00e7\u00e3o CURESZ fornece atualiza\u00e7\u00f5es educacionais para pacientes, familiares, profissionais de sa\u00fade e p\u00fablico em geral sobre esquizofrenia.","publisher":{"@id":"https:\/\/curesz.org\/#organization"},"potentialAction":[{"@type":"SearchAction","target":{"@type":"EntryPoint","urlTemplate":"https:\/\/curesz.org\/?s={search_term_string}"},"query-input":{"@type":"PropertyValueSpecification","valueRequired":true,"valueName":"search_term_string"}}],"inLanguage":"pt-PT"},{"@type":"Organization","@id":"https:\/\/curesz.org\/#organization","name":"Curesz Foundation","url":"https:\/\/curesz.org\/","logo":{"@type":"ImageObject","inLanguage":"pt-PT","@id":"https:\/\/curesz.org\/#\/schema\/logo\/image\/","url":"https:\/\/curesz.org\/wp-content\/uploads\/2020\/02\/cropped-Logo-with-Foundation-Custom.png","contentUrl":"https:\/\/curesz.org\/wp-content\/uploads\/2020\/02\/cropped-Logo-with-Foundation-Custom.png","width":200,"height":133,"caption":"Curesz Foundation"},"image":{"@id":"https:\/\/curesz.org\/#\/schema\/logo\/image\/"},"sameAs":["https:\/\/www.facebook.com\/Cureszorg\/","https:\/\/x.com\/cureszorg","https:\/\/www.instagram.com\/cureszfoundation\/","https:\/\/www.youtube.com\/channel\/UCT3uVzTt8jiJ2qdhuosHPvg"]}]}},"_links":{"self":[{"href":"https:\/\/curesz.org\/pt_pt\/wp-json\/wp\/v2\/pages\/2542","targetHints":{"allow":["GET"]}}],"collection":[{"href":"https:\/\/curesz.org\/pt_pt\/wp-json\/wp\/v2\/pages"}],"about":[{"href":"https:\/\/curesz.org\/pt_pt\/wp-json\/wp\/v2\/types\/page"}],"author":[{"embeddable":true,"href":"https:\/\/curesz.org\/pt_pt\/wp-json\/wp\/v2\/users\/3"}],"replies":[{"embeddable":true,"href":"https:\/\/curesz.org\/pt_pt\/wp-json\/wp\/v2\/comments?post=2542"}],"version-history":[{"count":28,"href":"https:\/\/curesz.org\/pt_pt\/wp-json\/wp\/v2\/pages\/2542\/revisions"}],"predecessor-version":[{"id":6263,"href":"https:\/\/curesz.org\/pt_pt\/wp-json\/wp\/v2\/pages\/2542\/revisions\/6263"}],"wp:attachment":[{"href":"https:\/\/curesz.org\/pt_pt\/wp-json\/wp\/v2\/media?parent=2542"}],"curies":[{"name":"wp","href":"https:\/\/api.w.org\/{rel}","templated":true}]}}