{"id":2818,"date":"2020-01-05T22:54:19","date_gmt":"2020-01-05T22:54:19","guid":{"rendered":"https:\/\/curesz.org\/?page_id=2818"},"modified":"2023-11-15T14:42:26","modified_gmt":"2023-11-15T19:42:26","slug":"negative-symptoms-of-schizophrenia","status":"publish","type":"page","link":"https:\/\/curesz.org\/pt_pt\/newsletter\/winter-2020-newsletter\/negative-symptoms-of-schizophrenia\/","title":{"rendered":"Sintomas negativos da esquizofrenia"},"content":{"rendered":"<p><div class=\"fusion-fullwidth fullwidth-box fusion-builder-row-1 fusion-flex-container nonhundred-percent-fullwidth non-hundred-percent-height-scrolling\" style=\"--awb-border-radius-top-left:0px;--awb-border-radius-top-right:0px;--awb-border-radius-bottom-right:0px;--awb-border-radius-bottom-left:0px;--awb-flex-wrap:wrap;\" ><div class=\"fusion-builder-row fusion-row fusion-flex-align-items-flex-start fusion-flex-content-wrap\" style=\"max-width:1352px;margin-left: calc(-4% \/ 2 );margin-right: calc(-4% \/ 2 );\"><div class=\"fusion-layout-column fusion_builder_column fusion-builder-column-0 fusion_builder_column_1_1 1_1 fusion-flex-column\" style=\"--awb-bg-size:cover;--awb-width-large:100%;--awb-margin-top-large:0px;--awb-spacing-right-large:1.92%;--awb-margin-bottom-large:0px;--awb-spacing-left-large:1.92%;--awb-width-medium:100%;--awb-spacing-right-medium:1.92%;--awb-spacing-left-medium:1.92%;--awb-width-small:100%;--awb-spacing-right-small:1.92%;--awb-spacing-left-small:1.92%;\"><div class=\"fusion-column-wrapper fusion-flex-justify-content-flex-start fusion-content-layout-column\"><div class=\"fusion-text fusion-text-1\"><p><strong>Sintomas negativos da esquizofrenia<\/strong><\/p>\n<div id=\"attachment_2819\" style=\"width: 243px\" class=\"wp-caption alignleft\"><img decoding=\"async\" aria-describedby=\"caption-attachment-2819\" class=\"lazyload size-medium wp-image-2819\" src=\"https:\/\/curesz.org\/wp-content\/uploads\/2020\/01\/nasrallah-233x300.jpg\" data-orig-src=\"https:\/\/curesz.org\/wp-content\/uploads\/2020\/01\/nasrallah-233x300.jpg\" alt=\"\" width=\"233\" height=\"300\" srcset=\"data:image\/svg+xml,%3Csvg%20xmlns%3D%27http%3A%2F%2Fwww.w3.org%2F2000%2Fsvg%27%20width%3D%27233%27%20height%3D%27300%27%20viewBox%3D%270%200%20233%20300%27%3E%3Crect%20width%3D%27233%27%20height%3D%27300%27%20fill-opacity%3D%220%22%2F%3E%3C%2Fsvg%3E\" data-srcset=\"https:\/\/curesz.org\/wp-content\/uploads\/2020\/01\/nasrallah-200x257.jpg 200w, https:\/\/curesz.org\/wp-content\/uploads\/2020\/01\/nasrallah-233x300.jpg 233w, https:\/\/curesz.org\/wp-content\/uploads\/2020\/01\/nasrallah.jpg 301w\" data-sizes=\"auto\" data-orig-sizes=\"(max-width: 233px) 100vw, 233px\" \/><p id=\"caption-attachment-2819\" class=\"wp-caption-text\">Por Henry A. Nasrallah, MD<br \/>Vice-presidente executivo e diretor cient\u00edfico, The CURESZ Foundation<\/p><\/div>\n<p>Schizophrenia is a complex neuropsychiatric syndrome with multiple symptom domains. The most recognizable symptom cluster is psychosis (classically, hallucinations and delusions)\u00a0 which is the reason many patients are initially hospitalized. However, most patients with schizophrenia also suffer from three other symptom clusters including negative symptoms (deficits in normal brain function such as lack of motivation and interest that impair social and vocational functioning), cognitive impairments and mood symptoms. In fact, the negative and cognitive symptoms are what causes functional disability, even after the psychotic symptoms subside with antipsychotic medications.<\/p>\n<p>Negative symptoms were not widely recognized until the 1980\u2019s. Prior to that, the focus in schizophrenia was on the psychotic symptoms (hallucinations and delusions). The persistence of negative symptoms after the psychosis is controlled led to many studies that characterized the various negative symptoms.<\/p>\n<p><b>A seguir est\u00e3o os sintomas negativos da esquizofrenia, que geralmente s\u00e3o observados pela fam\u00edlia ou pelo psiquiatra, e n\u00e3o pelos pr\u00f3prios pacientes: <\/b><\/p>\n<p>1. AFFECT PATHOLOGY This refers to a \ufb02at, blunted or restricted facial expression. In addition, other manifestations include poor eye contact, decreased spontaneous movements, monotone speech (referred to as aprosody), and failure to recognize the facial expression of other people (such as neutral, angry, sad, disgusted or anxious).<\/p>\n<p>2. ALOGIA Which is a reduction in the quantity of thought, and poverty of speech, including speaking in monosyllables rather than sentences. Sometimes, patients may suddenly stop speaking in mid-sentence (called \u201cblocking\u201d) which is an interruption of thought. There is often a prolonged pause before responding to a question.<\/p>\n<p>3. ASSOCIALIDADE Qual \u00e9 a aus\u00eancia ou diminui\u00e7\u00e3o do interesse em ter rela\u00e7\u00f5es sociais ou interagir com outras pessoas. Os pacientes tamb\u00e9m s\u00e3o incapazes de sentir intimidade ou proximidade com os outros.<\/p>\n<p>4. AVOLI\u00c7\u00c3O E APATIA Que \u00e9 a perda da capacidade de iniciar ou persistir em uma atividade dirigida a um objetivo. Isso inclui n\u00e3o tomar banho, se arrumar mal e n\u00e3o fazer nada o dia todo, muitas vezes interpretado como \u201cpregui\u00e7a\u201d.<\/p>\n<p>5. ANHEDONIA Which is the loss or reduction of the capacity to experience pleasure, manifested by lack of interest in enjoyable activities. This is also a decrease in sexual activity, interest or enjoyment. Unlike the anhedonia of depression, it is not reversible in most patients.<\/p>\n<p>6. DESATEN\u00c7\u00c3O Que \u00e9 a incapacidade de manter uma tarefa ou envolvimento\/engajamento por um per\u00edodo de tempo razo\u00e1vel. O paciente parece absorto em um mundo interno, excluindo tarefas externas.<\/p>\n<p>7. ANOSOGNOSIA Also referred to as non-awareness of illness. The patient lacks insight into their illness or disability. It can also be regarded as a cognitive de\ufb01cit. This lack of insight prevents patients from seeking treatment or help to alleviate symptoms or to solve personal problems. Anosognosia can be reversible with continuous adherence to antipsychotic therapy.<\/p>\n<p>Researchers sometimes classify the above negative symptoms into two major subdivisions:<\/p>\n<p>1. Express\u00e3o diminu\u00edda, que inclui achatamento afetivo e alogia, e<\/p>\n<p>2. Apatia\/avoli\u00e7\u00e3o, que inclui falta de motiva\u00e7\u00e3o e associalidade.<\/p>\n<p>In contrast to &#8220;positive&#8221; psychotic symptoms for which dozens of medications are available, there are no treatments yet for negative symptoms. It is a huge unmet need in the \ufb01eld of schizophrenia. So far, many attempts have been futile in developing a pharmacological treatment for negative symptoms. Thus, psychotherapy is the main approach to help patients recognize and overcome their negative symptoms. Occupational and recreational therapies can also be helpful. There are a couple of promising medications on the horizon. However, the FDA has not approved any of these yet.<\/p>\n<\/div><\/div><\/div><\/div><\/div><div class=\"fusion-fullwidth fullwidth-box fusion-builder-row-2 fusion-flex-container hundred-percent-fullwidth non-hundred-percent-height-scrolling\" style=\"--awb-border-radius-top-left:0px;--awb-border-radius-top-right:0px;--awb-border-radius-bottom-right:0px;--awb-border-radius-bottom-left:0px;--awb-padding-top:0px;--awb-padding-right:0px;--awb-padding-bottom:0px;--awb-padding-left:0px;--awb-margin-top:0px;--awb-margin-bottom:0px;--awb-background-color:#015da7;--awb-flex-wrap:wrap;\" ><div class=\"fusion-builder-row fusion-row fusion-flex-align-items-flex-start fusion-flex-content-wrap\" style=\"width:104% !important;max-width:104% !important;margin-left: calc(-4% \/ 2 );margin-right: calc(-4% \/ 2 );\"><\/div><\/div>\n<\/p>","protected":false},"excerpt":{"rendered":"","protected":false},"author":3,"featured_media":0,"parent":2841,"menu_order":0,"comment_status":"closed","ping_status":"closed","template":"100-width.php","meta":{"_acf_changed":false,"footnotes":""},"class_list":["post-2818","page","type-page","status-publish","hentry"],"acf":[],"yoast_head":"<!-- This site is optimized with the Yoast SEO plugin v27.4 - https:\/\/yoast.com\/product\/yoast-seo-wordpress\/ -->\n<title>Negative Symptoms of Schizophrenia - CURESZ Foundation<\/title>\n<meta name=\"description\" content=\"Negative symptoms were not widely recognized until the 1980\u2019s. Prior to that, the focus in schizophrenia was on the psychotic symptoms like hallucinations.\" \/>\n<meta name=\"robots\" content=\"index, follow, max-snippet:-1, max-image-preview:large, max-video-preview:-1\" \/>\n<link rel=\"canonical\" href=\"https:\/\/curesz.org\/pt_pt\/newsletter\/winter-2020-newsletter\/negative-symptoms-of-schizophrenia\/\" \/>\n<meta property=\"og:locale\" content=\"pt_PT\" \/>\n<meta property=\"og:type\" content=\"article\" \/>\n<meta property=\"og:title\" content=\"Negative Symptoms of Schizophrenia - CURESZ Foundation\" \/>\n<meta property=\"og:description\" content=\"Negative symptoms were not widely recognized until the 1980\u2019s. Prior to that, the focus in schizophrenia was on the psychotic symptoms like hallucinations.\" \/>\n<meta property=\"og:url\" content=\"https:\/\/curesz.org\/pt_pt\/newsletter\/winter-2020-newsletter\/negative-symptoms-of-schizophrenia\/\" \/>\n<meta property=\"og:site_name\" content=\"CURESZ Foundation\" \/>\n<meta property=\"article:publisher\" content=\"https:\/\/www.facebook.com\/Cureszorg\/\" \/>\n<meta property=\"article:modified_time\" content=\"2023-11-15T19:42:26+00:00\" \/>\n<meta property=\"og:image\" content=\"https:\/\/curesz.org\/wp-content\/uploads\/2020\/01\/nasrallah-233x300.jpg\" \/>\n<meta name=\"twitter:card\" content=\"summary_large_image\" \/>\n<meta name=\"twitter:site\" content=\"@cureszorg\" \/>\n<meta name=\"twitter:label1\" content=\"Tempo estimado de leitura\" \/>\n\t<meta name=\"twitter:data1\" content=\"4 minutos\" \/>\n<script type=\"application\/ld+json\" class=\"yoast-schema-graph\">{\"@context\":\"https:\\\/\\\/schema.org\",\"@graph\":[{\"@type\":\"WebPage\",\"@id\":\"https:\\\/\\\/curesz.org\\\/newsletter\\\/winter-2020-newsletter\\\/negative-symptoms-of-schizophrenia\\\/\",\"url\":\"https:\\\/\\\/curesz.org\\\/newsletter\\\/winter-2020-newsletter\\\/negative-symptoms-of-schizophrenia\\\/\",\"name\":\"Negative Symptoms of Schizophrenia - CURESZ Foundation\",\"isPartOf\":{\"@id\":\"https:\\\/\\\/curesz.org\\\/#website\"},\"primaryImageOfPage\":{\"@id\":\"https:\\\/\\\/curesz.org\\\/newsletter\\\/winter-2020-newsletter\\\/negative-symptoms-of-schizophrenia\\\/#primaryimage\"},\"image\":{\"@id\":\"https:\\\/\\\/curesz.org\\\/newsletter\\\/winter-2020-newsletter\\\/negative-symptoms-of-schizophrenia\\\/#primaryimage\"},\"thumbnailUrl\":\"https:\\\/\\\/curesz.org\\\/wp-content\\\/uploads\\\/2020\\\/01\\\/nasrallah-233x300.jpg\",\"datePublished\":\"2020-01-05T22:54:19+00:00\",\"dateModified\":\"2023-11-15T19:42:26+00:00\",\"description\":\"Negative symptoms were not widely recognized until the 1980\u2019s. Prior to that, the focus in schizophrenia was on the psychotic symptoms like hallucinations.\",\"breadcrumb\":{\"@id\":\"https:\\\/\\\/curesz.org\\\/newsletter\\\/winter-2020-newsletter\\\/negative-symptoms-of-schizophrenia\\\/#breadcrumb\"},\"inLanguage\":\"pt-PT\",\"potentialAction\":[{\"@type\":\"ReadAction\",\"target\":[\"https:\\\/\\\/curesz.org\\\/newsletter\\\/winter-2020-newsletter\\\/negative-symptoms-of-schizophrenia\\\/\"]}]},{\"@type\":\"ImageObject\",\"inLanguage\":\"pt-PT\",\"@id\":\"https:\\\/\\\/curesz.org\\\/newsletter\\\/winter-2020-newsletter\\\/negative-symptoms-of-schizophrenia\\\/#primaryimage\",\"url\":\"https:\\\/\\\/curesz.org\\\/wp-content\\\/uploads\\\/2020\\\/01\\\/nasrallah-233x300.jpg\",\"contentUrl\":\"https:\\\/\\\/curesz.org\\\/wp-content\\\/uploads\\\/2020\\\/01\\\/nasrallah-233x300.jpg\"},{\"@type\":\"BreadcrumbList\",\"@id\":\"https:\\\/\\\/curesz.org\\\/newsletter\\\/winter-2020-newsletter\\\/negative-symptoms-of-schizophrenia\\\/#breadcrumb\",\"itemListElement\":[{\"@type\":\"ListItem\",\"position\":1,\"name\":\"Home\",\"item\":\"https:\\\/\\\/curesz.org\\\/\"},{\"@type\":\"ListItem\",\"position\":2,\"name\":\"Newsletter\",\"item\":\"https:\\\/\\\/curesz.org\\\/newsletter\\\/\"},{\"@type\":\"ListItem\",\"position\":3,\"name\":\"Winter 2020 Newsletter\",\"item\":\"https:\\\/\\\/curesz.org\\\/newsletter\\\/winter-2020-newsletter\\\/\"},{\"@type\":\"ListItem\",\"position\":4,\"name\":\"Negative Symptoms of Schizophrenia\"}]},{\"@type\":\"WebSite\",\"@id\":\"https:\\\/\\\/curesz.org\\\/#website\",\"url\":\"https:\\\/\\\/curesz.org\\\/\",\"name\":\"CURESZ Foundation\",\"description\":\"The CURESZ Foundation provides educational updates to patients, families, healthcare professionals and the general public about schizophrenia.\",\"publisher\":{\"@id\":\"https:\\\/\\\/curesz.org\\\/#organization\"},\"potentialAction\":[{\"@type\":\"SearchAction\",\"target\":{\"@type\":\"EntryPoint\",\"urlTemplate\":\"https:\\\/\\\/curesz.org\\\/?s={search_term_string}\"},\"query-input\":{\"@type\":\"PropertyValueSpecification\",\"valueRequired\":true,\"valueName\":\"search_term_string\"}}],\"inLanguage\":\"pt-PT\"},{\"@type\":\"Organization\",\"@id\":\"https:\\\/\\\/curesz.org\\\/#organization\",\"name\":\"Curesz Foundation\",\"url\":\"https:\\\/\\\/curesz.org\\\/\",\"logo\":{\"@type\":\"ImageObject\",\"inLanguage\":\"pt-PT\",\"@id\":\"https:\\\/\\\/curesz.org\\\/#\\\/schema\\\/logo\\\/image\\\/\",\"url\":\"https:\\\/\\\/curesz.org\\\/wp-content\\\/uploads\\\/2020\\\/02\\\/cropped-Logo-with-Foundation-Custom.png\",\"contentUrl\":\"https:\\\/\\\/curesz.org\\\/wp-content\\\/uploads\\\/2020\\\/02\\\/cropped-Logo-with-Foundation-Custom.png\",\"width\":200,\"height\":133,\"caption\":\"Curesz Foundation\"},\"image\":{\"@id\":\"https:\\\/\\\/curesz.org\\\/#\\\/schema\\\/logo\\\/image\\\/\"},\"sameAs\":[\"https:\\\/\\\/www.facebook.com\\\/Cureszorg\\\/\",\"https:\\\/\\\/x.com\\\/cureszorg\",\"https:\\\/\\\/www.instagram.com\\\/cureszfoundation\\\/\",\"https:\\\/\\\/www.youtube.com\\\/channel\\\/UCT3uVzTt8jiJ2qdhuosHPvg\"]}]}<\/script>\n<!-- \/ Yoast SEO plugin. -->","yoast_head_json":{"title":"Negative Symptoms of Schizophrenia - CURESZ Foundation","description":"Negative symptoms were not widely recognized until the 1980\u2019s. Prior to that, the focus in schizophrenia was on the psychotic symptoms like hallucinations.","robots":{"index":"index","follow":"follow","max-snippet":"max-snippet:-1","max-image-preview":"max-image-preview:large","max-video-preview":"max-video-preview:-1"},"canonical":"https:\/\/curesz.org\/pt_pt\/newsletter\/winter-2020-newsletter\/negative-symptoms-of-schizophrenia\/","og_locale":"pt_PT","og_type":"article","og_title":"Negative Symptoms of Schizophrenia - CURESZ Foundation","og_description":"Negative symptoms were not widely recognized until the 1980\u2019s. Prior to that, the focus in schizophrenia was on the psychotic symptoms like hallucinations.","og_url":"https:\/\/curesz.org\/pt_pt\/newsletter\/winter-2020-newsletter\/negative-symptoms-of-schizophrenia\/","og_site_name":"CURESZ Foundation","article_publisher":"https:\/\/www.facebook.com\/Cureszorg\/","article_modified_time":"2023-11-15T19:42:26+00:00","og_image":[{"url":"https:\/\/curesz.org\/wp-content\/uploads\/2020\/01\/nasrallah-233x300.jpg","type":"","width":"","height":""}],"twitter_card":"summary_large_image","twitter_site":"@cureszorg","twitter_misc":{"Tempo estimado de leitura":"4 minutos"},"schema":{"@context":"https:\/\/schema.org","@graph":[{"@type":"WebPage","@id":"https:\/\/curesz.org\/newsletter\/winter-2020-newsletter\/negative-symptoms-of-schizophrenia\/","url":"https:\/\/curesz.org\/newsletter\/winter-2020-newsletter\/negative-symptoms-of-schizophrenia\/","name":"Negative Symptoms of Schizophrenia - CURESZ Foundation","isPartOf":{"@id":"https:\/\/curesz.org\/#website"},"primaryImageOfPage":{"@id":"https:\/\/curesz.org\/newsletter\/winter-2020-newsletter\/negative-symptoms-of-schizophrenia\/#primaryimage"},"image":{"@id":"https:\/\/curesz.org\/newsletter\/winter-2020-newsletter\/negative-symptoms-of-schizophrenia\/#primaryimage"},"thumbnailUrl":"https:\/\/curesz.org\/wp-content\/uploads\/2020\/01\/nasrallah-233x300.jpg","datePublished":"2020-01-05T22:54:19+00:00","dateModified":"2023-11-15T19:42:26+00:00","description":"Negative symptoms were not widely recognized until the 1980\u2019s. Prior to that, the focus in schizophrenia was on the psychotic symptoms like hallucinations.","breadcrumb":{"@id":"https:\/\/curesz.org\/newsletter\/winter-2020-newsletter\/negative-symptoms-of-schizophrenia\/#breadcrumb"},"inLanguage":"pt-PT","potentialAction":[{"@type":"ReadAction","target":["https:\/\/curesz.org\/newsletter\/winter-2020-newsletter\/negative-symptoms-of-schizophrenia\/"]}]},{"@type":"ImageObject","inLanguage":"pt-PT","@id":"https:\/\/curesz.org\/newsletter\/winter-2020-newsletter\/negative-symptoms-of-schizophrenia\/#primaryimage","url":"https:\/\/curesz.org\/wp-content\/uploads\/2020\/01\/nasrallah-233x300.jpg","contentUrl":"https:\/\/curesz.org\/wp-content\/uploads\/2020\/01\/nasrallah-233x300.jpg"},{"@type":"BreadcrumbList","@id":"https:\/\/curesz.org\/newsletter\/winter-2020-newsletter\/negative-symptoms-of-schizophrenia\/#breadcrumb","itemListElement":[{"@type":"ListItem","position":1,"name":"Home","item":"https:\/\/curesz.org\/"},{"@type":"ListItem","position":2,"name":"Newsletter","item":"https:\/\/curesz.org\/newsletter\/"},{"@type":"ListItem","position":3,"name":"Winter 2020 Newsletter","item":"https:\/\/curesz.org\/newsletter\/winter-2020-newsletter\/"},{"@type":"ListItem","position":4,"name":"Negative Symptoms of Schizophrenia"}]},{"@type":"WebSite","@id":"https:\/\/curesz.org\/#website","url":"https:\/\/curesz.org\/","name":"Funda\u00e7\u00e3o CURESZ","description":"A Funda\u00e7\u00e3o CURESZ fornece atualiza\u00e7\u00f5es educacionais para pacientes, familiares, profissionais de sa\u00fade e p\u00fablico em geral sobre esquizofrenia.","publisher":{"@id":"https:\/\/curesz.org\/#organization"},"potentialAction":[{"@type":"SearchAction","target":{"@type":"EntryPoint","urlTemplate":"https:\/\/curesz.org\/?s={search_term_string}"},"query-input":{"@type":"PropertyValueSpecification","valueRequired":true,"valueName":"search_term_string"}}],"inLanguage":"pt-PT"},{"@type":"Organization","@id":"https:\/\/curesz.org\/#organization","name":"Curesz Foundation","url":"https:\/\/curesz.org\/","logo":{"@type":"ImageObject","inLanguage":"pt-PT","@id":"https:\/\/curesz.org\/#\/schema\/logo\/image\/","url":"https:\/\/curesz.org\/wp-content\/uploads\/2020\/02\/cropped-Logo-with-Foundation-Custom.png","contentUrl":"https:\/\/curesz.org\/wp-content\/uploads\/2020\/02\/cropped-Logo-with-Foundation-Custom.png","width":200,"height":133,"caption":"Curesz Foundation"},"image":{"@id":"https:\/\/curesz.org\/#\/schema\/logo\/image\/"},"sameAs":["https:\/\/www.facebook.com\/Cureszorg\/","https:\/\/x.com\/cureszorg","https:\/\/www.instagram.com\/cureszfoundation\/","https:\/\/www.youtube.com\/channel\/UCT3uVzTt8jiJ2qdhuosHPvg"]}]}},"_links":{"self":[{"href":"https:\/\/curesz.org\/pt_pt\/wp-json\/wp\/v2\/pages\/2818","targetHints":{"allow":["GET"]}}],"collection":[{"href":"https:\/\/curesz.org\/pt_pt\/wp-json\/wp\/v2\/pages"}],"about":[{"href":"https:\/\/curesz.org\/pt_pt\/wp-json\/wp\/v2\/types\/page"}],"author":[{"embeddable":true,"href":"https:\/\/curesz.org\/pt_pt\/wp-json\/wp\/v2\/users\/3"}],"replies":[{"embeddable":true,"href":"https:\/\/curesz.org\/pt_pt\/wp-json\/wp\/v2\/comments?post=2818"}],"version-history":[{"count":8,"href":"https:\/\/curesz.org\/pt_pt\/wp-json\/wp\/v2\/pages\/2818\/revisions"}],"predecessor-version":[{"id":5481,"href":"https:\/\/curesz.org\/pt_pt\/wp-json\/wp\/v2\/pages\/2818\/revisions\/5481"}],"up":[{"embeddable":true,"href":"https:\/\/curesz.org\/pt_pt\/wp-json\/wp\/v2\/pages\/2841"}],"wp:attachment":[{"href":"https:\/\/curesz.org\/pt_pt\/wp-json\/wp\/v2\/media?parent=2818"}],"curies":[{"name":"wp","href":"https:\/\/api.w.org\/{rel}","templated":true}]}}