{"id":2901,"date":"2020-01-22T22:19:38","date_gmt":"2020-01-22T22:19:38","guid":{"rendered":"https:\/\/curesz.org\/?page_id=2901"},"modified":"2020-01-22T22:19:38","modified_gmt":"2020-01-22T22:19:38","slug":"ashley-smith-author-2","status":"publish","type":"page","link":"https:\/\/curesz.org\/pt_pt\/ashley-smith-author-2\/","title":{"rendered":"Ashley Smith, autora"},"content":{"rendered":"<div id=\"attachment_2902\" style=\"width: 286px\" class=\"wp-caption alignleft\"><img decoding=\"async\" aria-describedby=\"caption-attachment-2902\" class=\"lazyload wp-image-2902 size-medium\" src=\"https:\/\/curesz.org\/wp-content\/uploads\/2020\/01\/Ashley-for-Newsletter-cropped-276x300.jpg\" data-orig-src=\"https:\/\/curesz.org\/wp-content\/uploads\/2020\/01\/Ashley-for-Newsletter-cropped-276x300.jpg\" alt=\"\" width=\"276\" height=\"300\" srcset=\"data:image\/svg+xml,%3Csvg%20xmlns%3D%27http%3A%2F%2Fwww.w3.org%2F2000%2Fsvg%27%20width%3D%27276%27%20height%3D%27300%27%20viewBox%3D%270%200%20276%20300%27%3E%3Crect%20width%3D%27276%27%20height%3D%27300%27%20fill-opacity%3D%220%22%2F%3E%3C%2Fsvg%3E\" data-srcset=\"https:\/\/curesz.org\/wp-content\/uploads\/2020\/01\/Ashley-for-Newsletter-cropped-200x217.jpg 200w, https:\/\/curesz.org\/wp-content\/uploads\/2020\/01\/Ashley-for-Newsletter-cropped-276x300.jpg 276w, https:\/\/curesz.org\/wp-content\/uploads\/2020\/01\/Ashley-for-Newsletter-cropped-400x434.jpg 400w, https:\/\/curesz.org\/wp-content\/uploads\/2020\/01\/Ashley-for-Newsletter-cropped-600x651.jpg 600w, https:\/\/curesz.org\/wp-content\/uploads\/2020\/01\/Ashley-for-Newsletter-cropped-768x834.jpg 768w, https:\/\/curesz.org\/wp-content\/uploads\/2020\/01\/Ashley-for-Newsletter-cropped-800x869.jpg 800w, https:\/\/curesz.org\/wp-content\/uploads\/2020\/01\/Ashley-for-Newsletter-cropped-943x1024.jpg 943w, https:\/\/curesz.org\/wp-content\/uploads\/2020\/01\/Ashley-for-Newsletter-cropped.jpg 995w, https:\/\/curesz.org\/wp-content\/uploads\/2020\/01\/Ashley-for-Newsletter-cropped-1200x1303.jpg 1200w\" data-sizes=\"auto\" data-orig-sizes=\"(max-width: 276px) 100vw, 276px\" \/><p id=\"caption-attachment-2902\" class=\"wp-caption-text\">Ashley Smith, autora, conselheira e m\u00e3e<\/p><\/div>\n<p style=\"text-align: center;\"><strong>Tr\u00eas Pe\u00e7as de Sabedoria para Garantir um Bom Lugar (Retirado de <a href=\"https:\/\/curesz.org\/wp-content\/uploads\/2019\/07\/curesz-newsletter-6-online.pdf\" target=\"_blank\" rel=\"noopener noreferrer\">Boletim Edi\u00e7\u00e3o 6<\/a>)<\/strong><\/p>\n<p><u><\/u>Eu tinha 20 anos quando experimentei minha primeira interna\u00e7\u00e3o. Minha segunda e \u00faltima interna\u00e7\u00e3o ocorreu aos 31 anos. Durante esse intervalo de 11 anos de interna\u00e7\u00f5es, ganhei muita sabedoria. Quando fui diagnosticado com esquizofrenia pela primeira vez, meu m\u00e9dico me deu dois conselhos: (1) tome seu rem\u00e9dio e (2) controle seu estresse.<\/p>\n<p>Gra\u00e7as a essas duas interna\u00e7\u00f5es, recuperei minha vida mais rapidamente. Tamb\u00e9m aprendi uma terceira sabedoria, que \u00e9 criar um plano p\u00f3s-crise. Encorajo colegas em recupera\u00e7\u00e3o a fazerem planos para o futuro.<\/p>\n<p>Entre minhas duas interna\u00e7\u00f5es, enquanto me recuperava, fiquei mais bem equipado com habilidades de enfrentamento. Recriei meu Plano de A\u00e7\u00e3o de Recupera\u00e7\u00e3o de Bem-Estar (WRAP) personalizado e descobri que finalmente era capaz de manter um bom estado de sa\u00fade mental.<\/p>\n<p>Primeiro, aos 20 anos, eu n\u00e3o entendia meu diagn\u00f3stico de esquizofrenia, ou que a recupera\u00e7\u00e3o era poss\u00edvel. Na verdade, meus sintomas n\u00e3o diagnosticados me levaram a enfrentar quest\u00f5es legais e minha primeira hospitaliza\u00e7\u00e3o. Eu estava ansioso, com medo e experimentei uma ampla gama de sintomas, incluindo alucina\u00e7\u00f5es, psicose, del\u00edrios e paran\u00f3ia. Minhas alucina\u00e7\u00f5es me assustavam. Eu n\u00e3o sabia o que eram alucina\u00e7\u00f5es e, portanto, n\u00e3o conseguia articular os sintomas. Minhas alucina\u00e7\u00f5es inclu\u00edam vozes exageradas de desenho animado me dizendo que eu era uma desonra para minha fam\u00edlia. Al\u00e9m disso, v\u00e1rias vozes obscureceram meu pensamento e interromperam minha capacidade de iniciar conversas. Diferentes alucina\u00e7\u00f5es continuaram a me assustar. Eu acreditava que a mesma pessoa estava me perseguindo, da qual eu n\u00e3o poderia fugir nem escapar. Estranhos que eu nunca tinha visto antes me conheciam, me observavam e falavam sobre mim.<\/p>\n<p>Essas alucina\u00e7\u00f5es me assustaram tanto que acabei pegando uma caminhonete militar em uma persegui\u00e7\u00e3o em alta velocidade para escapar da pol\u00edcia, de minhas muitas guerras mentais e pensamentos assustadores. Meu pesadelo vivo piorou quando fui preso e hospitalizado por cinco meses. Felizmente, meu diagn\u00f3stico me libertou. Esse conhecimento e tratamento rec\u00e9m-descobertos salvaram minha vida do pesadelo cont\u00ednuo, que era minha esquizofrenia n\u00e3o diagnosticada.<\/p>\n<p>Entre os 20 e 31 anos, participei de um clube para jovens adultos com doen\u00e7as mentais de 16 a 24 anos. Permaneci no programa por quase um ano que oferecia terapia, moradia e aulas voltadas para a recupera\u00e7\u00e3o semelhantes ao WRAP de Mary Ellen Copeland. Tamb\u00e9m forneceu um ref\u00fagio seguro para nos relacionarmos e socializarmos em um ambiente sem estigma. Depois, envolvi-me com a NAMI Georgia, tamb\u00e9m conhecida como National Alliance on Mental Illness. Ao longo dos anos, criei um forte sistema de apoio, incluindo colegas, fam\u00edlia e minha equipe de tratamento. Eu me envolvi online e criei um blog, Superando a Esquizofrenia. eu publiquei <em>O que est\u00e1 na minha mente<\/em> em 2014.<\/p>\n<p>Em 2018, fui internada pela segunda vez. Eu estava em conformidade com a medica\u00e7\u00e3o, mas uma carga significativa de estresse levou \u00e0 minha \u00faltima hospitaliza\u00e7\u00e3o. Meu diagn\u00f3stico agora \u00e9 transtorno esquizoafetivo. Felizmente, meu sistema de suporte permaneceu forte e funcionou bem para minha recupera\u00e7\u00e3o. Com a ajuda do meu sistema de apoio, velhas habilidades de enfrentamento e esperan\u00e7a de me reunir com meu filho, entrei e sa\u00ed do hospital e em um bom lugar mais r\u00e1pido.<\/p>\n<p>Gostaria de ver os outros manterem um lugar de boa sa\u00fade mental, como eu. Tomar rem\u00e9dios, trabalhar no controle do estresse e desenvolver um plano p\u00f3s-crise foram vitais para minha recupera\u00e7\u00e3o.<\/p>","protected":false},"excerpt":{"rendered":"<p>Three Pieces of Wisdom to Ensure a Good Place (Taken  [&#8230;]<\/p>\n","protected":false},"author":3,"featured_media":0,"parent":0,"menu_order":0,"comment_status":"closed","ping_status":"closed","template":"","meta":{"_acf_changed":false,"footnotes":""},"class_list":["post-2901","page","type-page","status-publish","hentry"],"acf":[],"yoast_head":"<!-- This site is optimized with the Yoast SEO plugin v27.3 - https:\/\/yoast.com\/product\/yoast-seo-wordpress\/ -->\n<title>Ashley Smith, author - CURESZ Foundation<\/title>\n<meta name=\"robots\" content=\"index, follow, max-snippet:-1, max-image-preview:large, max-video-preview:-1\" \/>\n<link rel=\"canonical\" href=\"https:\/\/curesz.org\/pt_pt\/ashley-smith-author-2\/\" \/>\n<meta property=\"og:locale\" content=\"pt_PT\" \/>\n<meta property=\"og:type\" content=\"article\" \/>\n<meta property=\"og:title\" content=\"Ashley Smith, author - CURESZ Foundation\" \/>\n<meta property=\"og:description\" content=\"Three Pieces of Wisdom to Ensure a Good Place (Taken [...]\" \/>\n<meta property=\"og:url\" content=\"https:\/\/curesz.org\/pt_pt\/ashley-smith-author-2\/\" \/>\n<meta property=\"og:site_name\" content=\"CURESZ Foundation\" \/>\n<meta property=\"article:publisher\" content=\"https:\/\/www.facebook.com\/Cureszorg\/\" \/>\n<meta property=\"og:image\" content=\"https:\/\/curesz.org\/wp-content\/uploads\/2020\/01\/Ashley-for-Newsletter-cropped-276x300.jpg\" \/>\n<meta name=\"twitter:card\" content=\"summary_large_image\" \/>\n<meta name=\"twitter:site\" content=\"@cureszorg\" \/>\n<meta name=\"twitter:label1\" content=\"Tempo estimado de leitura\" \/>\n\t<meta name=\"twitter:data1\" content=\"3 minutos\" \/>\n<script type=\"application\/ld+json\" class=\"yoast-schema-graph\">{\"@context\":\"https:\\\/\\\/schema.org\",\"@graph\":[{\"@type\":\"WebPage\",\"@id\":\"https:\\\/\\\/curesz.org\\\/ashley-smith-author-2\\\/\",\"url\":\"https:\\\/\\\/curesz.org\\\/ashley-smith-author-2\\\/\",\"name\":\"Ashley Smith, author - CURESZ Foundation\",\"isPartOf\":{\"@id\":\"https:\\\/\\\/curesz.org\\\/#website\"},\"primaryImageOfPage\":{\"@id\":\"https:\\\/\\\/curesz.org\\\/ashley-smith-author-2\\\/#primaryimage\"},\"image\":{\"@id\":\"https:\\\/\\\/curesz.org\\\/ashley-smith-author-2\\\/#primaryimage\"},\"thumbnailUrl\":\"https:\\\/\\\/curesz.org\\\/wp-content\\\/uploads\\\/2020\\\/01\\\/Ashley-for-Newsletter-cropped-276x300.jpg\",\"datePublished\":\"2020-01-22T22:19:38+00:00\",\"breadcrumb\":{\"@id\":\"https:\\\/\\\/curesz.org\\\/ashley-smith-author-2\\\/#breadcrumb\"},\"inLanguage\":\"pt-PT\",\"potentialAction\":[{\"@type\":\"ReadAction\",\"target\":[\"https:\\\/\\\/curesz.org\\\/ashley-smith-author-2\\\/\"]}]},{\"@type\":\"ImageObject\",\"inLanguage\":\"pt-PT\",\"@id\":\"https:\\\/\\\/curesz.org\\\/ashley-smith-author-2\\\/#primaryimage\",\"url\":\"https:\\\/\\\/curesz.org\\\/wp-content\\\/uploads\\\/2020\\\/01\\\/Ashley-for-Newsletter-cropped-276x300.jpg\",\"contentUrl\":\"https:\\\/\\\/curesz.org\\\/wp-content\\\/uploads\\\/2020\\\/01\\\/Ashley-for-Newsletter-cropped-276x300.jpg\"},{\"@type\":\"BreadcrumbList\",\"@id\":\"https:\\\/\\\/curesz.org\\\/ashley-smith-author-2\\\/#breadcrumb\",\"itemListElement\":[{\"@type\":\"ListItem\",\"position\":1,\"name\":\"Home\",\"item\":\"https:\\\/\\\/curesz.org\\\/\"},{\"@type\":\"ListItem\",\"position\":2,\"name\":\"Ashley Smith, author\"}]},{\"@type\":\"WebSite\",\"@id\":\"https:\\\/\\\/curesz.org\\\/#website\",\"url\":\"https:\\\/\\\/curesz.org\\\/\",\"name\":\"CURESZ Foundation\",\"description\":\"The CURESZ Foundation provides educational updates to patients, families, healthcare professionals and the general public about schizophrenia.\",\"publisher\":{\"@id\":\"https:\\\/\\\/curesz.org\\\/#organization\"},\"potentialAction\":[{\"@type\":\"SearchAction\",\"target\":{\"@type\":\"EntryPoint\",\"urlTemplate\":\"https:\\\/\\\/curesz.org\\\/?s={search_term_string}\"},\"query-input\":{\"@type\":\"PropertyValueSpecification\",\"valueRequired\":true,\"valueName\":\"search_term_string\"}}],\"inLanguage\":\"pt-PT\"},{\"@type\":\"Organization\",\"@id\":\"https:\\\/\\\/curesz.org\\\/#organization\",\"name\":\"Curesz Foundation\",\"url\":\"https:\\\/\\\/curesz.org\\\/\",\"logo\":{\"@type\":\"ImageObject\",\"inLanguage\":\"pt-PT\",\"@id\":\"https:\\\/\\\/curesz.org\\\/#\\\/schema\\\/logo\\\/image\\\/\",\"url\":\"https:\\\/\\\/curesz.org\\\/wp-content\\\/uploads\\\/2020\\\/02\\\/cropped-Logo-with-Foundation-Custom.png\",\"contentUrl\":\"https:\\\/\\\/curesz.org\\\/wp-content\\\/uploads\\\/2020\\\/02\\\/cropped-Logo-with-Foundation-Custom.png\",\"width\":200,\"height\":133,\"caption\":\"Curesz Foundation\"},\"image\":{\"@id\":\"https:\\\/\\\/curesz.org\\\/#\\\/schema\\\/logo\\\/image\\\/\"},\"sameAs\":[\"https:\\\/\\\/www.facebook.com\\\/Cureszorg\\\/\",\"https:\\\/\\\/x.com\\\/cureszorg\",\"https:\\\/\\\/www.instagram.com\\\/cureszfoundation\\\/\",\"https:\\\/\\\/www.youtube.com\\\/channel\\\/UCT3uVzTt8jiJ2qdhuosHPvg\"]}]}<\/script>\n<!-- \/ Yoast SEO plugin. -->","yoast_head_json":{"title":"Ashley Smith, author - CURESZ Foundation","robots":{"index":"index","follow":"follow","max-snippet":"max-snippet:-1","max-image-preview":"max-image-preview:large","max-video-preview":"max-video-preview:-1"},"canonical":"https:\/\/curesz.org\/pt_pt\/ashley-smith-author-2\/","og_locale":"pt_PT","og_type":"article","og_title":"Ashley Smith, author - CURESZ Foundation","og_description":"Three Pieces of Wisdom to Ensure a Good Place (Taken [...]","og_url":"https:\/\/curesz.org\/pt_pt\/ashley-smith-author-2\/","og_site_name":"CURESZ Foundation","article_publisher":"https:\/\/www.facebook.com\/Cureszorg\/","og_image":[{"url":"https:\/\/curesz.org\/wp-content\/uploads\/2020\/01\/Ashley-for-Newsletter-cropped-276x300.jpg","type":"","width":"","height":""}],"twitter_card":"summary_large_image","twitter_site":"@cureszorg","twitter_misc":{"Tempo estimado de leitura":"3 minutos"},"schema":{"@context":"https:\/\/schema.org","@graph":[{"@type":"WebPage","@id":"https:\/\/curesz.org\/ashley-smith-author-2\/","url":"https:\/\/curesz.org\/ashley-smith-author-2\/","name":"Ashley Smith, author - CURESZ Foundation","isPartOf":{"@id":"https:\/\/curesz.org\/#website"},"primaryImageOfPage":{"@id":"https:\/\/curesz.org\/ashley-smith-author-2\/#primaryimage"},"image":{"@id":"https:\/\/curesz.org\/ashley-smith-author-2\/#primaryimage"},"thumbnailUrl":"https:\/\/curesz.org\/wp-content\/uploads\/2020\/01\/Ashley-for-Newsletter-cropped-276x300.jpg","datePublished":"2020-01-22T22:19:38+00:00","breadcrumb":{"@id":"https:\/\/curesz.org\/ashley-smith-author-2\/#breadcrumb"},"inLanguage":"pt-PT","potentialAction":[{"@type":"ReadAction","target":["https:\/\/curesz.org\/ashley-smith-author-2\/"]}]},{"@type":"ImageObject","inLanguage":"pt-PT","@id":"https:\/\/curesz.org\/ashley-smith-author-2\/#primaryimage","url":"https:\/\/curesz.org\/wp-content\/uploads\/2020\/01\/Ashley-for-Newsletter-cropped-276x300.jpg","contentUrl":"https:\/\/curesz.org\/wp-content\/uploads\/2020\/01\/Ashley-for-Newsletter-cropped-276x300.jpg"},{"@type":"BreadcrumbList","@id":"https:\/\/curesz.org\/ashley-smith-author-2\/#breadcrumb","itemListElement":[{"@type":"ListItem","position":1,"name":"Home","item":"https:\/\/curesz.org\/"},{"@type":"ListItem","position":2,"name":"Ashley Smith, author"}]},{"@type":"WebSite","@id":"https:\/\/curesz.org\/#website","url":"https:\/\/curesz.org\/","name":"Funda\u00e7\u00e3o CURESZ","description":"A Funda\u00e7\u00e3o CURESZ fornece atualiza\u00e7\u00f5es educacionais para pacientes, familiares, profissionais de sa\u00fade e p\u00fablico em geral sobre esquizofrenia.","publisher":{"@id":"https:\/\/curesz.org\/#organization"},"potentialAction":[{"@type":"SearchAction","target":{"@type":"EntryPoint","urlTemplate":"https:\/\/curesz.org\/?s={search_term_string}"},"query-input":{"@type":"PropertyValueSpecification","valueRequired":true,"valueName":"search_term_string"}}],"inLanguage":"pt-PT"},{"@type":"Organization","@id":"https:\/\/curesz.org\/#organization","name":"Curesz Foundation","url":"https:\/\/curesz.org\/","logo":{"@type":"ImageObject","inLanguage":"pt-PT","@id":"https:\/\/curesz.org\/#\/schema\/logo\/image\/","url":"https:\/\/curesz.org\/wp-content\/uploads\/2020\/02\/cropped-Logo-with-Foundation-Custom.png","contentUrl":"https:\/\/curesz.org\/wp-content\/uploads\/2020\/02\/cropped-Logo-with-Foundation-Custom.png","width":200,"height":133,"caption":"Curesz Foundation"},"image":{"@id":"https:\/\/curesz.org\/#\/schema\/logo\/image\/"},"sameAs":["https:\/\/www.facebook.com\/Cureszorg\/","https:\/\/x.com\/cureszorg","https:\/\/www.instagram.com\/cureszfoundation\/","https:\/\/www.youtube.com\/channel\/UCT3uVzTt8jiJ2qdhuosHPvg"]}]}},"_links":{"self":[{"href":"https:\/\/curesz.org\/pt_pt\/wp-json\/wp\/v2\/pages\/2901","targetHints":{"allow":["GET"]}}],"collection":[{"href":"https:\/\/curesz.org\/pt_pt\/wp-json\/wp\/v2\/pages"}],"about":[{"href":"https:\/\/curesz.org\/pt_pt\/wp-json\/wp\/v2\/types\/page"}],"author":[{"embeddable":true,"href":"https:\/\/curesz.org\/pt_pt\/wp-json\/wp\/v2\/users\/3"}],"replies":[{"embeddable":true,"href":"https:\/\/curesz.org\/pt_pt\/wp-json\/wp\/v2\/comments?post=2901"}],"version-history":[{"count":1,"href":"https:\/\/curesz.org\/pt_pt\/wp-json\/wp\/v2\/pages\/2901\/revisions"}],"predecessor-version":[{"id":2903,"href":"https:\/\/curesz.org\/pt_pt\/wp-json\/wp\/v2\/pages\/2901\/revisions\/2903"}],"wp:attachment":[{"href":"https:\/\/curesz.org\/pt_pt\/wp-json\/wp\/v2\/media?parent=2901"}],"curies":[{"name":"wp","href":"https:\/\/api.w.org\/{rel}","templated":true}]}}