{"id":317,"date":"2019-07-10T15:35:34","date_gmt":"2019-07-10T15:35:34","guid":{"rendered":"https:\/\/curesz.info\/?page_id=317"},"modified":"2019-07-10T16:02:17","modified_gmt":"2019-07-10T16:02:17","slug":"michelle-hammer","status":"publish","type":"page","link":"https:\/\/curesz.org\/pt_pt\/survivors\/michelle-hammer\/","title":{"rendered":"Michelle Hammer"},"content":{"rendered":"<p><div class=\"fusion-fullwidth fullwidth-box fusion-builder-row-1 fusion-flex-container nonhundred-percent-fullwidth non-hundred-percent-height-scrolling\" style=\"--awb-border-radius-top-left:0px;--awb-border-radius-top-right:0px;--awb-border-radius-bottom-right:0px;--awb-border-radius-bottom-left:0px;--awb-flex-wrap:wrap;\" ><div class=\"fusion-builder-row fusion-row fusion-flex-align-items-flex-start fusion-flex-content-wrap\" style=\"max-width:1352px;margin-left: calc(-4% \/ 2 );margin-right: calc(-4% \/ 2 );\"><div class=\"fusion-layout-column fusion_builder_column fusion-builder-column-0 fusion_builder_column_1_4 1_4 fusion-flex-column\" style=\"--awb-bg-size:cover;--awb-width-large:25%;--awb-margin-top-large:0px;--awb-spacing-right-large:3.84%;--awb-margin-bottom-large:20px;--awb-spacing-left-large:7.68%;--awb-width-medium:100%;--awb-spacing-right-medium:1.92%;--awb-spacing-left-medium:1.92%;--awb-width-small:100%;--awb-spacing-right-small:1.92%;--awb-spacing-left-small:1.92%;\"><div class=\"fusion-column-wrapper fusion-column-has-shadow fusion-flex-justify-content-flex-start fusion-content-layout-column\"><div class=\"fusion-image-element\" style=\"--awb-caption-title-font-family:var(--h2_typography-font-family);--awb-caption-title-font-weight:var(--h2_typography-font-weight);--awb-caption-title-font-style:var(--h2_typography-font-style);--awb-caption-title-size:var(--h2_typography-font-size);--awb-caption-title-transform:var(--h2_typography-text-transform);--awb-caption-title-line-height:var(--h2_typography-line-height);--awb-caption-title-letter-spacing:var(--h2_typography-letter-spacing);\"><span class=\"fusion-imageframe imageframe-none imageframe-1 hover-type-none\"><img decoding=\"async\" width=\"400\" height=\"267\" title=\"Veja mais: http:\/\/tarapolcarophotographer.pass.us\/hev\" src=\"https:\/\/curesz.org\/wp-content\/uploads\/2019\/07\/michelle-hammer-cropped.jpg\" data-orig-src=\"https:\/\/curesz.org\/wp-content\/uploads\/2019\/07\/michelle-hammer-cropped.jpg\" alt class=\"lazyload img-responsive wp-image-318\" srcset=\"data:image\/svg+xml,%3Csvg%20xmlns%3D%27http%3A%2F%2Fwww.w3.org%2F2000%2Fsvg%27%20width%3D%27400%27%20height%3D%27267%27%20viewBox%3D%270%200%20400%20267%27%3E%3Crect%20width%3D%27400%27%20height%3D%27267%27%20fill-opacity%3D%220%22%2F%3E%3C%2Fsvg%3E\" data-srcset=\"https:\/\/curesz.org\/wp-content\/uploads\/2019\/07\/michelle-hammer-cropped-200x134.jpg 200w, https:\/\/curesz.org\/wp-content\/uploads\/2019\/07\/michelle-hammer-cropped.jpg 400w\" data-sizes=\"auto\" data-orig-sizes=\"(max-width: 1024px) 100vw, (max-width: 640px) 100vw, 400px\" \/><\/span><\/div><div class=\"fusion-text fusion-text-1\"><p><strong>Michelle Hammer, fundadora da <a href=\"https:\/\/www.schizophrenic.nyc\/\">Schiphrenic.NYC<\/a><\/strong><\/p>\n<\/div><\/div><\/div><div class=\"fusion-layout-column fusion_builder_column fusion-builder-column-1 fusion_builder_column_3_4 3_4 fusion-flex-column\" style=\"--awb-bg-size:cover;--awb-width-large:75%;--awb-margin-top-large:0px;--awb-spacing-right-large:2.56%;--awb-margin-bottom-large:20px;--awb-spacing-left-large:3.84%;--awb-width-medium:100%;--awb-spacing-right-medium:1.92%;--awb-spacing-left-medium:1.92%;--awb-width-small:100%;--awb-spacing-right-small:1.92%;--awb-spacing-left-small:1.92%;\"><div class=\"fusion-column-wrapper fusion-column-has-shadow fusion-flex-justify-content-flex-start fusion-content-layout-column\"><div class=\"fusion-text fusion-text-2\"><p>Michelle Hammer \u00e9 a fundadora da Schizophrenic.NYC, uma linha de roupas que combate o estigma em torno da esquizofrenia e outras doen\u00e7as mentais.<\/p>\n<p>Michelle teve uma inf\u00e2ncia feliz em um lar amoroso. No entanto, desde tenra idade, ela sentiu que n\u00e3o se encaixava. Na nona s\u00e9rie, ela parou de fazer o dever de casa, paran\u00f3ica de que seu professor criticaria seu trabalho. Sua m\u00e3e pensou que Michelle pode ter uma dificuldade de aprendizagem. Michelle nunca foi diagnosticada.<\/p>\n<p>\u00c0 medida que crescia, a paran\u00f3ia de Michelle a levou a temer seus familiares, amigos e at\u00e9 mesmo pessoas que ela n\u00e3o conhecia. Ela teve sua primeira tentativa de suic\u00eddio aos 15 anos, e seis outras tentativas de suic\u00eddio se seguiriam.<\/p>\n<p>Michelle come\u00e7ou a faculdade na SUNY Oneonta, em Nova York, aos 18 anos. No in\u00edcio, ela se sentiu aliviada por estar livre daqueles que a deixavam com medo. Mas quando seu medo dos outros voltou, Michelle logo percebeu que o problema era com ela, e n\u00e3o com as pessoas ao seu redor.<\/p>\n<p>Aos 18 anos, Michelle foi internada pela primeira vez. Foi uma experi\u00eancia negativa. Ao receber alta, ela descartou o medicamento, determinada a nunca mais tom\u00e1-lo. Ela tamb\u00e9m foi diagnosticada erroneamente com transtorno bipolar.<\/p>\n<p>Michelle finalmente come\u00e7ou a acreditar que precisava de medica\u00e7\u00e3o aos 21 anos e foi diagnosticada com esquizofrenia aos 22 anos. Essa aceita\u00e7\u00e3o de sua doen\u00e7a mental a levou a dar os primeiros passos em dire\u00e7\u00e3o \u00e0 recupera\u00e7\u00e3o total. Ela descreve seu diagn\u00f3stico como \u201ca melhor coisa que j\u00e1 aconteceu com ela\u201d porque a levou a encontrar a medica\u00e7\u00e3o certa e, eventualmente, a superar a esquizofrenia.<\/p>\n<p>Aos 22 anos, Michelle finalmente encontrou um regime de medica\u00e7\u00e3o que funcionou para ela, incluindo o medicamento antipsic\u00f3tico Zyprexa. No mesmo ano, 2010, Michelle se formou na faculdade em design gr\u00e1fico\/web e licenciada como treinadora de lacrosse feminino. Ela come\u00e7ou a trabalhar como artista gr\u00e1fica.<\/p>\n<p>Michelle se recuperou totalmente da esquizofrenia cerca de quatro anos depois. Ela passou mais tr\u00eas anos tentando outros medicamentos para lidar com os efeitos colaterais, incluindo seda\u00e7\u00e3o. Ela continuou a trabalhar como designer gr\u00e1fica, mas queria fazer mais para fazer a diferen\u00e7a e usar seus talentos art\u00edsticos.<\/p>\n<p>Em 2015, Michelle encontrou um morador de rua em um metr\u00f4 de Nova York que parecia ter esquizofrenia, sozinho e murmurando para si mesmo. Naquele dia, ela percebeu como era afortunada por ter um m\u00e9dico que a apoiava e uma fam\u00edlia amorosa, que foram cruciais para sua recupera\u00e7\u00e3o.<\/p>\n<p>Em um esfor\u00e7o para combater o estigma em torno da esquizofrenia e outras doen\u00e7as mentais, Michelle fundou a linha de roupas Schizophrenic.NYC em maio de 2015. A miss\u00e3o da Schizophrenic.NYC \u00e9 reduzir o estigma iniciando conversas sobre sa\u00fade mental. Schizophrenic.NYC compartilha a mensagem de que uma em cada cinco pessoas lida com doen\u00e7as mentais e n\u00e3o h\u00e1 vergonha em obter ajuda.<\/p>\n<p>Hoje, aos 30 anos, Michelle faz sucesso. Ela gosta de relacionamentos significativos. Em seu tempo livre, ela joga lacrosse.<\/p>\n<p>Em 2018, Michelle lan\u00e7ou um podcast chamado \u201cA Bipolar, um Esquizofr\u00eanico e um Podcast\u201d junto com Gabe Howard. At\u00e9 o momento, eles lan\u00e7aram 27 epis\u00f3dios. Voc\u00ea pode encontrar o podcast deles em\u00a0<a href=\"https:\/\/psychcentral.com\/blog\/bsp\" target=\"_blank\" rel=\"noopener noreferrer\">psychcentral.com\/bsp<\/a>.<\/p>\n<p>Michelle oferece conselhos a qualquer pessoa que esteja com dificuldades: se algo n\u00e3o estiver certo, procure ajuda o mais r\u00e1pido poss\u00edvel. N\u00e3o espere. Se precisar de medicamentos, tudo bem. Isso n\u00e3o significa que voc\u00ea \u00e9 estranho ou diferente. \u00c9 melhor ficar nele e, se funcionar, n\u00e3o saia dele.<\/p>\n<p>Para saber mais sobre Schizophrenic.NYC, acesse\u00a0<a href=\"https:\/\/www.schizophrenic.nyc\/\" target=\"_blank\" rel=\"noopener noreferrer\">https:\/\/www.schizophrenic.nyc\/<\/a>.<\/p>\n<p>Isen\u00e7\u00e3o de responsabilidade: Os sobreviventes da esquizofrenia n\u00e3o s\u00e3o representantes da Funda\u00e7\u00e3o CURESZ.<\/p>\n<\/div><\/div><\/div><\/div><\/div><div class=\"fusion-fullwidth fullwidth-box fusion-builder-row-2 fusion-flex-container hundred-percent-fullwidth non-hundred-percent-height-scrolling\" style=\"--awb-border-radius-top-left:0px;--awb-border-radius-top-right:0px;--awb-border-radius-bottom-right:0px;--awb-border-radius-bottom-left:0px;--awb-padding-top:0px;--awb-padding-right:0px;--awb-padding-bottom:0px;--awb-padding-left:0px;--awb-margin-top:0px;--awb-margin-bottom:0px;--awb-background-color:#015da7;--awb-flex-wrap:wrap;\" ><div class=\"fusion-builder-row fusion-row fusion-flex-align-items-flex-start fusion-flex-content-wrap\" style=\"width:104% !important;max-width:104% !important;margin-left: calc(-4% \/ 2 );margin-right: calc(-4% \/ 2 );\"><\/div><\/div>\n<\/p>","protected":false},"excerpt":{"rendered":"","protected":false},"author":2,"featured_media":0,"parent":35,"menu_order":0,"comment_status":"closed","ping_status":"closed","template":"100-width.php","meta":{"_acf_changed":false,"footnotes":""},"class_list":["post-317","page","type-page","status-publish","hentry"],"acf":[],"yoast_head":"<!-- This site is optimized with the Yoast SEO plugin v27.4 - https:\/\/yoast.com\/product\/yoast-seo-wordpress\/ -->\n<title>Michelle Hammer - CURESZ Foundation<\/title>\n<meta name=\"robots\" content=\"index, follow, max-snippet:-1, max-image-preview:large, max-video-preview:-1\" \/>\n<link rel=\"canonical\" href=\"https:\/\/curesz.org\/pt_pt\/survivors\/michelle-hammer\/\" \/>\n<meta property=\"og:locale\" content=\"pt_PT\" \/>\n<meta property=\"og:type\" content=\"article\" \/>\n<meta property=\"og:title\" content=\"Michelle Hammer - CURESZ Foundation\" \/>\n<meta property=\"og:url\" content=\"https:\/\/curesz.org\/pt_pt\/survivors\/michelle-hammer\/\" \/>\n<meta property=\"og:site_name\" content=\"CURESZ Foundation\" \/>\n<meta property=\"article:publisher\" content=\"https:\/\/www.facebook.com\/Cureszorg\/\" \/>\n<meta property=\"article:modified_time\" content=\"2019-07-10T16:02:17+00:00\" \/>\n<meta name=\"twitter:card\" content=\"summary_large_image\" \/>\n<meta name=\"twitter:site\" content=\"@cureszorg\" \/>\n<meta name=\"twitter:label1\" content=\"Tempo estimado de leitura\" \/>\n\t<meta name=\"twitter:data1\" content=\"5 minutos\" \/>\n<script type=\"application\/ld+json\" class=\"yoast-schema-graph\">{\"@context\":\"https:\\\/\\\/schema.org\",\"@graph\":[{\"@type\":\"WebPage\",\"@id\":\"https:\\\/\\\/curesz.org\\\/survivors\\\/michelle-hammer\\\/\",\"url\":\"https:\\\/\\\/curesz.org\\\/survivors\\\/michelle-hammer\\\/\",\"name\":\"Michelle Hammer - CURESZ Foundation\",\"isPartOf\":{\"@id\":\"https:\\\/\\\/curesz.org\\\/#website\"},\"datePublished\":\"2019-07-10T15:35:34+00:00\",\"dateModified\":\"2019-07-10T16:02:17+00:00\",\"breadcrumb\":{\"@id\":\"https:\\\/\\\/curesz.org\\\/survivors\\\/michelle-hammer\\\/#breadcrumb\"},\"inLanguage\":\"pt-PT\",\"potentialAction\":[{\"@type\":\"ReadAction\",\"target\":[\"https:\\\/\\\/curesz.org\\\/survivors\\\/michelle-hammer\\\/\"]}]},{\"@type\":\"BreadcrumbList\",\"@id\":\"https:\\\/\\\/curesz.org\\\/survivors\\\/michelle-hammer\\\/#breadcrumb\",\"itemListElement\":[{\"@type\":\"ListItem\",\"position\":1,\"name\":\"Home\",\"item\":\"https:\\\/\\\/curesz.org\\\/\"},{\"@type\":\"ListItem\",\"position\":2,\"name\":\"Survivors\",\"item\":\"https:\\\/\\\/curesz.org\\\/survivors\\\/\"},{\"@type\":\"ListItem\",\"position\":3,\"name\":\"Michelle Hammer\"}]},{\"@type\":\"WebSite\",\"@id\":\"https:\\\/\\\/curesz.org\\\/#website\",\"url\":\"https:\\\/\\\/curesz.org\\\/\",\"name\":\"CURESZ Foundation\",\"description\":\"The CURESZ Foundation provides educational updates to patients, families, healthcare professionals and the general public about schizophrenia.\",\"publisher\":{\"@id\":\"https:\\\/\\\/curesz.org\\\/#organization\"},\"potentialAction\":[{\"@type\":\"SearchAction\",\"target\":{\"@type\":\"EntryPoint\",\"urlTemplate\":\"https:\\\/\\\/curesz.org\\\/?s={search_term_string}\"},\"query-input\":{\"@type\":\"PropertyValueSpecification\",\"valueRequired\":true,\"valueName\":\"search_term_string\"}}],\"inLanguage\":\"pt-PT\"},{\"@type\":\"Organization\",\"@id\":\"https:\\\/\\\/curesz.org\\\/#organization\",\"name\":\"Curesz Foundation\",\"url\":\"https:\\\/\\\/curesz.org\\\/\",\"logo\":{\"@type\":\"ImageObject\",\"inLanguage\":\"pt-PT\",\"@id\":\"https:\\\/\\\/curesz.org\\\/#\\\/schema\\\/logo\\\/image\\\/\",\"url\":\"https:\\\/\\\/curesz.org\\\/wp-content\\\/uploads\\\/2020\\\/02\\\/cropped-Logo-with-Foundation-Custom.png\",\"contentUrl\":\"https:\\\/\\\/curesz.org\\\/wp-content\\\/uploads\\\/2020\\\/02\\\/cropped-Logo-with-Foundation-Custom.png\",\"width\":200,\"height\":133,\"caption\":\"Curesz Foundation\"},\"image\":{\"@id\":\"https:\\\/\\\/curesz.org\\\/#\\\/schema\\\/logo\\\/image\\\/\"},\"sameAs\":[\"https:\\\/\\\/www.facebook.com\\\/Cureszorg\\\/\",\"https:\\\/\\\/x.com\\\/cureszorg\",\"https:\\\/\\\/www.instagram.com\\\/cureszfoundation\\\/\",\"https:\\\/\\\/www.youtube.com\\\/channel\\\/UCT3uVzTt8jiJ2qdhuosHPvg\"]}]}<\/script>\n<!-- \/ Yoast SEO plugin. -->","yoast_head_json":{"title":"Michelle Hammer - CURESZ Foundation","robots":{"index":"index","follow":"follow","max-snippet":"max-snippet:-1","max-image-preview":"max-image-preview:large","max-video-preview":"max-video-preview:-1"},"canonical":"https:\/\/curesz.org\/pt_pt\/survivors\/michelle-hammer\/","og_locale":"pt_PT","og_type":"article","og_title":"Michelle Hammer - CURESZ Foundation","og_url":"https:\/\/curesz.org\/pt_pt\/survivors\/michelle-hammer\/","og_site_name":"CURESZ Foundation","article_publisher":"https:\/\/www.facebook.com\/Cureszorg\/","article_modified_time":"2019-07-10T16:02:17+00:00","twitter_card":"summary_large_image","twitter_site":"@cureszorg","twitter_misc":{"Tempo estimado de leitura":"5 minutos"},"schema":{"@context":"https:\/\/schema.org","@graph":[{"@type":"WebPage","@id":"https:\/\/curesz.org\/survivors\/michelle-hammer\/","url":"https:\/\/curesz.org\/survivors\/michelle-hammer\/","name":"Michelle Hammer - CURESZ Foundation","isPartOf":{"@id":"https:\/\/curesz.org\/#website"},"datePublished":"2019-07-10T15:35:34+00:00","dateModified":"2019-07-10T16:02:17+00:00","breadcrumb":{"@id":"https:\/\/curesz.org\/survivors\/michelle-hammer\/#breadcrumb"},"inLanguage":"pt-PT","potentialAction":[{"@type":"ReadAction","target":["https:\/\/curesz.org\/survivors\/michelle-hammer\/"]}]},{"@type":"BreadcrumbList","@id":"https:\/\/curesz.org\/survivors\/michelle-hammer\/#breadcrumb","itemListElement":[{"@type":"ListItem","position":1,"name":"Home","item":"https:\/\/curesz.org\/"},{"@type":"ListItem","position":2,"name":"Survivors","item":"https:\/\/curesz.org\/survivors\/"},{"@type":"ListItem","position":3,"name":"Michelle Hammer"}]},{"@type":"WebSite","@id":"https:\/\/curesz.org\/#website","url":"https:\/\/curesz.org\/","name":"Funda\u00e7\u00e3o CURESZ","description":"A Funda\u00e7\u00e3o CURESZ fornece atualiza\u00e7\u00f5es educacionais para pacientes, familiares, profissionais de sa\u00fade e p\u00fablico em geral sobre esquizofrenia.","publisher":{"@id":"https:\/\/curesz.org\/#organization"},"potentialAction":[{"@type":"SearchAction","target":{"@type":"EntryPoint","urlTemplate":"https:\/\/curesz.org\/?s={search_term_string}"},"query-input":{"@type":"PropertyValueSpecification","valueRequired":true,"valueName":"search_term_string"}}],"inLanguage":"pt-PT"},{"@type":"Organization","@id":"https:\/\/curesz.org\/#organization","name":"Curesz Foundation","url":"https:\/\/curesz.org\/","logo":{"@type":"ImageObject","inLanguage":"pt-PT","@id":"https:\/\/curesz.org\/#\/schema\/logo\/image\/","url":"https:\/\/curesz.org\/wp-content\/uploads\/2020\/02\/cropped-Logo-with-Foundation-Custom.png","contentUrl":"https:\/\/curesz.org\/wp-content\/uploads\/2020\/02\/cropped-Logo-with-Foundation-Custom.png","width":200,"height":133,"caption":"Curesz Foundation"},"image":{"@id":"https:\/\/curesz.org\/#\/schema\/logo\/image\/"},"sameAs":["https:\/\/www.facebook.com\/Cureszorg\/","https:\/\/x.com\/cureszorg","https:\/\/www.instagram.com\/cureszfoundation\/","https:\/\/www.youtube.com\/channel\/UCT3uVzTt8jiJ2qdhuosHPvg"]}]}},"_links":{"self":[{"href":"https:\/\/curesz.org\/pt_pt\/wp-json\/wp\/v2\/pages\/317","targetHints":{"allow":["GET"]}}],"collection":[{"href":"https:\/\/curesz.org\/pt_pt\/wp-json\/wp\/v2\/pages"}],"about":[{"href":"https:\/\/curesz.org\/pt_pt\/wp-json\/wp\/v2\/types\/page"}],"author":[{"embeddable":true,"href":"https:\/\/curesz.org\/pt_pt\/wp-json\/wp\/v2\/users\/2"}],"replies":[{"embeddable":true,"href":"https:\/\/curesz.org\/pt_pt\/wp-json\/wp\/v2\/comments?post=317"}],"version-history":[{"count":3,"href":"https:\/\/curesz.org\/pt_pt\/wp-json\/wp\/v2\/pages\/317\/revisions"}],"predecessor-version":[{"id":321,"href":"https:\/\/curesz.org\/pt_pt\/wp-json\/wp\/v2\/pages\/317\/revisions\/321"}],"up":[{"embeddable":true,"href":"https:\/\/curesz.org\/pt_pt\/wp-json\/wp\/v2\/pages\/35"}],"wp:attachment":[{"href":"https:\/\/curesz.org\/pt_pt\/wp-json\/wp\/v2\/media?parent=317"}],"curies":[{"name":"wp","href":"https:\/\/api.w.org\/{rel}","templated":true}]}}