{"id":3171,"date":"2020-06-02T13:44:59","date_gmt":"2020-06-02T13:44:59","guid":{"rendered":"https:\/\/curesz.org\/?page_id=3171"},"modified":"2020-07-13T18:15:40","modified_gmt":"2020-07-13T18:15:40","slug":"find-a-mentor","status":"publish","type":"page","link":"https:\/\/curesz.org\/pt_pt\/fall-2019-newsletter\/find-a-mentor\/","title":{"rendered":"Encontre um mentor"},"content":{"rendered":"<div class=\"fusion-fullwidth fullwidth-box fusion-builder-row-1 fusion-flex-container nonhundred-percent-fullwidth non-hundred-percent-height-scrolling\" style=\"--link_hover_color: #0274f7;--awb-border-radius-top-left:0px;--awb-border-radius-top-right:0px;--awb-border-radius-bottom-right:0px;--awb-border-radius-bottom-left:0px;--awb-flex-wrap:wrap;\" ><div class=\"fusion-builder-row fusion-row fusion-flex-align-items-flex-start fusion-flex-content-wrap\" style=\"max-width:calc( 1300px + 0px );margin-left: calc(-0px \/ 2 );margin-right: calc(-0px \/ 2 );\"><div class=\"fusion-layout-column fusion_builder_column fusion-builder-column-0 fusion_builder_column_1_1 1_1 fusion-flex-column\" style=\"--awb-bg-size:cover;--awb-width-large:100%;--awb-margin-top-large:0px;--awb-spacing-right-large:0px;--awb-margin-bottom-large:20px;--awb-spacing-left-large:0px;--awb-width-medium:100%;--awb-spacing-right-medium:0px;--awb-spacing-left-medium:0px;--awb-width-small:100%;--awb-spacing-right-small:0px;--awb-spacing-left-small:0px;\"><div class=\"fusion-column-wrapper fusion-column-has-shadow fusion-flex-justify-content-flex-start fusion-content-layout-column\"><div class=\"fusion-text fusion-text-1\"><div id=\"attachment_3202\" style=\"width: 310px\" class=\"wp-caption alignleft\"><img decoding=\"async\" aria-describedby=\"caption-attachment-3202\" class=\"lazyload size-medium wp-image-3202\" src=\"https:\/\/curesz.org\/wp-content\/uploads\/2020\/06\/Nancy-cropped-300x246.jpg\" data-orig-src=\"https:\/\/curesz.org\/wp-content\/uploads\/2020\/06\/Nancy-cropped-300x246.jpg\" alt=\"\" width=\"300\" height=\"246\" srcset=\"data:image\/svg+xml,%3Csvg%20xmlns%3D%27http%3A%2F%2Fwww.w3.org%2F2000%2Fsvg%27%20width%3D%27300%27%20height%3D%27246%27%20viewBox%3D%270%200%20300%20246%27%3E%3Crect%20width%3D%27300%27%20height%3D%27246%27%20fill-opacity%3D%220%22%2F%3E%3C%2Fsvg%3E\" data-srcset=\"https:\/\/curesz.org\/wp-content\/uploads\/2020\/06\/Nancy-cropped-200x164.jpg 200w, https:\/\/curesz.org\/wp-content\/uploads\/2020\/06\/Nancy-cropped-300x246.jpg 300w, https:\/\/curesz.org\/wp-content\/uploads\/2020\/06\/Nancy-cropped-400x327.jpg 400w, https:\/\/curesz.org\/wp-content\/uploads\/2020\/06\/Nancy-cropped-600x491.jpg 600w, https:\/\/curesz.org\/wp-content\/uploads\/2020\/06\/Nancy-cropped-768x629.jpg 768w, https:\/\/curesz.org\/wp-content\/uploads\/2020\/06\/Nancy-cropped-800x655.jpg 800w, https:\/\/curesz.org\/wp-content\/uploads\/2020\/06\/Nancy-cropped.jpg 893w\" data-sizes=\"auto\" data-orig-sizes=\"(max-width: 300px) 100vw, 300px\" \/><p id=\"caption-attachment-3202\" class=\"wp-caption-text\">Nancy, pupila da CURESZ<\/p><\/div>\n<h2><strong>Encontre um mentor<\/strong><\/h2>\n<p>Quando um ente querido recebe um diagn\u00f3stico de esquizofrenia, os membros da fam\u00edlia s\u00e3o frequentemente chamados para se tornarem cuidadores. Os cuidadores enfrentam quest\u00f5es que v\u00e3o desde uma compreens\u00e3o geral da doen\u00e7a e seus efeitos sobre um ente querido at\u00e9 os meios de manter o apoio necess\u00e1rio para um ente querido. A Funda\u00e7\u00e3o CURESZ associa indiv\u00edduos que cuidam de um ente querido com esquizofrenia a um \u201cAmigo\u201d que tem mais experi\u00eancia em cuidar de seu ente querido com esquizofrenia. Nenhuma fam\u00edlia deveria ter que cuidar de um membro da fam\u00edlia com esquizofrenia sem apoio.<\/p>\n<p>A Funda\u00e7\u00e3o CURESZ faz parceria com cuidadores de esquizofrenia que buscam apoio com um mentor \u201cAmigo\u201d que tem experi\u00eancia em cuidar. Esses relacionamentos individuais oferecem esperan\u00e7a aos cuidadores. Os participantes t\u00eam a oportunidade de fazer perguntas pessoais e receber apoio de uma pessoa que conhece a experi\u00eancia. Mentores podem dar apoio e empatia.<\/p>\n<p>Este servi\u00e7o patrocinado pela Funda\u00e7\u00e3o CURESZ \u00e9 gratuito e ajuda qualquer pessoa afetada pela esquizofrenia em qualquer idade, localizada em qualquer lugar do mundo, mas principalmente nos EUA. Cada candidato a mentor (amigo) fala pessoalmente com um membro da equipe da Funda\u00e7\u00e3o CURESZ, e todos os Friendsz s\u00e3o selecionados e treinados por nossa equipe CURESZ.<\/p>\n<p>Por favor, registre-se online preenchendo o <a href=\"https:\/\/curesz.org\/pt_pt\/contact-us\/\" target=\"_blank\" rel=\"noopener noreferrer\">Formul\u00e1rio de contato CUREZ<\/a> e contando-nos um pouco sobre voc\u00ea e seu ente querido que tem esquizofrenia. Um dos membros da nossa equipe CURESZ entrar\u00e1 em contato com voc\u00ea ap\u00f3s o recebimento de suas informa\u00e7\u00f5es. Todas as informa\u00e7\u00f5es s\u00e3o compartilhadas apenas com o seu par. Caso contr\u00e1rio, \u00e9 mantido em total sigilo.<\/p>\n<h2 style=\"text-align: center;\"><a href=\"https:\/\/curesz.org\/pt_pt\/curesz-friendsz-offer-advice-and-support\/become-a-mentor\/\">Torne-se um Mentor<\/a> &amp; <a href=\"https:\/\/curesz.org\/pt_pt\/curesz-friendsz-offer-advice-and-support\/get-involved-with-friendsz\/\">Se envolver<\/a><\/h2>\n<\/div><\/div><\/div><\/div><\/div>","protected":false},"excerpt":{"rendered":"","protected":false},"author":3,"featured_media":0,"parent":2754,"menu_order":0,"comment_status":"closed","ping_status":"closed","template":"","meta":{"_acf_changed":false,"footnotes":""},"class_list":["post-3171","page","type-page","status-publish","hentry"],"acf":[],"yoast_head":"<!-- This site is optimized with the Yoast SEO plugin v27.4 - https:\/\/yoast.com\/product\/yoast-seo-wordpress\/ -->\n<title>Find A Mentor - CURESZ Foundation<\/title>\n<meta name=\"robots\" content=\"index, follow, max-snippet:-1, max-image-preview:large, max-video-preview:-1\" \/>\n<link rel=\"canonical\" href=\"https:\/\/curesz.org\/pt_pt\/fall-2019-newsletter\/find-a-mentor\/\" \/>\n<meta property=\"og:locale\" content=\"pt_PT\" \/>\n<meta property=\"og:type\" content=\"article\" \/>\n<meta property=\"og:title\" content=\"Find A Mentor - CURESZ Foundation\" \/>\n<meta property=\"og:url\" content=\"https:\/\/curesz.org\/pt_pt\/fall-2019-newsletter\/find-a-mentor\/\" \/>\n<meta property=\"og:site_name\" content=\"CURESZ Foundation\" \/>\n<meta property=\"article:publisher\" content=\"https:\/\/www.facebook.com\/Cureszorg\/\" \/>\n<meta property=\"article:modified_time\" content=\"2020-07-13T18:15:40+00:00\" \/>\n<meta property=\"og:image\" content=\"https:\/\/curesz.org\/wp-content\/uploads\/2020\/06\/Nancy-cropped-300x246.jpg\" \/>\n<meta name=\"twitter:card\" content=\"summary_large_image\" \/>\n<meta name=\"twitter:site\" content=\"@cureszorg\" \/>\n<meta name=\"twitter:label1\" content=\"Tempo estimado de leitura\" \/>\n\t<meta name=\"twitter:data1\" content=\"3 minutos\" \/>\n<script type=\"application\/ld+json\" class=\"yoast-schema-graph\">{\"@context\":\"https:\\\/\\\/schema.org\",\"@graph\":[{\"@type\":\"WebPage\",\"@id\":\"https:\\\/\\\/curesz.org\\\/fall-2019-newsletter\\\/find-a-mentor\\\/\",\"url\":\"https:\\\/\\\/curesz.org\\\/fall-2019-newsletter\\\/find-a-mentor\\\/\",\"name\":\"Find A Mentor - CURESZ Foundation\",\"isPartOf\":{\"@id\":\"https:\\\/\\\/curesz.org\\\/#website\"},\"primaryImageOfPage\":{\"@id\":\"https:\\\/\\\/curesz.org\\\/fall-2019-newsletter\\\/find-a-mentor\\\/#primaryimage\"},\"image\":{\"@id\":\"https:\\\/\\\/curesz.org\\\/fall-2019-newsletter\\\/find-a-mentor\\\/#primaryimage\"},\"thumbnailUrl\":\"https:\\\/\\\/curesz.org\\\/wp-content\\\/uploads\\\/2020\\\/06\\\/Nancy-cropped-300x246.jpg\",\"datePublished\":\"2020-06-02T13:44:59+00:00\",\"dateModified\":\"2020-07-13T18:15:40+00:00\",\"breadcrumb\":{\"@id\":\"https:\\\/\\\/curesz.org\\\/fall-2019-newsletter\\\/find-a-mentor\\\/#breadcrumb\"},\"inLanguage\":\"pt-PT\",\"potentialAction\":[{\"@type\":\"ReadAction\",\"target\":[\"https:\\\/\\\/curesz.org\\\/fall-2019-newsletter\\\/find-a-mentor\\\/\"]}]},{\"@type\":\"ImageObject\",\"inLanguage\":\"pt-PT\",\"@id\":\"https:\\\/\\\/curesz.org\\\/fall-2019-newsletter\\\/find-a-mentor\\\/#primaryimage\",\"url\":\"https:\\\/\\\/curesz.org\\\/wp-content\\\/uploads\\\/2020\\\/06\\\/Nancy-cropped-300x246.jpg\",\"contentUrl\":\"https:\\\/\\\/curesz.org\\\/wp-content\\\/uploads\\\/2020\\\/06\\\/Nancy-cropped-300x246.jpg\"},{\"@type\":\"BreadcrumbList\",\"@id\":\"https:\\\/\\\/curesz.org\\\/fall-2019-newsletter\\\/find-a-mentor\\\/#breadcrumb\",\"itemListElement\":[{\"@type\":\"ListItem\",\"position\":1,\"name\":\"Home\",\"item\":\"https:\\\/\\\/curesz.org\\\/\"},{\"@type\":\"ListItem\",\"position\":2,\"name\":\"Fall 2019 Newsletter\",\"item\":\"https:\\\/\\\/curesz.org\\\/fall-2019-newsletter\\\/\"},{\"@type\":\"ListItem\",\"position\":3,\"name\":\"Find A Mentor\"}]},{\"@type\":\"WebSite\",\"@id\":\"https:\\\/\\\/curesz.org\\\/#website\",\"url\":\"https:\\\/\\\/curesz.org\\\/\",\"name\":\"CURESZ Foundation\",\"description\":\"The CURESZ Foundation provides educational updates to patients, families, healthcare professionals and the general public about schizophrenia.\",\"publisher\":{\"@id\":\"https:\\\/\\\/curesz.org\\\/#organization\"},\"potentialAction\":[{\"@type\":\"SearchAction\",\"target\":{\"@type\":\"EntryPoint\",\"urlTemplate\":\"https:\\\/\\\/curesz.org\\\/?s={search_term_string}\"},\"query-input\":{\"@type\":\"PropertyValueSpecification\",\"valueRequired\":true,\"valueName\":\"search_term_string\"}}],\"inLanguage\":\"pt-PT\"},{\"@type\":\"Organization\",\"@id\":\"https:\\\/\\\/curesz.org\\\/#organization\",\"name\":\"Curesz Foundation\",\"url\":\"https:\\\/\\\/curesz.org\\\/\",\"logo\":{\"@type\":\"ImageObject\",\"inLanguage\":\"pt-PT\",\"@id\":\"https:\\\/\\\/curesz.org\\\/#\\\/schema\\\/logo\\\/image\\\/\",\"url\":\"https:\\\/\\\/curesz.org\\\/wp-content\\\/uploads\\\/2020\\\/02\\\/cropped-Logo-with-Foundation-Custom.png\",\"contentUrl\":\"https:\\\/\\\/curesz.org\\\/wp-content\\\/uploads\\\/2020\\\/02\\\/cropped-Logo-with-Foundation-Custom.png\",\"width\":200,\"height\":133,\"caption\":\"Curesz Foundation\"},\"image\":{\"@id\":\"https:\\\/\\\/curesz.org\\\/#\\\/schema\\\/logo\\\/image\\\/\"},\"sameAs\":[\"https:\\\/\\\/www.facebook.com\\\/Cureszorg\\\/\",\"https:\\\/\\\/x.com\\\/cureszorg\",\"https:\\\/\\\/www.instagram.com\\\/cureszfoundation\\\/\",\"https:\\\/\\\/www.youtube.com\\\/channel\\\/UCT3uVzTt8jiJ2qdhuosHPvg\"]}]}<\/script>\n<!-- \/ Yoast SEO plugin. -->","yoast_head_json":{"title":"Find A Mentor - CURESZ Foundation","robots":{"index":"index","follow":"follow","max-snippet":"max-snippet:-1","max-image-preview":"max-image-preview:large","max-video-preview":"max-video-preview:-1"},"canonical":"https:\/\/curesz.org\/pt_pt\/fall-2019-newsletter\/find-a-mentor\/","og_locale":"pt_PT","og_type":"article","og_title":"Find A Mentor - CURESZ Foundation","og_url":"https:\/\/curesz.org\/pt_pt\/fall-2019-newsletter\/find-a-mentor\/","og_site_name":"CURESZ Foundation","article_publisher":"https:\/\/www.facebook.com\/Cureszorg\/","article_modified_time":"2020-07-13T18:15:40+00:00","og_image":[{"url":"https:\/\/curesz.org\/wp-content\/uploads\/2020\/06\/Nancy-cropped-300x246.jpg","type":"","width":"","height":""}],"twitter_card":"summary_large_image","twitter_site":"@cureszorg","twitter_misc":{"Tempo estimado de leitura":"3 minutos"},"schema":{"@context":"https:\/\/schema.org","@graph":[{"@type":"WebPage","@id":"https:\/\/curesz.org\/fall-2019-newsletter\/find-a-mentor\/","url":"https:\/\/curesz.org\/fall-2019-newsletter\/find-a-mentor\/","name":"Find A Mentor - CURESZ Foundation","isPartOf":{"@id":"https:\/\/curesz.org\/#website"},"primaryImageOfPage":{"@id":"https:\/\/curesz.org\/fall-2019-newsletter\/find-a-mentor\/#primaryimage"},"image":{"@id":"https:\/\/curesz.org\/fall-2019-newsletter\/find-a-mentor\/#primaryimage"},"thumbnailUrl":"https:\/\/curesz.org\/wp-content\/uploads\/2020\/06\/Nancy-cropped-300x246.jpg","datePublished":"2020-06-02T13:44:59+00:00","dateModified":"2020-07-13T18:15:40+00:00","breadcrumb":{"@id":"https:\/\/curesz.org\/fall-2019-newsletter\/find-a-mentor\/#breadcrumb"},"inLanguage":"pt-PT","potentialAction":[{"@type":"ReadAction","target":["https:\/\/curesz.org\/fall-2019-newsletter\/find-a-mentor\/"]}]},{"@type":"ImageObject","inLanguage":"pt-PT","@id":"https:\/\/curesz.org\/fall-2019-newsletter\/find-a-mentor\/#primaryimage","url":"https:\/\/curesz.org\/wp-content\/uploads\/2020\/06\/Nancy-cropped-300x246.jpg","contentUrl":"https:\/\/curesz.org\/wp-content\/uploads\/2020\/06\/Nancy-cropped-300x246.jpg"},{"@type":"BreadcrumbList","@id":"https:\/\/curesz.org\/fall-2019-newsletter\/find-a-mentor\/#breadcrumb","itemListElement":[{"@type":"ListItem","position":1,"name":"Home","item":"https:\/\/curesz.org\/"},{"@type":"ListItem","position":2,"name":"Fall 2019 Newsletter","item":"https:\/\/curesz.org\/fall-2019-newsletter\/"},{"@type":"ListItem","position":3,"name":"Find A Mentor"}]},{"@type":"WebSite","@id":"https:\/\/curesz.org\/#website","url":"https:\/\/curesz.org\/","name":"Funda\u00e7\u00e3o CURESZ","description":"A Funda\u00e7\u00e3o CURESZ fornece atualiza\u00e7\u00f5es educacionais para pacientes, familiares, profissionais de sa\u00fade e p\u00fablico em geral sobre esquizofrenia.","publisher":{"@id":"https:\/\/curesz.org\/#organization"},"potentialAction":[{"@type":"SearchAction","target":{"@type":"EntryPoint","urlTemplate":"https:\/\/curesz.org\/?s={search_term_string}"},"query-input":{"@type":"PropertyValueSpecification","valueRequired":true,"valueName":"search_term_string"}}],"inLanguage":"pt-PT"},{"@type":"Organization","@id":"https:\/\/curesz.org\/#organization","name":"Curesz Foundation","url":"https:\/\/curesz.org\/","logo":{"@type":"ImageObject","inLanguage":"pt-PT","@id":"https:\/\/curesz.org\/#\/schema\/logo\/image\/","url":"https:\/\/curesz.org\/wp-content\/uploads\/2020\/02\/cropped-Logo-with-Foundation-Custom.png","contentUrl":"https:\/\/curesz.org\/wp-content\/uploads\/2020\/02\/cropped-Logo-with-Foundation-Custom.png","width":200,"height":133,"caption":"Curesz Foundation"},"image":{"@id":"https:\/\/curesz.org\/#\/schema\/logo\/image\/"},"sameAs":["https:\/\/www.facebook.com\/Cureszorg\/","https:\/\/x.com\/cureszorg","https:\/\/www.instagram.com\/cureszfoundation\/","https:\/\/www.youtube.com\/channel\/UCT3uVzTt8jiJ2qdhuosHPvg"]}]}},"_links":{"self":[{"href":"https:\/\/curesz.org\/pt_pt\/wp-json\/wp\/v2\/pages\/3171","targetHints":{"allow":["GET"]}}],"collection":[{"href":"https:\/\/curesz.org\/pt_pt\/wp-json\/wp\/v2\/pages"}],"about":[{"href":"https:\/\/curesz.org\/pt_pt\/wp-json\/wp\/v2\/types\/page"}],"author":[{"embeddable":true,"href":"https:\/\/curesz.org\/pt_pt\/wp-json\/wp\/v2\/users\/3"}],"replies":[{"embeddable":true,"href":"https:\/\/curesz.org\/pt_pt\/wp-json\/wp\/v2\/comments?post=3171"}],"version-history":[{"count":8,"href":"https:\/\/curesz.org\/pt_pt\/wp-json\/wp\/v2\/pages\/3171\/revisions"}],"predecessor-version":[{"id":3285,"href":"https:\/\/curesz.org\/pt_pt\/wp-json\/wp\/v2\/pages\/3171\/revisions\/3285"}],"up":[{"embeddable":true,"href":"https:\/\/curesz.org\/pt_pt\/wp-json\/wp\/v2\/pages\/2754"}],"wp:attachment":[{"href":"https:\/\/curesz.org\/pt_pt\/wp-json\/wp\/v2\/media?parent=3171"}],"curies":[{"name":"wp","href":"https:\/\/api.w.org\/{rel}","templated":true}]}}