{"id":3175,"date":"2020-06-02T13:51:33","date_gmt":"2020-06-02T13:51:33","guid":{"rendered":"https:\/\/curesz.org\/?page_id=3175"},"modified":"2026-02-19T11:49:54","modified_gmt":"2026-02-19T16:49:54","slug":"get-involved-with-friendsz","status":"publish","type":"page","link":"https:\/\/curesz.org\/pt_pt\/friendsz\/get-involved-with-friendsz\/","title":{"rendered":"Envolva-se com Friendsz"},"content":{"rendered":"<div class=\"fusion-fullwidth fullwidth-box fusion-builder-row-1 fusion-flex-container nonhundred-percent-fullwidth non-hundred-percent-height-scrolling\" style=\"--link_hover_color: #0274f7;--awb-border-radius-top-left:0px;--awb-border-radius-top-right:0px;--awb-border-radius-bottom-right:0px;--awb-border-radius-bottom-left:0px;--awb-flex-wrap:wrap;\" ><div class=\"fusion-builder-row fusion-row fusion-flex-align-items-flex-start fusion-flex-content-wrap\" style=\"max-width:1352px;margin-left: calc(-4% \/ 2 );margin-right: calc(-4% \/ 2 );\"><div class=\"fusion-layout-column fusion_builder_column fusion-builder-column-0 fusion_builder_column_1_1 1_1 fusion-flex-column\" style=\"--awb-bg-size:cover;--awb-width-large:100%;--awb-margin-top-large:0px;--awb-spacing-right-large:1.92%;--awb-margin-bottom-large:20px;--awb-spacing-left-large:1.92%;--awb-width-medium:100%;--awb-spacing-right-medium:1.92%;--awb-spacing-left-medium:1.92%;--awb-width-small:100%;--awb-spacing-right-small:1.92%;--awb-spacing-left-small:1.92%;\"><div class=\"fusion-column-wrapper fusion-column-has-shadow fusion-flex-justify-content-flex-start fusion-content-layout-column\"><div class=\"fusion-text fusion-text-1\"><div id=\"attachment_3194\" style=\"width: 275px\" class=\"wp-caption alignleft\"><img decoding=\"async\" aria-describedby=\"caption-attachment-3194\" class=\"lazyload wp-image-3194 size-medium\" src=\"https:\/\/curesz.org\/wp-content\/uploads\/2020\/06\/Nick-Sjulin-265x300.jpg\" data-orig-src=\"https:\/\/curesz.org\/wp-content\/uploads\/2020\/06\/Nick-Sjulin-265x300.jpg\" alt=\"\" width=\"265\" height=\"300\" srcset=\"data:image\/svg+xml,%3Csvg%20xmlns%3D%27http%3A%2F%2Fwww.w3.org%2F2000%2Fsvg%27%20width%3D%27265%27%20height%3D%27300%27%20viewBox%3D%270%200%20265%20300%27%3E%3Crect%20width%3D%27265%27%20height%3D%27300%27%20fill-opacity%3D%220%22%2F%3E%3C%2Fsvg%3E\" data-srcset=\"https:\/\/curesz.org\/wp-content\/uploads\/2020\/06\/Nick-Sjulin-200x226.jpg 200w, https:\/\/curesz.org\/wp-content\/uploads\/2020\/06\/Nick-Sjulin-265x300.jpg 265w, https:\/\/curesz.org\/wp-content\/uploads\/2020\/06\/Nick-Sjulin-400x453.jpg 400w, https:\/\/curesz.org\/wp-content\/uploads\/2020\/06\/Nick-Sjulin-600x679.jpg 600w, https:\/\/curesz.org\/wp-content\/uploads\/2020\/06\/Nick-Sjulin-768x870.jpg 768w, https:\/\/curesz.org\/wp-content\/uploads\/2020\/06\/Nick-Sjulin-800x906.jpg 800w, https:\/\/curesz.org\/wp-content\/uploads\/2020\/06\/Nick-Sjulin-904x1024.jpg 904w, https:\/\/curesz.org\/wp-content\/uploads\/2020\/06\/Nick-Sjulin.jpg 954w, https:\/\/curesz.org\/wp-content\/uploads\/2020\/06\/Nick-Sjulin-1200x1359.jpg 1200w, https:\/\/curesz.org\/wp-content\/uploads\/2020\/06\/Nick-Sjulin-1357x1536.jpg 1357w\" data-sizes=\"auto\" data-orig-sizes=\"(max-width: 265px) 100vw, 265px\" \/><p id=\"caption-attachment-3194\" class=\"wp-caption-text\">Volunt\u00e1rio da Curesz Nick Sjulin<\/p><\/div>\n<h2><strong>Envolva-se com Friendsz<\/strong><\/h2>\n<p>Anyone can help support the CURESZ Foundation and CURESZ Friendsz! Check out what you can do to make an impact.<br \/>\nVoc\u00ea pode n\u00e3o estar lutando contra a esquizofrenia, mas pode fazer a diferen\u00e7a.<\/p>\n<p>Considere se voluntariar para a Funda\u00e7\u00e3o CURESZ. As oportunidades de voluntariado incluem:<\/p>\n<p>-Contar a seus amigos e conhecidos sobre a Funda\u00e7\u00e3o CURESZ e nossa iniciativa Friendsz para nos ajudar a encontrar novos mentores e pupilos<br \/>\n\u2013 Ajudar a Funda\u00e7\u00e3o CURESZ a organizar eventos presenciais para falar sobre esquizofrenia e recupera\u00e7\u00e3o<br \/>\n&#8211; Establishing CURESZ Clubs in high schools or colleges (<a href=\"https:\/\/curesz.org\/pt_pt\/contact-us\/\" target=\"_blank\" rel=\"noopener noreferrer\">Contate-Nos<\/a> para mais detalhes)<br \/>\n\u2013 Ajudar com videografia ou design gr\u00e1fico para a Funda\u00e7\u00e3o CURESZ<br \/>\n\u2013 Arrecada\u00e7\u00e3o de fundos para a Funda\u00e7\u00e3o CURESZ via Facebook, GoFundMe e outras plataformas<\/p>\n<h2><a href=\"https:\/\/curesz.org\/pt_pt\/curesz-friendsz-offer-advice-and-support\/find-a-mentor\/\">Encontre um mentor<\/a> &amp; <a href=\"https:\/\/curesz.org\/pt_pt\/curesz-friendsz-offer-advice-and-support\/become-a-mentor\/\">Torne-se um Mentor<\/a><\/h2>\n<\/div><\/div><\/div><\/div><\/div>","protected":false},"excerpt":{"rendered":"","protected":false},"author":3,"featured_media":0,"parent":627,"menu_order":0,"comment_status":"closed","ping_status":"closed","template":"","meta":{"_acf_changed":false,"footnotes":""},"class_list":["post-3175","page","type-page","status-publish","hentry"],"acf":[],"yoast_head":"<!-- This site is optimized with the Yoast SEO plugin v27.4 - https:\/\/yoast.com\/product\/yoast-seo-wordpress\/ -->\n<title>Get Involved With Friendsz - CURESZ Foundation<\/title>\n<meta name=\"robots\" content=\"index, follow, max-snippet:-1, max-image-preview:large, max-video-preview:-1\" \/>\n<link rel=\"canonical\" href=\"https:\/\/curesz.org\/pt_pt\/friendsz\/get-involved-with-friendsz\/\" \/>\n<meta property=\"og:locale\" content=\"pt_PT\" \/>\n<meta property=\"og:type\" content=\"article\" \/>\n<meta property=\"og:title\" content=\"Get Involved With Friendsz - CURESZ Foundation\" \/>\n<meta property=\"og:url\" content=\"https:\/\/curesz.org\/pt_pt\/friendsz\/get-involved-with-friendsz\/\" \/>\n<meta property=\"og:site_name\" content=\"CURESZ Foundation\" \/>\n<meta property=\"article:publisher\" content=\"https:\/\/www.facebook.com\/Cureszorg\/\" \/>\n<meta property=\"article:modified_time\" content=\"2026-02-19T16:49:54+00:00\" \/>\n<meta property=\"og:image\" content=\"https:\/\/curesz.org\/wp-content\/uploads\/2020\/06\/Nick-Sjulin.jpg\" \/>\n\t<meta property=\"og:image:width\" content=\"954\" \/>\n\t<meta property=\"og:image:height\" content=\"1080\" \/>\n\t<meta property=\"og:image:type\" content=\"image\/jpeg\" \/>\n<meta name=\"twitter:card\" content=\"summary_large_image\" \/>\n<meta name=\"twitter:site\" content=\"@cureszorg\" \/>\n<script type=\"application\/ld+json\" class=\"yoast-schema-graph\">{\"@context\":\"https:\\\/\\\/schema.org\",\"@graph\":[{\"@type\":\"WebPage\",\"@id\":\"https:\\\/\\\/curesz.org\\\/friendsz\\\/get-involved-with-friendsz\\\/\",\"url\":\"https:\\\/\\\/curesz.org\\\/friendsz\\\/get-involved-with-friendsz\\\/\",\"name\":\"Get Involved With Friendsz - CURESZ Foundation\",\"isPartOf\":{\"@id\":\"https:\\\/\\\/curesz.org\\\/#website\"},\"primaryImageOfPage\":{\"@id\":\"https:\\\/\\\/curesz.org\\\/friendsz\\\/get-involved-with-friendsz\\\/#primaryimage\"},\"image\":{\"@id\":\"https:\\\/\\\/curesz.org\\\/friendsz\\\/get-involved-with-friendsz\\\/#primaryimage\"},\"thumbnailUrl\":\"https:\\\/\\\/curesz.org\\\/wp-content\\\/uploads\\\/2020\\\/06\\\/Nick-Sjulin-265x300.jpg\",\"datePublished\":\"2020-06-02T13:51:33+00:00\",\"dateModified\":\"2026-02-19T16:49:54+00:00\",\"breadcrumb\":{\"@id\":\"https:\\\/\\\/curesz.org\\\/friendsz\\\/get-involved-with-friendsz\\\/#breadcrumb\"},\"inLanguage\":\"pt-PT\",\"potentialAction\":[{\"@type\":\"ReadAction\",\"target\":[\"https:\\\/\\\/curesz.org\\\/friendsz\\\/get-involved-with-friendsz\\\/\"]}]},{\"@type\":\"ImageObject\",\"inLanguage\":\"pt-PT\",\"@id\":\"https:\\\/\\\/curesz.org\\\/friendsz\\\/get-involved-with-friendsz\\\/#primaryimage\",\"url\":\"https:\\\/\\\/curesz.org\\\/wp-content\\\/uploads\\\/2020\\\/06\\\/Nick-Sjulin-265x300.jpg\",\"contentUrl\":\"https:\\\/\\\/curesz.org\\\/wp-content\\\/uploads\\\/2020\\\/06\\\/Nick-Sjulin-265x300.jpg\"},{\"@type\":\"BreadcrumbList\",\"@id\":\"https:\\\/\\\/curesz.org\\\/friendsz\\\/get-involved-with-friendsz\\\/#breadcrumb\",\"itemListElement\":[{\"@type\":\"ListItem\",\"position\":1,\"name\":\"Home\",\"item\":\"https:\\\/\\\/curesz.org\\\/\"},{\"@type\":\"ListItem\",\"position\":2,\"name\":\"Friendsz\",\"item\":\"https:\\\/\\\/curesz.org\\\/friendsz\\\/\"},{\"@type\":\"ListItem\",\"position\":3,\"name\":\"Get Involved With Friendsz\"}]},{\"@type\":\"WebSite\",\"@id\":\"https:\\\/\\\/curesz.org\\\/#website\",\"url\":\"https:\\\/\\\/curesz.org\\\/\",\"name\":\"CURESZ Foundation\",\"description\":\"The CURESZ Foundation provides educational updates to patients, families, healthcare professionals and the general public about schizophrenia.\",\"publisher\":{\"@id\":\"https:\\\/\\\/curesz.org\\\/#organization\"},\"potentialAction\":[{\"@type\":\"SearchAction\",\"target\":{\"@type\":\"EntryPoint\",\"urlTemplate\":\"https:\\\/\\\/curesz.org\\\/?s={search_term_string}\"},\"query-input\":{\"@type\":\"PropertyValueSpecification\",\"valueRequired\":true,\"valueName\":\"search_term_string\"}}],\"inLanguage\":\"pt-PT\"},{\"@type\":\"Organization\",\"@id\":\"https:\\\/\\\/curesz.org\\\/#organization\",\"name\":\"Curesz Foundation\",\"url\":\"https:\\\/\\\/curesz.org\\\/\",\"logo\":{\"@type\":\"ImageObject\",\"inLanguage\":\"pt-PT\",\"@id\":\"https:\\\/\\\/curesz.org\\\/#\\\/schema\\\/logo\\\/image\\\/\",\"url\":\"https:\\\/\\\/curesz.org\\\/wp-content\\\/uploads\\\/2020\\\/02\\\/cropped-Logo-with-Foundation-Custom.png\",\"contentUrl\":\"https:\\\/\\\/curesz.org\\\/wp-content\\\/uploads\\\/2020\\\/02\\\/cropped-Logo-with-Foundation-Custom.png\",\"width\":200,\"height\":133,\"caption\":\"Curesz Foundation\"},\"image\":{\"@id\":\"https:\\\/\\\/curesz.org\\\/#\\\/schema\\\/logo\\\/image\\\/\"},\"sameAs\":[\"https:\\\/\\\/www.facebook.com\\\/Cureszorg\\\/\",\"https:\\\/\\\/x.com\\\/cureszorg\",\"https:\\\/\\\/www.instagram.com\\\/cureszfoundation\\\/\",\"https:\\\/\\\/www.youtube.com\\\/channel\\\/UCT3uVzTt8jiJ2qdhuosHPvg\"]}]}<\/script>\n<!-- \/ Yoast SEO plugin. -->","yoast_head_json":{"title":"Get Involved With Friendsz - CURESZ Foundation","robots":{"index":"index","follow":"follow","max-snippet":"max-snippet:-1","max-image-preview":"max-image-preview:large","max-video-preview":"max-video-preview:-1"},"canonical":"https:\/\/curesz.org\/pt_pt\/friendsz\/get-involved-with-friendsz\/","og_locale":"pt_PT","og_type":"article","og_title":"Get Involved With Friendsz - CURESZ Foundation","og_url":"https:\/\/curesz.org\/pt_pt\/friendsz\/get-involved-with-friendsz\/","og_site_name":"CURESZ Foundation","article_publisher":"https:\/\/www.facebook.com\/Cureszorg\/","article_modified_time":"2026-02-19T16:49:54+00:00","og_image":[{"width":954,"height":1080,"url":"https:\/\/curesz.org\/wp-content\/uploads\/2020\/06\/Nick-Sjulin.jpg","type":"image\/jpeg"}],"twitter_card":"summary_large_image","twitter_site":"@cureszorg","schema":{"@context":"https:\/\/schema.org","@graph":[{"@type":"WebPage","@id":"https:\/\/curesz.org\/friendsz\/get-involved-with-friendsz\/","url":"https:\/\/curesz.org\/friendsz\/get-involved-with-friendsz\/","name":"Get Involved With Friendsz - CURESZ Foundation","isPartOf":{"@id":"https:\/\/curesz.org\/#website"},"primaryImageOfPage":{"@id":"https:\/\/curesz.org\/friendsz\/get-involved-with-friendsz\/#primaryimage"},"image":{"@id":"https:\/\/curesz.org\/friendsz\/get-involved-with-friendsz\/#primaryimage"},"thumbnailUrl":"https:\/\/curesz.org\/wp-content\/uploads\/2020\/06\/Nick-Sjulin-265x300.jpg","datePublished":"2020-06-02T13:51:33+00:00","dateModified":"2026-02-19T16:49:54+00:00","breadcrumb":{"@id":"https:\/\/curesz.org\/friendsz\/get-involved-with-friendsz\/#breadcrumb"},"inLanguage":"pt-PT","potentialAction":[{"@type":"ReadAction","target":["https:\/\/curesz.org\/friendsz\/get-involved-with-friendsz\/"]}]},{"@type":"ImageObject","inLanguage":"pt-PT","@id":"https:\/\/curesz.org\/friendsz\/get-involved-with-friendsz\/#primaryimage","url":"https:\/\/curesz.org\/wp-content\/uploads\/2020\/06\/Nick-Sjulin-265x300.jpg","contentUrl":"https:\/\/curesz.org\/wp-content\/uploads\/2020\/06\/Nick-Sjulin-265x300.jpg"},{"@type":"BreadcrumbList","@id":"https:\/\/curesz.org\/friendsz\/get-involved-with-friendsz\/#breadcrumb","itemListElement":[{"@type":"ListItem","position":1,"name":"Home","item":"https:\/\/curesz.org\/"},{"@type":"ListItem","position":2,"name":"Friendsz","item":"https:\/\/curesz.org\/friendsz\/"},{"@type":"ListItem","position":3,"name":"Get Involved With Friendsz"}]},{"@type":"WebSite","@id":"https:\/\/curesz.org\/#website","url":"https:\/\/curesz.org\/","name":"Funda\u00e7\u00e3o CURESZ","description":"A Funda\u00e7\u00e3o CURESZ fornece atualiza\u00e7\u00f5es educacionais para pacientes, familiares, profissionais de sa\u00fade e p\u00fablico em geral sobre esquizofrenia.","publisher":{"@id":"https:\/\/curesz.org\/#organization"},"potentialAction":[{"@type":"SearchAction","target":{"@type":"EntryPoint","urlTemplate":"https:\/\/curesz.org\/?s={search_term_string}"},"query-input":{"@type":"PropertyValueSpecification","valueRequired":true,"valueName":"search_term_string"}}],"inLanguage":"pt-PT"},{"@type":"Organization","@id":"https:\/\/curesz.org\/#organization","name":"Curesz Foundation","url":"https:\/\/curesz.org\/","logo":{"@type":"ImageObject","inLanguage":"pt-PT","@id":"https:\/\/curesz.org\/#\/schema\/logo\/image\/","url":"https:\/\/curesz.org\/wp-content\/uploads\/2020\/02\/cropped-Logo-with-Foundation-Custom.png","contentUrl":"https:\/\/curesz.org\/wp-content\/uploads\/2020\/02\/cropped-Logo-with-Foundation-Custom.png","width":200,"height":133,"caption":"Curesz Foundation"},"image":{"@id":"https:\/\/curesz.org\/#\/schema\/logo\/image\/"},"sameAs":["https:\/\/www.facebook.com\/Cureszorg\/","https:\/\/x.com\/cureszorg","https:\/\/www.instagram.com\/cureszfoundation\/","https:\/\/www.youtube.com\/channel\/UCT3uVzTt8jiJ2qdhuosHPvg"]}]}},"_links":{"self":[{"href":"https:\/\/curesz.org\/pt_pt\/wp-json\/wp\/v2\/pages\/3175","targetHints":{"allow":["GET"]}}],"collection":[{"href":"https:\/\/curesz.org\/pt_pt\/wp-json\/wp\/v2\/pages"}],"about":[{"href":"https:\/\/curesz.org\/pt_pt\/wp-json\/wp\/v2\/types\/page"}],"author":[{"embeddable":true,"href":"https:\/\/curesz.org\/pt_pt\/wp-json\/wp\/v2\/users\/3"}],"replies":[{"embeddable":true,"href":"https:\/\/curesz.org\/pt_pt\/wp-json\/wp\/v2\/comments?post=3175"}],"version-history":[{"count":9,"href":"https:\/\/curesz.org\/pt_pt\/wp-json\/wp\/v2\/pages\/3175\/revisions"}],"predecessor-version":[{"id":6792,"href":"https:\/\/curesz.org\/pt_pt\/wp-json\/wp\/v2\/pages\/3175\/revisions\/6792"}],"up":[{"embeddable":true,"href":"https:\/\/curesz.org\/pt_pt\/wp-json\/wp\/v2\/pages\/627"}],"wp:attachment":[{"href":"https:\/\/curesz.org\/pt_pt\/wp-json\/wp\/v2\/media?parent=3175"}],"curies":[{"name":"wp","href":"https:\/\/api.w.org\/{rel}","templated":true}]}}