{"id":3214,"date":"2020-06-22T20:41:35","date_gmt":"2020-06-22T20:41:35","guid":{"rendered":"https:\/\/curesz.org\/?page_id=3214"},"modified":"2024-01-08T12:20:11","modified_gmt":"2024-01-08T17:20:11","slug":"matthew-racher","status":"publish","type":"page","link":"https:\/\/curesz.org\/pt_pt\/survivors\/matthew-racher\/","title":{"rendered":"Mateus Racher"},"content":{"rendered":"<p><div class=\"fusion-fullwidth fullwidth-box fusion-builder-row-1 fusion-flex-container nonhundred-percent-fullwidth non-hundred-percent-height-scrolling\" style=\"--awb-border-radius-top-left:0px;--awb-border-radius-top-right:0px;--awb-border-radius-bottom-right:0px;--awb-border-radius-bottom-left:0px;--awb-flex-wrap:wrap;\" ><div class=\"fusion-builder-row fusion-row fusion-flex-align-items-flex-start fusion-flex-content-wrap\" style=\"max-width:1352px;margin-left: calc(-4% \/ 2 );margin-right: calc(-4% \/ 2 );\"><div class=\"fusion-layout-column fusion_builder_column fusion-builder-column-0 fusion_builder_column_1_4 1_4 fusion-flex-column\" style=\"--awb-bg-size:cover;--awb-width-large:25%;--awb-margin-top-large:0px;--awb-spacing-right-large:7.68%;--awb-margin-bottom-large:20px;--awb-spacing-left-large:7.68%;--awb-width-medium:100%;--awb-spacing-right-medium:1.92%;--awb-spacing-left-medium:1.92%;--awb-width-small:100%;--awb-spacing-right-small:1.92%;--awb-spacing-left-small:1.92%;\"><div class=\"fusion-column-wrapper fusion-column-has-shadow fusion-flex-justify-content-flex-start fusion-content-layout-column\"><div class=\"fusion-image-element\" style=\"--awb-caption-title-font-family:var(--h2_typography-font-family);--awb-caption-title-font-weight:var(--h2_typography-font-weight);--awb-caption-title-font-style:var(--h2_typography-font-style);--awb-caption-title-size:var(--h2_typography-font-size);--awb-caption-title-transform:var(--h2_typography-text-transform);--awb-caption-title-line-height:var(--h2_typography-line-height);--awb-caption-title-letter-spacing:var(--h2_typography-letter-spacing);\"><span class=\"fusion-imageframe imageframe-none imageframe-1 hover-type-none\"><img decoding=\"async\" width=\"300\" height=\"300\" title=\"Matt Racher\" src=\"https:\/\/curesz.org\/wp-content\/uploads\/2019\/07\/Matt-Racher.jpg\" data-orig-src=\"https:\/\/curesz.org\/wp-content\/uploads\/2019\/07\/Matt-Racher-300x300.jpg\" alt class=\"lazyload img-responsive wp-image-3207\" srcset=\"data:image\/svg+xml,%3Csvg%20xmlns%3D%27http%3A%2F%2Fwww.w3.org%2F2000%2Fsvg%27%20width%3D%27784%27%20height%3D%27782%27%20viewBox%3D%270%200%20784%20782%27%3E%3Crect%20width%3D%27784%27%20height%3D%27782%27%20fill-opacity%3D%220%22%2F%3E%3C%2Fsvg%3E\" data-srcset=\"https:\/\/curesz.org\/wp-content\/uploads\/2019\/07\/Matt-Racher-200x199.jpg 200w, https:\/\/curesz.org\/wp-content\/uploads\/2019\/07\/Matt-Racher-400x399.jpg 400w, https:\/\/curesz.org\/wp-content\/uploads\/2019\/07\/Matt-Racher-600x598.jpg 600w, https:\/\/curesz.org\/wp-content\/uploads\/2019\/07\/Matt-Racher.jpg 784w\" data-sizes=\"auto\" data-orig-sizes=\"(max-width: 1024px) 100vw, (max-width: 640px) 100vw, 400px\" \/><\/span><\/div><div class=\"fusion-text fusion-text-1\"><p><strong>Mateus Racher, CRPS<\/strong><\/p>\n<\/div><\/div><\/div><div class=\"fusion-layout-column fusion_builder_column fusion-builder-column-1 fusion_builder_column_3_4 3_4 fusion-flex-column\" style=\"--awb-bg-size:cover;--awb-width-large:75%;--awb-margin-top-large:0px;--awb-spacing-right-large:2.56%;--awb-margin-bottom-large:20px;--awb-spacing-left-large:2.56%;--awb-width-medium:100%;--awb-spacing-right-medium:1.92%;--awb-spacing-left-medium:1.92%;--awb-width-small:100%;--awb-spacing-right-small:1.92%;--awb-spacing-left-small:1.92%;\"><div class=\"fusion-column-wrapper fusion-column-has-shadow fusion-flex-justify-content-flex-start fusion-content-layout-column\"><div class=\"fusion-text fusion-text-2\"><p><strong>Musician and Peer Specialist: Matthew Racher<\/strong><\/p>\n<p>Tenho boas lembran\u00e7as de inf\u00e2ncia dos meus primeiros anos crescendo em South Miami, Fl\u00f3rida. Nos fins de semana eu brincava com as crian\u00e7as da vizinhan\u00e7a. Um dia, uma linha de \u00e1gua quebrou e inundou as ruas. Meus amigos da vizinhan\u00e7a local e eu constru\u00edmos minibarcos e jangadas para flutuar ao lado dos carros estacionados.<\/p>\n<p>I went to high school down the street at Gulliver, a college preparatory school with excellent faculty and an array of extracurricular activities. I became heavily involved in musical theatre, casting for lead roles in <em>Grease<\/em>, <em>Into the Woods<\/em>, and <em>Once Upon A Mattress<\/em>. After graduation from high school, I went off to college in Cleveland, Ohio, at Case Western Reserve University in fall 2004. I was interested in studying business and connecting with other like-minded students who had an interest in music.<\/p>\n<p>Durante meus estudos de gradua\u00e7\u00e3o, no inverno de 2005, comecei a sentir sentimentos percept\u00edveis de depress\u00e3o e ansiedade. Comecei a dormir durante as aulas e a ficar acordado a noite toda. Eu estava me distanciando socialmente.<\/p>\n<p>I remember in my freshman year I auditioned for an on-campus <em>a cappella<\/em> group as a baritone singer. I was so ecstatic to have been offered a position. But as my depression kicked in, I became less and less interested in singing and all my other musical interests. When my depression started to hit full force, I began to self-medicate with drugs and compulsive gambling. I entered a dark hole: one in which I couldn\u2019t stand to be present in my life. I felt I had to escape by any means possible.<\/p>\n<p>Em 2006 me transferi para a Universidade de Miami, perto da casa dos meus pais, e morava com eles. Quando voltei a morar com eles, levei todas as minhas ferramentas escapistas comigo, incluindo maconha e jogo compulsivo. O v\u00edcio em drogas e o jogo se tornaram meus amigos mais pr\u00f3ximos. Todos os meus sonhos e esperan\u00e7as pareciam ser um lampejo de luz distante e inalcan\u00e7\u00e1vel.<\/p>\n<p>While living with my parents, they noticed I was experiencing a decline in my mental health. I was more isolated than ever, shuttered in with a mind filled with incoherent thoughts. I would sleep all day with the window shades down. I recall a decline in my personal hygiene. My depression had taken over, and I felt as though my life were over, as if I were trapped in an existence that was merely a shell of who I once was.<\/p>\n<p>My parents brought me to see a psychiatrist. I began engaging in psychotherapy two to three times per week. Several medications were prescribed including bupropion, sertraline, and lamotrigine. I started taking the medications, and although they helped for a short while, I would always resort back to old habits and my own ways of escaping reality. I began to mix the marijuana use with the medication and spiraled down even more.<\/p>\n<p>Em 2009, enquanto ainda morava com meus pais e frequentava aulas locais na Universidade de Miami, sofri meu primeiro surto psic\u00f3tico. Lembro-me de sentimentos de intensa paran\u00f3ia que me compeliam a olhar obsessivamente pelas persianas da minha janela. Eu estava convencido de que o entregador da FedEx foi enviado \u00e0 minha casa pelo FBI. Lembro-me de andar de um lado para o outro com pensamentos acelerados consumindo minha mente. Achei que o mundo tinha acabado e a culpa foi minha.<\/p>\n<p>My parents noticed that my behavior was off, and we met again with my psychiatrist. He recognized that I was experiencing psychosis and prescribed aripiprazole (Abilify). On this medication, my symptoms started to slowly abate. A year following my psychotic break, I was able to focus more on school, and I graduated from the University of Miami (UM) in May of 2010 with a BA in psychology and a minor in music business. I was only able to graduate from UM because I was adhering to medication and determined to make it through my undergraduate studies.<\/p>\n<p>Em 2010, sofri uma perda devastadora. Meu amigo mais pr\u00f3ximo do col\u00e9gio morreu por suic\u00eddio. Quando ouvi a not\u00edcia, foi como um terremoto no meu corpo e na minha alma. Nunca me esquecerei de estar sentado em meu quarto completamente abalado com a not\u00edcia dessa perda. Infelizmente, isso me levou a fugir para minhas formas negativas de enfrentamento, em vez de abra\u00e7ar um processo de luto pela perda.<\/p>\n<p>Depois de afundar ainda mais na depress\u00e3o e no uso de maconha, experimentei outro epis\u00f3dio psic\u00f3tico grave em 2011. Lembro-me de acordar e sentir uma poderosa onda de energia rec\u00e9m-encontrada. Liguei para todos os meus contatos e pedi desculpas a eles, deixando-os saber o quanto os amava. Delirante, lembro-me de sentir um forte sentimento de culpa, acreditando que cada membro da fam\u00edlia ou ente querido em minha vida havia sido afetado negativamente por todas as decis\u00f5es que tomei no passado.<\/p>\n<p>Soon after, while acutely psychotic, I ran away down the street, barefoot, as my father chased me. I was taken to the psychiatric hospital in South Miami for nearly three weeks. To this day I still believe that a significant catalyst for my second psychotic break was my avoidance of processing, embracing, and mourning the death of my friend. While in the hospital, I endlessly searched through the dimly lit corridors for my friend who I had lost to suicide.<\/p>\n<p>Hoje sou grato por ter tido seguro e recursos para cobrir uma interna\u00e7\u00e3o hospitalar t\u00e3o extensa.<\/p>\n<p>After this stay in the hospital, I returned home to what was a long road ahead, a road in which my family and support network tried everything possible to reintegrate me back into a level of connection within my community, and I continued taking Abilify. My parents drove me to doctor\u2019s appointments, peer support groups, and local clubhouse events. My father offered me a job in his office so I could develop and build on work-related skills. My mother drove me to NAMI (National Alliance on Mental Illness) meetings and became passionate about volunteering with the Miami-Dade affiliate. She and a few other NAMI members helped revitalize and grow the local chapter into the remarkable organization it is today.<\/p>\n<p>At that time, I also made a friend named Carlos who had similar mental health challenges. Carlos and I discovered our shared love of acoustic rock music and eventually formed a band, known as &#8220;FogDog.&#8221; To this day, we travel to different communities, spreading the message of hope through original music.<\/p>\n<p>Nunca me senti mais grata pela minha recupera\u00e7\u00e3o do que hoje. Sinto um prop\u00f3sito em retribuir a uma comunidade que me permitiu crescer at\u00e9 onde estou agora.<\/p>\n<p>I am currently working as a certified peer specialist and was recently awarded state certification through the Florida Certification Board. I recently graduated with my Master of Social Work degree and look forward to continuing work in the field of mental health and harm reduction counseling. I plan on working toward licensure to support individuals in achieving their mental health and substance abuse recovery goals, especially within the field of early intervention treatment and care for psychosis. I hope to continue my work to improve the reach of sustained community-based mental healthcare.<\/p>\n<p>Eu n\u00e3o estaria hoje em posi\u00e7\u00e3o de ajudar e servir outras pessoas dentro da minha comunidade se n\u00e3o fosse pela medica\u00e7\u00e3o, pelo apoio da minha fam\u00edlia e pela NAMI Miami-Dade.<\/p>\n<p>When I look back on my experiences from the dark depths of isolation and despair to the light of hope, support, and connectedness, I can only hope that others find it within themselves to never give up and to know that they are not alone. Only together can we discover the strength to quiet this voice and instill a sense of belonging and purpose.<\/p>\n<p>I hope others can find the support and resources to pave a path towards their own light, purpose, and path of self-discovery and realize that recovery, in the face of pain and adversity, is, in fact, an actualization of our most unique, courageous, and resilient qualities. If we hold onto this path and never give up, our individual stories will serve to guide others.<\/p>\n<\/div><\/div><\/div><\/div><\/div><div class=\"fusion-fullwidth fullwidth-box fusion-builder-row-2 fusion-flex-container hundred-percent-fullwidth non-hundred-percent-height-scrolling\" style=\"--awb-border-radius-top-left:0px;--awb-border-radius-top-right:0px;--awb-border-radius-bottom-right:0px;--awb-border-radius-bottom-left:0px;--awb-padding-top:0px;--awb-padding-right:0px;--awb-padding-bottom:0px;--awb-padding-left:0px;--awb-margin-top:0px;--awb-margin-bottom:0px;--awb-background-color:#015da7;--awb-flex-wrap:wrap;\" ><div class=\"fusion-builder-row fusion-row fusion-flex-align-items-flex-start fusion-flex-content-wrap\" style=\"width:104% !important;max-width:104% !important;margin-left: calc(-4% \/ 2 );margin-right: calc(-4% \/ 2 );\"><\/div><\/div>\n<\/p>","protected":false},"excerpt":{"rendered":"","protected":false},"author":3,"featured_media":0,"parent":35,"menu_order":0,"comment_status":"closed","ping_status":"closed","template":"100-width.php","meta":{"_acf_changed":false,"footnotes":""},"class_list":["post-3214","page","type-page","status-publish","hentry"],"acf":[],"yoast_head":"<!-- This site is optimized with the Yoast SEO plugin v27.4 - https:\/\/yoast.com\/product\/yoast-seo-wordpress\/ -->\n<title>Matthew Racher - CURESZ Foundation<\/title>\n<meta name=\"robots\" content=\"index, follow, max-snippet:-1, max-image-preview:large, max-video-preview:-1\" \/>\n<link rel=\"canonical\" href=\"https:\/\/curesz.org\/pt_pt\/survivors\/matthew-racher\/\" \/>\n<meta property=\"og:locale\" content=\"pt_PT\" \/>\n<meta property=\"og:type\" content=\"article\" \/>\n<meta property=\"og:title\" content=\"Matthew Racher - CURESZ Foundation\" \/>\n<meta property=\"og:url\" content=\"https:\/\/curesz.org\/pt_pt\/survivors\/matthew-racher\/\" \/>\n<meta property=\"og:site_name\" content=\"CURESZ Foundation\" \/>\n<meta property=\"article:publisher\" content=\"https:\/\/www.facebook.com\/Cureszorg\/\" \/>\n<meta property=\"article:modified_time\" content=\"2024-01-08T17:20:11+00:00\" \/>\n<meta name=\"twitter:card\" content=\"summary_large_image\" \/>\n<meta name=\"twitter:site\" content=\"@cureszorg\" \/>\n<meta name=\"twitter:label1\" content=\"Tempo estimado de leitura\" \/>\n\t<meta name=\"twitter:data1\" content=\"8 minutos\" \/>\n<script type=\"application\/ld+json\" class=\"yoast-schema-graph\">{\"@context\":\"https:\\\/\\\/schema.org\",\"@graph\":[{\"@type\":\"WebPage\",\"@id\":\"https:\\\/\\\/curesz.org\\\/survivors\\\/matthew-racher\\\/\",\"url\":\"https:\\\/\\\/curesz.org\\\/survivors\\\/matthew-racher\\\/\",\"name\":\"Matthew Racher - CURESZ Foundation\",\"isPartOf\":{\"@id\":\"https:\\\/\\\/curesz.org\\\/#website\"},\"datePublished\":\"2020-06-22T20:41:35+00:00\",\"dateModified\":\"2024-01-08T17:20:11+00:00\",\"breadcrumb\":{\"@id\":\"https:\\\/\\\/curesz.org\\\/survivors\\\/matthew-racher\\\/#breadcrumb\"},\"inLanguage\":\"pt-PT\",\"potentialAction\":[{\"@type\":\"ReadAction\",\"target\":[\"https:\\\/\\\/curesz.org\\\/survivors\\\/matthew-racher\\\/\"]}]},{\"@type\":\"BreadcrumbList\",\"@id\":\"https:\\\/\\\/curesz.org\\\/survivors\\\/matthew-racher\\\/#breadcrumb\",\"itemListElement\":[{\"@type\":\"ListItem\",\"position\":1,\"name\":\"Home\",\"item\":\"https:\\\/\\\/curesz.org\\\/\"},{\"@type\":\"ListItem\",\"position\":2,\"name\":\"Survivors\",\"item\":\"https:\\\/\\\/curesz.org\\\/survivors\\\/\"},{\"@type\":\"ListItem\",\"position\":3,\"name\":\"Matthew Racher\"}]},{\"@type\":\"WebSite\",\"@id\":\"https:\\\/\\\/curesz.org\\\/#website\",\"url\":\"https:\\\/\\\/curesz.org\\\/\",\"name\":\"CURESZ Foundation\",\"description\":\"The CURESZ Foundation provides educational updates to patients, families, healthcare professionals and the general public about schizophrenia.\",\"publisher\":{\"@id\":\"https:\\\/\\\/curesz.org\\\/#organization\"},\"potentialAction\":[{\"@type\":\"SearchAction\",\"target\":{\"@type\":\"EntryPoint\",\"urlTemplate\":\"https:\\\/\\\/curesz.org\\\/?s={search_term_string}\"},\"query-input\":{\"@type\":\"PropertyValueSpecification\",\"valueRequired\":true,\"valueName\":\"search_term_string\"}}],\"inLanguage\":\"pt-PT\"},{\"@type\":\"Organization\",\"@id\":\"https:\\\/\\\/curesz.org\\\/#organization\",\"name\":\"Curesz Foundation\",\"url\":\"https:\\\/\\\/curesz.org\\\/\",\"logo\":{\"@type\":\"ImageObject\",\"inLanguage\":\"pt-PT\",\"@id\":\"https:\\\/\\\/curesz.org\\\/#\\\/schema\\\/logo\\\/image\\\/\",\"url\":\"https:\\\/\\\/curesz.org\\\/wp-content\\\/uploads\\\/2020\\\/02\\\/cropped-Logo-with-Foundation-Custom.png\",\"contentUrl\":\"https:\\\/\\\/curesz.org\\\/wp-content\\\/uploads\\\/2020\\\/02\\\/cropped-Logo-with-Foundation-Custom.png\",\"width\":200,\"height\":133,\"caption\":\"Curesz Foundation\"},\"image\":{\"@id\":\"https:\\\/\\\/curesz.org\\\/#\\\/schema\\\/logo\\\/image\\\/\"},\"sameAs\":[\"https:\\\/\\\/www.facebook.com\\\/Cureszorg\\\/\",\"https:\\\/\\\/x.com\\\/cureszorg\",\"https:\\\/\\\/www.instagram.com\\\/cureszfoundation\\\/\",\"https:\\\/\\\/www.youtube.com\\\/channel\\\/UCT3uVzTt8jiJ2qdhuosHPvg\"]}]}<\/script>\n<!-- \/ Yoast SEO plugin. -->","yoast_head_json":{"title":"Matthew Racher - CURESZ Foundation","robots":{"index":"index","follow":"follow","max-snippet":"max-snippet:-1","max-image-preview":"max-image-preview:large","max-video-preview":"max-video-preview:-1"},"canonical":"https:\/\/curesz.org\/pt_pt\/survivors\/matthew-racher\/","og_locale":"pt_PT","og_type":"article","og_title":"Matthew Racher - CURESZ Foundation","og_url":"https:\/\/curesz.org\/pt_pt\/survivors\/matthew-racher\/","og_site_name":"CURESZ Foundation","article_publisher":"https:\/\/www.facebook.com\/Cureszorg\/","article_modified_time":"2024-01-08T17:20:11+00:00","twitter_card":"summary_large_image","twitter_site":"@cureszorg","twitter_misc":{"Tempo estimado de leitura":"8 minutos"},"schema":{"@context":"https:\/\/schema.org","@graph":[{"@type":"WebPage","@id":"https:\/\/curesz.org\/survivors\/matthew-racher\/","url":"https:\/\/curesz.org\/survivors\/matthew-racher\/","name":"Matthew Racher - CURESZ Foundation","isPartOf":{"@id":"https:\/\/curesz.org\/#website"},"datePublished":"2020-06-22T20:41:35+00:00","dateModified":"2024-01-08T17:20:11+00:00","breadcrumb":{"@id":"https:\/\/curesz.org\/survivors\/matthew-racher\/#breadcrumb"},"inLanguage":"pt-PT","potentialAction":[{"@type":"ReadAction","target":["https:\/\/curesz.org\/survivors\/matthew-racher\/"]}]},{"@type":"BreadcrumbList","@id":"https:\/\/curesz.org\/survivors\/matthew-racher\/#breadcrumb","itemListElement":[{"@type":"ListItem","position":1,"name":"Home","item":"https:\/\/curesz.org\/"},{"@type":"ListItem","position":2,"name":"Survivors","item":"https:\/\/curesz.org\/survivors\/"},{"@type":"ListItem","position":3,"name":"Matthew Racher"}]},{"@type":"WebSite","@id":"https:\/\/curesz.org\/#website","url":"https:\/\/curesz.org\/","name":"Funda\u00e7\u00e3o CURESZ","description":"A Funda\u00e7\u00e3o CURESZ fornece atualiza\u00e7\u00f5es educacionais para pacientes, familiares, profissionais de sa\u00fade e p\u00fablico em geral sobre esquizofrenia.","publisher":{"@id":"https:\/\/curesz.org\/#organization"},"potentialAction":[{"@type":"SearchAction","target":{"@type":"EntryPoint","urlTemplate":"https:\/\/curesz.org\/?s={search_term_string}"},"query-input":{"@type":"PropertyValueSpecification","valueRequired":true,"valueName":"search_term_string"}}],"inLanguage":"pt-PT"},{"@type":"Organization","@id":"https:\/\/curesz.org\/#organization","name":"Curesz Foundation","url":"https:\/\/curesz.org\/","logo":{"@type":"ImageObject","inLanguage":"pt-PT","@id":"https:\/\/curesz.org\/#\/schema\/logo\/image\/","url":"https:\/\/curesz.org\/wp-content\/uploads\/2020\/02\/cropped-Logo-with-Foundation-Custom.png","contentUrl":"https:\/\/curesz.org\/wp-content\/uploads\/2020\/02\/cropped-Logo-with-Foundation-Custom.png","width":200,"height":133,"caption":"Curesz Foundation"},"image":{"@id":"https:\/\/curesz.org\/#\/schema\/logo\/image\/"},"sameAs":["https:\/\/www.facebook.com\/Cureszorg\/","https:\/\/x.com\/cureszorg","https:\/\/www.instagram.com\/cureszfoundation\/","https:\/\/www.youtube.com\/channel\/UCT3uVzTt8jiJ2qdhuosHPvg"]}]}},"_links":{"self":[{"href":"https:\/\/curesz.org\/pt_pt\/wp-json\/wp\/v2\/pages\/3214","targetHints":{"allow":["GET"]}}],"collection":[{"href":"https:\/\/curesz.org\/pt_pt\/wp-json\/wp\/v2\/pages"}],"about":[{"href":"https:\/\/curesz.org\/pt_pt\/wp-json\/wp\/v2\/types\/page"}],"author":[{"embeddable":true,"href":"https:\/\/curesz.org\/pt_pt\/wp-json\/wp\/v2\/users\/3"}],"replies":[{"embeddable":true,"href":"https:\/\/curesz.org\/pt_pt\/wp-json\/wp\/v2\/comments?post=3214"}],"version-history":[{"count":4,"href":"https:\/\/curesz.org\/pt_pt\/wp-json\/wp\/v2\/pages\/3214\/revisions"}],"predecessor-version":[{"id":5627,"href":"https:\/\/curesz.org\/pt_pt\/wp-json\/wp\/v2\/pages\/3214\/revisions\/5627"}],"up":[{"embeddable":true,"href":"https:\/\/curesz.org\/pt_pt\/wp-json\/wp\/v2\/pages\/35"}],"wp:attachment":[{"href":"https:\/\/curesz.org\/pt_pt\/wp-json\/wp\/v2\/media?parent=3214"}],"curies":[{"name":"wp","href":"https:\/\/api.w.org\/{rel}","templated":true}]}}