{"id":3293,"date":"2020-07-23T17:24:44","date_gmt":"2020-07-23T17:24:44","guid":{"rendered":"https:\/\/curesz.org\/?page_id=3293"},"modified":"2020-08-08T17:47:49","modified_gmt":"2020-08-08T17:47:49","slug":"lynette-gee","status":"publish","type":"page","link":"https:\/\/curesz.org\/pt_pt\/friendsz\/lynette-gee\/","title":{"rendered":"Lynette Gee"},"content":{"rendered":"<div id=\"attachment_3289\" style=\"width: 310px\" class=\"wp-caption alignleft\"><img decoding=\"async\" aria-describedby=\"caption-attachment-3289\" class=\"lazyload wp-image-3289 size-medium\" src=\"https:\/\/curesz.org\/wp-content\/uploads\/2020\/07\/Gee-family-1-300x243.jpg\" data-orig-src=\"https:\/\/curesz.org\/wp-content\/uploads\/2020\/07\/Gee-family-1-300x243.jpg\" alt=\"\" width=\"300\" height=\"243\" srcset=\"data:image\/svg+xml,%3Csvg%20xmlns%3D%27http%3A%2F%2Fwww.w3.org%2F2000%2Fsvg%27%20width%3D%27300%27%20height%3D%27243%27%20viewBox%3D%270%200%20300%20243%27%3E%3Crect%20width%3D%27300%27%20height%3D%27243%27%20fill-opacity%3D%220%22%2F%3E%3C%2Fsvg%3E\" data-srcset=\"https:\/\/curesz.org\/wp-content\/uploads\/2020\/07\/Gee-family-1-200x162.jpg 200w, https:\/\/curesz.org\/wp-content\/uploads\/2020\/07\/Gee-family-1-300x243.jpg 300w, https:\/\/curesz.org\/wp-content\/uploads\/2020\/07\/Gee-family-1-400x324.jpg 400w, https:\/\/curesz.org\/wp-content\/uploads\/2020\/07\/Gee-family-1-600x486.jpg 600w, https:\/\/curesz.org\/wp-content\/uploads\/2020\/07\/Gee-family-1.jpg 696w\" data-sizes=\"auto\" data-orig-sizes=\"(max-width: 300px) 100vw, 300px\" \/><p id=\"caption-attachment-3289\" class=\"wp-caption-text\">Lynette, Brandon e Jayson Gee<\/p><\/div>\n<p><strong>Recurso CURESZ Friendsz: Jayson, Lynette e Brandon Gee<\/strong><\/p>\n<p>Em 2005, o filho de Lynette e Jayson Gee, Brandon, desenvolveu esquizofrenia na tenra idade de onze anos (desenvolver esquizofrenia abaixo da idade de treze anos \u00e9 extremamente raro em um em 35.000). Ele foi originalmente informado por seus m\u00e9dicos que ele estaria em tratamento diurno, casas de grupo e hospitais pelo resto de sua vida. Escolhendo confiar em sua f\u00e9 crist\u00e3 e acreditar que Brandon seria curado, os Gee mantiveram o curso e caminharam ao lado de seu filho em sua jornada para a recupera\u00e7\u00e3o total.<\/p>\n<p>Brandon foi inicialmente tratado em um centro de tratamento de sa\u00fade mental localizado a uma hora e meia da casa de Gee, mas Jayson se comprometeu a visitar seu filho quase todos os dias durante um per\u00edodo de seis meses. Jayson garantiu a Brandon que seu tempo de doen\u00e7a era tempor\u00e1rio, nunca perdendo a esperan\u00e7a. Os m\u00e9dicos de Brandon ficaram surpresos com a frequ\u00eancia com que Jayson visitava seu filho e o encorajaram a n\u00e3o ir com tanta frequ\u00eancia, dizendo-lhe que ver Brandon era uma perda de tempo. E em sua doen\u00e7a, Brandon n\u00e3o queria nada com seu pai.<\/p>\n<p>Foi emocionalmente exaustivo e dif\u00edcil, pois Brandon continuou a lutar depois de tentar mais de 10 medicamentos diferentes. A jornada do Gee envolveu v\u00e1rias interna\u00e7\u00f5es hospitalares, casas de grupo, cuidados tempor\u00e1rios e escolas e instala\u00e7\u00f5es de tratamento diurno.<\/p>\n<p>Os Gee&#039;s se mudaram para Cleveland, Ohio em julho de 2006 e estavam determinados a n\u00e3o deixar Brandon em sua casa coletiva em Nova York. Depois de morar em Ohio por um ano, o m\u00e9dico informou aos Gee sobre um estudo realizado no NIH com adolescentes que tomavam clozapina. Em agosto de 2007, Brandon iniciou tratamento com clozapina e em menos de 6 meses suas alucina\u00e7\u00f5es desapareceram.<\/p>\n<p>Gra\u00e7as ao tratamento com clozapina, tr\u00eas anos depois, Brandon se recuperou totalmente e voltou para casa. Ele voltou ao ensino m\u00e9dio, jogou basquete competitivo no time do col\u00e9gio novamente e desfrutou de uma vida normal. Ele se formou no colegial em 2012. Hoje, Brandon tem 27 anos e comemora 13 anos em plena recupera\u00e7\u00e3o. Ele \u00e9 um estudante de honra com especializa\u00e7\u00e3o em administra\u00e7\u00e3o de empresas na Cincinnati State University. Ele tamb\u00e9m teve v\u00e1rios empregos como treinador de basquete em uma escola secund\u00e1ria e secund\u00e1ria e trabalhou no YMCA.<\/p>\n<p>Quando questionada sobre sua jornada como cuidadora, Lynette compartilha: \u201cEssa jornada me fez avaliar minha f\u00e9. Eu questionei, no que eu realmente acredito, n\u00e3o apenas quando as coisas est\u00e3o indo bem na vida, mas quando voc\u00ea atinge os tempos dif\u00edceis. Eu queria esconder o que nossa fam\u00edlia estava realmente passando. O sil\u00eancio e n\u00e3o poder compartilhar com algu\u00e9m apresentava ainda mais problemas. Descobri que tem gente que quer ajudar e servir da melhor forma que sabe. Quando me tornei mais transparente, o amor de Deus por mim foi demonstrado em e atrav\u00e9s de seu povo. \u00c9 por isso que considero uma honra e um privil\u00e9gio ser um apoio para outra pessoa.\u201d<\/p>\n<p>Como costuma acontecer, Lynette descobriu que outros membros da fam\u00edlia sofriam de doen\u00e7a mental e esquizofrenia.<\/p>\n<p>Lynette \u00e9 professora, empres\u00e1ria e m\u00e3e de tr\u00eas filhos. Ao longo dos anos, ela ensinou matem\u00e1tica no ensino m\u00e9dio e na faculdade. Ela tamb\u00e9m trabalhou na Packard Electric como engenheira industrial e em vendas na ind\u00fastria farmac\u00eautica. Hoje, ela trabalha com Gee Coaching, fazendo semin\u00e1rios e treinamentos para educadores e coaching de sa\u00fade individual.<\/p>\n<p>Jayson treina basquete masculino no n\u00edvel universit\u00e1rio. Ele treinou na Youngstown University, na University of Charleston WV, St. Bonaventure, Cleveland State, Longwood University e Winthrop University. Atualmente, ele atua como assistente na Universidade de Cincinnati.<\/p>","protected":false},"excerpt":{"rendered":"<p>CURESZ Friendsz feature: Jayson, Lynette and Brandon Gee In 2005,  [&#8230;]<\/p>\n","protected":false},"author":3,"featured_media":0,"parent":627,"menu_order":0,"comment_status":"closed","ping_status":"closed","template":"","meta":{"_acf_changed":false,"footnotes":""},"class_list":["post-3293","page","type-page","status-publish","hentry"],"acf":[],"yoast_head":"<!-- This site is optimized with the Yoast SEO plugin v27.4 - https:\/\/yoast.com\/product\/yoast-seo-wordpress\/ -->\n<title>Lynette Gee - CURESZ Foundation<\/title>\n<meta name=\"description\" content=\"CURESZ mentor Lynette Gee is a teacher, entrepreneur and mother of three. Her son Brandon has been in full recovery from schizophrenia for 13 years.\" \/>\n<meta name=\"robots\" content=\"index, follow, max-snippet:-1, max-image-preview:large, max-video-preview:-1\" \/>\n<link rel=\"canonical\" href=\"https:\/\/curesz.org\/pt_pt\/friendsz\/lynette-gee\/\" \/>\n<meta property=\"og:locale\" content=\"pt_PT\" \/>\n<meta property=\"og:type\" content=\"article\" \/>\n<meta property=\"og:title\" content=\"Lynette Gee - CURESZ Foundation\" \/>\n<meta property=\"og:description\" content=\"CURESZ mentor Lynette Gee is a teacher, entrepreneur and mother of three. Her son Brandon has been in full recovery from schizophrenia for 13 years.\" \/>\n<meta property=\"og:url\" content=\"https:\/\/curesz.org\/pt_pt\/friendsz\/lynette-gee\/\" \/>\n<meta property=\"og:site_name\" content=\"CURESZ Foundation\" \/>\n<meta property=\"article:publisher\" content=\"https:\/\/www.facebook.com\/Cureszorg\/\" \/>\n<meta property=\"article:modified_time\" content=\"2020-08-08T17:47:49+00:00\" \/>\n<meta property=\"og:image\" content=\"https:\/\/curesz.org\/wp-content\/uploads\/2020\/07\/Gee-family-1-300x243.png\" \/>\n<meta name=\"twitter:card\" content=\"summary_large_image\" \/>\n<meta name=\"twitter:site\" content=\"@cureszorg\" \/>\n<meta name=\"twitter:label1\" content=\"Tempo estimado de leitura\" \/>\n\t<meta name=\"twitter:data1\" content=\"3 minutos\" \/>\n<script type=\"application\/ld+json\" class=\"yoast-schema-graph\">{\"@context\":\"https:\\\/\\\/schema.org\",\"@graph\":[{\"@type\":\"WebPage\",\"@id\":\"https:\\\/\\\/curesz.org\\\/friendsz\\\/lynette-gee\\\/\",\"url\":\"https:\\\/\\\/curesz.org\\\/friendsz\\\/lynette-gee\\\/\",\"name\":\"Lynette Gee - CURESZ Foundation\",\"isPartOf\":{\"@id\":\"https:\\\/\\\/curesz.org\\\/#website\"},\"primaryImageOfPage\":{\"@id\":\"https:\\\/\\\/curesz.org\\\/friendsz\\\/lynette-gee\\\/#primaryimage\"},\"image\":{\"@id\":\"https:\\\/\\\/curesz.org\\\/friendsz\\\/lynette-gee\\\/#primaryimage\"},\"thumbnailUrl\":\"https:\\\/\\\/curesz.org\\\/wp-content\\\/uploads\\\/2020\\\/07\\\/Gee-family-1-300x243.jpg\",\"datePublished\":\"2020-07-23T17:24:44+00:00\",\"dateModified\":\"2020-08-08T17:47:49+00:00\",\"description\":\"CURESZ mentor Lynette Gee is a teacher, entrepreneur and mother of three. Her son Brandon has been in full recovery from schizophrenia for 13 years.\",\"breadcrumb\":{\"@id\":\"https:\\\/\\\/curesz.org\\\/friendsz\\\/lynette-gee\\\/#breadcrumb\"},\"inLanguage\":\"pt-PT\",\"potentialAction\":[{\"@type\":\"ReadAction\",\"target\":[\"https:\\\/\\\/curesz.org\\\/friendsz\\\/lynette-gee\\\/\"]}]},{\"@type\":\"ImageObject\",\"inLanguage\":\"pt-PT\",\"@id\":\"https:\\\/\\\/curesz.org\\\/friendsz\\\/lynette-gee\\\/#primaryimage\",\"url\":\"https:\\\/\\\/curesz.org\\\/wp-content\\\/uploads\\\/2020\\\/07\\\/Gee-family-1-300x243.jpg\",\"contentUrl\":\"https:\\\/\\\/curesz.org\\\/wp-content\\\/uploads\\\/2020\\\/07\\\/Gee-family-1-300x243.jpg\"},{\"@type\":\"BreadcrumbList\",\"@id\":\"https:\\\/\\\/curesz.org\\\/friendsz\\\/lynette-gee\\\/#breadcrumb\",\"itemListElement\":[{\"@type\":\"ListItem\",\"position\":1,\"name\":\"Home\",\"item\":\"https:\\\/\\\/curesz.org\\\/\"},{\"@type\":\"ListItem\",\"position\":2,\"name\":\"Friendsz\",\"item\":\"https:\\\/\\\/curesz.org\\\/friendsz\\\/\"},{\"@type\":\"ListItem\",\"position\":3,\"name\":\"Lynette Gee\"}]},{\"@type\":\"WebSite\",\"@id\":\"https:\\\/\\\/curesz.org\\\/#website\",\"url\":\"https:\\\/\\\/curesz.org\\\/\",\"name\":\"CURESZ Foundation\",\"description\":\"The CURESZ Foundation provides educational updates to patients, families, healthcare professionals and the general public about schizophrenia.\",\"publisher\":{\"@id\":\"https:\\\/\\\/curesz.org\\\/#organization\"},\"potentialAction\":[{\"@type\":\"SearchAction\",\"target\":{\"@type\":\"EntryPoint\",\"urlTemplate\":\"https:\\\/\\\/curesz.org\\\/?s={search_term_string}\"},\"query-input\":{\"@type\":\"PropertyValueSpecification\",\"valueRequired\":true,\"valueName\":\"search_term_string\"}}],\"inLanguage\":\"pt-PT\"},{\"@type\":\"Organization\",\"@id\":\"https:\\\/\\\/curesz.org\\\/#organization\",\"name\":\"Curesz Foundation\",\"url\":\"https:\\\/\\\/curesz.org\\\/\",\"logo\":{\"@type\":\"ImageObject\",\"inLanguage\":\"pt-PT\",\"@id\":\"https:\\\/\\\/curesz.org\\\/#\\\/schema\\\/logo\\\/image\\\/\",\"url\":\"https:\\\/\\\/curesz.org\\\/wp-content\\\/uploads\\\/2020\\\/02\\\/cropped-Logo-with-Foundation-Custom.png\",\"contentUrl\":\"https:\\\/\\\/curesz.org\\\/wp-content\\\/uploads\\\/2020\\\/02\\\/cropped-Logo-with-Foundation-Custom.png\",\"width\":200,\"height\":133,\"caption\":\"Curesz Foundation\"},\"image\":{\"@id\":\"https:\\\/\\\/curesz.org\\\/#\\\/schema\\\/logo\\\/image\\\/\"},\"sameAs\":[\"https:\\\/\\\/www.facebook.com\\\/Cureszorg\\\/\",\"https:\\\/\\\/x.com\\\/cureszorg\",\"https:\\\/\\\/www.instagram.com\\\/cureszfoundation\\\/\",\"https:\\\/\\\/www.youtube.com\\\/channel\\\/UCT3uVzTt8jiJ2qdhuosHPvg\"]}]}<\/script>\n<!-- \/ Yoast SEO plugin. -->","yoast_head_json":{"title":"Lynette Gee - CURESZ Foundation","description":"CURESZ mentor Lynette Gee is a teacher, entrepreneur and mother of three. Her son Brandon has been in full recovery from schizophrenia for 13 years.","robots":{"index":"index","follow":"follow","max-snippet":"max-snippet:-1","max-image-preview":"max-image-preview:large","max-video-preview":"max-video-preview:-1"},"canonical":"https:\/\/curesz.org\/pt_pt\/friendsz\/lynette-gee\/","og_locale":"pt_PT","og_type":"article","og_title":"Lynette Gee - CURESZ Foundation","og_description":"CURESZ mentor Lynette Gee is a teacher, entrepreneur and mother of three. Her son Brandon has been in full recovery from schizophrenia for 13 years.","og_url":"https:\/\/curesz.org\/pt_pt\/friendsz\/lynette-gee\/","og_site_name":"CURESZ Foundation","article_publisher":"https:\/\/www.facebook.com\/Cureszorg\/","article_modified_time":"2020-08-08T17:47:49+00:00","og_image":[{"url":"https:\/\/curesz.org\/wp-content\/uploads\/2020\/07\/Gee-family-1-300x243.png","type":"","width":"","height":""}],"twitter_card":"summary_large_image","twitter_site":"@cureszorg","twitter_misc":{"Tempo estimado de leitura":"3 minutos"},"schema":{"@context":"https:\/\/schema.org","@graph":[{"@type":"WebPage","@id":"https:\/\/curesz.org\/friendsz\/lynette-gee\/","url":"https:\/\/curesz.org\/friendsz\/lynette-gee\/","name":"Lynette Gee - CURESZ Foundation","isPartOf":{"@id":"https:\/\/curesz.org\/#website"},"primaryImageOfPage":{"@id":"https:\/\/curesz.org\/friendsz\/lynette-gee\/#primaryimage"},"image":{"@id":"https:\/\/curesz.org\/friendsz\/lynette-gee\/#primaryimage"},"thumbnailUrl":"https:\/\/curesz.org\/wp-content\/uploads\/2020\/07\/Gee-family-1-300x243.jpg","datePublished":"2020-07-23T17:24:44+00:00","dateModified":"2020-08-08T17:47:49+00:00","description":"CURESZ mentor Lynette Gee is a teacher, entrepreneur and mother of three. Her son Brandon has been in full recovery from schizophrenia for 13 years.","breadcrumb":{"@id":"https:\/\/curesz.org\/friendsz\/lynette-gee\/#breadcrumb"},"inLanguage":"pt-PT","potentialAction":[{"@type":"ReadAction","target":["https:\/\/curesz.org\/friendsz\/lynette-gee\/"]}]},{"@type":"ImageObject","inLanguage":"pt-PT","@id":"https:\/\/curesz.org\/friendsz\/lynette-gee\/#primaryimage","url":"https:\/\/curesz.org\/wp-content\/uploads\/2020\/07\/Gee-family-1-300x243.jpg","contentUrl":"https:\/\/curesz.org\/wp-content\/uploads\/2020\/07\/Gee-family-1-300x243.jpg"},{"@type":"BreadcrumbList","@id":"https:\/\/curesz.org\/friendsz\/lynette-gee\/#breadcrumb","itemListElement":[{"@type":"ListItem","position":1,"name":"Home","item":"https:\/\/curesz.org\/"},{"@type":"ListItem","position":2,"name":"Friendsz","item":"https:\/\/curesz.org\/friendsz\/"},{"@type":"ListItem","position":3,"name":"Lynette Gee"}]},{"@type":"WebSite","@id":"https:\/\/curesz.org\/#website","url":"https:\/\/curesz.org\/","name":"Funda\u00e7\u00e3o CURESZ","description":"A Funda\u00e7\u00e3o CURESZ fornece atualiza\u00e7\u00f5es educacionais para pacientes, familiares, profissionais de sa\u00fade e p\u00fablico em geral sobre esquizofrenia.","publisher":{"@id":"https:\/\/curesz.org\/#organization"},"potentialAction":[{"@type":"SearchAction","target":{"@type":"EntryPoint","urlTemplate":"https:\/\/curesz.org\/?s={search_term_string}"},"query-input":{"@type":"PropertyValueSpecification","valueRequired":true,"valueName":"search_term_string"}}],"inLanguage":"pt-PT"},{"@type":"Organization","@id":"https:\/\/curesz.org\/#organization","name":"Curesz Foundation","url":"https:\/\/curesz.org\/","logo":{"@type":"ImageObject","inLanguage":"pt-PT","@id":"https:\/\/curesz.org\/#\/schema\/logo\/image\/","url":"https:\/\/curesz.org\/wp-content\/uploads\/2020\/02\/cropped-Logo-with-Foundation-Custom.png","contentUrl":"https:\/\/curesz.org\/wp-content\/uploads\/2020\/02\/cropped-Logo-with-Foundation-Custom.png","width":200,"height":133,"caption":"Curesz Foundation"},"image":{"@id":"https:\/\/curesz.org\/#\/schema\/logo\/image\/"},"sameAs":["https:\/\/www.facebook.com\/Cureszorg\/","https:\/\/x.com\/cureszorg","https:\/\/www.instagram.com\/cureszfoundation\/","https:\/\/www.youtube.com\/channel\/UCT3uVzTt8jiJ2qdhuosHPvg"]}]}},"_links":{"self":[{"href":"https:\/\/curesz.org\/pt_pt\/wp-json\/wp\/v2\/pages\/3293","targetHints":{"allow":["GET"]}}],"collection":[{"href":"https:\/\/curesz.org\/pt_pt\/wp-json\/wp\/v2\/pages"}],"about":[{"href":"https:\/\/curesz.org\/pt_pt\/wp-json\/wp\/v2\/types\/page"}],"author":[{"embeddable":true,"href":"https:\/\/curesz.org\/pt_pt\/wp-json\/wp\/v2\/users\/3"}],"replies":[{"embeddable":true,"href":"https:\/\/curesz.org\/pt_pt\/wp-json\/wp\/v2\/comments?post=3293"}],"version-history":[{"count":1,"href":"https:\/\/curesz.org\/pt_pt\/wp-json\/wp\/v2\/pages\/3293\/revisions"}],"predecessor-version":[{"id":3294,"href":"https:\/\/curesz.org\/pt_pt\/wp-json\/wp\/v2\/pages\/3293\/revisions\/3294"}],"up":[{"embeddable":true,"href":"https:\/\/curesz.org\/pt_pt\/wp-json\/wp\/v2\/pages\/627"}],"wp:attachment":[{"href":"https:\/\/curesz.org\/pt_pt\/wp-json\/wp\/v2\/media?parent=3293"}],"curies":[{"name":"wp","href":"https:\/\/api.w.org\/{rel}","templated":true}]}}