{"id":348,"date":"2019-07-10T20:59:37","date_gmt":"2019-07-10T20:59:37","guid":{"rendered":"https:\/\/curesz.info\/?page_id=348"},"modified":"2019-07-10T20:59:38","modified_gmt":"2019-07-10T20:59:38","slug":"ravi-sarin","status":"publish","type":"page","link":"https:\/\/curesz.org\/pt_pt\/survivors\/ravi-sarin\/","title":{"rendered":"Ravi Sarin"},"content":{"rendered":"<p><div class=\"fusion-fullwidth fullwidth-box fusion-builder-row-1 fusion-flex-container nonhundred-percent-fullwidth non-hundred-percent-height-scrolling\" style=\"--awb-border-radius-top-left:0px;--awb-border-radius-top-right:0px;--awb-border-radius-bottom-right:0px;--awb-border-radius-bottom-left:0px;--awb-flex-wrap:wrap;\" ><div class=\"fusion-builder-row fusion-row fusion-flex-align-items-flex-start fusion-flex-content-wrap\" style=\"max-width:1352px;margin-left: calc(-4% \/ 2 );margin-right: calc(-4% \/ 2 );\"><div class=\"fusion-layout-column fusion_builder_column fusion-builder-column-0 fusion_builder_column_1_4 1_4 fusion-flex-column\" style=\"--awb-bg-size:cover;--awb-width-large:25%;--awb-margin-top-large:0px;--awb-spacing-right-large:3.84%;--awb-margin-bottom-large:20px;--awb-spacing-left-large:7.68%;--awb-width-medium:100%;--awb-spacing-right-medium:1.92%;--awb-spacing-left-medium:1.92%;--awb-width-small:100%;--awb-spacing-right-small:1.92%;--awb-spacing-left-small:1.92%;\"><div class=\"fusion-column-wrapper fusion-column-has-shadow fusion-flex-justify-content-flex-start fusion-content-layout-column\"><div class=\"fusion-image-element\" style=\"--awb-caption-title-font-family:var(--h2_typography-font-family);--awb-caption-title-font-weight:var(--h2_typography-font-weight);--awb-caption-title-font-style:var(--h2_typography-font-style);--awb-caption-title-size:var(--h2_typography-font-size);--awb-caption-title-transform:var(--h2_typography-text-transform);--awb-caption-title-line-height:var(--h2_typography-line-height);--awb-caption-title-letter-spacing:var(--h2_typography-letter-spacing);\"><span class=\"fusion-imageframe imageframe-none imageframe-1 hover-type-none\"><img decoding=\"async\" width=\"390\" height=\"404\" title=\"ravi-sarin-picture-1\" src=\"https:\/\/curesz.org\/wp-content\/uploads\/2019\/07\/ravi-sarin-picture-1.jpg\" data-orig-src=\"https:\/\/curesz.org\/wp-content\/uploads\/2019\/07\/ravi-sarin-picture-1.jpg\" alt class=\"lazyload img-responsive wp-image-349\" srcset=\"data:image\/svg+xml,%3Csvg%20xmlns%3D%27http%3A%2F%2Fwww.w3.org%2F2000%2Fsvg%27%20width%3D%27390%27%20height%3D%27404%27%20viewBox%3D%270%200%20390%20404%27%3E%3Crect%20width%3D%27390%27%20height%3D%27404%27%20fill-opacity%3D%220%22%2F%3E%3C%2Fsvg%3E\" data-srcset=\"https:\/\/curesz.org\/wp-content\/uploads\/2019\/07\/ravi-sarin-picture-1-200x207.jpg 200w, https:\/\/curesz.org\/wp-content\/uploads\/2019\/07\/ravi-sarin-picture-1.jpg 390w\" data-sizes=\"auto\" data-orig-sizes=\"(max-width: 1024px) 100vw, (max-width: 640px) 100vw, 390px\" \/><\/span><\/div><div class=\"fusion-text fusion-text-1\"><p><strong>Ravi Sarin<\/strong><\/p>\n<\/div><\/div><\/div><div class=\"fusion-layout-column fusion_builder_column fusion-builder-column-1 fusion_builder_column_3_4 3_4 fusion-flex-column\" style=\"--awb-bg-size:cover;--awb-width-large:75%;--awb-margin-top-large:0px;--awb-spacing-right-large:2.56%;--awb-margin-bottom-large:20px;--awb-spacing-left-large:3.84%;--awb-width-medium:100%;--awb-spacing-right-medium:1.92%;--awb-spacing-left-medium:1.92%;--awb-width-small:100%;--awb-spacing-right-small:1.92%;--awb-spacing-left-small:1.92%;\"><div class=\"fusion-column-wrapper fusion-column-has-shadow fusion-flex-justify-content-flex-start fusion-content-layout-column\"><div class=\"fusion-text fusion-text-2\"><p>Superando a esquizofrenia: Ravi Sarin.<\/p>\n<p>Ravi Sarin tem 48 anos. Apesar de ter sido diagnosticado com esquizofrenia aos 16 anos, ele teve 26 anos de vida pr\u00f3spera. Hoje, como membro de uma equipe do ACT, ele ajuda pessoas com doen\u00e7as mentais a encontrar o tratamento de que precisam para reconstruir suas vidas.<\/p>\n<p>Ravi teve uma boa inf\u00e2ncia com uma fam\u00edlia amorosa e foi um aluno nota A. Aos 15 anos, ele come\u00e7ou a ter dificuldade para ler, ou mesmo para conversar. Ele considerou sua culpa, acreditando que n\u00e3o estava se esfor\u00e7ando ou estudando o suficiente. Apesar de seus esfor\u00e7os, suas notas ca\u00edram.<\/p>\n<p>Aos 16 anos ele fumava maconha pesadamente, ficou paran\u00f3ico e come\u00e7ou a ouvir vozes. Depois de interromper completamente a maconha, seus sintomas persistiram. No final da nona s\u00e9rie e na d\u00e9cima s\u00e9rie, ele ficou deprimido e lutou com problemas de personalidade. Ele abandonou o ensino m\u00e9dio, incapaz de estudar devido \u00e0 paran\u00f3ia e vozes.<\/p>\n<p>Quando Ravi foi diagnosticado com esquizofrenia aos 16 anos, sua condi\u00e7\u00e3o inicialmente parecia desesperadora e suas perspectivas de recupera\u00e7\u00e3o pareciam imposs\u00edveis. Ele passou os pr\u00f3ximos sete anos no Sunnybrook Hospital em Toronto. Devido \u00e0 frustra\u00e7\u00e3o e raiva por ter perdido tanto de sua vida, Ravi tornou-se suicida.<\/p>\n<p>Em janeiro de 1991, aos 21 anos, Ravi mudou-se de Toronto para Dallas, Texas, onde passaria um ano em uma enfermaria trancada. Em 1992, enquanto estava em Dallas, Ravi come\u00e7ou a tomar a medica\u00e7\u00e3o clozapina.<\/p>\n<p>Depois de alguns meses tomando clozapina, Ravi conseguiu pensar com mais clareza. Ele frequentou grupos hospitalares, incluindo arteterapia, exerc\u00edcios e terapia cognitivo-comportamental (TCC) di\u00e1ria. Ele ficou motivado para recuperar sua vida.<\/p>\n<p>Ravi voltou para Toronto, onde encontrou emprego como funcion\u00e1rio de apoio pessoal em uma casa de repouso e, mais tarde, serviu em uma unidade de Alzheimer. Em 1995, ingressou na Schizophrenia Society em Toronto e trabalhou para a John Gibson House.<\/p>\n<p>Em 1995, enquanto trabalhava a tempo parcial com idosos com doen\u00e7a mental, desenvolveu o desejo de fazer mais. Ravi se matriculou em uma escola noturna para se tornar um praticante de reabilita\u00e7\u00e3o psicossocial e se formou em 1999. Al\u00e9m disso, ele se tornou um representante da clozapina para a Novartis em 1998.<\/p>\n<p>Hoje, usando sua experi\u00eancia de vida e seu treinamento em aconselhamento de sa\u00fade mental, Ravi ensina os membros de sua equipe do Toronto ACT a entender melhor a esquizofrenia. Ele reconhece claramente a necessidade urgente de apoiar pessoas com esquizofrenia para que n\u00e3o acabem em uma situa\u00e7\u00e3o aparentemente sem esperan\u00e7a, incapazes de trabalhar ou frequentar a escola, como ele j\u00e1 foi.<\/p>\n<p>Como especialista em apoio de pares, Ravi apoia um n\u00famero de casos de 85 pessoas que foram diagnosticadas com esquizofrenia. Ele os ajuda e os encoraja em sua jornada rumo \u00e0 recupera\u00e7\u00e3o. Ele \u00e9 apaixonado por ajudar as pessoas a reentrar na sociedade e recuperar suas vidas no n\u00edvel mais alto poss\u00edvel.<\/p>\n<p>Ravi nunca esquecer\u00e1 sua not\u00e1vel jornada de dez anos em dire\u00e7\u00e3o \u00e0 recupera\u00e7\u00e3o. Ele incentiva os pacientes resistentes ao tratamento a experimentarem a clozapina, o medicamento que tem sido mais eficaz para ele.<\/p>\n<div class=\"jetpack-video-wrapper\"><\/div>\n<\/div><\/div><\/div><\/div><\/div><div class=\"fusion-fullwidth fullwidth-box fusion-builder-row-2 fusion-flex-container hundred-percent-fullwidth non-hundred-percent-height-scrolling\" style=\"--awb-border-radius-top-left:0px;--awb-border-radius-top-right:0px;--awb-border-radius-bottom-right:0px;--awb-border-radius-bottom-left:0px;--awb-padding-top:0px;--awb-padding-right:0px;--awb-padding-bottom:0px;--awb-padding-left:0px;--awb-margin-top:0px;--awb-margin-bottom:0px;--awb-background-color:#015da7;--awb-flex-wrap:wrap;\" ><div class=\"fusion-builder-row fusion-row fusion-flex-align-items-flex-start fusion-flex-content-wrap\" style=\"width:104% !important;max-width:104% !important;margin-left: calc(-4% \/ 2 );margin-right: calc(-4% \/ 2 );\"><\/div><\/div>\n<\/p>","protected":false},"excerpt":{"rendered":"","protected":false},"author":2,"featured_media":0,"parent":35,"menu_order":0,"comment_status":"closed","ping_status":"closed","template":"100-width.php","meta":{"_acf_changed":false,"footnotes":""},"class_list":["post-348","page","type-page","status-publish","hentry"],"acf":[],"yoast_head":"<!-- This site is optimized with the Yoast SEO plugin v27.3 - https:\/\/yoast.com\/product\/yoast-seo-wordpress\/ -->\n<title>Ravi Sarin - CURESZ Foundation<\/title>\n<meta name=\"robots\" content=\"index, follow, max-snippet:-1, max-image-preview:large, max-video-preview:-1\" \/>\n<link rel=\"canonical\" href=\"https:\/\/curesz.org\/pt_pt\/survivors\/ravi-sarin\/\" \/>\n<meta property=\"og:locale\" content=\"pt_PT\" \/>\n<meta property=\"og:type\" content=\"article\" \/>\n<meta property=\"og:title\" content=\"Ravi Sarin - CURESZ Foundation\" \/>\n<meta property=\"og:url\" content=\"https:\/\/curesz.org\/pt_pt\/survivors\/ravi-sarin\/\" \/>\n<meta property=\"og:site_name\" content=\"CURESZ Foundation\" \/>\n<meta property=\"article:publisher\" content=\"https:\/\/www.facebook.com\/Cureszorg\/\" \/>\n<meta property=\"article:modified_time\" content=\"2019-07-10T20:59:38+00:00\" \/>\n<meta name=\"twitter:card\" content=\"summary_large_image\" \/>\n<meta name=\"twitter:site\" content=\"@cureszorg\" \/>\n<meta name=\"twitter:label1\" content=\"Tempo estimado de leitura\" \/>\n\t<meta name=\"twitter:data1\" content=\"4 minutos\" \/>\n<script type=\"application\/ld+json\" class=\"yoast-schema-graph\">{\"@context\":\"https:\\\/\\\/schema.org\",\"@graph\":[{\"@type\":\"WebPage\",\"@id\":\"https:\\\/\\\/curesz.org\\\/survivors\\\/ravi-sarin\\\/\",\"url\":\"https:\\\/\\\/curesz.org\\\/survivors\\\/ravi-sarin\\\/\",\"name\":\"Ravi Sarin - CURESZ Foundation\",\"isPartOf\":{\"@id\":\"https:\\\/\\\/curesz.org\\\/#website\"},\"datePublished\":\"2019-07-10T20:59:37+00:00\",\"dateModified\":\"2019-07-10T20:59:38+00:00\",\"breadcrumb\":{\"@id\":\"https:\\\/\\\/curesz.org\\\/survivors\\\/ravi-sarin\\\/#breadcrumb\"},\"inLanguage\":\"pt-PT\",\"potentialAction\":[{\"@type\":\"ReadAction\",\"target\":[\"https:\\\/\\\/curesz.org\\\/survivors\\\/ravi-sarin\\\/\"]}]},{\"@type\":\"BreadcrumbList\",\"@id\":\"https:\\\/\\\/curesz.org\\\/survivors\\\/ravi-sarin\\\/#breadcrumb\",\"itemListElement\":[{\"@type\":\"ListItem\",\"position\":1,\"name\":\"Home\",\"item\":\"https:\\\/\\\/curesz.org\\\/\"},{\"@type\":\"ListItem\",\"position\":2,\"name\":\"Survivors\",\"item\":\"https:\\\/\\\/curesz.org\\\/survivors\\\/\"},{\"@type\":\"ListItem\",\"position\":3,\"name\":\"Ravi Sarin\"}]},{\"@type\":\"WebSite\",\"@id\":\"https:\\\/\\\/curesz.org\\\/#website\",\"url\":\"https:\\\/\\\/curesz.org\\\/\",\"name\":\"CURESZ Foundation\",\"description\":\"The CURESZ Foundation provides educational updates to patients, families, healthcare professionals and the general public about schizophrenia.\",\"publisher\":{\"@id\":\"https:\\\/\\\/curesz.org\\\/#organization\"},\"potentialAction\":[{\"@type\":\"SearchAction\",\"target\":{\"@type\":\"EntryPoint\",\"urlTemplate\":\"https:\\\/\\\/curesz.org\\\/?s={search_term_string}\"},\"query-input\":{\"@type\":\"PropertyValueSpecification\",\"valueRequired\":true,\"valueName\":\"search_term_string\"}}],\"inLanguage\":\"pt-PT\"},{\"@type\":\"Organization\",\"@id\":\"https:\\\/\\\/curesz.org\\\/#organization\",\"name\":\"Curesz Foundation\",\"url\":\"https:\\\/\\\/curesz.org\\\/\",\"logo\":{\"@type\":\"ImageObject\",\"inLanguage\":\"pt-PT\",\"@id\":\"https:\\\/\\\/curesz.org\\\/#\\\/schema\\\/logo\\\/image\\\/\",\"url\":\"https:\\\/\\\/curesz.org\\\/wp-content\\\/uploads\\\/2020\\\/02\\\/cropped-Logo-with-Foundation-Custom.png\",\"contentUrl\":\"https:\\\/\\\/curesz.org\\\/wp-content\\\/uploads\\\/2020\\\/02\\\/cropped-Logo-with-Foundation-Custom.png\",\"width\":200,\"height\":133,\"caption\":\"Curesz Foundation\"},\"image\":{\"@id\":\"https:\\\/\\\/curesz.org\\\/#\\\/schema\\\/logo\\\/image\\\/\"},\"sameAs\":[\"https:\\\/\\\/www.facebook.com\\\/Cureszorg\\\/\",\"https:\\\/\\\/x.com\\\/cureszorg\",\"https:\\\/\\\/www.instagram.com\\\/cureszfoundation\\\/\",\"https:\\\/\\\/www.youtube.com\\\/channel\\\/UCT3uVzTt8jiJ2qdhuosHPvg\"]}]}<\/script>\n<!-- \/ Yoast SEO plugin. -->","yoast_head_json":{"title":"Ravi Sarin - CURESZ Foundation","robots":{"index":"index","follow":"follow","max-snippet":"max-snippet:-1","max-image-preview":"max-image-preview:large","max-video-preview":"max-video-preview:-1"},"canonical":"https:\/\/curesz.org\/pt_pt\/survivors\/ravi-sarin\/","og_locale":"pt_PT","og_type":"article","og_title":"Ravi Sarin - CURESZ Foundation","og_url":"https:\/\/curesz.org\/pt_pt\/survivors\/ravi-sarin\/","og_site_name":"CURESZ Foundation","article_publisher":"https:\/\/www.facebook.com\/Cureszorg\/","article_modified_time":"2019-07-10T20:59:38+00:00","twitter_card":"summary_large_image","twitter_site":"@cureszorg","twitter_misc":{"Tempo estimado de leitura":"4 minutos"},"schema":{"@context":"https:\/\/schema.org","@graph":[{"@type":"WebPage","@id":"https:\/\/curesz.org\/survivors\/ravi-sarin\/","url":"https:\/\/curesz.org\/survivors\/ravi-sarin\/","name":"Ravi Sarin - CURESZ Foundation","isPartOf":{"@id":"https:\/\/curesz.org\/#website"},"datePublished":"2019-07-10T20:59:37+00:00","dateModified":"2019-07-10T20:59:38+00:00","breadcrumb":{"@id":"https:\/\/curesz.org\/survivors\/ravi-sarin\/#breadcrumb"},"inLanguage":"pt-PT","potentialAction":[{"@type":"ReadAction","target":["https:\/\/curesz.org\/survivors\/ravi-sarin\/"]}]},{"@type":"BreadcrumbList","@id":"https:\/\/curesz.org\/survivors\/ravi-sarin\/#breadcrumb","itemListElement":[{"@type":"ListItem","position":1,"name":"Home","item":"https:\/\/curesz.org\/"},{"@type":"ListItem","position":2,"name":"Survivors","item":"https:\/\/curesz.org\/survivors\/"},{"@type":"ListItem","position":3,"name":"Ravi Sarin"}]},{"@type":"WebSite","@id":"https:\/\/curesz.org\/#website","url":"https:\/\/curesz.org\/","name":"Funda\u00e7\u00e3o CURESZ","description":"A Funda\u00e7\u00e3o CURESZ fornece atualiza\u00e7\u00f5es educacionais para pacientes, familiares, profissionais de sa\u00fade e p\u00fablico em geral sobre esquizofrenia.","publisher":{"@id":"https:\/\/curesz.org\/#organization"},"potentialAction":[{"@type":"SearchAction","target":{"@type":"EntryPoint","urlTemplate":"https:\/\/curesz.org\/?s={search_term_string}"},"query-input":{"@type":"PropertyValueSpecification","valueRequired":true,"valueName":"search_term_string"}}],"inLanguage":"pt-PT"},{"@type":"Organization","@id":"https:\/\/curesz.org\/#organization","name":"Curesz Foundation","url":"https:\/\/curesz.org\/","logo":{"@type":"ImageObject","inLanguage":"pt-PT","@id":"https:\/\/curesz.org\/#\/schema\/logo\/image\/","url":"https:\/\/curesz.org\/wp-content\/uploads\/2020\/02\/cropped-Logo-with-Foundation-Custom.png","contentUrl":"https:\/\/curesz.org\/wp-content\/uploads\/2020\/02\/cropped-Logo-with-Foundation-Custom.png","width":200,"height":133,"caption":"Curesz Foundation"},"image":{"@id":"https:\/\/curesz.org\/#\/schema\/logo\/image\/"},"sameAs":["https:\/\/www.facebook.com\/Cureszorg\/","https:\/\/x.com\/cureszorg","https:\/\/www.instagram.com\/cureszfoundation\/","https:\/\/www.youtube.com\/channel\/UCT3uVzTt8jiJ2qdhuosHPvg"]}]}},"_links":{"self":[{"href":"https:\/\/curesz.org\/pt_pt\/wp-json\/wp\/v2\/pages\/348","targetHints":{"allow":["GET"]}}],"collection":[{"href":"https:\/\/curesz.org\/pt_pt\/wp-json\/wp\/v2\/pages"}],"about":[{"href":"https:\/\/curesz.org\/pt_pt\/wp-json\/wp\/v2\/types\/page"}],"author":[{"embeddable":true,"href":"https:\/\/curesz.org\/pt_pt\/wp-json\/wp\/v2\/users\/2"}],"replies":[{"embeddable":true,"href":"https:\/\/curesz.org\/pt_pt\/wp-json\/wp\/v2\/comments?post=348"}],"version-history":[{"count":1,"href":"https:\/\/curesz.org\/pt_pt\/wp-json\/wp\/v2\/pages\/348\/revisions"}],"predecessor-version":[{"id":350,"href":"https:\/\/curesz.org\/pt_pt\/wp-json\/wp\/v2\/pages\/348\/revisions\/350"}],"up":[{"embeddable":true,"href":"https:\/\/curesz.org\/pt_pt\/wp-json\/wp\/v2\/pages\/35"}],"wp:attachment":[{"href":"https:\/\/curesz.org\/pt_pt\/wp-json\/wp\/v2\/media?parent=348"}],"curies":[{"name":"wp","href":"https:\/\/api.w.org\/{rel}","templated":true}]}}