{"id":3499,"date":"2020-11-02T17:59:23","date_gmt":"2020-11-02T17:59:23","guid":{"rendered":"https:\/\/curesz.org\/?page_id=3499"},"modified":"2025-10-15T19:00:32","modified_gmt":"2025-10-15T23:00:32","slug":"anthony-vitucci-donors","status":"publish","type":"page","link":"https:\/\/curesz.org\/pt_pt\/about\/wall-of-recognition\/anthony-vitucci-donors\/","title":{"rendered":"Doadores Anthony Vitucci"},"content":{"rendered":"<p><div class=\"fusion-fullwidth fullwidth-box fusion-builder-row-1 fusion-flex-container nonhundred-percent-fullwidth non-hundred-percent-height-scrolling\" style=\"--awb-border-radius-top-left:0px;--awb-border-radius-top-right:0px;--awb-border-radius-bottom-right:0px;--awb-border-radius-bottom-left:0px;--awb-flex-wrap:wrap;\" ><div class=\"fusion-builder-row fusion-row fusion-flex-align-items-flex-start fusion-flex-content-wrap\" style=\"max-width:1352px;margin-left: calc(-4% \/ 2 );margin-right: calc(-4% \/ 2 );\"><div class=\"fusion-layout-column fusion_builder_column fusion-builder-column-0 fusion_builder_column_1_1 1_1 fusion-flex-column\" style=\"--awb-bg-size:cover;--awb-width-large:100%;--awb-margin-top-large:0px;--awb-spacing-right-large:1.92%;--awb-margin-bottom-large:20px;--awb-spacing-left-large:1.92%;--awb-width-medium:100%;--awb-order-medium:0;--awb-spacing-right-medium:1.92%;--awb-spacing-left-medium:1.92%;--awb-width-small:100%;--awb-order-small:0;--awb-spacing-right-small:1.92%;--awb-spacing-left-small:1.92%;\"><div class=\"fusion-column-wrapper fusion-column-has-shadow fusion-flex-justify-content-flex-start fusion-content-layout-column\"><\/div><\/div><div class=\"fusion-layout-column fusion_builder_column fusion-builder-column-1 fusion_builder_column_1_1 1_1 fusion-flex-column fusion-flex-align-self-center\" style=\"--awb-bg-size:cover;--awb-width-large:100%;--awb-margin-top-large:0px;--awb-spacing-right-large:1.92%;--awb-margin-bottom-large:20px;--awb-spacing-left-large:1.92%;--awb-width-medium:100%;--awb-order-medium:0;--awb-spacing-right-medium:1.92%;--awb-spacing-left-medium:1.92%;--awb-width-small:100%;--awb-order-small:0;--awb-spacing-right-small:1.92%;--awb-spacing-left-small:1.92%;\"><div class=\"fusion-column-wrapper fusion-column-has-shadow fusion-flex-justify-content-flex-start fusion-content-layout-column\"><div class=\"fusion-text fusion-text-1\"><p><img decoding=\"async\" class=\"lazyload size-full wp-image-4093 alignleft\" src=\"https:\/\/curesz.org\/wp-content\/uploads\/2021\/08\/Anthony-image.jpg\" data-orig-src=\"https:\/\/curesz.org\/wp-content\/uploads\/2021\/08\/Anthony-image.jpg\" alt=\"Anthony\" width=\"243\" height=\"300\" srcset=\"data:image\/svg+xml,%3Csvg%20xmlns%3D%27http%3A%2F%2Fwww.w3.org%2F2000%2Fsvg%27%20width%3D%27243%27%20height%3D%27300%27%20viewBox%3D%270%200%20243%20300%27%3E%3Crect%20width%3D%27243%27%20height%3D%27300%27%20fill-opacity%3D%220%22%2F%3E%3C%2Fsvg%3E\" data-srcset=\"https:\/\/curesz.org\/wp-content\/uploads\/2021\/08\/Anthony-image-200x247.jpg 200w, https:\/\/curesz.org\/wp-content\/uploads\/2021\/08\/Anthony-image.jpg 243w\" data-sizes=\"auto\" data-orig-sizes=\"(max-width: 243px) 100vw, 243px\" \/><\/p>\n<p>Anthony Joseph Vitucci tinha 18 anos quando teve seu primeiro epis\u00f3dio psic\u00f3tico. Ele estava se formando naquele ano em 2015 no ensino m\u00e9dio. Ele era um estudante de honra e um \u00e1vido jogador de futebol desde os 3 anos de idade. Durante seu primeiro epis\u00f3dio psic\u00f3tico, ele recebia bolsas de estudo tanto acad\u00eamica quanto atleticamente por sua profici\u00eancia no futebol. A vida mudou em um piscar de olhos para o futuro de Anthony e o nosso como seus pais. Anthony apenas \u201cqueria ser normal\u201d ir para a faculdade, curtir os amigos, se formar, arrumar uma namorada etc. Todas as coisas que nossos filhos trabalharam tanto para chegar ao ponto em que sua vida adulta come\u00e7a. No entanto, descobrimos a clozapina tarde demais e, uma vez prescrita, a dose prescrita foi de apenas 50 mg e n\u00e3o a dose terap\u00eautica recomendada de 300 mg. Meu filho perdeu a batalha em 24 de junho de 2020.<\/p>\n<p>A Funda\u00e7\u00e3o CURESZ \u00e9 uma avenida para ajudar a facilitar e educar os pais e outros psiquiatras sobre a dosagem, monitoramento e prescri\u00e7\u00e3o de clozapina. Nosso objetivo como pais de Anthony \u00e9 facilitar a mensagem sobre os resultados positivos que podem ser alcan\u00e7ados com a prescri\u00e7\u00e3o precoce de clozapina e n\u00e3o apenas como \u00faltimo recurso.<\/p>\n<p>Obrigado por honrar o legado de nosso filho.<\/p>\n<p>Muitas B\u00ean\u00e7\u00e3os, Fam\u00edlia Vitucci<\/p>\n<p><em>Voc\u00ea pode fazer uma doa\u00e7\u00e3o para a Funda\u00e7\u00e3o CURESZ\u00a0<a href=\"https:\/\/curesz.org\/pt_pt\/donate\/\">aqui.<\/a><\/em><\/p>\n<p><em>Se voc\u00ea gostaria de compor uma homenagem de sua autoria a Anthony, por favor, deixe-a em sua p\u00e1gina de homenagem,\u00a0<a href=\"https:\/\/www.tributearchive.com\/obituaries\/15749692\/Anthony-Joseph-Vitucci\/wall\" target=\"_blank\" rel=\"noopener noreferrer\">aqui<\/a>.<\/em><\/p>\n<\/div><\/div><\/div><div class=\"fusion-layout-column fusion_builder_column fusion-builder-column-2 fusion_builder_column_1_1 1_1 fusion-flex-column\" style=\"--awb-bg-size:cover;--awb-width-large:100%;--awb-margin-top-large:0px;--awb-spacing-right-large:1.92%;--awb-margin-bottom-large:20px;--awb-spacing-left-large:1.92%;--awb-width-medium:100%;--awb-order-medium:0;--awb-spacing-right-medium:1.92%;--awb-spacing-left-medium:1.92%;--awb-width-small:100%;--awb-order-small:0;--awb-spacing-right-small:1.92%;--awb-spacing-left-small:1.92%;\"><div class=\"fusion-column-wrapper fusion-column-has-shadow fusion-flex-justify-content-flex-start fusion-content-layout-column\"><div class=\"fusion-separator fusion-full-width-sep\" style=\"align-self: center;margin-left: auto;margin-right: auto;width:100%;\"><div class=\"fusion-separator-border sep-single sep-solid\" style=\"--awb-height:20px;--awb-amount:20px;border-color:#e0dede;border-top-width:1px;\"><\/div><\/div><\/div><\/div><div class=\"fusion-layout-column fusion_builder_column fusion-builder-column-3 fusion_builder_column_1_1 1_1 fusion-flex-column\" style=\"--awb-bg-size:cover;--awb-width-large:100%;--awb-margin-top-large:0px;--awb-spacing-right-large:1.92%;--awb-margin-bottom-large:20px;--awb-spacing-left-large:1.92%;--awb-width-medium:100%;--awb-order-medium:0;--awb-spacing-right-medium:1.92%;--awb-spacing-left-medium:1.92%;--awb-width-small:100%;--awb-order-small:0;--awb-spacing-right-small:1.92%;--awb-spacing-left-small:1.92%;\"><div class=\"fusion-column-wrapper fusion-column-has-shadow fusion-flex-justify-content-flex-start fusion-content-layout-column\"><div class=\"fusion-text fusion-text-2\"><h2 style=\"text-align: center;\">Doadores para o fundo de Anthony<\/h2>\n<\/div><\/div><\/div><div class=\"fusion-layout-column fusion_builder_column fusion-builder-column-4 fusion_builder_column_1_4 1_4 fusion-flex-column\" style=\"--awb-bg-size:cover;--awb-width-large:25%;--awb-margin-top-large:0px;--awb-spacing-right-large:7.68%;--awb-margin-bottom-large:20px;--awb-spacing-left-large:7.68%;--awb-width-medium:100%;--awb-order-medium:0;--awb-spacing-right-medium:1.92%;--awb-spacing-left-medium:1.92%;--awb-width-small:100%;--awb-order-small:0;--awb-spacing-right-small:1.92%;--awb-spacing-left-small:1.92%;\"><div class=\"fusion-column-wrapper fusion-column-has-shadow fusion-flex-justify-content-flex-start fusion-content-layout-column\"><div class=\"fusion-text fusion-text-3\"><p style=\"text-align: center;\">5 picos ao ar livre<br \/>\nCynthia Anderson<br \/>\nDr. Mark Anderson<br \/>\nKim Annunziata<br \/>\nMarjorie Antus<br \/>\nBabette Baker<br \/>\nJean Marie Baines<br \/>\nCharles Barrick<br \/>\nNicole Bassil<br \/>\nMaggie Beckjord<br \/>\nSusan Benson<br \/>\nTamera Bilicic<br \/>\nMelissa Binkley<br \/>\nHarmony Blanchies<br \/>\nGwenda Booth<br \/>\nConstance Boyd<br \/>\nDr. Allison Brandt<br \/>\nElizabeth A Brown<br \/>\nKaren Brownbill<br \/>\nLenuta Bunda<br \/>\nAnita Burgay<br \/>\nDr. Louis Cady<br \/>\nSaundra e David Capps<br \/>\nStephanie Carbaugh<br \/>\nKyle Cartier<br \/>\nAntonio Cassarino<br \/>\nPamela Cavanaguh<br \/>\nNancy Celleri<br \/>\nBobbie Celeste<br \/>\nAlexis Coberly<br \/>\nKaren Conley<br \/>\nLynn Cornberg<br \/>\nPatti Craddock<br \/>\nJohn Cubitt<br \/>\nDr. Alan Culbreth<br \/>\nJennifer Curby<br \/>\nDierdre Daly<br \/>\nSusan Davis<br \/>\nEric e Mary Beth De Bord<br \/>\nKrista Dean<br \/>\nTammy Dekel<br \/>\nJohn De Lascio<br \/>\nNicole DeTore<br \/>\nRasheshkumar Dholakia<br \/>\nJose Luis &amp; Petra Rosa Diaz<br \/>\nMarcia Downing<br \/>\nDr. David Doyle<br \/>\nDream Builders WS LLC<br \/>\nJoni Dulberg<br \/>\nB\u00e1rbara Dumais<br \/>\nJane Dworkin<br \/>\nviola ingles<br \/>\nAmy Fackrell<br \/>\nTina Fairhurst<br \/>\nCarye Farrell<br \/>\nAraceli Fernandez<br \/>\nChristina Fike<br \/>\nJanet Filante<br \/>\nSamantha Fisher<br \/>\nAngela Frisina<br \/>\nFO Promo\u00e7\u00e3o<br \/>\nChristopher Foppiani<\/p>\n<\/div><\/div><\/div><div class=\"fusion-layout-column fusion_builder_column fusion-builder-column-5 fusion_builder_column_1_4 1_4 fusion-flex-column\" style=\"--awb-bg-size:cover;--awb-width-large:25%;--awb-margin-top-large:0px;--awb-spacing-right-large:7.68%;--awb-margin-bottom-large:20px;--awb-spacing-left-large:7.68%;--awb-width-medium:100%;--awb-order-medium:0;--awb-spacing-right-medium:1.92%;--awb-spacing-left-medium:1.92%;--awb-width-small:100%;--awb-order-small:0;--awb-spacing-right-small:1.92%;--awb-spacing-left-small:1.92%;\"><div class=\"fusion-column-wrapper fusion-column-has-shadow fusion-flex-justify-content-flex-start fusion-content-layout-column\"><div class=\"fusion-text fusion-text-4\"><p style=\"text-align: center;\">Natalie e Gregory Foppiani<br \/>\nAimee Franklin<br \/>\nTom Fruth<br \/>\nAM Gagliano<br \/>\nSusana Gagnon<br \/>\nToni Gambino-Ventrello<br \/>\nBarbara Gates<br \/>\nLisa and Cove Geary<br \/>\nSushila Gezik<br \/>\nMaurine Gibbons<br \/>\nElizabeth Gibson<br \/>\nKristin Gibson<br \/>\nGayle Giese<br \/>\nKathleen Gilligan<br \/>\nSusan Gilman<br \/>\nAshley Glennon<br \/>\nLisa Glennon<br \/>\nSarah Gogan<br \/>\nGina Graham<br \/>\nRachael Graham<br \/>\nCristina Grant<br \/>\nLeif Gregersen<br \/>\nLeslie Greubel<br \/>\nKaren Grimes<br \/>\nJune GrushkaRosen<br \/>\nHeather Guillet<br \/>\nCynthia Hall<br \/>\nDiane Hart<br \/>\nStacy Heath<br \/>\nVictoria Hedrick<br \/>\nAnne Hennessy<br \/>\nJason Hettesheimer<br \/>\nGloria Hill<br \/>\nLaura Himmelein<br \/>\nJudy Holcomb<br \/>\nVirgina Howell<br \/>\nRebeca Huelskamp<br \/>\nTimothy e Angela Huelskamp<br \/>\nM\u00e1rcia Jackson<br \/>\nLeonard Jacobs<br \/>\nHuda Jadallah<br \/>\nKim Jensen<br \/>\nDavid Johnson<br \/>\nDebbie Johnson<br \/>\nGrace Johnson<br \/>\nElizabeth Kazel<br \/>\nKarina Rei<br \/>\nJudith Kirkeeide<br \/>\nJenna Kitley<br \/>\nKristin Klebacha<br \/>\nGaye Korley<br \/>\nAmanhecer Kotsailidis<br \/>\nJennifer Lamb<br \/>\nDr. Bindu Lal<br \/>\nRobert Laitman<br \/>\nJessi Lalomia<br \/>\nSarah Leigland<br \/>\nTodd Lentz<br \/>\nNancy Lethbridge<br \/>\nBilly Lewis<br \/>\nKathleen Lewis<br \/>\nMateus L\u00edrio<\/p>\n<\/div><\/div><\/div><div class=\"fusion-layout-column fusion_builder_column fusion-builder-column-6 fusion_builder_column_1_4 1_4 fusion-flex-column\" style=\"--awb-bg-size:cover;--awb-width-large:25%;--awb-margin-top-large:0px;--awb-spacing-right-large:7.68%;--awb-margin-bottom-large:20px;--awb-spacing-left-large:7.68%;--awb-width-medium:100%;--awb-order-medium:0;--awb-spacing-right-medium:1.92%;--awb-spacing-left-medium:1.92%;--awb-width-small:100%;--awb-order-small:0;--awb-spacing-right-small:1.92%;--awb-spacing-left-small:1.92%;\"><div class=\"fusion-column-wrapper fusion-column-has-shadow fusion-flex-justify-content-flex-start fusion-content-layout-column\"><div class=\"fusion-text fusion-text-5\"><p style=\"text-align: center;\">Linhas do Lopo<br \/>\nJoy Macaione<br \/>\nMargarita Machnizh<br \/>\nJoyce Maenle<br \/>\nKhurshid Malik<br \/>\nCatherine Malkin<br \/>\nEiman Mankbadi<br \/>\nValarie Marrs<br \/>\nKevin Marsh<br \/>\nB\u00e1rbara Martinetti<br \/>\nAlexa Martinez<br \/>\nDiane May<br \/>\nJordan Mayer<br \/>\nZoraida Mayer<br \/>\nTeresa McCaskey<br \/>\nD. McLleney-Albert<br \/>\nAllison McNally<br \/>\nCara Medico<br \/>\nAnnemarie Medina<br \/>\nBeth Meek<br \/>\nJehan Metri<br \/>\nLinda Mikolajek<br \/>\nEdward Miller<br \/>\nLinda and Larry Mimms<br \/>\nRuchi Mitra<br \/>\nKathleen Mochnacki<br \/>\nElizabeth Mohan<br \/>\nNicole Morgan<br \/>\nRick Moro<br \/>\nColette Morrissey<br \/>\nMindy Moss<br \/>\nLeila Mostafavi<br \/>\nMichael Myers<br \/>\nBetty Myford<br \/>\nGregory Myford<br \/>\nKristen Myford<br \/>\nDavid Nasrallah<br \/>\nNa\u00e7\u00e3o Amy<br \/>\nB\u00e1rbara Navin<br \/>\nSusan Newton-King<br \/>\nJudi Nickerson<br \/>\nChristine Novelli<br \/>\nKatherine Oberlin<br \/>\nLee Oliver<br \/>\nDr. Stephen Olson<br \/>\nDeborah Pagan<br \/>\nMary Palafox<br \/>\nAlba Rovira Paoli<br \/>\njoe pauza<br \/>\nBonnie Pesce<br \/>\nRobin Peterson<br \/>\nCyndia Pilkington<br \/>\nBriana Pitti<br \/>\nNadine Pitti<br \/>\nDeborah Pratt<br \/>\nPr\u00edncipe Doreen<br \/>\nRachel Quinn<br \/>\nLisa Raess<br \/>\nAshley Redhead<br \/>\nWilliam Resch<br \/>\nLaura Revano<\/p>\n<\/div><\/div><\/div><div class=\"fusion-layout-column fusion_builder_column fusion-builder-column-7 fusion_builder_column_1_4 1_4 fusion-flex-column\" style=\"--awb-bg-size:cover;--awb-width-large:25%;--awb-margin-top-large:0px;--awb-spacing-right-large:7.68%;--awb-margin-bottom-large:20px;--awb-spacing-left-large:7.68%;--awb-width-medium:100%;--awb-order-medium:0;--awb-spacing-right-medium:1.92%;--awb-spacing-left-medium:1.92%;--awb-width-small:100%;--awb-order-small:0;--awb-spacing-right-small:1.92%;--awb-spacing-left-small:1.92%;\"><div class=\"fusion-column-wrapper fusion-column-has-shadow fusion-flex-justify-content-flex-start fusion-content-layout-column\"><div class=\"fusion-text fusion-text-6\"><p style=\"text-align: center;\">Isabel Reis<br \/>\nDr. Melanie Robles<br \/>\nGordon Roessler<br \/>\nLynn Roux<br \/>\nKaren Rucks<br \/>\nCarol Ruddy Hara<br \/>\nDr. Stephen Rush<br \/>\nAndr\u00e9 e Laura Rutigliano<br \/>\nAndrew Rymer<br \/>\nSaltwater Cowgirl Ranch Transport LLC<br \/>\nElaine Salvatore<br \/>\nRowan Sampson<br \/>\nSara Bella Inc<br \/>\nJeff e Colin Shain<br \/>\nEmilia Sherifova<br \/>\nKatherine Shettell<br \/>\nPaul Shilling<br \/>\nJennifer Shoup<br \/>\nRene Schroedle<br \/>\nDiane Sicher<br \/>\nAnita Rae Simpson<br \/>\nSuma Singh<br \/>\nLaura Smith<br \/>\nJulia Smith-Blonk<br \/>\nErin Snyder<br \/>\nMarta Spano<br \/>\nJulie Stanley<br \/>\nMichelle Stephens<br \/>\nGail Stephenson<br \/>\nDr. Jeffrey Strawn<br \/>\nMelanie Stratford<br \/>\nCindy Strycula<br \/>\nPatti Sutkowski<br \/>\nPhyllis Tarbell<br \/>\nDebbie Teike<br \/>\nMelinda e Mike Thesing<br \/>\nD\u00e9bora Thomas<br \/>\nBeth Thomasson<br \/>\nVictoria Timmons<br \/>\nDr. Brad e Melissa Tinkelman<br \/>\nJohn e Diane Tirabassi<br \/>\nHelena Tirado<br \/>\nJoanne Touey<br \/>\nRichard Turnbull<br \/>\nSuzanne Turner<br \/>\nTom van Goethem<br \/>\nPatr\u00edcia Viola<br \/>\nGail Vitucci<br \/>\nJames J Vitucci<br \/>\nRoseann Vitucci<br \/>\nTammy Warren<br \/>\nKathryn Warzocha<br \/>\nConnie Webber<br \/>\nJoan Webster<br \/>\nKatharine Wiegele<br \/>\nSusan Willis<br \/>\nFaith Woodley<br \/>\nMundial de futebol XL<br \/>\nLaurie Yengo<br \/>\nSusana Zelasko<\/p>\n<\/div><\/div><\/div><\/div><\/div><div class=\"fusion-fullwidth fullwidth-box fusion-builder-row-2 fusion-flex-container hundred-percent-fullwidth non-hundred-percent-height-scrolling\" style=\"--awb-border-radius-top-left:0px;--awb-border-radius-top-right:0px;--awb-border-radius-bottom-right:0px;--awb-border-radius-bottom-left:0px;--awb-padding-top:0px;--awb-padding-right:0px;--awb-padding-bottom:0px;--awb-padding-left:0px;--awb-margin-top:0px;--awb-margin-bottom:0px;--awb-background-color:#015da7;--awb-flex-wrap:wrap;\" ><div class=\"fusion-builder-row fusion-row fusion-flex-align-items-flex-start fusion-flex-content-wrap\" style=\"width:104% !important;max-width:104% !important;margin-left: calc(-4% \/ 2 );margin-right: calc(-4% \/ 2 );\"><\/div><\/div>\n<\/p>","protected":false},"excerpt":{"rendered":"","protected":false},"author":3,"featured_media":0,"parent":3032,"menu_order":0,"comment_status":"closed","ping_status":"closed","template":"","meta":{"_acf_changed":false,"footnotes":""},"class_list":["post-3499","page","type-page","status-publish","hentry"],"acf":[],"yoast_head":"<!-- This site is optimized with the Yoast SEO plugin v27.3 - https:\/\/yoast.com\/product\/yoast-seo-wordpress\/ -->\n<title>Anthony Vitucci Donors - CURESZ Foundation<\/title>\n<meta name=\"robots\" content=\"index, follow, max-snippet:-1, max-image-preview:large, max-video-preview:-1\" \/>\n<link rel=\"canonical\" href=\"https:\/\/curesz.org\/pt_pt\/about\/wall-of-recognition\/anthony-vitucci-donors\/\" \/>\n<meta property=\"og:locale\" content=\"pt_PT\" \/>\n<meta property=\"og:type\" content=\"article\" \/>\n<meta property=\"og:title\" content=\"Anthony Vitucci Donors - CURESZ Foundation\" \/>\n<meta property=\"og:url\" content=\"https:\/\/curesz.org\/pt_pt\/about\/wall-of-recognition\/anthony-vitucci-donors\/\" \/>\n<meta property=\"og:site_name\" content=\"CURESZ Foundation\" \/>\n<meta property=\"article:publisher\" content=\"https:\/\/www.facebook.com\/Cureszorg\/\" \/>\n<meta property=\"article:modified_time\" content=\"2025-10-15T23:00:32+00:00\" \/>\n<meta property=\"og:image\" content=\"https:\/\/curesz.org\/wp-content\/uploads\/2021\/08\/Anthony-image.jpg\" \/>\n\t<meta property=\"og:image:width\" content=\"243\" \/>\n\t<meta property=\"og:image:height\" content=\"300\" \/>\n\t<meta property=\"og:image:type\" content=\"image\/jpeg\" \/>\n<meta name=\"twitter:card\" content=\"summary_large_image\" \/>\n<meta name=\"twitter:site\" content=\"@cureszorg\" \/>\n<meta name=\"twitter:label1\" content=\"Tempo estimado de leitura\" \/>\n\t<meta name=\"twitter:data1\" content=\"4 minutos\" \/>\n<script type=\"application\/ld+json\" class=\"yoast-schema-graph\">{\"@context\":\"https:\\\/\\\/schema.org\",\"@graph\":[{\"@type\":\"WebPage\",\"@id\":\"https:\\\/\\\/curesz.org\\\/about\\\/wall-of-recognition\\\/anthony-vitucci-donors\\\/\",\"url\":\"https:\\\/\\\/curesz.org\\\/about\\\/wall-of-recognition\\\/anthony-vitucci-donors\\\/\",\"name\":\"Anthony Vitucci Donors - CURESZ Foundation\",\"isPartOf\":{\"@id\":\"https:\\\/\\\/curesz.org\\\/#website\"},\"primaryImageOfPage\":{\"@id\":\"https:\\\/\\\/curesz.org\\\/about\\\/wall-of-recognition\\\/anthony-vitucci-donors\\\/#primaryimage\"},\"image\":{\"@id\":\"https:\\\/\\\/curesz.org\\\/about\\\/wall-of-recognition\\\/anthony-vitucci-donors\\\/#primaryimage\"},\"thumbnailUrl\":\"https:\\\/\\\/curesz.org\\\/wp-content\\\/uploads\\\/2021\\\/08\\\/Anthony-image.jpg\",\"datePublished\":\"2020-11-02T17:59:23+00:00\",\"dateModified\":\"2025-10-15T23:00:32+00:00\",\"breadcrumb\":{\"@id\":\"https:\\\/\\\/curesz.org\\\/about\\\/wall-of-recognition\\\/anthony-vitucci-donors\\\/#breadcrumb\"},\"inLanguage\":\"pt-PT\",\"potentialAction\":[{\"@type\":\"ReadAction\",\"target\":[\"https:\\\/\\\/curesz.org\\\/about\\\/wall-of-recognition\\\/anthony-vitucci-donors\\\/\"]}]},{\"@type\":\"ImageObject\",\"inLanguage\":\"pt-PT\",\"@id\":\"https:\\\/\\\/curesz.org\\\/about\\\/wall-of-recognition\\\/anthony-vitucci-donors\\\/#primaryimage\",\"url\":\"https:\\\/\\\/curesz.org\\\/wp-content\\\/uploads\\\/2021\\\/08\\\/Anthony-image.jpg\",\"contentUrl\":\"https:\\\/\\\/curesz.org\\\/wp-content\\\/uploads\\\/2021\\\/08\\\/Anthony-image.jpg\"},{\"@type\":\"BreadcrumbList\",\"@id\":\"https:\\\/\\\/curesz.org\\\/about\\\/wall-of-recognition\\\/anthony-vitucci-donors\\\/#breadcrumb\",\"itemListElement\":[{\"@type\":\"ListItem\",\"position\":1,\"name\":\"Home\",\"item\":\"https:\\\/\\\/curesz.org\\\/\"},{\"@type\":\"ListItem\",\"position\":2,\"name\":\"About\",\"item\":\"https:\\\/\\\/curesz.org\\\/about\\\/\"},{\"@type\":\"ListItem\",\"position\":3,\"name\":\"In Memory and Honor\",\"item\":\"https:\\\/\\\/curesz.org\\\/about\\\/wall-of-recognition\\\/\"},{\"@type\":\"ListItem\",\"position\":4,\"name\":\"Anthony Vitucci Donors\"}]},{\"@type\":\"WebSite\",\"@id\":\"https:\\\/\\\/curesz.org\\\/#website\",\"url\":\"https:\\\/\\\/curesz.org\\\/\",\"name\":\"CURESZ Foundation\",\"description\":\"The CURESZ Foundation provides educational updates to patients, families, healthcare professionals and the general public about schizophrenia.\",\"publisher\":{\"@id\":\"https:\\\/\\\/curesz.org\\\/#organization\"},\"potentialAction\":[{\"@type\":\"SearchAction\",\"target\":{\"@type\":\"EntryPoint\",\"urlTemplate\":\"https:\\\/\\\/curesz.org\\\/?s={search_term_string}\"},\"query-input\":{\"@type\":\"PropertyValueSpecification\",\"valueRequired\":true,\"valueName\":\"search_term_string\"}}],\"inLanguage\":\"pt-PT\"},{\"@type\":\"Organization\",\"@id\":\"https:\\\/\\\/curesz.org\\\/#organization\",\"name\":\"Curesz Foundation\",\"url\":\"https:\\\/\\\/curesz.org\\\/\",\"logo\":{\"@type\":\"ImageObject\",\"inLanguage\":\"pt-PT\",\"@id\":\"https:\\\/\\\/curesz.org\\\/#\\\/schema\\\/logo\\\/image\\\/\",\"url\":\"https:\\\/\\\/curesz.org\\\/wp-content\\\/uploads\\\/2020\\\/02\\\/cropped-Logo-with-Foundation-Custom.png\",\"contentUrl\":\"https:\\\/\\\/curesz.org\\\/wp-content\\\/uploads\\\/2020\\\/02\\\/cropped-Logo-with-Foundation-Custom.png\",\"width\":200,\"height\":133,\"caption\":\"Curesz Foundation\"},\"image\":{\"@id\":\"https:\\\/\\\/curesz.org\\\/#\\\/schema\\\/logo\\\/image\\\/\"},\"sameAs\":[\"https:\\\/\\\/www.facebook.com\\\/Cureszorg\\\/\",\"https:\\\/\\\/x.com\\\/cureszorg\",\"https:\\\/\\\/www.instagram.com\\\/cureszfoundation\\\/\",\"https:\\\/\\\/www.youtube.com\\\/channel\\\/UCT3uVzTt8jiJ2qdhuosHPvg\"]}]}<\/script>\n<!-- \/ Yoast SEO plugin. -->","yoast_head_json":{"title":"Anthony Vitucci Donors - CURESZ Foundation","robots":{"index":"index","follow":"follow","max-snippet":"max-snippet:-1","max-image-preview":"max-image-preview:large","max-video-preview":"max-video-preview:-1"},"canonical":"https:\/\/curesz.org\/pt_pt\/about\/wall-of-recognition\/anthony-vitucci-donors\/","og_locale":"pt_PT","og_type":"article","og_title":"Anthony Vitucci Donors - CURESZ Foundation","og_url":"https:\/\/curesz.org\/pt_pt\/about\/wall-of-recognition\/anthony-vitucci-donors\/","og_site_name":"CURESZ Foundation","article_publisher":"https:\/\/www.facebook.com\/Cureszorg\/","article_modified_time":"2025-10-15T23:00:32+00:00","og_image":[{"width":243,"height":300,"url":"https:\/\/curesz.org\/wp-content\/uploads\/2021\/08\/Anthony-image.jpg","type":"image\/jpeg"}],"twitter_card":"summary_large_image","twitter_site":"@cureszorg","twitter_misc":{"Tempo estimado de leitura":"4 minutos"},"schema":{"@context":"https:\/\/schema.org","@graph":[{"@type":"WebPage","@id":"https:\/\/curesz.org\/about\/wall-of-recognition\/anthony-vitucci-donors\/","url":"https:\/\/curesz.org\/about\/wall-of-recognition\/anthony-vitucci-donors\/","name":"Anthony Vitucci Donors - CURESZ Foundation","isPartOf":{"@id":"https:\/\/curesz.org\/#website"},"primaryImageOfPage":{"@id":"https:\/\/curesz.org\/about\/wall-of-recognition\/anthony-vitucci-donors\/#primaryimage"},"image":{"@id":"https:\/\/curesz.org\/about\/wall-of-recognition\/anthony-vitucci-donors\/#primaryimage"},"thumbnailUrl":"https:\/\/curesz.org\/wp-content\/uploads\/2021\/08\/Anthony-image.jpg","datePublished":"2020-11-02T17:59:23+00:00","dateModified":"2025-10-15T23:00:32+00:00","breadcrumb":{"@id":"https:\/\/curesz.org\/about\/wall-of-recognition\/anthony-vitucci-donors\/#breadcrumb"},"inLanguage":"pt-PT","potentialAction":[{"@type":"ReadAction","target":["https:\/\/curesz.org\/about\/wall-of-recognition\/anthony-vitucci-donors\/"]}]},{"@type":"ImageObject","inLanguage":"pt-PT","@id":"https:\/\/curesz.org\/about\/wall-of-recognition\/anthony-vitucci-donors\/#primaryimage","url":"https:\/\/curesz.org\/wp-content\/uploads\/2021\/08\/Anthony-image.jpg","contentUrl":"https:\/\/curesz.org\/wp-content\/uploads\/2021\/08\/Anthony-image.jpg"},{"@type":"BreadcrumbList","@id":"https:\/\/curesz.org\/about\/wall-of-recognition\/anthony-vitucci-donors\/#breadcrumb","itemListElement":[{"@type":"ListItem","position":1,"name":"Home","item":"https:\/\/curesz.org\/"},{"@type":"ListItem","position":2,"name":"About","item":"https:\/\/curesz.org\/about\/"},{"@type":"ListItem","position":3,"name":"In Memory and Honor","item":"https:\/\/curesz.org\/about\/wall-of-recognition\/"},{"@type":"ListItem","position":4,"name":"Anthony Vitucci Donors"}]},{"@type":"WebSite","@id":"https:\/\/curesz.org\/#website","url":"https:\/\/curesz.org\/","name":"Funda\u00e7\u00e3o CURESZ","description":"A Funda\u00e7\u00e3o CURESZ fornece atualiza\u00e7\u00f5es educacionais para pacientes, familiares, profissionais de sa\u00fade e p\u00fablico em geral sobre esquizofrenia.","publisher":{"@id":"https:\/\/curesz.org\/#organization"},"potentialAction":[{"@type":"SearchAction","target":{"@type":"EntryPoint","urlTemplate":"https:\/\/curesz.org\/?s={search_term_string}"},"query-input":{"@type":"PropertyValueSpecification","valueRequired":true,"valueName":"search_term_string"}}],"inLanguage":"pt-PT"},{"@type":"Organization","@id":"https:\/\/curesz.org\/#organization","name":"Curesz Foundation","url":"https:\/\/curesz.org\/","logo":{"@type":"ImageObject","inLanguage":"pt-PT","@id":"https:\/\/curesz.org\/#\/schema\/logo\/image\/","url":"https:\/\/curesz.org\/wp-content\/uploads\/2020\/02\/cropped-Logo-with-Foundation-Custom.png","contentUrl":"https:\/\/curesz.org\/wp-content\/uploads\/2020\/02\/cropped-Logo-with-Foundation-Custom.png","width":200,"height":133,"caption":"Curesz Foundation"},"image":{"@id":"https:\/\/curesz.org\/#\/schema\/logo\/image\/"},"sameAs":["https:\/\/www.facebook.com\/Cureszorg\/","https:\/\/x.com\/cureszorg","https:\/\/www.instagram.com\/cureszfoundation\/","https:\/\/www.youtube.com\/channel\/UCT3uVzTt8jiJ2qdhuosHPvg"]}]}},"_links":{"self":[{"href":"https:\/\/curesz.org\/pt_pt\/wp-json\/wp\/v2\/pages\/3499","targetHints":{"allow":["GET"]}}],"collection":[{"href":"https:\/\/curesz.org\/pt_pt\/wp-json\/wp\/v2\/pages"}],"about":[{"href":"https:\/\/curesz.org\/pt_pt\/wp-json\/wp\/v2\/types\/page"}],"author":[{"embeddable":true,"href":"https:\/\/curesz.org\/pt_pt\/wp-json\/wp\/v2\/users\/3"}],"replies":[{"embeddable":true,"href":"https:\/\/curesz.org\/pt_pt\/wp-json\/wp\/v2\/comments?post=3499"}],"version-history":[{"count":55,"href":"https:\/\/curesz.org\/pt_pt\/wp-json\/wp\/v2\/pages\/3499\/revisions"}],"predecessor-version":[{"id":6643,"href":"https:\/\/curesz.org\/pt_pt\/wp-json\/wp\/v2\/pages\/3499\/revisions\/6643"}],"up":[{"embeddable":true,"href":"https:\/\/curesz.org\/pt_pt\/wp-json\/wp\/v2\/pages\/3032"}],"wp:attachment":[{"href":"https:\/\/curesz.org\/pt_pt\/wp-json\/wp\/v2\/media?parent=3499"}],"curies":[{"name":"wp","href":"https:\/\/api.w.org\/{rel}","templated":true}]}}