{"id":354,"date":"2019-07-10T21:02:48","date_gmt":"2019-07-10T21:02:48","guid":{"rendered":"https:\/\/curesz.info\/?page_id=354"},"modified":"2023-03-16T14:38:58","modified_gmt":"2023-03-16T14:38:58","slug":"victoria-marie-alonso","status":"publish","type":"page","link":"https:\/\/curesz.org\/pt_pt\/survivors\/victoria-marie-alonso\/","title":{"rendered":"Victoria Maria Alonso"},"content":{"rendered":"<p><div class=\"fusion-fullwidth fullwidth-box fusion-builder-row-1 fusion-flex-container nonhundred-percent-fullwidth non-hundred-percent-height-scrolling\" style=\"--awb-border-radius-top-left:0px;--awb-border-radius-top-right:0px;--awb-border-radius-bottom-right:0px;--awb-border-radius-bottom-left:0px;--awb-flex-wrap:wrap;\" ><div class=\"fusion-builder-row fusion-row fusion-flex-align-items-flex-start fusion-flex-content-wrap\" style=\"max-width:1352px;margin-left: calc(-4% \/ 2 );margin-right: calc(-4% \/ 2 );\"><div class=\"fusion-layout-column fusion_builder_column fusion-builder-column-0 fusion_builder_column_1_4 1_4 fusion-flex-column\" style=\"--awb-bg-size:cover;--awb-width-large:25%;--awb-margin-top-large:0px;--awb-spacing-right-large:7.68%;--awb-margin-bottom-large:20px;--awb-spacing-left-large:7.68%;--awb-width-medium:100%;--awb-spacing-right-medium:1.92%;--awb-spacing-left-medium:1.92%;--awb-width-small:100%;--awb-spacing-right-small:1.92%;--awb-spacing-left-small:1.92%;\"><div class=\"fusion-column-wrapper fusion-column-has-shadow fusion-flex-justify-content-flex-start fusion-content-layout-column\"><div class=\"fusion-image-element\" style=\"--awb-caption-title-font-family:var(--h2_typography-font-family);--awb-caption-title-font-weight:var(--h2_typography-font-weight);--awb-caption-title-font-style:var(--h2_typography-font-style);--awb-caption-title-size:var(--h2_typography-font-size);--awb-caption-title-transform:var(--h2_typography-text-transform);--awb-caption-title-line-height:var(--h2_typography-line-height);--awb-caption-title-letter-spacing:var(--h2_typography-letter-spacing);\"><span class=\"fusion-imageframe imageframe-none imageframe-1 hover-type-none\"><img decoding=\"async\" width=\"400\" height=\"533\" title=\"foto da michelle\" src=\"https:\/\/curesz.org\/wp-content\/uploads\/2019\/07\/Michelle-photo.jpg\" data-orig-src=\"https:\/\/curesz.org\/wp-content\/uploads\/2019\/07\/Michelle-photo-400x533.jpg\" alt class=\"lazyload img-responsive wp-image-2311\" srcset=\"data:image\/svg+xml,%3Csvg%20xmlns%3D%27http%3A%2F%2Fwww.w3.org%2F2000%2Fsvg%27%20width%3D%27810%27%20height%3D%271080%27%20viewBox%3D%270%200%20810%201080%27%3E%3Crect%20width%3D%27810%27%20height%3D%271080%27%20fill-opacity%3D%220%22%2F%3E%3C%2Fsvg%3E\" data-srcset=\"https:\/\/curesz.org\/wp-content\/uploads\/2019\/07\/Michelle-photo-200x267.jpg 200w, https:\/\/curesz.org\/wp-content\/uploads\/2019\/07\/Michelle-photo-400x533.jpg 400w, https:\/\/curesz.org\/wp-content\/uploads\/2019\/07\/Michelle-photo-600x800.jpg 600w, https:\/\/curesz.org\/wp-content\/uploads\/2019\/07\/Michelle-photo-800x1067.jpg 800w, https:\/\/curesz.org\/wp-content\/uploads\/2019\/07\/Michelle-photo.jpg 810w\" data-sizes=\"auto\" data-orig-sizes=\"(max-width: 1024px) 100vw, (max-width: 640px) 100vw, 400px\" \/><\/span><\/div><div class=\"fusion-text fusion-text-1\"><p class=\"entry-title\"><strong>Victoria Maria Alonso<\/strong><\/p>\n<\/div><\/div><\/div><div class=\"fusion-layout-column fusion_builder_column fusion-builder-column-1 fusion_builder_column_3_4 3_4 fusion-flex-column\" style=\"--awb-bg-size:cover;--awb-width-large:75%;--awb-margin-top-large:0px;--awb-spacing-right-large:2.56%;--awb-margin-bottom-large:20px;--awb-spacing-left-large:2.56%;--awb-width-medium:100%;--awb-spacing-right-medium:1.92%;--awb-spacing-left-medium:1.92%;--awb-width-small:100%;--awb-spacing-right-small:1.92%;--awb-spacing-left-small:1.92%;\"><div class=\"fusion-column-wrapper fusion-column-has-shadow fusion-flex-justify-content-flex-start fusion-content-layout-column\"><div class=\"fusion-text fusion-text-2\"><p>Stories of Hope: Victoria Marie Alonso (real name Michelle Marie)<\/p>\n<p>Victoria Marie Alonso \u00e9 casada e m\u00e3e de tr\u00eas filhos adultos. Ela desenvolveu esquizofrenia quando adulta. Em suas mem\u00f3rias,\u00a0<a href=\"https:\/\/www.amazon.com\/Personal-Recovery-Schizophrenia-Victoria-Alonso-ebook\/dp\/B00HFGLY1Q\/ref=sr_1_1?ie=UTF8&amp;qid=1482541192&amp;sr=8-1&amp;keywords=my+personal+recovery+from+schizophrenia\" target=\"_blank\" rel=\"noopener noreferrer\">Minha recupera\u00e7\u00e3o pessoal da esquizofrenia<\/a>, ela descreve o in\u00edcio da esquizofrenia como o recebimento de mensagens de Deus que ela n\u00e3o conseguia ignorar. \u00c0 medida que as mensagens se tornaram mais frequentes e, eventualmente, um evento di\u00e1rio, elas come\u00e7aram a afetar sua capacidade de funcionar normalmente. Victoria percebeu sua necessidade de interven\u00e7\u00e3o m\u00e9dica e se internou em um hospital psiqui\u00e1trico da Universidade da Calif\u00f3rnia, em Los Angeles, em 2008.<\/p>\n<p>Victoria teve uma resposta ruim ao Abilify, que foi o primeiro medicamento prescrito para sua psicose. No entanto, ela respondeu bem ao Risperdal e experimentou apenas efeitos colaterais m\u00ednimos. Em Risperdal, os sintomas de Victoria entraram em remiss\u00e3o. Ela voltou para a faculdade e concluiu o bacharelado em sociologia e o mestrado em psicologia.<\/p>\n<p>Em 2015, enquanto trabalhava em um trabalho estressante em aconselhamento, alguns de seus sintomas retornaram. O m\u00e9dico de Victoria acrescentou um segundo medicamento, Latuda, que foi eficaz no tratamento de seus sintomas, junto com uma mudan\u00e7a de emprego que gerou menos estresse em sua vida. Al\u00e9m disso, Victoria lutou contra a depress\u00e3o. Em suas mem\u00f3rias, ela descreve o poder do riso como um complemento importante para estabelecer e manter uma vida saud\u00e1vel.<\/p>\n<p>Em 2013 Victoria come\u00e7ou a publicar seus\u00a0<a href=\"https:\/\/mypersonalrecoveryfromschizophrenia.wordpress.com\/\" target=\"_blank\" rel=\"noopener noreferrer\">blogue<\/a>\u00a0que inclui entradas de di\u00e1rio de seu per\u00edodo de psicose em 2006-2007. Ela continua a manter este blog hoje. Seu livro de mem\u00f3rias,\u00a0<a href=\"https:\/\/www.amazon.com\/Personal-Recovery-Schizophrenia-Victoria-Alonso-ebook\/dp\/B00HFGLY1Q\/ref=sr_1_1?ie=UTF8&amp;qid=1482541192&amp;sr=8-1&amp;keywords=my+personal+recovery+from+schizophrenia\" target=\"_blank\" rel=\"noopener noreferrer\">Minha recupera\u00e7\u00e3o pessoal da esquizofrenia<\/a>\u00a0in foi publicado em 2013, que ela dedicou ao seu psiquiatra.<\/p>\n<p>Victoria tamb\u00e9m \u00e9 autora de um cap\u00edtulo intitulado \u201cDiscerning the Truth\u201d que foi publicado no\u00a0<a href=\"http:\/\/www.iampossibleproject.com\/\" target=\"_blank\" rel=\"noopener noreferrer\">Projeto Eu Sou Poss\u00edvel<\/a>, uma cole\u00e7\u00e3o de ensaios compilados por Joshua Rivedal (2017).<\/p>\n<p>Hoje, Victoria vive uma vida plena e feliz. Ela mora com o filho, o marido e dois cachorros (incluindo o cachorro apresentado acima).<\/p>\n<p>Voc\u00ea pode entrar em contato com Victoria em victoriamariealonso @ yahoo.com.<\/p>\n<p>Isen\u00e7\u00e3o de responsabilidade: Os sobreviventes da esquizofrenia n\u00e3o s\u00e3o representantes da Funda\u00e7\u00e3o CURESZ.<\/p>\n<\/div><\/div><\/div><\/div><\/div><div class=\"fusion-fullwidth fullwidth-box fusion-builder-row-2 fusion-flex-container hundred-percent-fullwidth non-hundred-percent-height-scrolling\" style=\"--awb-border-radius-top-left:0px;--awb-border-radius-top-right:0px;--awb-border-radius-bottom-right:0px;--awb-border-radius-bottom-left:0px;--awb-padding-top:0px;--awb-padding-right:0px;--awb-padding-bottom:0px;--awb-padding-left:0px;--awb-margin-top:0px;--awb-margin-bottom:0px;--awb-background-color:#015da7;--awb-flex-wrap:wrap;\" ><div class=\"fusion-builder-row fusion-row fusion-flex-align-items-flex-start fusion-flex-content-wrap\" style=\"width:104% !important;max-width:104% !important;margin-left: calc(-4% \/ 2 );margin-right: calc(-4% \/ 2 );\"><\/div><\/div>\n<\/p>","protected":false},"excerpt":{"rendered":"","protected":false},"author":2,"featured_media":0,"parent":35,"menu_order":0,"comment_status":"closed","ping_status":"closed","template":"100-width.php","meta":{"_acf_changed":false,"footnotes":""},"class_list":["post-354","page","type-page","status-publish","hentry"],"acf":[],"yoast_head":"<!-- This site is optimized with the Yoast SEO plugin v27.4 - https:\/\/yoast.com\/product\/yoast-seo-wordpress\/ -->\n<title>Victoria Marie Alonso - CURESZ Foundation<\/title>\n<meta name=\"robots\" content=\"index, follow, max-snippet:-1, max-image-preview:large, max-video-preview:-1\" \/>\n<link rel=\"canonical\" href=\"https:\/\/curesz.org\/pt_pt\/survivors\/victoria-marie-alonso\/\" \/>\n<meta property=\"og:locale\" content=\"pt_PT\" \/>\n<meta property=\"og:type\" content=\"article\" \/>\n<meta property=\"og:title\" content=\"Victoria Marie Alonso - CURESZ Foundation\" \/>\n<meta property=\"og:url\" content=\"https:\/\/curesz.org\/pt_pt\/survivors\/victoria-marie-alonso\/\" \/>\n<meta property=\"og:site_name\" content=\"CURESZ Foundation\" \/>\n<meta property=\"article:publisher\" content=\"https:\/\/www.facebook.com\/Cureszorg\/\" \/>\n<meta property=\"article:modified_time\" content=\"2023-03-16T14:38:58+00:00\" \/>\n<meta name=\"twitter:card\" content=\"summary_large_image\" \/>\n<meta name=\"twitter:site\" content=\"@cureszorg\" \/>\n<meta name=\"twitter:label1\" content=\"Tempo estimado de leitura\" \/>\n\t<meta name=\"twitter:data1\" content=\"3 minutos\" \/>\n<script type=\"application\/ld+json\" class=\"yoast-schema-graph\">{\"@context\":\"https:\\\/\\\/schema.org\",\"@graph\":[{\"@type\":\"WebPage\",\"@id\":\"https:\\\/\\\/curesz.org\\\/survivors\\\/victoria-marie-alonso\\\/\",\"url\":\"https:\\\/\\\/curesz.org\\\/survivors\\\/victoria-marie-alonso\\\/\",\"name\":\"Victoria Marie Alonso - CURESZ Foundation\",\"isPartOf\":{\"@id\":\"https:\\\/\\\/curesz.org\\\/#website\"},\"datePublished\":\"2019-07-10T21:02:48+00:00\",\"dateModified\":\"2023-03-16T14:38:58+00:00\",\"breadcrumb\":{\"@id\":\"https:\\\/\\\/curesz.org\\\/survivors\\\/victoria-marie-alonso\\\/#breadcrumb\"},\"inLanguage\":\"pt-PT\",\"potentialAction\":[{\"@type\":\"ReadAction\",\"target\":[\"https:\\\/\\\/curesz.org\\\/survivors\\\/victoria-marie-alonso\\\/\"]}]},{\"@type\":\"BreadcrumbList\",\"@id\":\"https:\\\/\\\/curesz.org\\\/survivors\\\/victoria-marie-alonso\\\/#breadcrumb\",\"itemListElement\":[{\"@type\":\"ListItem\",\"position\":1,\"name\":\"Home\",\"item\":\"https:\\\/\\\/curesz.org\\\/\"},{\"@type\":\"ListItem\",\"position\":2,\"name\":\"Survivors\",\"item\":\"https:\\\/\\\/curesz.org\\\/survivors\\\/\"},{\"@type\":\"ListItem\",\"position\":3,\"name\":\"Victoria Marie Alonso\"}]},{\"@type\":\"WebSite\",\"@id\":\"https:\\\/\\\/curesz.org\\\/#website\",\"url\":\"https:\\\/\\\/curesz.org\\\/\",\"name\":\"CURESZ Foundation\",\"description\":\"The CURESZ Foundation provides educational updates to patients, families, healthcare professionals and the general public about schizophrenia.\",\"publisher\":{\"@id\":\"https:\\\/\\\/curesz.org\\\/#organization\"},\"potentialAction\":[{\"@type\":\"SearchAction\",\"target\":{\"@type\":\"EntryPoint\",\"urlTemplate\":\"https:\\\/\\\/curesz.org\\\/?s={search_term_string}\"},\"query-input\":{\"@type\":\"PropertyValueSpecification\",\"valueRequired\":true,\"valueName\":\"search_term_string\"}}],\"inLanguage\":\"pt-PT\"},{\"@type\":\"Organization\",\"@id\":\"https:\\\/\\\/curesz.org\\\/#organization\",\"name\":\"Curesz Foundation\",\"url\":\"https:\\\/\\\/curesz.org\\\/\",\"logo\":{\"@type\":\"ImageObject\",\"inLanguage\":\"pt-PT\",\"@id\":\"https:\\\/\\\/curesz.org\\\/#\\\/schema\\\/logo\\\/image\\\/\",\"url\":\"https:\\\/\\\/curesz.org\\\/wp-content\\\/uploads\\\/2020\\\/02\\\/cropped-Logo-with-Foundation-Custom.png\",\"contentUrl\":\"https:\\\/\\\/curesz.org\\\/wp-content\\\/uploads\\\/2020\\\/02\\\/cropped-Logo-with-Foundation-Custom.png\",\"width\":200,\"height\":133,\"caption\":\"Curesz Foundation\"},\"image\":{\"@id\":\"https:\\\/\\\/curesz.org\\\/#\\\/schema\\\/logo\\\/image\\\/\"},\"sameAs\":[\"https:\\\/\\\/www.facebook.com\\\/Cureszorg\\\/\",\"https:\\\/\\\/x.com\\\/cureszorg\",\"https:\\\/\\\/www.instagram.com\\\/cureszfoundation\\\/\",\"https:\\\/\\\/www.youtube.com\\\/channel\\\/UCT3uVzTt8jiJ2qdhuosHPvg\"]}]}<\/script>\n<!-- \/ Yoast SEO plugin. -->","yoast_head_json":{"title":"Victoria Marie Alonso - CURESZ Foundation","robots":{"index":"index","follow":"follow","max-snippet":"max-snippet:-1","max-image-preview":"max-image-preview:large","max-video-preview":"max-video-preview:-1"},"canonical":"https:\/\/curesz.org\/pt_pt\/survivors\/victoria-marie-alonso\/","og_locale":"pt_PT","og_type":"article","og_title":"Victoria Marie Alonso - CURESZ Foundation","og_url":"https:\/\/curesz.org\/pt_pt\/survivors\/victoria-marie-alonso\/","og_site_name":"CURESZ Foundation","article_publisher":"https:\/\/www.facebook.com\/Cureszorg\/","article_modified_time":"2023-03-16T14:38:58+00:00","twitter_card":"summary_large_image","twitter_site":"@cureszorg","twitter_misc":{"Tempo estimado de leitura":"3 minutos"},"schema":{"@context":"https:\/\/schema.org","@graph":[{"@type":"WebPage","@id":"https:\/\/curesz.org\/survivors\/victoria-marie-alonso\/","url":"https:\/\/curesz.org\/survivors\/victoria-marie-alonso\/","name":"Victoria Marie Alonso - CURESZ Foundation","isPartOf":{"@id":"https:\/\/curesz.org\/#website"},"datePublished":"2019-07-10T21:02:48+00:00","dateModified":"2023-03-16T14:38:58+00:00","breadcrumb":{"@id":"https:\/\/curesz.org\/survivors\/victoria-marie-alonso\/#breadcrumb"},"inLanguage":"pt-PT","potentialAction":[{"@type":"ReadAction","target":["https:\/\/curesz.org\/survivors\/victoria-marie-alonso\/"]}]},{"@type":"BreadcrumbList","@id":"https:\/\/curesz.org\/survivors\/victoria-marie-alonso\/#breadcrumb","itemListElement":[{"@type":"ListItem","position":1,"name":"Home","item":"https:\/\/curesz.org\/"},{"@type":"ListItem","position":2,"name":"Survivors","item":"https:\/\/curesz.org\/survivors\/"},{"@type":"ListItem","position":3,"name":"Victoria Marie Alonso"}]},{"@type":"WebSite","@id":"https:\/\/curesz.org\/#website","url":"https:\/\/curesz.org\/","name":"Funda\u00e7\u00e3o CURESZ","description":"A Funda\u00e7\u00e3o CURESZ fornece atualiza\u00e7\u00f5es educacionais para pacientes, familiares, profissionais de sa\u00fade e p\u00fablico em geral sobre esquizofrenia.","publisher":{"@id":"https:\/\/curesz.org\/#organization"},"potentialAction":[{"@type":"SearchAction","target":{"@type":"EntryPoint","urlTemplate":"https:\/\/curesz.org\/?s={search_term_string}"},"query-input":{"@type":"PropertyValueSpecification","valueRequired":true,"valueName":"search_term_string"}}],"inLanguage":"pt-PT"},{"@type":"Organization","@id":"https:\/\/curesz.org\/#organization","name":"Curesz Foundation","url":"https:\/\/curesz.org\/","logo":{"@type":"ImageObject","inLanguage":"pt-PT","@id":"https:\/\/curesz.org\/#\/schema\/logo\/image\/","url":"https:\/\/curesz.org\/wp-content\/uploads\/2020\/02\/cropped-Logo-with-Foundation-Custom.png","contentUrl":"https:\/\/curesz.org\/wp-content\/uploads\/2020\/02\/cropped-Logo-with-Foundation-Custom.png","width":200,"height":133,"caption":"Curesz Foundation"},"image":{"@id":"https:\/\/curesz.org\/#\/schema\/logo\/image\/"},"sameAs":["https:\/\/www.facebook.com\/Cureszorg\/","https:\/\/x.com\/cureszorg","https:\/\/www.instagram.com\/cureszfoundation\/","https:\/\/www.youtube.com\/channel\/UCT3uVzTt8jiJ2qdhuosHPvg"]}]}},"_links":{"self":[{"href":"https:\/\/curesz.org\/pt_pt\/wp-json\/wp\/v2\/pages\/354","targetHints":{"allow":["GET"]}}],"collection":[{"href":"https:\/\/curesz.org\/pt_pt\/wp-json\/wp\/v2\/pages"}],"about":[{"href":"https:\/\/curesz.org\/pt_pt\/wp-json\/wp\/v2\/types\/page"}],"author":[{"embeddable":true,"href":"https:\/\/curesz.org\/pt_pt\/wp-json\/wp\/v2\/users\/2"}],"replies":[{"embeddable":true,"href":"https:\/\/curesz.org\/pt_pt\/wp-json\/wp\/v2\/comments?post=354"}],"version-history":[{"count":4,"href":"https:\/\/curesz.org\/pt_pt\/wp-json\/wp\/v2\/pages\/354\/revisions"}],"predecessor-version":[{"id":5076,"href":"https:\/\/curesz.org\/pt_pt\/wp-json\/wp\/v2\/pages\/354\/revisions\/5076"}],"up":[{"embeddable":true,"href":"https:\/\/curesz.org\/pt_pt\/wp-json\/wp\/v2\/pages\/35"}],"wp:attachment":[{"href":"https:\/\/curesz.org\/pt_pt\/wp-json\/wp\/v2\/media?parent=354"}],"curies":[{"name":"wp","href":"https:\/\/api.w.org\/{rel}","templated":true}]}}