{"id":358,"date":"2019-07-10T21:09:47","date_gmt":"2019-07-10T21:09:47","guid":{"rendered":"https:\/\/curesz.info\/?page_id=358"},"modified":"2019-08-12T18:18:27","modified_gmt":"2019-08-12T18:18:27","slug":"susan-weiner","status":"publish","type":"page","link":"https:\/\/curesz.org\/pt_pt\/survivors\/susan-weiner\/","title":{"rendered":"Susan Weiner"},"content":{"rendered":"<p><div class=\"fusion-fullwidth fullwidth-box fusion-builder-row-1 fusion-flex-container nonhundred-percent-fullwidth non-hundred-percent-height-scrolling\" style=\"--awb-border-radius-top-left:0px;--awb-border-radius-top-right:0px;--awb-border-radius-bottom-right:0px;--awb-border-radius-bottom-left:0px;--awb-flex-wrap:wrap;\" ><div class=\"fusion-builder-row fusion-row fusion-flex-align-items-flex-start fusion-flex-content-wrap\" style=\"max-width:1352px;margin-left: calc(-4% \/ 2 );margin-right: calc(-4% \/ 2 );\"><div class=\"fusion-layout-column fusion_builder_column fusion-builder-column-0 fusion_builder_column_1_4 1_4 fusion-flex-column\" style=\"--awb-bg-size:cover;--awb-width-large:25%;--awb-margin-top-large:0px;--awb-spacing-right-large:3.84%;--awb-margin-bottom-large:20px;--awb-spacing-left-large:7.68%;--awb-width-medium:100%;--awb-spacing-right-medium:1.92%;--awb-spacing-left-medium:1.92%;--awb-width-small:100%;--awb-spacing-right-small:1.92%;--awb-spacing-left-small:1.92%;\"><div class=\"fusion-column-wrapper fusion-column-has-shadow fusion-flex-justify-content-flex-start fusion-content-layout-column\"><div class=\"fusion-image-element\" style=\"--awb-caption-title-font-family:var(--h2_typography-font-family);--awb-caption-title-font-weight:var(--h2_typography-font-weight);--awb-caption-title-font-style:var(--h2_typography-font-style);--awb-caption-title-size:var(--h2_typography-font-size);--awb-caption-title-transform:var(--h2_typography-text-transform);--awb-caption-title-line-height:var(--h2_typography-line-height);--awb-caption-title-letter-spacing:var(--h2_typography-letter-spacing);\"><span class=\"fusion-imageframe imageframe-none imageframe-1 hover-type-none\"><img decoding=\"async\" width=\"284\" height=\"376\" title=\"susan-weiner\" src=\"https:\/\/curesz.org\/wp-content\/uploads\/2019\/07\/susan-weiner.jpg\" data-orig-src=\"https:\/\/curesz.org\/wp-content\/uploads\/2019\/07\/susan-weiner.jpg\" alt class=\"lazyload img-responsive wp-image-357\" srcset=\"data:image\/svg+xml,%3Csvg%20xmlns%3D%27http%3A%2F%2Fwww.w3.org%2F2000%2Fsvg%27%20width%3D%27284%27%20height%3D%27376%27%20viewBox%3D%270%200%20284%20376%27%3E%3Crect%20width%3D%27284%27%20height%3D%27376%27%20fill-opacity%3D%220%22%2F%3E%3C%2Fsvg%3E\" data-srcset=\"https:\/\/curesz.org\/wp-content\/uploads\/2019\/07\/susan-weiner-200x265.jpg 200w, https:\/\/curesz.org\/wp-content\/uploads\/2019\/07\/susan-weiner.jpg 284w\" data-sizes=\"auto\" data-orig-sizes=\"(max-width: 1024px) 100vw, (max-width: 640px) 100vw, 284px\" \/><\/span><\/div><div class=\"fusion-text fusion-text-1\"><p><strong>Susan Weiner<\/strong><\/p>\n<\/div><\/div><\/div><div class=\"fusion-layout-column fusion_builder_column fusion-builder-column-1 fusion_builder_column_3_4 3_4 fusion-flex-column\" style=\"--awb-bg-size:cover;--awb-width-large:75%;--awb-margin-top-large:0px;--awb-spacing-right-large:2.56%;--awb-margin-bottom-large:20px;--awb-spacing-left-large:3.84%;--awb-width-medium:100%;--awb-spacing-right-medium:1.92%;--awb-spacing-left-medium:1.92%;--awb-width-small:100%;--awb-spacing-right-small:1.92%;--awb-spacing-left-small:1.92%;\"><div class=\"fusion-column-wrapper fusion-column-has-shadow fusion-flex-justify-content-flex-start fusion-content-layout-column\"><div class=\"fusion-text fusion-text-2\"><p>Superando a Esquizofrenia: Susan Weiner<\/p>\n<p>Susan Weiner \u00e9 autora de livros infantis, incluindo \u201cPirates and Spooks Beware!\u201d que pode ser encontrado em\u00a0<a href=\"http:\/\/susanweinerbooks.com\/\" target=\"_blank\" rel=\"noopener noreferrer\" data-saferedirecturl=\"https:\/\/www.google.com\/url?q=http:\/\/susanweinerbooks.com&amp;source=gmail&amp;ust=1565714275701000&amp;usg=AFQjCNErB6DNW4mOiZLwaNhe3eg9eegUDg\">susanweinerbooks.com<\/a>. Seu mais novo trabalho, um livro de poemas devocionais crist\u00e3os, ser\u00e1 lan\u00e7ado no Dia de A\u00e7\u00e3o de Gra\u00e7as deste ano.<\/p>\n<p>Susan tamb\u00e9m publicou dois livros de poesia, uma an\u00e1lise de estudo b\u00edblico, uma s\u00e9rie de artigos hist\u00f3ricos, outros artigos e um cap\u00edtulo para um livro sobre quest\u00f5es psiqui\u00e1tricas.<\/p>\n<p>Susan cresceu em Maryland e na Calif\u00f3rnia. Desde a inf\u00e2ncia, ela adorava ler.<\/p>\n<p>Como estudante de gradua\u00e7\u00e3o, Susan estudou Literatura Inglesa na California State University e recebeu uma bolsa do Rotary International para estudar na Gr\u00e3-Bretanha por um ano. Ela se formou em 1988 e come\u00e7ou a trabalhar como professora do ensino m\u00e9dio para jovens \u201cem risco\u201d e membros de gangues fora de Los Angeles.<\/p>\n<p>Dois anos depois, Susan iniciou um programa de doutorado na Universidade da Calif\u00f3rnia, em Los Angeles, para estudar a hist\u00f3ria brit\u00e2nica do s\u00e9culo XVII. Enquanto cursava a p\u00f3s-gradua\u00e7\u00e3o, Susan come\u00e7ou a tomar uma droga rotineiramente prescrita por um m\u00e9dico e teve seu primeiro epis\u00f3dio psic\u00f3tico logo depois.<\/p>\n<p>Confusa, delirante e psic\u00f3tica, Susan abandonou seu programa de p\u00f3s-gradua\u00e7\u00e3o. Uma vez uma estudante pr\u00f3spera, Susan era extremamente paran\u00f3ica. Desiludida, ela acreditava ter embarcado em uma miss\u00e3o para salvar os Estados Unidos de um terr\u00edvel holocausto, perpetrado por um ditador maligno, que era muito real para Susan.<\/p>\n<p>Por sete meses, recusando qualquer contato com a fam\u00edlia e amigos, Susan efetivamente desapareceu. \u00c0 medida que sua psicose piorava, ela vivia com o dinheiro que reservava para as mensalidades, morando em um apartamento em uma \u00e1rea degradada de Santa Monica, Calif\u00f3rnia.<\/p>\n<p>Susan foi finalmente detida pela pol\u00edcia e internada contra sua vontade em uma cl\u00ednica psiqui\u00e1trica local. Ap\u00f3s sua admiss\u00e3o na instala\u00e7\u00e3o, Susan se reuniu com seus pais. Ela foi diagnosticada com transtorno esquizoafetivo e iniciou v\u00e1rios testes com medicamentos. Em retrospectiva, ela veria essa interna\u00e7\u00e3o como seu primeiro passo de volta \u00e0 normalidade.<\/p>\n<p>Ap\u00f3s v\u00e1rios anos de testes com medicamentos, Susan obteve o maior sucesso com Risperdal, um medicamento antipsic\u00f3tico que ela toma at\u00e9 hoje. Isso permitiu que ela voltasse \u00e0 vida normal.<\/p>\n<p>Hoje, Susan realizou seu sonho de se tornar uma pesquisadora e escritora. Ela est\u00e1 prosperando em todas as \u00e1reas de sua vida e \u00e9 uma filha amorosa e uma amiga.<\/p>\n<p>Voc\u00ea pode ler mais sobre Susan no\u00a0<a href=\"http:\/\/www.schizophreniaoralhistories.com\/susan\" target=\"_blank\" rel=\"noopener noreferrer\" data-saferedirecturl=\"https:\/\/www.google.com\/url?q=http:\/\/www.schizophreniaoralhistories.com\/susan&amp;source=gmail&amp;ust=1565714275701000&amp;usg=AFQjCNGEtD7MBDDQnCV1_vkGxovvSNLPdQ\">Projeto de Hist\u00f3ria Oral da Esquizofrenia.<\/a><\/p>\n<p>Voc\u00ea pode pedir que Susan responda a voc\u00ea e, se puder, ela responder\u00e1. Entre em contato com ela em<u><span style=\"color: #000124;\"><a href=\"https:\/\/www.susanweinerbooks.com\/\" target=\"_blank\" rel=\"noopener noreferrer\" data-saferedirecturl=\"https:\/\/www.google.com\/url?q=https:\/\/www.susanweinerbooks.com\/&amp;source=gmail&amp;ust=1565714275701000&amp;usg=AFQjCNEL3OnFF4rW6Zqg2IAJ8mmXvVDxSg\">\u00a0https:\/\/www.susanweinerbooks.<wbr \/>com\/<\/a><\/span><\/u><\/p>\n<p><u><\/u>Isen\u00e7\u00e3o de responsabilidade: Os sobreviventes da esquizofrenia n\u00e3o s\u00e3o representantes da Funda\u00e7\u00e3o CURESZ.<\/p>\n<\/div><\/div><\/div><\/div><\/div><div class=\"fusion-fullwidth fullwidth-box fusion-builder-row-2 fusion-flex-container hundred-percent-fullwidth non-hundred-percent-height-scrolling\" style=\"--awb-border-radius-top-left:0px;--awb-border-radius-top-right:0px;--awb-border-radius-bottom-right:0px;--awb-border-radius-bottom-left:0px;--awb-padding-top:0px;--awb-padding-right:0px;--awb-padding-bottom:0px;--awb-padding-left:0px;--awb-margin-top:0px;--awb-margin-bottom:0px;--awb-background-color:#015da7;--awb-flex-wrap:wrap;\" ><div class=\"fusion-builder-row fusion-row fusion-flex-align-items-flex-start fusion-flex-content-wrap\" style=\"width:104% !important;max-width:104% !important;margin-left: calc(-4% \/ 2 );margin-right: calc(-4% \/ 2 );\"><\/div><\/div>\n<\/p>","protected":false},"excerpt":{"rendered":"","protected":false},"author":2,"featured_media":0,"parent":35,"menu_order":0,"comment_status":"closed","ping_status":"closed","template":"100-width.php","meta":{"_acf_changed":false,"footnotes":""},"class_list":["post-358","page","type-page","status-publish","hentry"],"acf":[],"yoast_head":"<!-- This site is optimized with the Yoast SEO plugin v27.4 - https:\/\/yoast.com\/product\/yoast-seo-wordpress\/ -->\n<title>Susan Weiner - CURESZ Foundation<\/title>\n<meta name=\"robots\" content=\"index, follow, max-snippet:-1, max-image-preview:large, max-video-preview:-1\" \/>\n<link rel=\"canonical\" href=\"https:\/\/curesz.org\/pt_pt\/survivors\/susan-weiner\/\" \/>\n<meta property=\"og:locale\" content=\"pt_PT\" \/>\n<meta property=\"og:type\" content=\"article\" \/>\n<meta property=\"og:title\" content=\"Susan Weiner - CURESZ Foundation\" \/>\n<meta property=\"og:url\" content=\"https:\/\/curesz.org\/pt_pt\/survivors\/susan-weiner\/\" \/>\n<meta property=\"og:site_name\" content=\"CURESZ Foundation\" \/>\n<meta property=\"article:publisher\" content=\"https:\/\/www.facebook.com\/Cureszorg\/\" \/>\n<meta property=\"article:modified_time\" content=\"2019-08-12T18:18:27+00:00\" \/>\n<meta name=\"twitter:card\" content=\"summary_large_image\" \/>\n<meta name=\"twitter:site\" content=\"@cureszorg\" \/>\n<meta name=\"twitter:label1\" content=\"Tempo estimado de leitura\" \/>\n\t<meta name=\"twitter:data1\" content=\"4 minutos\" \/>\n<script type=\"application\/ld+json\" class=\"yoast-schema-graph\">{\"@context\":\"https:\\\/\\\/schema.org\",\"@graph\":[{\"@type\":\"WebPage\",\"@id\":\"https:\\\/\\\/curesz.org\\\/survivors\\\/susan-weiner\\\/\",\"url\":\"https:\\\/\\\/curesz.org\\\/survivors\\\/susan-weiner\\\/\",\"name\":\"Susan Weiner - CURESZ Foundation\",\"isPartOf\":{\"@id\":\"https:\\\/\\\/curesz.org\\\/#website\"},\"datePublished\":\"2019-07-10T21:09:47+00:00\",\"dateModified\":\"2019-08-12T18:18:27+00:00\",\"breadcrumb\":{\"@id\":\"https:\\\/\\\/curesz.org\\\/survivors\\\/susan-weiner\\\/#breadcrumb\"},\"inLanguage\":\"pt-PT\",\"potentialAction\":[{\"@type\":\"ReadAction\",\"target\":[\"https:\\\/\\\/curesz.org\\\/survivors\\\/susan-weiner\\\/\"]}]},{\"@type\":\"BreadcrumbList\",\"@id\":\"https:\\\/\\\/curesz.org\\\/survivors\\\/susan-weiner\\\/#breadcrumb\",\"itemListElement\":[{\"@type\":\"ListItem\",\"position\":1,\"name\":\"Home\",\"item\":\"https:\\\/\\\/curesz.org\\\/\"},{\"@type\":\"ListItem\",\"position\":2,\"name\":\"Survivors\",\"item\":\"https:\\\/\\\/curesz.org\\\/survivors\\\/\"},{\"@type\":\"ListItem\",\"position\":3,\"name\":\"Susan Weiner\"}]},{\"@type\":\"WebSite\",\"@id\":\"https:\\\/\\\/curesz.org\\\/#website\",\"url\":\"https:\\\/\\\/curesz.org\\\/\",\"name\":\"CURESZ Foundation\",\"description\":\"The CURESZ Foundation provides educational updates to patients, families, healthcare professionals and the general public about schizophrenia.\",\"publisher\":{\"@id\":\"https:\\\/\\\/curesz.org\\\/#organization\"},\"potentialAction\":[{\"@type\":\"SearchAction\",\"target\":{\"@type\":\"EntryPoint\",\"urlTemplate\":\"https:\\\/\\\/curesz.org\\\/?s={search_term_string}\"},\"query-input\":{\"@type\":\"PropertyValueSpecification\",\"valueRequired\":true,\"valueName\":\"search_term_string\"}}],\"inLanguage\":\"pt-PT\"},{\"@type\":\"Organization\",\"@id\":\"https:\\\/\\\/curesz.org\\\/#organization\",\"name\":\"Curesz Foundation\",\"url\":\"https:\\\/\\\/curesz.org\\\/\",\"logo\":{\"@type\":\"ImageObject\",\"inLanguage\":\"pt-PT\",\"@id\":\"https:\\\/\\\/curesz.org\\\/#\\\/schema\\\/logo\\\/image\\\/\",\"url\":\"https:\\\/\\\/curesz.org\\\/wp-content\\\/uploads\\\/2020\\\/02\\\/cropped-Logo-with-Foundation-Custom.png\",\"contentUrl\":\"https:\\\/\\\/curesz.org\\\/wp-content\\\/uploads\\\/2020\\\/02\\\/cropped-Logo-with-Foundation-Custom.png\",\"width\":200,\"height\":133,\"caption\":\"Curesz Foundation\"},\"image\":{\"@id\":\"https:\\\/\\\/curesz.org\\\/#\\\/schema\\\/logo\\\/image\\\/\"},\"sameAs\":[\"https:\\\/\\\/www.facebook.com\\\/Cureszorg\\\/\",\"https:\\\/\\\/x.com\\\/cureszorg\",\"https:\\\/\\\/www.instagram.com\\\/cureszfoundation\\\/\",\"https:\\\/\\\/www.youtube.com\\\/channel\\\/UCT3uVzTt8jiJ2qdhuosHPvg\"]}]}<\/script>\n<!-- \/ Yoast SEO plugin. -->","yoast_head_json":{"title":"Susan Weiner - CURESZ Foundation","robots":{"index":"index","follow":"follow","max-snippet":"max-snippet:-1","max-image-preview":"max-image-preview:large","max-video-preview":"max-video-preview:-1"},"canonical":"https:\/\/curesz.org\/pt_pt\/survivors\/susan-weiner\/","og_locale":"pt_PT","og_type":"article","og_title":"Susan Weiner - CURESZ Foundation","og_url":"https:\/\/curesz.org\/pt_pt\/survivors\/susan-weiner\/","og_site_name":"CURESZ Foundation","article_publisher":"https:\/\/www.facebook.com\/Cureszorg\/","article_modified_time":"2019-08-12T18:18:27+00:00","twitter_card":"summary_large_image","twitter_site":"@cureszorg","twitter_misc":{"Tempo estimado de leitura":"4 minutos"},"schema":{"@context":"https:\/\/schema.org","@graph":[{"@type":"WebPage","@id":"https:\/\/curesz.org\/survivors\/susan-weiner\/","url":"https:\/\/curesz.org\/survivors\/susan-weiner\/","name":"Susan Weiner - CURESZ Foundation","isPartOf":{"@id":"https:\/\/curesz.org\/#website"},"datePublished":"2019-07-10T21:09:47+00:00","dateModified":"2019-08-12T18:18:27+00:00","breadcrumb":{"@id":"https:\/\/curesz.org\/survivors\/susan-weiner\/#breadcrumb"},"inLanguage":"pt-PT","potentialAction":[{"@type":"ReadAction","target":["https:\/\/curesz.org\/survivors\/susan-weiner\/"]}]},{"@type":"BreadcrumbList","@id":"https:\/\/curesz.org\/survivors\/susan-weiner\/#breadcrumb","itemListElement":[{"@type":"ListItem","position":1,"name":"Home","item":"https:\/\/curesz.org\/"},{"@type":"ListItem","position":2,"name":"Survivors","item":"https:\/\/curesz.org\/survivors\/"},{"@type":"ListItem","position":3,"name":"Susan Weiner"}]},{"@type":"WebSite","@id":"https:\/\/curesz.org\/#website","url":"https:\/\/curesz.org\/","name":"Funda\u00e7\u00e3o CURESZ","description":"A Funda\u00e7\u00e3o CURESZ fornece atualiza\u00e7\u00f5es educacionais para pacientes, familiares, profissionais de sa\u00fade e p\u00fablico em geral sobre esquizofrenia.","publisher":{"@id":"https:\/\/curesz.org\/#organization"},"potentialAction":[{"@type":"SearchAction","target":{"@type":"EntryPoint","urlTemplate":"https:\/\/curesz.org\/?s={search_term_string}"},"query-input":{"@type":"PropertyValueSpecification","valueRequired":true,"valueName":"search_term_string"}}],"inLanguage":"pt-PT"},{"@type":"Organization","@id":"https:\/\/curesz.org\/#organization","name":"Curesz Foundation","url":"https:\/\/curesz.org\/","logo":{"@type":"ImageObject","inLanguage":"pt-PT","@id":"https:\/\/curesz.org\/#\/schema\/logo\/image\/","url":"https:\/\/curesz.org\/wp-content\/uploads\/2020\/02\/cropped-Logo-with-Foundation-Custom.png","contentUrl":"https:\/\/curesz.org\/wp-content\/uploads\/2020\/02\/cropped-Logo-with-Foundation-Custom.png","width":200,"height":133,"caption":"Curesz Foundation"},"image":{"@id":"https:\/\/curesz.org\/#\/schema\/logo\/image\/"},"sameAs":["https:\/\/www.facebook.com\/Cureszorg\/","https:\/\/x.com\/cureszorg","https:\/\/www.instagram.com\/cureszfoundation\/","https:\/\/www.youtube.com\/channel\/UCT3uVzTt8jiJ2qdhuosHPvg"]}]}},"_links":{"self":[{"href":"https:\/\/curesz.org\/pt_pt\/wp-json\/wp\/v2\/pages\/358","targetHints":{"allow":["GET"]}}],"collection":[{"href":"https:\/\/curesz.org\/pt_pt\/wp-json\/wp\/v2\/pages"}],"about":[{"href":"https:\/\/curesz.org\/pt_pt\/wp-json\/wp\/v2\/types\/page"}],"author":[{"embeddable":true,"href":"https:\/\/curesz.org\/pt_pt\/wp-json\/wp\/v2\/users\/2"}],"replies":[{"embeddable":true,"href":"https:\/\/curesz.org\/pt_pt\/wp-json\/wp\/v2\/comments?post=358"}],"version-history":[{"count":4,"href":"https:\/\/curesz.org\/pt_pt\/wp-json\/wp\/v2\/pages\/358\/revisions"}],"predecessor-version":[{"id":2497,"href":"https:\/\/curesz.org\/pt_pt\/wp-json\/wp\/v2\/pages\/358\/revisions\/2497"}],"up":[{"embeddable":true,"href":"https:\/\/curesz.org\/pt_pt\/wp-json\/wp\/v2\/pages\/35"}],"wp:attachment":[{"href":"https:\/\/curesz.org\/pt_pt\/wp-json\/wp\/v2\/media?parent=358"}],"curies":[{"name":"wp","href":"https:\/\/api.w.org\/{rel}","templated":true}]}}