{"id":3666,"date":"2020-12-19T15:13:26","date_gmt":"2020-12-19T15:13:26","guid":{"rendered":"https:\/\/curesz.org\/?page_id=3666"},"modified":"2021-04-08T15:31:30","modified_gmt":"2021-04-08T15:31:30","slug":"surviving-bipolar-disorder","status":"publish","type":"page","link":"https:\/\/curesz.org\/pt_pt\/surviving-bipolar-disorder\/","title":{"rendered":"Sobrevivendo ao Transtorno Bipolar"},"content":{"rendered":"<div id=\"attachment_3668\" style=\"width: 310px\" class=\"wp-caption alignleft\"><img decoding=\"async\" aria-describedby=\"caption-attachment-3668\" class=\"lazyload wp-image-3668 size-medium\" src=\"https:\/\/curesz.org\/wp-content\/uploads\/2020\/12\/Olivia-Milliron-300x295.jpg\" data-orig-src=\"https:\/\/curesz.org\/wp-content\/uploads\/2020\/12\/Olivia-Milliron-300x295.jpg\" alt=\"\" width=\"300\" height=\"295\" srcset=\"data:image\/svg+xml,%3Csvg%20xmlns%3D%27http%3A%2F%2Fwww.w3.org%2F2000%2Fsvg%27%20width%3D%27300%27%20height%3D%27295%27%20viewBox%3D%270%200%20300%20295%27%3E%3Crect%20width%3D%27300%27%20height%3D%27295%27%20fill-opacity%3D%220%22%2F%3E%3C%2Fsvg%3E\" data-srcset=\"https:\/\/curesz.org\/wp-content\/uploads\/2020\/12\/Olivia-Milliron-66x66.jpg 66w, https:\/\/curesz.org\/wp-content\/uploads\/2020\/12\/Olivia-Milliron-200x197.jpg 200w, https:\/\/curesz.org\/wp-content\/uploads\/2020\/12\/Olivia-Milliron-300x295.jpg 300w, https:\/\/curesz.org\/wp-content\/uploads\/2020\/12\/Olivia-Milliron-400x394.jpg 400w, https:\/\/curesz.org\/wp-content\/uploads\/2020\/12\/Olivia-Milliron-600x591.jpg 600w, https:\/\/curesz.org\/wp-content\/uploads\/2020\/12\/Olivia-Milliron-768x756.jpg 768w, https:\/\/curesz.org\/wp-content\/uploads\/2020\/12\/Olivia-Milliron-800x787.jpg 800w, https:\/\/curesz.org\/wp-content\/uploads\/2020\/12\/Olivia-Milliron.jpg 828w\" data-sizes=\"auto\" data-orig-sizes=\"(max-width: 300px) 100vw, 300px\" \/><p id=\"caption-attachment-3668\" class=\"wp-caption-text\">Olivia Milliron<\/p><\/div>\n<p><strong>Recurso do Aluno: Sobrevivendo ao Transtorno Bipolar<br \/>\npor Olivia Milliron<\/strong><\/p>\n<p><a href=\"https:\/\/youtu.be\/rFGJ09K6dig\"><strong>V\u00cdDEO: Olivia compartilha sua hist\u00f3ria<\/strong><\/a><\/p>\n<p>Navegar na sa\u00fade mental e na estabilidade mental tem sido uma jornada longa e muitas vezes tumultuada para mim. Chegar ao ponto em que estou hoje n\u00e3o foi f\u00e1cil e muitas vezes foi repleto de lutas e momentos em que senti que n\u00e3o iria conseguir. Mas a doen\u00e7a mental me permitiu entender e sentir uma quantidade enorme de empatia, compaix\u00e3o e emo\u00e7\u00e3o - e me transformou na pessoa que sou hoje.<\/p>\n<p>Minha experi\u00eancia com sa\u00fade mental come\u00e7ou por volta dos 19 anos. Sofri um trauma emocional por volta de abril de 2017, que me deixou sozinha, vazia, assustada e perdida. Embora eu n\u00e3o ache que essa foi a \u00fanica causa de minha doen\u00e7a mental, acho que desempenhou um papel importante em me levar a desenvolver sinais de transtorno bipolar. Eu estava tendo problemas na escola tamb\u00e9m. Eu estava me formando em artes visuais e constantemente me sentia inferior em compara\u00e7\u00e3o com meus colegas talentosos. Ao longo de dois anos, declinei lentamente em uma bagun\u00e7a inst\u00e1vel e furiosa.<\/p>\n<p>O transtorno bipolar geralmente se caracteriza por relacionamentos inst\u00e1veis, tomada de decis\u00f5es imprudentes, ansiedade, depress\u00e3o e muito mais. No come\u00e7o, eu estava experimentando intensas mudan\u00e7as de humor. Eu seria uma bagun\u00e7a chorosa e solu\u00e7ante em um minuto e, de repente, explodiria em um ataque de raiva no pr\u00f3ximo. Freq\u00fcentemente, eu experimentava emo\u00e7\u00f5es intensas e sentimentos de mania, apenas para voltar a epis\u00f3dios depressivos de uma semana. Minhas mudan\u00e7as de humor foram atribu\u00eddas a eu ser apenas excessivamente emocional ou um beb\u00ea chor\u00e3o. No fundo, eu tinha um pressentimento de que era algo mais. Eu tentei o meu melhor para me manter controlado e seguir em frente.<\/p>\n<p>Depois de alguns meses, minhas mudan\u00e7as de humor come\u00e7aram a se tornar cada vez mais frequentes e frequentemente acompanhadas de decis\u00f5es horr\u00edveis e impulsivas. Eu bebia muito e usava o \u00e1lcool como um mecanismo de enfrentamento para entorpecer todos os meus sentimentos intensos. Externamente, eu estava vivendo uma vida normal - mudei-me para uma casa com um dos meus melhores amigos, tinha um namorado, estava no segundo ano da escola de arte e tinha amor e apoio das pessoas ao meu redor. Por dentro, eu me sentia como um desastre de trem. Eu estava t\u00e3o paralisado por minhas mudan\u00e7as de humor. Eu n\u00e3o tinha ideia de como era ser normal. N\u00e3o contei a muitas pessoas o que estava sentindo ou experimentando. Eu senti que ningu\u00e9m realmente entendia ou presumiria que eu estava apenas sendo dram\u00e1tica.<\/p>\n<p>Meu relacionamento com meu namorado estava piorando. Comecei a ter ideias falsas. Eu acreditava que todos haviam se voltado contra mim e era dif\u00edcil saber o que era real e o que era falso. Eu gritava com meus amigos, meu namorado e meus pais. Comecei brigas ruins e acusei meus entes queridos de coisas que eles n\u00e3o fizeram. Comecei a terapia nessa \u00e9poca, ajudou - mas foi dif\u00edcil para mim trabalhar com minhas emo\u00e7\u00f5es. Rapidamente, fui colocado em Cymbalta - n\u00e3o funcionou.<\/p>\n<p>Cymbalta me deixou cansado. A \u00fanica vez que senti al\u00edvio foi quando estava dormindo. Eu dormiria 9-10 horas. Se eu tivesse que trabalhar \u00e0s 8h, estava na cama \u00e0s 19h da noite anterior. Depois de um ou dois meses tomando Cymbalta, parei. Eu disse ao psiquiatra que isso me dava muito sono.<\/p>\n<p>A essa altura, eu n\u00e3o conseguia mais esconder o que estava acontecendo. Meus amigos sabiam, meus pais sabiam e meu namorado sabia que algo estava seriamente errado. Meus relacionamentos com as pessoas ficaram seriamente tensos. Mesmo no trabalho, eu lutava para manter a compostura e sofria ataques de p\u00e2nico. Sofri esses ataques diariamente e nos piores momentos poss\u00edveis. Lembro-me de estar em um show uma noite e ter que sair porque n\u00e3o conseguia parar de chorar e hiperventilar.<\/p>\n<p>Por fim, tomei a decis\u00e3o de ser hospitalizado em fevereiro de 2019. Foi uma decis\u00e3o dif\u00edcil de tomar - mas era algo que eu sabia que precisava fazer. Enquanto estava na ala psiqui\u00e1trica, passei por v\u00e1rios exames de sa\u00fade mental e fui diagnosticado com Transtorno de Personalidade Borderline. Foi um al\u00edvio saber o que era, que tinha nome, e eu n\u00e3o estava enlouquecendo. Fui colocado em um estabilizador de humor, Abilify, e eles queriam tentar outro SSRI comigo. Ent\u00e3o, tamb\u00e9m fui colocado no Zoloft. Em 2021, meu diagn\u00f3stico foi alterado para transtorno bipolar.<\/p>\n<p>Sa\u00ed depois de tr\u00eas dias, mas j\u00e1 estava come\u00e7ando a me sentir melhor, mais como eu. Comecei a trabalhar em um novo emprego e tomei meus rem\u00e9dios todos os dias por quase um ano. Comecei uma forma de terapia de grupo chamada DBT- Terapia Comportamental Dial\u00e9tica. \u00c9 criado especificamente para pessoas que lidam com transtornos de personalidade. Aprendi mecanismos de enfrentamento novos e saud\u00e1veis que, em \u00faltima an\u00e1lise, me ajudaram a lidar com minhas mudan\u00e7as de humor e ideias falsas.<\/p>\n<p>Atualmente, tomo Zoloft e Abilify. Depois de algum tempo sem rem\u00e9dios, meu psiquiatra e eu tomamos a decis\u00e3o de reiniciar a medica\u00e7\u00e3o. N\u00e3o acho que tomar rem\u00e9dios para qualquer problema de sa\u00fade mental seja algo para se envergonhar. E n\u00e3o acho que o objetivo seja chegar a um ponto em que voc\u00ea n\u00e3o precise deles tamb\u00e9m. \u00c0s vezes, as pessoas funcionam melhor quando est\u00e3o sob medica\u00e7\u00e3o indefinidamente. Tamb\u00e9m n\u00e3o acho que estar internado seja algo a esconder. N\u00e3o h\u00e1 problema em pedir ajuda. Por muito tempo, senti que era o \u00fanico com permiss\u00e3o para lidar com o que sentia. Mas sem profissionais m\u00e9dicos, eu n\u00e3o teria meu diagn\u00f3stico - e ainda poderia estar sofrendo. As coisas n\u00e3o melhoraram exatamente depois que sa\u00ed do hospital, mas foi um grande passo na dire\u00e7\u00e3o certa. Ir \u00e0 terapia, praticar e usar as habilidades que aprendi com o DBT e obter uma melhor compreens\u00e3o de mim mesmo tamb\u00e9m ajudou imensamente.<\/p>\n<p>H\u00e1 dias bons e dias ruins. Acho que qualquer pessoa com uma doen\u00e7a mental pode atestar isso. Voc\u00ea aprende a surfar com a onda, em vez de nadar contra a corrente. Gerenciar o transtorno bipolar tem sido uma li\u00e7\u00e3o valiosa para navegar na vida.<\/p>\n<p>Acho que o estigma em torno da sa\u00fade mental est\u00e1 diminuindo lentamente. N\u00e3o vivemos mais em uma \u00e9poca em que doentes mentais s\u00e3o jogados em asilos e esquecidos. As pessoas que vivem com doen\u00e7a mental podem realizar grandes coisas e s\u00e3o t\u00e3o capazes quanto algu\u00e9m sem doen\u00e7a mental. Um em cada cinco adultos americanos vive com uma doen\u00e7a mental. Se voc\u00ea \u00e9 algu\u00e9m que est\u00e1 lutando, n\u00e3o tenha medo de entrar em contato com amigos, grupos de apoio e outras pessoas que se importam. Saiba que voc\u00ea definitivamente n\u00e3o est\u00e1 sozinho.<\/p>\n<p><strong><em>Olivia Milliron era uma estudante de gradua\u00e7\u00e3o em artes liberais na Universidade de Cincinnati. Ela ainda \u00e9 membro do clube CURESZ on Campus da Universidade de Cincinnati.<\/em><\/strong><\/p>\n<p>&nbsp;<\/p>\n<p>&nbsp;<\/p>","protected":false},"excerpt":{"rendered":"<p>Student Feature: Surviving Bipolar Disorder by Olivia Milliron VIDEO: Olivia  [&#8230;]<\/p>\n","protected":false},"author":3,"featured_media":0,"parent":0,"menu_order":0,"comment_status":"closed","ping_status":"closed","template":"","meta":{"_acf_changed":false,"footnotes":""},"class_list":["post-3666","page","type-page","status-publish","hentry"],"acf":[],"yoast_head":"<!-- This site is optimized with the Yoast SEO plugin v27.5 - https:\/\/yoast.com\/product\/yoast-seo-wordpress\/ -->\n<title>Surviving Bipolar Disorder - CURESZ Foundation<\/title>\n<meta name=\"robots\" content=\"index, follow, max-snippet:-1, max-image-preview:large, max-video-preview:-1\" \/>\n<link rel=\"canonical\" href=\"https:\/\/curesz.org\/pt_pt\/surviving-bipolar-disorder\/\" \/>\n<meta property=\"og:locale\" content=\"pt_PT\" \/>\n<meta property=\"og:type\" content=\"article\" \/>\n<meta property=\"og:title\" content=\"Surviving Bipolar Disorder - CURESZ Foundation\" \/>\n<meta property=\"og:description\" content=\"Student Feature: Surviving Bipolar Disorder by Olivia Milliron VIDEO: Olivia [...]\" \/>\n<meta property=\"og:url\" content=\"https:\/\/curesz.org\/pt_pt\/surviving-bipolar-disorder\/\" \/>\n<meta property=\"og:site_name\" content=\"CURESZ Foundation\" \/>\n<meta property=\"article:publisher\" content=\"https:\/\/www.facebook.com\/Cureszorg\/\" \/>\n<meta property=\"article:modified_time\" content=\"2021-04-08T15:31:30+00:00\" \/>\n<meta property=\"og:image\" content=\"https:\/\/curesz.org\/wp-content\/uploads\/2020\/12\/Olivia-Milliron-300x295.jpg\" \/>\n<meta name=\"twitter:card\" content=\"summary_large_image\" \/>\n<meta name=\"twitter:site\" content=\"@cureszorg\" \/>\n<meta name=\"twitter:label1\" content=\"Tempo estimado de leitura\" \/>\n\t<meta name=\"twitter:data1\" content=\"6 minutos\" \/>\n<script type=\"application\/ld+json\" class=\"yoast-schema-graph\">{\"@context\":\"https:\\\/\\\/schema.org\",\"@graph\":[{\"@type\":\"WebPage\",\"@id\":\"https:\\\/\\\/curesz.org\\\/surviving-bipolar-disorder\\\/\",\"url\":\"https:\\\/\\\/curesz.org\\\/surviving-bipolar-disorder\\\/\",\"name\":\"Surviving Bipolar Disorder - CURESZ Foundation\",\"isPartOf\":{\"@id\":\"https:\\\/\\\/curesz.org\\\/#website\"},\"primaryImageOfPage\":{\"@id\":\"https:\\\/\\\/curesz.org\\\/surviving-bipolar-disorder\\\/#primaryimage\"},\"image\":{\"@id\":\"https:\\\/\\\/curesz.org\\\/surviving-bipolar-disorder\\\/#primaryimage\"},\"thumbnailUrl\":\"https:\\\/\\\/curesz.org\\\/wp-content\\\/uploads\\\/2020\\\/12\\\/Olivia-Milliron-300x295.jpg\",\"datePublished\":\"2020-12-19T15:13:26+00:00\",\"dateModified\":\"2021-04-08T15:31:30+00:00\",\"breadcrumb\":{\"@id\":\"https:\\\/\\\/curesz.org\\\/surviving-bipolar-disorder\\\/#breadcrumb\"},\"inLanguage\":\"pt-PT\",\"potentialAction\":[{\"@type\":\"ReadAction\",\"target\":[\"https:\\\/\\\/curesz.org\\\/surviving-bipolar-disorder\\\/\"]}]},{\"@type\":\"ImageObject\",\"inLanguage\":\"pt-PT\",\"@id\":\"https:\\\/\\\/curesz.org\\\/surviving-bipolar-disorder\\\/#primaryimage\",\"url\":\"https:\\\/\\\/curesz.org\\\/wp-content\\\/uploads\\\/2020\\\/12\\\/Olivia-Milliron-300x295.jpg\",\"contentUrl\":\"https:\\\/\\\/curesz.org\\\/wp-content\\\/uploads\\\/2020\\\/12\\\/Olivia-Milliron-300x295.jpg\"},{\"@type\":\"BreadcrumbList\",\"@id\":\"https:\\\/\\\/curesz.org\\\/surviving-bipolar-disorder\\\/#breadcrumb\",\"itemListElement\":[{\"@type\":\"ListItem\",\"position\":1,\"name\":\"Home\",\"item\":\"https:\\\/\\\/curesz.org\\\/\"},{\"@type\":\"ListItem\",\"position\":2,\"name\":\"Surviving Bipolar Disorder\"}]},{\"@type\":\"WebSite\",\"@id\":\"https:\\\/\\\/curesz.org\\\/#website\",\"url\":\"https:\\\/\\\/curesz.org\\\/\",\"name\":\"CURESZ Foundation\",\"description\":\"The CURESZ Foundation provides educational updates to patients, families, healthcare professionals and the general public about schizophrenia.\",\"publisher\":{\"@id\":\"https:\\\/\\\/curesz.org\\\/#organization\"},\"potentialAction\":[{\"@type\":\"SearchAction\",\"target\":{\"@type\":\"EntryPoint\",\"urlTemplate\":\"https:\\\/\\\/curesz.org\\\/?s={search_term_string}\"},\"query-input\":{\"@type\":\"PropertyValueSpecification\",\"valueRequired\":true,\"valueName\":\"search_term_string\"}}],\"inLanguage\":\"pt-PT\"},{\"@type\":\"Organization\",\"@id\":\"https:\\\/\\\/curesz.org\\\/#organization\",\"name\":\"Curesz Foundation\",\"url\":\"https:\\\/\\\/curesz.org\\\/\",\"logo\":{\"@type\":\"ImageObject\",\"inLanguage\":\"pt-PT\",\"@id\":\"https:\\\/\\\/curesz.org\\\/#\\\/schema\\\/logo\\\/image\\\/\",\"url\":\"https:\\\/\\\/curesz.org\\\/wp-content\\\/uploads\\\/2020\\\/02\\\/cropped-Logo-with-Foundation-Custom.png\",\"contentUrl\":\"https:\\\/\\\/curesz.org\\\/wp-content\\\/uploads\\\/2020\\\/02\\\/cropped-Logo-with-Foundation-Custom.png\",\"width\":200,\"height\":133,\"caption\":\"Curesz Foundation\"},\"image\":{\"@id\":\"https:\\\/\\\/curesz.org\\\/#\\\/schema\\\/logo\\\/image\\\/\"},\"sameAs\":[\"https:\\\/\\\/www.facebook.com\\\/Cureszorg\\\/\",\"https:\\\/\\\/x.com\\\/cureszorg\",\"https:\\\/\\\/www.instagram.com\\\/cureszfoundation\\\/\",\"https:\\\/\\\/www.youtube.com\\\/channel\\\/UCT3uVzTt8jiJ2qdhuosHPvg\"]}]}<\/script>\n<!-- \/ Yoast SEO plugin. -->","yoast_head_json":{"title":"Surviving Bipolar Disorder - CURESZ Foundation","robots":{"index":"index","follow":"follow","max-snippet":"max-snippet:-1","max-image-preview":"max-image-preview:large","max-video-preview":"max-video-preview:-1"},"canonical":"https:\/\/curesz.org\/pt_pt\/surviving-bipolar-disorder\/","og_locale":"pt_PT","og_type":"article","og_title":"Surviving Bipolar Disorder - CURESZ Foundation","og_description":"Student Feature: Surviving Bipolar Disorder by Olivia Milliron VIDEO: Olivia [...]","og_url":"https:\/\/curesz.org\/pt_pt\/surviving-bipolar-disorder\/","og_site_name":"CURESZ Foundation","article_publisher":"https:\/\/www.facebook.com\/Cureszorg\/","article_modified_time":"2021-04-08T15:31:30+00:00","og_image":[{"url":"https:\/\/curesz.org\/wp-content\/uploads\/2020\/12\/Olivia-Milliron-300x295.jpg","type":"","width":"","height":""}],"twitter_card":"summary_large_image","twitter_site":"@cureszorg","twitter_misc":{"Tempo estimado de leitura":"6 minutos"},"schema":{"@context":"https:\/\/schema.org","@graph":[{"@type":"WebPage","@id":"https:\/\/curesz.org\/surviving-bipolar-disorder\/","url":"https:\/\/curesz.org\/surviving-bipolar-disorder\/","name":"Surviving Bipolar Disorder - CURESZ Foundation","isPartOf":{"@id":"https:\/\/curesz.org\/#website"},"primaryImageOfPage":{"@id":"https:\/\/curesz.org\/surviving-bipolar-disorder\/#primaryimage"},"image":{"@id":"https:\/\/curesz.org\/surviving-bipolar-disorder\/#primaryimage"},"thumbnailUrl":"https:\/\/curesz.org\/wp-content\/uploads\/2020\/12\/Olivia-Milliron-300x295.jpg","datePublished":"2020-12-19T15:13:26+00:00","dateModified":"2021-04-08T15:31:30+00:00","breadcrumb":{"@id":"https:\/\/curesz.org\/surviving-bipolar-disorder\/#breadcrumb"},"inLanguage":"pt-PT","potentialAction":[{"@type":"ReadAction","target":["https:\/\/curesz.org\/surviving-bipolar-disorder\/"]}]},{"@type":"ImageObject","inLanguage":"pt-PT","@id":"https:\/\/curesz.org\/surviving-bipolar-disorder\/#primaryimage","url":"https:\/\/curesz.org\/wp-content\/uploads\/2020\/12\/Olivia-Milliron-300x295.jpg","contentUrl":"https:\/\/curesz.org\/wp-content\/uploads\/2020\/12\/Olivia-Milliron-300x295.jpg"},{"@type":"BreadcrumbList","@id":"https:\/\/curesz.org\/surviving-bipolar-disorder\/#breadcrumb","itemListElement":[{"@type":"ListItem","position":1,"name":"Home","item":"https:\/\/curesz.org\/"},{"@type":"ListItem","position":2,"name":"Surviving Bipolar Disorder"}]},{"@type":"WebSite","@id":"https:\/\/curesz.org\/#website","url":"https:\/\/curesz.org\/","name":"Funda\u00e7\u00e3o CURESZ","description":"A Funda\u00e7\u00e3o CURESZ fornece atualiza\u00e7\u00f5es educacionais para pacientes, familiares, profissionais de sa\u00fade e p\u00fablico em geral sobre esquizofrenia.","publisher":{"@id":"https:\/\/curesz.org\/#organization"},"potentialAction":[{"@type":"SearchAction","target":{"@type":"EntryPoint","urlTemplate":"https:\/\/curesz.org\/?s={search_term_string}"},"query-input":{"@type":"PropertyValueSpecification","valueRequired":true,"valueName":"search_term_string"}}],"inLanguage":"pt-PT"},{"@type":"Organization","@id":"https:\/\/curesz.org\/#organization","name":"Curesz Foundation","url":"https:\/\/curesz.org\/","logo":{"@type":"ImageObject","inLanguage":"pt-PT","@id":"https:\/\/curesz.org\/#\/schema\/logo\/image\/","url":"https:\/\/curesz.org\/wp-content\/uploads\/2020\/02\/cropped-Logo-with-Foundation-Custom.png","contentUrl":"https:\/\/curesz.org\/wp-content\/uploads\/2020\/02\/cropped-Logo-with-Foundation-Custom.png","width":200,"height":133,"caption":"Curesz Foundation"},"image":{"@id":"https:\/\/curesz.org\/#\/schema\/logo\/image\/"},"sameAs":["https:\/\/www.facebook.com\/Cureszorg\/","https:\/\/x.com\/cureszorg","https:\/\/www.instagram.com\/cureszfoundation\/","https:\/\/www.youtube.com\/channel\/UCT3uVzTt8jiJ2qdhuosHPvg"]}]}},"_links":{"self":[{"href":"https:\/\/curesz.org\/pt_pt\/wp-json\/wp\/v2\/pages\/3666","targetHints":{"allow":["GET"]}}],"collection":[{"href":"https:\/\/curesz.org\/pt_pt\/wp-json\/wp\/v2\/pages"}],"about":[{"href":"https:\/\/curesz.org\/pt_pt\/wp-json\/wp\/v2\/types\/page"}],"author":[{"embeddable":true,"href":"https:\/\/curesz.org\/pt_pt\/wp-json\/wp\/v2\/users\/3"}],"replies":[{"embeddable":true,"href":"https:\/\/curesz.org\/pt_pt\/wp-json\/wp\/v2\/comments?post=3666"}],"version-history":[{"count":8,"href":"https:\/\/curesz.org\/pt_pt\/wp-json\/wp\/v2\/pages\/3666\/revisions"}],"predecessor-version":[{"id":3887,"href":"https:\/\/curesz.org\/pt_pt\/wp-json\/wp\/v2\/pages\/3666\/revisions\/3887"}],"wp:attachment":[{"href":"https:\/\/curesz.org\/pt_pt\/wp-json\/wp\/v2\/media?parent=3666"}],"curies":[{"name":"wp","href":"https:\/\/api.w.org\/{rel}","templated":true}]}}