{"id":3932,"date":"2021-05-25T14:58:55","date_gmt":"2021-05-25T14:58:55","guid":{"rendered":"https:\/\/curesz.org\/?page_id=3932"},"modified":"2021-10-15T21:40:15","modified_gmt":"2021-10-15T21:40:15","slug":"vitucci-memorial-lecture-2021","status":"publish","type":"page","link":"https:\/\/curesz.org\/pt_pt\/vitucci-memorial-lecture-2021\/","title":{"rendered":"Palestra Memorial Vitucci 2021 See More"},"content":{"rendered":"<h2><img decoding=\"async\" class=\"lazyload size-medium wp-image-3934 alignright\" src=\"https:\/\/curesz.org\/wp-content\/uploads\/2021\/05\/Mann-267x300.jpg\" data-orig-src=\"https:\/\/curesz.org\/wp-content\/uploads\/2021\/05\/Mann-267x300.jpg\" alt=\"\" width=\"267\" height=\"300\" srcset=\"data:image\/svg+xml,%3Csvg%20xmlns%3D%27http%3A%2F%2Fwww.w3.org%2F2000%2Fsvg%27%20width%3D%27267%27%20height%3D%27300%27%20viewBox%3D%270%200%20267%20300%27%3E%3Crect%20width%3D%27267%27%20height%3D%27300%27%20fill-opacity%3D%220%22%2F%3E%3C%2Fsvg%3E\" data-srcset=\"https:\/\/curesz.org\/wp-content\/uploads\/2021\/05\/Mann-200x224.jpg 200w, https:\/\/curesz.org\/wp-content\/uploads\/2021\/05\/Mann-267x300.jpg 267w, https:\/\/curesz.org\/wp-content\/uploads\/2021\/05\/Mann.jpg 320w\" data-sizes=\"auto\" data-orig-sizes=\"(max-width: 267px) 100vw, 267px\" \/>Palestra Memorial Virtual Anthony Vitucci<br \/>\n12 de outubro de 2021, 19h EST<\/h2>\n<h2><a href=\"https:\/\/uc.mediaspace.kaltura.com\/media\/CURESZ.org+-+Vitucci+Memorial+Lecture+-+Evidence-Based+Suicide+PreventionA+A+Road+Map+for+Today+and+Tomorrow+-+Dr.+Mann+-+10.12.21\/1_2tnw5nj0\" target=\"_blank\" rel=\"noopener\">Veja a palestra do Dr. Mann.<\/a><\/h2>\n<h3>A Funda\u00e7\u00e3o CURESZ d\u00e1 as boas-vindas ao Dr. J. John Mann, da Universidade de Columbia, para apresentar uma palestra virtual em mem\u00f3ria de Anthony Vitucci intitulada:<\/h3>\n<h2>\u201cPreven\u00e7\u00e3o do suic\u00eddio baseada em evid\u00eancias: um roteiro para hoje e amanh\u00e3.\u201d<\/h2>\n<p><em><i>Dr. J. John Mann \u00e9 um especialista internacional em suic\u00eddio. Al\u00e9m de seu diploma de MD e forma\u00e7\u00e3o em Psiquiatria e Medicina Interna, ele tamb\u00e9m tem um doutorado em Neuroqu\u00edmica. Sua pesquisa emprega imagens funcionais do c\u00e9rebro, neuroqu\u00edmica e gen\u00e9tica molecular para investigar as causas da depress\u00e3o e do suic\u00eddio. Dr. Mann \u00e9 o diretor do NIMH Conte Center para a neuroci\u00eancia dos transtornos mentais e ex-presidente da Academia Internacional de Pesquisa sobre Suic\u00eddio.<br \/>\nEle publicou centenas de artigos cient\u00edficos e recebeu muitas homenagens e pr\u00eamios.<\/i><\/em><\/p>\n<p>&nbsp;<\/p>\n<p><img decoding=\"async\" class=\"lazyload size-medium wp-image-3935 alignleft\" src=\"https:\/\/curesz.org\/wp-content\/uploads\/2021\/05\/Anthony-243x300.jpg\" data-orig-src=\"https:\/\/curesz.org\/wp-content\/uploads\/2021\/05\/Anthony-243x300.jpg\" alt=\"\" width=\"243\" height=\"300\" srcset=\"data:image\/svg+xml,%3Csvg%20xmlns%3D%27http%3A%2F%2Fwww.w3.org%2F2000%2Fsvg%27%20width%3D%27243%27%20height%3D%27300%27%20viewBox%3D%270%200%20243%20300%27%3E%3Crect%20width%3D%27243%27%20height%3D%27300%27%20fill-opacity%3D%220%22%2F%3E%3C%2Fsvg%3E\" data-srcset=\"https:\/\/curesz.org\/wp-content\/uploads\/2021\/05\/Anthony-200x247.jpg 200w, https:\/\/curesz.org\/wp-content\/uploads\/2021\/05\/Anthony-243x300.jpg 243w, https:\/\/curesz.org\/wp-content\/uploads\/2021\/05\/Anthony-400x494.jpg 400w, https:\/\/curesz.org\/wp-content\/uploads\/2021\/05\/Anthony-600x742.jpg 600w, https:\/\/curesz.org\/wp-content\/uploads\/2021\/05\/Anthony.jpg 720w\" data-sizes=\"auto\" data-orig-sizes=\"(max-width: 243px) 100vw, 243px\" \/><em>Anthony Vitucci tinha 23 anos quando faleceu. Ele teve seu primeiro epis\u00f3dio psic\u00f3tico em dezembro de 2014. Ele era um \u00e1vido jogador de futebol, adorava ir \u00e0 praia e pescar, al\u00e9m de malhar na academia. Ele era gentil, atencioso e ajudaria quem precisasse. Ele era engra\u00e7ado e sempre brincava comigo (a m\u00e3e dele). Acima de tudo, ele adorava passar o tempo com sua fam\u00edlia e frequentemente expressava como era grato pelo cuidado dedicado e diligente que prestamos a ele durante sua doen\u00e7a.<\/em><\/p>\n<p><em>Nenhuma taxa ou doa\u00e7\u00e3o \u00e9 necess\u00e1ria para participar. No entanto, <a href=\"https:\/\/curesz.org\/pt_pt\/donate\/\" target=\"_blank\" rel=\"noopener\">uma doa\u00e7\u00e3o de $50 seria apreciada.<\/a><\/em><\/p>\n<h2>As inscri\u00e7\u00f5es para a palestra de 2022 ser\u00e3o abertas em julho de 2022.<\/h2>\n<p><strong>A palestra Vitucci foi credenciada para 1,5 cr\u00e9ditos CME\/CEU. CE est\u00e1 dispon\u00edvel para m\u00e9dicos, psic\u00f3logos (American Psychological Association), conselheiros e assistentes sociais.<\/strong><\/p>\n<p>&nbsp;<\/p>\n<p>&nbsp;<\/p>\n<p><b>DECLARA\u00c7\u00d5ES DE ACREDITA\u00c7\u00c3O E DESIGNA\u00c7\u00c3O ACCME, OPA E CSWMFT<\/b><\/p>\n<p>A Universidade de Cincinnati \u00e9 credenciada pelo Conselho de Credenciamento para Educa\u00e7\u00e3o M\u00e9dica Continuada (ACCME) para fornecer educa\u00e7\u00e3o m\u00e9dica continuada para m\u00e9dicos.<\/p>\n<p>A Universidade de Cincinnati designa esta atividade ao vivo por no m\u00e1ximo 1,5 <em>AMA PRA Categoria 1 Cr\u00e9dito<\/em>. Os m\u00e9dicos s\u00f3 devem reivindicar o cr\u00e9dito proporcional \u00e0 extens\u00e3o de sua participa\u00e7\u00e3o na atividade.<\/p>\n<p>A University of Cincinnati \u00e9 credenciada pela Ohio Psychological Association e designa esta atividade ao vivo para um m\u00e1ximo de 1,50 horas de cr\u00e9dito OPA-MCE por apresenta\u00e7\u00e3o do Grand Rounds.<\/p>\n<p>A University of Cincinnati \u00e9 credenciada pelo State of Ohio Counselor and Social Worker Board e designa esta atividade ao vivo para um m\u00e1ximo de 1,50 horas CEU por apresenta\u00e7\u00e3o das Grandes Rodadas.<\/p>\n<p>&nbsp;<\/p>\n<p>&nbsp;<\/p>","protected":false},"excerpt":{"rendered":"<p>Anthony Vitucci Virtual Memorial Lecture October 12, 2021, 7pm EST  [&#8230;]<\/p>\n","protected":false},"author":3,"featured_media":0,"parent":0,"menu_order":0,"comment_status":"closed","ping_status":"closed","template":"","meta":{"_acf_changed":false,"footnotes":""},"class_list":["post-3932","page","type-page","status-publish","hentry"],"acf":[],"yoast_head":"<!-- This site is optimized with the Yoast SEO plugin v27.4 - https:\/\/yoast.com\/product\/yoast-seo-wordpress\/ -->\n<title>Vitucci Memorial Lecture 2021 - CURESZ Foundation<\/title>\n<meta name=\"robots\" content=\"index, follow, max-snippet:-1, max-image-preview:large, max-video-preview:-1\" \/>\n<link rel=\"canonical\" href=\"https:\/\/curesz.org\/pt_pt\/vitucci-memorial-lecture-2021\/\" \/>\n<meta property=\"og:locale\" content=\"pt_PT\" \/>\n<meta property=\"og:type\" content=\"article\" \/>\n<meta property=\"og:title\" content=\"Vitucci Memorial Lecture 2021 - CURESZ Foundation\" \/>\n<meta property=\"og:description\" content=\"Anthony Vitucci Virtual Memorial Lecture October 12, 2021, 7pm EST [...]\" \/>\n<meta property=\"og:url\" content=\"https:\/\/curesz.org\/pt_pt\/vitucci-memorial-lecture-2021\/\" \/>\n<meta property=\"og:site_name\" content=\"CURESZ Foundation\" \/>\n<meta property=\"article:publisher\" content=\"https:\/\/www.facebook.com\/Cureszorg\/\" \/>\n<meta property=\"article:modified_time\" content=\"2021-10-15T21:40:15+00:00\" \/>\n<meta property=\"og:image\" content=\"https:\/\/curesz.org\/wp-content\/uploads\/2021\/05\/Mann-267x300.jpg\" \/>\n<meta name=\"twitter:card\" content=\"summary_large_image\" \/>\n<meta name=\"twitter:site\" content=\"@cureszorg\" \/>\n<meta name=\"twitter:label1\" content=\"Tempo estimado de leitura\" \/>\n\t<meta name=\"twitter:data1\" content=\"3 minutos\" \/>\n<script type=\"application\/ld+json\" class=\"yoast-schema-graph\">{\"@context\":\"https:\\\/\\\/schema.org\",\"@graph\":[{\"@type\":\"WebPage\",\"@id\":\"https:\\\/\\\/curesz.org\\\/vitucci-memorial-lecture-2021\\\/\",\"url\":\"https:\\\/\\\/curesz.org\\\/vitucci-memorial-lecture-2021\\\/\",\"name\":\"Vitucci Memorial Lecture 2021 - CURESZ Foundation\",\"isPartOf\":{\"@id\":\"https:\\\/\\\/curesz.org\\\/#website\"},\"primaryImageOfPage\":{\"@id\":\"https:\\\/\\\/curesz.org\\\/vitucci-memorial-lecture-2021\\\/#primaryimage\"},\"image\":{\"@id\":\"https:\\\/\\\/curesz.org\\\/vitucci-memorial-lecture-2021\\\/#primaryimage\"},\"thumbnailUrl\":\"https:\\\/\\\/curesz.org\\\/wp-content\\\/uploads\\\/2021\\\/05\\\/Mann-267x300.jpg\",\"datePublished\":\"2021-05-25T14:58:55+00:00\",\"dateModified\":\"2021-10-15T21:40:15+00:00\",\"breadcrumb\":{\"@id\":\"https:\\\/\\\/curesz.org\\\/vitucci-memorial-lecture-2021\\\/#breadcrumb\"},\"inLanguage\":\"pt-PT\",\"potentialAction\":[{\"@type\":\"ReadAction\",\"target\":[\"https:\\\/\\\/curesz.org\\\/vitucci-memorial-lecture-2021\\\/\"]}]},{\"@type\":\"ImageObject\",\"inLanguage\":\"pt-PT\",\"@id\":\"https:\\\/\\\/curesz.org\\\/vitucci-memorial-lecture-2021\\\/#primaryimage\",\"url\":\"https:\\\/\\\/curesz.org\\\/wp-content\\\/uploads\\\/2021\\\/05\\\/Mann-267x300.jpg\",\"contentUrl\":\"https:\\\/\\\/curesz.org\\\/wp-content\\\/uploads\\\/2021\\\/05\\\/Mann-267x300.jpg\"},{\"@type\":\"BreadcrumbList\",\"@id\":\"https:\\\/\\\/curesz.org\\\/vitucci-memorial-lecture-2021\\\/#breadcrumb\",\"itemListElement\":[{\"@type\":\"ListItem\",\"position\":1,\"name\":\"Home\",\"item\":\"https:\\\/\\\/curesz.org\\\/\"},{\"@type\":\"ListItem\",\"position\":2,\"name\":\"Vitucci Memorial Lecture 2021\"}]},{\"@type\":\"WebSite\",\"@id\":\"https:\\\/\\\/curesz.org\\\/#website\",\"url\":\"https:\\\/\\\/curesz.org\\\/\",\"name\":\"CURESZ Foundation\",\"description\":\"The CURESZ Foundation provides educational updates to patients, families, healthcare professionals and the general public about schizophrenia.\",\"publisher\":{\"@id\":\"https:\\\/\\\/curesz.org\\\/#organization\"},\"potentialAction\":[{\"@type\":\"SearchAction\",\"target\":{\"@type\":\"EntryPoint\",\"urlTemplate\":\"https:\\\/\\\/curesz.org\\\/?s={search_term_string}\"},\"query-input\":{\"@type\":\"PropertyValueSpecification\",\"valueRequired\":true,\"valueName\":\"search_term_string\"}}],\"inLanguage\":\"pt-PT\"},{\"@type\":\"Organization\",\"@id\":\"https:\\\/\\\/curesz.org\\\/#organization\",\"name\":\"Curesz Foundation\",\"url\":\"https:\\\/\\\/curesz.org\\\/\",\"logo\":{\"@type\":\"ImageObject\",\"inLanguage\":\"pt-PT\",\"@id\":\"https:\\\/\\\/curesz.org\\\/#\\\/schema\\\/logo\\\/image\\\/\",\"url\":\"https:\\\/\\\/curesz.org\\\/wp-content\\\/uploads\\\/2020\\\/02\\\/cropped-Logo-with-Foundation-Custom.png\",\"contentUrl\":\"https:\\\/\\\/curesz.org\\\/wp-content\\\/uploads\\\/2020\\\/02\\\/cropped-Logo-with-Foundation-Custom.png\",\"width\":200,\"height\":133,\"caption\":\"Curesz Foundation\"},\"image\":{\"@id\":\"https:\\\/\\\/curesz.org\\\/#\\\/schema\\\/logo\\\/image\\\/\"},\"sameAs\":[\"https:\\\/\\\/www.facebook.com\\\/Cureszorg\\\/\",\"https:\\\/\\\/x.com\\\/cureszorg\",\"https:\\\/\\\/www.instagram.com\\\/cureszfoundation\\\/\",\"https:\\\/\\\/www.youtube.com\\\/channel\\\/UCT3uVzTt8jiJ2qdhuosHPvg\"]}]}<\/script>\n<!-- \/ Yoast SEO plugin. -->","yoast_head_json":{"title":"Vitucci Memorial Lecture 2021 - CURESZ Foundation","robots":{"index":"index","follow":"follow","max-snippet":"max-snippet:-1","max-image-preview":"max-image-preview:large","max-video-preview":"max-video-preview:-1"},"canonical":"https:\/\/curesz.org\/pt_pt\/vitucci-memorial-lecture-2021\/","og_locale":"pt_PT","og_type":"article","og_title":"Vitucci Memorial Lecture 2021 - CURESZ Foundation","og_description":"Anthony Vitucci Virtual Memorial Lecture October 12, 2021, 7pm EST [...]","og_url":"https:\/\/curesz.org\/pt_pt\/vitucci-memorial-lecture-2021\/","og_site_name":"CURESZ Foundation","article_publisher":"https:\/\/www.facebook.com\/Cureszorg\/","article_modified_time":"2021-10-15T21:40:15+00:00","og_image":[{"url":"https:\/\/curesz.org\/wp-content\/uploads\/2021\/05\/Mann-267x300.jpg","type":"","width":"","height":""}],"twitter_card":"summary_large_image","twitter_site":"@cureszorg","twitter_misc":{"Tempo estimado de leitura":"3 minutos"},"schema":{"@context":"https:\/\/schema.org","@graph":[{"@type":"WebPage","@id":"https:\/\/curesz.org\/vitucci-memorial-lecture-2021\/","url":"https:\/\/curesz.org\/vitucci-memorial-lecture-2021\/","name":"Vitucci Memorial Lecture 2021 - CURESZ Foundation","isPartOf":{"@id":"https:\/\/curesz.org\/#website"},"primaryImageOfPage":{"@id":"https:\/\/curesz.org\/vitucci-memorial-lecture-2021\/#primaryimage"},"image":{"@id":"https:\/\/curesz.org\/vitucci-memorial-lecture-2021\/#primaryimage"},"thumbnailUrl":"https:\/\/curesz.org\/wp-content\/uploads\/2021\/05\/Mann-267x300.jpg","datePublished":"2021-05-25T14:58:55+00:00","dateModified":"2021-10-15T21:40:15+00:00","breadcrumb":{"@id":"https:\/\/curesz.org\/vitucci-memorial-lecture-2021\/#breadcrumb"},"inLanguage":"pt-PT","potentialAction":[{"@type":"ReadAction","target":["https:\/\/curesz.org\/vitucci-memorial-lecture-2021\/"]}]},{"@type":"ImageObject","inLanguage":"pt-PT","@id":"https:\/\/curesz.org\/vitucci-memorial-lecture-2021\/#primaryimage","url":"https:\/\/curesz.org\/wp-content\/uploads\/2021\/05\/Mann-267x300.jpg","contentUrl":"https:\/\/curesz.org\/wp-content\/uploads\/2021\/05\/Mann-267x300.jpg"},{"@type":"BreadcrumbList","@id":"https:\/\/curesz.org\/vitucci-memorial-lecture-2021\/#breadcrumb","itemListElement":[{"@type":"ListItem","position":1,"name":"Home","item":"https:\/\/curesz.org\/"},{"@type":"ListItem","position":2,"name":"Vitucci Memorial Lecture 2021"}]},{"@type":"WebSite","@id":"https:\/\/curesz.org\/#website","url":"https:\/\/curesz.org\/","name":"Funda\u00e7\u00e3o CURESZ","description":"A Funda\u00e7\u00e3o CURESZ fornece atualiza\u00e7\u00f5es educacionais para pacientes, familiares, profissionais de sa\u00fade e p\u00fablico em geral sobre esquizofrenia.","publisher":{"@id":"https:\/\/curesz.org\/#organization"},"potentialAction":[{"@type":"SearchAction","target":{"@type":"EntryPoint","urlTemplate":"https:\/\/curesz.org\/?s={search_term_string}"},"query-input":{"@type":"PropertyValueSpecification","valueRequired":true,"valueName":"search_term_string"}}],"inLanguage":"pt-PT"},{"@type":"Organization","@id":"https:\/\/curesz.org\/#organization","name":"Curesz Foundation","url":"https:\/\/curesz.org\/","logo":{"@type":"ImageObject","inLanguage":"pt-PT","@id":"https:\/\/curesz.org\/#\/schema\/logo\/image\/","url":"https:\/\/curesz.org\/wp-content\/uploads\/2020\/02\/cropped-Logo-with-Foundation-Custom.png","contentUrl":"https:\/\/curesz.org\/wp-content\/uploads\/2020\/02\/cropped-Logo-with-Foundation-Custom.png","width":200,"height":133,"caption":"Curesz Foundation"},"image":{"@id":"https:\/\/curesz.org\/#\/schema\/logo\/image\/"},"sameAs":["https:\/\/www.facebook.com\/Cureszorg\/","https:\/\/x.com\/cureszorg","https:\/\/www.instagram.com\/cureszfoundation\/","https:\/\/www.youtube.com\/channel\/UCT3uVzTt8jiJ2qdhuosHPvg"]}]}},"_links":{"self":[{"href":"https:\/\/curesz.org\/pt_pt\/wp-json\/wp\/v2\/pages\/3932","targetHints":{"allow":["GET"]}}],"collection":[{"href":"https:\/\/curesz.org\/pt_pt\/wp-json\/wp\/v2\/pages"}],"about":[{"href":"https:\/\/curesz.org\/pt_pt\/wp-json\/wp\/v2\/types\/page"}],"author":[{"embeddable":true,"href":"https:\/\/curesz.org\/pt_pt\/wp-json\/wp\/v2\/users\/3"}],"replies":[{"embeddable":true,"href":"https:\/\/curesz.org\/pt_pt\/wp-json\/wp\/v2\/comments?post=3932"}],"version-history":[{"count":25,"href":"https:\/\/curesz.org\/pt_pt\/wp-json\/wp\/v2\/pages\/3932\/revisions"}],"predecessor-version":[{"id":4173,"href":"https:\/\/curesz.org\/pt_pt\/wp-json\/wp\/v2\/pages\/3932\/revisions\/4173"}],"wp:attachment":[{"href":"https:\/\/curesz.org\/pt_pt\/wp-json\/wp\/v2\/media?parent=3932"}],"curies":[{"name":"wp","href":"https:\/\/api.w.org\/{rel}","templated":true}]}}