{"id":3996,"date":"2021-06-23T14:41:04","date_gmt":"2021-06-23T14:41:04","guid":{"rendered":"https:\/\/curesz.org\/?page_id=3996"},"modified":"2024-01-05T11:31:49","modified_gmt":"2024-01-05T16:31:49","slug":"michaels-recovery-from-schizophrenia","status":"publish","type":"page","link":"https:\/\/curesz.org\/pt_pt\/survivors\/michaels-recovery-from-schizophrenia\/","title":{"rendered":"Michael B"},"content":{"rendered":"<p><div class=\"fusion-fullwidth fullwidth-box fusion-builder-row-1 fusion-flex-container nonhundred-percent-fullwidth non-hundred-percent-height-scrolling\" style=\"--awb-border-radius-top-left:0px;--awb-border-radius-top-right:0px;--awb-border-radius-bottom-right:0px;--awb-border-radius-bottom-left:0px;--awb-flex-wrap:wrap;\" ><div class=\"fusion-builder-row fusion-row fusion-flex-align-items-flex-start fusion-flex-content-wrap\" style=\"max-width:1352px;margin-left: calc(-4% \/ 2 );margin-right: calc(-4% \/ 2 );\"><div class=\"fusion-layout-column fusion_builder_column fusion-builder-column-0 fusion_builder_column_1_4 1_4 fusion-flex-column\" style=\"--awb-bg-size:cover;--awb-width-large:25%;--awb-margin-top-large:0px;--awb-spacing-right-large:7.68%;--awb-margin-bottom-large:20px;--awb-spacing-left-large:7.68%;--awb-width-medium:100%;--awb-spacing-right-medium:1.92%;--awb-spacing-left-medium:1.92%;--awb-width-small:100%;--awb-spacing-right-small:1.92%;--awb-spacing-left-small:1.92%;\"><div class=\"fusion-column-wrapper fusion-column-has-shadow fusion-flex-justify-content-flex-start fusion-content-layout-column\"><div class=\"fusion-image-element\" style=\"--awb-caption-title-font-family:var(--h2_typography-font-family);--awb-caption-title-font-weight:var(--h2_typography-font-weight);--awb-caption-title-font-style:var(--h2_typography-font-style);--awb-caption-title-size:var(--h2_typography-font-size);--awb-caption-title-transform:var(--h2_typography-text-transform);--awb-caption-title-line-height:var(--h2_typography-line-height);--awb-caption-title-letter-spacing:var(--h2_typography-letter-spacing);\"><span class=\"fusion-imageframe imageframe-none imageframe-1 hover-type-none\"><img decoding=\"async\" width=\"300\" height=\"300\" title=\"Brisbin 300 x 300\" src=\"https:\/\/curesz.org\/wp-content\/uploads\/2024\/01\/Brisbin-300-x-300.jpg\" data-orig-src=\"https:\/\/curesz.org\/wp-content\/uploads\/2024\/01\/Brisbin-300-x-300.jpg\" alt class=\"lazyload img-responsive wp-image-5599\" srcset=\"data:image\/svg+xml,%3Csvg%20xmlns%3D%27http%3A%2F%2Fwww.w3.org%2F2000%2Fsvg%27%20width%3D%27300%27%20height%3D%27300%27%20viewBox%3D%270%200%20300%20300%27%3E%3Crect%20width%3D%27300%27%20height%3D%27300%27%20fill-opacity%3D%220%22%2F%3E%3C%2Fsvg%3E\" data-srcset=\"https:\/\/curesz.org\/wp-content\/uploads\/2024\/01\/Brisbin-300-x-300-200x200.jpg 200w, https:\/\/curesz.org\/wp-content\/uploads\/2024\/01\/Brisbin-300-x-300.jpg 300w\" data-sizes=\"auto\" data-orig-sizes=\"(max-width: 1024px) 100vw, (max-width: 640px) 100vw, 300px\" \/><\/span><\/div><div class=\"fusion-text fusion-text-1\" style=\"--awb-text-transform:none;\"><p><strong>Michael B<\/strong><\/p>\n<\/div><\/div><\/div><div class=\"fusion-layout-column fusion_builder_column fusion-builder-column-1 fusion_builder_column_3_4 3_4 fusion-flex-column\" style=\"--awb-bg-size:cover;--awb-width-large:75%;--awb-margin-top-large:0px;--awb-spacing-right-large:2.56%;--awb-margin-bottom-large:20px;--awb-spacing-left-large:2.56%;--awb-width-medium:100%;--awb-spacing-right-medium:1.92%;--awb-spacing-left-medium:1.92%;--awb-width-small:100%;--awb-spacing-right-small:1.92%;--awb-spacing-left-small:1.92%;\"><div class=\"fusion-column-wrapper fusion-column-has-shadow fusion-flex-justify-content-flex-start fusion-content-layout-column\"><div class=\"fusion-text fusion-text-2\" style=\"--awb-text-transform:none;\"><p><strong>Managing Full-Time College: Michael B<\/strong><\/p>\n<p>In my first two years of high school, academics came easily to me and I was an honors student. As a member of the National Honor Society, National Technical Honor Society, and student council, my future looked bright. I made plans to major in computer science in college.<\/p>\n<p>However, during my junior and senior years of high school, I started struggling academically and losing interest in the hobbies I had always enjoyed. I began experiencing extreme anxiety and alternated between sleeping hours on end and being unable to sleep for days at a time. My teachers, family, and friends began to notice something was different, but they did not know what it was. At the time, no one in my life realized this was the beginning of my journey into the world of mental illness.<\/p>\n<p>Eu mal consegui me formar no ensino m\u00e9dio. Felizmente, devido \u00e0s minhas realiza\u00e7\u00f5es acad\u00eamicas anteriores, eu j\u00e1 havia sido aceito no College of the Ozarks com uma bolsa integral.<\/p>\n<p>Em 2016, durante meu primeiro semestre de faculdade, experimentei meus primeiros del\u00edrios e sentimentos de paran\u00f3ia. Eu pensei que meus professores estavam contra mim. Eu acreditava que mensagens subliminares estavam sendo transmitidas pela TV e pelo r\u00e1dio. Eu tinha dificuldade para dormir e n\u00e3o conseguia acordar a tempo para as aulas. Quando eu fazia o dever de casa, eu me via lendo o mesmo texto v\u00e1rias vezes sem compreens\u00e3o.<\/p>\n<p>Incapaz de me concentrar, matei minhas aulas e me isolei em meu quarto. Eu n\u00e3o conseguia entender por que as tarefas escolares haviam se tornado t\u00e3o dif\u00edceis. Fui reprovado nas aulas e voltei para casa naquele ver\u00e3o confuso e desanimado.<\/p>\n<p>Over the course of the next several months, my mental health continued to decline. I wasn&#8217;t sleeping and I experienced cognitive issues. I began having visual, auditory, and tactile hallucinations: hearing voices and experiencing extreme fear. I was no longer able to study or work. My parents sought treatment for me, and in November 2016 I was diagnosed with schizoaffective disorder.<\/p>\n<p>We tried numerous medications and treatment options for improved cognition and anxiety control: clean eating, gluten and dairy free foods, supplements, vitamins, and holistic and naturopathic medicine. Nothing worked. Finally, in my desperate and confused state, I believed that more medication might work better to relieve my symptoms, and I took a two-week supply of medicine all at once. This resulted in me being picked up by ambulance and hospitalized with multiple organ failure. This was my fourth and last hospitalization.<\/p>\n<p>After 13 failed antipsychotics, numerous mood stabilizers and antidepressants, and four hospitalizations, my parents finally found a doctor who was unwilling to give up on me. This doctor started me on a rarely used medication called clozapine, for treatment-resistant patients.<\/p>\n<p>On clozapine, my concentration and memory began to improve. I began to experience less anxiety and fear and I started to enjoy old hobbies like reading. Over several months, the delusions, hallucinations, and voices faded away. As these schizophrenia symptoms began to fade, my cognitive abilities slowly improved. I enrolled in community college and each semester proved a little easier than the last.<\/p>\n<p>I have now been in meaningful recovery for five years. I am back at my previous college, which is three and a half hours away from home, and I am living in a dorm on campus again. I work 15 hours a week in the campus library. I have made friends and am enjoying college life. My grades are excellent.<\/p>\n<p>In 2019, I founded a NAMI peer support group in my hometown for people living with mental illness (NAMI stands for National Alliance on Mental Illness). In 2020, I started a NAMI on-campus support group for the Metropolitan Community College of Kansas City. I am a board member of NAMI of Greater Kansas City and the program director for all NAMI on-campus groups in Kansas City colleges. I have been arranging Zoom meetings, and people from all over the United States attend virtually. I was featured on the PBS Documentary, \u201cThe Hidden Pandemic.\u201d<\/p>\n<p>Recentemente, mudei meu curso de ci\u00eancia da computa\u00e7\u00e3o para servi\u00e7o social. Ap\u00f3s a formatura, quero trabalhar na \u00e1rea de sa\u00fade mental. Acredito que as pessoas que vivem com doen\u00e7as mentais precisam de ajuda, esperan\u00e7a e compreens\u00e3o, e quero trabalhar com os pacientes para melhorar suas vidas. Quero que saibam que a recupera\u00e7\u00e3o \u00e9 poss\u00edvel com a medica\u00e7\u00e3o certa e que n\u00e3o est\u00e3o sozinhos.<\/p>\n<p>Espero que, ao compartilhar minha hist\u00f3ria, mais jovens busquem tratamento adequado para que possam reconstruir suas vidas como eu.<\/p>\n<p><strong><em>\u00a0<\/em><\/strong><\/p>\n<p><em>Isen\u00e7\u00e3o de responsabilidade: Os sobreviventes da esquizofrenia n\u00e3o s\u00e3o representantes da Funda\u00e7\u00e3o CURESZ.<\/em><\/p>\n<\/div><\/div><\/div><\/div><\/div><div class=\"fusion-fullwidth fullwidth-box fusion-builder-row-2 fusion-flex-container hundred-percent-fullwidth non-hundred-percent-height-scrolling\" style=\"--awb-border-radius-top-left:0px;--awb-border-radius-top-right:0px;--awb-border-radius-bottom-right:0px;--awb-border-radius-bottom-left:0px;--awb-padding-top:0px;--awb-padding-right:0px;--awb-padding-bottom:0px;--awb-padding-left:0px;--awb-margin-top:0px;--awb-margin-bottom:0px;--awb-background-color:#015da7;--awb-flex-wrap:wrap;\" ><div class=\"fusion-builder-row fusion-row fusion-flex-align-items-flex-start fusion-flex-content-wrap\" style=\"width:104% !important;max-width:104% !important;margin-left: calc(-4% \/ 2 );margin-right: calc(-4% \/ 2 );\"><\/div><\/div>\n<\/p>","protected":false},"excerpt":{"rendered":"","protected":false},"author":3,"featured_media":0,"parent":35,"menu_order":0,"comment_status":"closed","ping_status":"closed","template":"100-width.php","meta":{"_acf_changed":false,"footnotes":""},"class_list":["post-3996","page","type-page","status-publish","hentry"],"acf":[],"yoast_head":"<!-- This site is optimized with the Yoast SEO plugin v27.3 - https:\/\/yoast.com\/product\/yoast-seo-wordpress\/ -->\n<title>Michael B - CURESZ Foundation<\/title>\n<meta name=\"description\" content=\"My teachers, family, and friends began to notice something was different, but no one in my life realized it was schizophrenia.\" \/>\n<meta name=\"robots\" content=\"index, follow, max-snippet:-1, max-image-preview:large, max-video-preview:-1\" \/>\n<link rel=\"canonical\" href=\"https:\/\/curesz.org\/pt_pt\/survivors\/michaels-recovery-from-schizophrenia\/\" \/>\n<meta property=\"og:locale\" content=\"pt_PT\" \/>\n<meta property=\"og:type\" content=\"article\" \/>\n<meta property=\"og:title\" content=\"Michael B - CURESZ Foundation\" \/>\n<meta property=\"og:description\" content=\"My teachers, family, and friends began to notice something was different, but no one in my life realized it was schizophrenia.\" \/>\n<meta property=\"og:url\" content=\"https:\/\/curesz.org\/pt_pt\/survivors\/michaels-recovery-from-schizophrenia\/\" \/>\n<meta property=\"og:site_name\" content=\"CURESZ Foundation\" \/>\n<meta property=\"article:publisher\" content=\"https:\/\/www.facebook.com\/Cureszorg\/\" \/>\n<meta property=\"article:modified_time\" content=\"2024-01-05T16:31:49+00:00\" \/>\n<meta name=\"twitter:card\" content=\"summary_large_image\" \/>\n<meta name=\"twitter:site\" content=\"@cureszorg\" \/>\n<meta name=\"twitter:label1\" content=\"Tempo estimado de leitura\" \/>\n\t<meta name=\"twitter:data1\" content=\"5 minutos\" \/>\n<script type=\"application\/ld+json\" class=\"yoast-schema-graph\">{\"@context\":\"https:\\\/\\\/schema.org\",\"@graph\":[{\"@type\":\"WebPage\",\"@id\":\"https:\\\/\\\/curesz.org\\\/survivors\\\/michaels-recovery-from-schizophrenia\\\/\",\"url\":\"https:\\\/\\\/curesz.org\\\/survivors\\\/michaels-recovery-from-schizophrenia\\\/\",\"name\":\"Michael B - CURESZ Foundation\",\"isPartOf\":{\"@id\":\"https:\\\/\\\/curesz.org\\\/#website\"},\"datePublished\":\"2021-06-23T14:41:04+00:00\",\"dateModified\":\"2024-01-05T16:31:49+00:00\",\"description\":\"My teachers, family, and friends began to notice something was different, but no one in my life realized it was schizophrenia.\",\"breadcrumb\":{\"@id\":\"https:\\\/\\\/curesz.org\\\/survivors\\\/michaels-recovery-from-schizophrenia\\\/#breadcrumb\"},\"inLanguage\":\"pt-PT\",\"potentialAction\":[{\"@type\":\"ReadAction\",\"target\":[\"https:\\\/\\\/curesz.org\\\/survivors\\\/michaels-recovery-from-schizophrenia\\\/\"]}]},{\"@type\":\"BreadcrumbList\",\"@id\":\"https:\\\/\\\/curesz.org\\\/survivors\\\/michaels-recovery-from-schizophrenia\\\/#breadcrumb\",\"itemListElement\":[{\"@type\":\"ListItem\",\"position\":1,\"name\":\"Home\",\"item\":\"https:\\\/\\\/curesz.org\\\/\"},{\"@type\":\"ListItem\",\"position\":2,\"name\":\"Survivors\",\"item\":\"https:\\\/\\\/curesz.org\\\/survivors\\\/\"},{\"@type\":\"ListItem\",\"position\":3,\"name\":\"Michael B\"}]},{\"@type\":\"WebSite\",\"@id\":\"https:\\\/\\\/curesz.org\\\/#website\",\"url\":\"https:\\\/\\\/curesz.org\\\/\",\"name\":\"CURESZ Foundation\",\"description\":\"The CURESZ Foundation provides educational updates to patients, families, healthcare professionals and the general public about schizophrenia.\",\"publisher\":{\"@id\":\"https:\\\/\\\/curesz.org\\\/#organization\"},\"potentialAction\":[{\"@type\":\"SearchAction\",\"target\":{\"@type\":\"EntryPoint\",\"urlTemplate\":\"https:\\\/\\\/curesz.org\\\/?s={search_term_string}\"},\"query-input\":{\"@type\":\"PropertyValueSpecification\",\"valueRequired\":true,\"valueName\":\"search_term_string\"}}],\"inLanguage\":\"pt-PT\"},{\"@type\":\"Organization\",\"@id\":\"https:\\\/\\\/curesz.org\\\/#organization\",\"name\":\"Curesz Foundation\",\"url\":\"https:\\\/\\\/curesz.org\\\/\",\"logo\":{\"@type\":\"ImageObject\",\"inLanguage\":\"pt-PT\",\"@id\":\"https:\\\/\\\/curesz.org\\\/#\\\/schema\\\/logo\\\/image\\\/\",\"url\":\"https:\\\/\\\/curesz.org\\\/wp-content\\\/uploads\\\/2020\\\/02\\\/cropped-Logo-with-Foundation-Custom.png\",\"contentUrl\":\"https:\\\/\\\/curesz.org\\\/wp-content\\\/uploads\\\/2020\\\/02\\\/cropped-Logo-with-Foundation-Custom.png\",\"width\":200,\"height\":133,\"caption\":\"Curesz Foundation\"},\"image\":{\"@id\":\"https:\\\/\\\/curesz.org\\\/#\\\/schema\\\/logo\\\/image\\\/\"},\"sameAs\":[\"https:\\\/\\\/www.facebook.com\\\/Cureszorg\\\/\",\"https:\\\/\\\/x.com\\\/cureszorg\",\"https:\\\/\\\/www.instagram.com\\\/cureszfoundation\\\/\",\"https:\\\/\\\/www.youtube.com\\\/channel\\\/UCT3uVzTt8jiJ2qdhuosHPvg\"]}]}<\/script>\n<!-- \/ Yoast SEO plugin. -->","yoast_head_json":{"title":"Michael B - CURESZ Foundation","description":"My teachers, family, and friends began to notice something was different, but no one in my life realized it was schizophrenia.","robots":{"index":"index","follow":"follow","max-snippet":"max-snippet:-1","max-image-preview":"max-image-preview:large","max-video-preview":"max-video-preview:-1"},"canonical":"https:\/\/curesz.org\/pt_pt\/survivors\/michaels-recovery-from-schizophrenia\/","og_locale":"pt_PT","og_type":"article","og_title":"Michael B - CURESZ Foundation","og_description":"My teachers, family, and friends began to notice something was different, but no one in my life realized it was schizophrenia.","og_url":"https:\/\/curesz.org\/pt_pt\/survivors\/michaels-recovery-from-schizophrenia\/","og_site_name":"CURESZ Foundation","article_publisher":"https:\/\/www.facebook.com\/Cureszorg\/","article_modified_time":"2024-01-05T16:31:49+00:00","twitter_card":"summary_large_image","twitter_site":"@cureszorg","twitter_misc":{"Tempo estimado de leitura":"5 minutos"},"schema":{"@context":"https:\/\/schema.org","@graph":[{"@type":"WebPage","@id":"https:\/\/curesz.org\/survivors\/michaels-recovery-from-schizophrenia\/","url":"https:\/\/curesz.org\/survivors\/michaels-recovery-from-schizophrenia\/","name":"Michael B - CURESZ Foundation","isPartOf":{"@id":"https:\/\/curesz.org\/#website"},"datePublished":"2021-06-23T14:41:04+00:00","dateModified":"2024-01-05T16:31:49+00:00","description":"My teachers, family, and friends began to notice something was different, but no one in my life realized it was schizophrenia.","breadcrumb":{"@id":"https:\/\/curesz.org\/survivors\/michaels-recovery-from-schizophrenia\/#breadcrumb"},"inLanguage":"pt-PT","potentialAction":[{"@type":"ReadAction","target":["https:\/\/curesz.org\/survivors\/michaels-recovery-from-schizophrenia\/"]}]},{"@type":"BreadcrumbList","@id":"https:\/\/curesz.org\/survivors\/michaels-recovery-from-schizophrenia\/#breadcrumb","itemListElement":[{"@type":"ListItem","position":1,"name":"Home","item":"https:\/\/curesz.org\/"},{"@type":"ListItem","position":2,"name":"Survivors","item":"https:\/\/curesz.org\/survivors\/"},{"@type":"ListItem","position":3,"name":"Michael B"}]},{"@type":"WebSite","@id":"https:\/\/curesz.org\/#website","url":"https:\/\/curesz.org\/","name":"Funda\u00e7\u00e3o CURESZ","description":"A Funda\u00e7\u00e3o CURESZ fornece atualiza\u00e7\u00f5es educacionais para pacientes, familiares, profissionais de sa\u00fade e p\u00fablico em geral sobre esquizofrenia.","publisher":{"@id":"https:\/\/curesz.org\/#organization"},"potentialAction":[{"@type":"SearchAction","target":{"@type":"EntryPoint","urlTemplate":"https:\/\/curesz.org\/?s={search_term_string}"},"query-input":{"@type":"PropertyValueSpecification","valueRequired":true,"valueName":"search_term_string"}}],"inLanguage":"pt-PT"},{"@type":"Organization","@id":"https:\/\/curesz.org\/#organization","name":"Curesz Foundation","url":"https:\/\/curesz.org\/","logo":{"@type":"ImageObject","inLanguage":"pt-PT","@id":"https:\/\/curesz.org\/#\/schema\/logo\/image\/","url":"https:\/\/curesz.org\/wp-content\/uploads\/2020\/02\/cropped-Logo-with-Foundation-Custom.png","contentUrl":"https:\/\/curesz.org\/wp-content\/uploads\/2020\/02\/cropped-Logo-with-Foundation-Custom.png","width":200,"height":133,"caption":"Curesz Foundation"},"image":{"@id":"https:\/\/curesz.org\/#\/schema\/logo\/image\/"},"sameAs":["https:\/\/www.facebook.com\/Cureszorg\/","https:\/\/x.com\/cureszorg","https:\/\/www.instagram.com\/cureszfoundation\/","https:\/\/www.youtube.com\/channel\/UCT3uVzTt8jiJ2qdhuosHPvg"]}]}},"_links":{"self":[{"href":"https:\/\/curesz.org\/pt_pt\/wp-json\/wp\/v2\/pages\/3996","targetHints":{"allow":["GET"]}}],"collection":[{"href":"https:\/\/curesz.org\/pt_pt\/wp-json\/wp\/v2\/pages"}],"about":[{"href":"https:\/\/curesz.org\/pt_pt\/wp-json\/wp\/v2\/types\/page"}],"author":[{"embeddable":true,"href":"https:\/\/curesz.org\/pt_pt\/wp-json\/wp\/v2\/users\/3"}],"replies":[{"embeddable":true,"href":"https:\/\/curesz.org\/pt_pt\/wp-json\/wp\/v2\/comments?post=3996"}],"version-history":[{"count":8,"href":"https:\/\/curesz.org\/pt_pt\/wp-json\/wp\/v2\/pages\/3996\/revisions"}],"predecessor-version":[{"id":5600,"href":"https:\/\/curesz.org\/pt_pt\/wp-json\/wp\/v2\/pages\/3996\/revisions\/5600"}],"up":[{"embeddable":true,"href":"https:\/\/curesz.org\/pt_pt\/wp-json\/wp\/v2\/pages\/35"}],"wp:attachment":[{"href":"https:\/\/curesz.org\/pt_pt\/wp-json\/wp\/v2\/media?parent=3996"}],"curies":[{"name":"wp","href":"https:\/\/api.w.org\/{rel}","templated":true}]}}