{"id":4000,"date":"2021-06-23T14:33:58","date_gmt":"2021-06-23T14:33:58","guid":{"rendered":"https:\/\/curesz.org\/?page_id=4000"},"modified":"2021-06-23T14:33:58","modified_gmt":"2021-06-23T14:33:58","slug":"our-path-to-a-new-treatment-for-schizophrenia","status":"publish","type":"page","link":"https:\/\/curesz.org\/pt_pt\/our-path-to-a-new-treatment-for-schizophrenia\/","title":{"rendered":"Nosso caminho para um novo tratamento para a esquizofrenia"},"content":{"rendered":"<p><div class=\"fusion-fullwidth fullwidth-box fusion-builder-row-1 fusion-flex-container nonhundred-percent-fullwidth non-hundred-percent-height-scrolling\" style=\"--awb-border-radius-top-left:0px;--awb-border-radius-top-right:0px;--awb-border-radius-bottom-right:0px;--awb-border-radius-bottom-left:0px;--awb-flex-wrap:wrap;\" ><div class=\"fusion-builder-row fusion-row fusion-flex-align-items-flex-start fusion-flex-content-wrap\" style=\"max-width:1352px;margin-left: calc(-4% \/ 2 );margin-right: calc(-4% \/ 2 );\"><div class=\"fusion-layout-column fusion_builder_column fusion-builder-column-0 fusion_builder_column_1_4 1_4 fusion-flex-column\" style=\"--awb-bg-size:cover;--awb-width-large:25%;--awb-margin-top-large:0px;--awb-spacing-right-large:7.68%;--awb-margin-bottom-large:20px;--awb-spacing-left-large:7.68%;--awb-width-medium:100%;--awb-spacing-right-medium:1.92%;--awb-spacing-left-medium:1.92%;--awb-width-small:100%;--awb-spacing-right-small:1.92%;--awb-spacing-left-small:1.92%;\"><div class=\"fusion-column-wrapper fusion-column-has-shadow fusion-flex-justify-content-flex-start fusion-content-layout-column\"><div class=\"fusion-image-element\" style=\"--awb-caption-title-font-family:var(--h2_typography-font-family);--awb-caption-title-font-weight:var(--h2_typography-font-weight);--awb-caption-title-font-style:var(--h2_typography-font-style);--awb-caption-title-size:var(--h2_typography-font-size);--awb-caption-title-transform:var(--h2_typography-text-transform);--awb-caption-title-line-height:var(--h2_typography-line-height);--awb-caption-title-letter-spacing:var(--h2_typography-letter-spacing);\"><span class=\"fusion-imageframe imageframe-none imageframe-1 hover-type-none\"><img decoding=\"async\" width=\"300\" height=\"266\" title=\"Dr Steve Paul\" src=\"https:\/\/curesz.org\/wp-content\/uploads\/2021\/06\/Steve-Paul-cropped.jpg\" data-orig-src=\"https:\/\/curesz.org\/wp-content\/uploads\/2021\/06\/Steve-Paul-cropped-300x266.jpg\" alt class=\"lazyload img-responsive wp-image-4001\" srcset=\"data:image\/svg+xml,%3Csvg%20xmlns%3D%27http%3A%2F%2Fwww.w3.org%2F2000%2Fsvg%27%20width%3D%27701%27%20height%3D%27622%27%20viewBox%3D%270%200%20701%20622%27%3E%3Crect%20width%3D%27701%27%20height%3D%27622%27%20fill-opacity%3D%220%22%2F%3E%3C%2Fsvg%3E\" data-srcset=\"https:\/\/curesz.org\/wp-content\/uploads\/2021\/06\/Steve-Paul-cropped-200x177.jpg 200w, https:\/\/curesz.org\/wp-content\/uploads\/2021\/06\/Steve-Paul-cropped-400x355.jpg 400w, https:\/\/curesz.org\/wp-content\/uploads\/2021\/06\/Steve-Paul-cropped-600x532.jpg 600w, https:\/\/curesz.org\/wp-content\/uploads\/2021\/06\/Steve-Paul-cropped.jpg 701w\" data-sizes=\"auto\" data-orig-sizes=\"(max-width: 1024px) 100vw, (max-width: 640px) 100vw, 400px\" \/><\/span><\/div><div class=\"fusion-text fusion-text-1\"><p><strong>Dr. Steve Paul, CEO e Presidente do Conselho da Karuna Therapeutics<\/strong><\/p>\n<\/div><\/div><\/div><div class=\"fusion-layout-column fusion_builder_column fusion-builder-column-1 fusion_builder_column_3_4 3_4 fusion-flex-column\" style=\"--awb-bg-size:cover;--awb-width-large:75%;--awb-margin-top-large:0px;--awb-spacing-right-large:2.56%;--awb-margin-bottom-large:20px;--awb-spacing-left-large:2.56%;--awb-width-medium:100%;--awb-spacing-right-medium:1.92%;--awb-spacing-left-medium:1.92%;--awb-width-small:100%;--awb-spacing-right-small:1.92%;--awb-spacing-left-small:1.92%;\"><div class=\"fusion-column-wrapper fusion-column-has-shadow fusion-flex-justify-content-flex-start fusion-content-layout-column\"><div class=\"fusion-text fusion-text-2\"><p><strong>Nosso caminho para buscar um tratamento diferenciado e novo para a esquizofrenia<\/strong><\/p>\n<p>Por mais de 40 anos, dediquei minha vida profissional ao avan\u00e7o da ci\u00eancia relacionada \u00e0s causas e tratamento de doen\u00e7as mentais graves. Atrav\u00e9s de in\u00fameras fun\u00e7\u00f5es na academia e na ind\u00fastria biofarmac\u00eautica, meu objetivo permaneceu o mesmo e continua agora na Karuna: transformar a maneira como as condi\u00e7\u00f5es psiqui\u00e1tricas graves s\u00e3o tratadas. Na Karuna, uma empresa biofarmac\u00eautica de est\u00e1gio cl\u00ednico, estamos aplicando nosso amplo conhecimento de descoberta e desenvolvimento de medicamentos com o objetivo de fornecer medicamentos transformadores para pessoas que vivem com condi\u00e7\u00f5es neuropsiqui\u00e1tricas, come\u00e7ando com nosso principal candidato a produto, KarXT.<\/p>\n<p>Posso atestar em primeira m\u00e3o que uma das atividades mais desafiadoras da ind\u00fastria biofarmac\u00eautica at\u00e9 hoje tem sido o desenvolvimento bem-sucedido de medicamentos altamente eficazes, seguros e toler\u00e1veis para condi\u00e7\u00f5es psiqui\u00e1tricas e neurol\u00f3gicas comuns. O caminho para o desenvolvimento de tratamentos que possam reduzir os sintomas incapacitantes dessas condi\u00e7\u00f5es sem produzir efeitos colaterais onerosos tem sido muito desafiador.<\/p>\n<p>Medicamentos antipsic\u00f3ticos t\u00eam sido historicamente o tratamento mais comumente prescrito para adultos com esquizofrenia, come\u00e7ando com a primeira gera\u00e7\u00e3o ou \u201cantipsic\u00f3ticos t\u00edpicos\u201d introduzidos na d\u00e9cada de 1950. Sua descoberta e desenvolvimento, na \u00e9poca, foram considerados um avan\u00e7o no tratamento da esquizofrenia, permitindo que os pacientes fossem tratados e manejados em ambiente ambulatorial. Sabe-se agora que esses tratamentos de primeira gera\u00e7\u00e3o visam principalmente a dopamina p\u00f3s-sin\u00e1ptica 2 (D<sub>2<\/sub>), que \u00e9 um tipo de receptor que tamb\u00e9m controla os movimentos motores normais. Embora essas drogas claramente melhorem os sintomas da psicose, como alucina\u00e7\u00f5es e del\u00edrios, muitos pacientes que tomam essas drogas experimentam efeitos colaterais pesados que tornam esses medicamentos dif\u00edceis de tolerar por alguns. A segunda gera\u00e7\u00e3o, ou \u201cantipsic\u00f3ticos at\u00edpicos\u201d, surgiu no final da d\u00e9cada de 1980, come\u00e7ando com o redesenvolvimento inovador da clozapina. Antipsic\u00f3ticos at\u00edpicos, que tamb\u00e9m visam D<sub>2<\/sub> Receptores de dopamina, bem como v\u00e1rios outros receptores de neurotransmissores, geralmente exibem efeitos colaterais de sintomas motores menos graves do que antipsic\u00f3ticos de primeira gera\u00e7\u00e3o, embora outros efeitos adversos, como ganho de peso e altera\u00e7\u00f5es metab\u00f3licas associadas, incluindo diabetes, press\u00e3o alta e colesterol elevado, tornaram-se mais comumente associados a esses novos agentes.<\/p>\n<p>Al\u00e9m disso, embora as terapias antipsic\u00f3ticas atuais possam ser eficazes no controle de sintomas positivos, como alucina\u00e7\u00f5es, del\u00edrios e dificuldade em organizar e expressar pensamentos, elas n\u00e3o tratam os outros principais dom\u00ednios de sintomas da esquizofrenia, como sintomas negativos persistentes (por exemplo, dificuldade em aproveitar a vida e isolamento social) ou dificuldades cognitivas (por exemplo, d\u00e9ficits de mem\u00f3ria, concentra\u00e7\u00e3o e fun\u00e7\u00f5es executivas).<\/p>\n<p>Hoje, na Karuna, estamos desenvolvendo um novo medicamento com potencial para tratar a esquizofrenia e outras condi\u00e7\u00f5es em que os sintomas de psicose s\u00e3o proeminentes e incapacitantes. Nosso potencial novo tratamento KarXT (xanomelina + tr\u00f3spio) nasceu de uma paix\u00e3o colaborativa em buscar medicamentos transformadores para atender \u00e0s necessidades dos pacientes. Mais de uma d\u00e9cada depois que minha equipe e eu na Eli Lilly descobrimos por acaso as propriedades antipsic\u00f3ticas da xanomelina, meu colega Andrew Miller, cofundador e diretor de opera\u00e7\u00f5es da Karuna, estava determinado a encontrar uma maneira de aproveitar os benef\u00edcios terap\u00eauticos da xanomelina. Ele avaliou mais de 7.000 combina\u00e7\u00f5es poss\u00edveis de outros agentes terap\u00eauticos para encontrar uma combina\u00e7\u00e3o otimizada com potencial para aumentar significativamente a tolerabilidade da xanomelina sem reduzir suas propriedades antipsic\u00f3ticas. A partir da\u00ed, surgiu a ideia do KarXT.<\/p>\n<p>A Xanomelina, o ingrediente terap\u00eautico ativo do KarXT, funciona visando um receptor cerebral chamado \u201creceptor muscar\u00ednico\u201d. Subtipos desse receptor muscar\u00ednico s\u00e3o expressos em regi\u00f5es cerebrais implicadas na fisiopatologia da esquizofrenia, sugerindo que o direcionamento desses receptores media a atividade antipsic\u00f3tica da xanomelina. Trospium \u00e9 um medicamento aprovado nos Estados Unidos e na Europa para o tratamento da bexiga hiperativa que bloqueia todos os cinco subtipos de receptores muscar\u00ednicos, mas apenas no corpo, n\u00e3o no c\u00e9rebro. Juntos, xanomelina e tr\u00f3spio, ou KarXT, s\u00e3o projetados para manter a efic\u00e1cia da xanomelina enquanto reduzem seus efeitos colaterais por meio do uso de tr\u00f3spio. O KarXT ativa preferencialmente os receptores muscar\u00ednicos no c\u00e9rebro, mas, ao contr\u00e1rio de todos os antipsic\u00f3ticos atuais, n\u00e3o bloqueia diretamente os receptores de dopamina e\/ou serotonina. Este novo mecanismo de a\u00e7\u00e3o do KarXT pode resultar em um tratamento para psicose sem a carga de efeitos colaterais frequentemente associada ao bloqueio direto dos receptores de dopamina. Se for aprovado pelo FDA, o KarXT, com seu novo mecanismo de a\u00e7\u00e3o antipsic\u00f3tico, tem o potencial de inaugurar um novo paradigma de tratamento para a esquizofrenia.<\/p>\n<p>Em um estudo de Fase 2 recentemente conclu\u00eddo, o KarXT demonstrou melhora nos sintomas positivos e negativos da esquizofrenia, bem como tend\u00eancias de melhora na cogni\u00e7\u00e3o em uma an\u00e1lise explorat\u00f3ria. Os eventos adversos mais comuns do KarXT relatados neste estudo inclu\u00edram constipa\u00e7\u00e3o, n\u00e1usea, boca seca, dispepsia e v\u00f4mitos, e todos foram de gravidade leve a moderada. Dados preliminares sugerem que o KarXT n\u00e3o est\u00e1 associado a efeitos colaterais problem\u00e1ticos comuns que podem resultar do uso de medicamentos antipsic\u00f3ticos atuais (por exemplo, ganho de peso, tremores, contra\u00e7\u00f5es musculares, sonol\u00eancia, altera\u00e7\u00f5es metab\u00f3licas, sonol\u00eancia). Os resultados deste estudo foram publicados recentemente na revista <em>O novo jornal ingl\u00eas de medicina <\/em>(Agonista do Receptor Colin\u00e9rgico Muscar\u00ednico e Antagonista Perif\u00e9rico para Esquizofrenia).<\/p>\n<p>Atualmente, o KarXT est\u00e1 sendo avaliado em ensaios de Fase 3 para o tratamento da esquizofrenia. Mais informa\u00e7\u00f5es sobre esses ensaios est\u00e3o dispon\u00edveis em <a href=\"https:\/\/clinicaltrials.gov\/ct2\/results?cond=&amp;term=karxt&amp;cntry=&amp;state=&amp;city=&amp;dist=\">clinictrials.gov<\/a>.<\/p>\n<p>Nosso trabalho na Karuna come\u00e7ou com a miss\u00e3o de criar e fornecer medicamentos transformadores para pessoas que vivem com condi\u00e7\u00f5es psiqui\u00e1tricas e neurol\u00f3gicas, e continua sendo por isso que nos inspiramos a cada dia para seguir em frente. Acreditamos que a explora\u00e7\u00e3o de novas op\u00e7\u00f5es terap\u00eauticas com modos de trabalho ou mecanismos de a\u00e7\u00e3o diferenciados pode permitir que mais pessoas vivendo com esquizofrenia e outras condi\u00e7\u00f5es psiqui\u00e1tricas e neurol\u00f3gicas encontrem um tratamento eficaz e seguro que aborde n\u00e3o apenas os sintomas positivos, mas potencialmente tamb\u00e9m os sintomas negativos e cognitivos da esquizofrenia. Embora o processo de desenvolvimento leve algum tempo, nossa terapia experimental, KarXT, \u00e9 uma op\u00e7\u00e3o de tratamento em potencial no horizonte.<\/p>\n<\/div><\/div><\/div><\/div><\/div><div class=\"fusion-fullwidth fullwidth-box fusion-builder-row-2 fusion-flex-container hundred-percent-fullwidth non-hundred-percent-height-scrolling\" style=\"--awb-border-radius-top-left:0px;--awb-border-radius-top-right:0px;--awb-border-radius-bottom-right:0px;--awb-border-radius-bottom-left:0px;--awb-padding-top:0px;--awb-padding-right:0px;--awb-padding-bottom:0px;--awb-padding-left:0px;--awb-margin-top:0px;--awb-margin-bottom:0px;--awb-background-color:#015da7;--awb-flex-wrap:wrap;\" ><div class=\"fusion-builder-row fusion-row fusion-flex-align-items-flex-start fusion-flex-content-wrap\" style=\"width:104% !important;max-width:104% !important;margin-left: calc(-4% \/ 2 );margin-right: calc(-4% \/ 2 );\"><\/div><\/div>\n<\/p>","protected":false},"excerpt":{"rendered":"","protected":false},"author":3,"featured_media":0,"parent":0,"menu_order":0,"comment_status":"closed","ping_status":"closed","template":"100-width.php","meta":{"_acf_changed":false,"footnotes":""},"class_list":["post-4000","page","type-page","status-publish","hentry"],"acf":[],"yoast_head":"<!-- This site is optimized with the Yoast SEO plugin v27.4 - https:\/\/yoast.com\/product\/yoast-seo-wordpress\/ -->\n<title>Our Path to a New Treatment for Schizophrenia - CURESZ Foundation<\/title>\n<meta name=\"description\" content=\"For more than 40 years, I have dedicated my professional life to advancing the science related to the treatment of serious mental illness.\" \/>\n<meta name=\"robots\" content=\"index, follow, max-snippet:-1, max-image-preview:large, max-video-preview:-1\" \/>\n<link rel=\"canonical\" href=\"https:\/\/curesz.org\/pt_pt\/our-path-to-a-new-treatment-for-schizophrenia\/\" \/>\n<meta property=\"og:locale\" content=\"pt_PT\" \/>\n<meta property=\"og:type\" content=\"article\" \/>\n<meta property=\"og:title\" content=\"Our Path to a New Treatment for Schizophrenia - CURESZ Foundation\" \/>\n<meta property=\"og:description\" content=\"For more than 40 years, I have dedicated my professional life to advancing the science related to the treatment of serious mental illness.\" \/>\n<meta property=\"og:url\" content=\"https:\/\/curesz.org\/pt_pt\/our-path-to-a-new-treatment-for-schizophrenia\/\" \/>\n<meta property=\"og:site_name\" content=\"CURESZ Foundation\" \/>\n<meta property=\"article:publisher\" content=\"https:\/\/www.facebook.com\/Cureszorg\/\" \/>\n<meta name=\"twitter:card\" content=\"summary_large_image\" \/>\n<meta name=\"twitter:site\" content=\"@cureszorg\" \/>\n<meta name=\"twitter:label1\" content=\"Tempo estimado de leitura\" \/>\n\t<meta name=\"twitter:data1\" content=\"6 minutos\" \/>\n<script type=\"application\/ld+json\" class=\"yoast-schema-graph\">{\"@context\":\"https:\\\/\\\/schema.org\",\"@graph\":[{\"@type\":\"WebPage\",\"@id\":\"https:\\\/\\\/curesz.org\\\/our-path-to-a-new-treatment-for-schizophrenia\\\/\",\"url\":\"https:\\\/\\\/curesz.org\\\/our-path-to-a-new-treatment-for-schizophrenia\\\/\",\"name\":\"Our Path to a New Treatment for Schizophrenia - CURESZ Foundation\",\"isPartOf\":{\"@id\":\"https:\\\/\\\/curesz.org\\\/#website\"},\"datePublished\":\"2021-06-23T14:33:58+00:00\",\"description\":\"For more than 40 years, I have dedicated my professional life to advancing the science related to the treatment of serious mental illness.\",\"breadcrumb\":{\"@id\":\"https:\\\/\\\/curesz.org\\\/our-path-to-a-new-treatment-for-schizophrenia\\\/#breadcrumb\"},\"inLanguage\":\"pt-PT\",\"potentialAction\":[{\"@type\":\"ReadAction\",\"target\":[\"https:\\\/\\\/curesz.org\\\/our-path-to-a-new-treatment-for-schizophrenia\\\/\"]}]},{\"@type\":\"BreadcrumbList\",\"@id\":\"https:\\\/\\\/curesz.org\\\/our-path-to-a-new-treatment-for-schizophrenia\\\/#breadcrumb\",\"itemListElement\":[{\"@type\":\"ListItem\",\"position\":1,\"name\":\"Home\",\"item\":\"https:\\\/\\\/curesz.org\\\/\"},{\"@type\":\"ListItem\",\"position\":2,\"name\":\"Our Path to a New Treatment for Schizophrenia\"}]},{\"@type\":\"WebSite\",\"@id\":\"https:\\\/\\\/curesz.org\\\/#website\",\"url\":\"https:\\\/\\\/curesz.org\\\/\",\"name\":\"CURESZ Foundation\",\"description\":\"The CURESZ Foundation provides educational updates to patients, families, healthcare professionals and the general public about schizophrenia.\",\"publisher\":{\"@id\":\"https:\\\/\\\/curesz.org\\\/#organization\"},\"potentialAction\":[{\"@type\":\"SearchAction\",\"target\":{\"@type\":\"EntryPoint\",\"urlTemplate\":\"https:\\\/\\\/curesz.org\\\/?s={search_term_string}\"},\"query-input\":{\"@type\":\"PropertyValueSpecification\",\"valueRequired\":true,\"valueName\":\"search_term_string\"}}],\"inLanguage\":\"pt-PT\"},{\"@type\":\"Organization\",\"@id\":\"https:\\\/\\\/curesz.org\\\/#organization\",\"name\":\"Curesz Foundation\",\"url\":\"https:\\\/\\\/curesz.org\\\/\",\"logo\":{\"@type\":\"ImageObject\",\"inLanguage\":\"pt-PT\",\"@id\":\"https:\\\/\\\/curesz.org\\\/#\\\/schema\\\/logo\\\/image\\\/\",\"url\":\"https:\\\/\\\/curesz.org\\\/wp-content\\\/uploads\\\/2020\\\/02\\\/cropped-Logo-with-Foundation-Custom.png\",\"contentUrl\":\"https:\\\/\\\/curesz.org\\\/wp-content\\\/uploads\\\/2020\\\/02\\\/cropped-Logo-with-Foundation-Custom.png\",\"width\":200,\"height\":133,\"caption\":\"Curesz Foundation\"},\"image\":{\"@id\":\"https:\\\/\\\/curesz.org\\\/#\\\/schema\\\/logo\\\/image\\\/\"},\"sameAs\":[\"https:\\\/\\\/www.facebook.com\\\/Cureszorg\\\/\",\"https:\\\/\\\/x.com\\\/cureszorg\",\"https:\\\/\\\/www.instagram.com\\\/cureszfoundation\\\/\",\"https:\\\/\\\/www.youtube.com\\\/channel\\\/UCT3uVzTt8jiJ2qdhuosHPvg\"]}]}<\/script>\n<!-- \/ Yoast SEO plugin. -->","yoast_head_json":{"title":"Our Path to a New Treatment for Schizophrenia - CURESZ Foundation","description":"For more than 40 years, I have dedicated my professional life to advancing the science related to the treatment of serious mental illness.","robots":{"index":"index","follow":"follow","max-snippet":"max-snippet:-1","max-image-preview":"max-image-preview:large","max-video-preview":"max-video-preview:-1"},"canonical":"https:\/\/curesz.org\/pt_pt\/our-path-to-a-new-treatment-for-schizophrenia\/","og_locale":"pt_PT","og_type":"article","og_title":"Our Path to a New Treatment for Schizophrenia - CURESZ Foundation","og_description":"For more than 40 years, I have dedicated my professional life to advancing the science related to the treatment of serious mental illness.","og_url":"https:\/\/curesz.org\/pt_pt\/our-path-to-a-new-treatment-for-schizophrenia\/","og_site_name":"CURESZ Foundation","article_publisher":"https:\/\/www.facebook.com\/Cureszorg\/","twitter_card":"summary_large_image","twitter_site":"@cureszorg","twitter_misc":{"Tempo estimado de leitura":"6 minutos"},"schema":{"@context":"https:\/\/schema.org","@graph":[{"@type":"WebPage","@id":"https:\/\/curesz.org\/our-path-to-a-new-treatment-for-schizophrenia\/","url":"https:\/\/curesz.org\/our-path-to-a-new-treatment-for-schizophrenia\/","name":"Our Path to a New Treatment for Schizophrenia - CURESZ Foundation","isPartOf":{"@id":"https:\/\/curesz.org\/#website"},"datePublished":"2021-06-23T14:33:58+00:00","description":"For more than 40 years, I have dedicated my professional life to advancing the science related to the treatment of serious mental illness.","breadcrumb":{"@id":"https:\/\/curesz.org\/our-path-to-a-new-treatment-for-schizophrenia\/#breadcrumb"},"inLanguage":"pt-PT","potentialAction":[{"@type":"ReadAction","target":["https:\/\/curesz.org\/our-path-to-a-new-treatment-for-schizophrenia\/"]}]},{"@type":"BreadcrumbList","@id":"https:\/\/curesz.org\/our-path-to-a-new-treatment-for-schizophrenia\/#breadcrumb","itemListElement":[{"@type":"ListItem","position":1,"name":"Home","item":"https:\/\/curesz.org\/"},{"@type":"ListItem","position":2,"name":"Our Path to a New Treatment for Schizophrenia"}]},{"@type":"WebSite","@id":"https:\/\/curesz.org\/#website","url":"https:\/\/curesz.org\/","name":"Funda\u00e7\u00e3o CURESZ","description":"A Funda\u00e7\u00e3o CURESZ fornece atualiza\u00e7\u00f5es educacionais para pacientes, familiares, profissionais de sa\u00fade e p\u00fablico em geral sobre esquizofrenia.","publisher":{"@id":"https:\/\/curesz.org\/#organization"},"potentialAction":[{"@type":"SearchAction","target":{"@type":"EntryPoint","urlTemplate":"https:\/\/curesz.org\/?s={search_term_string}"},"query-input":{"@type":"PropertyValueSpecification","valueRequired":true,"valueName":"search_term_string"}}],"inLanguage":"pt-PT"},{"@type":"Organization","@id":"https:\/\/curesz.org\/#organization","name":"Curesz Foundation","url":"https:\/\/curesz.org\/","logo":{"@type":"ImageObject","inLanguage":"pt-PT","@id":"https:\/\/curesz.org\/#\/schema\/logo\/image\/","url":"https:\/\/curesz.org\/wp-content\/uploads\/2020\/02\/cropped-Logo-with-Foundation-Custom.png","contentUrl":"https:\/\/curesz.org\/wp-content\/uploads\/2020\/02\/cropped-Logo-with-Foundation-Custom.png","width":200,"height":133,"caption":"Curesz Foundation"},"image":{"@id":"https:\/\/curesz.org\/#\/schema\/logo\/image\/"},"sameAs":["https:\/\/www.facebook.com\/Cureszorg\/","https:\/\/x.com\/cureszorg","https:\/\/www.instagram.com\/cureszfoundation\/","https:\/\/www.youtube.com\/channel\/UCT3uVzTt8jiJ2qdhuosHPvg"]}]}},"_links":{"self":[{"href":"https:\/\/curesz.org\/pt_pt\/wp-json\/wp\/v2\/pages\/4000","targetHints":{"allow":["GET"]}}],"collection":[{"href":"https:\/\/curesz.org\/pt_pt\/wp-json\/wp\/v2\/pages"}],"about":[{"href":"https:\/\/curesz.org\/pt_pt\/wp-json\/wp\/v2\/types\/page"}],"author":[{"embeddable":true,"href":"https:\/\/curesz.org\/pt_pt\/wp-json\/wp\/v2\/users\/3"}],"replies":[{"embeddable":true,"href":"https:\/\/curesz.org\/pt_pt\/wp-json\/wp\/v2\/comments?post=4000"}],"version-history":[{"count":1,"href":"https:\/\/curesz.org\/pt_pt\/wp-json\/wp\/v2\/pages\/4000\/revisions"}],"predecessor-version":[{"id":4002,"href":"https:\/\/curesz.org\/pt_pt\/wp-json\/wp\/v2\/pages\/4000\/revisions\/4002"}],"wp:attachment":[{"href":"https:\/\/curesz.org\/pt_pt\/wp-json\/wp\/v2\/media?parent=4000"}],"curies":[{"name":"wp","href":"https:\/\/api.w.org\/{rel}","templated":true}]}}