{"id":4003,"date":"2021-06-23T14:36:07","date_gmt":"2021-06-23T14:36:07","guid":{"rendered":"https:\/\/curesz.org\/?page_id=4003"},"modified":"2023-08-15T15:07:22","modified_gmt":"2023-08-15T19:07:22","slug":"hope-in-a-needle","status":"publish","type":"page","link":"https:\/\/curesz.org\/pt_pt\/hope-in-a-needle\/","title":{"rendered":"Esperan\u00e7a em uma agulha"},"content":{"rendered":"<p><div class=\"fusion-fullwidth fullwidth-box fusion-builder-row-1 fusion-flex-container nonhundred-percent-fullwidth non-hundred-percent-height-scrolling\" style=\"--awb-border-radius-top-left:0px;--awb-border-radius-top-right:0px;--awb-border-radius-bottom-right:0px;--awb-border-radius-bottom-left:0px;--awb-flex-wrap:wrap;\" ><div class=\"fusion-builder-row fusion-row fusion-flex-align-items-flex-start fusion-flex-content-wrap\" style=\"max-width:1352px;margin-left: calc(-4% \/ 2 );margin-right: calc(-4% \/ 2 );\"><div class=\"fusion-layout-column fusion_builder_column fusion-builder-column-0 fusion_builder_column_1_4 1_4 fusion-flex-column\" style=\"--awb-bg-size:cover;--awb-width-large:25%;--awb-margin-top-large:0px;--awb-spacing-right-large:7.68%;--awb-margin-bottom-large:20px;--awb-spacing-left-large:7.68%;--awb-width-medium:100%;--awb-spacing-right-medium:1.92%;--awb-spacing-left-medium:1.92%;--awb-width-small:100%;--awb-spacing-right-small:1.92%;--awb-spacing-left-small:1.92%;\"><div class=\"fusion-column-wrapper fusion-column-has-shadow fusion-flex-justify-content-flex-start fusion-content-layout-column\"><div class=\"fusion-image-element\" style=\"--awb-caption-title-font-family:var(--h2_typography-font-family);--awb-caption-title-font-weight:var(--h2_typography-font-weight);--awb-caption-title-font-style:var(--h2_typography-font-style);--awb-caption-title-size:var(--h2_typography-font-size);--awb-caption-title-transform:var(--h2_typography-text-transform);--awb-caption-title-line-height:var(--h2_typography-line-height);--awb-caption-title-letter-spacing:var(--h2_typography-letter-spacing);\"><span class=\"fusion-imageframe imageframe-none imageframe-1 hover-type-none\"><img decoding=\"async\" width=\"266\" height=\"300\" title=\"Craig Chepke completo\" src=\"data:image\/svg+xml,%3Csvg%20xmlns%3D%27http%3A%2F%2Fwww.w3.org%2F2000%2Fsvg%27%20width%3D%27720%27%20height%3D%271080%27%20viewBox%3D%270%200%20720%201080%27%3E%3Crect%20width%3D%27720%27%20height%3D%271080%27%20fill-opacity%3D%220%22%2F%3E%3C%2Fsvg%3E\" data-orig-src=\"https:\/\/curesz.org\/wp-content\/uploads\/2021\/03\/Craig-Chepke-full-scaled-e1614784414506-266x300.jpg\" alt class=\"lazyload img-responsive wp-image-3789\"\/><\/span><\/div><div class=\"fusion-text fusion-text-1\"><p><strong>Dr. Craig Chepke, membro do Conselho de Administra\u00e7\u00e3o da The CURESZ Foundation, psiquiatra particular e professor assistente adjunto de psiquiatria da Escola de Medicina da Universidade da Carolina do Norte<\/strong><\/p>\n<\/div><\/div><\/div><div class=\"fusion-layout-column fusion_builder_column fusion-builder-column-1 fusion_builder_column_3_4 3_4 fusion-flex-column\" style=\"--awb-bg-size:cover;--awb-width-large:75%;--awb-margin-top-large:0px;--awb-spacing-right-large:2.56%;--awb-margin-bottom-large:20px;--awb-spacing-left-large:2.56%;--awb-width-medium:100%;--awb-spacing-right-medium:1.92%;--awb-spacing-left-medium:1.92%;--awb-width-small:100%;--awb-spacing-right-small:1.92%;--awb-spacing-left-small:1.92%;\"><div class=\"fusion-column-wrapper fusion-column-has-shadow fusion-flex-justify-content-flex-start fusion-content-layout-column\"><div class=\"fusion-text fusion-text-2\"><p><strong>Antipsic\u00f3ticos injet\u00e1veis de a\u00e7\u00e3o prolongada: esperan\u00e7a em uma agulha<\/strong><\/p>\n<p>When the FDA authorized the first vaccines for COVID-19, they were called miracles of modern medicine and \u00a0saviors of society. Pictures of people weeping tears of joy while receiving the vaccine flooded the Internet. What stood out to me was that these were not people who were already sick with COVID\u2014 they were completely healthy. But they saw the vaccine as a symbol of hope and the first step in overcoming the oppression of living in fear of an uncertain future. It made me wonder, why do we have such a hard time believing that people living with schizophrenia could find hope in a needle too?<\/p>\n<p>Os antipsic\u00f3ticos injet\u00e1veis de a\u00e7\u00e3o prolongada (LAIs) oferecem in\u00fameras vantagens potenciais bem documentadas para o tratamento de adultos com esquizofrenia, mas menos de 15% os recebem<sup>1<\/sup>. Perhaps one reason they are so underutilized is that clinicians have assumed that patients would not be interested in receiving an injection every two to four weeks, as LAIs historically required. However, I can attest that even if the COVID vaccine needed to be taken every month to stay safe, I would still want to be the first in line!<\/p>\n<p>Furthermore, recent advances have allowed the interval between injections of certain LAIs to increase dramatically over the past decade. For instance, paliperidone palmitate was introduced as a once-a-month LAI in 2009, but a newer preparation given just every 3 months became available in 2015. Even more exciting, a version administered every six months was approved by the FDA in 2021. If this pace continues, perhaps there could be a once-a-year version in 2027!<\/p>\n<p>Considerable evidence suggests that schizophrenia is a neurodegenerative brain disorder, similar to Parkinson\u2019s or Alzheimer\u2019s disease. With schizophrenia, however, psychotic relapses drive the progressive loss of brain tissue<sup>2<\/sup>. Como tal, os m\u00e9dicos devem pensar na preven\u00e7\u00e3o de reca\u00eddas na esquizofrenia com a mesma urg\u00eancia com que atualmente tentamos evitar que algu\u00e9m tenha um segundo ou terceiro AVC.<sup>3<\/sup>. O uso mais amplo de LAIs pode ajudar bastante a minimizar a perda cerebral e o decl\u00ednio resultante na funcionalidade e na qualidade de vida que cada reca\u00edda traz. A pesquisa mostrou que os LAIs podem reduzir as taxas de reca\u00edda na esquizofrenia em 20% e o risco de mortalidade em 33% em compara\u00e7\u00e3o com o uso do mesmo antipsic\u00f3tico na forma oral<sup>4,5<\/sup>.<\/p>\n<p>Apesar desses benef\u00edcios substanciais, a maioria dos m\u00e9dicos parece reservar LAIs apenas para pacientes com doen\u00e7as mais graves ou cr\u00f4nicas<sup>6<\/sup>. Em contraste, os m\u00e9dicos normalmente prescrevem medicamentos que retardam o decl\u00ednio da doen\u00e7a de Alzheimer no in\u00edcio da doen\u00e7a para proteger o funcionamento mental da pessoa em um n\u00edvel mais alto, em vez de esperar at\u00e9 que haja menos qualidade de vida para preservar. Dada a evid\u00eancia de que cada reca\u00edda acelera o decl\u00ednio cognitivo e funcional de pessoas com esquizofrenia, os LAIs devem ser considerados uma op\u00e7\u00e3o precoce, n\u00e3o uma interven\u00e7\u00e3o de \u00faltimo recurso. N\u00e3o h\u00e1 per\u00edodo de car\u00eancia para os efeitos destrutivos que a esquizofrenia tem no c\u00e9rebro.<\/p>\n<p>Algumas diretrizes de pr\u00e1tica cl\u00ednica come\u00e7aram a recomendar o uso de LAIs no primeiro epis\u00f3dio psic\u00f3tico, e adotei essa abordagem em minha pr\u00e1tica<sup>7<\/sup>. Eu explico isso aos pacientes com a analogia de que, se eu pulasse de um avi\u00e3o, preferiria abrir meu paraquedas a 50.000 p\u00e9s acima do solo, n\u00e3o a 50 p\u00e9s. Na luta para alcan\u00e7ar uma vida mais rica, plena e longa, os LAIs s\u00e3o uma ferramenta muito poderosa para serem t\u00e3o subutilizados quanto s\u00e3o. O tratamento agressivo precoce do primeiro epis\u00f3dio psic\u00f3tico e as reca\u00eddas subsequentes com LAIs podem melhorar drasticamente os resultados a longo prazo.<\/p>\n<p>Descobri que os LAIs podem ser uma fonte not\u00e1vel de positividade na vida de pessoas com esquizofrenia. Com a confian\u00e7a de que a consist\u00eancia da medica\u00e7\u00e3o \u00e9 ideal e a estabilidade aprimorada que os LAIs geralmente trazem, tanto o cl\u00ednico quanto o paciente podem se concentrar em outras quest\u00f5es, como aprofundar sua alian\u00e7a terap\u00eautica ou trabalhar em habilidades de enfrentamento. O pr\u00f3ximo passo pode ser promover o engajamento necess\u00e1rio para perseguir com sucesso objetivos ainda mais elevados, como voltar a estudar, conseguir um emprego ou encontrar um relacionamento. LAIs podem ser interven\u00e7\u00f5es que salvam vidas, mas apenas se os m\u00e9dicos fizerem sua parte, oferecendo e educando sobre eles. Precisamos fazer tudo o que pudermos para transformar o primeiro epis\u00f3dio de esquizofrenia de uma pessoa em seu \u00faltimo epis\u00f3dio - e para alguns podemos come\u00e7ar ajudando-os a encontrar esperan\u00e7a em uma agulha.<\/p>\n<ol>\n<li>Offord, S, et al. \u201cUso de recursos de sa\u00fade de pacientes com esquizofrenia iniciando antipsic\u00f3ticos injet\u00e1veis de a\u00e7\u00e3o prolongada versus orais.\u201d\u00a0<em>Revista de Economia M\u00e9dica<\/em>2 (2013): 231-239.<\/li>\n<li>Andreasen, N., et ai. \u201cDura\u00e7\u00e3o da reca\u00edda, intensidade do tratamento e perda de tecido cerebral na esquizofrenia: um estudo longitudinal prospectivo de resson\u00e2ncia magn\u00e9tica.\u201d\u00a0<em>Jornal Americano de Psiquiatria<\/em>6 (2013): 609-615.<\/li>\n<li>Nasrallah HA. R\u00c1PIDO e R\u00c1PIDO: siglas para prevenir danos cerebrais em acidente vascular cerebral e psicose. Psiquiatria Atual. 2018;17(8):6-8.<\/li>\n<li>Kishimoto, T, e outros. \u201cAntipsic\u00f3ticos injet\u00e1veis de a\u00e7\u00e3o prolongada versus antipsic\u00f3ticos orais para o tratamento de manuten\u00e7\u00e3o da esquizofrenia: uma revis\u00e3o sistem\u00e1tica e meta-an\u00e1lise comparativa de estudos randomizados, de coorte e pr\u00e9-p\u00f3s\u201d.\u00a0<em>The Lancet Psiquiatria<\/em>(2021).<\/li>\n<li>Taipale, H, et al. \u201cAntipsic\u00f3ticos e mortalidade em uma coorte nacional de 29.823 pacientes com esquizofrenia.\u201d Schizophrenia Research 197 (2018): 274-280.<\/li>\n<li>Kishimoto, T, e outros. &quot;Efic\u00e1cia de antipsic\u00f3ticos injet\u00e1veis de a\u00e7\u00e3o prolongada versus antipsic\u00f3ticos orais em pacientes com esquizofrenia: uma meta-an\u00e1lise de estudos de coorte prospectivos e retrospectivos.&quot; Boletim de esquizofrenia 44.3 (2018): 603-619.<\/li>\n<li>Florida Medicaid Drug Therapy Management Program. Diretrizes de Medica\u00e7\u00e3o Psicoterap\u00eautica das Melhores Pr\u00e1ticas da Fl\u00f3rida 2019\u20132020 para Adultos.<\/li>\n<\/ol>\n<\/div><\/div><\/div><\/div><\/div><div class=\"fusion-fullwidth fullwidth-box fusion-builder-row-2 fusion-flex-container hundred-percent-fullwidth non-hundred-percent-height-scrolling\" style=\"--awb-border-radius-top-left:0px;--awb-border-radius-top-right:0px;--awb-border-radius-bottom-right:0px;--awb-border-radius-bottom-left:0px;--awb-padding-top:0px;--awb-padding-right:0px;--awb-padding-bottom:0px;--awb-padding-left:0px;--awb-margin-top:0px;--awb-margin-bottom:0px;--awb-background-color:#015da7;--awb-flex-wrap:wrap;\" ><div class=\"fusion-builder-row fusion-row fusion-flex-align-items-flex-start fusion-flex-content-wrap\" style=\"width:104% !important;max-width:104% !important;margin-left: calc(-4% \/ 2 );margin-right: calc(-4% \/ 2 );\"><\/div><\/div>\n<\/p>","protected":false},"excerpt":{"rendered":"","protected":false},"author":3,"featured_media":0,"parent":0,"menu_order":0,"comment_status":"closed","ping_status":"closed","template":"100-width.php","meta":{"_acf_changed":false,"footnotes":""},"class_list":["post-4003","page","type-page","status-publish","hentry"],"acf":[],"yoast_head":"<!-- This site is optimized with the Yoast SEO plugin v27.4 - https:\/\/yoast.com\/product\/yoast-seo-wordpress\/ -->\n<title>Hope in a Needle - CURESZ Foundation<\/title>\n<meta name=\"description\" content=\"Why do we have such a hard time believing that people living with schizophrenia could find hope in a needle?\" \/>\n<meta name=\"robots\" content=\"index, follow, max-snippet:-1, max-image-preview:large, max-video-preview:-1\" \/>\n<link rel=\"canonical\" href=\"https:\/\/curesz.org\/pt_pt\/hope-in-a-needle\/\" \/>\n<meta property=\"og:locale\" content=\"pt_PT\" \/>\n<meta property=\"og:type\" content=\"article\" \/>\n<meta property=\"og:title\" content=\"Hope in a Needle - CURESZ Foundation\" \/>\n<meta property=\"og:description\" content=\"Why do we have such a hard time believing that people living with schizophrenia could find hope in a needle?\" \/>\n<meta property=\"og:url\" content=\"https:\/\/curesz.org\/pt_pt\/hope-in-a-needle\/\" \/>\n<meta property=\"og:site_name\" content=\"CURESZ Foundation\" \/>\n<meta property=\"article:publisher\" content=\"https:\/\/www.facebook.com\/Cureszorg\/\" \/>\n<meta property=\"article:modified_time\" content=\"2023-08-15T19:07:22+00:00\" \/>\n<meta name=\"twitter:card\" content=\"summary_large_image\" \/>\n<meta name=\"twitter:site\" content=\"@cureszorg\" \/>\n<meta name=\"twitter:label1\" content=\"Tempo estimado de leitura\" \/>\n\t<meta name=\"twitter:data1\" content=\"6 minutos\" \/>\n<script type=\"application\/ld+json\" class=\"yoast-schema-graph\">{\"@context\":\"https:\\\/\\\/schema.org\",\"@graph\":[{\"@type\":\"WebPage\",\"@id\":\"https:\\\/\\\/curesz.org\\\/hope-in-a-needle\\\/\",\"url\":\"https:\\\/\\\/curesz.org\\\/hope-in-a-needle\\\/\",\"name\":\"Hope in a Needle - CURESZ Foundation\",\"isPartOf\":{\"@id\":\"https:\\\/\\\/curesz.org\\\/#website\"},\"datePublished\":\"2021-06-23T14:36:07+00:00\",\"dateModified\":\"2023-08-15T19:07:22+00:00\",\"description\":\"Why do we have such a hard time believing that people living with schizophrenia could find hope in a needle?\",\"breadcrumb\":{\"@id\":\"https:\\\/\\\/curesz.org\\\/hope-in-a-needle\\\/#breadcrumb\"},\"inLanguage\":\"pt-PT\",\"potentialAction\":[{\"@type\":\"ReadAction\",\"target\":[\"https:\\\/\\\/curesz.org\\\/hope-in-a-needle\\\/\"]}]},{\"@type\":\"BreadcrumbList\",\"@id\":\"https:\\\/\\\/curesz.org\\\/hope-in-a-needle\\\/#breadcrumb\",\"itemListElement\":[{\"@type\":\"ListItem\",\"position\":1,\"name\":\"Home\",\"item\":\"https:\\\/\\\/curesz.org\\\/\"},{\"@type\":\"ListItem\",\"position\":2,\"name\":\"Hope in a Needle\"}]},{\"@type\":\"WebSite\",\"@id\":\"https:\\\/\\\/curesz.org\\\/#website\",\"url\":\"https:\\\/\\\/curesz.org\\\/\",\"name\":\"CURESZ Foundation\",\"description\":\"The CURESZ Foundation provides educational updates to patients, families, healthcare professionals and the general public about schizophrenia.\",\"publisher\":{\"@id\":\"https:\\\/\\\/curesz.org\\\/#organization\"},\"potentialAction\":[{\"@type\":\"SearchAction\",\"target\":{\"@type\":\"EntryPoint\",\"urlTemplate\":\"https:\\\/\\\/curesz.org\\\/?s={search_term_string}\"},\"query-input\":{\"@type\":\"PropertyValueSpecification\",\"valueRequired\":true,\"valueName\":\"search_term_string\"}}],\"inLanguage\":\"pt-PT\"},{\"@type\":\"Organization\",\"@id\":\"https:\\\/\\\/curesz.org\\\/#organization\",\"name\":\"Curesz Foundation\",\"url\":\"https:\\\/\\\/curesz.org\\\/\",\"logo\":{\"@type\":\"ImageObject\",\"inLanguage\":\"pt-PT\",\"@id\":\"https:\\\/\\\/curesz.org\\\/#\\\/schema\\\/logo\\\/image\\\/\",\"url\":\"https:\\\/\\\/curesz.org\\\/wp-content\\\/uploads\\\/2020\\\/02\\\/cropped-Logo-with-Foundation-Custom.png\",\"contentUrl\":\"https:\\\/\\\/curesz.org\\\/wp-content\\\/uploads\\\/2020\\\/02\\\/cropped-Logo-with-Foundation-Custom.png\",\"width\":200,\"height\":133,\"caption\":\"Curesz Foundation\"},\"image\":{\"@id\":\"https:\\\/\\\/curesz.org\\\/#\\\/schema\\\/logo\\\/image\\\/\"},\"sameAs\":[\"https:\\\/\\\/www.facebook.com\\\/Cureszorg\\\/\",\"https:\\\/\\\/x.com\\\/cureszorg\",\"https:\\\/\\\/www.instagram.com\\\/cureszfoundation\\\/\",\"https:\\\/\\\/www.youtube.com\\\/channel\\\/UCT3uVzTt8jiJ2qdhuosHPvg\"]}]}<\/script>\n<!-- \/ Yoast SEO plugin. -->","yoast_head_json":{"title":"Hope in a Needle - CURESZ Foundation","description":"Why do we have such a hard time believing that people living with schizophrenia could find hope in a needle?","robots":{"index":"index","follow":"follow","max-snippet":"max-snippet:-1","max-image-preview":"max-image-preview:large","max-video-preview":"max-video-preview:-1"},"canonical":"https:\/\/curesz.org\/pt_pt\/hope-in-a-needle\/","og_locale":"pt_PT","og_type":"article","og_title":"Hope in a Needle - CURESZ Foundation","og_description":"Why do we have such a hard time believing that people living with schizophrenia could find hope in a needle?","og_url":"https:\/\/curesz.org\/pt_pt\/hope-in-a-needle\/","og_site_name":"CURESZ Foundation","article_publisher":"https:\/\/www.facebook.com\/Cureszorg\/","article_modified_time":"2023-08-15T19:07:22+00:00","twitter_card":"summary_large_image","twitter_site":"@cureszorg","twitter_misc":{"Tempo estimado de leitura":"6 minutos"},"schema":{"@context":"https:\/\/schema.org","@graph":[{"@type":"WebPage","@id":"https:\/\/curesz.org\/hope-in-a-needle\/","url":"https:\/\/curesz.org\/hope-in-a-needle\/","name":"Hope in a Needle - CURESZ Foundation","isPartOf":{"@id":"https:\/\/curesz.org\/#website"},"datePublished":"2021-06-23T14:36:07+00:00","dateModified":"2023-08-15T19:07:22+00:00","description":"Why do we have such a hard time believing that people living with schizophrenia could find hope in a needle?","breadcrumb":{"@id":"https:\/\/curesz.org\/hope-in-a-needle\/#breadcrumb"},"inLanguage":"pt-PT","potentialAction":[{"@type":"ReadAction","target":["https:\/\/curesz.org\/hope-in-a-needle\/"]}]},{"@type":"BreadcrumbList","@id":"https:\/\/curesz.org\/hope-in-a-needle\/#breadcrumb","itemListElement":[{"@type":"ListItem","position":1,"name":"Home","item":"https:\/\/curesz.org\/"},{"@type":"ListItem","position":2,"name":"Hope in a Needle"}]},{"@type":"WebSite","@id":"https:\/\/curesz.org\/#website","url":"https:\/\/curesz.org\/","name":"Funda\u00e7\u00e3o CURESZ","description":"A Funda\u00e7\u00e3o CURESZ fornece atualiza\u00e7\u00f5es educacionais para pacientes, familiares, profissionais de sa\u00fade e p\u00fablico em geral sobre esquizofrenia.","publisher":{"@id":"https:\/\/curesz.org\/#organization"},"potentialAction":[{"@type":"SearchAction","target":{"@type":"EntryPoint","urlTemplate":"https:\/\/curesz.org\/?s={search_term_string}"},"query-input":{"@type":"PropertyValueSpecification","valueRequired":true,"valueName":"search_term_string"}}],"inLanguage":"pt-PT"},{"@type":"Organization","@id":"https:\/\/curesz.org\/#organization","name":"Curesz Foundation","url":"https:\/\/curesz.org\/","logo":{"@type":"ImageObject","inLanguage":"pt-PT","@id":"https:\/\/curesz.org\/#\/schema\/logo\/image\/","url":"https:\/\/curesz.org\/wp-content\/uploads\/2020\/02\/cropped-Logo-with-Foundation-Custom.png","contentUrl":"https:\/\/curesz.org\/wp-content\/uploads\/2020\/02\/cropped-Logo-with-Foundation-Custom.png","width":200,"height":133,"caption":"Curesz Foundation"},"image":{"@id":"https:\/\/curesz.org\/#\/schema\/logo\/image\/"},"sameAs":["https:\/\/www.facebook.com\/Cureszorg\/","https:\/\/x.com\/cureszorg","https:\/\/www.instagram.com\/cureszfoundation\/","https:\/\/www.youtube.com\/channel\/UCT3uVzTt8jiJ2qdhuosHPvg"]}]}},"_links":{"self":[{"href":"https:\/\/curesz.org\/pt_pt\/wp-json\/wp\/v2\/pages\/4003","targetHints":{"allow":["GET"]}}],"collection":[{"href":"https:\/\/curesz.org\/pt_pt\/wp-json\/wp\/v2\/pages"}],"about":[{"href":"https:\/\/curesz.org\/pt_pt\/wp-json\/wp\/v2\/types\/page"}],"author":[{"embeddable":true,"href":"https:\/\/curesz.org\/pt_pt\/wp-json\/wp\/v2\/users\/3"}],"replies":[{"embeddable":true,"href":"https:\/\/curesz.org\/pt_pt\/wp-json\/wp\/v2\/comments?post=4003"}],"version-history":[{"count":6,"href":"https:\/\/curesz.org\/pt_pt\/wp-json\/wp\/v2\/pages\/4003\/revisions"}],"predecessor-version":[{"id":5360,"href":"https:\/\/curesz.org\/pt_pt\/wp-json\/wp\/v2\/pages\/4003\/revisions\/5360"}],"wp:attachment":[{"href":"https:\/\/curesz.org\/pt_pt\/wp-json\/wp\/v2\/media?parent=4003"}],"curies":[{"name":"wp","href":"https:\/\/api.w.org\/{rel}","templated":true}]}}