{"id":4044,"date":"2021-07-19T23:23:26","date_gmt":"2021-07-19T23:23:26","guid":{"rendered":"https:\/\/curesz.org\/?page_id=4044"},"modified":"2023-08-14T11:39:55","modified_gmt":"2023-08-14T15:39:55","slug":"tardive-dyskinesia-be-your-own-advocate","status":"publish","type":"page","link":"https:\/\/curesz.org\/pt_pt\/tardive-dyskinesia-be-your-own-advocate\/","title":{"rendered":"Discinesia tardia: seja seu pr\u00f3prio advogado"},"content":{"rendered":"<p><div class=\"fusion-fullwidth fullwidth-box fusion-builder-row-1 fusion-flex-container nonhundred-percent-fullwidth non-hundred-percent-height-scrolling\" style=\"--awb-border-radius-top-left:0px;--awb-border-radius-top-right:0px;--awb-border-radius-bottom-right:0px;--awb-border-radius-bottom-left:0px;--awb-flex-wrap:wrap;\" ><div class=\"fusion-builder-row fusion-row fusion-flex-align-items-flex-start fusion-flex-content-wrap\" style=\"max-width:1352px;margin-left: calc(-4% \/ 2 );margin-right: calc(-4% \/ 2 );\"><div class=\"fusion-layout-column fusion_builder_column fusion-builder-column-0 fusion_builder_column_1_4 1_4 fusion-flex-column\" style=\"--awb-bg-size:cover;--awb-width-large:25%;--awb-margin-top-large:0px;--awb-spacing-right-large:7.68%;--awb-margin-bottom-large:20px;--awb-spacing-left-large:7.68%;--awb-width-medium:100%;--awb-spacing-right-medium:1.92%;--awb-spacing-left-medium:1.92%;--awb-width-small:100%;--awb-spacing-right-small:1.92%;--awb-spacing-left-small:1.92%;\"><div class=\"fusion-column-wrapper fusion-column-has-shadow fusion-flex-justify-content-flex-start fusion-content-layout-column\"><div class=\"fusion-image-element\" style=\"--awb-caption-title-font-family:var(--h2_typography-font-family);--awb-caption-title-font-weight:var(--h2_typography-font-weight);--awb-caption-title-font-style:var(--h2_typography-font-style);--awb-caption-title-size:var(--h2_typography-font-size);--awb-caption-title-transform:var(--h2_typography-text-transform);--awb-caption-title-line-height:var(--h2_typography-line-height);--awb-caption-title-letter-spacing:var(--h2_typography-letter-spacing);\"><span class=\"fusion-imageframe imageframe-none imageframe-1 hover-type-none\"><img decoding=\"async\" width=\"283\" height=\"300\" src=\"https:\/\/curesz.org\/wp-content\/uploads\/2021\/07\/Dr-Chepke-71921.jpg\" data-orig-src=\"https:\/\/curesz.org\/wp-content\/uploads\/2021\/07\/Dr-Chepke-71921-283x300.jpg\" alt class=\"lazyload img-responsive wp-image-4045\" srcset=\"data:image\/svg+xml,%3Csvg%20xmlns%3D%27http%3A%2F%2Fwww.w3.org%2F2000%2Fsvg%27%20width%3D%27557%27%20height%3D%27591%27%20viewBox%3D%270%200%20557%20591%27%3E%3Crect%20width%3D%27557%27%20height%3D%27591%27%20fill-opacity%3D%220%22%2F%3E%3C%2Fsvg%3E\" data-srcset=\"https:\/\/curesz.org\/wp-content\/uploads\/2021\/07\/Dr-Chepke-71921-200x212.jpg 200w, https:\/\/curesz.org\/wp-content\/uploads\/2021\/07\/Dr-Chepke-71921-400x424.jpg 400w, https:\/\/curesz.org\/wp-content\/uploads\/2021\/07\/Dr-Chepke-71921.jpg 557w\" data-sizes=\"auto\" data-orig-sizes=\"(max-width: 1024px) 100vw, (max-width: 640px) 100vw, 400px\" \/><\/span><\/div><div class=\"fusion-text fusion-text-1\"><p><a href=\"https:\/\/curesz.org\/pt_pt\/about\/board\/craig-chepke\/\">Dr. Craig Chepke<\/a>, Psiquiatra de consult\u00f3rio particular e Professor assistente adjunto de Psiquiatria, Escola de Medicina da Universidade da Carolina do Norte, Membro do Conselho da CURESZ<\/p>\n<\/div><\/div><\/div><div class=\"fusion-layout-column fusion_builder_column fusion-builder-column-1 fusion_builder_column_3_4 3_4 fusion-flex-column\" style=\"--awb-bg-size:cover;--awb-width-large:75%;--awb-margin-top-large:0px;--awb-spacing-right-large:2.56%;--awb-margin-bottom-large:20px;--awb-spacing-left-large:2.56%;--awb-width-medium:100%;--awb-spacing-right-medium:1.92%;--awb-spacing-left-medium:1.92%;--awb-width-small:100%;--awb-spacing-right-small:1.92%;--awb-spacing-left-small:1.92%;\"><div class=\"fusion-column-wrapper fusion-column-has-shadow fusion-flex-justify-content-flex-start fusion-content-layout-column\"><div class=\"fusion-text fusion-text-2\"><p><em>A discinesia tardia (DT) \u00e9 uma s\u00edndrome neurol\u00f3gica de in\u00edcio tardio que pode ocorrer como efeito colateral do uso prolongado de medicamentos antipsic\u00f3ticos. As pessoas que desenvolvem DT podem ter movimentos involunt\u00e1rios repetitivos que geralmente s\u00e3o lentos e contorcidos, ou de natureza dan\u00e7ante. Os movimentos ocorrem mais comumente nos m\u00fasculos da face, boca e l\u00edngua, mas tamb\u00e9m podem aparecer nos bra\u00e7os, pernas ou tronco. As estimativas da frequ\u00eancia de DT diferem, mas variam de 7%-30% de pessoas que tomam antipsic\u00f3ticos por um per\u00edodo prolongado.<sup>1<\/sup>\u00a0O tempo de exposi\u00e7\u00e3o necess\u00e1rio para desenvolver DT \u00e9 vari\u00e1vel, mas pode ocorrer meses ou mesmo anos ap\u00f3s o in\u00edcio do tratamento com um antipsic\u00f3tico. Uma vez que a TD se manifesta, ela pode se tornar irrevers\u00edvel. Portanto, a detec\u00e7\u00e3o precoce e o tratamento da discinesia tardia s\u00e3o cr\u00edticos.<\/em><\/p>\n<p>Sinto-me honrado em fazer parte do CURESZ\u00a0<a href=\"https:\/\/curesz.org\/pt_pt\/tardive-dyskinesia-expert-panel\/\">Painel de especialistas em discinesia tardia<\/a>, but I haven\u2019t always been adept at diagnosing TD. For years, no one in my current practice seemed to have \u201cobvious\u201d symptoms of TD, so I came to assume that it was more of a historical problem associated with the older first-generation antipsychotics that I rarely prescribe. In 2016, however, I began working with a young man with schizophrenia whose TD was unmistakable. With no FDA-approved medications at the time, the best I could offer was to remove or reduce one of the two antipsychotics he was taking. He and his father wouldn\u2019t consider any change, because that combination was the only thing that had ever worked for him. When his father suddenly passed away months later, his grief inspired me to learn as much as I could about treating TD. I couldn\u2019t give him his father back, but I could at least try to give him the dignity of control over his body.<\/p>\n<p>I studied neurology journals and textbooks for months and realized that I had unconsciously set my bar for diagnosing TD at only the highest severity level. I had inadvertently become blind to detecting mild to moderate TD. Reading the numerous failed clinical trials of medications and supplements for treating TD, I gained an appreciation of the decades of powerlessness clinicians had felt in trying to treat it. It seemed that recognition of TD was gradually overshadowed by increased screening for other potential side effects of antipsychotics, such as blood sugar and cholesterol elevations&#8211; perhaps because the latter are problems for which we have long had good treatment options. In 2017, the FDA approved the first two medications for TD, and treating my patient with one of them benefitted him in profound ways I didn\u2019t expect.<\/p>\n<p>Every psychiatric provider trained in an era in which there was little or nothing we could do to address TD, so many didn\u2019t have enough urgency looking for it. Our diagnostic skills withered, and many newer clinicians never established proficiency in the first place. Now that approved treatments exist, the mental health field will eventually enhance its recognition of TD, but if I didn\u2019t have this unique experience when I did, it might have been years before I stepped up my screening. Until every provider makes a thorough examination for TD a standard part of their appointments, I urge everyone taking an antipsychotic, especially anyone experiencing unusual or unexpected movement problems, to be your own advocate and take the lead in discussing tardive dyskinesia treatment with your provider.<\/p>\n<p>Refer\u00eancia: 1. Carbon et al. J Clin Psychiatry 2017;78(3):e264\u2013e278.<\/p>\n<h2><\/h2>\n<\/div><\/div><\/div><\/div><\/div><div class=\"fusion-fullwidth fullwidth-box fusion-builder-row-2 fusion-flex-container hundred-percent-fullwidth non-hundred-percent-height-scrolling\" style=\"--awb-border-radius-top-left:0px;--awb-border-radius-top-right:0px;--awb-border-radius-bottom-right:0px;--awb-border-radius-bottom-left:0px;--awb-padding-top:0px;--awb-padding-right:0px;--awb-padding-bottom:0px;--awb-padding-left:0px;--awb-margin-top:0px;--awb-margin-bottom:0px;--awb-background-color:#015da7;--awb-flex-wrap:wrap;\" ><div class=\"fusion-builder-row fusion-row fusion-flex-align-items-flex-start fusion-flex-content-wrap\" style=\"width:104% !important;max-width:104% !important;margin-left: calc(-4% \/ 2 );margin-right: calc(-4% \/ 2 );\"><\/div><\/div>\n<\/p>","protected":false},"excerpt":{"rendered":"","protected":false},"author":3,"featured_media":0,"parent":0,"menu_order":0,"comment_status":"closed","ping_status":"closed","template":"100-width.php","meta":{"_acf_changed":false,"footnotes":""},"class_list":["post-4044","page","type-page","status-publish","hentry"],"acf":[],"yoast_head":"<!-- This site is optimized with the Yoast SEO plugin v27.4 - https:\/\/yoast.com\/product\/yoast-seo-wordpress\/ -->\n<title>Tardive Dyskinesia: Be Your Own Advocate - CURESZ Foundation<\/title>\n<meta name=\"description\" content=\"I studied journals and textbooks for months and realized that I had unconsciously set my bar for diagnosing TD at only the highest level.\" \/>\n<meta name=\"robots\" content=\"index, follow, max-snippet:-1, max-image-preview:large, max-video-preview:-1\" \/>\n<link rel=\"canonical\" href=\"https:\/\/curesz.org\/pt_pt\/tardive-dyskinesia-be-your-own-advocate\/\" \/>\n<meta property=\"og:locale\" content=\"pt_PT\" \/>\n<meta property=\"og:type\" content=\"article\" \/>\n<meta property=\"og:title\" content=\"Tardive Dyskinesia: Be Your Own Advocate - CURESZ Foundation\" \/>\n<meta property=\"og:description\" content=\"I studied journals and textbooks for months and realized that I had unconsciously set my bar for diagnosing TD at only the highest level.\" \/>\n<meta property=\"og:url\" content=\"https:\/\/curesz.org\/pt_pt\/tardive-dyskinesia-be-your-own-advocate\/\" \/>\n<meta property=\"og:site_name\" content=\"CURESZ Foundation\" \/>\n<meta property=\"article:publisher\" content=\"https:\/\/www.facebook.com\/Cureszorg\/\" \/>\n<meta property=\"article:modified_time\" content=\"2023-08-14T15:39:55+00:00\" \/>\n<meta name=\"twitter:card\" content=\"summary_large_image\" \/>\n<meta name=\"twitter:site\" content=\"@cureszorg\" \/>\n<meta name=\"twitter:label1\" content=\"Tempo estimado de leitura\" \/>\n\t<meta name=\"twitter:data1\" content=\"4 minutos\" \/>\n<script type=\"application\/ld+json\" class=\"yoast-schema-graph\">{\"@context\":\"https:\\\/\\\/schema.org\",\"@graph\":[{\"@type\":\"WebPage\",\"@id\":\"https:\\\/\\\/curesz.org\\\/tardive-dyskinesia-be-your-own-advocate\\\/\",\"url\":\"https:\\\/\\\/curesz.org\\\/tardive-dyskinesia-be-your-own-advocate\\\/\",\"name\":\"Tardive Dyskinesia: Be Your Own Advocate - CURESZ Foundation\",\"isPartOf\":{\"@id\":\"https:\\\/\\\/curesz.org\\\/#website\"},\"datePublished\":\"2021-07-19T23:23:26+00:00\",\"dateModified\":\"2023-08-14T15:39:55+00:00\",\"description\":\"I studied journals and textbooks for months and realized that I had unconsciously set my bar for diagnosing TD at only the highest level.\",\"breadcrumb\":{\"@id\":\"https:\\\/\\\/curesz.org\\\/tardive-dyskinesia-be-your-own-advocate\\\/#breadcrumb\"},\"inLanguage\":\"pt-PT\",\"potentialAction\":[{\"@type\":\"ReadAction\",\"target\":[\"https:\\\/\\\/curesz.org\\\/tardive-dyskinesia-be-your-own-advocate\\\/\"]}]},{\"@type\":\"BreadcrumbList\",\"@id\":\"https:\\\/\\\/curesz.org\\\/tardive-dyskinesia-be-your-own-advocate\\\/#breadcrumb\",\"itemListElement\":[{\"@type\":\"ListItem\",\"position\":1,\"name\":\"Home\",\"item\":\"https:\\\/\\\/curesz.org\\\/\"},{\"@type\":\"ListItem\",\"position\":2,\"name\":\"Tardive Dyskinesia: Be Your Own Advocate\"}]},{\"@type\":\"WebSite\",\"@id\":\"https:\\\/\\\/curesz.org\\\/#website\",\"url\":\"https:\\\/\\\/curesz.org\\\/\",\"name\":\"CURESZ Foundation\",\"description\":\"The CURESZ Foundation provides educational updates to patients, families, healthcare professionals and the general public about schizophrenia.\",\"publisher\":{\"@id\":\"https:\\\/\\\/curesz.org\\\/#organization\"},\"potentialAction\":[{\"@type\":\"SearchAction\",\"target\":{\"@type\":\"EntryPoint\",\"urlTemplate\":\"https:\\\/\\\/curesz.org\\\/?s={search_term_string}\"},\"query-input\":{\"@type\":\"PropertyValueSpecification\",\"valueRequired\":true,\"valueName\":\"search_term_string\"}}],\"inLanguage\":\"pt-PT\"},{\"@type\":\"Organization\",\"@id\":\"https:\\\/\\\/curesz.org\\\/#organization\",\"name\":\"Curesz Foundation\",\"url\":\"https:\\\/\\\/curesz.org\\\/\",\"logo\":{\"@type\":\"ImageObject\",\"inLanguage\":\"pt-PT\",\"@id\":\"https:\\\/\\\/curesz.org\\\/#\\\/schema\\\/logo\\\/image\\\/\",\"url\":\"https:\\\/\\\/curesz.org\\\/wp-content\\\/uploads\\\/2020\\\/02\\\/cropped-Logo-with-Foundation-Custom.png\",\"contentUrl\":\"https:\\\/\\\/curesz.org\\\/wp-content\\\/uploads\\\/2020\\\/02\\\/cropped-Logo-with-Foundation-Custom.png\",\"width\":200,\"height\":133,\"caption\":\"Curesz Foundation\"},\"image\":{\"@id\":\"https:\\\/\\\/curesz.org\\\/#\\\/schema\\\/logo\\\/image\\\/\"},\"sameAs\":[\"https:\\\/\\\/www.facebook.com\\\/Cureszorg\\\/\",\"https:\\\/\\\/x.com\\\/cureszorg\",\"https:\\\/\\\/www.instagram.com\\\/cureszfoundation\\\/\",\"https:\\\/\\\/www.youtube.com\\\/channel\\\/UCT3uVzTt8jiJ2qdhuosHPvg\"]}]}<\/script>\n<!-- \/ Yoast SEO plugin. -->","yoast_head_json":{"title":"Tardive Dyskinesia: Be Your Own Advocate - CURESZ Foundation","description":"I studied journals and textbooks for months and realized that I had unconsciously set my bar for diagnosing TD at only the highest level.","robots":{"index":"index","follow":"follow","max-snippet":"max-snippet:-1","max-image-preview":"max-image-preview:large","max-video-preview":"max-video-preview:-1"},"canonical":"https:\/\/curesz.org\/pt_pt\/tardive-dyskinesia-be-your-own-advocate\/","og_locale":"pt_PT","og_type":"article","og_title":"Tardive Dyskinesia: Be Your Own Advocate - CURESZ Foundation","og_description":"I studied journals and textbooks for months and realized that I had unconsciously set my bar for diagnosing TD at only the highest level.","og_url":"https:\/\/curesz.org\/pt_pt\/tardive-dyskinesia-be-your-own-advocate\/","og_site_name":"CURESZ Foundation","article_publisher":"https:\/\/www.facebook.com\/Cureszorg\/","article_modified_time":"2023-08-14T15:39:55+00:00","twitter_card":"summary_large_image","twitter_site":"@cureszorg","twitter_misc":{"Tempo estimado de leitura":"4 minutos"},"schema":{"@context":"https:\/\/schema.org","@graph":[{"@type":"WebPage","@id":"https:\/\/curesz.org\/tardive-dyskinesia-be-your-own-advocate\/","url":"https:\/\/curesz.org\/tardive-dyskinesia-be-your-own-advocate\/","name":"Tardive Dyskinesia: Be Your Own Advocate - CURESZ Foundation","isPartOf":{"@id":"https:\/\/curesz.org\/#website"},"datePublished":"2021-07-19T23:23:26+00:00","dateModified":"2023-08-14T15:39:55+00:00","description":"I studied journals and textbooks for months and realized that I had unconsciously set my bar for diagnosing TD at only the highest level.","breadcrumb":{"@id":"https:\/\/curesz.org\/tardive-dyskinesia-be-your-own-advocate\/#breadcrumb"},"inLanguage":"pt-PT","potentialAction":[{"@type":"ReadAction","target":["https:\/\/curesz.org\/tardive-dyskinesia-be-your-own-advocate\/"]}]},{"@type":"BreadcrumbList","@id":"https:\/\/curesz.org\/tardive-dyskinesia-be-your-own-advocate\/#breadcrumb","itemListElement":[{"@type":"ListItem","position":1,"name":"Home","item":"https:\/\/curesz.org\/"},{"@type":"ListItem","position":2,"name":"Tardive Dyskinesia: Be Your Own Advocate"}]},{"@type":"WebSite","@id":"https:\/\/curesz.org\/#website","url":"https:\/\/curesz.org\/","name":"Funda\u00e7\u00e3o CURESZ","description":"A Funda\u00e7\u00e3o CURESZ fornece atualiza\u00e7\u00f5es educacionais para pacientes, familiares, profissionais de sa\u00fade e p\u00fablico em geral sobre esquizofrenia.","publisher":{"@id":"https:\/\/curesz.org\/#organization"},"potentialAction":[{"@type":"SearchAction","target":{"@type":"EntryPoint","urlTemplate":"https:\/\/curesz.org\/?s={search_term_string}"},"query-input":{"@type":"PropertyValueSpecification","valueRequired":true,"valueName":"search_term_string"}}],"inLanguage":"pt-PT"},{"@type":"Organization","@id":"https:\/\/curesz.org\/#organization","name":"Curesz Foundation","url":"https:\/\/curesz.org\/","logo":{"@type":"ImageObject","inLanguage":"pt-PT","@id":"https:\/\/curesz.org\/#\/schema\/logo\/image\/","url":"https:\/\/curesz.org\/wp-content\/uploads\/2020\/02\/cropped-Logo-with-Foundation-Custom.png","contentUrl":"https:\/\/curesz.org\/wp-content\/uploads\/2020\/02\/cropped-Logo-with-Foundation-Custom.png","width":200,"height":133,"caption":"Curesz Foundation"},"image":{"@id":"https:\/\/curesz.org\/#\/schema\/logo\/image\/"},"sameAs":["https:\/\/www.facebook.com\/Cureszorg\/","https:\/\/x.com\/cureszorg","https:\/\/www.instagram.com\/cureszfoundation\/","https:\/\/www.youtube.com\/channel\/UCT3uVzTt8jiJ2qdhuosHPvg"]}]}},"_links":{"self":[{"href":"https:\/\/curesz.org\/pt_pt\/wp-json\/wp\/v2\/pages\/4044","targetHints":{"allow":["GET"]}}],"collection":[{"href":"https:\/\/curesz.org\/pt_pt\/wp-json\/wp\/v2\/pages"}],"about":[{"href":"https:\/\/curesz.org\/pt_pt\/wp-json\/wp\/v2\/types\/page"}],"author":[{"embeddable":true,"href":"https:\/\/curesz.org\/pt_pt\/wp-json\/wp\/v2\/users\/3"}],"replies":[{"embeddable":true,"href":"https:\/\/curesz.org\/pt_pt\/wp-json\/wp\/v2\/comments?post=4044"}],"version-history":[{"count":3,"href":"https:\/\/curesz.org\/pt_pt\/wp-json\/wp\/v2\/pages\/4044\/revisions"}],"predecessor-version":[{"id":5337,"href":"https:\/\/curesz.org\/pt_pt\/wp-json\/wp\/v2\/pages\/4044\/revisions\/5337"}],"wp:attachment":[{"href":"https:\/\/curesz.org\/pt_pt\/wp-json\/wp\/v2\/media?parent=4044"}],"curies":[{"name":"wp","href":"https:\/\/api.w.org\/{rel}","templated":true}]}}