{"id":4059,"date":"2021-07-20T00:27:22","date_gmt":"2021-07-20T00:27:22","guid":{"rendered":"https:\/\/curesz.org\/?page_id=4059"},"modified":"2023-11-15T14:25:28","modified_gmt":"2023-11-15T19:25:28","slug":"tardive-dyskinesia-more-than-skin-deep","status":"publish","type":"page","link":"https:\/\/curesz.org\/pt_pt\/tardive-dyskinesia-more-than-skin-deep\/","title":{"rendered":"Discinesia tardia: mais do que superficial"},"content":{"rendered":"<p><div class=\"fusion-fullwidth fullwidth-box fusion-builder-row-1 fusion-flex-container nonhundred-percent-fullwidth non-hundred-percent-height-scrolling\" style=\"--awb-border-radius-top-left:0px;--awb-border-radius-top-right:0px;--awb-border-radius-bottom-right:0px;--awb-border-radius-bottom-left:0px;--awb-flex-wrap:wrap;\" ><div class=\"fusion-builder-row fusion-row fusion-flex-align-items-flex-start fusion-flex-content-wrap\" style=\"max-width:1352px;margin-left: calc(-4% \/ 2 );margin-right: calc(-4% \/ 2 );\"><div class=\"fusion-layout-column fusion_builder_column fusion-builder-column-0 fusion_builder_column_1_4 1_4 fusion-flex-column\" style=\"--awb-bg-size:cover;--awb-width-large:25%;--awb-margin-top-large:0px;--awb-spacing-right-large:7.68%;--awb-margin-bottom-large:20px;--awb-spacing-left-large:7.68%;--awb-width-medium:100%;--awb-spacing-right-medium:1.92%;--awb-spacing-left-medium:1.92%;--awb-width-small:100%;--awb-spacing-right-small:1.92%;--awb-spacing-left-small:1.92%;\"><div class=\"fusion-column-wrapper fusion-column-has-shadow fusion-flex-justify-content-flex-start fusion-content-layout-column\"><div class=\"fusion-image-element\" style=\"--awb-caption-title-font-family:var(--h2_typography-font-family);--awb-caption-title-font-weight:var(--h2_typography-font-weight);--awb-caption-title-font-style:var(--h2_typography-font-style);--awb-caption-title-size:var(--h2_typography-font-size);--awb-caption-title-transform:var(--h2_typography-text-transform);--awb-caption-title-line-height:var(--h2_typography-line-height);--awb-caption-title-letter-spacing:var(--h2_typography-letter-spacing);\"><span class=\"fusion-imageframe imageframe-none imageframe-1 hover-type-none\"><img decoding=\"async\" width=\"283\" height=\"300\" src=\"https:\/\/curesz.org\/wp-content\/uploads\/2021\/07\/Dr-Chepke-71921.jpg\" data-orig-src=\"https:\/\/curesz.org\/wp-content\/uploads\/2021\/07\/Dr-Chepke-71921-283x300.jpg\" alt class=\"lazyload img-responsive wp-image-4045\" srcset=\"data:image\/svg+xml,%3Csvg%20xmlns%3D%27http%3A%2F%2Fwww.w3.org%2F2000%2Fsvg%27%20width%3D%27557%27%20height%3D%27591%27%20viewBox%3D%270%200%20557%20591%27%3E%3Crect%20width%3D%27557%27%20height%3D%27591%27%20fill-opacity%3D%220%22%2F%3E%3C%2Fsvg%3E\" data-srcset=\"https:\/\/curesz.org\/wp-content\/uploads\/2021\/07\/Dr-Chepke-71921-200x212.jpg 200w, https:\/\/curesz.org\/wp-content\/uploads\/2021\/07\/Dr-Chepke-71921-400x424.jpg 400w, https:\/\/curesz.org\/wp-content\/uploads\/2021\/07\/Dr-Chepke-71921.jpg 557w\" data-sizes=\"auto\" data-orig-sizes=\"(max-width: 1024px) 100vw, (max-width: 640px) 100vw, 400px\" \/><\/span><\/div><div class=\"fusion-text fusion-text-1\"><p><a href=\"https:\/\/curesz.org\/pt_pt\/about\/board\/craig-chepke\/\">Dr. Craig Chepke<\/a>, Membro, Conselho de Administra\u00e7\u00e3o, Funda\u00e7\u00e3o CURESZ, Psiquiatra de Pr\u00e1tica Privada e Professor Assistente Adjunto de Psiquiatria, Faculdade de Medicina da Universidade da Carolina do Norte<\/p>\n<\/div><\/div><\/div><div class=\"fusion-layout-column fusion_builder_column fusion-builder-column-1 fusion_builder_column_3_4 3_4 fusion-flex-column\" style=\"--awb-bg-size:cover;--awb-width-large:75%;--awb-margin-top-large:0px;--awb-spacing-right-large:2.56%;--awb-margin-bottom-large:20px;--awb-spacing-left-large:2.56%;--awb-width-medium:100%;--awb-spacing-right-medium:1.92%;--awb-spacing-left-medium:1.92%;--awb-width-small:100%;--awb-spacing-right-small:1.92%;--awb-spacing-left-small:1.92%;\"><div class=\"fusion-column-wrapper fusion-column-has-shadow fusion-flex-justify-content-flex-start fusion-content-layout-column\"><div class=\"fusion-text fusion-text-2\"><p>Apesar da recente disponibilidade de tratamentos seguros e eficazes para a discinesia tardia, muitos profissionais de sa\u00fade hesitam em us\u00e1-los. Eles podem acreditar que TD n\u00e3o incomoda aqueles que sofrem com isso ou sentem que o impacto do TD empalidece em compara\u00e7\u00e3o com os sintomas prim\u00e1rios que est\u00e3o tratando, como psicose ou mania. Minha experi\u00eancia \u00e9 que alguns m\u00e9dicos simplesmente n\u00e3o percebem que os movimentos involunt\u00e1rios podem causar problemas f\u00edsicos, emocionais e interpessoais.<\/p>\n<p>Um caso espec\u00edfico da minha pr\u00e1tica \u00e9 uma mulher de 61 anos que procurava tratamento para depress\u00e3o, mas tamb\u00e9m notei TD. Por meio de nossa conversa, descobri que ela adorava cantar na igreja at\u00e9 que seus movimentos labiais fizeram o regente do coral pensar que ela estava cantando na hora errada, ent\u00e3o ela desistiu. Ela parou de assistir aos cultos quando seus movimentos de m\u00e3o a levaram a mexer no boletim da Igreja que estava segurando, gerando reclama\u00e7\u00f5es da congrega\u00e7\u00e3o. Ela mora com a filha e netos pequenos e ficou arrasada quando a chamaram de \u201cmonstro\u201d por causa das contor\u00e7\u00f5es faciais causadas pela discinesia. Ela se recusava a sair do quarto, mesmo para as refei\u00e7\u00f5es, e perdeu 18 quilos em 6 meses.<\/p>\n<p>Ela pensou que precisava de um antidepressivo, mas pouco mais de um m\u00eas depois que lhe prescrevi um inibidor de VMAT2, ela voltou a brincar com os netos, a frequentar a igreja e a cantar no coral novamente!<\/p>\n<p>Voc\u00ea j\u00e1 disse a algu\u00e9m que tinha comida visivelmente presa nos dentes? Quase todo mundo j\u00e1 fez isso, mas pare e pense por que fazemos isso. A pessoa geralmente n\u00e3o tem ideia de que est\u00e1 presente, mas pensamos em como nos envergonhar\u00edamos se os pap\u00e9is fossem invertidos e esperamos que algu\u00e9m interviesse por n\u00f3s. Quando uma quest\u00e3o cosm\u00e9tica t\u00e3o insignificante \u00e9 universalmente reconhecida como problem\u00e1tica, como se pode negar que os movimentos irrevers\u00edveis da DT causam estigma?<\/p>\n<p>Outras doen\u00e7as m\u00e9dicas que n\u00e3o apresentam sintomas percept\u00edveis n\u00e3o s\u00e3o descartadas com tanta facilidade. O colesterol elevado \u00e9 um achado que o m\u00e9dico s\u00f3 pode fazer quando o rastreia. Mesmo que \"n\u00e3o incomode ningu\u00e9m\", continuamos a encorajar o tratamento porque \u00e9 um fator de risco modific\u00e1vel para a doen\u00e7a cardiovascular. Da mesma forma, os prestadores de cuidados de sa\u00fade devem encarar a DT como uma fonte potencial de outros resultados negativos. As pessoas com DT podem enfrentar o estigma social e o preconceito. No entanto, a discinesia no tronco ou nas pernas pode causar quedas e, quando ocorre nos m\u00fasculos da degluti\u00e7\u00e3o, pode causar pneumonia por aspira\u00e7\u00e3o. Tal como n\u00e3o tratar conscientemente doen\u00e7as assintom\u00e1ticas, como o colesterol elevado, seria considerado neglig\u00eancia m\u00e9dica, o mesmo deveria acontecer se n\u00e3o se oferecesse tratamento para a DT, porque se trata de uma doen\u00e7a neurol\u00f3gica disfuncional e incapacitante que deve ser tratada, e quanto mais cedo melhor.<\/p>\n<p>H\u00e1 muitas coisas tr\u00e1gicas que os cl\u00ednicos n\u00e3o podem mudar facilmente na vida dos seus doentes, como ser sem-abrigo, desempregado ou os efeitos de crescer numa fam\u00edlia abusiva. No entanto, quando os movimentos da DT fazem com que as pessoas enfrentem discrimina\u00e7\u00e3o ou se afastem da fam\u00edlia ou da sociedade, h\u00e1 agora algo que podemos fazer. Com os novos inibidores da VMAT2, este \u00e9 agora um fardo desnecess\u00e1rio e uma doen\u00e7a trat\u00e1vel. Cabe-nos a n\u00f3s identificar a DT e educar as pessoas com a doen\u00e7a sobre a forma como esta as pode afetar.<\/p>\n<p>A DT \u00e9 mais do que superficial - podemos e devemos devolver \u00e0s pessoas com DT a sua funcionalidade e dignidade.<\/p>\n<\/div><\/div><\/div><\/div><\/div><div class=\"fusion-fullwidth fullwidth-box fusion-builder-row-2 fusion-flex-container hundred-percent-fullwidth non-hundred-percent-height-scrolling\" style=\"--awb-border-radius-top-left:0px;--awb-border-radius-top-right:0px;--awb-border-radius-bottom-right:0px;--awb-border-radius-bottom-left:0px;--awb-padding-top:0px;--awb-padding-right:0px;--awb-padding-bottom:0px;--awb-padding-left:0px;--awb-margin-top:0px;--awb-margin-bottom:0px;--awb-background-color:#015da7;--awb-flex-wrap:wrap;\" ><div class=\"fusion-builder-row fusion-row fusion-flex-align-items-flex-start fusion-flex-content-wrap\" style=\"width:104% !important;max-width:104% !important;margin-left: calc(-4% \/ 2 );margin-right: calc(-4% \/ 2 );\"><\/div><\/div>\n<\/p>","protected":false},"excerpt":{"rendered":"","protected":false},"author":3,"featured_media":0,"parent":0,"menu_order":0,"comment_status":"closed","ping_status":"closed","template":"100-width.php","meta":{"_acf_changed":false,"footnotes":""},"class_list":["post-4059","page","type-page","status-publish","hentry"],"acf":[],"yoast_head":"<!-- This site is optimized with the Yoast SEO plugin v27.4 - https:\/\/yoast.com\/product\/yoast-seo-wordpress\/ -->\n<title>Tardive Dyskinesia: More than Skin Deep - CURESZ Foundation<\/title>\n<meta name=\"description\" content=\"Healthcare providers should view TD as a potential source of negative outcomes. People with TD can face social stigma and prejudice.\" \/>\n<meta name=\"robots\" content=\"index, follow, max-snippet:-1, max-image-preview:large, max-video-preview:-1\" \/>\n<link rel=\"canonical\" href=\"https:\/\/curesz.org\/pt_pt\/tardive-dyskinesia-more-than-skin-deep\/\" \/>\n<meta property=\"og:locale\" content=\"pt_PT\" \/>\n<meta property=\"og:type\" content=\"article\" \/>\n<meta property=\"og:title\" content=\"Tardive Dyskinesia: More than Skin Deep - CURESZ Foundation\" \/>\n<meta property=\"og:description\" content=\"Healthcare providers should view TD as a potential source of negative outcomes. People with TD can face social stigma and prejudice.\" \/>\n<meta property=\"og:url\" content=\"https:\/\/curesz.org\/pt_pt\/tardive-dyskinesia-more-than-skin-deep\/\" \/>\n<meta property=\"og:site_name\" content=\"CURESZ Foundation\" \/>\n<meta property=\"article:publisher\" content=\"https:\/\/www.facebook.com\/Cureszorg\/\" \/>\n<meta property=\"article:modified_time\" content=\"2023-11-15T19:25:28+00:00\" \/>\n<meta name=\"twitter:card\" content=\"summary_large_image\" \/>\n<meta name=\"twitter:site\" content=\"@cureszorg\" \/>\n<meta name=\"twitter:label1\" content=\"Tempo estimado de leitura\" \/>\n\t<meta name=\"twitter:data1\" content=\"4 minutos\" \/>\n<script type=\"application\/ld+json\" class=\"yoast-schema-graph\">{\"@context\":\"https:\\\/\\\/schema.org\",\"@graph\":[{\"@type\":\"WebPage\",\"@id\":\"https:\\\/\\\/curesz.org\\\/tardive-dyskinesia-more-than-skin-deep\\\/\",\"url\":\"https:\\\/\\\/curesz.org\\\/tardive-dyskinesia-more-than-skin-deep\\\/\",\"name\":\"Tardive Dyskinesia: More than Skin Deep - CURESZ Foundation\",\"isPartOf\":{\"@id\":\"https:\\\/\\\/curesz.org\\\/#website\"},\"datePublished\":\"2021-07-20T00:27:22+00:00\",\"dateModified\":\"2023-11-15T19:25:28+00:00\",\"description\":\"Healthcare providers should view TD as a potential source of negative outcomes. People with TD can face social stigma and prejudice.\",\"breadcrumb\":{\"@id\":\"https:\\\/\\\/curesz.org\\\/tardive-dyskinesia-more-than-skin-deep\\\/#breadcrumb\"},\"inLanguage\":\"pt-PT\",\"potentialAction\":[{\"@type\":\"ReadAction\",\"target\":[\"https:\\\/\\\/curesz.org\\\/tardive-dyskinesia-more-than-skin-deep\\\/\"]}]},{\"@type\":\"BreadcrumbList\",\"@id\":\"https:\\\/\\\/curesz.org\\\/tardive-dyskinesia-more-than-skin-deep\\\/#breadcrumb\",\"itemListElement\":[{\"@type\":\"ListItem\",\"position\":1,\"name\":\"Home\",\"item\":\"https:\\\/\\\/curesz.org\\\/\"},{\"@type\":\"ListItem\",\"position\":2,\"name\":\"Tardive Dyskinesia: More than Skin Deep\"}]},{\"@type\":\"WebSite\",\"@id\":\"https:\\\/\\\/curesz.org\\\/#website\",\"url\":\"https:\\\/\\\/curesz.org\\\/\",\"name\":\"CURESZ Foundation\",\"description\":\"The CURESZ Foundation provides educational updates to patients, families, healthcare professionals and the general public about schizophrenia.\",\"publisher\":{\"@id\":\"https:\\\/\\\/curesz.org\\\/#organization\"},\"potentialAction\":[{\"@type\":\"SearchAction\",\"target\":{\"@type\":\"EntryPoint\",\"urlTemplate\":\"https:\\\/\\\/curesz.org\\\/?s={search_term_string}\"},\"query-input\":{\"@type\":\"PropertyValueSpecification\",\"valueRequired\":true,\"valueName\":\"search_term_string\"}}],\"inLanguage\":\"pt-PT\"},{\"@type\":\"Organization\",\"@id\":\"https:\\\/\\\/curesz.org\\\/#organization\",\"name\":\"Curesz Foundation\",\"url\":\"https:\\\/\\\/curesz.org\\\/\",\"logo\":{\"@type\":\"ImageObject\",\"inLanguage\":\"pt-PT\",\"@id\":\"https:\\\/\\\/curesz.org\\\/#\\\/schema\\\/logo\\\/image\\\/\",\"url\":\"https:\\\/\\\/curesz.org\\\/wp-content\\\/uploads\\\/2020\\\/02\\\/cropped-Logo-with-Foundation-Custom.png\",\"contentUrl\":\"https:\\\/\\\/curesz.org\\\/wp-content\\\/uploads\\\/2020\\\/02\\\/cropped-Logo-with-Foundation-Custom.png\",\"width\":200,\"height\":133,\"caption\":\"Curesz Foundation\"},\"image\":{\"@id\":\"https:\\\/\\\/curesz.org\\\/#\\\/schema\\\/logo\\\/image\\\/\"},\"sameAs\":[\"https:\\\/\\\/www.facebook.com\\\/Cureszorg\\\/\",\"https:\\\/\\\/x.com\\\/cureszorg\",\"https:\\\/\\\/www.instagram.com\\\/cureszfoundation\\\/\",\"https:\\\/\\\/www.youtube.com\\\/channel\\\/UCT3uVzTt8jiJ2qdhuosHPvg\"]}]}<\/script>\n<!-- \/ Yoast SEO plugin. -->","yoast_head_json":{"title":"Tardive Dyskinesia: More than Skin Deep - CURESZ Foundation","description":"Healthcare providers should view TD as a potential source of negative outcomes. People with TD can face social stigma and prejudice.","robots":{"index":"index","follow":"follow","max-snippet":"max-snippet:-1","max-image-preview":"max-image-preview:large","max-video-preview":"max-video-preview:-1"},"canonical":"https:\/\/curesz.org\/pt_pt\/tardive-dyskinesia-more-than-skin-deep\/","og_locale":"pt_PT","og_type":"article","og_title":"Tardive Dyskinesia: More than Skin Deep - CURESZ Foundation","og_description":"Healthcare providers should view TD as a potential source of negative outcomes. People with TD can face social stigma and prejudice.","og_url":"https:\/\/curesz.org\/pt_pt\/tardive-dyskinesia-more-than-skin-deep\/","og_site_name":"CURESZ Foundation","article_publisher":"https:\/\/www.facebook.com\/Cureszorg\/","article_modified_time":"2023-11-15T19:25:28+00:00","twitter_card":"summary_large_image","twitter_site":"@cureszorg","twitter_misc":{"Tempo estimado de leitura":"4 minutos"},"schema":{"@context":"https:\/\/schema.org","@graph":[{"@type":"WebPage","@id":"https:\/\/curesz.org\/tardive-dyskinesia-more-than-skin-deep\/","url":"https:\/\/curesz.org\/tardive-dyskinesia-more-than-skin-deep\/","name":"Tardive Dyskinesia: More than Skin Deep - CURESZ Foundation","isPartOf":{"@id":"https:\/\/curesz.org\/#website"},"datePublished":"2021-07-20T00:27:22+00:00","dateModified":"2023-11-15T19:25:28+00:00","description":"Healthcare providers should view TD as a potential source of negative outcomes. People with TD can face social stigma and prejudice.","breadcrumb":{"@id":"https:\/\/curesz.org\/tardive-dyskinesia-more-than-skin-deep\/#breadcrumb"},"inLanguage":"pt-PT","potentialAction":[{"@type":"ReadAction","target":["https:\/\/curesz.org\/tardive-dyskinesia-more-than-skin-deep\/"]}]},{"@type":"BreadcrumbList","@id":"https:\/\/curesz.org\/tardive-dyskinesia-more-than-skin-deep\/#breadcrumb","itemListElement":[{"@type":"ListItem","position":1,"name":"Home","item":"https:\/\/curesz.org\/"},{"@type":"ListItem","position":2,"name":"Tardive Dyskinesia: More than Skin Deep"}]},{"@type":"WebSite","@id":"https:\/\/curesz.org\/#website","url":"https:\/\/curesz.org\/","name":"Funda\u00e7\u00e3o CURESZ","description":"A Funda\u00e7\u00e3o CURESZ fornece atualiza\u00e7\u00f5es educacionais para pacientes, familiares, profissionais de sa\u00fade e p\u00fablico em geral sobre esquizofrenia.","publisher":{"@id":"https:\/\/curesz.org\/#organization"},"potentialAction":[{"@type":"SearchAction","target":{"@type":"EntryPoint","urlTemplate":"https:\/\/curesz.org\/?s={search_term_string}"},"query-input":{"@type":"PropertyValueSpecification","valueRequired":true,"valueName":"search_term_string"}}],"inLanguage":"pt-PT"},{"@type":"Organization","@id":"https:\/\/curesz.org\/#organization","name":"Curesz Foundation","url":"https:\/\/curesz.org\/","logo":{"@type":"ImageObject","inLanguage":"pt-PT","@id":"https:\/\/curesz.org\/#\/schema\/logo\/image\/","url":"https:\/\/curesz.org\/wp-content\/uploads\/2020\/02\/cropped-Logo-with-Foundation-Custom.png","contentUrl":"https:\/\/curesz.org\/wp-content\/uploads\/2020\/02\/cropped-Logo-with-Foundation-Custom.png","width":200,"height":133,"caption":"Curesz Foundation"},"image":{"@id":"https:\/\/curesz.org\/#\/schema\/logo\/image\/"},"sameAs":["https:\/\/www.facebook.com\/Cureszorg\/","https:\/\/x.com\/cureszorg","https:\/\/www.instagram.com\/cureszfoundation\/","https:\/\/www.youtube.com\/channel\/UCT3uVzTt8jiJ2qdhuosHPvg"]}]}},"_links":{"self":[{"href":"https:\/\/curesz.org\/pt_pt\/wp-json\/wp\/v2\/pages\/4059","targetHints":{"allow":["GET"]}}],"collection":[{"href":"https:\/\/curesz.org\/pt_pt\/wp-json\/wp\/v2\/pages"}],"about":[{"href":"https:\/\/curesz.org\/pt_pt\/wp-json\/wp\/v2\/types\/page"}],"author":[{"embeddable":true,"href":"https:\/\/curesz.org\/pt_pt\/wp-json\/wp\/v2\/users\/3"}],"replies":[{"embeddable":true,"href":"https:\/\/curesz.org\/pt_pt\/wp-json\/wp\/v2\/comments?post=4059"}],"version-history":[{"count":4,"href":"https:\/\/curesz.org\/pt_pt\/wp-json\/wp\/v2\/pages\/4059\/revisions"}],"predecessor-version":[{"id":5475,"href":"https:\/\/curesz.org\/pt_pt\/wp-json\/wp\/v2\/pages\/4059\/revisions\/5475"}],"wp:attachment":[{"href":"https:\/\/curesz.org\/pt_pt\/wp-json\/wp\/v2\/media?parent=4059"}],"curies":[{"name":"wp","href":"https:\/\/api.w.org\/{rel}","templated":true}]}}