{"id":4110,"date":"2021-09-17T17:58:16","date_gmt":"2021-09-17T17:58:16","guid":{"rendered":"https:\/\/curesz.org\/?page_id=4110"},"modified":"2024-01-08T12:23:14","modified_gmt":"2024-01-08T17:23:14","slug":"emeka-chima","status":"publish","type":"page","link":"https:\/\/curesz.org\/pt_pt\/survivors\/emeka-chima\/","title":{"rendered":"Emeka Chima"},"content":{"rendered":"<p><div class=\"fusion-fullwidth fullwidth-box fusion-builder-row-1 fusion-flex-container nonhundred-percent-fullwidth non-hundred-percent-height-scrolling\" style=\"--awb-border-radius-top-left:0px;--awb-border-radius-top-right:0px;--awb-border-radius-bottom-right:0px;--awb-border-radius-bottom-left:0px;--awb-flex-wrap:wrap;\" ><div class=\"fusion-builder-row fusion-row fusion-flex-align-items-flex-start fusion-flex-content-wrap\" style=\"max-width:1352px;margin-left: calc(-4% \/ 2 );margin-right: calc(-4% \/ 2 );\"><div class=\"fusion-layout-column fusion_builder_column fusion-builder-column-0 fusion_builder_column_1_4 1_4 fusion-flex-column\" style=\"--awb-bg-size:cover;--awb-width-large:25%;--awb-margin-top-large:0px;--awb-spacing-right-large:7.68%;--awb-margin-bottom-large:20px;--awb-spacing-left-large:7.68%;--awb-width-medium:100%;--awb-spacing-right-medium:1.92%;--awb-spacing-left-medium:1.92%;--awb-width-small:100%;--awb-spacing-right-small:1.92%;--awb-spacing-left-small:1.92%;\"><div class=\"fusion-column-wrapper fusion-column-has-shadow fusion-flex-justify-content-flex-start fusion-content-layout-column\"><div class=\"fusion-image-element\" style=\"--awb-caption-title-font-family:var(--h2_typography-font-family);--awb-caption-title-font-weight:var(--h2_typography-font-weight);--awb-caption-title-font-style:var(--h2_typography-font-style);--awb-caption-title-size:var(--h2_typography-font-size);--awb-caption-title-transform:var(--h2_typography-text-transform);--awb-caption-title-line-height:var(--h2_typography-line-height);--awb-caption-title-letter-spacing:var(--h2_typography-letter-spacing);\"><span class=\"fusion-imageframe imageframe-none imageframe-1 hover-type-none\"><img decoding=\"async\" width=\"300\" height=\"300\" title=\"Emeka\" src=\"https:\/\/curesz.org\/wp-content\/uploads\/2021\/09\/Emeka-cropped.jpg\" data-orig-src=\"https:\/\/curesz.org\/wp-content\/uploads\/2021\/09\/Emeka-cropped-300x300.jpg\" alt class=\"lazyload img-responsive wp-image-4111\" srcset=\"data:image\/svg+xml,%3Csvg%20xmlns%3D%27http%3A%2F%2Fwww.w3.org%2F2000%2Fsvg%27%20width%3D%27888%27%20height%3D%27888%27%20viewBox%3D%270%200%20888%20888%27%3E%3Crect%20width%3D%27888%27%20height%3D%27888%27%20fill-opacity%3D%220%22%2F%3E%3C%2Fsvg%3E\" data-srcset=\"https:\/\/curesz.org\/wp-content\/uploads\/2021\/09\/Emeka-cropped-200x200.jpg 200w, https:\/\/curesz.org\/wp-content\/uploads\/2021\/09\/Emeka-cropped-400x400.jpg 400w, https:\/\/curesz.org\/wp-content\/uploads\/2021\/09\/Emeka-cropped-600x600.jpg 600w, https:\/\/curesz.org\/wp-content\/uploads\/2021\/09\/Emeka-cropped-800x800.jpg 800w, https:\/\/curesz.org\/wp-content\/uploads\/2021\/09\/Emeka-cropped.jpg 888w\" data-sizes=\"auto\" data-orig-sizes=\"(max-width: 1024px) 100vw, (max-width: 640px) 100vw, 400px\" \/><\/span><\/div><div class=\"fusion-text fusion-text-1\"><p><strong>Emeka Chima<\/strong><\/p>\n<\/div><\/div><\/div><div class=\"fusion-layout-column fusion_builder_column fusion-builder-column-1 fusion_builder_column_3_4 3_4 fusion-flex-column\" style=\"--awb-bg-size:cover;--awb-width-large:75%;--awb-margin-top-large:0px;--awb-spacing-right-large:2.56%;--awb-margin-bottom-large:20px;--awb-spacing-left-large:2.56%;--awb-width-medium:100%;--awb-spacing-right-medium:1.92%;--awb-spacing-left-medium:1.92%;--awb-width-small:100%;--awb-spacing-right-small:1.92%;--awb-spacing-left-small:1.92%;\"><div class=\"fusion-column-wrapper fusion-column-has-shadow fusion-flex-justify-content-flex-start fusion-content-layout-column\"><div class=\"fusion-text fusion-text-2\"><p><strong>Expert in Information Systems and Peer Support Specialist: Emeka Chima<\/strong><\/p>\n<p><em>Emeka Chima earned an associate of arts degree from Montgomery College in Germantown, Maryland, in 2020, and in 2022 he received a bachelor\u2019s degree from the University of Maryland Global Campus in the field of Information Systems. At Montgomery College, he was a Dean\u2019s List recipient twice and was inducted into the Phi Theta Kappa Honor Society. He currently works as a peer support specialist for an outpatient mental healthcare clinic for first episode psychosis adolescents and young adults.<\/em><\/p>\n<p>Raised by his Nigerian father and his mother from Washington, D.C., Emeka experienced a happy childhood. As the oldest of five, he had the privilege to watch over his younger siblings. In high school, he played soccer and flag football, winning three trophies. His mother is currently a cybersecurity analyst for a Department of Defense contractor. Emeka would also like to work in such a field.<\/p>\n<p>However, about age 15, Emeka began to hear voices. Initially, while in class, the voices would command him to look away in the distance. Gradually, the voices became more powerful, telling him to isolate himself from others, even family members whom he loved.<\/p>\n<p>Uma noite, as vozes ordenaram que Emeka se cortasse com uma faca. Ele come\u00e7ou a delirar, acreditando que se apenas se machucasse, \u201ctudo ficaria bem\u201d. Ele se lembra de ter entrado em p\u00e2nico e gritado enquanto brandia uma faca no ar. Olhando para tr\u00e1s, Emeka se esfor\u00e7a para descrever seus pensamentos na \u00e9poca. Ele sentiu como se precisasse fugir.<\/p>\n<p>A tia de Emeka o ouviu gritando e acalmou a situa\u00e7\u00e3o, acalmando-o, enquanto o convencia a largar a faca. Posteriormente, Emeka se sentiu culpado por \u201cagir mal\u201d, sem saber que estava lutando contra o in\u00edcio de uma doen\u00e7a mental grave.<\/p>\n<p>A few weeks later, Emeka had a similar experience, brandishing another knife, but this time he was alone. The voices commanded him to keep the knife with him at all times for self-defense. Although the voices sounded like a family member to Emeka, he realized that his family would never want him to harm himself. In the following days, Emeka confided in his father that he was hearing voices and stated that he might need help.<\/p>\n<p>Soon after, during the night, Emeka began hallucinating again. This time, he heard a crowd of people, unexpected visitors who came without immediate warning and seemed closer in his imagination than reality. As the night went on, Emeka heard a voice consoling him and confirming that everything would be okay, as well as another voice telling him to hurt himself.<\/p>\n<p>Na manh\u00e3 seguinte, quando o pai de Emeka visitou Emeka em seu quarto, ele pensou que Emeka poderia estar tendo uma convuls\u00e3o. O av\u00f4 paterno de Emeka lutou por muitos anos contra o transtorno bipolar, e seu pai suspeitava que Emeka tamb\u00e9m sofria de problemas mentais. Juntos, eles foram para o hospital.<\/p>\n<p>Enquanto estava no hospital, Emeka foi diagnosticado com esquizofrenia paran\u00f3ide. Ele ainda tinha apenas 15 anos. Apesar da devasta\u00e7\u00e3o de saber que ele tinha um dist\u00farbio cerebral, Emeka descobriu que seus sintomas poderiam ser explicados por seu diagn\u00f3stico, o que lhe deu al\u00edvio. Ele tamb\u00e9m descobriu que havia tratamento. Depois de tr\u00eas semanas na ala psiqui\u00e1trica, ele alcan\u00e7ou a estabilidade, recebeu alta e voltou \u00e0 escola. Ele ainda era um j\u00fanior na \u00e9poca.<\/p>\n<p>The next year was difficult for Emeka. The first medications he tried left his eyes bloodshot, and he felt like he had a hangover though he never drank alcohol or abused drugs. He did not have a regular doctor and often forgot to take his medication. Over the next year, he was hospitalized four times for breakthrough symptoms, but the hospitalizations resulted in little benefit.<\/p>\n<p>During September of Emeka\u2019s senior year of high school, however, he had a new start when he was accepted into a treatment program called EPIC (Early Psychosis Intervention Clinic) through Johns Hopkins Medicine. Through EPIC, Emeka began a trial of clozapine, a medication for treatment-resistant patients. Within a week, Emeka began to see great improvement. He recalls feeling like his recovery on clozapine was a \u201cmiracle.\u201d<\/p>\n<p>On clozapine, Emeka finished high school with high honors, winning awards for every class. He did not know exactly what career he wanted to pursue, but he was confident that he would succeed.<\/p>\n<p>After high school, Emeka completed his information systems degree and has recently received honors towards his bachelor\u2019s degree at the University of Maryland Global Campus. He has also been involved with the nonprofit organization, Students with Psychosis since April 2020 and serves as President on its Executive Board.<\/p>\n<p>Emeka says: \u201cWhen it comes to young people with brain disorders, I would advise not to hesitate to receive help because there is both a physical and emotional need to be surrounded by people who understand. Working through the recovery process can feel overwhelming, but we can develop the resilience to achieve mental wellness.\u201d<\/p>\n<\/div><\/div><\/div><\/div><\/div><div class=\"fusion-fullwidth fullwidth-box fusion-builder-row-2 fusion-flex-container hundred-percent-fullwidth non-hundred-percent-height-scrolling\" style=\"--awb-border-radius-top-left:0px;--awb-border-radius-top-right:0px;--awb-border-radius-bottom-right:0px;--awb-border-radius-bottom-left:0px;--awb-padding-top:0px;--awb-padding-right:0px;--awb-padding-bottom:0px;--awb-padding-left:0px;--awb-margin-top:0px;--awb-margin-bottom:0px;--awb-background-color:#015da7;--awb-flex-wrap:wrap;\" ><div class=\"fusion-builder-row fusion-row fusion-flex-align-items-flex-start fusion-flex-content-wrap\" style=\"width:104% !important;max-width:104% !important;margin-left: calc(-4% \/ 2 );margin-right: calc(-4% \/ 2 );\"><\/div><\/div>\n<\/p>","protected":false},"excerpt":{"rendered":"","protected":false},"author":3,"featured_media":0,"parent":35,"menu_order":0,"comment_status":"closed","ping_status":"closed","template":"100-width.php","meta":{"_acf_changed":false,"footnotes":""},"class_list":["post-4110","page","type-page","status-publish","hentry"],"acf":[],"yoast_head":"<!-- This site is optimized with the Yoast SEO plugin v27.3 - https:\/\/yoast.com\/product\/yoast-seo-wordpress\/ -->\n<title>Emeka Chima - CURESZ Foundation<\/title>\n<meta name=\"description\" content=\"Emeka Chima holds an Associate of Arts degree from Montgomery College in Information Systems, and is an undergraduate student studying IT.\" \/>\n<meta name=\"robots\" content=\"index, follow, max-snippet:-1, max-image-preview:large, max-video-preview:-1\" \/>\n<link rel=\"canonical\" href=\"https:\/\/curesz.org\/pt_pt\/survivors\/emeka-chima\/\" \/>\n<meta property=\"og:locale\" content=\"pt_PT\" \/>\n<meta property=\"og:type\" content=\"article\" \/>\n<meta property=\"og:title\" content=\"Emeka Chima - CURESZ Foundation\" \/>\n<meta property=\"og:description\" content=\"Emeka Chima holds an Associate of Arts degree from Montgomery College in Information Systems, and is an undergraduate student studying IT.\" \/>\n<meta property=\"og:url\" content=\"https:\/\/curesz.org\/pt_pt\/survivors\/emeka-chima\/\" \/>\n<meta property=\"og:site_name\" content=\"CURESZ Foundation\" \/>\n<meta property=\"article:publisher\" content=\"https:\/\/www.facebook.com\/Cureszorg\/\" \/>\n<meta property=\"article:modified_time\" content=\"2024-01-08T17:23:14+00:00\" \/>\n<meta name=\"twitter:card\" content=\"summary_large_image\" \/>\n<meta name=\"twitter:site\" content=\"@cureszorg\" \/>\n<meta name=\"twitter:label1\" content=\"Tempo estimado de leitura\" \/>\n\t<meta name=\"twitter:data1\" content=\"5 minutos\" \/>\n<script type=\"application\/ld+json\" class=\"yoast-schema-graph\">{\"@context\":\"https:\\\/\\\/schema.org\",\"@graph\":[{\"@type\":\"WebPage\",\"@id\":\"https:\\\/\\\/curesz.org\\\/survivors\\\/emeka-chima\\\/\",\"url\":\"https:\\\/\\\/curesz.org\\\/survivors\\\/emeka-chima\\\/\",\"name\":\"Emeka Chima - CURESZ Foundation\",\"isPartOf\":{\"@id\":\"https:\\\/\\\/curesz.org\\\/#website\"},\"datePublished\":\"2021-09-17T17:58:16+00:00\",\"dateModified\":\"2024-01-08T17:23:14+00:00\",\"description\":\"Emeka Chima holds an Associate of Arts degree from Montgomery College in Information Systems, and is an undergraduate student studying IT.\",\"breadcrumb\":{\"@id\":\"https:\\\/\\\/curesz.org\\\/survivors\\\/emeka-chima\\\/#breadcrumb\"},\"inLanguage\":\"pt-PT\",\"potentialAction\":[{\"@type\":\"ReadAction\",\"target\":[\"https:\\\/\\\/curesz.org\\\/survivors\\\/emeka-chima\\\/\"]}]},{\"@type\":\"BreadcrumbList\",\"@id\":\"https:\\\/\\\/curesz.org\\\/survivors\\\/emeka-chima\\\/#breadcrumb\",\"itemListElement\":[{\"@type\":\"ListItem\",\"position\":1,\"name\":\"Home\",\"item\":\"https:\\\/\\\/curesz.org\\\/\"},{\"@type\":\"ListItem\",\"position\":2,\"name\":\"Survivors\",\"item\":\"https:\\\/\\\/curesz.org\\\/survivors\\\/\"},{\"@type\":\"ListItem\",\"position\":3,\"name\":\"Emeka Chima\"}]},{\"@type\":\"WebSite\",\"@id\":\"https:\\\/\\\/curesz.org\\\/#website\",\"url\":\"https:\\\/\\\/curesz.org\\\/\",\"name\":\"CURESZ Foundation\",\"description\":\"The CURESZ Foundation provides educational updates to patients, families, healthcare professionals and the general public about schizophrenia.\",\"publisher\":{\"@id\":\"https:\\\/\\\/curesz.org\\\/#organization\"},\"potentialAction\":[{\"@type\":\"SearchAction\",\"target\":{\"@type\":\"EntryPoint\",\"urlTemplate\":\"https:\\\/\\\/curesz.org\\\/?s={search_term_string}\"},\"query-input\":{\"@type\":\"PropertyValueSpecification\",\"valueRequired\":true,\"valueName\":\"search_term_string\"}}],\"inLanguage\":\"pt-PT\"},{\"@type\":\"Organization\",\"@id\":\"https:\\\/\\\/curesz.org\\\/#organization\",\"name\":\"Curesz Foundation\",\"url\":\"https:\\\/\\\/curesz.org\\\/\",\"logo\":{\"@type\":\"ImageObject\",\"inLanguage\":\"pt-PT\",\"@id\":\"https:\\\/\\\/curesz.org\\\/#\\\/schema\\\/logo\\\/image\\\/\",\"url\":\"https:\\\/\\\/curesz.org\\\/wp-content\\\/uploads\\\/2020\\\/02\\\/cropped-Logo-with-Foundation-Custom.png\",\"contentUrl\":\"https:\\\/\\\/curesz.org\\\/wp-content\\\/uploads\\\/2020\\\/02\\\/cropped-Logo-with-Foundation-Custom.png\",\"width\":200,\"height\":133,\"caption\":\"Curesz Foundation\"},\"image\":{\"@id\":\"https:\\\/\\\/curesz.org\\\/#\\\/schema\\\/logo\\\/image\\\/\"},\"sameAs\":[\"https:\\\/\\\/www.facebook.com\\\/Cureszorg\\\/\",\"https:\\\/\\\/x.com\\\/cureszorg\",\"https:\\\/\\\/www.instagram.com\\\/cureszfoundation\\\/\",\"https:\\\/\\\/www.youtube.com\\\/channel\\\/UCT3uVzTt8jiJ2qdhuosHPvg\"]}]}<\/script>\n<!-- \/ Yoast SEO plugin. -->","yoast_head_json":{"title":"Emeka Chima - CURESZ Foundation","description":"Emeka Chima holds an Associate of Arts degree from Montgomery College in Information Systems, and is an undergraduate student studying IT.","robots":{"index":"index","follow":"follow","max-snippet":"max-snippet:-1","max-image-preview":"max-image-preview:large","max-video-preview":"max-video-preview:-1"},"canonical":"https:\/\/curesz.org\/pt_pt\/survivors\/emeka-chima\/","og_locale":"pt_PT","og_type":"article","og_title":"Emeka Chima - CURESZ Foundation","og_description":"Emeka Chima holds an Associate of Arts degree from Montgomery College in Information Systems, and is an undergraduate student studying IT.","og_url":"https:\/\/curesz.org\/pt_pt\/survivors\/emeka-chima\/","og_site_name":"CURESZ Foundation","article_publisher":"https:\/\/www.facebook.com\/Cureszorg\/","article_modified_time":"2024-01-08T17:23:14+00:00","twitter_card":"summary_large_image","twitter_site":"@cureszorg","twitter_misc":{"Tempo estimado de leitura":"5 minutos"},"schema":{"@context":"https:\/\/schema.org","@graph":[{"@type":"WebPage","@id":"https:\/\/curesz.org\/survivors\/emeka-chima\/","url":"https:\/\/curesz.org\/survivors\/emeka-chima\/","name":"Emeka Chima - CURESZ Foundation","isPartOf":{"@id":"https:\/\/curesz.org\/#website"},"datePublished":"2021-09-17T17:58:16+00:00","dateModified":"2024-01-08T17:23:14+00:00","description":"Emeka Chima holds an Associate of Arts degree from Montgomery College in Information Systems, and is an undergraduate student studying IT.","breadcrumb":{"@id":"https:\/\/curesz.org\/survivors\/emeka-chima\/#breadcrumb"},"inLanguage":"pt-PT","potentialAction":[{"@type":"ReadAction","target":["https:\/\/curesz.org\/survivors\/emeka-chima\/"]}]},{"@type":"BreadcrumbList","@id":"https:\/\/curesz.org\/survivors\/emeka-chima\/#breadcrumb","itemListElement":[{"@type":"ListItem","position":1,"name":"Home","item":"https:\/\/curesz.org\/"},{"@type":"ListItem","position":2,"name":"Survivors","item":"https:\/\/curesz.org\/survivors\/"},{"@type":"ListItem","position":3,"name":"Emeka Chima"}]},{"@type":"WebSite","@id":"https:\/\/curesz.org\/#website","url":"https:\/\/curesz.org\/","name":"Funda\u00e7\u00e3o CURESZ","description":"A Funda\u00e7\u00e3o CURESZ fornece atualiza\u00e7\u00f5es educacionais para pacientes, familiares, profissionais de sa\u00fade e p\u00fablico em geral sobre esquizofrenia.","publisher":{"@id":"https:\/\/curesz.org\/#organization"},"potentialAction":[{"@type":"SearchAction","target":{"@type":"EntryPoint","urlTemplate":"https:\/\/curesz.org\/?s={search_term_string}"},"query-input":{"@type":"PropertyValueSpecification","valueRequired":true,"valueName":"search_term_string"}}],"inLanguage":"pt-PT"},{"@type":"Organization","@id":"https:\/\/curesz.org\/#organization","name":"Curesz Foundation","url":"https:\/\/curesz.org\/","logo":{"@type":"ImageObject","inLanguage":"pt-PT","@id":"https:\/\/curesz.org\/#\/schema\/logo\/image\/","url":"https:\/\/curesz.org\/wp-content\/uploads\/2020\/02\/cropped-Logo-with-Foundation-Custom.png","contentUrl":"https:\/\/curesz.org\/wp-content\/uploads\/2020\/02\/cropped-Logo-with-Foundation-Custom.png","width":200,"height":133,"caption":"Curesz Foundation"},"image":{"@id":"https:\/\/curesz.org\/#\/schema\/logo\/image\/"},"sameAs":["https:\/\/www.facebook.com\/Cureszorg\/","https:\/\/x.com\/cureszorg","https:\/\/www.instagram.com\/cureszfoundation\/","https:\/\/www.youtube.com\/channel\/UCT3uVzTt8jiJ2qdhuosHPvg"]}]}},"_links":{"self":[{"href":"https:\/\/curesz.org\/pt_pt\/wp-json\/wp\/v2\/pages\/4110","targetHints":{"allow":["GET"]}}],"collection":[{"href":"https:\/\/curesz.org\/pt_pt\/wp-json\/wp\/v2\/pages"}],"about":[{"href":"https:\/\/curesz.org\/pt_pt\/wp-json\/wp\/v2\/types\/page"}],"author":[{"embeddable":true,"href":"https:\/\/curesz.org\/pt_pt\/wp-json\/wp\/v2\/users\/3"}],"replies":[{"embeddable":true,"href":"https:\/\/curesz.org\/pt_pt\/wp-json\/wp\/v2\/comments?post=4110"}],"version-history":[{"count":8,"href":"https:\/\/curesz.org\/pt_pt\/wp-json\/wp\/v2\/pages\/4110\/revisions"}],"predecessor-version":[{"id":5629,"href":"https:\/\/curesz.org\/pt_pt\/wp-json\/wp\/v2\/pages\/4110\/revisions\/5629"}],"up":[{"embeddable":true,"href":"https:\/\/curesz.org\/pt_pt\/wp-json\/wp\/v2\/pages\/35"}],"wp:attachment":[{"href":"https:\/\/curesz.org\/pt_pt\/wp-json\/wp\/v2\/media?parent=4110"}],"curies":[{"name":"wp","href":"https:\/\/api.w.org\/{rel}","templated":true}]}}