{"id":4123,"date":"2021-09-21T15:51:47","date_gmt":"2021-09-21T15:51:47","guid":{"rendered":"https:\/\/curesz.org\/?page_id=4123"},"modified":"2023-01-27T00:23:46","modified_gmt":"2023-01-27T00:23:46","slug":"the-intricate-journey-of-bringing-new-medicines-to-patients","status":"publish","type":"page","link":"https:\/\/curesz.org\/pt_pt\/the-intricate-journey-of-bringing-new-medicines-to-patients\/","title":{"rendered":"A intrincada jornada de trazer novos medicamentos para os pacientes"},"content":{"rendered":"<p><div class=\"fusion-fullwidth fullwidth-box fusion-builder-row-1 fusion-flex-container nonhundred-percent-fullwidth non-hundred-percent-height-scrolling\" style=\"--awb-border-radius-top-left:0px;--awb-border-radius-top-right:0px;--awb-border-radius-bottom-right:0px;--awb-border-radius-bottom-left:0px;--awb-flex-wrap:wrap;\" ><div class=\"fusion-builder-row fusion-row fusion-flex-align-items-flex-start fusion-flex-content-wrap\" style=\"max-width:1352px;margin-left: calc(-4% \/ 2 );margin-right: calc(-4% \/ 2 );\"><div class=\"fusion-layout-column fusion_builder_column fusion-builder-column-0 fusion_builder_column_1_4 1_4 fusion-flex-column\" style=\"--awb-bg-size:cover;--awb-width-large:25%;--awb-margin-top-large:0px;--awb-spacing-right-large:7.68%;--awb-margin-bottom-large:20px;--awb-spacing-left-large:7.68%;--awb-width-medium:100%;--awb-spacing-right-medium:1.92%;--awb-spacing-left-medium:1.92%;--awb-width-small:100%;--awb-spacing-right-small:1.92%;--awb-spacing-left-small:1.92%;\"><div class=\"fusion-column-wrapper fusion-column-has-shadow fusion-flex-justify-content-flex-start fusion-content-layout-column\"><div class=\"fusion-image-element\" style=\"--awb-caption-title-font-family:var(--h2_typography-font-family);--awb-caption-title-font-weight:var(--h2_typography-font-weight);--awb-caption-title-font-style:var(--h2_typography-font-style);--awb-caption-title-size:var(--h2_typography-font-size);--awb-caption-title-transform:var(--h2_typography-text-transform);--awb-caption-title-line-height:var(--h2_typography-line-height);--awb-caption-title-letter-spacing:var(--h2_typography-letter-spacing);\"><span class=\"fusion-imageframe imageframe-none imageframe-1 hover-type-none\"><img decoding=\"async\" width=\"2560\" height=\"2560\" title=\"Brannan \u2013 cortado\" src=\"https:\/\/curesz.org\/wp-content\/uploads\/2023\/01\/Brannan-cropped-scaled.jpg\" data-orig-src=\"https:\/\/curesz.org\/wp-content\/uploads\/2023\/01\/Brannan-cropped-scaled.jpg\" alt class=\"lazyload img-responsive wp-image-4987\" srcset=\"data:image\/svg+xml,%3Csvg%20xmlns%3D%27http%3A%2F%2Fwww.w3.org%2F2000%2Fsvg%27%20width%3D%272560%27%20height%3D%272560%27%20viewBox%3D%270%200%202560%202560%27%3E%3Crect%20width%3D%272560%27%20height%3D%272560%27%20fill-opacity%3D%220%22%2F%3E%3C%2Fsvg%3E\" data-srcset=\"https:\/\/curesz.org\/wp-content\/uploads\/2023\/01\/Brannan-cropped-200x200.jpg 200w, https:\/\/curesz.org\/wp-content\/uploads\/2023\/01\/Brannan-cropped-400x400.jpg 400w, https:\/\/curesz.org\/wp-content\/uploads\/2023\/01\/Brannan-cropped-600x600.jpg 600w, https:\/\/curesz.org\/wp-content\/uploads\/2023\/01\/Brannan-cropped-800x800.jpg 800w, https:\/\/curesz.org\/wp-content\/uploads\/2023\/01\/Brannan-cropped-1200x1200.jpg 1200w, https:\/\/curesz.org\/wp-content\/uploads\/2023\/01\/Brannan-cropped-scaled.jpg 2560w\" data-sizes=\"auto\" data-orig-sizes=\"(max-width: 1024px) 100vw, (max-width: 640px) 100vw, 400px\" \/><\/span><\/div><div class=\"fusion-text fusion-text-1\"><p><strong>Dr. Stephen Brannan, diretor m\u00e9dico da Karuna Therapeutics<\/strong><\/p>\n<\/div><\/div><\/div><div class=\"fusion-layout-column fusion_builder_column fusion-builder-column-1 fusion_builder_column_3_4 3_4 fusion-flex-column\" style=\"--awb-bg-size:cover;--awb-width-large:75%;--awb-margin-top-large:0px;--awb-spacing-right-large:2.56%;--awb-margin-bottom-large:20px;--awb-spacing-left-large:2.56%;--awb-width-medium:100%;--awb-spacing-right-medium:1.92%;--awb-spacing-left-medium:1.92%;--awb-width-small:100%;--awb-spacing-right-small:1.92%;--awb-spacing-left-small:1.92%;\"><div class=\"fusion-column-wrapper fusion-column-has-shadow fusion-flex-justify-content-flex-start fusion-content-layout-column\"><div class=\"fusion-text fusion-text-2\"><p><strong>Um olhar dentro da intrincada jornada de trazer novos medicamentos psiqui\u00e1tricos para pacientes nos EUA<\/strong><em>\u00a0<\/em><\/p>\n<p>O c\u00e9rebro \u00e9 um dos \u00f3rg\u00e3os mais complexos do corpo humano \u2013 mas como exatamente ele funciona ainda \u00e9 amplamente desconhecido. Eu sabia desde o in\u00edcio que queria entender melhor como o c\u00e9rebro funciona e seu papel em como pensamos, sentimos e nos comportamos. Quando me tornei psiquiatra, percebi o impacto que um medicamento eficaz e um plano de tratamento podem ter na melhoria significativa da qualidade de vida do paciente.<\/p>\n<p>Desde que entrei na ind\u00fastria farmac\u00eautica, desempenhei um papel ativo na pesquisa e desenvolvimento de novos medicamentos para v\u00e1rias condi\u00e7\u00f5es, incluindo esquizofrenia. Mas o que exatamente \u00e9 necess\u00e1rio para desenvolver um novo medicamento para aqueles que vivem com problemas de sa\u00fade mental?<\/p>\n<p>O processo de desenvolvimento de novos medicamentos exige muito tempo, recursos e, o mais importante, um compromisso inabal\u00e1vel com os necessitados. Um novo medicamento leva em m\u00e9dia 10 anos para ser descoberto, desenvolvido e finalmente chegar \u00e0s m\u00e3os dos pacientes.<sup>1<\/sup>\u00a0Este processo de desenvolvimento \u00e9 supervisionado pela Food and Drug Administration (FDA) dos EUA para garantir que os medicamentos sejam eficazes e seguros.<\/p>\n<p>Na psiquiatria, \u00e9 particularmente dif\u00edcil encontrar um tratamento eficaz para a constela\u00e7\u00e3o de sintomas que acompanham a maioria das condi\u00e7\u00f5es. Um dos motivos pelos quais \u00e9 desafiador \u00e9 a falta de biomarcadores conhecidos, que s\u00e3o indicadores mensur\u00e1veis da presen\u00e7a ou gravidade de uma doen\u00e7a ou condi\u00e7\u00e3o. Biomarcadores, como frequ\u00eancia card\u00edaca e press\u00e3o arterial, podem ajudar a identificar se os sistemas do corpo est\u00e3o funcionando adequadamente e, portanto, podem ser incrivelmente \u00fateis no diagn\u00f3stico e tratamento de doen\u00e7as. Embora n\u00e3o tenhamos biomarcadores bem estabelecidos em psiquiatria, desenvolvemos outras ferramentas para nos ajudar a entender a presen\u00e7a e a gravidade das condi\u00e7\u00f5es. Por exemplo, os m\u00e9dicos usam a Escala de S\u00edndrome Positiva e Negativa (PANSS), uma escala m\u00e9dica que consiste em uma s\u00e9rie de perguntas padronizadas, para entender a gravidade dos sintomas que uma pessoa com esquizofrenia pode apresentar.<sup>2 <\/sup> Essa escala tamb\u00e9m \u00e9 usada como refer\u00eancia para rastrear se os medicamentos s\u00e3o \u00fateis para diminuir a presen\u00e7a dos sintomas. A depend\u00eancia de ferramentas de diagn\u00f3stico como esta \u00e9 apenas uma das maneiras pelas quais a psiquiatria \u00e9 muito distinta de outras \u00e1reas da medicina.<\/p>\n<p>O desenvolvimento de medicamentos psiqui\u00e1tricos nos EUA envolve testes completos para garantir que os medicamentos sejam seguros e eficazes antes de serem disponibilizados aos pacientes e normalmente segue um processo de cinco etapas.<sup>3<\/sup><\/p>\n<p style=\"margin-left: 10%;\"><strong>1. Descoberta de medicamentos:<\/strong> A descoberta de medicamentos \u00e9 o processo pelo qual novos tratamentos potenciais s\u00e3o identificados. Aqui, milhares de compostos s\u00e3o avaliados para posterior desenvolvimento \u2013 no entanto, apenas alguns ser\u00e3o promissores.<\/p>\n<p style=\"margin-left: 10%;\"><strong>2. Pesquisa pr\u00e9-cl\u00ednica:<\/strong> Uma vez que um composto \u00e9 identificado, ele entrar\u00e1 na &#039;pesquisa pr\u00e9-cl\u00ednica&#039;, onde ser\u00e1 submetido a mais testes em animais. Isso \u00e9 para confirmar que ele atende aos requisitos b\u00e1sicos de seguran\u00e7a antes de ser estudado em humanos. Estima-se que pouco menos de 10% dos compostos estudados na pesquisa pr\u00e9-cl\u00ednica avan\u00e7ar\u00e3o para os estudos cl\u00ednicos.<sup>4<\/sup><\/p>\n<p style=\"margin-left: 10%;\">A pesquisa pr\u00e9-cl\u00ednica \u00e9 particularmente desafiadora em psiquiatria, pois os testes em animais nem sempre fornecem indicadores confi\u00e1veis de efic\u00e1cia em humanos.<strong>\u00a0<\/strong><\/p>\n<p style=\"margin-left: 10%;\"><strong>3. Pesquisa cl\u00ednica:<\/strong> A pesquisa cl\u00ednica envolve estudos em volunt\u00e1rios humanos. Existem v\u00e1rias fases da pesquisa cl\u00ednica que variam em tamanho e prop\u00f3sito para garantir que um medicamento seja seguro e eficaz.<\/p>\n<p style=\"margin-left: 10%;\">Os estudos da Fase 1 s\u00e3o a primeira fase da pesquisa. Esses estudos buscam informa\u00e7\u00f5es sobre a seguran\u00e7a e a dose apropriada do medicamento em potencial e geralmente s\u00e3o conduzidos em 20 a 100 pessoas para garantir que o medicamento seja seguro antes de estudar uma popula\u00e7\u00e3o maior.<\/p>\n<p style=\"margin-left: 10%;\">Os estudos de fase 2 geralmente incluem v\u00e1rias centenas de pessoas que t\u00eam a doen\u00e7a ou condi\u00e7\u00e3o que est\u00e1 sendo pesquisada. Esses estudos se concentram em determinar a utilidade do medicamento no tratamento da doen\u00e7a ou condi\u00e7\u00e3o e quais efeitos colaterais as pessoas podem experimentar ao tomar o medicamento.<\/p>\n<p style=\"margin-left: 10%;\">Os estudos de fase 3 podem incluir at\u00e9 3.000 pessoas que vivem com a doen\u00e7a ou condi\u00e7\u00e3o que est\u00e1 sendo pesquisada. Esses estudos confirmam a utilidade do tratamento e os efeitos colaterais que ele pode produzir, mas s\u00e3o maiores, pois visam fornecer uma avalia\u00e7\u00e3o definitiva dos benef\u00edcios do medicamento para os pacientes.<\/p>\n<p style=\"margin-left: 10%;\">Conforme mencionado anteriormente, a efic\u00e1cia dos tratamentos para a sa\u00fade mental \u00e9 medida por question\u00e1rios aplicados ao longo do estudo. Isso ajuda a determinar se as pessoas se sentem melhor enquanto tomam o medicamento ao longo do tempo.<\/p>\n<p style=\"margin-left: 10%;\"><strong>4. Revis\u00e3o da FDA:<\/strong> Uma vez conclu\u00edda a pesquisa necess\u00e1ria e se ela confirmar que um medicamento \u00e9 seguro e eficaz para o uso pretendido, as empresas podem enviar um pedido ao FDA para revis\u00e3o. O FDA ent\u00e3o decide se aprova ou n\u00e3o o medicamento.<\/p>\n<p style=\"margin-left: 10%;\"><strong>5. Monitoramento de seguran\u00e7a p\u00f3s-comercializa\u00e7\u00e3o da FDA:<\/strong> Uma vez que o medicamento seja aprovado pelo FDA e acess\u00edvel aos pacientes, o FDA e a empresa que comercializa o medicamento continuar\u00e3o monitorando a seguran\u00e7a do medicamento para garantir que seja apropriado para uso cont\u00ednuo.<\/p>\n<p>Como ressalta o processo, \u00e9 necess\u00e1ria uma dedica\u00e7\u00e3o persistente para desenvolver com sucesso novos medicamentos. Embora o caminho para o desenvolvimento de tratamentos para condi\u00e7\u00f5es psiqui\u00e1tricas tenha sido historicamente desafiador, meus colegas e eu na Karuna n\u00e3o nos intimidamos. Minha carreira como m\u00e9dico e desenvolvedor de medicamentos continua a refor\u00e7ar minha dedica\u00e7\u00e3o \u00e0 pesquisa cl\u00ednica em psiquiatria, pois \u00e9 fundamental para o avan\u00e7o de tratamentos novos e mais eficazes para os necessitados.<\/p>\n<p>1. PhRMA. <em>Pesquisa e desenvolvimento biofarmac\u00eautico: o processo por tr\u00e1s de novos medicamentos<\/em>. PhRMA, 2015.<br \/>\n<a href=\"http:\/\/phrma-docs.phrma.org\/sites\/default\/files\/pdf\/rd_brochure_022307.pdf\">http:\/\/phrma-docs.phrma.org\/sites\/default\/files\/pdf\/rd_brochure_022307.pdf<\/a>.<\/p>\n<p>2. Opler, Mark GA, Christian Yavorsky e David G. Daniel. \u201cTreinamento de Escala de S\u00edndrome Positiva e Negativa (PANSS).\u201d <em>Inova\u00e7\u00f5es em Neuroci\u00eancia Cl\u00ednica<\/em>\u00a014 (1\u00ba de dezembro de 2017): 77\u201381.<\/p>\n<p>3. \u201cO Processo de Desenvolvimento de Medicamentos\u201d. Administra\u00e7\u00e3o de Alimentos e Medicamentos dos EUA. FDA, 4 de janeiro de 2018.<br \/>\n<a href=\"https:\/\/www.fda.gov\/patients\/learn-about-drug-and-device-approvals\/drug-development-process\">https:\/\/www.fda.gov\/patients\/learn-about-drug-and-device-approvals\/drug-development-process<\/a>.<\/p>\n<p>4. Lowe, Derek. \u201cAs mais recentes taxas de falha e aprova\u00e7\u00e3o de medicamentos.\u201d Science Translational Medicine, 9 de maio de 2019.<br \/>\n<a href=\"https:\/\/nam12.safelinks.protection.outlook.com\/?url=https%3A%2F%2Fblogs.sciencemag.org%2Fpipeline%2Farchives%2F2019%2F05%2F09%2Fthe-latest-on-drug-failure-and-approval-rates&amp;data=04%7C01%7Casmith%40karunatx.com%7C90676cf75a3d4678532108d97a0d584e%7Cb20e8ad184d241829e5cb44f41d24915%7C0%7C0%7C637675020154673551%7CUnknown%7CTWFpbGZsb3d8eyJWIjoiMC4wLjAwMDAiLCJQIjoiV2luMzIiLCJBTiI6Ik1haWwiLCJXVCI6Mn0%3D%7C1000&amp;sdata=UV68v%2BdeXnioMRp2KyMudMvisXrIFpdJ%2FvCDWSvvpvk%3D&amp;reserved=0\" target=\"_blank\" rel=\"noopener noreferrer\" data-auth=\"NotApplicable\" data-linkindex=\"0\">https:\/\/blogs.sciencemag.org\/pipeline\/archives\/2019\/05\/09\/the-latest-on-drug-failure-and-approval-rates<\/a>.<\/p>\n<p><a href=\"#_ednref4\" name=\"_edn4\"><\/a><\/p>\n<\/div><\/div><\/div><\/div><\/div><div class=\"fusion-fullwidth fullwidth-box fusion-builder-row-2 fusion-flex-container hundred-percent-fullwidth non-hundred-percent-height-scrolling\" style=\"--awb-border-radius-top-left:0px;--awb-border-radius-top-right:0px;--awb-border-radius-bottom-right:0px;--awb-border-radius-bottom-left:0px;--awb-padding-top:0px;--awb-padding-right:0px;--awb-padding-bottom:0px;--awb-padding-left:0px;--awb-margin-top:0px;--awb-margin-bottom:0px;--awb-background-color:#015da7;--awb-flex-wrap:wrap;\" ><div class=\"fusion-builder-row fusion-row fusion-flex-align-items-flex-start fusion-flex-content-wrap\" style=\"width:104% !important;max-width:104% !important;margin-left: calc(-4% \/ 2 );margin-right: calc(-4% \/ 2 );\"><\/div><\/div>\n<\/p>","protected":false},"excerpt":{"rendered":"","protected":false},"author":3,"featured_media":0,"parent":0,"menu_order":0,"comment_status":"closed","ping_status":"closed","template":"100-width.php","meta":{"_acf_changed":false,"footnotes":""},"class_list":["post-4123","page","type-page","status-publish","hentry"],"acf":[],"yoast_head":"<!-- This site is optimized with the Yoast SEO plugin v27.4 - https:\/\/yoast.com\/product\/yoast-seo-wordpress\/ -->\n<title>The Intricate Journey of Bringing New Medicines to Patients - CURESZ Foundation<\/title>\n<meta name=\"description\" content=\"Since entering the pharmaceutical industry, I\u2019ve played an active role in the research and development of new medicines.\" \/>\n<meta name=\"robots\" content=\"index, follow, max-snippet:-1, max-image-preview:large, max-video-preview:-1\" \/>\n<link rel=\"canonical\" href=\"https:\/\/curesz.org\/pt_pt\/the-intricate-journey-of-bringing-new-medicines-to-patients\/\" \/>\n<meta property=\"og:locale\" content=\"pt_PT\" \/>\n<meta property=\"og:type\" content=\"article\" \/>\n<meta property=\"og:title\" content=\"The Intricate Journey of Bringing New Medicines to Patients - CURESZ Foundation\" \/>\n<meta property=\"og:description\" content=\"Since entering the pharmaceutical industry, I\u2019ve played an active role in the research and development of new medicines.\" \/>\n<meta property=\"og:url\" content=\"https:\/\/curesz.org\/pt_pt\/the-intricate-journey-of-bringing-new-medicines-to-patients\/\" \/>\n<meta property=\"og:site_name\" content=\"CURESZ Foundation\" \/>\n<meta property=\"article:publisher\" content=\"https:\/\/www.facebook.com\/Cureszorg\/\" \/>\n<meta property=\"article:modified_time\" content=\"2023-01-27T00:23:46+00:00\" \/>\n<meta name=\"twitter:card\" content=\"summary_large_image\" \/>\n<meta name=\"twitter:site\" content=\"@cureszorg\" \/>\n<meta name=\"twitter:label1\" content=\"Tempo estimado de leitura\" \/>\n\t<meta name=\"twitter:data1\" content=\"6 minutos\" \/>\n<script type=\"application\/ld+json\" class=\"yoast-schema-graph\">{\"@context\":\"https:\\\/\\\/schema.org\",\"@graph\":[{\"@type\":\"WebPage\",\"@id\":\"https:\\\/\\\/curesz.org\\\/the-intricate-journey-of-bringing-new-medicines-to-patients\\\/\",\"url\":\"https:\\\/\\\/curesz.org\\\/the-intricate-journey-of-bringing-new-medicines-to-patients\\\/\",\"name\":\"The Intricate Journey of Bringing New Medicines to Patients - CURESZ Foundation\",\"isPartOf\":{\"@id\":\"https:\\\/\\\/curesz.org\\\/#website\"},\"datePublished\":\"2021-09-21T15:51:47+00:00\",\"dateModified\":\"2023-01-27T00:23:46+00:00\",\"description\":\"Since entering the pharmaceutical industry, I\u2019ve played an active role in the research and development of new medicines.\",\"breadcrumb\":{\"@id\":\"https:\\\/\\\/curesz.org\\\/the-intricate-journey-of-bringing-new-medicines-to-patients\\\/#breadcrumb\"},\"inLanguage\":\"pt-PT\",\"potentialAction\":[{\"@type\":\"ReadAction\",\"target\":[\"https:\\\/\\\/curesz.org\\\/the-intricate-journey-of-bringing-new-medicines-to-patients\\\/\"]}]},{\"@type\":\"BreadcrumbList\",\"@id\":\"https:\\\/\\\/curesz.org\\\/the-intricate-journey-of-bringing-new-medicines-to-patients\\\/#breadcrumb\",\"itemListElement\":[{\"@type\":\"ListItem\",\"position\":1,\"name\":\"Home\",\"item\":\"https:\\\/\\\/curesz.org\\\/\"},{\"@type\":\"ListItem\",\"position\":2,\"name\":\"The Intricate Journey of Bringing New Medicines to Patients\"}]},{\"@type\":\"WebSite\",\"@id\":\"https:\\\/\\\/curesz.org\\\/#website\",\"url\":\"https:\\\/\\\/curesz.org\\\/\",\"name\":\"CURESZ Foundation\",\"description\":\"The CURESZ Foundation provides educational updates to patients, families, healthcare professionals and the general public about schizophrenia.\",\"publisher\":{\"@id\":\"https:\\\/\\\/curesz.org\\\/#organization\"},\"potentialAction\":[{\"@type\":\"SearchAction\",\"target\":{\"@type\":\"EntryPoint\",\"urlTemplate\":\"https:\\\/\\\/curesz.org\\\/?s={search_term_string}\"},\"query-input\":{\"@type\":\"PropertyValueSpecification\",\"valueRequired\":true,\"valueName\":\"search_term_string\"}}],\"inLanguage\":\"pt-PT\"},{\"@type\":\"Organization\",\"@id\":\"https:\\\/\\\/curesz.org\\\/#organization\",\"name\":\"Curesz Foundation\",\"url\":\"https:\\\/\\\/curesz.org\\\/\",\"logo\":{\"@type\":\"ImageObject\",\"inLanguage\":\"pt-PT\",\"@id\":\"https:\\\/\\\/curesz.org\\\/#\\\/schema\\\/logo\\\/image\\\/\",\"url\":\"https:\\\/\\\/curesz.org\\\/wp-content\\\/uploads\\\/2020\\\/02\\\/cropped-Logo-with-Foundation-Custom.png\",\"contentUrl\":\"https:\\\/\\\/curesz.org\\\/wp-content\\\/uploads\\\/2020\\\/02\\\/cropped-Logo-with-Foundation-Custom.png\",\"width\":200,\"height\":133,\"caption\":\"Curesz Foundation\"},\"image\":{\"@id\":\"https:\\\/\\\/curesz.org\\\/#\\\/schema\\\/logo\\\/image\\\/\"},\"sameAs\":[\"https:\\\/\\\/www.facebook.com\\\/Cureszorg\\\/\",\"https:\\\/\\\/x.com\\\/cureszorg\",\"https:\\\/\\\/www.instagram.com\\\/cureszfoundation\\\/\",\"https:\\\/\\\/www.youtube.com\\\/channel\\\/UCT3uVzTt8jiJ2qdhuosHPvg\"]}]}<\/script>\n<!-- \/ Yoast SEO plugin. -->","yoast_head_json":{"title":"The Intricate Journey of Bringing New Medicines to Patients - CURESZ Foundation","description":"Since entering the pharmaceutical industry, I\u2019ve played an active role in the research and development of new medicines.","robots":{"index":"index","follow":"follow","max-snippet":"max-snippet:-1","max-image-preview":"max-image-preview:large","max-video-preview":"max-video-preview:-1"},"canonical":"https:\/\/curesz.org\/pt_pt\/the-intricate-journey-of-bringing-new-medicines-to-patients\/","og_locale":"pt_PT","og_type":"article","og_title":"The Intricate Journey of Bringing New Medicines to Patients - CURESZ Foundation","og_description":"Since entering the pharmaceutical industry, I\u2019ve played an active role in the research and development of new medicines.","og_url":"https:\/\/curesz.org\/pt_pt\/the-intricate-journey-of-bringing-new-medicines-to-patients\/","og_site_name":"CURESZ Foundation","article_publisher":"https:\/\/www.facebook.com\/Cureszorg\/","article_modified_time":"2023-01-27T00:23:46+00:00","twitter_card":"summary_large_image","twitter_site":"@cureszorg","twitter_misc":{"Tempo estimado de leitura":"6 minutos"},"schema":{"@context":"https:\/\/schema.org","@graph":[{"@type":"WebPage","@id":"https:\/\/curesz.org\/the-intricate-journey-of-bringing-new-medicines-to-patients\/","url":"https:\/\/curesz.org\/the-intricate-journey-of-bringing-new-medicines-to-patients\/","name":"The Intricate Journey of Bringing New Medicines to Patients - CURESZ Foundation","isPartOf":{"@id":"https:\/\/curesz.org\/#website"},"datePublished":"2021-09-21T15:51:47+00:00","dateModified":"2023-01-27T00:23:46+00:00","description":"Since entering the pharmaceutical industry, I\u2019ve played an active role in the research and development of new medicines.","breadcrumb":{"@id":"https:\/\/curesz.org\/the-intricate-journey-of-bringing-new-medicines-to-patients\/#breadcrumb"},"inLanguage":"pt-PT","potentialAction":[{"@type":"ReadAction","target":["https:\/\/curesz.org\/the-intricate-journey-of-bringing-new-medicines-to-patients\/"]}]},{"@type":"BreadcrumbList","@id":"https:\/\/curesz.org\/the-intricate-journey-of-bringing-new-medicines-to-patients\/#breadcrumb","itemListElement":[{"@type":"ListItem","position":1,"name":"Home","item":"https:\/\/curesz.org\/"},{"@type":"ListItem","position":2,"name":"The Intricate Journey of Bringing New Medicines to Patients"}]},{"@type":"WebSite","@id":"https:\/\/curesz.org\/#website","url":"https:\/\/curesz.org\/","name":"Funda\u00e7\u00e3o CURESZ","description":"A Funda\u00e7\u00e3o CURESZ fornece atualiza\u00e7\u00f5es educacionais para pacientes, familiares, profissionais de sa\u00fade e p\u00fablico em geral sobre esquizofrenia.","publisher":{"@id":"https:\/\/curesz.org\/#organization"},"potentialAction":[{"@type":"SearchAction","target":{"@type":"EntryPoint","urlTemplate":"https:\/\/curesz.org\/?s={search_term_string}"},"query-input":{"@type":"PropertyValueSpecification","valueRequired":true,"valueName":"search_term_string"}}],"inLanguage":"pt-PT"},{"@type":"Organization","@id":"https:\/\/curesz.org\/#organization","name":"Curesz Foundation","url":"https:\/\/curesz.org\/","logo":{"@type":"ImageObject","inLanguage":"pt-PT","@id":"https:\/\/curesz.org\/#\/schema\/logo\/image\/","url":"https:\/\/curesz.org\/wp-content\/uploads\/2020\/02\/cropped-Logo-with-Foundation-Custom.png","contentUrl":"https:\/\/curesz.org\/wp-content\/uploads\/2020\/02\/cropped-Logo-with-Foundation-Custom.png","width":200,"height":133,"caption":"Curesz Foundation"},"image":{"@id":"https:\/\/curesz.org\/#\/schema\/logo\/image\/"},"sameAs":["https:\/\/www.facebook.com\/Cureszorg\/","https:\/\/x.com\/cureszorg","https:\/\/www.instagram.com\/cureszfoundation\/","https:\/\/www.youtube.com\/channel\/UCT3uVzTt8jiJ2qdhuosHPvg"]}]}},"_links":{"self":[{"href":"https:\/\/curesz.org\/pt_pt\/wp-json\/wp\/v2\/pages\/4123","targetHints":{"allow":["GET"]}}],"collection":[{"href":"https:\/\/curesz.org\/pt_pt\/wp-json\/wp\/v2\/pages"}],"about":[{"href":"https:\/\/curesz.org\/pt_pt\/wp-json\/wp\/v2\/types\/page"}],"author":[{"embeddable":true,"href":"https:\/\/curesz.org\/pt_pt\/wp-json\/wp\/v2\/users\/3"}],"replies":[{"embeddable":true,"href":"https:\/\/curesz.org\/pt_pt\/wp-json\/wp\/v2\/comments?post=4123"}],"version-history":[{"count":10,"href":"https:\/\/curesz.org\/pt_pt\/wp-json\/wp\/v2\/pages\/4123\/revisions"}],"predecessor-version":[{"id":4990,"href":"https:\/\/curesz.org\/pt_pt\/wp-json\/wp\/v2\/pages\/4123\/revisions\/4990"}],"wp:attachment":[{"href":"https:\/\/curesz.org\/pt_pt\/wp-json\/wp\/v2\/media?parent=4123"}],"curies":[{"name":"wp","href":"https:\/\/api.w.org\/{rel}","templated":true}]}}