{"id":4223,"date":"2021-12-04T16:19:20","date_gmt":"2021-12-04T16:19:20","guid":{"rendered":"https:\/\/curesz.org\/?page_id=4223"},"modified":"2021-12-10T15:13:21","modified_gmt":"2021-12-10T15:13:21","slug":"mental-health-courts","status":"publish","type":"page","link":"https:\/\/curesz.org\/pt_pt\/mental-health-courts\/","title":{"rendered":"Tribunais de Sa\u00fade Mental"},"content":{"rendered":"<p><div class=\"fusion-fullwidth fullwidth-box fusion-builder-row-1 fusion-flex-container nonhundred-percent-fullwidth non-hundred-percent-height-scrolling\" style=\"--awb-border-radius-top-left:0px;--awb-border-radius-top-right:0px;--awb-border-radius-bottom-right:0px;--awb-border-radius-bottom-left:0px;--awb-flex-wrap:wrap;\" ><div class=\"fusion-builder-row fusion-row fusion-flex-align-items-flex-start fusion-flex-content-wrap\" style=\"max-width:1352px;margin-left: calc(-4% \/ 2 );margin-right: calc(-4% \/ 2 );\"><div class=\"fusion-layout-column fusion_builder_column fusion-builder-column-0 fusion_builder_column_1_4 1_4 fusion-flex-column\" style=\"--awb-bg-size:cover;--awb-width-large:25%;--awb-margin-top-large:0px;--awb-spacing-right-large:7.68%;--awb-margin-bottom-large:20px;--awb-spacing-left-large:7.68%;--awb-width-medium:100%;--awb-spacing-right-medium:1.92%;--awb-spacing-left-medium:1.92%;--awb-width-small:100%;--awb-spacing-right-small:1.92%;--awb-spacing-left-small:1.92%;\"><div class=\"fusion-column-wrapper fusion-column-has-shadow fusion-flex-justify-content-flex-start fusion-content-layout-column\"><div class=\"fusion-image-element\" style=\"--awb-caption-title-font-family:var(--h2_typography-font-family);--awb-caption-title-font-weight:var(--h2_typography-font-weight);--awb-caption-title-font-style:var(--h2_typography-font-style);--awb-caption-title-size:var(--h2_typography-font-size);--awb-caption-title-transform:var(--h2_typography-text-transform);--awb-caption-title-line-height:var(--h2_typography-line-height);--awb-caption-title-letter-spacing:var(--h2_typography-letter-spacing);\"><span class=\"fusion-imageframe imageframe-none imageframe-1 hover-type-none\"><img decoding=\"async\" width=\"738\" height=\"734\" title=\"Ca\u00e7ar\" src=\"https:\/\/curesz.org\/wp-content\/uploads\/2021\/11\/Hunt-FINAL.jpg\" data-orig-src=\"https:\/\/curesz.org\/wp-content\/uploads\/2021\/11\/Hunt-FINAL.jpg\" alt class=\"lazyload img-responsive wp-image-4210\" srcset=\"data:image\/svg+xml,%3Csvg%20xmlns%3D%27http%3A%2F%2Fwww.w3.org%2F2000%2Fsvg%27%20width%3D%27738%27%20height%3D%27734%27%20viewBox%3D%270%200%20738%20734%27%3E%3Crect%20width%3D%27738%27%20height%3D%27734%27%20fill-opacity%3D%220%22%2F%3E%3C%2Fsvg%3E\" data-srcset=\"https:\/\/curesz.org\/wp-content\/uploads\/2021\/11\/Hunt-FINAL-200x199.jpg 200w, https:\/\/curesz.org\/wp-content\/uploads\/2021\/11\/Hunt-FINAL-400x398.jpg 400w, https:\/\/curesz.org\/wp-content\/uploads\/2021\/11\/Hunt-FINAL-600x597.jpg 600w, https:\/\/curesz.org\/wp-content\/uploads\/2021\/11\/Hunt-FINAL.jpg 738w\" data-sizes=\"auto\" data-orig-sizes=\"(max-width: 1024px) 100vw, (max-width: 640px) 100vw, 400px\" \/><\/span><\/div><div class=\"fusion-text fusion-text-1\" style=\"--awb-text-transform:none;\"><p><strong>James A. Hunt, Professor, Faculdade de Direito da Universidade de Cincinnati<\/strong><\/p>\n<\/div><\/div><\/div><div class=\"fusion-layout-column fusion_builder_column fusion-builder-column-1 fusion_builder_column_3_4 3_4 fusion-flex-column\" style=\"--awb-bg-size:cover;--awb-width-large:75%;--awb-margin-top-large:0px;--awb-spacing-right-large:2.56%;--awb-margin-bottom-large:20px;--awb-spacing-left-large:2.56%;--awb-width-medium:100%;--awb-spacing-right-medium:1.92%;--awb-spacing-left-medium:1.92%;--awb-width-small:100%;--awb-spacing-right-small:1.92%;--awb-spacing-left-small:1.92%;\"><div class=\"fusion-column-wrapper fusion-column-has-shadow fusion-flex-justify-content-flex-start fusion-content-layout-column\"><div class=\"fusion-text fusion-text-2\" style=\"--awb-text-transform:none;\"><p>Sobre os Tribunais de Sa\u00fade Mental<\/p>\n<p>Um dos desenvolvimentos recentes mais bem-vindos no Sistema de Justi\u00e7a Criminal americano \u00e9 o estabelecimento dos chamados Tribunais Especiais, que oferecem tratamento individualizado para viciados em drogas, sofrem de doen\u00e7as mentais, s\u00e3o v\u00edtimas do com\u00e9rcio sexual ou s\u00e3o veteranos militares. As abordagens em cada tribunal s\u00e3o semelhantes - os r\u00e9us s\u00e3o examinados quanto \u00e0 elegibilidade, s\u00e3o designados a uma \u201cequipe\u201d para tratamento e supervis\u00e3o em uma atmosfera n\u00e3o conflituosa pelo menos uma vez por semana. \u00c9 poss\u00edvel que o r\u00e9u tenha a confiss\u00e3o de culpa que ele ou ela possa ter entrado expurgada.<\/p>\n<p>O Condado de Hamilton, Ohio, estabeleceu dois Tribunais de Sa\u00fade Mental criminais para julgar casos criminais e um Tribunal Municipal para ouvir contraven\u00e7\u00f5es em 2003. Os Tribunais s\u00e3o supervisionados diretamente pela Suprema Corte de Ohio, que publica um Manual detalhando como um condado pode criar tal Tribunal. Relat\u00f3rios anuais devem ser arquivados. Os encaminhamentos ao Tribunal podem ser feitos por um juiz, um advogado de defesa, um promotor, servi\u00e7os de pr\u00e9-julgamento ou um oficial de liberdade condicional. Os crit\u00e9rios para ser eleg\u00edvel para o Tribunal s\u00e3o os seguintes:<\/p>\n<p>Os participantes devem sofrer de um diagn\u00f3stico de esquizofrenia do Eixo I; Transtorno Esquizoafetivo; Transtorno bipolar; ou Depressivo Maior, Recorrente.<\/p>\n<p>Os atendidos tamb\u00e9m devem ser apropriados para servi\u00e7os e tratamento intensivo de gerenciamento de casos. Isso significa que um indiv\u00edduo pode ter um \u201cdiagn\u00f3stico qualificador\u201d, mas n\u00e3o ser apropriado para os servi\u00e7os de tratamento do programa. Eles devem ter capacidade cognitiva para compreender e participar voluntariamente de um plano de servi\u00e7o de sa\u00fade mental.<\/p>\n<p>Crimes de n\u00edvel 3, 4, 5 com consentimento do promotor e da v\u00edtima s\u00e3o eleg\u00edveis preliminarmente.<\/p>\n<p>As seguintes orienta\u00e7\u00f5es s\u00e3o necess\u00e1rias:<\/p>\n<ul>\n<li>Declara\u00e7\u00e3o de culpa pelo delito conforme acusado.<\/li>\n<li>Sem hist\u00f3rico de viol\u00eancia grave ou repetitiva (revisado pelo promotor MHC e pela equipe MHC).<\/li>\n<li>A interven\u00e7\u00e3o pode ocorrer em v\u00e1rios pontos do procedimento do caso, incluindo Pr\u00e9-Argumento, P\u00f3s-Senten\u00e7a, Viola\u00e7\u00e3o da Liberdade Condicional ou Planejamento de Reentrada da Pris\u00e3o por meio de Mitiga\u00e7\u00e3o da Senten\u00e7a.<\/li>\n<li>O programa n\u00e3o pode aceitar indiv\u00edduos entre a confiss\u00e3o e a senten\u00e7a, mas deve esperar para revisar o caso ap\u00f3s a senten\u00e7a se o Controle Comunit\u00e1rio for ordenado.<\/li>\n<li>Exclus\u00f5es: NGRI (inocente por motivo de insanidade), Incompetente para ser julgado, qualquer hist\u00f3rico de delitos sexuais, delitos envolvendo armas (hist\u00f3rico significativo de delitos com armas), delito persistente que n\u00e3o seja relacionado \u00e0 sa\u00fade mental<\/li>\n<li>Deve ser um residente do Condado de Hamilton no momento e no momento da ofensa.<\/li>\n<\/ul>\n<p>Em v\u00e1rias ocasi\u00f5es, tive a oportunidade de participar das reuni\u00f5es pr\u00e9-julgamento, geralmente marcadas antes do comparecimento ao tribunal. Outros participantes foram o promotor, o advogado de defesa, um psic\u00f3logo da Court Clinic, um oficial de condicional, um gerente de caso da Greater Cincinnati Behavioral Health (GCBH), um terapeuta da Crossroads que trata o v\u00edcio em drogas, um \u201cmonitor\u201d do tribunal e o juiz. Fiquei impressionado com o qu\u00e3o bem todos conheciam os casos enquanto discutiam cada r\u00e9u na s\u00famula naquele dia. Seu foco sempre foi ajudar o r\u00e9u. No entanto, vi um caso em que o r\u00e9u foi demitido e enviado de volta ao tribunal criminal regular porque teve in\u00fameras chances de cumprir seu plano de tratamento, mas se recusou a faz\u00ea-lo. Ningu\u00e9m na equipe de tratamento se op\u00f4s.<\/p>\n<p>A audi\u00eancia real no tribunal \u00e9 presidida na sala do tribunal pelo juiz em um ambiente um tanto descontra\u00eddo, come\u00e7ando com uma conversa entre o juiz e o r\u00e9u para discutir sua obedi\u00eancia (ou falta dela). A equipe de tratamento est\u00e1 presente. Se houver algum problema m\u00e9dico ou de tratamento, o juiz geralmente ir\u00e1 adiar para aqueles que tratam o r\u00e9u.<\/p>\n<p>O r\u00e9u deve cumprir o plano de tratamento e, se assim for, \u201cse formar\u00e1\u201d e a condena\u00e7\u00e3o ser\u00e1 extinta. Todo o processo geralmente leva entre 18 a 24 meses. Devido \u00e0 quantidade de recursos necess\u00e1rios para executar o programa do tribunal, o tribunal s\u00f3 pode lidar com cerca de 75 casos de sa\u00fade mental por vez.<\/p>\n<p>Os tribunais de sa\u00fade mental valem o custo aumentado? A principal vantagem desses tribunais \u00e9 que a taxa de reincid\u00eancia \u00e9 baixa. O condado de Hamilton descobriu que 92% de \u201cgraduados\u201d n\u00e3o cometeram nenhum delito ap\u00f3s um ano de soltura e 77% ap\u00f3s quatro anos. A maioria dos estudos confirmou que uma baixa taxa de reincid\u00eancia resulta da participa\u00e7\u00e3o em tribunais de sa\u00fade mental. Os custos envolvidos em um resultado malsucedido em que o r\u00e9u continua a violar o programa de tratamento geralmente s\u00e3o mais altos do que aqueles que s\u00e3o bem-sucedidos.<\/p>\n<p>Ohio oferece outro procedimento de mitiga\u00e7\u00e3o de senten\u00e7a para qualquer pessoa acusada de crimes motivados por seu v\u00edcio, apresentando uma mo\u00e7\u00e3o de interven\u00e7\u00e3o em vez de condena\u00e7\u00e3o. Este procedimento est\u00e1 dispon\u00edvel em todos os tribunais, n\u00e3o apenas nos tribunais especiais, se o r\u00e9u puder provar que o crime foi devido a um v\u00edcio. Se concedido, o r\u00e9u recebe um plano de tratamento que deve ser conclu\u00eddo e, em caso afirmativo, as acusa\u00e7\u00f5es s\u00e3o indeferidas. Se o r\u00e9u falhar, h\u00e1 uma decis\u00e3o de condena\u00e7\u00e3o seguida de uma senten\u00e7a apropriada. A vantagem de seguir esse procedimento no tribunal de sa\u00fade mental \u00e9 que o r\u00e9u geralmente receber\u00e1 mais aten\u00e7\u00e3o pessoal ao aderir a um plano de tratamento.<\/p>\n<p>Em grande medida, o sucesso de um tribunal especial depende do juiz e do grau de empatia que ele demonstra ao julgar os r\u00e9us. Todos os ju\u00edzes especiais do Condado de Hamilton com os quais estou familiarizado se encaixam nesse molde.<\/p>\n<\/div><\/div><\/div><\/div><\/div><div class=\"fusion-fullwidth fullwidth-box fusion-builder-row-2 fusion-flex-container hundred-percent-fullwidth non-hundred-percent-height-scrolling\" style=\"--awb-border-radius-top-left:0px;--awb-border-radius-top-right:0px;--awb-border-radius-bottom-right:0px;--awb-border-radius-bottom-left:0px;--awb-padding-top:0px;--awb-padding-right:0px;--awb-padding-bottom:0px;--awb-padding-left:0px;--awb-margin-top:0px;--awb-margin-bottom:0px;--awb-background-color:#015da7;--awb-flex-wrap:wrap;\" ><div class=\"fusion-builder-row fusion-row fusion-flex-align-items-flex-start fusion-flex-content-wrap\" style=\"width:104% !important;max-width:104% !important;margin-left: calc(-4% \/ 2 );margin-right: calc(-4% \/ 2 );\"><\/div><\/div>\n<\/p>","protected":false},"excerpt":{"rendered":"","protected":false},"author":3,"featured_media":0,"parent":0,"menu_order":0,"comment_status":"closed","ping_status":"closed","template":"100-width.php","meta":{"_acf_changed":false,"footnotes":""},"class_list":["post-4223","page","type-page","status-publish","hentry"],"acf":[],"yoast_head":"<!-- This site is optimized with the Yoast SEO plugin v27.3 - https:\/\/yoast.com\/product\/yoast-seo-wordpress\/ -->\n<title>Mental Health Courts - CURESZ Foundation<\/title>\n<meta name=\"description\" content=\"One of the more welcome recent developments in the American Criminal Justice System is the establishment of Special Docket Courts.\" \/>\n<meta name=\"robots\" content=\"index, follow, max-snippet:-1, max-image-preview:large, max-video-preview:-1\" \/>\n<link rel=\"canonical\" href=\"https:\/\/curesz.org\/pt_pt\/mental-health-courts\/\" \/>\n<meta property=\"og:locale\" content=\"pt_PT\" \/>\n<meta property=\"og:type\" content=\"article\" \/>\n<meta property=\"og:title\" content=\"Mental Health Courts - CURESZ Foundation\" \/>\n<meta property=\"og:description\" content=\"One of the more welcome recent developments in the American Criminal Justice System is the establishment of Special Docket Courts.\" \/>\n<meta property=\"og:url\" content=\"https:\/\/curesz.org\/pt_pt\/mental-health-courts\/\" \/>\n<meta property=\"og:site_name\" content=\"CURESZ Foundation\" \/>\n<meta property=\"article:publisher\" content=\"https:\/\/www.facebook.com\/Cureszorg\/\" \/>\n<meta property=\"article:modified_time\" content=\"2021-12-10T15:13:21+00:00\" \/>\n<meta name=\"twitter:card\" content=\"summary_large_image\" \/>\n<meta name=\"twitter:site\" content=\"@cureszorg\" \/>\n<meta name=\"twitter:label1\" content=\"Tempo estimado de leitura\" \/>\n\t<meta name=\"twitter:data1\" content=\"6 minutos\" \/>\n<script type=\"application\/ld+json\" class=\"yoast-schema-graph\">{\"@context\":\"https:\\\/\\\/schema.org\",\"@graph\":[{\"@type\":\"WebPage\",\"@id\":\"https:\\\/\\\/curesz.org\\\/mental-health-courts\\\/\",\"url\":\"https:\\\/\\\/curesz.org\\\/mental-health-courts\\\/\",\"name\":\"Mental Health Courts - CURESZ Foundation\",\"isPartOf\":{\"@id\":\"https:\\\/\\\/curesz.org\\\/#website\"},\"datePublished\":\"2021-12-04T16:19:20+00:00\",\"dateModified\":\"2021-12-10T15:13:21+00:00\",\"description\":\"One of the more welcome recent developments in the American Criminal Justice System is the establishment of Special Docket Courts.\",\"breadcrumb\":{\"@id\":\"https:\\\/\\\/curesz.org\\\/mental-health-courts\\\/#breadcrumb\"},\"inLanguage\":\"pt-PT\",\"potentialAction\":[{\"@type\":\"ReadAction\",\"target\":[\"https:\\\/\\\/curesz.org\\\/mental-health-courts\\\/\"]}]},{\"@type\":\"BreadcrumbList\",\"@id\":\"https:\\\/\\\/curesz.org\\\/mental-health-courts\\\/#breadcrumb\",\"itemListElement\":[{\"@type\":\"ListItem\",\"position\":1,\"name\":\"Home\",\"item\":\"https:\\\/\\\/curesz.org\\\/\"},{\"@type\":\"ListItem\",\"position\":2,\"name\":\"Mental Health Courts\"}]},{\"@type\":\"WebSite\",\"@id\":\"https:\\\/\\\/curesz.org\\\/#website\",\"url\":\"https:\\\/\\\/curesz.org\\\/\",\"name\":\"CURESZ Foundation\",\"description\":\"The CURESZ Foundation provides educational updates to patients, families, healthcare professionals and the general public about schizophrenia.\",\"publisher\":{\"@id\":\"https:\\\/\\\/curesz.org\\\/#organization\"},\"potentialAction\":[{\"@type\":\"SearchAction\",\"target\":{\"@type\":\"EntryPoint\",\"urlTemplate\":\"https:\\\/\\\/curesz.org\\\/?s={search_term_string}\"},\"query-input\":{\"@type\":\"PropertyValueSpecification\",\"valueRequired\":true,\"valueName\":\"search_term_string\"}}],\"inLanguage\":\"pt-PT\"},{\"@type\":\"Organization\",\"@id\":\"https:\\\/\\\/curesz.org\\\/#organization\",\"name\":\"Curesz Foundation\",\"url\":\"https:\\\/\\\/curesz.org\\\/\",\"logo\":{\"@type\":\"ImageObject\",\"inLanguage\":\"pt-PT\",\"@id\":\"https:\\\/\\\/curesz.org\\\/#\\\/schema\\\/logo\\\/image\\\/\",\"url\":\"https:\\\/\\\/curesz.org\\\/wp-content\\\/uploads\\\/2020\\\/02\\\/cropped-Logo-with-Foundation-Custom.png\",\"contentUrl\":\"https:\\\/\\\/curesz.org\\\/wp-content\\\/uploads\\\/2020\\\/02\\\/cropped-Logo-with-Foundation-Custom.png\",\"width\":200,\"height\":133,\"caption\":\"Curesz Foundation\"},\"image\":{\"@id\":\"https:\\\/\\\/curesz.org\\\/#\\\/schema\\\/logo\\\/image\\\/\"},\"sameAs\":[\"https:\\\/\\\/www.facebook.com\\\/Cureszorg\\\/\",\"https:\\\/\\\/x.com\\\/cureszorg\",\"https:\\\/\\\/www.instagram.com\\\/cureszfoundation\\\/\",\"https:\\\/\\\/www.youtube.com\\\/channel\\\/UCT3uVzTt8jiJ2qdhuosHPvg\"]}]}<\/script>\n<!-- \/ Yoast SEO plugin. -->","yoast_head_json":{"title":"Mental Health Courts - CURESZ Foundation","description":"One of the more welcome recent developments in the American Criminal Justice System is the establishment of Special Docket Courts.","robots":{"index":"index","follow":"follow","max-snippet":"max-snippet:-1","max-image-preview":"max-image-preview:large","max-video-preview":"max-video-preview:-1"},"canonical":"https:\/\/curesz.org\/pt_pt\/mental-health-courts\/","og_locale":"pt_PT","og_type":"article","og_title":"Mental Health Courts - CURESZ Foundation","og_description":"One of the more welcome recent developments in the American Criminal Justice System is the establishment of Special Docket Courts.","og_url":"https:\/\/curesz.org\/pt_pt\/mental-health-courts\/","og_site_name":"CURESZ Foundation","article_publisher":"https:\/\/www.facebook.com\/Cureszorg\/","article_modified_time":"2021-12-10T15:13:21+00:00","twitter_card":"summary_large_image","twitter_site":"@cureszorg","twitter_misc":{"Tempo estimado de leitura":"6 minutos"},"schema":{"@context":"https:\/\/schema.org","@graph":[{"@type":"WebPage","@id":"https:\/\/curesz.org\/mental-health-courts\/","url":"https:\/\/curesz.org\/mental-health-courts\/","name":"Mental Health Courts - CURESZ Foundation","isPartOf":{"@id":"https:\/\/curesz.org\/#website"},"datePublished":"2021-12-04T16:19:20+00:00","dateModified":"2021-12-10T15:13:21+00:00","description":"One of the more welcome recent developments in the American Criminal Justice System is the establishment of Special Docket Courts.","breadcrumb":{"@id":"https:\/\/curesz.org\/mental-health-courts\/#breadcrumb"},"inLanguage":"pt-PT","potentialAction":[{"@type":"ReadAction","target":["https:\/\/curesz.org\/mental-health-courts\/"]}]},{"@type":"BreadcrumbList","@id":"https:\/\/curesz.org\/mental-health-courts\/#breadcrumb","itemListElement":[{"@type":"ListItem","position":1,"name":"Home","item":"https:\/\/curesz.org\/"},{"@type":"ListItem","position":2,"name":"Mental Health Courts"}]},{"@type":"WebSite","@id":"https:\/\/curesz.org\/#website","url":"https:\/\/curesz.org\/","name":"Funda\u00e7\u00e3o CURESZ","description":"A Funda\u00e7\u00e3o CURESZ fornece atualiza\u00e7\u00f5es educacionais para pacientes, familiares, profissionais de sa\u00fade e p\u00fablico em geral sobre esquizofrenia.","publisher":{"@id":"https:\/\/curesz.org\/#organization"},"potentialAction":[{"@type":"SearchAction","target":{"@type":"EntryPoint","urlTemplate":"https:\/\/curesz.org\/?s={search_term_string}"},"query-input":{"@type":"PropertyValueSpecification","valueRequired":true,"valueName":"search_term_string"}}],"inLanguage":"pt-PT"},{"@type":"Organization","@id":"https:\/\/curesz.org\/#organization","name":"Curesz Foundation","url":"https:\/\/curesz.org\/","logo":{"@type":"ImageObject","inLanguage":"pt-PT","@id":"https:\/\/curesz.org\/#\/schema\/logo\/image\/","url":"https:\/\/curesz.org\/wp-content\/uploads\/2020\/02\/cropped-Logo-with-Foundation-Custom.png","contentUrl":"https:\/\/curesz.org\/wp-content\/uploads\/2020\/02\/cropped-Logo-with-Foundation-Custom.png","width":200,"height":133,"caption":"Curesz Foundation"},"image":{"@id":"https:\/\/curesz.org\/#\/schema\/logo\/image\/"},"sameAs":["https:\/\/www.facebook.com\/Cureszorg\/","https:\/\/x.com\/cureszorg","https:\/\/www.instagram.com\/cureszfoundation\/","https:\/\/www.youtube.com\/channel\/UCT3uVzTt8jiJ2qdhuosHPvg"]}]}},"_links":{"self":[{"href":"https:\/\/curesz.org\/pt_pt\/wp-json\/wp\/v2\/pages\/4223","targetHints":{"allow":["GET"]}}],"collection":[{"href":"https:\/\/curesz.org\/pt_pt\/wp-json\/wp\/v2\/pages"}],"about":[{"href":"https:\/\/curesz.org\/pt_pt\/wp-json\/wp\/v2\/types\/page"}],"author":[{"embeddable":true,"href":"https:\/\/curesz.org\/pt_pt\/wp-json\/wp\/v2\/users\/3"}],"replies":[{"embeddable":true,"href":"https:\/\/curesz.org\/pt_pt\/wp-json\/wp\/v2\/comments?post=4223"}],"version-history":[{"count":3,"href":"https:\/\/curesz.org\/pt_pt\/wp-json\/wp\/v2\/pages\/4223\/revisions"}],"predecessor-version":[{"id":4230,"href":"https:\/\/curesz.org\/pt_pt\/wp-json\/wp\/v2\/pages\/4223\/revisions\/4230"}],"wp:attachment":[{"href":"https:\/\/curesz.org\/pt_pt\/wp-json\/wp\/v2\/media?parent=4223"}],"curies":[{"name":"wp","href":"https:\/\/api.w.org\/{rel}","templated":true}]}}