{"id":4246,"date":"2021-12-21T16:39:06","date_gmt":"2021-12-21T16:39:06","guid":{"rendered":"https:\/\/curesz.org\/?page_id=4246"},"modified":"2021-12-21T16:39:06","modified_gmt":"2021-12-21T16:39:06","slug":"tyson-mcguire","status":"publish","type":"page","link":"https:\/\/curesz.org\/pt_pt\/tyson-mcguire\/","title":{"rendered":"Tyson McGuire"},"content":{"rendered":"<div class=\"fusion-fullwidth fullwidth-box fusion-builder-row-1 fusion-flex-container nonhundred-percent-fullwidth non-hundred-percent-height-scrolling\" style=\"--awb-border-radius-top-left:0px;--awb-border-radius-top-right:0px;--awb-border-radius-bottom-right:0px;--awb-border-radius-bottom-left:0px;--awb-flex-wrap:wrap;\" ><div class=\"fusion-builder-row fusion-row fusion-flex-align-items-flex-start fusion-flex-content-wrap\" style=\"max-width:1352px;margin-left: calc(-4% \/ 2 );margin-right: calc(-4% \/ 2 );\"><div class=\"fusion-layout-column fusion_builder_column fusion-builder-column-0 fusion_builder_column_1_4 1_4 fusion-flex-column\" style=\"--awb-bg-size:cover;--awb-width-large:25%;--awb-margin-top-large:0px;--awb-spacing-right-large:7.68%;--awb-margin-bottom-large:20px;--awb-spacing-left-large:7.68%;--awb-width-medium:100%;--awb-spacing-right-medium:1.92%;--awb-spacing-left-medium:1.92%;--awb-width-small:100%;--awb-spacing-right-small:1.92%;--awb-spacing-left-small:1.92%;\"><div class=\"fusion-column-wrapper fusion-column-has-shadow fusion-flex-justify-content-flex-start fusion-content-layout-column\"><div class=\"fusion-image-element\" style=\"--awb-caption-title-font-family:var(--h2_typography-font-family);--awb-caption-title-font-weight:var(--h2_typography-font-weight);--awb-caption-title-font-style:var(--h2_typography-font-style);--awb-caption-title-size:var(--h2_typography-font-size);--awb-caption-title-transform:var(--h2_typography-text-transform);--awb-caption-title-line-height:var(--h2_typography-line-height);--awb-caption-title-letter-spacing:var(--h2_typography-letter-spacing);\"><span class=\"fusion-imageframe imageframe-none imageframe-1 hover-type-none\"><img decoding=\"async\" width=\"798\" height=\"734\" title=\"Tyson\" src=\"https:\/\/curesz.org\/wp-content\/uploads\/2021\/12\/Tyson-3-cropped.jpg\" data-orig-src=\"https:\/\/curesz.org\/wp-content\/uploads\/2021\/12\/Tyson-3-cropped.jpg\" alt class=\"lazyload img-responsive wp-image-4247\" srcset=\"data:image\/svg+xml,%3Csvg%20xmlns%3D%27http%3A%2F%2Fwww.w3.org%2F2000%2Fsvg%27%20width%3D%27798%27%20height%3D%27734%27%20viewBox%3D%270%200%20798%20734%27%3E%3Crect%20width%3D%27798%27%20height%3D%27734%27%20fill-opacity%3D%220%22%2F%3E%3C%2Fsvg%3E\" data-srcset=\"https:\/\/curesz.org\/wp-content\/uploads\/2021\/12\/Tyson-3-cropped-200x184.jpg 200w, https:\/\/curesz.org\/wp-content\/uploads\/2021\/12\/Tyson-3-cropped-400x368.jpg 400w, https:\/\/curesz.org\/wp-content\/uploads\/2021\/12\/Tyson-3-cropped-600x552.jpg 600w, https:\/\/curesz.org\/wp-content\/uploads\/2021\/12\/Tyson-3-cropped.jpg 798w\" data-sizes=\"auto\" data-orig-sizes=\"(max-width: 1024px) 100vw, (max-width: 640px) 100vw, 400px\" \/><\/span><\/div><div class=\"fusion-text fusion-text-1\" style=\"--awb-text-transform:none;\"><p><strong>Tyson McGuire<\/strong><\/p>\n<\/div><\/div><\/div><div class=\"fusion-layout-column fusion_builder_column fusion-builder-column-1 fusion_builder_column_3_4 3_4 fusion-flex-column\" style=\"--awb-bg-size:cover;--awb-width-large:75%;--awb-margin-top-large:0px;--awb-spacing-right-large:2.56%;--awb-margin-bottom-large:20px;--awb-spacing-left-large:2.56%;--awb-width-medium:100%;--awb-spacing-right-medium:1.92%;--awb-spacing-left-medium:1.92%;--awb-width-small:100%;--awb-spacing-right-small:1.92%;--awb-spacing-left-small:1.92%;\"><div class=\"fusion-column-wrapper fusion-column-has-shadow fusion-flex-justify-content-flex-start fusion-content-layout-column\"><div class=\"fusion-text fusion-text-2\" style=\"--awb-text-transform:none;\"><p><strong>Superando o Transtorno Esquizoafetivo: Tyson McGuire<\/strong><\/p>\n<p><em>Tyson McGuire \u00e9 um estudante da Universidade de Cincinnati trabalhando para obter um diploma de bacharel em f\u00edsica e um mestrado conjunto em engenharia mec\u00e2nica. Ap\u00f3s sua formatura no ensino m\u00e9dio, ele ganhou uma bolsa completa para frequentar a UC a partir do outono de 2016. Antes da faculdade, ele sabia muito pouco sobre esquizofrenia, muito menos esperava que isso afetasse drasticamente sua vida.<\/em><\/p>\n<p>Tyson teve uma inf\u00e2ncia feliz com sua irm\u00e3 mais nova e duas meias-irm\u00e3s. Quando ele tinha oito anos, seu pai deixou os Estados Unidos para morar na Nova Zel\u00e2ndia. Sua m\u00e3e, diretora de escola, continuou sendo uma for\u00e7a motriz positiva em sua vida. Tyson se destacou no piano, tocando obras de Liszt e Chopin, embora fosse principalmente autodidata. Ele tamb\u00e9m aprendeu composi\u00e7\u00e3o musical de forma independente.<\/p>\n<p>Durante o ensino m\u00e9dio, ele ocasionalmente ouvia algu\u00e9m chamando seu nome, embora ningu\u00e9m estivesse l\u00e1. Quando ele compartilhou isso com os amigos, eles n\u00e3o entenderam, ent\u00e3o ele guardou para si mesmo.<\/p>\n<p>Desde o in\u00edcio de sua experi\u00eancia na Universidade de Cincinnati, Tyson ficou deprimido, sentindo falta de seus amigos do col\u00e9gio. Em 2018, ele escalou o topo de uma garagem do campus, com a inten\u00e7\u00e3o de pular. Um de seus amigos reconheceu que Tyson estava em perigo, saiu da aula mais cedo para encontr\u00e1-lo no topo do estacionamento e o convenceu a voltar para o dormit\u00f3rio. Outro amigo que soube de sua situa\u00e7\u00e3o chamou a pol\u00edcia. Tyson foi preso e levado para um hospital psiqui\u00e1trico, mas conseguiu convencer a equipe de que foi preso por engano. Ele foi liberado horas depois.<\/p>\n<p>De 2016 a 2018, apesar da depress\u00e3o, Tyson manteve notas altas em seu curso de f\u00edsica. No ver\u00e3o de 2018, ele estagiou no Fermi Labs em Chicago e, apesar do estresse, gostou de trabalhar quarenta horas por semana. Tyson sempre manteve um di\u00e1logo interno consigo mesmo, mas durante esse tempo, uma nova voz distante apareceu dentro de sua mente.<\/p>\n<p>As alucina\u00e7\u00f5es s\u00f3 iriam piorar. Em 2019, Tyson viu a forma de uma pessoa em sua vis\u00e3o perif\u00e9rica. Essa nova voz em sua mente come\u00e7ou a falar com ele. \u00c0 medida que as alucina\u00e7\u00f5es se tornavam cada vez mais frequentes, suas notas come\u00e7aram a cair, embora \u00e0s vezes as alucina\u00e7\u00f5es fossem positivas e a pessoa que ele alucinava se sentisse como uma companheira. Com o passar dos meses, ele come\u00e7ou a acreditar que as pessoas queriam peg\u00e1-lo e at\u00e9 tentar mat\u00e1-lo em cada esquina. Com medo de sair de casa e com medo dos professores, come\u00e7ou a faltar \u00e0s aulas.<\/p>\n<p>Em uma manh\u00e3 de 2019, Tyson acordou com uma dor aguda no peito que ele acreditava ser um ataque card\u00edaco. Ele n\u00e3o dormia h\u00e1 dois dias e andava de um lado para o outro em seu dormit\u00f3rio. A figura sombria estava presente em sua vis\u00e3o perif\u00e9rica. Mais tarde naquele dia, ele fez um exame de chin\u00eas e se saiu bem. Quando ele confidenciou sobre a dor no cora\u00e7\u00e3o a um amigo que estudava medicina, ela o convenceu a consultar um m\u00e9dico de fam\u00edlia. Ele consentiu em ver um m\u00e9dico com sua m\u00e3e.<\/p>\n<p>Na consulta, Tyson se lembra de ter sido apresentado a um \u201cnovo vocabul\u00e1rio\u201d. O m\u00e9dico sugeriu que ele pode ter esquizofrenia e pode estar sofrendo de alucina\u00e7\u00f5es, paran\u00f3ia e ataques de p\u00e2nico. Mesmo assim, acreditando que n\u00e3o havia nada de errado com sua mente, Tyson recusou a medica\u00e7\u00e3o.<\/p>\n<p>Alguns meses ap\u00f3s a consulta, com o agravamento dos sintomas, Tyson consultou um psiquiatra recomendado pelo m\u00e9dico de fam\u00edlia. Ele foi diagnosticado com transtorno bipolar com caracter\u00edsticas psic\u00f3ticas e recebeu uma medica\u00e7\u00e3o que o deixou sonolento, indiferente e catat\u00f4nico. Mais tarde, ele tentou outro medicamento com pouco sucesso. Mais tarde, ele foi diagnosticado com depress\u00e3o maior e psicose. No<\/p>\n<p>No final de 2019, ele tentou cariprazina, o que o levou a uma recupera\u00e7\u00e3o parcial e permitiu que ele continuasse as aulas. Finalmente, no final de 2021, ele experimentou a clozapina, que clareou sua mente e o trouxe \u00e0 plena recupera\u00e7\u00e3o. Seu diagn\u00f3stico foi alterado mais uma vez, para transtorno esquizoafetivo.<\/p>\n<p>Hoje, Tyson est\u00e1 estudando em tempo integral na Universidade de Cincinnati em seu quinto ano. Ele espera concluir seu mestrado em f\u00edsica e mestrado em engenharia em 2023. Ele tamb\u00e9m ainda toca piano em alto n\u00edvel, estuda chin\u00eas com planos de se tornar fluente e, no futuro, espera estudar russo.<\/p>\n<p>Com clozapina, todas as suas alucina\u00e7\u00f5es desapareceram. Ele agora vive sem paran\u00f3ia, desfrutando de relacionamentos significativos com a fam\u00edlia e amigos.<\/p>\n<p>Em um esfor\u00e7o para aprender mais e retribuir, Tyson ingressou no CURESZ on Campus da Universidade de Cincinnati em 2021 e tornou-se presidente para o ano acad\u00eamico de 2021-2022. Ao compartilhar sua hist\u00f3ria, ele espera encorajar outros alunos a saber que a recupera\u00e7\u00e3o \u00e9 poss\u00edvel.<\/p>\n<p>Ap\u00f3s a sua licenciatura na UC, espera prosseguir o seu doutoramento em ci\u00eancias.<\/p>\n<h2><\/h2>\n<\/div><\/div><\/div><\/div><\/div>","protected":false},"excerpt":{"rendered":"","protected":false},"author":3,"featured_media":0,"parent":0,"menu_order":0,"comment_status":"closed","ping_status":"closed","template":"100-width.php","meta":{"_acf_changed":false,"footnotes":""},"class_list":["post-4246","page","type-page","status-publish","hentry"],"acf":[],"yoast_head":"<!-- This site is optimized with the Yoast SEO plugin v27.3 - https:\/\/yoast.com\/product\/yoast-seo-wordpress\/ -->\n<title>Tyson McGuire - CURESZ Foundation<\/title>\n<meta name=\"description\" content=\"Tyson McGuire is a student at the University of Cincinnati working toward a bachelor\u2019s degree in physics and a joint master&#039;s in engineering.\" \/>\n<meta name=\"robots\" content=\"index, follow, max-snippet:-1, max-image-preview:large, max-video-preview:-1\" \/>\n<link rel=\"canonical\" href=\"https:\/\/curesz.org\/pt_pt\/tyson-mcguire\/\" \/>\n<meta property=\"og:locale\" content=\"pt_PT\" \/>\n<meta property=\"og:type\" content=\"article\" \/>\n<meta property=\"og:title\" content=\"Tyson McGuire - CURESZ Foundation\" \/>\n<meta property=\"og:description\" content=\"Tyson McGuire is a student at the University of Cincinnati working toward a bachelor\u2019s degree in physics and a joint master&#039;s in engineering.\" \/>\n<meta property=\"og:url\" content=\"https:\/\/curesz.org\/pt_pt\/tyson-mcguire\/\" \/>\n<meta property=\"og:site_name\" content=\"CURESZ Foundation\" \/>\n<meta property=\"article:publisher\" content=\"https:\/\/www.facebook.com\/Cureszorg\/\" \/>\n<meta name=\"twitter:card\" content=\"summary_large_image\" \/>\n<meta name=\"twitter:site\" content=\"@cureszorg\" \/>\n<meta name=\"twitter:label1\" content=\"Tempo estimado de leitura\" \/>\n\t<meta name=\"twitter:data1\" content=\"7 minutos\" \/>\n<script type=\"application\/ld+json\" class=\"yoast-schema-graph\">{\"@context\":\"https:\\\/\\\/schema.org\",\"@graph\":[{\"@type\":\"WebPage\",\"@id\":\"https:\\\/\\\/curesz.org\\\/tyson-mcguire\\\/\",\"url\":\"https:\\\/\\\/curesz.org\\\/tyson-mcguire\\\/\",\"name\":\"Tyson McGuire - CURESZ Foundation\",\"isPartOf\":{\"@id\":\"https:\\\/\\\/curesz.org\\\/#website\"},\"datePublished\":\"2021-12-21T16:39:06+00:00\",\"description\":\"Tyson McGuire is a student at the University of Cincinnati working toward a bachelor\u2019s degree in physics and a joint master's in engineering.\",\"breadcrumb\":{\"@id\":\"https:\\\/\\\/curesz.org\\\/tyson-mcguire\\\/#breadcrumb\"},\"inLanguage\":\"pt-PT\",\"potentialAction\":[{\"@type\":\"ReadAction\",\"target\":[\"https:\\\/\\\/curesz.org\\\/tyson-mcguire\\\/\"]}]},{\"@type\":\"BreadcrumbList\",\"@id\":\"https:\\\/\\\/curesz.org\\\/tyson-mcguire\\\/#breadcrumb\",\"itemListElement\":[{\"@type\":\"ListItem\",\"position\":1,\"name\":\"Home\",\"item\":\"https:\\\/\\\/curesz.org\\\/\"},{\"@type\":\"ListItem\",\"position\":2,\"name\":\"Tyson McGuire\"}]},{\"@type\":\"WebSite\",\"@id\":\"https:\\\/\\\/curesz.org\\\/#website\",\"url\":\"https:\\\/\\\/curesz.org\\\/\",\"name\":\"CURESZ Foundation\",\"description\":\"The CURESZ Foundation provides educational updates to patients, families, healthcare professionals and the general public about schizophrenia.\",\"publisher\":{\"@id\":\"https:\\\/\\\/curesz.org\\\/#organization\"},\"potentialAction\":[{\"@type\":\"SearchAction\",\"target\":{\"@type\":\"EntryPoint\",\"urlTemplate\":\"https:\\\/\\\/curesz.org\\\/?s={search_term_string}\"},\"query-input\":{\"@type\":\"PropertyValueSpecification\",\"valueRequired\":true,\"valueName\":\"search_term_string\"}}],\"inLanguage\":\"pt-PT\"},{\"@type\":\"Organization\",\"@id\":\"https:\\\/\\\/curesz.org\\\/#organization\",\"name\":\"Curesz Foundation\",\"url\":\"https:\\\/\\\/curesz.org\\\/\",\"logo\":{\"@type\":\"ImageObject\",\"inLanguage\":\"pt-PT\",\"@id\":\"https:\\\/\\\/curesz.org\\\/#\\\/schema\\\/logo\\\/image\\\/\",\"url\":\"https:\\\/\\\/curesz.org\\\/wp-content\\\/uploads\\\/2020\\\/02\\\/cropped-Logo-with-Foundation-Custom.png\",\"contentUrl\":\"https:\\\/\\\/curesz.org\\\/wp-content\\\/uploads\\\/2020\\\/02\\\/cropped-Logo-with-Foundation-Custom.png\",\"width\":200,\"height\":133,\"caption\":\"Curesz Foundation\"},\"image\":{\"@id\":\"https:\\\/\\\/curesz.org\\\/#\\\/schema\\\/logo\\\/image\\\/\"},\"sameAs\":[\"https:\\\/\\\/www.facebook.com\\\/Cureszorg\\\/\",\"https:\\\/\\\/x.com\\\/cureszorg\",\"https:\\\/\\\/www.instagram.com\\\/cureszfoundation\\\/\",\"https:\\\/\\\/www.youtube.com\\\/channel\\\/UCT3uVzTt8jiJ2qdhuosHPvg\"]}]}<\/script>\n<!-- \/ Yoast SEO plugin. -->","yoast_head_json":{"title":"Tyson McGuire - CURESZ Foundation","description":"Tyson McGuire is a student at the University of Cincinnati working toward a bachelor\u2019s degree in physics and a joint master's in engineering.","robots":{"index":"index","follow":"follow","max-snippet":"max-snippet:-1","max-image-preview":"max-image-preview:large","max-video-preview":"max-video-preview:-1"},"canonical":"https:\/\/curesz.org\/pt_pt\/tyson-mcguire\/","og_locale":"pt_PT","og_type":"article","og_title":"Tyson McGuire - CURESZ Foundation","og_description":"Tyson McGuire is a student at the University of Cincinnati working toward a bachelor\u2019s degree in physics and a joint master's in engineering.","og_url":"https:\/\/curesz.org\/pt_pt\/tyson-mcguire\/","og_site_name":"CURESZ Foundation","article_publisher":"https:\/\/www.facebook.com\/Cureszorg\/","twitter_card":"summary_large_image","twitter_site":"@cureszorg","twitter_misc":{"Tempo estimado de leitura":"7 minutos"},"schema":{"@context":"https:\/\/schema.org","@graph":[{"@type":"WebPage","@id":"https:\/\/curesz.org\/tyson-mcguire\/","url":"https:\/\/curesz.org\/tyson-mcguire\/","name":"Tyson McGuire - CURESZ Foundation","isPartOf":{"@id":"https:\/\/curesz.org\/#website"},"datePublished":"2021-12-21T16:39:06+00:00","description":"Tyson McGuire is a student at the University of Cincinnati working toward a bachelor\u2019s degree in physics and a joint master's in engineering.","breadcrumb":{"@id":"https:\/\/curesz.org\/tyson-mcguire\/#breadcrumb"},"inLanguage":"pt-PT","potentialAction":[{"@type":"ReadAction","target":["https:\/\/curesz.org\/tyson-mcguire\/"]}]},{"@type":"BreadcrumbList","@id":"https:\/\/curesz.org\/tyson-mcguire\/#breadcrumb","itemListElement":[{"@type":"ListItem","position":1,"name":"Home","item":"https:\/\/curesz.org\/"},{"@type":"ListItem","position":2,"name":"Tyson McGuire"}]},{"@type":"WebSite","@id":"https:\/\/curesz.org\/#website","url":"https:\/\/curesz.org\/","name":"Funda\u00e7\u00e3o CURESZ","description":"A Funda\u00e7\u00e3o CURESZ fornece atualiza\u00e7\u00f5es educacionais para pacientes, familiares, profissionais de sa\u00fade e p\u00fablico em geral sobre esquizofrenia.","publisher":{"@id":"https:\/\/curesz.org\/#organization"},"potentialAction":[{"@type":"SearchAction","target":{"@type":"EntryPoint","urlTemplate":"https:\/\/curesz.org\/?s={search_term_string}"},"query-input":{"@type":"PropertyValueSpecification","valueRequired":true,"valueName":"search_term_string"}}],"inLanguage":"pt-PT"},{"@type":"Organization","@id":"https:\/\/curesz.org\/#organization","name":"Curesz Foundation","url":"https:\/\/curesz.org\/","logo":{"@type":"ImageObject","inLanguage":"pt-PT","@id":"https:\/\/curesz.org\/#\/schema\/logo\/image\/","url":"https:\/\/curesz.org\/wp-content\/uploads\/2020\/02\/cropped-Logo-with-Foundation-Custom.png","contentUrl":"https:\/\/curesz.org\/wp-content\/uploads\/2020\/02\/cropped-Logo-with-Foundation-Custom.png","width":200,"height":133,"caption":"Curesz Foundation"},"image":{"@id":"https:\/\/curesz.org\/#\/schema\/logo\/image\/"},"sameAs":["https:\/\/www.facebook.com\/Cureszorg\/","https:\/\/x.com\/cureszorg","https:\/\/www.instagram.com\/cureszfoundation\/","https:\/\/www.youtube.com\/channel\/UCT3uVzTt8jiJ2qdhuosHPvg"]}]}},"_links":{"self":[{"href":"https:\/\/curesz.org\/pt_pt\/wp-json\/wp\/v2\/pages\/4246","targetHints":{"allow":["GET"]}}],"collection":[{"href":"https:\/\/curesz.org\/pt_pt\/wp-json\/wp\/v2\/pages"}],"about":[{"href":"https:\/\/curesz.org\/pt_pt\/wp-json\/wp\/v2\/types\/page"}],"author":[{"embeddable":true,"href":"https:\/\/curesz.org\/pt_pt\/wp-json\/wp\/v2\/users\/3"}],"replies":[{"embeddable":true,"href":"https:\/\/curesz.org\/pt_pt\/wp-json\/wp\/v2\/comments?post=4246"}],"version-history":[{"count":2,"href":"https:\/\/curesz.org\/pt_pt\/wp-json\/wp\/v2\/pages\/4246\/revisions"}],"predecessor-version":[{"id":4254,"href":"https:\/\/curesz.org\/pt_pt\/wp-json\/wp\/v2\/pages\/4246\/revisions\/4254"}],"wp:attachment":[{"href":"https:\/\/curesz.org\/pt_pt\/wp-json\/wp\/v2\/media?parent=4246"}],"curies":[{"name":"wp","href":"https:\/\/api.w.org\/{rel}","templated":true}]}}