{"id":4249,"date":"2021-12-21T16:36:20","date_gmt":"2021-12-21T16:36:20","guid":{"rendered":"https:\/\/curesz.org\/?page_id=4249"},"modified":"2021-12-21T16:36:20","modified_gmt":"2021-12-21T16:36:20","slug":"my-homeless-christmas","status":"publish","type":"page","link":"https:\/\/curesz.org\/pt_pt\/my-homeless-christmas\/","title":{"rendered":"Meu \u201cNatal sem-teto\u201d"},"content":{"rendered":"<div class=\"fusion-fullwidth fullwidth-box fusion-builder-row-1 fusion-flex-container nonhundred-percent-fullwidth non-hundred-percent-height-scrolling\" style=\"--awb-border-radius-top-left:0px;--awb-border-radius-top-right:0px;--awb-border-radius-bottom-right:0px;--awb-border-radius-bottom-left:0px;--awb-flex-wrap:wrap;\" ><div class=\"fusion-builder-row fusion-row fusion-flex-align-items-flex-start fusion-flex-content-wrap\" style=\"max-width:1352px;margin-left: calc(-4% \/ 2 );margin-right: calc(-4% \/ 2 );\"><div class=\"fusion-layout-column fusion_builder_column fusion-builder-column-0 fusion_builder_column_1_4 1_4 fusion-flex-column\" style=\"--awb-bg-size:cover;--awb-width-large:25%;--awb-margin-top-large:0px;--awb-spacing-right-large:7.68%;--awb-margin-bottom-large:20px;--awb-spacing-left-large:7.68%;--awb-width-medium:100%;--awb-spacing-right-medium:1.92%;--awb-spacing-left-medium:1.92%;--awb-width-small:100%;--awb-spacing-right-small:1.92%;--awb-spacing-left-small:1.92%;\"><div class=\"fusion-column-wrapper fusion-column-has-shadow fusion-flex-justify-content-flex-start fusion-content-layout-column\"><div class=\"fusion-image-element\" style=\"--awb-caption-title-font-family:var(--h2_typography-font-family);--awb-caption-title-font-weight:var(--h2_typography-font-weight);--awb-caption-title-font-style:var(--h2_typography-font-style);--awb-caption-title-size:var(--h2_typography-font-size);--awb-caption-title-transform:var(--h2_typography-text-transform);--awb-caption-title-line-height:var(--h2_typography-line-height);--awb-caption-title-letter-spacing:var(--h2_typography-letter-spacing);\"><span class=\"fusion-imageframe imageframe-none imageframe-1 hover-type-none\"><img decoding=\"async\" width=\"1038\" height=\"1080\" title=\"Bethany Yeiser\" src=\"https:\/\/curesz.org\/wp-content\/uploads\/2020\/12\/Bethany-Yeiser.jpg\" data-orig-src=\"https:\/\/curesz.org\/wp-content\/uploads\/2020\/12\/Bethany-Yeiser-scaled.jpg\" alt class=\"lazyload img-responsive wp-image-3654\" srcset=\"data:image\/svg+xml,%3Csvg%20xmlns%3D%27http%3A%2F%2Fwww.w3.org%2F2000%2Fsvg%27%20width%3D%271038%27%20height%3D%271080%27%20viewBox%3D%270%200%201038%201080%27%3E%3Crect%20width%3D%271038%27%20height%3D%271080%27%20fill-opacity%3D%220%22%2F%3E%3C%2Fsvg%3E\" data-srcset=\"https:\/\/curesz.org\/wp-content\/uploads\/2020\/12\/Bethany-Yeiser-200x208.jpg 200w, https:\/\/curesz.org\/wp-content\/uploads\/2020\/12\/Bethany-Yeiser-400x416.jpg 400w, https:\/\/curesz.org\/wp-content\/uploads\/2020\/12\/Bethany-Yeiser-600x624.jpg 600w, https:\/\/curesz.org\/wp-content\/uploads\/2020\/12\/Bethany-Yeiser-800x832.jpg 800w, https:\/\/curesz.org\/wp-content\/uploads\/2020\/12\/Bethany-Yeiser-scaled.jpg 1038w, https:\/\/curesz.org\/wp-content\/uploads\/2020\/12\/Bethany-Yeiser-1200x1249.jpg 1200w\" data-sizes=\"auto\" data-orig-sizes=\"(max-width: 1024px) 100vw, (max-width: 640px) 100vw, 400px\" \/><\/span><\/div><div class=\"fusion-text fusion-text-1\" style=\"--awb-text-transform:none;\"><p><strong>Bethany Yeiser, BS, Presidente, Funda\u00e7\u00e3o CURESZ<\/strong><\/p>\n<\/div><\/div><\/div><div class=\"fusion-layout-column fusion_builder_column fusion-builder-column-1 fusion_builder_column_3_4 3_4 fusion-flex-column\" style=\"--awb-bg-size:cover;--awb-width-large:75%;--awb-margin-top-large:0px;--awb-spacing-right-large:2.56%;--awb-margin-bottom-large:20px;--awb-spacing-left-large:2.56%;--awb-width-medium:100%;--awb-spacing-right-medium:1.92%;--awb-spacing-left-medium:1.92%;--awb-width-small:100%;--awb-spacing-right-small:1.92%;--awb-spacing-left-small:1.92%;\"><div class=\"fusion-column-wrapper fusion-column-has-shadow fusion-flex-justify-content-flex-start fusion-content-layout-column\"><div class=\"fusion-text fusion-text-2\" style=\"--awb-text-transform:none;\"><p><strong>Meu \u201cNatal sem-teto\u201d<\/strong><\/p>\n<p>Em dezembro, comemoro treze anos de recupera\u00e7\u00e3o da esquizofrenia. Enquanto decoro meu apartamento para o Natal, envio cart\u00f5es e compro presentes, penso em minha vida fora de casa, sem-teto em Los Angeles. Em 2006, passei o Natal vagando pelos parques pr\u00f3ximos \u00e0 minha antiga universidade, procurando por qualquer comida que tivesse sido descartada por pessoas saud\u00e1veis e normais que caminhavam pela \u00e1rea. Foi uma melhoria em rela\u00e7\u00e3o ao meu Dia de A\u00e7\u00e3o de Gra\u00e7as, j\u00e1 que passei cinco dias na pris\u00e3o por invas\u00e3o de propriedade na universidade onde eu havia me destacado como aluno. Durante esse tempo, eu n\u00e3o sabia que estava sofrendo de um dist\u00farbio cerebral que me mergulhou em um estado de paran\u00f3ia e estranhamento e me levou a ter del\u00edrios e alucina\u00e7\u00f5es.<\/p>\n<p>Hoje, para mim, as f\u00e9rias s\u00e3o um momento especial para passar com a fam\u00edlia e amigos. Ao longo do ano, tenho o prazer de rever frequentemente os meus pais, pois vivem a meia hora de dist\u00e2ncia. Gosto de morar a um quarteir\u00e3o do campus da universidade onde me formei h\u00e1 dez anos. Toco violino toda semana em minha igreja e dou aulas de piano em meu apartamento. Estou ansioso para ver pessoas de todas as facetas da minha vida durante as f\u00e9rias. \u00c9 um grande contraste com anos atr\u00e1s, quando minha psicose me levou a evitar todos que eu amava e com quem me importava.<\/p>\n<p>Quando olho para tr\u00e1s em minha vida, uma das maiores surpresas foi minha incapacidade de procurar ajuda, mesmo depois de ter sido encarcerado durante um feriado importante. Durante toda a minha inf\u00e2ncia, tive muitos amigos, um \u00f3timo relacionamento com meus pais, um amor pelo piano e violino e um sonho de me tornar um cientista no futuro. Minha vida estava cheia de amor e emo\u00e7\u00e3o.<\/p>\n<p>Ent\u00e3o, como acabei sem-teto e preso e ainda recusei toda a ajuda de meus pais e de tantas outras fam\u00edlias que ficariam felizes em me ajudar a reconstruir minha vida? A \u00fanica coisa que poderia ter me feito cair at\u00e9 agora era um c\u00e9rebro que estava \u201cquebrado\u201d pela minha doen\u00e7a e falhando comigo.<\/p>\n<p>Isolamento e falta de interesse em passar tempo com outras pessoas s\u00e3o sintomas comuns da esquizofrenia. Em retrospectiva, meu comportamento foi muito al\u00e9m do normal, pois sobrevivi por dias e at\u00e9 semanas sem ver nenhum amigo. Hoje percebo que minha falta de contato com os outros foi mais do que uma escolha. Era um sintoma s\u00e9rio, indicando um problema com a fun\u00e7\u00e3o normal do c\u00e9rebro.<\/p>\n<p>Em 2007, um ano depois, meu Dia de A\u00e7\u00e3o de Gra\u00e7as e o Natal foram dif\u00edceis por motivos muito diferentes. Fui diagnosticado com esquizofrenia e, por cerca de dez meses, tomei um medicamento parcialmente eficaz. Consegui viver fora do hospital, mas lutei para sobreviver todos os dias, pois os efeitos colaterais da minha medica\u00e7\u00e3o eram graves e as vozes em minha mente ainda estavam presentes. Durante as f\u00e9rias, eu queria ter um \u00fanico dia de folga da medica\u00e7\u00e3o, mas sabia melhor e permaneci em conformidade com a medica\u00e7\u00e3o. Em 2007, com minha doen\u00e7a em remiss\u00e3o parcial, meu maior desejo era uma mente tranquila e relacionamentos normais. Mas minha medica\u00e7\u00e3o me deixou com um efeito mon\u00f3tono e uma apar\u00eancia drogada, e eu estava exausto demais para aproveitar o tempo com algu\u00e9m.<\/p>\n<p>Hoje, durante as f\u00e9rias, rezo por aqueles que est\u00e3o lutando com uma medica\u00e7\u00e3o parcialmente eficaz ou sem tratamento, sem saber que est\u00e3o doentes. \u00c9 minha esperan\u00e7a que os pacientes nessas situa\u00e7\u00f5es continuem tentando outros medicamentos e tratamentos e n\u00e3o desistam, alcan\u00e7ando o maior n\u00edvel de recupera\u00e7\u00e3o poss\u00edvel.<\/p>\n<p>Em 2008, eu tinha muito a agradecer. Por meses, minha medica\u00e7\u00e3o estava funcionando. Em menos de um ano, meu milagre aconteceria. Eu estaria em uma universidade novamente, tirando notas A nas aulas de biologia molecular.<\/p>\n<p>Hoje, em 2021, como presidente da Funda\u00e7\u00e3o CURESZ, gosto de estender a m\u00e3o \u00e0s fam\u00edlias que s\u00e3o dilaceradas pela esquizofrenia de um ente querido. Encontro conforto em me voluntariar para servir os sem-teto no Natal e no Dia de A\u00e7\u00e3o de Gra\u00e7as. Minha igreja ap\u00f3ia um programa que ajuda as pessoas mais doentes mentais e desesperadas, muitas que vivem debaixo de pontes, a encontrar moradia em hot\u00e9is locais. Eu gostaria de ter aceitado esse tipo de ajuda em 2006 enquanto morava no cemit\u00e9rio.<\/p>\n<p>Minha m\u00e3e e meu pai estavam t\u00e3o comprometidos com minha recupera\u00e7\u00e3o, assim como meu psiquiatra, que estava empenhado em seguir em frente at\u00e9 que um medicamento eficaz fosse encontrado para clarear minha mente. Por causa dessas pessoas, tive uma nova chance na vida.<\/p>\n<p>H\u00e1 esperan\u00e7a, mesmo para aqueles de n\u00f3s que rejeitam todos os amigos e familiares durante as f\u00e9rias como eu fiz, por causa de uma doen\u00e7a que afeta seu c\u00e9rebro. Resolvo sempre olhar mais profundamente e ver os doentes mentais como eles realmente s\u00e3o por tr\u00e1s de sua doen\u00e7a e incentiv\u00e1-los a se tratar, o que pode incluir medicamentos. Sinto que tenho uma d\u00edvida com aqueles que mais me ajudaram. Eu me esfor\u00e7o para sempre retribuir e nunca desistir daqueles que n\u00e3o se recuperaram e lutam mais durante as f\u00e9rias.<\/p>\n<h2><\/h2>\n<\/div><\/div><\/div><\/div><\/div>","protected":false},"excerpt":{"rendered":"","protected":false},"author":3,"featured_media":0,"parent":0,"menu_order":0,"comment_status":"closed","ping_status":"closed","template":"100-width.php","meta":{"_acf_changed":false,"footnotes":""},"class_list":["post-4249","page","type-page","status-publish","hentry"],"acf":[],"yoast_head":"<!-- This site is optimized with the Yoast SEO plugin v27.4 - https:\/\/yoast.com\/product\/yoast-seo-wordpress\/ -->\n<title>My &quot;Homeless Christmas&quot; - CURESZ Foundation<\/title>\n<meta name=\"description\" content=\"This December, I celebrate thirteen years of recovery from schizophrenia. As I decorate for Christmas, I think back to my life homeless.\" \/>\n<meta name=\"robots\" content=\"index, follow, max-snippet:-1, max-image-preview:large, max-video-preview:-1\" \/>\n<link rel=\"canonical\" href=\"https:\/\/curesz.org\/pt_pt\/my-homeless-christmas\/\" \/>\n<meta property=\"og:locale\" content=\"pt_PT\" \/>\n<meta property=\"og:type\" content=\"article\" \/>\n<meta property=\"og:title\" content=\"My &quot;Homeless Christmas&quot; - CURESZ Foundation\" \/>\n<meta property=\"og:description\" content=\"This December, I celebrate thirteen years of recovery from schizophrenia. As I decorate for Christmas, I think back to my life homeless.\" \/>\n<meta property=\"og:url\" content=\"https:\/\/curesz.org\/pt_pt\/my-homeless-christmas\/\" \/>\n<meta property=\"og:site_name\" content=\"CURESZ Foundation\" \/>\n<meta property=\"article:publisher\" content=\"https:\/\/www.facebook.com\/Cureszorg\/\" \/>\n<meta name=\"twitter:card\" content=\"summary_large_image\" \/>\n<meta name=\"twitter:site\" content=\"@cureszorg\" \/>\n<meta name=\"twitter:label1\" content=\"Tempo estimado de leitura\" \/>\n\t<meta name=\"twitter:data1\" content=\"5 minutos\" \/>\n<script type=\"application\/ld+json\" class=\"yoast-schema-graph\">{\"@context\":\"https:\\\/\\\/schema.org\",\"@graph\":[{\"@type\":\"WebPage\",\"@id\":\"https:\\\/\\\/curesz.org\\\/my-homeless-christmas\\\/\",\"url\":\"https:\\\/\\\/curesz.org\\\/my-homeless-christmas\\\/\",\"name\":\"My \\\"Homeless Christmas\\\" - CURESZ Foundation\",\"isPartOf\":{\"@id\":\"https:\\\/\\\/curesz.org\\\/#website\"},\"datePublished\":\"2021-12-21T16:36:20+00:00\",\"description\":\"This December, I celebrate thirteen years of recovery from schizophrenia. As I decorate for Christmas, I think back to my life homeless.\",\"breadcrumb\":{\"@id\":\"https:\\\/\\\/curesz.org\\\/my-homeless-christmas\\\/#breadcrumb\"},\"inLanguage\":\"pt-PT\",\"potentialAction\":[{\"@type\":\"ReadAction\",\"target\":[\"https:\\\/\\\/curesz.org\\\/my-homeless-christmas\\\/\"]}]},{\"@type\":\"BreadcrumbList\",\"@id\":\"https:\\\/\\\/curesz.org\\\/my-homeless-christmas\\\/#breadcrumb\",\"itemListElement\":[{\"@type\":\"ListItem\",\"position\":1,\"name\":\"Home\",\"item\":\"https:\\\/\\\/curesz.org\\\/\"},{\"@type\":\"ListItem\",\"position\":2,\"name\":\"My &#8220;Homeless Christmas&#8221;\"}]},{\"@type\":\"WebSite\",\"@id\":\"https:\\\/\\\/curesz.org\\\/#website\",\"url\":\"https:\\\/\\\/curesz.org\\\/\",\"name\":\"CURESZ Foundation\",\"description\":\"The CURESZ Foundation provides educational updates to patients, families, healthcare professionals and the general public about schizophrenia.\",\"publisher\":{\"@id\":\"https:\\\/\\\/curesz.org\\\/#organization\"},\"potentialAction\":[{\"@type\":\"SearchAction\",\"target\":{\"@type\":\"EntryPoint\",\"urlTemplate\":\"https:\\\/\\\/curesz.org\\\/?s={search_term_string}\"},\"query-input\":{\"@type\":\"PropertyValueSpecification\",\"valueRequired\":true,\"valueName\":\"search_term_string\"}}],\"inLanguage\":\"pt-PT\"},{\"@type\":\"Organization\",\"@id\":\"https:\\\/\\\/curesz.org\\\/#organization\",\"name\":\"Curesz Foundation\",\"url\":\"https:\\\/\\\/curesz.org\\\/\",\"logo\":{\"@type\":\"ImageObject\",\"inLanguage\":\"pt-PT\",\"@id\":\"https:\\\/\\\/curesz.org\\\/#\\\/schema\\\/logo\\\/image\\\/\",\"url\":\"https:\\\/\\\/curesz.org\\\/wp-content\\\/uploads\\\/2020\\\/02\\\/cropped-Logo-with-Foundation-Custom.png\",\"contentUrl\":\"https:\\\/\\\/curesz.org\\\/wp-content\\\/uploads\\\/2020\\\/02\\\/cropped-Logo-with-Foundation-Custom.png\",\"width\":200,\"height\":133,\"caption\":\"Curesz Foundation\"},\"image\":{\"@id\":\"https:\\\/\\\/curesz.org\\\/#\\\/schema\\\/logo\\\/image\\\/\"},\"sameAs\":[\"https:\\\/\\\/www.facebook.com\\\/Cureszorg\\\/\",\"https:\\\/\\\/x.com\\\/cureszorg\",\"https:\\\/\\\/www.instagram.com\\\/cureszfoundation\\\/\",\"https:\\\/\\\/www.youtube.com\\\/channel\\\/UCT3uVzTt8jiJ2qdhuosHPvg\"]}]}<\/script>\n<!-- \/ Yoast SEO plugin. -->","yoast_head_json":{"title":"My \"Homeless Christmas\" - CURESZ Foundation","description":"This December, I celebrate thirteen years of recovery from schizophrenia. As I decorate for Christmas, I think back to my life homeless.","robots":{"index":"index","follow":"follow","max-snippet":"max-snippet:-1","max-image-preview":"max-image-preview:large","max-video-preview":"max-video-preview:-1"},"canonical":"https:\/\/curesz.org\/pt_pt\/my-homeless-christmas\/","og_locale":"pt_PT","og_type":"article","og_title":"My \"Homeless Christmas\" - CURESZ Foundation","og_description":"This December, I celebrate thirteen years of recovery from schizophrenia. As I decorate for Christmas, I think back to my life homeless.","og_url":"https:\/\/curesz.org\/pt_pt\/my-homeless-christmas\/","og_site_name":"CURESZ Foundation","article_publisher":"https:\/\/www.facebook.com\/Cureszorg\/","twitter_card":"summary_large_image","twitter_site":"@cureszorg","twitter_misc":{"Tempo estimado de leitura":"5 minutos"},"schema":{"@context":"https:\/\/schema.org","@graph":[{"@type":"WebPage","@id":"https:\/\/curesz.org\/my-homeless-christmas\/","url":"https:\/\/curesz.org\/my-homeless-christmas\/","name":"My \"Homeless Christmas\" - CURESZ Foundation","isPartOf":{"@id":"https:\/\/curesz.org\/#website"},"datePublished":"2021-12-21T16:36:20+00:00","description":"This December, I celebrate thirteen years of recovery from schizophrenia. As I decorate for Christmas, I think back to my life homeless.","breadcrumb":{"@id":"https:\/\/curesz.org\/my-homeless-christmas\/#breadcrumb"},"inLanguage":"pt-PT","potentialAction":[{"@type":"ReadAction","target":["https:\/\/curesz.org\/my-homeless-christmas\/"]}]},{"@type":"BreadcrumbList","@id":"https:\/\/curesz.org\/my-homeless-christmas\/#breadcrumb","itemListElement":[{"@type":"ListItem","position":1,"name":"Home","item":"https:\/\/curesz.org\/"},{"@type":"ListItem","position":2,"name":"My &#8220;Homeless Christmas&#8221;"}]},{"@type":"WebSite","@id":"https:\/\/curesz.org\/#website","url":"https:\/\/curesz.org\/","name":"Funda\u00e7\u00e3o CURESZ","description":"A Funda\u00e7\u00e3o CURESZ fornece atualiza\u00e7\u00f5es educacionais para pacientes, familiares, profissionais de sa\u00fade e p\u00fablico em geral sobre esquizofrenia.","publisher":{"@id":"https:\/\/curesz.org\/#organization"},"potentialAction":[{"@type":"SearchAction","target":{"@type":"EntryPoint","urlTemplate":"https:\/\/curesz.org\/?s={search_term_string}"},"query-input":{"@type":"PropertyValueSpecification","valueRequired":true,"valueName":"search_term_string"}}],"inLanguage":"pt-PT"},{"@type":"Organization","@id":"https:\/\/curesz.org\/#organization","name":"Curesz Foundation","url":"https:\/\/curesz.org\/","logo":{"@type":"ImageObject","inLanguage":"pt-PT","@id":"https:\/\/curesz.org\/#\/schema\/logo\/image\/","url":"https:\/\/curesz.org\/wp-content\/uploads\/2020\/02\/cropped-Logo-with-Foundation-Custom.png","contentUrl":"https:\/\/curesz.org\/wp-content\/uploads\/2020\/02\/cropped-Logo-with-Foundation-Custom.png","width":200,"height":133,"caption":"Curesz Foundation"},"image":{"@id":"https:\/\/curesz.org\/#\/schema\/logo\/image\/"},"sameAs":["https:\/\/www.facebook.com\/Cureszorg\/","https:\/\/x.com\/cureszorg","https:\/\/www.instagram.com\/cureszfoundation\/","https:\/\/www.youtube.com\/channel\/UCT3uVzTt8jiJ2qdhuosHPvg"]}]}},"_links":{"self":[{"href":"https:\/\/curesz.org\/pt_pt\/wp-json\/wp\/v2\/pages\/4249","targetHints":{"allow":["GET"]}}],"collection":[{"href":"https:\/\/curesz.org\/pt_pt\/wp-json\/wp\/v2\/pages"}],"about":[{"href":"https:\/\/curesz.org\/pt_pt\/wp-json\/wp\/v2\/types\/page"}],"author":[{"embeddable":true,"href":"https:\/\/curesz.org\/pt_pt\/wp-json\/wp\/v2\/users\/3"}],"replies":[{"embeddable":true,"href":"https:\/\/curesz.org\/pt_pt\/wp-json\/wp\/v2\/comments?post=4249"}],"version-history":[{"count":2,"href":"https:\/\/curesz.org\/pt_pt\/wp-json\/wp\/v2\/pages\/4249\/revisions"}],"predecessor-version":[{"id":4253,"href":"https:\/\/curesz.org\/pt_pt\/wp-json\/wp\/v2\/pages\/4249\/revisions\/4253"}],"wp:attachment":[{"href":"https:\/\/curesz.org\/pt_pt\/wp-json\/wp\/v2\/media?parent=4249"}],"curies":[{"name":"wp","href":"https:\/\/api.w.org\/{rel}","templated":true}]}}