{"id":4273,"date":"2022-01-05T16:24:22","date_gmt":"2022-01-05T16:24:22","guid":{"rendered":"https:\/\/curesz.org\/?page_id=4273"},"modified":"2022-03-02T15:57:51","modified_gmt":"2022-03-02T15:57:51","slug":"mental-health-risks-of-marijuana","status":"publish","type":"page","link":"https:\/\/curesz.org\/pt_pt\/mental-health-risks-of-marijuana\/","title":{"rendered":"Riscos para a sa\u00fade mental da maconha"},"content":{"rendered":"<div id=\"attachment_2240\" style=\"width: 210px\" class=\"wp-caption alignright\"><img decoding=\"async\" aria-describedby=\"caption-attachment-2240\" class=\"lazyload wp-image-2240 size-full\" src=\"data:image\/svg+xml,%3Csvg%20xmlns%3D%27http%3A%2F%2Fwww.w3.org%2F2000%2Fsvg%27%20width%3D%27200%27%20height%3D%27212%27%20viewBox%3D%270%200%20200%20212%27%3E%3Crect%20width%3D%27200%27%20height%3D%27212%27%20fill-opacity%3D%220%22%2F%3E%3C%2Fsvg%3E\" data-orig-src=\"https:\/\/curesz.org\/wp-content\/uploads\/2019\/07\/messamore-picture.jpg\" alt=\"\" width=\"200\" height=\"212\" \/><p id=\"caption-attachment-2240\" class=\"wp-caption-text\">Dr. Erik Messamore<\/p><\/div>\n<h2>Riscos para a sa\u00fade mental da maconha<br \/>\n<a href=\"https:\/\/youtu.be\/i-CddSdpBdo\">Veja a palestra do Dr. Messamore.<\/a><\/h2>\n<p>Os clubes CURESZ on Campus convidam voc\u00ea a se juntar a n\u00f3s na segunda-feira, 28 de fevereiro, \u00e0s 19h, hor\u00e1rio padr\u00e3o do leste, para uma palestra a ser apresentada por Erik Messamore, MD, PhD. O t\u00edtulo da palestra \u00e9 \u201cRisco da maconha para a sa\u00fade mental\u201d. A palestra ser\u00e1 transmitida virtualmente pelo zoom.<\/p>\n<p>A maconha tem mais f\u00e3s do que o br\u00f3colis. Embora algumas pessoas gostem de como a maconha as faz sentir, outras reagem mal a ela. Afinal, qualquer coisa forte o suficiente para afetar o humor ou a percep\u00e7\u00e3o \u00e9 forte o suficiente para criar alguns riscos.<\/p>\n<p>Esta apresenta\u00e7\u00e3o destacar\u00e1 os riscos da maconha para a sa\u00fade mental, bem documentados e cientificamente confi\u00e1veis, a curto e longo prazo. Ele explicar\u00e1 como a farmacologia da cannabis pode se cruzar com a bioqu\u00edmica da doen\u00e7a mental. Embora qualquer adulto deva ser livre para escolher se quer ou n\u00e3o usar maconha, todos devem entender como ela funciona e quais podem ser os riscos.<\/p>\n<p><strong>Esta palestra \u00e9 gratuita para o p\u00fablico. Por favor, responda logo, pois as vagas s\u00e3o limitadas!<\/strong><\/p>\n<p><strong>Voc\u00ea pode responder <a href=\"https:\/\/curesz.org\/pt_pt\/contact-us\/\">aqui.<\/a><\/strong><\/p>\n<p><strong>Esperamos v\u00ea-lo no pr\u00f3ximo m\u00eas!<\/strong><\/p>","protected":false},"excerpt":{"rendered":"<p>Mental Health Risks of Marijuana View Dr. Messamore&#8217;s lecture. CURESZ  [&#8230;]<\/p>\n","protected":false},"author":3,"featured_media":0,"parent":0,"menu_order":0,"comment_status":"closed","ping_status":"closed","template":"","meta":{"_acf_changed":false,"footnotes":""},"class_list":["post-4273","page","type-page","status-publish","hentry"],"acf":[],"yoast_head":"<!-- This site is optimized with the Yoast SEO plugin v27.4 - https:\/\/yoast.com\/product\/yoast-seo-wordpress\/ -->\n<title>Mental Health Risks of Marijuana - CURESZ Foundation<\/title>\n<meta name=\"description\" content=\"Dr, Erik Messamore will present a lecture titled Mental Health Risks of Marijuana on February 28th ay 7pm Eastern Standard Time.\" \/>\n<meta name=\"robots\" content=\"index, follow, max-snippet:-1, max-image-preview:large, max-video-preview:-1\" \/>\n<link rel=\"canonical\" href=\"https:\/\/curesz.org\/pt_pt\/mental-health-risks-of-marijuana\/\" \/>\n<meta property=\"og:locale\" content=\"pt_PT\" \/>\n<meta property=\"og:type\" content=\"article\" \/>\n<meta property=\"og:title\" content=\"Mental Health Risks of Marijuana - CURESZ Foundation\" \/>\n<meta property=\"og:description\" content=\"Dr, Erik Messamore will present a lecture titled Mental Health Risks of Marijuana on February 28th ay 7pm Eastern Standard Time.\" \/>\n<meta property=\"og:url\" content=\"https:\/\/curesz.org\/pt_pt\/mental-health-risks-of-marijuana\/\" \/>\n<meta property=\"og:site_name\" content=\"CURESZ Foundation\" \/>\n<meta property=\"article:publisher\" content=\"https:\/\/www.facebook.com\/Cureszorg\/\" \/>\n<meta property=\"article:modified_time\" content=\"2022-03-02T15:57:51+00:00\" \/>\n<meta property=\"og:image\" content=\"https:\/\/curesz.org\/wp-content\/uploads\/2019\/07\/messamore-picture.jpg\" \/>\n<meta name=\"twitter:card\" content=\"summary_large_image\" \/>\n<meta name=\"twitter:site\" content=\"@cureszorg\" \/>\n<meta name=\"twitter:label1\" content=\"Tempo estimado de leitura\" \/>\n\t<meta name=\"twitter:data1\" content=\"1 minuto\" \/>\n<script type=\"application\/ld+json\" class=\"yoast-schema-graph\">{\"@context\":\"https:\\\/\\\/schema.org\",\"@graph\":[{\"@type\":\"WebPage\",\"@id\":\"https:\\\/\\\/curesz.org\\\/mental-health-risks-of-marijuana\\\/\",\"url\":\"https:\\\/\\\/curesz.org\\\/mental-health-risks-of-marijuana\\\/\",\"name\":\"Mental Health Risks of Marijuana - CURESZ Foundation\",\"isPartOf\":{\"@id\":\"https:\\\/\\\/curesz.org\\\/#website\"},\"primaryImageOfPage\":{\"@id\":\"https:\\\/\\\/curesz.org\\\/mental-health-risks-of-marijuana\\\/#primaryimage\"},\"image\":{\"@id\":\"https:\\\/\\\/curesz.org\\\/mental-health-risks-of-marijuana\\\/#primaryimage\"},\"thumbnailUrl\":\"https:\\\/\\\/curesz.org\\\/wp-content\\\/uploads\\\/2019\\\/07\\\/messamore-picture.jpg\",\"datePublished\":\"2022-01-05T16:24:22+00:00\",\"dateModified\":\"2022-03-02T15:57:51+00:00\",\"description\":\"Dr, Erik Messamore will present a lecture titled Mental Health Risks of Marijuana on February 28th ay 7pm Eastern Standard Time.\",\"breadcrumb\":{\"@id\":\"https:\\\/\\\/curesz.org\\\/mental-health-risks-of-marijuana\\\/#breadcrumb\"},\"inLanguage\":\"pt-PT\",\"potentialAction\":[{\"@type\":\"ReadAction\",\"target\":[\"https:\\\/\\\/curesz.org\\\/mental-health-risks-of-marijuana\\\/\"]}]},{\"@type\":\"ImageObject\",\"inLanguage\":\"pt-PT\",\"@id\":\"https:\\\/\\\/curesz.org\\\/mental-health-risks-of-marijuana\\\/#primaryimage\",\"url\":\"https:\\\/\\\/curesz.org\\\/wp-content\\\/uploads\\\/2019\\\/07\\\/messamore-picture.jpg\",\"contentUrl\":\"https:\\\/\\\/curesz.org\\\/wp-content\\\/uploads\\\/2019\\\/07\\\/messamore-picture.jpg\"},{\"@type\":\"BreadcrumbList\",\"@id\":\"https:\\\/\\\/curesz.org\\\/mental-health-risks-of-marijuana\\\/#breadcrumb\",\"itemListElement\":[{\"@type\":\"ListItem\",\"position\":1,\"name\":\"Home\",\"item\":\"https:\\\/\\\/curesz.org\\\/\"},{\"@type\":\"ListItem\",\"position\":2,\"name\":\"Mental Health Risks of Marijuana\"}]},{\"@type\":\"WebSite\",\"@id\":\"https:\\\/\\\/curesz.org\\\/#website\",\"url\":\"https:\\\/\\\/curesz.org\\\/\",\"name\":\"CURESZ Foundation\",\"description\":\"The CURESZ Foundation provides educational updates to patients, families, healthcare professionals and the general public about schizophrenia.\",\"publisher\":{\"@id\":\"https:\\\/\\\/curesz.org\\\/#organization\"},\"potentialAction\":[{\"@type\":\"SearchAction\",\"target\":{\"@type\":\"EntryPoint\",\"urlTemplate\":\"https:\\\/\\\/curesz.org\\\/?s={search_term_string}\"},\"query-input\":{\"@type\":\"PropertyValueSpecification\",\"valueRequired\":true,\"valueName\":\"search_term_string\"}}],\"inLanguage\":\"pt-PT\"},{\"@type\":\"Organization\",\"@id\":\"https:\\\/\\\/curesz.org\\\/#organization\",\"name\":\"Curesz Foundation\",\"url\":\"https:\\\/\\\/curesz.org\\\/\",\"logo\":{\"@type\":\"ImageObject\",\"inLanguage\":\"pt-PT\",\"@id\":\"https:\\\/\\\/curesz.org\\\/#\\\/schema\\\/logo\\\/image\\\/\",\"url\":\"https:\\\/\\\/curesz.org\\\/wp-content\\\/uploads\\\/2020\\\/02\\\/cropped-Logo-with-Foundation-Custom.png\",\"contentUrl\":\"https:\\\/\\\/curesz.org\\\/wp-content\\\/uploads\\\/2020\\\/02\\\/cropped-Logo-with-Foundation-Custom.png\",\"width\":200,\"height\":133,\"caption\":\"Curesz Foundation\"},\"image\":{\"@id\":\"https:\\\/\\\/curesz.org\\\/#\\\/schema\\\/logo\\\/image\\\/\"},\"sameAs\":[\"https:\\\/\\\/www.facebook.com\\\/Cureszorg\\\/\",\"https:\\\/\\\/x.com\\\/cureszorg\",\"https:\\\/\\\/www.instagram.com\\\/cureszfoundation\\\/\",\"https:\\\/\\\/www.youtube.com\\\/channel\\\/UCT3uVzTt8jiJ2qdhuosHPvg\"]}]}<\/script>\n<!-- \/ Yoast SEO plugin. -->","yoast_head_json":{"title":"Mental Health Risks of Marijuana - CURESZ Foundation","description":"Dr, Erik Messamore will present a lecture titled Mental Health Risks of Marijuana on February 28th ay 7pm Eastern Standard Time.","robots":{"index":"index","follow":"follow","max-snippet":"max-snippet:-1","max-image-preview":"max-image-preview:large","max-video-preview":"max-video-preview:-1"},"canonical":"https:\/\/curesz.org\/pt_pt\/mental-health-risks-of-marijuana\/","og_locale":"pt_PT","og_type":"article","og_title":"Mental Health Risks of Marijuana - CURESZ Foundation","og_description":"Dr, Erik Messamore will present a lecture titled Mental Health Risks of Marijuana on February 28th ay 7pm Eastern Standard Time.","og_url":"https:\/\/curesz.org\/pt_pt\/mental-health-risks-of-marijuana\/","og_site_name":"CURESZ Foundation","article_publisher":"https:\/\/www.facebook.com\/Cureszorg\/","article_modified_time":"2022-03-02T15:57:51+00:00","og_image":[{"url":"https:\/\/curesz.org\/wp-content\/uploads\/2019\/07\/messamore-picture.jpg","type":"","width":"","height":""}],"twitter_card":"summary_large_image","twitter_site":"@cureszorg","twitter_misc":{"Tempo estimado de leitura":"1 minuto"},"schema":{"@context":"https:\/\/schema.org","@graph":[{"@type":"WebPage","@id":"https:\/\/curesz.org\/mental-health-risks-of-marijuana\/","url":"https:\/\/curesz.org\/mental-health-risks-of-marijuana\/","name":"Mental Health Risks of Marijuana - CURESZ Foundation","isPartOf":{"@id":"https:\/\/curesz.org\/#website"},"primaryImageOfPage":{"@id":"https:\/\/curesz.org\/mental-health-risks-of-marijuana\/#primaryimage"},"image":{"@id":"https:\/\/curesz.org\/mental-health-risks-of-marijuana\/#primaryimage"},"thumbnailUrl":"https:\/\/curesz.org\/wp-content\/uploads\/2019\/07\/messamore-picture.jpg","datePublished":"2022-01-05T16:24:22+00:00","dateModified":"2022-03-02T15:57:51+00:00","description":"Dr, Erik Messamore will present a lecture titled Mental Health Risks of Marijuana on February 28th ay 7pm Eastern Standard Time.","breadcrumb":{"@id":"https:\/\/curesz.org\/mental-health-risks-of-marijuana\/#breadcrumb"},"inLanguage":"pt-PT","potentialAction":[{"@type":"ReadAction","target":["https:\/\/curesz.org\/mental-health-risks-of-marijuana\/"]}]},{"@type":"ImageObject","inLanguage":"pt-PT","@id":"https:\/\/curesz.org\/mental-health-risks-of-marijuana\/#primaryimage","url":"https:\/\/curesz.org\/wp-content\/uploads\/2019\/07\/messamore-picture.jpg","contentUrl":"https:\/\/curesz.org\/wp-content\/uploads\/2019\/07\/messamore-picture.jpg"},{"@type":"BreadcrumbList","@id":"https:\/\/curesz.org\/mental-health-risks-of-marijuana\/#breadcrumb","itemListElement":[{"@type":"ListItem","position":1,"name":"Home","item":"https:\/\/curesz.org\/"},{"@type":"ListItem","position":2,"name":"Mental Health Risks of Marijuana"}]},{"@type":"WebSite","@id":"https:\/\/curesz.org\/#website","url":"https:\/\/curesz.org\/","name":"Funda\u00e7\u00e3o CURESZ","description":"A Funda\u00e7\u00e3o CURESZ fornece atualiza\u00e7\u00f5es educacionais para pacientes, familiares, profissionais de sa\u00fade e p\u00fablico em geral sobre esquizofrenia.","publisher":{"@id":"https:\/\/curesz.org\/#organization"},"potentialAction":[{"@type":"SearchAction","target":{"@type":"EntryPoint","urlTemplate":"https:\/\/curesz.org\/?s={search_term_string}"},"query-input":{"@type":"PropertyValueSpecification","valueRequired":true,"valueName":"search_term_string"}}],"inLanguage":"pt-PT"},{"@type":"Organization","@id":"https:\/\/curesz.org\/#organization","name":"Curesz Foundation","url":"https:\/\/curesz.org\/","logo":{"@type":"ImageObject","inLanguage":"pt-PT","@id":"https:\/\/curesz.org\/#\/schema\/logo\/image\/","url":"https:\/\/curesz.org\/wp-content\/uploads\/2020\/02\/cropped-Logo-with-Foundation-Custom.png","contentUrl":"https:\/\/curesz.org\/wp-content\/uploads\/2020\/02\/cropped-Logo-with-Foundation-Custom.png","width":200,"height":133,"caption":"Curesz Foundation"},"image":{"@id":"https:\/\/curesz.org\/#\/schema\/logo\/image\/"},"sameAs":["https:\/\/www.facebook.com\/Cureszorg\/","https:\/\/x.com\/cureszorg","https:\/\/www.instagram.com\/cureszfoundation\/","https:\/\/www.youtube.com\/channel\/UCT3uVzTt8jiJ2qdhuosHPvg"]}]}},"_links":{"self":[{"href":"https:\/\/curesz.org\/pt_pt\/wp-json\/wp\/v2\/pages\/4273","targetHints":{"allow":["GET"]}}],"collection":[{"href":"https:\/\/curesz.org\/pt_pt\/wp-json\/wp\/v2\/pages"}],"about":[{"href":"https:\/\/curesz.org\/pt_pt\/wp-json\/wp\/v2\/types\/page"}],"author":[{"embeddable":true,"href":"https:\/\/curesz.org\/pt_pt\/wp-json\/wp\/v2\/users\/3"}],"replies":[{"embeddable":true,"href":"https:\/\/curesz.org\/pt_pt\/wp-json\/wp\/v2\/comments?post=4273"}],"version-history":[{"count":6,"href":"https:\/\/curesz.org\/pt_pt\/wp-json\/wp\/v2\/pages\/4273\/revisions"}],"predecessor-version":[{"id":4323,"href":"https:\/\/curesz.org\/pt_pt\/wp-json\/wp\/v2\/pages\/4273\/revisions\/4323"}],"wp:attachment":[{"href":"https:\/\/curesz.org\/pt_pt\/wp-json\/wp\/v2\/media?parent=4273"}],"curies":[{"name":"wp","href":"https:\/\/api.w.org\/{rel}","templated":true}]}}