{"id":4325,"date":"2022-03-23T19:32:49","date_gmt":"2022-03-23T19:32:49","guid":{"rendered":"https:\/\/curesz.org\/?page_id=4325"},"modified":"2022-03-23T19:32:49","modified_gmt":"2022-03-23T19:32:49","slug":"carson","status":"publish","type":"page","link":"https:\/\/curesz.org\/pt_pt\/survivors\/carson\/","title":{"rendered":"carson"},"content":{"rendered":"<p><div class=\"fusion-fullwidth fullwidth-box fusion-builder-row-1 fusion-flex-container nonhundred-percent-fullwidth non-hundred-percent-height-scrolling\" style=\"--awb-border-radius-top-left:0px;--awb-border-radius-top-right:0px;--awb-border-radius-bottom-right:0px;--awb-border-radius-bottom-left:0px;--awb-flex-wrap:wrap;\" ><div class=\"fusion-builder-row fusion-row fusion-flex-align-items-flex-start fusion-flex-content-wrap\" style=\"max-width:1352px;margin-left: calc(-4% \/ 2 );margin-right: calc(-4% \/ 2 );\"><div class=\"fusion-layout-column fusion_builder_column fusion-builder-column-0 fusion_builder_column_1_4 1_4 fusion-flex-column\" style=\"--awb-bg-size:cover;--awb-width-large:25%;--awb-margin-top-large:0px;--awb-spacing-right-large:7.68%;--awb-margin-bottom-large:20px;--awb-spacing-left-large:7.68%;--awb-width-medium:100%;--awb-spacing-right-medium:1.92%;--awb-spacing-left-medium:1.92%;--awb-width-small:100%;--awb-spacing-right-small:1.92%;--awb-spacing-left-small:1.92%;\"><div class=\"fusion-column-wrapper fusion-column-has-shadow fusion-flex-justify-content-flex-start fusion-content-layout-column\"><div class=\"fusion-image-element\" style=\"--awb-caption-title-font-family:var(--h2_typography-font-family);--awb-caption-title-font-weight:var(--h2_typography-font-weight);--awb-caption-title-font-style:var(--h2_typography-font-style);--awb-caption-title-size:var(--h2_typography-font-size);--awb-caption-title-transform:var(--h2_typography-text-transform);--awb-caption-title-line-height:var(--h2_typography-line-height);--awb-caption-title-letter-spacing:var(--h2_typography-letter-spacing);\"><span class=\"fusion-imageframe imageframe-none imageframe-1 hover-type-none\"><img decoding=\"async\" width=\"494\" height=\"492\" title=\"Carson cropped\" src=\"https:\/\/curesz.org\/wp-content\/uploads\/2022\/03\/Carson-cropped.jpeg\" data-orig-src=\"https:\/\/curesz.org\/wp-content\/uploads\/2022\/03\/Carson-cropped.jpeg\" alt class=\"lazyload img-responsive wp-image-4326\" srcset=\"data:image\/svg+xml,%3Csvg%20xmlns%3D%27http%3A%2F%2Fwww.w3.org%2F2000%2Fsvg%27%20width%3D%27494%27%20height%3D%27492%27%20viewBox%3D%270%200%20494%20492%27%3E%3Crect%20width%3D%27494%27%20height%3D%27492%27%20fill-opacity%3D%220%22%2F%3E%3C%2Fsvg%3E\" data-srcset=\"https:\/\/curesz.org\/wp-content\/uploads\/2022\/03\/Carson-cropped-200x199.jpeg 200w, https:\/\/curesz.org\/wp-content\/uploads\/2022\/03\/Carson-cropped-400x398.jpeg 400w, https:\/\/curesz.org\/wp-content\/uploads\/2022\/03\/Carson-cropped.jpeg 494w\" data-sizes=\"auto\" data-orig-sizes=\"(max-width: 1024px) 100vw, (max-width: 640px) 100vw, 400px\" \/><\/span><\/div><div class=\"fusion-text fusion-text-1\" style=\"--awb-text-transform:none;\"><p><strong>carson<\/strong><\/p>\n<\/div><\/div><\/div><div class=\"fusion-layout-column fusion_builder_column fusion-builder-column-1 fusion_builder_column_3_4 3_4 fusion-flex-column\" style=\"--awb-bg-size:cover;--awb-width-large:75%;--awb-margin-top-large:0px;--awb-spacing-right-large:2.56%;--awb-margin-bottom-large:20px;--awb-spacing-left-large:2.56%;--awb-width-medium:100%;--awb-spacing-right-medium:1.92%;--awb-spacing-left-medium:1.92%;--awb-width-small:100%;--awb-spacing-right-small:1.92%;--awb-spacing-left-small:1.92%;\"><div class=\"fusion-column-wrapper fusion-column-has-shadow fusion-flex-justify-content-flex-start fusion-content-layout-column\"><div class=\"fusion-text fusion-text-2\" style=\"--awb-text-transform:none;\"><p>Vencendo a Esquizofrenia: Carson<\/p>\n<p>Carson nasceu em 2000 em Tempe, Arizona, e tem quatro irm\u00e3os. Quando crian\u00e7a, ele estava particularmente interessado em matem\u00e1tica e ci\u00eancias. Sua m\u00e3e, uma engenheira qu\u00edmica, o inspirou.<\/p>\n<p>No col\u00e9gio, Carson teve uma vida social ativa e se destacou no atletismo e no futebol. Como j\u00fanior, ele viajou com seus colegas para os campeonatos estaduais de atletismo. Em seu \u00faltimo ano, ele foi presidente do corpo estudantil, presidindo mais de 1.800 alunos.<\/p>\n<p>Os primeiros sinais de um dist\u00farbio cerebral de Carson come\u00e7aram durante seu primeiro ano do ensino m\u00e9dio. Ele se sentia incapaz de se concentrar. Naquela \u00e9poca, ele largou o time de atletismo, que era seu esporte favorito. No \u00faltimo ano, ele teve aulas de matem\u00e1tica em equa\u00e7\u00f5es diferenciais para obter cr\u00e9dito duplo no ensino m\u00e9dio\/faculdade. Ele se saiu bem neste curso e em outras classes dif\u00edceis. No entanto, a partir dos 17 anos, Carson come\u00e7ou a fumar maconha pesadamente e tornou-se viciado. Seus sintomas psiqui\u00e1tricos se apresentaram ao mesmo tempo.<\/p>\n<p>Um dia depois de fumar, ele come\u00e7ava a sofrer de paran\u00f3ia. Ele sentiu que n\u00e3o podia \u201cdesligar o c\u00e9rebro\u201d. Enquanto fumava maconha, ele experimentou euforia, mas tamb\u00e9m paran\u00f3ia. No dia seguinte, embora a euforia estivesse ausente, a paran\u00f3ia permanecia.<\/p>\n<p>Carson se lembra de observar a contra\u00e7\u00e3o da m\u00e3o de um professor e se perguntar se isso significava que ela estava com raiva dele. Al\u00e9m da paran\u00f3ia, ele come\u00e7ou a ter alucina\u00e7\u00f5es visuais. Ele notou movimento em sua vis\u00e3o perif\u00e9rica. Ele se descreve durante esse tempo como um &quot;naufr\u00e1gio&quot;. No entanto, ele manteve seus sintomas em segredo.<\/p>\n<p>Quando estava terminando o ensino m\u00e9dio, Carson teve uma pontua\u00e7\u00e3o alta em seus SATs e recebeu uma bolsa acad\u00eamica para estudar engenharia biom\u00e9dica na Arizona State University.<\/p>\n<p>Em 2018, morando no dormit\u00f3rio, a vida ficou mais complicada. Seu colega de quarto era um traficante de drogas. Como Carson ficava regularmente acordado a noite toda, ficando chapado e agindo de forma irregular, ele foi expulso do dormit\u00f3rio. Ele retirou-se de todas as suas aulas. Naquele semestre, seus pais pediram ao tribunal que o levasse a uma ala psiqui\u00e1trica. Em outubro de 2018, Carson foi pego pela pol\u00edcia e levado para uma pris\u00e3o.<\/p>\n<p>Carson ficou hospitalizado por um m\u00eas. Durante sua estada no hospital, ele sentiu falta de ficar chapado. Os primeiros medicamentos prescritos pelo tribunal fizeram com que ele desenvolvesse movimentos involunt\u00e1rios, incluindo contra\u00e7\u00f5es musculares anormais nos ombros. Infelizmente, a equipe do hospital pensou que ele estava fingindo esses sintomas. Ele gritou com as enfermeiras, exigindo ser liberado.<\/p>\n<p>Ap\u00f3s sua alta do hospital, ele consentiu em tomar rem\u00e9dios orais para esquizofrenia e voluntariamente ia \u00e0s consultas m\u00e9dicas a cada duas semanas, mas voltou a se drogar com maconha regularmente.<\/p>\n<p>Finalmente, em abril de 2019, os pais de Carson o levaram a uma cl\u00ednica de reabilita\u00e7\u00e3o de diagn\u00f3stico duplo em Prescott, Arizona. Esperava-se que ele ficasse noventa dias, mas acabaria internado por um ano.<\/p>\n<p>Carson n\u00e3o queria ser tratado e sentiu que sua auto-estima estava abalada. Ele se lembra de frequentar grupos de apoio onde n\u00e3o se encaixava. Ele se sentiu protegido. No entanto, na reabilita\u00e7\u00e3o, ele acabou fazendo v\u00e1rios relacionamentos novos e saud\u00e1veis.<\/p>\n<p>Demorou muito para Carson se estabilizar. Oito meses ap\u00f3s sua chegada \u00e0 cl\u00ednica de reabilita\u00e7\u00e3o, ele recebeu prescri\u00e7\u00e3o de clozapina. Pela primeira vez em anos, sua mente come\u00e7ou a clarear. Suas alucina\u00e7\u00f5es visuais desapareceram e a paran\u00f3ia diminuiu. A maioria dos efeitos colaterais que experimentou com outros medicamentos desapareceu. Carson come\u00e7ou a se sentir saud\u00e1vel, como costumava se sentir no col\u00e9gio, antes do in\u00edcio dos sintomas.<\/p>\n<p>Enquanto estava na cl\u00ednica de reabilita\u00e7\u00e3o, Carson come\u00e7ou a ter aulas online na faculdade. Ele come\u00e7ou com uma aula de ingl\u00eas e passou para aulas de matem\u00e1tica avan\u00e7ada. Ele tamb\u00e9m mudou sua especializa\u00e7\u00e3o para matem\u00e1tica. Depois de concluir tr\u00eas cursos, Carson deixou as instala\u00e7\u00f5es para come\u00e7ar uma nova vida, voltou para a casa de seus pais e se matriculou novamente na universidade. Ele decidiu adicionar uma segunda especializa\u00e7\u00e3o, Engenharia de Sistemas de Computa\u00e7\u00e3o.<\/p>\n<p>No outono de 2021, Carson obteve nota A+ em cada uma de suas quatro aulas, incluindo cursos de matem\u00e1tica de alto n\u00edvel. Ele tamb\u00e9m come\u00e7ou recentemente a dar aulas particulares, o que espera continuar al\u00e9m de seus estudos em tempo integral.<\/p>\n<p>Hoje, Carson desfruta de um relacionamento amoroso com seus pais e fam\u00edlia novamente. Sem sintomas, ele prospera na faculdade em tempo integral. Em abril de 2022, ele completar\u00e1 tr\u00eas anos consecutivos limpo. Ele n\u00e3o tem nenhum desejo de usar drogas ou beber \u00e1lcool novamente.<\/p>\n<p>Carson est\u00e1 programado para concluir seu bacharelado em engenharia de matem\u00e1tica\/ci\u00eancia da computa\u00e7\u00e3o na primavera de 2024.<\/p>\n<\/div><\/div><\/div><\/div><\/div><div class=\"fusion-fullwidth fullwidth-box fusion-builder-row-2 fusion-flex-container hundred-percent-fullwidth non-hundred-percent-height-scrolling\" style=\"--awb-border-radius-top-left:0px;--awb-border-radius-top-right:0px;--awb-border-radius-bottom-right:0px;--awb-border-radius-bottom-left:0px;--awb-padding-top:0px;--awb-padding-right:0px;--awb-padding-bottom:0px;--awb-padding-left:0px;--awb-margin-top:0px;--awb-margin-bottom:0px;--awb-background-color:#015da7;--awb-flex-wrap:wrap;\" ><div class=\"fusion-builder-row fusion-row fusion-flex-align-items-flex-start fusion-flex-content-wrap\" style=\"width:104% !important;max-width:104% !important;margin-left: calc(-4% \/ 2 );margin-right: calc(-4% \/ 2 );\"><\/div><\/div>\n<\/p>","protected":false},"excerpt":{"rendered":"","protected":false},"author":3,"featured_media":0,"parent":35,"menu_order":0,"comment_status":"closed","ping_status":"closed","template":"100-width.php","meta":{"_acf_changed":false,"footnotes":""},"class_list":["post-4325","page","type-page","status-publish","hentry"],"acf":[],"yoast_head":"<!-- This site is optimized with the Yoast SEO plugin v27.3 - https:\/\/yoast.com\/product\/yoast-seo-wordpress\/ -->\n<title>Carson - CURESZ Foundation<\/title>\n<meta name=\"description\" content=\"Carson is a dual mathematics and computer systems engineering major at Arizona State University. He also works as a tutor.\" \/>\n<meta name=\"robots\" content=\"index, follow, max-snippet:-1, max-image-preview:large, max-video-preview:-1\" \/>\n<link rel=\"canonical\" href=\"https:\/\/curesz.org\/pt_pt\/survivors\/carson\/\" \/>\n<meta property=\"og:locale\" content=\"pt_PT\" \/>\n<meta property=\"og:type\" content=\"article\" \/>\n<meta property=\"og:title\" content=\"Carson - CURESZ Foundation\" \/>\n<meta property=\"og:description\" content=\"Carson is a dual mathematics and computer systems engineering major at Arizona State University. He also works as a tutor.\" \/>\n<meta property=\"og:url\" content=\"https:\/\/curesz.org\/pt_pt\/survivors\/carson\/\" \/>\n<meta property=\"og:site_name\" content=\"CURESZ Foundation\" \/>\n<meta property=\"article:publisher\" content=\"https:\/\/www.facebook.com\/Cureszorg\/\" \/>\n<meta name=\"twitter:card\" content=\"summary_large_image\" \/>\n<meta name=\"twitter:site\" content=\"@cureszorg\" \/>\n<meta name=\"twitter:label1\" content=\"Tempo estimado de leitura\" \/>\n\t<meta name=\"twitter:data1\" content=\"5 minutos\" \/>\n<script type=\"application\/ld+json\" class=\"yoast-schema-graph\">{\"@context\":\"https:\\\/\\\/schema.org\",\"@graph\":[{\"@type\":\"WebPage\",\"@id\":\"https:\\\/\\\/curesz.org\\\/survivors\\\/carson\\\/\",\"url\":\"https:\\\/\\\/curesz.org\\\/survivors\\\/carson\\\/\",\"name\":\"Carson - CURESZ Foundation\",\"isPartOf\":{\"@id\":\"https:\\\/\\\/curesz.org\\\/#website\"},\"datePublished\":\"2022-03-23T19:32:49+00:00\",\"description\":\"Carson is a dual mathematics and computer systems engineering major at Arizona State University. He also works as a tutor.\",\"breadcrumb\":{\"@id\":\"https:\\\/\\\/curesz.org\\\/survivors\\\/carson\\\/#breadcrumb\"},\"inLanguage\":\"pt-PT\",\"potentialAction\":[{\"@type\":\"ReadAction\",\"target\":[\"https:\\\/\\\/curesz.org\\\/survivors\\\/carson\\\/\"]}]},{\"@type\":\"BreadcrumbList\",\"@id\":\"https:\\\/\\\/curesz.org\\\/survivors\\\/carson\\\/#breadcrumb\",\"itemListElement\":[{\"@type\":\"ListItem\",\"position\":1,\"name\":\"Home\",\"item\":\"https:\\\/\\\/curesz.org\\\/\"},{\"@type\":\"ListItem\",\"position\":2,\"name\":\"Survivors\",\"item\":\"https:\\\/\\\/curesz.org\\\/survivors\\\/\"},{\"@type\":\"ListItem\",\"position\":3,\"name\":\"Carson\"}]},{\"@type\":\"WebSite\",\"@id\":\"https:\\\/\\\/curesz.org\\\/#website\",\"url\":\"https:\\\/\\\/curesz.org\\\/\",\"name\":\"CURESZ Foundation\",\"description\":\"The CURESZ Foundation provides educational updates to patients, families, healthcare professionals and the general public about schizophrenia.\",\"publisher\":{\"@id\":\"https:\\\/\\\/curesz.org\\\/#organization\"},\"potentialAction\":[{\"@type\":\"SearchAction\",\"target\":{\"@type\":\"EntryPoint\",\"urlTemplate\":\"https:\\\/\\\/curesz.org\\\/?s={search_term_string}\"},\"query-input\":{\"@type\":\"PropertyValueSpecification\",\"valueRequired\":true,\"valueName\":\"search_term_string\"}}],\"inLanguage\":\"pt-PT\"},{\"@type\":\"Organization\",\"@id\":\"https:\\\/\\\/curesz.org\\\/#organization\",\"name\":\"Curesz Foundation\",\"url\":\"https:\\\/\\\/curesz.org\\\/\",\"logo\":{\"@type\":\"ImageObject\",\"inLanguage\":\"pt-PT\",\"@id\":\"https:\\\/\\\/curesz.org\\\/#\\\/schema\\\/logo\\\/image\\\/\",\"url\":\"https:\\\/\\\/curesz.org\\\/wp-content\\\/uploads\\\/2020\\\/02\\\/cropped-Logo-with-Foundation-Custom.png\",\"contentUrl\":\"https:\\\/\\\/curesz.org\\\/wp-content\\\/uploads\\\/2020\\\/02\\\/cropped-Logo-with-Foundation-Custom.png\",\"width\":200,\"height\":133,\"caption\":\"Curesz Foundation\"},\"image\":{\"@id\":\"https:\\\/\\\/curesz.org\\\/#\\\/schema\\\/logo\\\/image\\\/\"},\"sameAs\":[\"https:\\\/\\\/www.facebook.com\\\/Cureszorg\\\/\",\"https:\\\/\\\/x.com\\\/cureszorg\",\"https:\\\/\\\/www.instagram.com\\\/cureszfoundation\\\/\",\"https:\\\/\\\/www.youtube.com\\\/channel\\\/UCT3uVzTt8jiJ2qdhuosHPvg\"]}]}<\/script>\n<!-- \/ Yoast SEO plugin. -->","yoast_head_json":{"title":"Carson - CURESZ Foundation","description":"Carson is a dual mathematics and computer systems engineering major at Arizona State University. He also works as a tutor.","robots":{"index":"index","follow":"follow","max-snippet":"max-snippet:-1","max-image-preview":"max-image-preview:large","max-video-preview":"max-video-preview:-1"},"canonical":"https:\/\/curesz.org\/pt_pt\/survivors\/carson\/","og_locale":"pt_PT","og_type":"article","og_title":"Carson - CURESZ Foundation","og_description":"Carson is a dual mathematics and computer systems engineering major at Arizona State University. He also works as a tutor.","og_url":"https:\/\/curesz.org\/pt_pt\/survivors\/carson\/","og_site_name":"CURESZ Foundation","article_publisher":"https:\/\/www.facebook.com\/Cureszorg\/","twitter_card":"summary_large_image","twitter_site":"@cureszorg","twitter_misc":{"Tempo estimado de leitura":"5 minutos"},"schema":{"@context":"https:\/\/schema.org","@graph":[{"@type":"WebPage","@id":"https:\/\/curesz.org\/survivors\/carson\/","url":"https:\/\/curesz.org\/survivors\/carson\/","name":"Carson - CURESZ Foundation","isPartOf":{"@id":"https:\/\/curesz.org\/#website"},"datePublished":"2022-03-23T19:32:49+00:00","description":"Carson is a dual mathematics and computer systems engineering major at Arizona State University. He also works as a tutor.","breadcrumb":{"@id":"https:\/\/curesz.org\/survivors\/carson\/#breadcrumb"},"inLanguage":"pt-PT","potentialAction":[{"@type":"ReadAction","target":["https:\/\/curesz.org\/survivors\/carson\/"]}]},{"@type":"BreadcrumbList","@id":"https:\/\/curesz.org\/survivors\/carson\/#breadcrumb","itemListElement":[{"@type":"ListItem","position":1,"name":"Home","item":"https:\/\/curesz.org\/"},{"@type":"ListItem","position":2,"name":"Survivors","item":"https:\/\/curesz.org\/survivors\/"},{"@type":"ListItem","position":3,"name":"Carson"}]},{"@type":"WebSite","@id":"https:\/\/curesz.org\/#website","url":"https:\/\/curesz.org\/","name":"Funda\u00e7\u00e3o CURESZ","description":"A Funda\u00e7\u00e3o CURESZ fornece atualiza\u00e7\u00f5es educacionais para pacientes, familiares, profissionais de sa\u00fade e p\u00fablico em geral sobre esquizofrenia.","publisher":{"@id":"https:\/\/curesz.org\/#organization"},"potentialAction":[{"@type":"SearchAction","target":{"@type":"EntryPoint","urlTemplate":"https:\/\/curesz.org\/?s={search_term_string}"},"query-input":{"@type":"PropertyValueSpecification","valueRequired":true,"valueName":"search_term_string"}}],"inLanguage":"pt-PT"},{"@type":"Organization","@id":"https:\/\/curesz.org\/#organization","name":"Curesz Foundation","url":"https:\/\/curesz.org\/","logo":{"@type":"ImageObject","inLanguage":"pt-PT","@id":"https:\/\/curesz.org\/#\/schema\/logo\/image\/","url":"https:\/\/curesz.org\/wp-content\/uploads\/2020\/02\/cropped-Logo-with-Foundation-Custom.png","contentUrl":"https:\/\/curesz.org\/wp-content\/uploads\/2020\/02\/cropped-Logo-with-Foundation-Custom.png","width":200,"height":133,"caption":"Curesz Foundation"},"image":{"@id":"https:\/\/curesz.org\/#\/schema\/logo\/image\/"},"sameAs":["https:\/\/www.facebook.com\/Cureszorg\/","https:\/\/x.com\/cureszorg","https:\/\/www.instagram.com\/cureszfoundation\/","https:\/\/www.youtube.com\/channel\/UCT3uVzTt8jiJ2qdhuosHPvg"]}]}},"_links":{"self":[{"href":"https:\/\/curesz.org\/pt_pt\/wp-json\/wp\/v2\/pages\/4325","targetHints":{"allow":["GET"]}}],"collection":[{"href":"https:\/\/curesz.org\/pt_pt\/wp-json\/wp\/v2\/pages"}],"about":[{"href":"https:\/\/curesz.org\/pt_pt\/wp-json\/wp\/v2\/types\/page"}],"author":[{"embeddable":true,"href":"https:\/\/curesz.org\/pt_pt\/wp-json\/wp\/v2\/users\/3"}],"replies":[{"embeddable":true,"href":"https:\/\/curesz.org\/pt_pt\/wp-json\/wp\/v2\/comments?post=4325"}],"version-history":[{"count":2,"href":"https:\/\/curesz.org\/pt_pt\/wp-json\/wp\/v2\/pages\/4325\/revisions"}],"predecessor-version":[{"id":4353,"href":"https:\/\/curesz.org\/pt_pt\/wp-json\/wp\/v2\/pages\/4325\/revisions\/4353"}],"up":[{"embeddable":true,"href":"https:\/\/curesz.org\/pt_pt\/wp-json\/wp\/v2\/pages\/35"}],"wp:attachment":[{"href":"https:\/\/curesz.org\/pt_pt\/wp-json\/wp\/v2\/media?parent=4325"}],"curies":[{"name":"wp","href":"https:\/\/api.w.org\/{rel}","templated":true}]}}