{"id":4328,"date":"2022-03-23T19:29:57","date_gmt":"2022-03-23T19:29:57","guid":{"rendered":"https:\/\/curesz.org\/?page_id=4328"},"modified":"2022-03-23T19:29:57","modified_gmt":"2022-03-23T19:29:57","slug":"2022-04-01-pieces-of-love","status":"publish","type":"page","link":"https:\/\/curesz.org\/pt_pt\/2022-04-01-pieces-of-love\/","title":{"rendered":"peda\u00e7os de amor"},"content":{"rendered":"<p><div class=\"fusion-fullwidth fullwidth-box fusion-builder-row-1 fusion-flex-container nonhundred-percent-fullwidth non-hundred-percent-height-scrolling\" style=\"--awb-border-radius-top-left:0px;--awb-border-radius-top-right:0px;--awb-border-radius-bottom-right:0px;--awb-border-radius-bottom-left:0px;--awb-flex-wrap:wrap;\" ><div class=\"fusion-builder-row fusion-row fusion-flex-align-items-flex-start fusion-flex-content-wrap\" style=\"max-width:1352px;margin-left: calc(-4% \/ 2 );margin-right: calc(-4% \/ 2 );\"><div class=\"fusion-layout-column fusion_builder_column fusion-builder-column-0 fusion_builder_column_1_4 1_4 fusion-flex-column\" style=\"--awb-bg-size:cover;--awb-width-large:25%;--awb-margin-top-large:0px;--awb-spacing-right-large:7.68%;--awb-margin-bottom-large:20px;--awb-spacing-left-large:7.68%;--awb-width-medium:100%;--awb-spacing-right-medium:1.92%;--awb-spacing-left-medium:1.92%;--awb-width-small:100%;--awb-spacing-right-small:1.92%;--awb-spacing-left-small:1.92%;\"><div class=\"fusion-column-wrapper fusion-column-has-shadow fusion-flex-justify-content-flex-start fusion-content-layout-column\"><div class=\"fusion-image-element\" style=\"--awb-caption-title-font-family:var(--h2_typography-font-family);--awb-caption-title-font-weight:var(--h2_typography-font-weight);--awb-caption-title-font-style:var(--h2_typography-font-style);--awb-caption-title-size:var(--h2_typography-font-size);--awb-caption-title-transform:var(--h2_typography-text-transform);--awb-caption-title-line-height:var(--h2_typography-line-height);--awb-caption-title-letter-spacing:var(--h2_typography-letter-spacing);\"><span class=\"fusion-imageframe imageframe-none imageframe-1 hover-type-none\"><img decoding=\"async\" width=\"300\" height=\"300\" title=\"bethany300\" src=\"https:\/\/curesz.org\/wp-content\/uploads\/2019\/08\/bethany300.jpg\" data-orig-src=\"https:\/\/curesz.org\/wp-content\/uploads\/2019\/08\/bethany300.jpg\" alt class=\"lazyload img-responsive wp-image-2443\" srcset=\"data:image\/svg+xml,%3Csvg%20xmlns%3D%27http%3A%2F%2Fwww.w3.org%2F2000%2Fsvg%27%20width%3D%27300%27%20height%3D%27300%27%20viewBox%3D%270%200%20300%20300%27%3E%3Crect%20width%3D%27300%27%20height%3D%27300%27%20fill-opacity%3D%220%22%2F%3E%3C%2Fsvg%3E\" data-srcset=\"https:\/\/curesz.org\/wp-content\/uploads\/2019\/08\/bethany300-200x200.jpg 200w, https:\/\/curesz.org\/wp-content\/uploads\/2019\/08\/bethany300.jpg 300w\" data-sizes=\"auto\" data-orig-sizes=\"(max-width: 1024px) 100vw, (max-width: 640px) 100vw, 300px\" \/><\/span><\/div><div class=\"fusion-text fusion-text-1\" style=\"--awb-text-transform:none;\"><p><strong>Bethany Yeiser, BS<br \/>\nPresidente da Funda\u00e7\u00e3o CURESZ<\/strong><\/p>\n<\/div><\/div><\/div><div class=\"fusion-layout-column fusion_builder_column fusion-builder-column-1 fusion_builder_column_3_4 3_4 fusion-flex-column\" style=\"--awb-bg-size:cover;--awb-width-large:75%;--awb-margin-top-large:0px;--awb-spacing-right-large:2.56%;--awb-margin-bottom-large:20px;--awb-spacing-left-large:2.56%;--awb-width-medium:100%;--awb-spacing-right-medium:1.92%;--awb-spacing-left-medium:1.92%;--awb-width-small:100%;--awb-spacing-right-small:1.92%;--awb-spacing-left-small:1.92%;\"><div class=\"fusion-column-wrapper fusion-column-has-shadow fusion-flex-justify-content-flex-start fusion-content-layout-column\"><div class=\"fusion-text fusion-text-2\" style=\"--awb-text-transform:none;\"><p>peda\u00e7os de amor<\/p>\n<p>\u00c0s vezes acho dif\u00edcil conciliar meu passado com o presente. A esquizofrenia pode ser um interruptor cruel da vida em tudo o que ela implica. Eu me encontrei em uma jornada que n\u00e3o escolhi e nunca esperei fazer. Nunca sonhei em n\u00e3o me formar na faculdade em 2003, quatro anos depois de me matricular na University of Southern California. Tamb\u00e9m nunca esperei ficar sem-teto, muito menos por quatro anos, e na mesma cidade onde j\u00e1 fui um aluno dedicado. Antes do meu surto psic\u00f3tico, a vida estava cheia de realiza\u00e7\u00f5es, amigos e esperan\u00e7a para o futuro.<\/p>\n<p>Ocasionalmente, ou\u00e7o pessoas com esquizofrenia dizerem que experimentaram o transtorno durante toda a vida, de uma forma ou de outra. Mais comumente, no entanto, a esquizofrenia se apresenta como uma bomba-rel\u00f3gio. At\u00e9 que exploda, geralmente n\u00e3o h\u00e1 sinais de alerta distintos.<\/p>\n<p>Enquanto estava no ensino m\u00e9dio, eu estava seguro, feliz e pr\u00f3spero. Todos em minha vida esperavam que, como adulto, eu seria bem-sucedido. Infelizmente, por causa da minha esquizofrenia, parecia que isso nunca aconteceria.<\/p>\n<p>Armazenado em uma caixa de papel\u00e3o, encontrei uma variedade de tesouros da minha inf\u00e2ncia e antes que a esquizofrenia mudasse minha vida. Encontrei pequenas figuras feitas de pedras coladas e pintadas. Havia um sapo verde e uma criatura azul brilhante com olhos grandes. Ambos me fizeram rir e lembrar da alegria juvenil. As figuras me lembraram do acampamento de ver\u00e3o da igreja quando eu era crian\u00e7a, onde faz\u00edamos uma variedade de artesanatos interessantes. Todos os dias, quando terminava o acampamento de ver\u00e3o, meu irm\u00e3o e eu volt\u00e1vamos para casa e \u00edamos nadar.<\/p>\n<p>Ao transferir esses amigos h\u00e1 muito esquecidos da caixa para um lugar perto da minha c\u00f4moda, eu os misturei \u00e0 minha vida atual. Diariamente, sou recebido com amor e alegria desde a minha inf\u00e2ncia.<\/p>\n<p>Tamb\u00e9m encontrei velhos cadernos, camisetas, distintivos e \u201cmedalhas ol\u00edmpicas\u201d de um clube feminino que tr\u00eas de minhas amigas e eu \u201cfundamos\u201d. Os materiais foram todos pintados com o logotipo do nosso clube. As \u201cmedalhas ol\u00edmpicas\u201d eram de uma competi\u00e7\u00e3o que organizamos com v\u00e1rios eventos, incluindo uma pista de ciclismo, uma competi\u00e7\u00e3o de nata\u00e7\u00e3o e uma pista de obst\u00e1culos, percorrendo nossos cinco acres de propriedade. Lembro que a menina mais nova, Annie, ganhou o ouro. Minha medalha foi de prata pelo segundo lugar. Havia tanto amor nas amizades da minha juventude antes que a esquizofrenia interrompesse minha vida. Os sinais dos dias passados preenchem e completam o c\u00edrculo da minha vida, desde o bem-estar at\u00e9 a doen\u00e7a e depois de volta \u00e0 recupera\u00e7\u00e3o.<\/p>\n<p>Encontrei uma caneta seca de Israel, um presente de minha professora da primeira s\u00e9rie que havia visitado Israel recentemente. Isso me fascinou. Lembro-me de segur\u00e1-lo e sonhar em ir para Israel. Infelizmente, nunca teria imaginado que um dia seria iludido ao acreditar que ajudaria a garantir a paz no Oriente M\u00e9dio, pois minha mente estava falhando.<\/p>\n<p>Perto do fundo da caixa, encontrei moedas que colecionei quando crian\u00e7a de todo o mundo. Uma moeda, de Hong Kong, tinha um buraco no centro, rodeado por caracteres chineses. Eu costumava segurar a moeda e sonhar em visitar Hong Kong um dia. Nunca esperei visitar Hong Kong, mas apenas enquanto sofria de psicose associada \u00e0 esquizofrenia. Agora a moeda junta-se ao meu passaporte que cont\u00e9m os carimbos de todos os lugares do mundo por onde viajei.<\/p>\n<p>Ao examinar esses antigos tesouros, reflito sobre meus anos sintom\u00e1ticos de esquizofrenia e isolados do amor. Os tesouros me lembram do amor que experimentei antes da doen\u00e7a. Enquanto eu estava mentalmente doente, sem-teto e me isolando da fam\u00edlia e dos amigos, sofri de pobreza financeira e tamb\u00e9m de amor. Anos depois, permitiria mais uma vez que o amor deles flu\u00edsse em minha vida.<\/p>\n<p>Por mais doloroso que seja, percebo que minha vida \u00e9 uma composi\u00e7\u00e3o de todos os diferentes cap\u00edtulos juntos, e cada cap\u00edtulo importa e encontra maior significado em uma hist\u00f3ria coesa e cont\u00ednua. Quando as pessoas s\u00e3o afetadas por uma doen\u00e7a grave, cria-se uma pausa ou lacuna. Para mim, coisas dif\u00edceis e coisas boas se juntaram para me tornar uma pessoa mais completa e compassiva.<\/p>\n<p>Minha boneca de porcelana, que ganhei de uma amiga, agora est\u00e1 exposta no meu quarto e me traz alegria. Ela foi libertada da caixa de armazenamento.<\/p>\n<p>Recuperar os peda\u00e7os de amor do passado e traz\u00ea-los para a frente enriqueceu a vida saud\u00e1vel que vivo agora.<\/p>\n<p>Hoje, sou grato por minha medica\u00e7\u00e3o antipsic\u00f3tica, que me permitiu me recuperar completamente, voltando a uma vida pr\u00f3spera e com prop\u00f3sito. Minha vida deu voltas inesperadas que foram mais dif\u00edceis do que eu jamais teria imaginado. Mas a maior surpresa foram as pequenas p\u00edlulas que tomo todos os dias que me levaram \u00e0 recupera\u00e7\u00e3o e me permitiram trabalhar, ser volunt\u00e1ria, estudar e reviver relacionamentos significativos. Agrade\u00e7o todos os dias pela chance de uma vida restaurada que recebi com rem\u00e9dios. Quando olho para a caneta do Oriente M\u00e9dio, n\u00e3o aspiro mais a ajudar a criar a paz mundial.<\/p>\n<p>A esquizofrenia pode de fato ser um interruptor cruel da vida. Mas hoje h\u00e1 esperan\u00e7a de um retorno \u00e0s coisas com as quais mais nos importamos e que nos ajudam a definir quem somos.<\/p>\n<p>Eu sou um sobrevivente de um dist\u00farbio cerebral. Espero que outras pessoas afetadas por dist\u00farbios cerebrais graves tamb\u00e9m possam trazer fragmentos de amor de seu passado para o presente, a fim de nutrir e completar a hist\u00f3ria de suas vidas.<\/p>\n<\/div><\/div><\/div><\/div><\/div><div class=\"fusion-fullwidth fullwidth-box fusion-builder-row-2 fusion-flex-container hundred-percent-fullwidth non-hundred-percent-height-scrolling\" style=\"--awb-border-radius-top-left:0px;--awb-border-radius-top-right:0px;--awb-border-radius-bottom-right:0px;--awb-border-radius-bottom-left:0px;--awb-padding-top:0px;--awb-padding-right:0px;--awb-padding-bottom:0px;--awb-padding-left:0px;--awb-margin-top:0px;--awb-margin-bottom:0px;--awb-background-color:#015da7;--awb-flex-wrap:wrap;\" ><div class=\"fusion-builder-row fusion-row fusion-flex-align-items-flex-start fusion-flex-content-wrap\" style=\"width:104% !important;max-width:104% !important;margin-left: calc(-4% \/ 2 );margin-right: calc(-4% \/ 2 );\"><\/div><\/div>\n<\/p>","protected":false},"excerpt":{"rendered":"","protected":false},"author":3,"featured_media":0,"parent":0,"menu_order":0,"comment_status":"closed","ping_status":"closed","template":"100-width.php","meta":{"_acf_changed":false,"footnotes":""},"class_list":["post-4328","page","type-page","status-publish","hentry"],"acf":[],"yoast_head":"<!-- This site is optimized with the Yoast SEO plugin v27.4 - https:\/\/yoast.com\/product\/yoast-seo-wordpress\/ -->\n<title>Pieces of Love - CURESZ Foundation<\/title>\n<meta name=\"description\" content=\"Sometimes I find it hard to reconcile my past with the present. Schizophrenia can be a cruel interrupter of life in all it entails.\" \/>\n<meta name=\"robots\" content=\"index, follow, max-snippet:-1, max-image-preview:large, max-video-preview:-1\" \/>\n<link rel=\"canonical\" href=\"https:\/\/curesz.org\/pt_pt\/2022-04-01-pieces-of-love\/\" \/>\n<meta property=\"og:locale\" content=\"pt_PT\" \/>\n<meta property=\"og:type\" content=\"article\" \/>\n<meta property=\"og:title\" content=\"Pieces of Love - CURESZ Foundation\" \/>\n<meta property=\"og:description\" content=\"Sometimes I find it hard to reconcile my past with the present. Schizophrenia can be a cruel interrupter of life in all it entails.\" \/>\n<meta property=\"og:url\" content=\"https:\/\/curesz.org\/pt_pt\/2022-04-01-pieces-of-love\/\" \/>\n<meta property=\"og:site_name\" content=\"CURESZ Foundation\" \/>\n<meta property=\"article:publisher\" content=\"https:\/\/www.facebook.com\/Cureszorg\/\" \/>\n<meta name=\"twitter:card\" content=\"summary_large_image\" \/>\n<meta name=\"twitter:site\" content=\"@cureszorg\" \/>\n<meta name=\"twitter:label1\" content=\"Tempo estimado de leitura\" \/>\n\t<meta name=\"twitter:data1\" content=\"8 minutos\" \/>\n<script type=\"application\/ld+json\" class=\"yoast-schema-graph\">{\"@context\":\"https:\\\/\\\/schema.org\",\"@graph\":[{\"@type\":\"WebPage\",\"@id\":\"https:\\\/\\\/curesz.org\\\/2022-04-01-pieces-of-love\\\/\",\"url\":\"https:\\\/\\\/curesz.org\\\/2022-04-01-pieces-of-love\\\/\",\"name\":\"Pieces of Love - CURESZ Foundation\",\"isPartOf\":{\"@id\":\"https:\\\/\\\/curesz.org\\\/#website\"},\"datePublished\":\"2022-03-23T19:29:57+00:00\",\"description\":\"Sometimes I find it hard to reconcile my past with the present. Schizophrenia can be a cruel interrupter of life in all it entails.\",\"breadcrumb\":{\"@id\":\"https:\\\/\\\/curesz.org\\\/2022-04-01-pieces-of-love\\\/#breadcrumb\"},\"inLanguage\":\"pt-PT\",\"potentialAction\":[{\"@type\":\"ReadAction\",\"target\":[\"https:\\\/\\\/curesz.org\\\/2022-04-01-pieces-of-love\\\/\"]}]},{\"@type\":\"BreadcrumbList\",\"@id\":\"https:\\\/\\\/curesz.org\\\/2022-04-01-pieces-of-love\\\/#breadcrumb\",\"itemListElement\":[{\"@type\":\"ListItem\",\"position\":1,\"name\":\"Home\",\"item\":\"https:\\\/\\\/curesz.org\\\/\"},{\"@type\":\"ListItem\",\"position\":2,\"name\":\"Pieces of Love\"}]},{\"@type\":\"WebSite\",\"@id\":\"https:\\\/\\\/curesz.org\\\/#website\",\"url\":\"https:\\\/\\\/curesz.org\\\/\",\"name\":\"CURESZ Foundation\",\"description\":\"The CURESZ Foundation provides educational updates to patients, families, healthcare professionals and the general public about schizophrenia.\",\"publisher\":{\"@id\":\"https:\\\/\\\/curesz.org\\\/#organization\"},\"potentialAction\":[{\"@type\":\"SearchAction\",\"target\":{\"@type\":\"EntryPoint\",\"urlTemplate\":\"https:\\\/\\\/curesz.org\\\/?s={search_term_string}\"},\"query-input\":{\"@type\":\"PropertyValueSpecification\",\"valueRequired\":true,\"valueName\":\"search_term_string\"}}],\"inLanguage\":\"pt-PT\"},{\"@type\":\"Organization\",\"@id\":\"https:\\\/\\\/curesz.org\\\/#organization\",\"name\":\"Curesz Foundation\",\"url\":\"https:\\\/\\\/curesz.org\\\/\",\"logo\":{\"@type\":\"ImageObject\",\"inLanguage\":\"pt-PT\",\"@id\":\"https:\\\/\\\/curesz.org\\\/#\\\/schema\\\/logo\\\/image\\\/\",\"url\":\"https:\\\/\\\/curesz.org\\\/wp-content\\\/uploads\\\/2020\\\/02\\\/cropped-Logo-with-Foundation-Custom.png\",\"contentUrl\":\"https:\\\/\\\/curesz.org\\\/wp-content\\\/uploads\\\/2020\\\/02\\\/cropped-Logo-with-Foundation-Custom.png\",\"width\":200,\"height\":133,\"caption\":\"Curesz Foundation\"},\"image\":{\"@id\":\"https:\\\/\\\/curesz.org\\\/#\\\/schema\\\/logo\\\/image\\\/\"},\"sameAs\":[\"https:\\\/\\\/www.facebook.com\\\/Cureszorg\\\/\",\"https:\\\/\\\/x.com\\\/cureszorg\",\"https:\\\/\\\/www.instagram.com\\\/cureszfoundation\\\/\",\"https:\\\/\\\/www.youtube.com\\\/channel\\\/UCT3uVzTt8jiJ2qdhuosHPvg\"]}]}<\/script>\n<!-- \/ Yoast SEO plugin. -->","yoast_head_json":{"title":"Pieces of Love - CURESZ Foundation","description":"Sometimes I find it hard to reconcile my past with the present. Schizophrenia can be a cruel interrupter of life in all it entails.","robots":{"index":"index","follow":"follow","max-snippet":"max-snippet:-1","max-image-preview":"max-image-preview:large","max-video-preview":"max-video-preview:-1"},"canonical":"https:\/\/curesz.org\/pt_pt\/2022-04-01-pieces-of-love\/","og_locale":"pt_PT","og_type":"article","og_title":"Pieces of Love - CURESZ Foundation","og_description":"Sometimes I find it hard to reconcile my past with the present. Schizophrenia can be a cruel interrupter of life in all it entails.","og_url":"https:\/\/curesz.org\/pt_pt\/2022-04-01-pieces-of-love\/","og_site_name":"CURESZ Foundation","article_publisher":"https:\/\/www.facebook.com\/Cureszorg\/","twitter_card":"summary_large_image","twitter_site":"@cureszorg","twitter_misc":{"Tempo estimado de leitura":"8 minutos"},"schema":{"@context":"https:\/\/schema.org","@graph":[{"@type":"WebPage","@id":"https:\/\/curesz.org\/2022-04-01-pieces-of-love\/","url":"https:\/\/curesz.org\/2022-04-01-pieces-of-love\/","name":"Pieces of Love - CURESZ Foundation","isPartOf":{"@id":"https:\/\/curesz.org\/#website"},"datePublished":"2022-03-23T19:29:57+00:00","description":"Sometimes I find it hard to reconcile my past with the present. Schizophrenia can be a cruel interrupter of life in all it entails.","breadcrumb":{"@id":"https:\/\/curesz.org\/2022-04-01-pieces-of-love\/#breadcrumb"},"inLanguage":"pt-PT","potentialAction":[{"@type":"ReadAction","target":["https:\/\/curesz.org\/2022-04-01-pieces-of-love\/"]}]},{"@type":"BreadcrumbList","@id":"https:\/\/curesz.org\/2022-04-01-pieces-of-love\/#breadcrumb","itemListElement":[{"@type":"ListItem","position":1,"name":"Home","item":"https:\/\/curesz.org\/"},{"@type":"ListItem","position":2,"name":"Pieces of Love"}]},{"@type":"WebSite","@id":"https:\/\/curesz.org\/#website","url":"https:\/\/curesz.org\/","name":"Funda\u00e7\u00e3o CURESZ","description":"A Funda\u00e7\u00e3o CURESZ fornece atualiza\u00e7\u00f5es educacionais para pacientes, familiares, profissionais de sa\u00fade e p\u00fablico em geral sobre esquizofrenia.","publisher":{"@id":"https:\/\/curesz.org\/#organization"},"potentialAction":[{"@type":"SearchAction","target":{"@type":"EntryPoint","urlTemplate":"https:\/\/curesz.org\/?s={search_term_string}"},"query-input":{"@type":"PropertyValueSpecification","valueRequired":true,"valueName":"search_term_string"}}],"inLanguage":"pt-PT"},{"@type":"Organization","@id":"https:\/\/curesz.org\/#organization","name":"Curesz Foundation","url":"https:\/\/curesz.org\/","logo":{"@type":"ImageObject","inLanguage":"pt-PT","@id":"https:\/\/curesz.org\/#\/schema\/logo\/image\/","url":"https:\/\/curesz.org\/wp-content\/uploads\/2020\/02\/cropped-Logo-with-Foundation-Custom.png","contentUrl":"https:\/\/curesz.org\/wp-content\/uploads\/2020\/02\/cropped-Logo-with-Foundation-Custom.png","width":200,"height":133,"caption":"Curesz Foundation"},"image":{"@id":"https:\/\/curesz.org\/#\/schema\/logo\/image\/"},"sameAs":["https:\/\/www.facebook.com\/Cureszorg\/","https:\/\/x.com\/cureszorg","https:\/\/www.instagram.com\/cureszfoundation\/","https:\/\/www.youtube.com\/channel\/UCT3uVzTt8jiJ2qdhuosHPvg"]}]}},"_links":{"self":[{"href":"https:\/\/curesz.org\/pt_pt\/wp-json\/wp\/v2\/pages\/4328","targetHints":{"allow":["GET"]}}],"collection":[{"href":"https:\/\/curesz.org\/pt_pt\/wp-json\/wp\/v2\/pages"}],"about":[{"href":"https:\/\/curesz.org\/pt_pt\/wp-json\/wp\/v2\/types\/page"}],"author":[{"embeddable":true,"href":"https:\/\/curesz.org\/pt_pt\/wp-json\/wp\/v2\/users\/3"}],"replies":[{"embeddable":true,"href":"https:\/\/curesz.org\/pt_pt\/wp-json\/wp\/v2\/comments?post=4328"}],"version-history":[{"count":4,"href":"https:\/\/curesz.org\/pt_pt\/wp-json\/wp\/v2\/pages\/4328\/revisions"}],"predecessor-version":[{"id":4352,"href":"https:\/\/curesz.org\/pt_pt\/wp-json\/wp\/v2\/pages\/4328\/revisions\/4352"}],"wp:attachment":[{"href":"https:\/\/curesz.org\/pt_pt\/wp-json\/wp\/v2\/media?parent=4328"}],"curies":[{"name":"wp","href":"https:\/\/api.w.org\/{rel}","templated":true}]}}