{"id":4330,"date":"2022-03-23T19:31:30","date_gmt":"2022-03-23T19:31:30","guid":{"rendered":"https:\/\/curesz.org\/?page_id=4330"},"modified":"2022-03-23T19:31:30","modified_gmt":"2022-03-23T19:31:30","slug":"2022-04-01-testifying-for-treatment","status":"publish","type":"page","link":"https:\/\/curesz.org\/pt_pt\/2022-04-01-testifying-for-treatment\/","title":{"rendered":"Testemunho para tratamento"},"content":{"rendered":"<p><div class=\"fusion-fullwidth fullwidth-box fusion-builder-row-1 fusion-flex-container nonhundred-percent-fullwidth non-hundred-percent-height-scrolling\" style=\"--awb-border-radius-top-left:0px;--awb-border-radius-top-right:0px;--awb-border-radius-bottom-right:0px;--awb-border-radius-bottom-left:0px;--awb-flex-wrap:wrap;\" ><div class=\"fusion-builder-row fusion-row fusion-flex-align-items-flex-start fusion-flex-content-wrap\" style=\"max-width:1352px;margin-left: calc(-4% \/ 2 );margin-right: calc(-4% \/ 2 );\"><div class=\"fusion-layout-column fusion_builder_column fusion-builder-column-0 fusion_builder_column_1_4 1_4 fusion-flex-column\" style=\"--awb-bg-size:cover;--awb-width-large:25%;--awb-margin-top-large:0px;--awb-spacing-right-large:7.68%;--awb-margin-bottom-large:20px;--awb-spacing-left-large:7.68%;--awb-width-medium:100%;--awb-spacing-right-medium:1.92%;--awb-spacing-left-medium:1.92%;--awb-width-small:100%;--awb-spacing-right-small:1.92%;--awb-spacing-left-small:1.92%;\"><div class=\"fusion-column-wrapper fusion-column-has-shadow fusion-flex-justify-content-flex-start fusion-content-layout-column\"><div class=\"fusion-image-element\" style=\"--awb-caption-title-font-family:var(--h2_typography-font-family);--awb-caption-title-font-weight:var(--h2_typography-font-weight);--awb-caption-title-font-style:var(--h2_typography-font-style);--awb-caption-title-size:var(--h2_typography-font-size);--awb-caption-title-transform:var(--h2_typography-text-transform);--awb-caption-title-line-height:var(--h2_typography-line-height);--awb-caption-title-letter-spacing:var(--h2_typography-letter-spacing);\"><span class=\"fusion-imageframe imageframe-none imageframe-1 hover-type-none\"><img decoding=\"async\" width=\"469\" height=\"399\" title=\"testemunhando\" src=\"https:\/\/curesz.org\/wp-content\/uploads\/2022\/03\/testifying.jpg\" data-orig-src=\"https:\/\/curesz.org\/wp-content\/uploads\/2022\/03\/testifying.jpg\" alt class=\"lazyload img-responsive wp-image-4347\" srcset=\"data:image\/svg+xml,%3Csvg%20xmlns%3D%27http%3A%2F%2Fwww.w3.org%2F2000%2Fsvg%27%20width%3D%27469%27%20height%3D%27399%27%20viewBox%3D%270%200%20469%20399%27%3E%3Crect%20width%3D%27469%27%20height%3D%27399%27%20fill-opacity%3D%220%22%2F%3E%3C%2Fsvg%3E\" data-srcset=\"https:\/\/curesz.org\/wp-content\/uploads\/2022\/03\/testifying-200x170.jpg 200w, https:\/\/curesz.org\/wp-content\/uploads\/2022\/03\/testifying-400x340.jpg 400w, https:\/\/curesz.org\/wp-content\/uploads\/2022\/03\/testifying.jpg 469w\" data-sizes=\"auto\" data-orig-sizes=\"(max-width: 1024px) 100vw, (max-width: 640px) 100vw, 400px\" \/><\/span><\/div><div class=\"fusion-text fusion-text-1\" style=\"--awb-text-transform:none;\"><\/div><\/div><\/div><div class=\"fusion-layout-column fusion_builder_column fusion-builder-column-1 fusion_builder_column_3_4 3_4 fusion-flex-column\" style=\"--awb-bg-size:cover;--awb-width-large:75%;--awb-margin-top-large:0px;--awb-spacing-right-large:2.56%;--awb-margin-bottom-large:20px;--awb-spacing-left-large:2.56%;--awb-width-medium:100%;--awb-spacing-right-medium:1.92%;--awb-spacing-left-medium:1.92%;--awb-width-small:100%;--awb-spacing-right-small:1.92%;--awb-spacing-left-small:1.92%;\"><div class=\"fusion-column-wrapper fusion-column-has-shadow fusion-flex-justify-content-flex-start fusion-content-layout-column\"><div class=\"fusion-text fusion-text-2\" style=\"--awb-text-transform:none;\"><p>Testemunho para tratamento: o corajoso ato de amor de uma m\u00e3e<\/p>\n<p><strong><em>As fam\u00edlias com um ente querido com doen\u00e7a mental geralmente est\u00e3o em uma posi\u00e7\u00e3o em que s\u00e3o impotentes para colocar seu ente querido em tratamento. Para que o tratamento seja obrigat\u00f3rio, um paciente geralmente precisa descompensar a ponto de representar um perigo para si ou para os outros.<\/em><\/strong><\/p>\n<p><strong><em>O dia em que Melissa foi ao tribunal para testemunhar que seu filho precisava de tratamento foi um dos dias mais dif\u00edceis de sua vida.<\/em><\/strong><\/p>\n<p><strong><em>Melissa \u00e9 m\u00e3e de dois filhos e teve carreiras de sucesso na \u00e1rea da sa\u00fade como cl\u00ednica e administradora.<\/em><\/strong><\/p>\n<p>Hoje, sou grato por meu relacionamento forte e amoroso com meu filho, \u201cAdam\u201d, que est\u00e1 em tratamento para esquizofrenia h\u00e1 cinco anos. Felizmente, meu filho est\u00e1 muito melhor do que quando come\u00e7ou o tratamento. Ele trabalha em tempo integral, escreve m\u00fasicas originais com os amigos e gosta de passar o tempo com a fam\u00edlia.<\/p>\n<p>No entanto, enquanto ele estava no auge de sua psicose, com os sintomas piorando continuamente, uma vez me perguntei se nosso relacionamento seria arruinado para sempre.<\/p>\n<p>Em junho de 2017, a equipe m\u00e9dica de meu filho me pediu para testemunhar no tribunal sobre a necessidade de tratamento. Essa determina\u00e7\u00e3o permitiria que sua equipe de tratamento obrigasse meu filho a iniciar a medica\u00e7\u00e3o antipsic\u00f3tica. Foi preciso coragem e for\u00e7a para comparecer a uma sala de tribunal onde meu filho estava presente e testemunhar que ele estava de fato doente, j\u00e1 estava h\u00e1 algum tempo e precisava urgentemente de tratamento para sua esquizofrenia, que ele recusava.<\/p>\n<p>N\u00e3o foi nada f\u00e1cil nos dez meses em que lutamos para apoiar Adam, que estava lutando contra o in\u00edcio de algum tipo de doen\u00e7a mental enquanto estava no \u00faltimo ano da faculdade. \u00c0 medida que sua personalidade mudou e ele se afastou de n\u00f3s, nossos cora\u00e7\u00f5es ficaram pesados. Caminhamos sobre uma linha t\u00eanue entre manter Adam seguro na escola, respeitar seus desejos de ficarmos longe e deix\u00e1-lo continuar morando na escola enquanto ele terminava o \u00faltimo ano.<\/p>\n<p>Tentamos negociar com ele para concordar com uma consulta psiqui\u00e1trica sem sucesso, pois ele negou o qu\u00e3o gravemente estava se sentindo e tentou se curar com uma dieta restritiva, ioga e medita\u00e7\u00e3o. De acordo com as leis estaduais, n\u00e3o pod\u00edamos intern\u00e1-lo contra sua vontade desde que ele era um adulto, ent\u00e3o esper\u00e1vamos que algo acontecesse que precipitasse a hospitaliza\u00e7\u00e3o sem nossa interven\u00e7\u00e3o. No final de maio, nosso desejo se tornou realidade! Algu\u00e9m chamou a pol\u00edcia porque viu um jovem agindo de maneira incomum, vagando do lado de fora de sua casa. A pol\u00edcia o encontrou pouco cooperante e desorientado. Eles ligaram para o EMS, que levou Adam ao hospital e nos contatou. Ficamos t\u00e3o agradecidos que o processo de obter a ajuda m\u00e9dica de que ele tanto precisava estava finalmente come\u00e7ando.<\/p>\n<p>Infelizmente, as coisas n\u00e3o correram como esper\u00e1vamos, pois durante tr\u00eas semanas Adam recusou todos os medicamentos. O diretor m\u00e9dico disse que n\u00e3o poderia convenc\u00ea-lo a obedecer e n\u00e3o poderia for\u00e7\u00e1-lo a tomar a medica\u00e7\u00e3o que recusou sem ordem judicial. O m\u00e9dico me explicou que o pr\u00f3ximo passo era ir a um juiz, pedir uma ordem judicial para medic\u00e1-lo. Ela tamb\u00e9m perguntou se eu testemunharia. Imediatamente comecei a preparar uma declara\u00e7\u00e3o que pudesse ler no tribunal e tentei me preparar emocionalmente para essa tarefa.<\/p>\n<p>Nada que eu j\u00e1 tivesse experimentado poderia ter me preparado para aquela manh\u00e3. O tribunal ficava no andar t\u00e9rreo de uma unidade estadual de sa\u00fade mental, que n\u00e3o \u00e9 um ambiente acolhedor, para dizer o m\u00ednimo. Meu filho entrou arrastando os p\u00e9s, com sua escolta da outra instala\u00e7\u00e3o, e um olhar completamente vago em seus olhos. Um advogado se apresentou como o advogado do paciente nomeado pelo tribunal. Eu disse a mim mesmo que isso era bom, que o estado tenta ter algu\u00e9m do \u201clado do paciente\u201d cuidando de seus interesses, mas eu me perguntei se isso poderia piorar. N\u00e3o gostei nem um pouco da sensa\u00e7\u00e3o de \u201ceu x meu filho\u201d, pois nunca tivemos um relacionamento contencioso antes dessa doen\u00e7a.<\/p>\n<p>Jamais esquecerei os detalhes daquele dia, com certeza um dos mais dif\u00edceis da minha vida. Antes de me dirigir ao juiz, olhei diretamente para Adam e disse-lhe que me desculpava por qualquer coisa que dissesse que ferisse seus sentimentos, e que tudo que eu dissesse era para ajud\u00e1-lo, mesmo que ele n\u00e3o pudesse entender naquele momento. Eu disse ao tribunal que Adam vinha sofrendo h\u00e1 muitos meses com uma doen\u00e7a mental e n\u00e3o era capaz de tomar decis\u00f5es de sa\u00fade respons\u00e1veis por si mesmo.<\/p>\n<p>O juiz decidiu a nosso favor, concedendo ao hospital o direito de tratar \u00e0 for\u00e7a a psicose de Adam.<\/p>\n<p>Ir ao tribunal, que foi uma experi\u00eancia muito dif\u00edcil e assustadora para mim e meu marido, na verdade foi o catalisador para a recupera\u00e7\u00e3o de Adam. Somos muito gratos ao estado e ao juiz que puderam dar poder aos m\u00e9dicos assistentes para que pudessem ajudar nosso filho. Meu filho est\u00e1 muito bem agora e esperamos que ele continue a se sentir ainda melhor no futuro.<\/p>\n<p>Hoje, Adam entende que meu testemunho foi um ato de amor.<\/p>\n<\/div><\/div><\/div><\/div><\/div><div class=\"fusion-fullwidth fullwidth-box fusion-builder-row-2 fusion-flex-container hundred-percent-fullwidth non-hundred-percent-height-scrolling\" style=\"--awb-border-radius-top-left:0px;--awb-border-radius-top-right:0px;--awb-border-radius-bottom-right:0px;--awb-border-radius-bottom-left:0px;--awb-padding-top:0px;--awb-padding-right:0px;--awb-padding-bottom:0px;--awb-padding-left:0px;--awb-margin-top:0px;--awb-margin-bottom:0px;--awb-background-color:#015da7;--awb-flex-wrap:wrap;\" ><div class=\"fusion-builder-row fusion-row fusion-flex-align-items-flex-start fusion-flex-content-wrap\" style=\"width:104% !important;max-width:104% !important;margin-left: calc(-4% \/ 2 );margin-right: calc(-4% \/ 2 );\"><\/div><\/div>\n<\/p>","protected":false},"excerpt":{"rendered":"","protected":false},"author":3,"featured_media":0,"parent":0,"menu_order":0,"comment_status":"closed","ping_status":"closed","template":"100-width.php","meta":{"_acf_changed":false,"footnotes":""},"class_list":["post-4330","page","type-page","status-publish","hentry"],"acf":[],"yoast_head":"<!-- This site is optimized with the Yoast SEO plugin v27.4 - https:\/\/yoast.com\/product\/yoast-seo-wordpress\/ -->\n<title>Testifying for Treatment - CURESZ Foundation<\/title>\n<meta name=\"description\" content=\"Families with a loved one who is mentally ill are often in a position where they are powerless to get their loved one into treatment.\" \/>\n<meta name=\"robots\" content=\"index, follow, max-snippet:-1, max-image-preview:large, max-video-preview:-1\" \/>\n<link rel=\"canonical\" href=\"https:\/\/curesz.org\/pt_pt\/2022-04-01-testifying-for-treatment\/\" \/>\n<meta property=\"og:locale\" content=\"pt_PT\" \/>\n<meta property=\"og:type\" content=\"article\" \/>\n<meta property=\"og:title\" content=\"Testifying for Treatment - CURESZ Foundation\" \/>\n<meta property=\"og:description\" content=\"Families with a loved one who is mentally ill are often in a position where they are powerless to get their loved one into treatment.\" \/>\n<meta property=\"og:url\" content=\"https:\/\/curesz.org\/pt_pt\/2022-04-01-testifying-for-treatment\/\" \/>\n<meta property=\"og:site_name\" content=\"CURESZ Foundation\" \/>\n<meta property=\"article:publisher\" content=\"https:\/\/www.facebook.com\/Cureszorg\/\" \/>\n<meta name=\"twitter:card\" content=\"summary_large_image\" \/>\n<meta name=\"twitter:site\" content=\"@cureszorg\" \/>\n<meta name=\"twitter:label1\" content=\"Tempo estimado de leitura\" \/>\n\t<meta name=\"twitter:data1\" content=\"8 minutos\" \/>\n<script type=\"application\/ld+json\" class=\"yoast-schema-graph\">{\"@context\":\"https:\\\/\\\/schema.org\",\"@graph\":[{\"@type\":\"WebPage\",\"@id\":\"https:\\\/\\\/curesz.org\\\/2022-04-01-testifying-for-treatment\\\/\",\"url\":\"https:\\\/\\\/curesz.org\\\/2022-04-01-testifying-for-treatment\\\/\",\"name\":\"Testifying for Treatment - CURESZ Foundation\",\"isPartOf\":{\"@id\":\"https:\\\/\\\/curesz.org\\\/#website\"},\"datePublished\":\"2022-03-23T19:31:30+00:00\",\"description\":\"Families with a loved one who is mentally ill are often in a position where they are powerless to get their loved one into treatment.\",\"breadcrumb\":{\"@id\":\"https:\\\/\\\/curesz.org\\\/2022-04-01-testifying-for-treatment\\\/#breadcrumb\"},\"inLanguage\":\"pt-PT\",\"potentialAction\":[{\"@type\":\"ReadAction\",\"target\":[\"https:\\\/\\\/curesz.org\\\/2022-04-01-testifying-for-treatment\\\/\"]}]},{\"@type\":\"BreadcrumbList\",\"@id\":\"https:\\\/\\\/curesz.org\\\/2022-04-01-testifying-for-treatment\\\/#breadcrumb\",\"itemListElement\":[{\"@type\":\"ListItem\",\"position\":1,\"name\":\"Home\",\"item\":\"https:\\\/\\\/curesz.org\\\/\"},{\"@type\":\"ListItem\",\"position\":2,\"name\":\"Testifying for Treatment\"}]},{\"@type\":\"WebSite\",\"@id\":\"https:\\\/\\\/curesz.org\\\/#website\",\"url\":\"https:\\\/\\\/curesz.org\\\/\",\"name\":\"CURESZ Foundation\",\"description\":\"The CURESZ Foundation provides educational updates to patients, families, healthcare professionals and the general public about schizophrenia.\",\"publisher\":{\"@id\":\"https:\\\/\\\/curesz.org\\\/#organization\"},\"potentialAction\":[{\"@type\":\"SearchAction\",\"target\":{\"@type\":\"EntryPoint\",\"urlTemplate\":\"https:\\\/\\\/curesz.org\\\/?s={search_term_string}\"},\"query-input\":{\"@type\":\"PropertyValueSpecification\",\"valueRequired\":true,\"valueName\":\"search_term_string\"}}],\"inLanguage\":\"pt-PT\"},{\"@type\":\"Organization\",\"@id\":\"https:\\\/\\\/curesz.org\\\/#organization\",\"name\":\"Curesz Foundation\",\"url\":\"https:\\\/\\\/curesz.org\\\/\",\"logo\":{\"@type\":\"ImageObject\",\"inLanguage\":\"pt-PT\",\"@id\":\"https:\\\/\\\/curesz.org\\\/#\\\/schema\\\/logo\\\/image\\\/\",\"url\":\"https:\\\/\\\/curesz.org\\\/wp-content\\\/uploads\\\/2020\\\/02\\\/cropped-Logo-with-Foundation-Custom.png\",\"contentUrl\":\"https:\\\/\\\/curesz.org\\\/wp-content\\\/uploads\\\/2020\\\/02\\\/cropped-Logo-with-Foundation-Custom.png\",\"width\":200,\"height\":133,\"caption\":\"Curesz Foundation\"},\"image\":{\"@id\":\"https:\\\/\\\/curesz.org\\\/#\\\/schema\\\/logo\\\/image\\\/\"},\"sameAs\":[\"https:\\\/\\\/www.facebook.com\\\/Cureszorg\\\/\",\"https:\\\/\\\/x.com\\\/cureszorg\",\"https:\\\/\\\/www.instagram.com\\\/cureszfoundation\\\/\",\"https:\\\/\\\/www.youtube.com\\\/channel\\\/UCT3uVzTt8jiJ2qdhuosHPvg\"]}]}<\/script>\n<!-- \/ Yoast SEO plugin. -->","yoast_head_json":{"title":"Testifying for Treatment - CURESZ Foundation","description":"Families with a loved one who is mentally ill are often in a position where they are powerless to get their loved one into treatment.","robots":{"index":"index","follow":"follow","max-snippet":"max-snippet:-1","max-image-preview":"max-image-preview:large","max-video-preview":"max-video-preview:-1"},"canonical":"https:\/\/curesz.org\/pt_pt\/2022-04-01-testifying-for-treatment\/","og_locale":"pt_PT","og_type":"article","og_title":"Testifying for Treatment - CURESZ Foundation","og_description":"Families with a loved one who is mentally ill are often in a position where they are powerless to get their loved one into treatment.","og_url":"https:\/\/curesz.org\/pt_pt\/2022-04-01-testifying-for-treatment\/","og_site_name":"CURESZ Foundation","article_publisher":"https:\/\/www.facebook.com\/Cureszorg\/","twitter_card":"summary_large_image","twitter_site":"@cureszorg","twitter_misc":{"Tempo estimado de leitura":"8 minutos"},"schema":{"@context":"https:\/\/schema.org","@graph":[{"@type":"WebPage","@id":"https:\/\/curesz.org\/2022-04-01-testifying-for-treatment\/","url":"https:\/\/curesz.org\/2022-04-01-testifying-for-treatment\/","name":"Testifying for Treatment - CURESZ Foundation","isPartOf":{"@id":"https:\/\/curesz.org\/#website"},"datePublished":"2022-03-23T19:31:30+00:00","description":"Families with a loved one who is mentally ill are often in a position where they are powerless to get their loved one into treatment.","breadcrumb":{"@id":"https:\/\/curesz.org\/2022-04-01-testifying-for-treatment\/#breadcrumb"},"inLanguage":"pt-PT","potentialAction":[{"@type":"ReadAction","target":["https:\/\/curesz.org\/2022-04-01-testifying-for-treatment\/"]}]},{"@type":"BreadcrumbList","@id":"https:\/\/curesz.org\/2022-04-01-testifying-for-treatment\/#breadcrumb","itemListElement":[{"@type":"ListItem","position":1,"name":"Home","item":"https:\/\/curesz.org\/"},{"@type":"ListItem","position":2,"name":"Testifying for Treatment"}]},{"@type":"WebSite","@id":"https:\/\/curesz.org\/#website","url":"https:\/\/curesz.org\/","name":"Funda\u00e7\u00e3o CURESZ","description":"A Funda\u00e7\u00e3o CURESZ fornece atualiza\u00e7\u00f5es educacionais para pacientes, familiares, profissionais de sa\u00fade e p\u00fablico em geral sobre esquizofrenia.","publisher":{"@id":"https:\/\/curesz.org\/#organization"},"potentialAction":[{"@type":"SearchAction","target":{"@type":"EntryPoint","urlTemplate":"https:\/\/curesz.org\/?s={search_term_string}"},"query-input":{"@type":"PropertyValueSpecification","valueRequired":true,"valueName":"search_term_string"}}],"inLanguage":"pt-PT"},{"@type":"Organization","@id":"https:\/\/curesz.org\/#organization","name":"Curesz Foundation","url":"https:\/\/curesz.org\/","logo":{"@type":"ImageObject","inLanguage":"pt-PT","@id":"https:\/\/curesz.org\/#\/schema\/logo\/image\/","url":"https:\/\/curesz.org\/wp-content\/uploads\/2020\/02\/cropped-Logo-with-Foundation-Custom.png","contentUrl":"https:\/\/curesz.org\/wp-content\/uploads\/2020\/02\/cropped-Logo-with-Foundation-Custom.png","width":200,"height":133,"caption":"Curesz Foundation"},"image":{"@id":"https:\/\/curesz.org\/#\/schema\/logo\/image\/"},"sameAs":["https:\/\/www.facebook.com\/Cureszorg\/","https:\/\/x.com\/cureszorg","https:\/\/www.instagram.com\/cureszfoundation\/","https:\/\/www.youtube.com\/channel\/UCT3uVzTt8jiJ2qdhuosHPvg"]}]}},"_links":{"self":[{"href":"https:\/\/curesz.org\/pt_pt\/wp-json\/wp\/v2\/pages\/4330","targetHints":{"allow":["GET"]}}],"collection":[{"href":"https:\/\/curesz.org\/pt_pt\/wp-json\/wp\/v2\/pages"}],"about":[{"href":"https:\/\/curesz.org\/pt_pt\/wp-json\/wp\/v2\/types\/page"}],"author":[{"embeddable":true,"href":"https:\/\/curesz.org\/pt_pt\/wp-json\/wp\/v2\/users\/3"}],"replies":[{"embeddable":true,"href":"https:\/\/curesz.org\/pt_pt\/wp-json\/wp\/v2\/comments?post=4330"}],"version-history":[{"count":7,"href":"https:\/\/curesz.org\/pt_pt\/wp-json\/wp\/v2\/pages\/4330\/revisions"}],"predecessor-version":[{"id":4351,"href":"https:\/\/curesz.org\/pt_pt\/wp-json\/wp\/v2\/pages\/4330\/revisions\/4351"}],"wp:attachment":[{"href":"https:\/\/curesz.org\/pt_pt\/wp-json\/wp\/v2\/media?parent=4330"}],"curies":[{"name":"wp","href":"https:\/\/api.w.org\/{rel}","templated":true}]}}