{"id":4414,"date":"2022-06-21T14:30:21","date_gmt":"2022-06-21T14:30:21","guid":{"rendered":"https:\/\/curesz.org\/?page_id=4414"},"modified":"2023-11-16T12:10:28","modified_gmt":"2023-11-16T17:10:28","slug":"2022-07-01-secondary-psychosis","status":"publish","type":"page","link":"https:\/\/curesz.org\/pt_pt\/2022-07-01-secondary-psychosis\/","title":{"rendered":"Psicose Secund\u00e1ria"},"content":{"rendered":"<p><div class=\"fusion-fullwidth fullwidth-box fusion-builder-row-1 fusion-flex-container nonhundred-percent-fullwidth non-hundred-percent-height-scrolling\" style=\"--awb-border-radius-top-left:0px;--awb-border-radius-top-right:0px;--awb-border-radius-bottom-right:0px;--awb-border-radius-bottom-left:0px;--awb-flex-wrap:wrap;\" ><div class=\"fusion-builder-row fusion-row fusion-flex-align-items-flex-start fusion-flex-content-wrap\" style=\"max-width:1352px;margin-left: calc(-4% \/ 2 );margin-right: calc(-4% \/ 2 );\"><div class=\"fusion-layout-column fusion_builder_column fusion-builder-column-0 fusion_builder_column_1_4 1_4 fusion-flex-column\" style=\"--awb-bg-size:cover;--awb-width-large:25%;--awb-margin-top-large:0px;--awb-spacing-right-large:7.68%;--awb-margin-bottom-large:20px;--awb-spacing-left-large:7.68%;--awb-width-medium:100%;--awb-spacing-right-medium:1.92%;--awb-spacing-left-medium:1.92%;--awb-width-small:100%;--awb-spacing-right-small:1.92%;--awb-spacing-left-small:1.92%;\"><div class=\"fusion-column-wrapper fusion-column-has-shadow fusion-flex-justify-content-flex-start fusion-content-layout-column\"><div class=\"fusion-image-element\" style=\"--awb-caption-title-font-family:var(--h2_typography-font-family);--awb-caption-title-font-weight:var(--h2_typography-font-weight);--awb-caption-title-font-style:var(--h2_typography-font-style);--awb-caption-title-size:var(--h2_typography-font-size);--awb-caption-title-transform:var(--h2_typography-text-transform);--awb-caption-title-line-height:var(--h2_typography-line-height);--awb-caption-title-letter-spacing:var(--h2_typography-letter-spacing);\"><span class=\"fusion-imageframe imageframe-none imageframe-1 hover-type-none\"><img decoding=\"async\" width=\"556\" height=\"558\" src=\"https:\/\/curesz.org\/wp-content\/uploads\/2022\/06\/Rush-preferred.jpg\" data-orig-src=\"https:\/\/curesz.org\/wp-content\/uploads\/2022\/06\/Rush-preferred.jpg\" alt class=\"lazyload img-responsive wp-image-4415\" srcset=\"data:image\/svg+xml,%3Csvg%20xmlns%3D%27http%3A%2F%2Fwww.w3.org%2F2000%2Fsvg%27%20width%3D%27556%27%20height%3D%27558%27%20viewBox%3D%270%200%20556%20558%27%3E%3Crect%20width%3D%27556%27%20height%3D%27558%27%20fill-opacity%3D%220%22%2F%3E%3C%2Fsvg%3E\" data-srcset=\"https:\/\/curesz.org\/wp-content\/uploads\/2022\/06\/Rush-preferred-200x201.jpg 200w, https:\/\/curesz.org\/wp-content\/uploads\/2022\/06\/Rush-preferred-400x401.jpg 400w, https:\/\/curesz.org\/wp-content\/uploads\/2022\/06\/Rush-preferred.jpg 556w\" data-sizes=\"auto\" data-orig-sizes=\"(max-width: 1024px) 100vw, (max-width: 640px) 100vw, 400px\" \/><\/span><\/div><div class=\"fusion-text fusion-text-1\"><p><strong>Stephen Rush, MD<\/strong><br \/>\n<strong>Professor Associado de Psiquiatria Cl\u00ednica e Neuroci\u00eancia Comportamental<\/strong><\/p>\n<\/div><\/div><\/div><div class=\"fusion-layout-column fusion_builder_column fusion-builder-column-1 fusion_builder_column_3_4 3_4 fusion-flex-column\" style=\"--awb-bg-size:cover;--awb-width-large:75%;--awb-margin-top-large:0px;--awb-spacing-right-large:2.56%;--awb-margin-bottom-large:20px;--awb-spacing-left-large:2.56%;--awb-width-medium:100%;--awb-spacing-right-medium:1.92%;--awb-spacing-left-medium:1.92%;--awb-width-small:100%;--awb-spacing-right-small:1.92%;--awb-spacing-left-small:1.92%;\"><div class=\"fusion-column-wrapper fusion-column-has-shadow fusion-flex-justify-content-flex-start fusion-content-layout-column\"><div class=\"fusion-text fusion-text-2\"><p>Psicose Secund\u00e1ria<\/p>\n<p>As experi\u00eancias psic\u00f3ticas s\u00e3o comuns nas pessoas a quem \u00e9 diagnosticada esquizofrenia.  De facto, a presen\u00e7a de sintomas psic\u00f3ticos pode levar ao diagn\u00f3stico desta perturba\u00e7\u00e3o cerebral se tanto os del\u00edrios como as alucina\u00e7\u00f5es estiverem presentes durante seis meses, incluindo um m\u00eas de sintomas persistentes.  Noutras especialidades m\u00e9dicas, o diagn\u00f3stico \u00e9 frequentemente feito ap\u00f3s um exame f\u00edsico, exames de imagem (raios X ou TAC) e an\u00e1lises ao sangue, que s\u00e3o cruciais para determinar o diagn\u00f3stico e o tratamento adequado.  No entanto, em psiquiatria, este mesmo processo de diagn\u00f3stico n\u00e3o produz frequentemente muita informa\u00e7\u00e3o \u00fatil, exceto no caso de psicose secund\u00e1ria (causada por outras perturba\u00e7\u00f5es m\u00e9dicas).<\/p>\n<p>A psicose secund\u00e1ria \u00e9 um termo utilizado com mais frequ\u00eancia nas \u00faltimas d\u00e9cadas, uma vez que existe uma perce\u00e7\u00e3o crescente de que \u00e9 vital compreender quando \u00e9 que sintomas como del\u00edrios e alucina\u00e7\u00f5es se devem a uma doen\u00e7a ou subst\u00e2ncia m\u00e9dica conhecida.  Anteriormente referido como \"funcional\" quando tinha uma origem psicol\u00f3gica e \"org\u00e2nico\" quando havia uma origem biol\u00f3gica identific\u00e1vel, a mudan\u00e7a para \"prim\u00e1rio\" e \"secund\u00e1rio\" reflecte a compreens\u00e3o de que todas as doen\u00e7as e sintomas psiqui\u00e1tricos t\u00eam um componente biol\u00f3gico. Este entendimento apareceu pela primeira vez na vers\u00e3o revista da quarta edi\u00e7\u00e3o do Manual de Diagn\u00f3stico e Estat\u00edstica das Perturba\u00e7\u00f5es Mentais (DSM-IV-TR) em 2000.  Qualquer subst\u00e2ncia, medicamento prescrito ou condi\u00e7\u00e3o m\u00e9dica que afecte o sistema nervoso central pode resultar em sintomas psiqui\u00e1tricos, incluindo psicose, e, infelizmente, continuamos a assistir a casos em que \u00e9 feito um diagn\u00f3stico presuntivo de esquizofrenia antes de uma avalia\u00e7\u00e3o m\u00e9dica completa confirmar a aus\u00eancia de uma fonte de psicose secund\u00e1ria.<\/p>\n<p>Num artigo de 2016 publicado no The Primary Care Companion to CNS Disorders, o Dr. Jo\u00e3o Gama Marques estudou a frequ\u00eancia com que os doentes inicialmente diagnosticados com esquizofrenia tinham uma fonte subjacente de psicose secund\u00e1ria que n\u00e3o foi reconhecida.  Esta an\u00e1lise retrospetiva de 250 doentes em Portugal demonstrou que 25% dos doentes diagnosticados com esquizofrenia tinham, de facto, uma condi\u00e7\u00e3o m\u00e9dica subjacente que causava sintomas psic\u00f3ticos. Al\u00e9m disso, o atraso m\u00e9dio no diagn\u00f3stico correto foi de 12 anos.  As consequ\u00eancias deste atraso no diagn\u00f3stico podem ter consequ\u00eancias devastadoras para os doentes e para os seus familiares.<\/p>\n<p>Atrav\u00e9s da pesquisa de cientistas feita ao longo de d\u00e9cadas e s\u00e9culos, podemos agora dizer que a psicose secund\u00e1ria pode resultar de 13 grupos principais de dist\u00farbios identificados no gr\u00e1fico a seguir.<\/p>\n<p><img decoding=\"async\" class=\"lazyload wp-image-4431 alignleft\" src=\"https:\/\/curesz.org\/wp-content\/uploads\/2022\/06\/Secondary-Psychosis-Causes.png\" data-orig-src=\"https:\/\/curesz.org\/wp-content\/uploads\/2022\/06\/Secondary-Psychosis-Causes.png\" alt=\"\" width=\"474\" height=\"984\" srcset=\"data:image\/svg+xml,%3Csvg%20xmlns%3D%27http%3A%2F%2Fwww.w3.org%2F2000%2Fsvg%27%20width%3D%27474%27%20height%3D%27984%27%20viewBox%3D%270%200%20474%20984%27%3E%3Crect%20width%3D%27474%27%20height%3D%27984%27%20fill-opacity%3D%220%22%2F%3E%3C%2Fsvg%3E\" data-srcset=\"https:\/\/curesz.org\/wp-content\/uploads\/2022\/06\/Secondary-Psychosis-Causes-144x300.png 144w, https:\/\/curesz.org\/wp-content\/uploads\/2022\/06\/Secondary-Psychosis-Causes-200x415.png 200w, https:\/\/curesz.org\/wp-content\/uploads\/2022\/06\/Secondary-Psychosis-Causes-400x830.png 400w, https:\/\/curesz.org\/wp-content\/uploads\/2022\/06\/Secondary-Psychosis-Causes-493x1024.png 493w, https:\/\/curesz.org\/wp-content\/uploads\/2022\/06\/Secondary-Psychosis-Causes.png 520w, https:\/\/curesz.org\/wp-content\/uploads\/2022\/06\/Secondary-Psychosis-Causes-600x1246.png 600w, https:\/\/curesz.org\/wp-content\/uploads\/2022\/06\/Secondary-Psychosis-Causes-740x1536.png 740w, https:\/\/curesz.org\/wp-content\/uploads\/2022\/06\/Secondary-Psychosis-Causes-768x1595.png 768w, https:\/\/curesz.org\/wp-content\/uploads\/2022\/06\/Secondary-Psychosis-Causes-800x1661.png 800w, https:\/\/curesz.org\/wp-content\/uploads\/2022\/06\/Secondary-Psychosis-Causes-986x2048.png 986w, https:\/\/curesz.org\/wp-content\/uploads\/2022\/06\/Secondary-Psychosis-Causes-1200x2491.png 1200w\" data-sizes=\"auto\" data-orig-sizes=\"(max-width: 474px) 100vw, 474px\" \/><\/p>\n<p>Como \u00e9 que os m\u00e9dicos determinam se uma perturba\u00e7\u00e3o psic\u00f3tica \u00e9 \"prim\u00e1ria\" ou \"secund\u00e1ria\"?  Em primeiro lugar, deve ser identificada a subst\u00e2ncia causadora ou a condi\u00e7\u00e3o m\u00e9dica.  De seguida, deve ser identificada a rela\u00e7\u00e3o entre a condi\u00e7\u00e3o m\u00e9dica ou a subst\u00e2ncia utilizada e os sintomas psic\u00f3ticos.  Ao faz\u00ea-lo, os m\u00e9dicos devem considerar tr\u00eas aspectos fundamentais dos sintomas do doente: atipicidade, temporalidade e explicabilidade.<\/p>\n<p>Deve-se suspeitar de uma causa m\u00e9dica subjacente de psicose se a apresenta\u00e7\u00e3o for <em>at\u00edpico<\/em> no que diz respeito \u00e0 idade de in\u00edcio e ao tipo de sintomas observados.  Por exemplo, a presen\u00e7a de v\u00e1rios tipos de alucina\u00e7\u00f5es (auditivas, visuais, t\u00e1cteis e olfactivas) n\u00e3o \u00e9 t\u00edpica da esquizofrenia e aumenta a probabilidade de uma perturba\u00e7\u00e3o psic\u00f3tica secund\u00e1ria, como as observadas na dem\u00eancia ou em alguns tipos de epilepsia.  A <em>temporalidade<\/em> dos sintomas, ou quando eles ocorrem, devem ser considerados quando os sintomas psic\u00f3ticos seguem o in\u00edcio de uma doen\u00e7a m\u00e9dica ou ingest\u00e3o de uma subst\u00e2ncia e desaparecem quando a condi\u00e7\u00e3o m\u00e9dica melhora ou a subst\u00e2ncia \u00e9 eliminada do corpo. Finalmente, como as comorbidades m\u00e9dicas s\u00e3o muito comuns em pessoas com esquizofrenia, \u00e9 importante perguntar se os sintomas presentes s\u00e3o os melhores <em>explicou<\/em> por uma perturba\u00e7\u00e3o psic\u00f3tica prim\u00e1ria ou secund\u00e1ria.  Por exemplo, num doente com uma forte hist\u00f3ria familiar de esquizofrenia nos seus pais e irm\u00e3os, os sintomas psic\u00f3ticos de longa dura\u00e7\u00e3o, mesmo no contexto de uma doen\u00e7a m\u00e9dica concomitante, podem ser explicados com maior precis\u00e3o pela esquizofrenia, dada a predisposi\u00e7\u00e3o gen\u00e9tica presente.<\/p>\n<p>Em abril de 2018, o Centro M\u00e9dico da Universidade de Cincinnati instituiu o programa First Episode Evaluation and Services (FEELs).  Este programa inclui uma equipa multidisciplinar de m\u00e9dicos, enfermeiros, assistentes sociais, farmac\u00eauticos, psic\u00f3logos, terapeutas ocupacionais e recreativos que trabalham em conjunto para excluir causas secund\u00e1rias de psicose em doentes nos primeiros 2 anos ap\u00f3s o in\u00edcio dos sintomas, enquanto se encontram numa unidade de internamento de psiquiatria.  Este trabalho inclui an\u00e1lises sangu\u00edneas completas, imagiologia, revis\u00e3o de quaisquer medicamentos tomados e subst\u00e2ncias e testes psicol\u00f3gicos.  Esta avalia\u00e7\u00e3o ajuda a equipa de tratamento a identificar a causa mais prov\u00e1vel da psicose num determinado doente e a orientar o tratamento.  Se for identificada uma condi\u00e7\u00e3o m\u00e9dica, os m\u00e9dicos especializados no tratamento dessa condi\u00e7\u00e3o envolvem-se no tratamento.  Este protocolo foi inspirado no trabalho com doentes cujas perturba\u00e7\u00f5es psic\u00f3ticas secund\u00e1rias n\u00e3o foram identificadas numa fase inicial da doen\u00e7a, o que teve consequ\u00eancias negativas a longo prazo.  Embora muitos centros m\u00e9dicos acad\u00e9micos tenham procedimentos semelhantes, existe ainda uma falta de sensibiliza\u00e7\u00e3o para as causas identific\u00e1veis da psicose secund\u00e1ria em muitos locais do mundo.  Tanto os m\u00e9dicos como os doentes e os familiares devem ser informados sobre estas quest\u00f5es e defender a avalia\u00e7\u00e3o normalizada das causas secund\u00e1rias de psicose para promover o nosso objetivo comum de cura atrav\u00e9s de um diagn\u00f3stico e tratamento corretos.<\/p>\n<p>Refer\u00eancias:<\/p>\n<p>Keshavan MS, Kaneko Y. Psicoses secund\u00e1rias: uma atualiza\u00e7\u00e3o.\u00a0<em>Psiquiatria Mundial<\/em>. 2013;12(1):4-15. doi:10.1002\/wps.20001<\/p>\n<p>Gama Marques J. Psicose org\u00e2nica causando esquizofrenia secund\u00e1ria em um quarto de uma coorte de 200 pacientes previamente diagnosticados com esquizofrenia prim\u00e1ria. <em>prima<\/em><\/p>\n<p><em>Dist\u00farbio do SNC do Care Companion<\/em>. 2020;22(2):19m02549.<\/p>\n<\/div><\/div><\/div><\/div><\/div><div class=\"fusion-fullwidth fullwidth-box fusion-builder-row-2 fusion-flex-container hundred-percent-fullwidth non-hundred-percent-height-scrolling\" style=\"--awb-border-radius-top-left:0px;--awb-border-radius-top-right:0px;--awb-border-radius-bottom-right:0px;--awb-border-radius-bottom-left:0px;--awb-padding-top:0px;--awb-padding-right:0px;--awb-padding-bottom:0px;--awb-padding-left:0px;--awb-margin-top:0px;--awb-margin-bottom:0px;--awb-background-color:#015da7;--awb-flex-wrap:wrap;\" ><div class=\"fusion-builder-row fusion-row fusion-flex-align-items-flex-start fusion-flex-content-wrap\" style=\"width:104% !important;max-width:104% !important;margin-left: calc(-4% \/ 2 );margin-right: calc(-4% \/ 2 );\"><\/div><\/div>\n<\/p>","protected":false},"excerpt":{"rendered":"","protected":false},"author":3,"featured_media":0,"parent":0,"menu_order":0,"comment_status":"closed","ping_status":"closed","template":"100-width.php","meta":{"_acf_changed":false,"footnotes":""},"class_list":["post-4414","page","type-page","status-publish","hentry"],"acf":[],"yoast_head":"<!-- This site is optimized with the Yoast SEO plugin v27.4 - https:\/\/yoast.com\/product\/yoast-seo-wordpress\/ -->\n<title>Secondary Psychosis - CURESZ Foundation<\/title>\n<meta name=\"robots\" content=\"index, follow, max-snippet:-1, max-image-preview:large, max-video-preview:-1\" \/>\n<link rel=\"canonical\" href=\"https:\/\/curesz.org\/pt_pt\/2022-07-01-secondary-psychosis\/\" \/>\n<meta property=\"og:locale\" content=\"pt_PT\" \/>\n<meta property=\"og:type\" content=\"article\" \/>\n<meta property=\"og:title\" content=\"Secondary Psychosis - CURESZ Foundation\" \/>\n<meta property=\"og:url\" content=\"https:\/\/curesz.org\/pt_pt\/2022-07-01-secondary-psychosis\/\" \/>\n<meta property=\"og:site_name\" content=\"CURESZ Foundation\" \/>\n<meta property=\"article:publisher\" content=\"https:\/\/www.facebook.com\/Cureszorg\/\" \/>\n<meta property=\"article:modified_time\" content=\"2023-11-16T17:10:28+00:00\" \/>\n<meta property=\"og:image\" content=\"https:\/\/curesz.org\/wp-content\/uploads\/2022\/06\/Secondary-Psychosis-Causes.png\" \/>\n<meta name=\"twitter:card\" content=\"summary_large_image\" \/>\n<meta name=\"twitter:site\" content=\"@cureszorg\" \/>\n<meta name=\"twitter:label1\" content=\"Tempo estimado de leitura\" \/>\n\t<meta name=\"twitter:data1\" content=\"6 minutos\" \/>\n<script type=\"application\/ld+json\" class=\"yoast-schema-graph\">{\"@context\":\"https:\\\/\\\/schema.org\",\"@graph\":[{\"@type\":\"WebPage\",\"@id\":\"https:\\\/\\\/curesz.org\\\/2022-07-01-secondary-psychosis\\\/\",\"url\":\"https:\\\/\\\/curesz.org\\\/2022-07-01-secondary-psychosis\\\/\",\"name\":\"Secondary Psychosis - CURESZ Foundation\",\"isPartOf\":{\"@id\":\"https:\\\/\\\/curesz.org\\\/#website\"},\"primaryImageOfPage\":{\"@id\":\"https:\\\/\\\/curesz.org\\\/2022-07-01-secondary-psychosis\\\/#primaryimage\"},\"image\":{\"@id\":\"https:\\\/\\\/curesz.org\\\/2022-07-01-secondary-psychosis\\\/#primaryimage\"},\"thumbnailUrl\":\"https:\\\/\\\/curesz.org\\\/wp-content\\\/uploads\\\/2022\\\/06\\\/Secondary-Psychosis-Causes.png\",\"datePublished\":\"2022-06-21T14:30:21+00:00\",\"dateModified\":\"2023-11-16T17:10:28+00:00\",\"breadcrumb\":{\"@id\":\"https:\\\/\\\/curesz.org\\\/2022-07-01-secondary-psychosis\\\/#breadcrumb\"},\"inLanguage\":\"pt-PT\",\"potentialAction\":[{\"@type\":\"ReadAction\",\"target\":[\"https:\\\/\\\/curesz.org\\\/2022-07-01-secondary-psychosis\\\/\"]}]},{\"@type\":\"ImageObject\",\"inLanguage\":\"pt-PT\",\"@id\":\"https:\\\/\\\/curesz.org\\\/2022-07-01-secondary-psychosis\\\/#primaryimage\",\"url\":\"https:\\\/\\\/curesz.org\\\/wp-content\\\/uploads\\\/2022\\\/06\\\/Secondary-Psychosis-Causes.png\",\"contentUrl\":\"https:\\\/\\\/curesz.org\\\/wp-content\\\/uploads\\\/2022\\\/06\\\/Secondary-Psychosis-Causes.png\"},{\"@type\":\"BreadcrumbList\",\"@id\":\"https:\\\/\\\/curesz.org\\\/2022-07-01-secondary-psychosis\\\/#breadcrumb\",\"itemListElement\":[{\"@type\":\"ListItem\",\"position\":1,\"name\":\"Home\",\"item\":\"https:\\\/\\\/curesz.org\\\/\"},{\"@type\":\"ListItem\",\"position\":2,\"name\":\"Secondary Psychosis\"}]},{\"@type\":\"WebSite\",\"@id\":\"https:\\\/\\\/curesz.org\\\/#website\",\"url\":\"https:\\\/\\\/curesz.org\\\/\",\"name\":\"CURESZ Foundation\",\"description\":\"The CURESZ Foundation provides educational updates to patients, families, healthcare professionals and the general public about schizophrenia.\",\"publisher\":{\"@id\":\"https:\\\/\\\/curesz.org\\\/#organization\"},\"potentialAction\":[{\"@type\":\"SearchAction\",\"target\":{\"@type\":\"EntryPoint\",\"urlTemplate\":\"https:\\\/\\\/curesz.org\\\/?s={search_term_string}\"},\"query-input\":{\"@type\":\"PropertyValueSpecification\",\"valueRequired\":true,\"valueName\":\"search_term_string\"}}],\"inLanguage\":\"pt-PT\"},{\"@type\":\"Organization\",\"@id\":\"https:\\\/\\\/curesz.org\\\/#organization\",\"name\":\"Curesz Foundation\",\"url\":\"https:\\\/\\\/curesz.org\\\/\",\"logo\":{\"@type\":\"ImageObject\",\"inLanguage\":\"pt-PT\",\"@id\":\"https:\\\/\\\/curesz.org\\\/#\\\/schema\\\/logo\\\/image\\\/\",\"url\":\"https:\\\/\\\/curesz.org\\\/wp-content\\\/uploads\\\/2020\\\/02\\\/cropped-Logo-with-Foundation-Custom.png\",\"contentUrl\":\"https:\\\/\\\/curesz.org\\\/wp-content\\\/uploads\\\/2020\\\/02\\\/cropped-Logo-with-Foundation-Custom.png\",\"width\":200,\"height\":133,\"caption\":\"Curesz Foundation\"},\"image\":{\"@id\":\"https:\\\/\\\/curesz.org\\\/#\\\/schema\\\/logo\\\/image\\\/\"},\"sameAs\":[\"https:\\\/\\\/www.facebook.com\\\/Cureszorg\\\/\",\"https:\\\/\\\/x.com\\\/cureszorg\",\"https:\\\/\\\/www.instagram.com\\\/cureszfoundation\\\/\",\"https:\\\/\\\/www.youtube.com\\\/channel\\\/UCT3uVzTt8jiJ2qdhuosHPvg\"]}]}<\/script>\n<!-- \/ Yoast SEO plugin. -->","yoast_head_json":{"title":"Secondary Psychosis - CURESZ Foundation","robots":{"index":"index","follow":"follow","max-snippet":"max-snippet:-1","max-image-preview":"max-image-preview:large","max-video-preview":"max-video-preview:-1"},"canonical":"https:\/\/curesz.org\/pt_pt\/2022-07-01-secondary-psychosis\/","og_locale":"pt_PT","og_type":"article","og_title":"Secondary Psychosis - CURESZ Foundation","og_url":"https:\/\/curesz.org\/pt_pt\/2022-07-01-secondary-psychosis\/","og_site_name":"CURESZ Foundation","article_publisher":"https:\/\/www.facebook.com\/Cureszorg\/","article_modified_time":"2023-11-16T17:10:28+00:00","og_image":[{"url":"https:\/\/curesz.org\/wp-content\/uploads\/2022\/06\/Secondary-Psychosis-Causes.png","type":"","width":"","height":""}],"twitter_card":"summary_large_image","twitter_site":"@cureszorg","twitter_misc":{"Tempo estimado de leitura":"6 minutos"},"schema":{"@context":"https:\/\/schema.org","@graph":[{"@type":"WebPage","@id":"https:\/\/curesz.org\/2022-07-01-secondary-psychosis\/","url":"https:\/\/curesz.org\/2022-07-01-secondary-psychosis\/","name":"Secondary Psychosis - CURESZ Foundation","isPartOf":{"@id":"https:\/\/curesz.org\/#website"},"primaryImageOfPage":{"@id":"https:\/\/curesz.org\/2022-07-01-secondary-psychosis\/#primaryimage"},"image":{"@id":"https:\/\/curesz.org\/2022-07-01-secondary-psychosis\/#primaryimage"},"thumbnailUrl":"https:\/\/curesz.org\/wp-content\/uploads\/2022\/06\/Secondary-Psychosis-Causes.png","datePublished":"2022-06-21T14:30:21+00:00","dateModified":"2023-11-16T17:10:28+00:00","breadcrumb":{"@id":"https:\/\/curesz.org\/2022-07-01-secondary-psychosis\/#breadcrumb"},"inLanguage":"pt-PT","potentialAction":[{"@type":"ReadAction","target":["https:\/\/curesz.org\/2022-07-01-secondary-psychosis\/"]}]},{"@type":"ImageObject","inLanguage":"pt-PT","@id":"https:\/\/curesz.org\/2022-07-01-secondary-psychosis\/#primaryimage","url":"https:\/\/curesz.org\/wp-content\/uploads\/2022\/06\/Secondary-Psychosis-Causes.png","contentUrl":"https:\/\/curesz.org\/wp-content\/uploads\/2022\/06\/Secondary-Psychosis-Causes.png"},{"@type":"BreadcrumbList","@id":"https:\/\/curesz.org\/2022-07-01-secondary-psychosis\/#breadcrumb","itemListElement":[{"@type":"ListItem","position":1,"name":"Home","item":"https:\/\/curesz.org\/"},{"@type":"ListItem","position":2,"name":"Secondary Psychosis"}]},{"@type":"WebSite","@id":"https:\/\/curesz.org\/#website","url":"https:\/\/curesz.org\/","name":"Funda\u00e7\u00e3o CURESZ","description":"A Funda\u00e7\u00e3o CURESZ fornece atualiza\u00e7\u00f5es educacionais para pacientes, familiares, profissionais de sa\u00fade e p\u00fablico em geral sobre esquizofrenia.","publisher":{"@id":"https:\/\/curesz.org\/#organization"},"potentialAction":[{"@type":"SearchAction","target":{"@type":"EntryPoint","urlTemplate":"https:\/\/curesz.org\/?s={search_term_string}"},"query-input":{"@type":"PropertyValueSpecification","valueRequired":true,"valueName":"search_term_string"}}],"inLanguage":"pt-PT"},{"@type":"Organization","@id":"https:\/\/curesz.org\/#organization","name":"Curesz Foundation","url":"https:\/\/curesz.org\/","logo":{"@type":"ImageObject","inLanguage":"pt-PT","@id":"https:\/\/curesz.org\/#\/schema\/logo\/image\/","url":"https:\/\/curesz.org\/wp-content\/uploads\/2020\/02\/cropped-Logo-with-Foundation-Custom.png","contentUrl":"https:\/\/curesz.org\/wp-content\/uploads\/2020\/02\/cropped-Logo-with-Foundation-Custom.png","width":200,"height":133,"caption":"Curesz Foundation"},"image":{"@id":"https:\/\/curesz.org\/#\/schema\/logo\/image\/"},"sameAs":["https:\/\/www.facebook.com\/Cureszorg\/","https:\/\/x.com\/cureszorg","https:\/\/www.instagram.com\/cureszfoundation\/","https:\/\/www.youtube.com\/channel\/UCT3uVzTt8jiJ2qdhuosHPvg"]}]}},"_links":{"self":[{"href":"https:\/\/curesz.org\/pt_pt\/wp-json\/wp\/v2\/pages\/4414","targetHints":{"allow":["GET"]}}],"collection":[{"href":"https:\/\/curesz.org\/pt_pt\/wp-json\/wp\/v2\/pages"}],"about":[{"href":"https:\/\/curesz.org\/pt_pt\/wp-json\/wp\/v2\/types\/page"}],"author":[{"embeddable":true,"href":"https:\/\/curesz.org\/pt_pt\/wp-json\/wp\/v2\/users\/3"}],"replies":[{"embeddable":true,"href":"https:\/\/curesz.org\/pt_pt\/wp-json\/wp\/v2\/comments?post=4414"}],"version-history":[{"count":8,"href":"https:\/\/curesz.org\/pt_pt\/wp-json\/wp\/v2\/pages\/4414\/revisions"}],"predecessor-version":[{"id":5486,"href":"https:\/\/curesz.org\/pt_pt\/wp-json\/wp\/v2\/pages\/4414\/revisions\/5486"}],"wp:attachment":[{"href":"https:\/\/curesz.org\/pt_pt\/wp-json\/wp\/v2\/media?parent=4414"}],"curies":[{"name":"wp","href":"https:\/\/api.w.org\/{rel}","templated":true}]}}