{"id":4421,"date":"2022-06-21T14:25:50","date_gmt":"2022-06-21T14:25:50","guid":{"rendered":"https:\/\/curesz.org\/?page_id=4421"},"modified":"2022-06-21T14:25:50","modified_gmt":"2022-06-21T14:25:50","slug":"2022-07-01-the-importance-of-friendship","status":"publish","type":"page","link":"https:\/\/curesz.org\/pt_pt\/2022-07-01-the-importance-of-friendship\/","title":{"rendered":"A import\u00e2ncia da amizade"},"content":{"rendered":"<p><div class=\"fusion-fullwidth fullwidth-box fusion-builder-row-1 fusion-flex-container nonhundred-percent-fullwidth non-hundred-percent-height-scrolling\" style=\"--awb-border-radius-top-left:0px;--awb-border-radius-top-right:0px;--awb-border-radius-bottom-right:0px;--awb-border-radius-bottom-left:0px;--awb-flex-wrap:wrap;\" ><div class=\"fusion-builder-row fusion-row fusion-flex-align-items-flex-start fusion-flex-content-wrap\" style=\"max-width:1352px;margin-left: calc(-4% \/ 2 );margin-right: calc(-4% \/ 2 );\"><div class=\"fusion-layout-column fusion_builder_column fusion-builder-column-0 fusion_builder_column_1_4 1_4 fusion-flex-column\" style=\"--awb-bg-size:cover;--awb-width-large:25%;--awb-margin-top-large:0px;--awb-spacing-right-large:7.68%;--awb-margin-bottom-large:20px;--awb-spacing-left-large:7.68%;--awb-width-medium:100%;--awb-spacing-right-medium:1.92%;--awb-spacing-left-medium:1.92%;--awb-width-small:100%;--awb-spacing-right-small:1.92%;--awb-spacing-left-small:1.92%;\"><div class=\"fusion-column-wrapper fusion-column-has-shadow fusion-flex-justify-content-flex-start fusion-content-layout-column\"><div class=\"fusion-image-element\" style=\"--awb-caption-title-font-family:var(--h2_typography-font-family);--awb-caption-title-font-weight:var(--h2_typography-font-weight);--awb-caption-title-font-style:var(--h2_typography-font-style);--awb-caption-title-size:var(--h2_typography-font-size);--awb-caption-title-transform:var(--h2_typography-text-transform);--awb-caption-title-line-height:var(--h2_typography-line-height);--awb-caption-title-letter-spacing:var(--h2_typography-letter-spacing);\"><span class=\"fusion-imageframe imageframe-none imageframe-1 hover-type-none\"><img decoding=\"async\" width=\"1078\" height=\"1080\" src=\"https:\/\/curesz.org\/wp-content\/uploads\/2022\/06\/Fateme-preferred.jpg\" data-orig-src=\"https:\/\/curesz.org\/wp-content\/uploads\/2022\/06\/Fateme-preferred.jpg\" alt class=\"lazyload img-responsive wp-image-4419\" srcset=\"data:image\/svg+xml,%3Csvg%20xmlns%3D%27http%3A%2F%2Fwww.w3.org%2F2000%2Fsvg%27%20width%3D%271078%27%20height%3D%271080%27%20viewBox%3D%270%200%201078%201080%27%3E%3Crect%20width%3D%271078%27%20height%3D%271080%27%20fill-opacity%3D%220%22%2F%3E%3C%2Fsvg%3E\" data-srcset=\"https:\/\/curesz.org\/wp-content\/uploads\/2022\/06\/Fateme-preferred-200x200.jpg 200w, https:\/\/curesz.org\/wp-content\/uploads\/2022\/06\/Fateme-preferred-400x401.jpg 400w, https:\/\/curesz.org\/wp-content\/uploads\/2022\/06\/Fateme-preferred-600x601.jpg 600w, https:\/\/curesz.org\/wp-content\/uploads\/2022\/06\/Fateme-preferred-800x801.jpg 800w, https:\/\/curesz.org\/wp-content\/uploads\/2022\/06\/Fateme-preferred.jpg 1078w, https:\/\/curesz.org\/wp-content\/uploads\/2022\/06\/Fateme-preferred-1200x1202.jpg 1200w\" data-sizes=\"auto\" data-orig-sizes=\"(max-width: 1024px) 100vw, (max-width: 640px) 100vw, 400px\" \/><\/span><\/div><div class=\"fusion-text fusion-text-1\"><p><strong>Bethany Yeiser, BS, magna cum laude<br \/>\nPresidente da Funda\u00e7\u00e3o CURESZ<br \/>\n(Bethany est\u00e1 \u00e0 esquerda, mostrada aqui com uma de suas amigas)<\/strong><\/p>\n<\/div><\/div><\/div><div class=\"fusion-layout-column fusion_builder_column fusion-builder-column-1 fusion_builder_column_3_4 3_4 fusion-flex-column\" style=\"--awb-bg-size:cover;--awb-width-large:75%;--awb-margin-top-large:0px;--awb-spacing-right-large:2.56%;--awb-margin-bottom-large:20px;--awb-spacing-left-large:2.56%;--awb-width-medium:100%;--awb-spacing-right-medium:1.92%;--awb-spacing-left-medium:1.92%;--awb-width-small:100%;--awb-spacing-right-small:1.92%;--awb-spacing-left-small:1.92%;\"><div class=\"fusion-column-wrapper fusion-column-has-shadow fusion-flex-justify-content-flex-start fusion-content-layout-column\"><div class=\"fusion-text fusion-text-2\"><p>A import\u00e2ncia da amizade<\/p>\n<p>As amizades foram vitais em meus quatorze anos de recupera\u00e7\u00e3o sustentada da esquizofrenia. Amizades \u00edntimas enriqueceram especialmente minha vida de muitas maneiras.<\/p>\n<p>Antes de desenvolver esquizofrenia na faculdade, eu n\u00e3o tinha amigos \u00edntimos. Vejo minha antiga incapacidade de fazer amizades \u00edntimas como um sintoma inicial que provavelmente era sutil demais para ser notado. No entanto, lutar para formar amizades \u00edntimas n\u00e3o \u00e9 incomum no p\u00fablico em geral (1).<\/p>\n<p>Quando comecei a apresentar sinais de esquizofrenia, incluindo del\u00edrios e incapacidade de concentra\u00e7\u00e3o, mas ainda n\u00e3o havia sido diagnosticado, tive uma afinidade com amigos de outros pa\u00edses que n\u00e3o conheciam a cultura americana. Gostei de visitar o Sudeste Asi\u00e1tico tr\u00eas vezes, apesar do agravamento dos meus sintomas psiqui\u00e1tricos. Passei tanto tempo com amigos chineses que eles me provocaram dizendo que eu tamb\u00e9m era chin\u00eas.<\/p>\n<p>Depois que meus del\u00edrios e falta de concentra\u00e7\u00e3o me levaram a abandonar a faculdade, passei muito tempo em bibliotecas universit\u00e1rias, onde fiz amizade com v\u00e1rios estudantes internacionais, incluindo um estudante turco de matem\u00e1tica. Hoje, a jovem turca \u00e9 a \u00fanica amiga internacional com quem mantenho contato desde ent\u00e3o. Olhando para tr\u00e1s, provavelmente escolhi esses amigos em parte porque, devido \u00e0s diferen\u00e7as culturais, pensei que seria menos prov\u00e1vel que eles fizessem perguntas pessoais e percebessem que eu havia abandonado a faculdade e, eventualmente, me tornado um sem-teto.<\/p>\n<p>\u00c0 medida que minha esquizofrenia n\u00e3o diagnosticada progredia, comecei a ter alucina\u00e7\u00f5es. Um dia fui a uma biblioteca e vi que o nome da biblioteca foi alterado por uma letra e escrito incorretamente. Na realidade, isso n\u00e3o era verdade. Como minhas alucina\u00e7\u00f5es se tornaram uma prova\u00e7\u00e3o di\u00e1ria, passei v\u00e1rios dias seguidos sem ver ningu\u00e9m. O isolamento excessivo pode ser perigoso, mesmo para pessoas mentalmente saud\u00e1veis (2). Muitas pessoas com doen\u00e7as mentais tendem a se isolar quando mais precisam de amigos, e a falta de companhia estava exacerbando meus sintomas. \u00c0 medida que me isolava, minhas alucina\u00e7\u00f5es e del\u00edrios pioravam.<\/p>\n<p>Ap\u00f3s meu diagn\u00f3stico, passei doze meses tentando cinco medicamentos, at\u00e9 dois de cada vez. Como eu resistia ao tratamento, esses medicamentos eram apenas parcialmente eficazes. Eles tamb\u00e9m me causaram uma exaust\u00e3o severa e um afeto plano. Eu me senti como uma sombra da pessoa que eu tinha sido anos antes da minha esquizofrenia. Aquele ano foi o per\u00edodo mais dif\u00edcil que j\u00e1 passei socialmente, pois relutava em ver algu\u00e9m. Em ess\u00eancia, eu estava me escondendo.<\/p>\n<p>Mas depois de come\u00e7ar a clozapina em 2008, meus efeitos colaterais graves de outros medicamentos se dissiparam. \u00c0 medida que a verdadeira recupera\u00e7\u00e3o come\u00e7ou com a diminui\u00e7\u00e3o constante dos sintomas, descobri-me facilmente fazendo amigos e gostando deles. Ansiava por jantares, concertos e longas conversas. A maioria dos meus novos amigos era americana, mas na recupera\u00e7\u00e3o mantive v\u00e1rias amizades internacionais, incluindo alguns colegas de quarto e amigos do Sudeste Asi\u00e1tico.<\/p>\n<p>Um dos meus amigos mais pr\u00f3ximos hoje \u00e9 um psic\u00f3logo que conheci atrav\u00e9s da minha igreja. Temos um interesse m\u00fatuo na defesa da sa\u00fade mental. Ela tamb\u00e9m foi a primeira pessoa a revisar minhas mem\u00f3rias <em>Mente Estranha<\/em> que n\u00e3o esteve diretamente envolvido no processo de edi\u00e7\u00e3o. Eu aprecio seu conhecimento e vis\u00e3o.<\/p>\n<p>Tamb\u00e9m fiz amizade com um aluno de p\u00f3s-gradua\u00e7\u00e3o em f\u00edsica da Universidade de Cincinnati. Ao longo de alguns anos, tivemos muitas aventuras juntos. Ela \u00e9 compassiva, confi\u00e1vel e gentil. Quando havia uma morte em minha fam\u00edlia, ela insistia que eu passasse uma noite em sua casa como h\u00f3spede. Ent\u00e3o, ela apareceu para ver como eu estava todos os dias por mais de uma semana. Olhando para tr\u00e1s, eu precisava de uma amiga de verdade naquela \u00e9poca, e ela foi importante para me ajudar a processar minha dor de maneira saud\u00e1vel. Sempre terei um lugar especial em meu cora\u00e7\u00e3o para ela.<\/p>\n<p>Eu gosto de muitas outras amizades. Mantive contato com alunos da Universidade de Cincinnati que se formaram comigo e com um colega de quarto que dividiu um apartamento comigo por quatro anos. Na medica\u00e7\u00e3o e na recupera\u00e7\u00e3o, acho que fazer amigos \u00e9 mais gratificante do que jamais experimentei antes em minha vida.<\/p>\n<p>Sou grato por meu c\u00edrculo de amigos e n\u00e3o consigo imaginar minha vida sem eles.<\/p>\n<p>Em meu papel de defensor da sa\u00fade mental, quando as fam\u00edlias me contatam para discutir a recupera\u00e7\u00e3o de seus entes queridos, enfatizo a import\u00e2ncia vital de uma rede social. \u00c9 um componente chave em um plano de tratamento bem-sucedido. Todo mundo precisa de gente.<\/p>\n<p>\u00c9 meu sincero desejo poder ser amigo de outras pessoas em suas jornadas de recupera\u00e7\u00e3o.<\/p>\n<p>(1) Como ter amizades mais pr\u00f3ximas e por que voc\u00ea precisa delas <a href=\"https:\/\/www.nytimes.com\/2019\/11\/20\/smarter-living\/how-to-have-closer-friendships.html\">https:\/\/www.nytimes.com\/2019\/11\/20\/smarter-living\/how-to-have-closer-friendships.html<\/a>, acessado em 1\u00ba de novembro de 2021.<\/p>\n<p>(2) Um se torna dois: compreendendo os efeitos do isolamento social na sa\u00fade mental. \u00a0<a href=\"https:\/\/publichealth.tulane.edu\/blog\/effects-of-social-isolation-on-mental-health\/\">https:\/\/publichealth.tulane.edu\/blog\/effects-of-social-isolation-on-mental-health\/<\/a> \u00a0Acesso em 6 de novembro de 2021.<\/p>\n<\/div><\/div><\/div><\/div><\/div><div class=\"fusion-fullwidth fullwidth-box fusion-builder-row-2 fusion-flex-container hundred-percent-fullwidth non-hundred-percent-height-scrolling\" style=\"--awb-border-radius-top-left:0px;--awb-border-radius-top-right:0px;--awb-border-radius-bottom-right:0px;--awb-border-radius-bottom-left:0px;--awb-padding-top:0px;--awb-padding-right:0px;--awb-padding-bottom:0px;--awb-padding-left:0px;--awb-margin-top:0px;--awb-margin-bottom:0px;--awb-background-color:#015da7;--awb-flex-wrap:wrap;\" ><div class=\"fusion-builder-row fusion-row fusion-flex-align-items-flex-start fusion-flex-content-wrap\" style=\"width:104% !important;max-width:104% !important;margin-left: calc(-4% \/ 2 );margin-right: calc(-4% \/ 2 );\"><\/div><\/div>\n<\/p>","protected":false},"excerpt":{"rendered":"","protected":false},"author":3,"featured_media":0,"parent":0,"menu_order":0,"comment_status":"closed","ping_status":"closed","template":"100-width.php","meta":{"_acf_changed":false,"footnotes":""},"class_list":["post-4421","page","type-page","status-publish","hentry"],"acf":[],"yoast_head":"<!-- This site is optimized with the Yoast SEO plugin v27.4 - https:\/\/yoast.com\/product\/yoast-seo-wordpress\/ -->\n<title>The Importance of Friendship - CURESZ Foundation<\/title>\n<meta name=\"robots\" content=\"index, follow, max-snippet:-1, max-image-preview:large, max-video-preview:-1\" \/>\n<link rel=\"canonical\" href=\"https:\/\/curesz.org\/pt_pt\/2022-07-01-the-importance-of-friendship\/\" \/>\n<meta property=\"og:locale\" content=\"pt_PT\" \/>\n<meta property=\"og:type\" content=\"article\" \/>\n<meta property=\"og:title\" content=\"The Importance of Friendship - CURESZ Foundation\" \/>\n<meta property=\"og:url\" content=\"https:\/\/curesz.org\/pt_pt\/2022-07-01-the-importance-of-friendship\/\" \/>\n<meta property=\"og:site_name\" content=\"CURESZ Foundation\" \/>\n<meta property=\"article:publisher\" content=\"https:\/\/www.facebook.com\/Cureszorg\/\" \/>\n<meta name=\"twitter:card\" content=\"summary_large_image\" \/>\n<meta name=\"twitter:site\" content=\"@cureszorg\" \/>\n<meta name=\"twitter:label1\" content=\"Tempo estimado de leitura\" \/>\n\t<meta name=\"twitter:data1\" content=\"6 minutos\" \/>\n<script type=\"application\/ld+json\" class=\"yoast-schema-graph\">{\"@context\":\"https:\\\/\\\/schema.org\",\"@graph\":[{\"@type\":\"WebPage\",\"@id\":\"https:\\\/\\\/curesz.org\\\/2022-07-01-the-importance-of-friendship\\\/\",\"url\":\"https:\\\/\\\/curesz.org\\\/2022-07-01-the-importance-of-friendship\\\/\",\"name\":\"The Importance of Friendship - CURESZ Foundation\",\"isPartOf\":{\"@id\":\"https:\\\/\\\/curesz.org\\\/#website\"},\"datePublished\":\"2022-06-21T14:25:50+00:00\",\"breadcrumb\":{\"@id\":\"https:\\\/\\\/curesz.org\\\/2022-07-01-the-importance-of-friendship\\\/#breadcrumb\"},\"inLanguage\":\"pt-PT\",\"potentialAction\":[{\"@type\":\"ReadAction\",\"target\":[\"https:\\\/\\\/curesz.org\\\/2022-07-01-the-importance-of-friendship\\\/\"]}]},{\"@type\":\"BreadcrumbList\",\"@id\":\"https:\\\/\\\/curesz.org\\\/2022-07-01-the-importance-of-friendship\\\/#breadcrumb\",\"itemListElement\":[{\"@type\":\"ListItem\",\"position\":1,\"name\":\"Home\",\"item\":\"https:\\\/\\\/curesz.org\\\/\"},{\"@type\":\"ListItem\",\"position\":2,\"name\":\"The Importance of Friendship\"}]},{\"@type\":\"WebSite\",\"@id\":\"https:\\\/\\\/curesz.org\\\/#website\",\"url\":\"https:\\\/\\\/curesz.org\\\/\",\"name\":\"CURESZ Foundation\",\"description\":\"The CURESZ Foundation provides educational updates to patients, families, healthcare professionals and the general public about schizophrenia.\",\"publisher\":{\"@id\":\"https:\\\/\\\/curesz.org\\\/#organization\"},\"potentialAction\":[{\"@type\":\"SearchAction\",\"target\":{\"@type\":\"EntryPoint\",\"urlTemplate\":\"https:\\\/\\\/curesz.org\\\/?s={search_term_string}\"},\"query-input\":{\"@type\":\"PropertyValueSpecification\",\"valueRequired\":true,\"valueName\":\"search_term_string\"}}],\"inLanguage\":\"pt-PT\"},{\"@type\":\"Organization\",\"@id\":\"https:\\\/\\\/curesz.org\\\/#organization\",\"name\":\"Curesz Foundation\",\"url\":\"https:\\\/\\\/curesz.org\\\/\",\"logo\":{\"@type\":\"ImageObject\",\"inLanguage\":\"pt-PT\",\"@id\":\"https:\\\/\\\/curesz.org\\\/#\\\/schema\\\/logo\\\/image\\\/\",\"url\":\"https:\\\/\\\/curesz.org\\\/wp-content\\\/uploads\\\/2020\\\/02\\\/cropped-Logo-with-Foundation-Custom.png\",\"contentUrl\":\"https:\\\/\\\/curesz.org\\\/wp-content\\\/uploads\\\/2020\\\/02\\\/cropped-Logo-with-Foundation-Custom.png\",\"width\":200,\"height\":133,\"caption\":\"Curesz Foundation\"},\"image\":{\"@id\":\"https:\\\/\\\/curesz.org\\\/#\\\/schema\\\/logo\\\/image\\\/\"},\"sameAs\":[\"https:\\\/\\\/www.facebook.com\\\/Cureszorg\\\/\",\"https:\\\/\\\/x.com\\\/cureszorg\",\"https:\\\/\\\/www.instagram.com\\\/cureszfoundation\\\/\",\"https:\\\/\\\/www.youtube.com\\\/channel\\\/UCT3uVzTt8jiJ2qdhuosHPvg\"]}]}<\/script>\n<!-- \/ Yoast SEO plugin. -->","yoast_head_json":{"title":"The Importance of Friendship - CURESZ Foundation","robots":{"index":"index","follow":"follow","max-snippet":"max-snippet:-1","max-image-preview":"max-image-preview:large","max-video-preview":"max-video-preview:-1"},"canonical":"https:\/\/curesz.org\/pt_pt\/2022-07-01-the-importance-of-friendship\/","og_locale":"pt_PT","og_type":"article","og_title":"The Importance of Friendship - CURESZ Foundation","og_url":"https:\/\/curesz.org\/pt_pt\/2022-07-01-the-importance-of-friendship\/","og_site_name":"CURESZ Foundation","article_publisher":"https:\/\/www.facebook.com\/Cureszorg\/","twitter_card":"summary_large_image","twitter_site":"@cureszorg","twitter_misc":{"Tempo estimado de leitura":"6 minutos"},"schema":{"@context":"https:\/\/schema.org","@graph":[{"@type":"WebPage","@id":"https:\/\/curesz.org\/2022-07-01-the-importance-of-friendship\/","url":"https:\/\/curesz.org\/2022-07-01-the-importance-of-friendship\/","name":"The Importance of Friendship - CURESZ Foundation","isPartOf":{"@id":"https:\/\/curesz.org\/#website"},"datePublished":"2022-06-21T14:25:50+00:00","breadcrumb":{"@id":"https:\/\/curesz.org\/2022-07-01-the-importance-of-friendship\/#breadcrumb"},"inLanguage":"pt-PT","potentialAction":[{"@type":"ReadAction","target":["https:\/\/curesz.org\/2022-07-01-the-importance-of-friendship\/"]}]},{"@type":"BreadcrumbList","@id":"https:\/\/curesz.org\/2022-07-01-the-importance-of-friendship\/#breadcrumb","itemListElement":[{"@type":"ListItem","position":1,"name":"Home","item":"https:\/\/curesz.org\/"},{"@type":"ListItem","position":2,"name":"The Importance of Friendship"}]},{"@type":"WebSite","@id":"https:\/\/curesz.org\/#website","url":"https:\/\/curesz.org\/","name":"Funda\u00e7\u00e3o CURESZ","description":"A Funda\u00e7\u00e3o CURESZ fornece atualiza\u00e7\u00f5es educacionais para pacientes, familiares, profissionais de sa\u00fade e p\u00fablico em geral sobre esquizofrenia.","publisher":{"@id":"https:\/\/curesz.org\/#organization"},"potentialAction":[{"@type":"SearchAction","target":{"@type":"EntryPoint","urlTemplate":"https:\/\/curesz.org\/?s={search_term_string}"},"query-input":{"@type":"PropertyValueSpecification","valueRequired":true,"valueName":"search_term_string"}}],"inLanguage":"pt-PT"},{"@type":"Organization","@id":"https:\/\/curesz.org\/#organization","name":"Curesz Foundation","url":"https:\/\/curesz.org\/","logo":{"@type":"ImageObject","inLanguage":"pt-PT","@id":"https:\/\/curesz.org\/#\/schema\/logo\/image\/","url":"https:\/\/curesz.org\/wp-content\/uploads\/2020\/02\/cropped-Logo-with-Foundation-Custom.png","contentUrl":"https:\/\/curesz.org\/wp-content\/uploads\/2020\/02\/cropped-Logo-with-Foundation-Custom.png","width":200,"height":133,"caption":"Curesz Foundation"},"image":{"@id":"https:\/\/curesz.org\/#\/schema\/logo\/image\/"},"sameAs":["https:\/\/www.facebook.com\/Cureszorg\/","https:\/\/x.com\/cureszorg","https:\/\/www.instagram.com\/cureszfoundation\/","https:\/\/www.youtube.com\/channel\/UCT3uVzTt8jiJ2qdhuosHPvg"]}]}},"_links":{"self":[{"href":"https:\/\/curesz.org\/pt_pt\/wp-json\/wp\/v2\/pages\/4421","targetHints":{"allow":["GET"]}}],"collection":[{"href":"https:\/\/curesz.org\/pt_pt\/wp-json\/wp\/v2\/pages"}],"about":[{"href":"https:\/\/curesz.org\/pt_pt\/wp-json\/wp\/v2\/types\/page"}],"author":[{"embeddable":true,"href":"https:\/\/curesz.org\/pt_pt\/wp-json\/wp\/v2\/users\/3"}],"replies":[{"embeddable":true,"href":"https:\/\/curesz.org\/pt_pt\/wp-json\/wp\/v2\/comments?post=4421"}],"version-history":[{"count":2,"href":"https:\/\/curesz.org\/pt_pt\/wp-json\/wp\/v2\/pages\/4421\/revisions"}],"predecessor-version":[{"id":4423,"href":"https:\/\/curesz.org\/pt_pt\/wp-json\/wp\/v2\/pages\/4421\/revisions\/4423"}],"wp:attachment":[{"href":"https:\/\/curesz.org\/pt_pt\/wp-json\/wp\/v2\/media?parent=4421"}],"curies":[{"name":"wp","href":"https:\/\/api.w.org\/{rel}","templated":true}]}}