{"id":4424,"date":"2022-06-21T14:26:45","date_gmt":"2022-06-21T14:26:45","guid":{"rendered":"https:\/\/curesz.org\/?page_id=4424"},"modified":"2023-11-15T14:47:48","modified_gmt":"2023-11-15T19:47:48","slug":"2022-07-01-drug-discovery-for-schizophrenia","status":"publish","type":"page","link":"https:\/\/curesz.org\/pt_pt\/2022-07-01-drug-discovery-for-schizophrenia\/","title":{"rendered":"Descoberta de drogas para esquizofrenia"},"content":{"rendered":"<p><div class=\"fusion-fullwidth fullwidth-box fusion-builder-row-1 fusion-flex-container nonhundred-percent-fullwidth non-hundred-percent-height-scrolling\" style=\"--awb-border-radius-top-left:0px;--awb-border-radius-top-right:0px;--awb-border-radius-bottom-right:0px;--awb-border-radius-bottom-left:0px;--awb-flex-wrap:wrap;\" ><div class=\"fusion-builder-row fusion-row fusion-flex-align-items-flex-start fusion-flex-content-wrap\" style=\"max-width:1352px;margin-left: calc(-4% \/ 2 );margin-right: calc(-4% \/ 2 );\"><div class=\"fusion-layout-column fusion_builder_column fusion-builder-column-0 fusion_builder_column_1_4 1_4 fusion-flex-column\" style=\"--awb-bg-size:cover;--awb-width-large:25%;--awb-margin-top-large:0px;--awb-spacing-right-large:7.68%;--awb-margin-bottom-large:20px;--awb-spacing-left-large:7.68%;--awb-width-medium:100%;--awb-spacing-right-medium:1.92%;--awb-spacing-left-medium:1.92%;--awb-width-small:100%;--awb-spacing-right-small:1.92%;--awb-spacing-left-small:1.92%;\"><div class=\"fusion-column-wrapper fusion-column-has-shadow fusion-flex-justify-content-flex-start fusion-content-layout-column\"><div class=\"fusion-image-element\" style=\"--awb-caption-title-font-family:var(--h2_typography-font-family);--awb-caption-title-font-weight:var(--h2_typography-font-weight);--awb-caption-title-font-style:var(--h2_typography-font-style);--awb-caption-title-size:var(--h2_typography-font-size);--awb-caption-title-transform:var(--h2_typography-text-transform);--awb-caption-title-line-height:var(--h2_typography-line-height);--awb-caption-title-letter-spacing:var(--h2_typography-letter-spacing);\"><span class=\"fusion-imageframe imageframe-none imageframe-1 hover-type-none\"><img decoding=\"async\" width=\"1080\" height=\"1080\" title=\"Elizabeth Beam\" src=\"https:\/\/curesz.org\/wp-content\/uploads\/2022\/06\/Elizabeth-Beam.jpg\" data-orig-src=\"https:\/\/curesz.org\/wp-content\/uploads\/2022\/06\/Elizabeth-Beam.jpg\" alt class=\"lazyload img-responsive wp-image-4425\" srcset=\"data:image\/svg+xml,%3Csvg%20xmlns%3D%27http%3A%2F%2Fwww.w3.org%2F2000%2Fsvg%27%20width%3D%271080%27%20height%3D%271080%27%20viewBox%3D%270%200%201080%201080%27%3E%3Crect%20width%3D%271080%27%20height%3D%271080%27%20fill-opacity%3D%220%22%2F%3E%3C%2Fsvg%3E\" data-srcset=\"https:\/\/curesz.org\/wp-content\/uploads\/2022\/06\/Elizabeth-Beam-200x200.jpg 200w, https:\/\/curesz.org\/wp-content\/uploads\/2022\/06\/Elizabeth-Beam-400x400.jpg 400w, https:\/\/curesz.org\/wp-content\/uploads\/2022\/06\/Elizabeth-Beam-600x600.jpg 600w, https:\/\/curesz.org\/wp-content\/uploads\/2022\/06\/Elizabeth-Beam-800x800.jpg 800w, https:\/\/curesz.org\/wp-content\/uploads\/2022\/06\/Elizabeth-Beam.jpg 1080w, https:\/\/curesz.org\/wp-content\/uploads\/2022\/06\/Elizabeth-Beam-1200x1200.jpg 1200w\" data-sizes=\"auto\" data-orig-sizes=\"(max-width: 1024px) 100vw, (max-width: 640px) 100vw, 400px\" \/><\/span><\/div><div class=\"fusion-text fusion-text-1\"><p><strong>Elizabeth Beam, MD, PhD (foto aqui) <\/strong><br \/>\n<strong>e Jacob Ballon, MD<\/strong><br \/>\n<strong>Universidade de Stanford, Departamento de Psiquiatria e Ci\u00eancias Comportamentais<\/strong><\/p>\n<\/div><\/div><\/div><div class=\"fusion-layout-column fusion_builder_column fusion-builder-column-1 fusion_builder_column_3_4 3_4 fusion-flex-column\" style=\"--awb-bg-size:cover;--awb-width-large:75%;--awb-margin-top-large:0px;--awb-spacing-right-large:2.56%;--awb-margin-bottom-large:20px;--awb-spacing-left-large:2.56%;--awb-width-medium:100%;--awb-spacing-right-medium:1.92%;--awb-spacing-left-medium:1.92%;--awb-width-small:100%;--awb-spacing-right-small:1.92%;--awb-spacing-left-small:1.92%;\"><div class=\"fusion-column-wrapper fusion-column-has-shadow fusion-flex-justify-content-flex-start fusion-content-layout-column\"><div class=\"fusion-text fusion-text-2\"><p>Uma d\u00e9cada de descoberta de medicamentos para esquizofrenia: TAAR1 e agonistas muscar\u00ednicos<\/p>\n<p>Just over a decade ago, several major pharmaceutical companies decided to abandon research and development in schizophrenia medications. The move was disheartening to patients and researchers alike who had repeatedly heard promises of controlling more symptoms with fewer side effects. So why did big pharma make its departure? The data had come in from a massive trial comparing \u201ctypical\u201d antipsychotics, discovered serendipitously in the 1950s, to \u201catypical\u201d ones released in the 1990s after years of benchwork and trials. Little to no improvement with the \u201catypicals\u201d could be confirmed. The investment in drugs for schizophrenia had been costly and did not pay off\u2014that is, not yet.<\/p>\n<p>In retrospect, it\u2019s not too surprising the first two classes of antipsychotics had similar efficacy. They both worked by blocking dopamine receptors. Pharmaceutical companies seemed to have run with dopamine as their target for schizophrenia the same way they ran with serotonin for depression and acetylcholine for Alzheimer\u2019s disease. Each chase for the cure was stalling. Just because a drug reduced symptoms did not mean it treated the underlying pathophysiology of disease. Imagine symptoms were a fire in the brain\u2014a drug acting like water could douse the flames, but it wouldn\u2019t cool the hot air or stop the initial spark from reigniting.<\/p>\n<p>However, the past decade has generated several promising directions for treating schizophrenia by turning to a fresh set of drug targets. Two new classes have no direct dopamine activity at all, acting instead on trace amine and muscarinic receptors. In early trials, the drugs have shown potential to address a broader range of symptoms, including the negative and cognitive symptoms that have eluded dopamine receptor blocking agents for decades.<\/p>\n<p><strong>Tra\u00e7ar agonistas do receptor de amina 1 (TAAR1).\u00a0<\/strong>In early 2020, amid the pandemic headlines, news broke of a new pharmacologic approach to treat schizophrenia. TAAR1 agonists had been singled out in a search for non-dopamine blocking drugs that reduced schizophrenia symptoms in animal models. In mice, TAAR1 agonists have also shown that they may help better regulate blood glucose levels\u2014possibly avoiding one of the major side effects of the atypical antipsychotics.<\/p>\n<p>Ulotaront is a TAAR1 agonist thought to work by preventing neurons from firing in the ventral tegmental area, which serves as a starting point for dopamine along the pathway implicated in schizophrenia. While the mechanism of this new drug remains somewhat mysterious, the idea behind it is something like putting out the spark that ignites symptoms. In addition to its trace amine activity, ulotaront acts as an agonist at the 5-HT1A receptors for the neurotransmitter serotonin.<\/p>\n<p>When analyzing initial results of a randomized controlled clinical trial in patients, researchers found that ulotaront had outperformed placebo in reducing the total PANSS score, a global measure of schizophrenia symptoms. The drug also reduced the difficult-to-treat negative symptoms of schizophrenia (a preliminary result that was not adjusted statistically for the number of tests they ran, limiting our ability draw firm conclusions). Unfortunately, as research progressed, two phase III trials of ulotaront both conceded that patients treated with ulotaront did not respond significantly better on the PANSS compared to patients taking placebo pills. Investigators suspect that this finding may be related to the high placebo response rates in these studies.<\/p>\n<p>Another TAAR1 agent, a partial-agonist called ralmitaront, is also in development, but it is at an earlier stage in the process. Two phase II trials of ralmitaront studying its efficacy in treating positive and negative symptoms, respectively, were both ended early as the medication did not significantly reduce symptoms relative to placebo. It is an open question whether pharmaceutical companies will continue developing TAAR1 agents or take these mixed results as an indication to desist.<\/p>\n<p><strong>Agonistas muscar\u00ednicos (M1\/M4).\u00a0<\/strong>If you\u2019ve ever taken diphenhydramine (Benadryl) and felt foggy afterward, you\u2019ve discovered for yourself that blocking acetylcholine in the brain can have adverse cognitive effects. On the flip side, could drugs that stimulate acetylcholine receptors improve memory? This is the idea behind using agonists of muscarinic receptors, which mediate cholinergic activity to treat the cognitive symptoms of schizophrenia.<\/p>\n<p>Because muscarinic agonists can have unwanted side effects outside the brain (muscarinic receptors are located throughout the body and act on most organ systems), one strategy has been to pair the muscarinic agonist xanomeline (which acts throughout the body and brain) with the muscarinic antagonist trospium, which does not act in the brain because it cannot cross the blood-brain barrier. By laying a trospium tarp from the neck down, the combination also helps ensure more xanomeline flows into the brain. The balance between the two remains a work in progress\u2014common side effects include a mix of those related to increased cholinergic activity (nausea and vomiting) and those related to anticholinergic effects (constipation, dry mouth, blurry vision, and memory loss). Another drug in the pipeline, emraclidine, acts predominantly at only one of the 5 muscarinic receptors (M4) to help minimize the risk of the full-body side effects while still improving psychotic symptoms.<\/p>\n<p>Up-to-date information on ongoing trials for TAAR1 and muscarinic drugs can be obtained by searching the clinicaltrials.gov site managed by the National Institutes of Health. It will be important to remain cautious in our optimism, remembering how the early excitement for atypical antipsychotics in the 1990s was tempered by less exuberant results of a larger trial that compared the drugs directly. For now, it is worth celebrating the shift in momentum toward innovative new mechanisms of action and drug discovery advances for schizophrenia.<\/p>\n<p><strong>Refer\u00eancias<\/strong><\/p>\n<p>Abbott, A. (2010). Schizophrenia: The drug deadlock.\u00a0<em>Natureza<\/em>\u00a0<strong><em>468<\/em><\/strong>, 158-159.<\/p>\n<p>Brannan, S. K., Sawchak, S., Miller, A. C., Lieberman, J. A., Paul, S. M., &amp; Breier, A. (2021). Muscarinic cholinergic receptor agonist and peripheral antagonist for schizophrenia.\u00a0<em>New England Journal of Medicine, <\/em><strong><em>384<\/em><\/strong>, 717-726.<\/p>\n<p>Goodwin, Kate. (2023). Roche terminates second phase II trial. <em>BioSpace<\/em>.<\/p>\n<p>Koblan, K. S., Kent, J., Hopkins, S. C., Krystal, J. H., Cheng, H., Goldman, R., &amp; Loebel, A. (2020). A Non-D2-receptor-binding drug for the treatment of schizophrenia.\u00a0<em>New England Journal of Medicine, <\/em><strong><em>382<\/em><\/strong>, 1497-1506.<\/p>\n<p>Lieberman, J. A., Stroub, T. S., McEvoy, J. P., Swartz, M. S., Rosenheck, R. A., Perkins, D. O., Keefe, R. S. E., Davis, S. M., Davis, C. E., Lebowitz, B. D., Severe, J., Hsiao, J. K., &amp; the Clinical Antipsychotic Trials of Intervention Effectiveness (CATIE) Investigators. (2005). Effectiveness of antipsychotic drugs in patients with chronic schizophrenia.\u00a0<em>New England Journal of Medicine, 353<\/em>(12), 1209-1223.<\/p>\n<p>Pahwa, M., Sleem, A., Elsayed, O. H., Good, M. E., &amp; El-Mallakh, R. S<em>.<\/em>\u00a0(2021). New antipsychotic medications in the last decade.\u00a0<em>Current Psychiatry Reports,<\/em>\u00a0<strong><em>23<\/em><\/strong>,1-35.<\/p>\n<p>Sumitomo Pharma Co. &amp; Otsuko Pharma Co. (2023). Sumitomo Pharma and Otsuka announce topline results from phase 3 DIAMOND 1 and DIAMOND 2 clinical studies evaluating ulotaront in schizophrenia. <em>Sumitomo Pharma News Room. <\/em><\/p>\n<\/div><\/div><\/div><\/div><\/div><div class=\"fusion-fullwidth fullwidth-box fusion-builder-row-2 fusion-flex-container hundred-percent-fullwidth non-hundred-percent-height-scrolling\" style=\"--awb-border-radius-top-left:0px;--awb-border-radius-top-right:0px;--awb-border-radius-bottom-right:0px;--awb-border-radius-bottom-left:0px;--awb-padding-top:0px;--awb-padding-right:0px;--awb-padding-bottom:0px;--awb-padding-left:0px;--awb-margin-top:0px;--awb-margin-bottom:0px;--awb-background-color:#015da7;--awb-flex-wrap:wrap;\" ><div class=\"fusion-builder-row fusion-row fusion-flex-align-items-flex-start fusion-flex-content-wrap\" style=\"width:104% !important;max-width:104% !important;margin-left: calc(-4% \/ 2 );margin-right: calc(-4% \/ 2 );\"><\/div><\/div>\n<\/p>","protected":false},"excerpt":{"rendered":"","protected":false},"author":3,"featured_media":0,"parent":0,"menu_order":0,"comment_status":"closed","ping_status":"closed","template":"100-width.php","meta":{"_acf_changed":false,"footnotes":""},"class_list":["post-4424","page","type-page","status-publish","hentry"],"acf":[],"yoast_head":"<!-- This site is optimized with the Yoast SEO plugin v27.3 - https:\/\/yoast.com\/product\/yoast-seo-wordpress\/ -->\n<title>Drug Discovery for Schizophrenia - CURESZ Foundation<\/title>\n<meta name=\"robots\" content=\"index, follow, max-snippet:-1, max-image-preview:large, max-video-preview:-1\" \/>\n<link rel=\"canonical\" href=\"https:\/\/curesz.org\/pt_pt\/2022-07-01-drug-discovery-for-schizophrenia\/\" \/>\n<meta property=\"og:locale\" content=\"pt_PT\" \/>\n<meta property=\"og:type\" content=\"article\" \/>\n<meta property=\"og:title\" content=\"Drug Discovery for Schizophrenia - CURESZ Foundation\" \/>\n<meta property=\"og:url\" content=\"https:\/\/curesz.org\/pt_pt\/2022-07-01-drug-discovery-for-schizophrenia\/\" \/>\n<meta property=\"og:site_name\" content=\"CURESZ Foundation\" \/>\n<meta property=\"article:publisher\" content=\"https:\/\/www.facebook.com\/Cureszorg\/\" \/>\n<meta property=\"article:modified_time\" content=\"2023-11-15T19:47:48+00:00\" \/>\n<meta name=\"twitter:card\" content=\"summary_large_image\" \/>\n<meta name=\"twitter:site\" content=\"@cureszorg\" \/>\n<meta name=\"twitter:label1\" content=\"Tempo estimado de leitura\" \/>\n\t<meta name=\"twitter:data1\" content=\"7 minutos\" \/>\n<script type=\"application\/ld+json\" class=\"yoast-schema-graph\">{\"@context\":\"https:\\\/\\\/schema.org\",\"@graph\":[{\"@type\":\"WebPage\",\"@id\":\"https:\\\/\\\/curesz.org\\\/2022-07-01-drug-discovery-for-schizophrenia\\\/\",\"url\":\"https:\\\/\\\/curesz.org\\\/2022-07-01-drug-discovery-for-schizophrenia\\\/\",\"name\":\"Drug Discovery for Schizophrenia - CURESZ Foundation\",\"isPartOf\":{\"@id\":\"https:\\\/\\\/curesz.org\\\/#website\"},\"datePublished\":\"2022-06-21T14:26:45+00:00\",\"dateModified\":\"2023-11-15T19:47:48+00:00\",\"breadcrumb\":{\"@id\":\"https:\\\/\\\/curesz.org\\\/2022-07-01-drug-discovery-for-schizophrenia\\\/#breadcrumb\"},\"inLanguage\":\"pt-PT\",\"potentialAction\":[{\"@type\":\"ReadAction\",\"target\":[\"https:\\\/\\\/curesz.org\\\/2022-07-01-drug-discovery-for-schizophrenia\\\/\"]}]},{\"@type\":\"BreadcrumbList\",\"@id\":\"https:\\\/\\\/curesz.org\\\/2022-07-01-drug-discovery-for-schizophrenia\\\/#breadcrumb\",\"itemListElement\":[{\"@type\":\"ListItem\",\"position\":1,\"name\":\"Home\",\"item\":\"https:\\\/\\\/curesz.org\\\/\"},{\"@type\":\"ListItem\",\"position\":2,\"name\":\"Drug Discovery for Schizophrenia\"}]},{\"@type\":\"WebSite\",\"@id\":\"https:\\\/\\\/curesz.org\\\/#website\",\"url\":\"https:\\\/\\\/curesz.org\\\/\",\"name\":\"CURESZ Foundation\",\"description\":\"The CURESZ Foundation provides educational updates to patients, families, healthcare professionals and the general public about schizophrenia.\",\"publisher\":{\"@id\":\"https:\\\/\\\/curesz.org\\\/#organization\"},\"potentialAction\":[{\"@type\":\"SearchAction\",\"target\":{\"@type\":\"EntryPoint\",\"urlTemplate\":\"https:\\\/\\\/curesz.org\\\/?s={search_term_string}\"},\"query-input\":{\"@type\":\"PropertyValueSpecification\",\"valueRequired\":true,\"valueName\":\"search_term_string\"}}],\"inLanguage\":\"pt-PT\"},{\"@type\":\"Organization\",\"@id\":\"https:\\\/\\\/curesz.org\\\/#organization\",\"name\":\"Curesz Foundation\",\"url\":\"https:\\\/\\\/curesz.org\\\/\",\"logo\":{\"@type\":\"ImageObject\",\"inLanguage\":\"pt-PT\",\"@id\":\"https:\\\/\\\/curesz.org\\\/#\\\/schema\\\/logo\\\/image\\\/\",\"url\":\"https:\\\/\\\/curesz.org\\\/wp-content\\\/uploads\\\/2020\\\/02\\\/cropped-Logo-with-Foundation-Custom.png\",\"contentUrl\":\"https:\\\/\\\/curesz.org\\\/wp-content\\\/uploads\\\/2020\\\/02\\\/cropped-Logo-with-Foundation-Custom.png\",\"width\":200,\"height\":133,\"caption\":\"Curesz Foundation\"},\"image\":{\"@id\":\"https:\\\/\\\/curesz.org\\\/#\\\/schema\\\/logo\\\/image\\\/\"},\"sameAs\":[\"https:\\\/\\\/www.facebook.com\\\/Cureszorg\\\/\",\"https:\\\/\\\/x.com\\\/cureszorg\",\"https:\\\/\\\/www.instagram.com\\\/cureszfoundation\\\/\",\"https:\\\/\\\/www.youtube.com\\\/channel\\\/UCT3uVzTt8jiJ2qdhuosHPvg\"]}]}<\/script>\n<!-- \/ Yoast SEO plugin. -->","yoast_head_json":{"title":"Drug Discovery for Schizophrenia - CURESZ Foundation","robots":{"index":"index","follow":"follow","max-snippet":"max-snippet:-1","max-image-preview":"max-image-preview:large","max-video-preview":"max-video-preview:-1"},"canonical":"https:\/\/curesz.org\/pt_pt\/2022-07-01-drug-discovery-for-schizophrenia\/","og_locale":"pt_PT","og_type":"article","og_title":"Drug Discovery for Schizophrenia - CURESZ Foundation","og_url":"https:\/\/curesz.org\/pt_pt\/2022-07-01-drug-discovery-for-schizophrenia\/","og_site_name":"CURESZ Foundation","article_publisher":"https:\/\/www.facebook.com\/Cureszorg\/","article_modified_time":"2023-11-15T19:47:48+00:00","twitter_card":"summary_large_image","twitter_site":"@cureszorg","twitter_misc":{"Tempo estimado de leitura":"7 minutos"},"schema":{"@context":"https:\/\/schema.org","@graph":[{"@type":"WebPage","@id":"https:\/\/curesz.org\/2022-07-01-drug-discovery-for-schizophrenia\/","url":"https:\/\/curesz.org\/2022-07-01-drug-discovery-for-schizophrenia\/","name":"Drug Discovery for Schizophrenia - CURESZ Foundation","isPartOf":{"@id":"https:\/\/curesz.org\/#website"},"datePublished":"2022-06-21T14:26:45+00:00","dateModified":"2023-11-15T19:47:48+00:00","breadcrumb":{"@id":"https:\/\/curesz.org\/2022-07-01-drug-discovery-for-schizophrenia\/#breadcrumb"},"inLanguage":"pt-PT","potentialAction":[{"@type":"ReadAction","target":["https:\/\/curesz.org\/2022-07-01-drug-discovery-for-schizophrenia\/"]}]},{"@type":"BreadcrumbList","@id":"https:\/\/curesz.org\/2022-07-01-drug-discovery-for-schizophrenia\/#breadcrumb","itemListElement":[{"@type":"ListItem","position":1,"name":"Home","item":"https:\/\/curesz.org\/"},{"@type":"ListItem","position":2,"name":"Drug Discovery for Schizophrenia"}]},{"@type":"WebSite","@id":"https:\/\/curesz.org\/#website","url":"https:\/\/curesz.org\/","name":"Funda\u00e7\u00e3o CURESZ","description":"A Funda\u00e7\u00e3o CURESZ fornece atualiza\u00e7\u00f5es educacionais para pacientes, familiares, profissionais de sa\u00fade e p\u00fablico em geral sobre esquizofrenia.","publisher":{"@id":"https:\/\/curesz.org\/#organization"},"potentialAction":[{"@type":"SearchAction","target":{"@type":"EntryPoint","urlTemplate":"https:\/\/curesz.org\/?s={search_term_string}"},"query-input":{"@type":"PropertyValueSpecification","valueRequired":true,"valueName":"search_term_string"}}],"inLanguage":"pt-PT"},{"@type":"Organization","@id":"https:\/\/curesz.org\/#organization","name":"Curesz Foundation","url":"https:\/\/curesz.org\/","logo":{"@type":"ImageObject","inLanguage":"pt-PT","@id":"https:\/\/curesz.org\/#\/schema\/logo\/image\/","url":"https:\/\/curesz.org\/wp-content\/uploads\/2020\/02\/cropped-Logo-with-Foundation-Custom.png","contentUrl":"https:\/\/curesz.org\/wp-content\/uploads\/2020\/02\/cropped-Logo-with-Foundation-Custom.png","width":200,"height":133,"caption":"Curesz Foundation"},"image":{"@id":"https:\/\/curesz.org\/#\/schema\/logo\/image\/"},"sameAs":["https:\/\/www.facebook.com\/Cureszorg\/","https:\/\/x.com\/cureszorg","https:\/\/www.instagram.com\/cureszfoundation\/","https:\/\/www.youtube.com\/channel\/UCT3uVzTt8jiJ2qdhuosHPvg"]}]}},"_links":{"self":[{"href":"https:\/\/curesz.org\/pt_pt\/wp-json\/wp\/v2\/pages\/4424","targetHints":{"allow":["GET"]}}],"collection":[{"href":"https:\/\/curesz.org\/pt_pt\/wp-json\/wp\/v2\/pages"}],"about":[{"href":"https:\/\/curesz.org\/pt_pt\/wp-json\/wp\/v2\/types\/page"}],"author":[{"embeddable":true,"href":"https:\/\/curesz.org\/pt_pt\/wp-json\/wp\/v2\/users\/3"}],"replies":[{"embeddable":true,"href":"https:\/\/curesz.org\/pt_pt\/wp-json\/wp\/v2\/comments?post=4424"}],"version-history":[{"count":4,"href":"https:\/\/curesz.org\/pt_pt\/wp-json\/wp\/v2\/pages\/4424\/revisions"}],"predecessor-version":[{"id":5482,"href":"https:\/\/curesz.org\/pt_pt\/wp-json\/wp\/v2\/pages\/4424\/revisions\/5482"}],"wp:attachment":[{"href":"https:\/\/curesz.org\/pt_pt\/wp-json\/wp\/v2\/media?parent=4424"}],"curies":[{"name":"wp","href":"https:\/\/api.w.org\/{rel}","templated":true}]}}