{"id":4445,"date":"2022-06-30T21:16:13","date_gmt":"2022-06-30T21:16:13","guid":{"rendered":"https:\/\/curesz.org\/?page_id=4445"},"modified":"2022-06-30T21:16:13","modified_gmt":"2022-06-30T21:16:13","slug":"research-study","status":"publish","type":"page","link":"https:\/\/curesz.org\/pt_pt\/research-study\/","title":{"rendered":"Pesquisa"},"content":{"rendered":"<p><strong>Pesquisa<img decoding=\"async\" class=\"lazyload  wp-image-4449 alignright\" src=\"https:\/\/curesz.org\/wp-content\/uploads\/2022\/06\/Keshavan-brain.jpg\" data-orig-src=\"https:\/\/curesz.org\/wp-content\/uploads\/2022\/06\/Keshavan-brain.jpg\" alt=\"\" width=\"244\" height=\"282\" srcset=\"data:image\/svg+xml,%3Csvg%20xmlns%3D%27http%3A%2F%2Fwww.w3.org%2F2000%2Fsvg%27%20width%3D%27244%27%20height%3D%27282%27%20viewBox%3D%270%200%20244%20282%27%3E%3Crect%20width%3D%27244%27%20height%3D%27282%27%20fill-opacity%3D%220%22%2F%3E%3C%2Fsvg%3E\" data-srcset=\"https:\/\/curesz.org\/wp-content\/uploads\/2022\/06\/Keshavan-brain-200x231.jpg 200w, https:\/\/curesz.org\/wp-content\/uploads\/2022\/06\/Keshavan-brain-259x300.jpg 259w, https:\/\/curesz.org\/wp-content\/uploads\/2022\/06\/Keshavan-brain.jpg 351w\" data-sizes=\"auto\" data-orig-sizes=\"(max-width: 244px) 100vw, 244px\" \/><\/strong><\/p>\n<p>Pesquisadores do Harvard\/Beth Israel Deaconess Medical Center est\u00e3o realizando um estudo para entender como dois medicamentos diferentes funcionam com sintomas espec\u00edficos de psicose e est\u00e3o procurando participantes. O estudo ter\u00e1 dura\u00e7\u00e3o de 18 semanas e incluir\u00e1:<\/p>\n<p>\u2013 Avalia\u00e7\u00f5es Cl\u00ednicas<br \/>\n- Grava\u00e7\u00e3o de atividade cerebral<br \/>\n- Exames de sangue<br \/>\n\u2013 Testes de capacidade cognitiva (como aten\u00e7\u00e3o, mem\u00f3ria e resolu\u00e7\u00e3o de problemas)<br \/>\n\u2013 Tratamento com Clozapina ou Risperidona<\/p>\n<p>Os participantes eleg\u00edveis s\u00e3o aqueles com idade entre 18-60; diagnosticado com esquizofrenia, transtorno esquizoafetivo ou bipolar com caracter\u00edsticas psic\u00f3ticas; n\u00e3o tem um dist\u00farbio neurol\u00f3gico, como les\u00e3o cerebral traum\u00e1tica ou dist\u00farbio convulsivo; e s\u00e3o capazes de tolerar o tratamento com clozapina. Os participantes ser\u00e3o compensados por seu tempo no estudo e reembolsados pela viagem\/estacionamento.<\/p>\n<p>Para obter informa\u00e7\u00f5es gerais sobre este estudo e outros, consulte o <a href=\"https:\/\/impactlab.squarespace.com\/studies\">Laborat\u00f3rio de impacto de Keshavan<\/a>.<\/p>\n<p>Para obter mais informa\u00e7\u00f5es sobre oportunidades de pesquisa, incluindo este estudo, consulte <a href=\"https:\/\/www.mapnet.online\/research\">aqui<\/a>.<\/p>\n<p>Para obter mais informa\u00e7\u00f5es sobre este estudo, entre em contato com Lola Nedic em lnedic@bidmc.harvard.edu. Para todas as outras perguntas, entre em contato com Bethany Yeiser em bethany.yeiser@curesz.org ou escreva-nos atrav\u00e9s do nosso <a href=\"https:\/\/curesz.org\/pt_pt\/contact-us\/\">Formul\u00e1rio de Contato<\/a>.<\/p>","protected":false},"excerpt":{"rendered":"<p>Research Study Researchers at the Harvard\/Beth Israel Deaconess Medical Center  [&#8230;]<\/p>\n","protected":false},"author":3,"featured_media":0,"parent":0,"menu_order":0,"comment_status":"closed","ping_status":"closed","template":"","meta":{"_acf_changed":false,"footnotes":""},"class_list":["post-4445","page","type-page","status-publish","hentry"],"acf":[],"yoast_head":"<!-- This site is optimized with the Yoast SEO plugin v27.3 - https:\/\/yoast.com\/product\/yoast-seo-wordpress\/ -->\n<title>Research Study - CURESZ Foundation<\/title>\n<meta name=\"robots\" content=\"index, follow, max-snippet:-1, max-image-preview:large, max-video-preview:-1\" \/>\n<link rel=\"canonical\" href=\"https:\/\/curesz.org\/pt_pt\/research-study\/\" \/>\n<meta property=\"og:locale\" content=\"pt_PT\" \/>\n<meta property=\"og:type\" content=\"article\" \/>\n<meta property=\"og:title\" content=\"Research Study - CURESZ Foundation\" \/>\n<meta property=\"og:description\" content=\"Research Study Researchers at the Harvard\/Beth Israel Deaconess Medical Center [...]\" \/>\n<meta property=\"og:url\" content=\"https:\/\/curesz.org\/pt_pt\/research-study\/\" \/>\n<meta property=\"og:site_name\" content=\"CURESZ Foundation\" \/>\n<meta property=\"article:publisher\" content=\"https:\/\/www.facebook.com\/Cureszorg\/\" \/>\n<meta property=\"og:image\" content=\"https:\/\/curesz.org\/wp-content\/uploads\/2022\/06\/Keshavan-brain.jpg\" \/>\n<meta name=\"twitter:card\" content=\"summary_large_image\" \/>\n<meta name=\"twitter:site\" content=\"@cureszorg\" \/>\n<meta name=\"twitter:label1\" content=\"Tempo estimado de leitura\" \/>\n\t<meta name=\"twitter:data1\" content=\"1 minuto\" \/>\n<script type=\"application\/ld+json\" class=\"yoast-schema-graph\">{\"@context\":\"https:\\\/\\\/schema.org\",\"@graph\":[{\"@type\":\"WebPage\",\"@id\":\"https:\\\/\\\/curesz.org\\\/research-study\\\/\",\"url\":\"https:\\\/\\\/curesz.org\\\/research-study\\\/\",\"name\":\"Research Study - CURESZ Foundation\",\"isPartOf\":{\"@id\":\"https:\\\/\\\/curesz.org\\\/#website\"},\"primaryImageOfPage\":{\"@id\":\"https:\\\/\\\/curesz.org\\\/research-study\\\/#primaryimage\"},\"image\":{\"@id\":\"https:\\\/\\\/curesz.org\\\/research-study\\\/#primaryimage\"},\"thumbnailUrl\":\"https:\\\/\\\/curesz.org\\\/wp-content\\\/uploads\\\/2022\\\/06\\\/Keshavan-brain.jpg\",\"datePublished\":\"2022-06-30T21:16:13+00:00\",\"breadcrumb\":{\"@id\":\"https:\\\/\\\/curesz.org\\\/research-study\\\/#breadcrumb\"},\"inLanguage\":\"pt-PT\",\"potentialAction\":[{\"@type\":\"ReadAction\",\"target\":[\"https:\\\/\\\/curesz.org\\\/research-study\\\/\"]}]},{\"@type\":\"ImageObject\",\"inLanguage\":\"pt-PT\",\"@id\":\"https:\\\/\\\/curesz.org\\\/research-study\\\/#primaryimage\",\"url\":\"https:\\\/\\\/curesz.org\\\/wp-content\\\/uploads\\\/2022\\\/06\\\/Keshavan-brain.jpg\",\"contentUrl\":\"https:\\\/\\\/curesz.org\\\/wp-content\\\/uploads\\\/2022\\\/06\\\/Keshavan-brain.jpg\"},{\"@type\":\"BreadcrumbList\",\"@id\":\"https:\\\/\\\/curesz.org\\\/research-study\\\/#breadcrumb\",\"itemListElement\":[{\"@type\":\"ListItem\",\"position\":1,\"name\":\"Home\",\"item\":\"https:\\\/\\\/curesz.org\\\/\"},{\"@type\":\"ListItem\",\"position\":2,\"name\":\"Research Study\"}]},{\"@type\":\"WebSite\",\"@id\":\"https:\\\/\\\/curesz.org\\\/#website\",\"url\":\"https:\\\/\\\/curesz.org\\\/\",\"name\":\"CURESZ Foundation\",\"description\":\"The CURESZ Foundation provides educational updates to patients, families, healthcare professionals and the general public about schizophrenia.\",\"publisher\":{\"@id\":\"https:\\\/\\\/curesz.org\\\/#organization\"},\"potentialAction\":[{\"@type\":\"SearchAction\",\"target\":{\"@type\":\"EntryPoint\",\"urlTemplate\":\"https:\\\/\\\/curesz.org\\\/?s={search_term_string}\"},\"query-input\":{\"@type\":\"PropertyValueSpecification\",\"valueRequired\":true,\"valueName\":\"search_term_string\"}}],\"inLanguage\":\"pt-PT\"},{\"@type\":\"Organization\",\"@id\":\"https:\\\/\\\/curesz.org\\\/#organization\",\"name\":\"Curesz Foundation\",\"url\":\"https:\\\/\\\/curesz.org\\\/\",\"logo\":{\"@type\":\"ImageObject\",\"inLanguage\":\"pt-PT\",\"@id\":\"https:\\\/\\\/curesz.org\\\/#\\\/schema\\\/logo\\\/image\\\/\",\"url\":\"https:\\\/\\\/curesz.org\\\/wp-content\\\/uploads\\\/2020\\\/02\\\/cropped-Logo-with-Foundation-Custom.png\",\"contentUrl\":\"https:\\\/\\\/curesz.org\\\/wp-content\\\/uploads\\\/2020\\\/02\\\/cropped-Logo-with-Foundation-Custom.png\",\"width\":200,\"height\":133,\"caption\":\"Curesz Foundation\"},\"image\":{\"@id\":\"https:\\\/\\\/curesz.org\\\/#\\\/schema\\\/logo\\\/image\\\/\"},\"sameAs\":[\"https:\\\/\\\/www.facebook.com\\\/Cureszorg\\\/\",\"https:\\\/\\\/x.com\\\/cureszorg\",\"https:\\\/\\\/www.instagram.com\\\/cureszfoundation\\\/\",\"https:\\\/\\\/www.youtube.com\\\/channel\\\/UCT3uVzTt8jiJ2qdhuosHPvg\"]}]}<\/script>\n<!-- \/ Yoast SEO plugin. -->","yoast_head_json":{"title":"Research Study - CURESZ Foundation","robots":{"index":"index","follow":"follow","max-snippet":"max-snippet:-1","max-image-preview":"max-image-preview:large","max-video-preview":"max-video-preview:-1"},"canonical":"https:\/\/curesz.org\/pt_pt\/research-study\/","og_locale":"pt_PT","og_type":"article","og_title":"Research Study - CURESZ Foundation","og_description":"Research Study Researchers at the Harvard\/Beth Israel Deaconess Medical Center [...]","og_url":"https:\/\/curesz.org\/pt_pt\/research-study\/","og_site_name":"CURESZ Foundation","article_publisher":"https:\/\/www.facebook.com\/Cureszorg\/","og_image":[{"url":"https:\/\/curesz.org\/wp-content\/uploads\/2022\/06\/Keshavan-brain.jpg","type":"","width":"","height":""}],"twitter_card":"summary_large_image","twitter_site":"@cureszorg","twitter_misc":{"Tempo estimado de leitura":"1 minuto"},"schema":{"@context":"https:\/\/schema.org","@graph":[{"@type":"WebPage","@id":"https:\/\/curesz.org\/research-study\/","url":"https:\/\/curesz.org\/research-study\/","name":"Research Study - CURESZ Foundation","isPartOf":{"@id":"https:\/\/curesz.org\/#website"},"primaryImageOfPage":{"@id":"https:\/\/curesz.org\/research-study\/#primaryimage"},"image":{"@id":"https:\/\/curesz.org\/research-study\/#primaryimage"},"thumbnailUrl":"https:\/\/curesz.org\/wp-content\/uploads\/2022\/06\/Keshavan-brain.jpg","datePublished":"2022-06-30T21:16:13+00:00","breadcrumb":{"@id":"https:\/\/curesz.org\/research-study\/#breadcrumb"},"inLanguage":"pt-PT","potentialAction":[{"@type":"ReadAction","target":["https:\/\/curesz.org\/research-study\/"]}]},{"@type":"ImageObject","inLanguage":"pt-PT","@id":"https:\/\/curesz.org\/research-study\/#primaryimage","url":"https:\/\/curesz.org\/wp-content\/uploads\/2022\/06\/Keshavan-brain.jpg","contentUrl":"https:\/\/curesz.org\/wp-content\/uploads\/2022\/06\/Keshavan-brain.jpg"},{"@type":"BreadcrumbList","@id":"https:\/\/curesz.org\/research-study\/#breadcrumb","itemListElement":[{"@type":"ListItem","position":1,"name":"Home","item":"https:\/\/curesz.org\/"},{"@type":"ListItem","position":2,"name":"Research Study"}]},{"@type":"WebSite","@id":"https:\/\/curesz.org\/#website","url":"https:\/\/curesz.org\/","name":"Funda\u00e7\u00e3o CURESZ","description":"A Funda\u00e7\u00e3o CURESZ fornece atualiza\u00e7\u00f5es educacionais para pacientes, familiares, profissionais de sa\u00fade e p\u00fablico em geral sobre esquizofrenia.","publisher":{"@id":"https:\/\/curesz.org\/#organization"},"potentialAction":[{"@type":"SearchAction","target":{"@type":"EntryPoint","urlTemplate":"https:\/\/curesz.org\/?s={search_term_string}"},"query-input":{"@type":"PropertyValueSpecification","valueRequired":true,"valueName":"search_term_string"}}],"inLanguage":"pt-PT"},{"@type":"Organization","@id":"https:\/\/curesz.org\/#organization","name":"Curesz Foundation","url":"https:\/\/curesz.org\/","logo":{"@type":"ImageObject","inLanguage":"pt-PT","@id":"https:\/\/curesz.org\/#\/schema\/logo\/image\/","url":"https:\/\/curesz.org\/wp-content\/uploads\/2020\/02\/cropped-Logo-with-Foundation-Custom.png","contentUrl":"https:\/\/curesz.org\/wp-content\/uploads\/2020\/02\/cropped-Logo-with-Foundation-Custom.png","width":200,"height":133,"caption":"Curesz Foundation"},"image":{"@id":"https:\/\/curesz.org\/#\/schema\/logo\/image\/"},"sameAs":["https:\/\/www.facebook.com\/Cureszorg\/","https:\/\/x.com\/cureszorg","https:\/\/www.instagram.com\/cureszfoundation\/","https:\/\/www.youtube.com\/channel\/UCT3uVzTt8jiJ2qdhuosHPvg"]}]}},"_links":{"self":[{"href":"https:\/\/curesz.org\/pt_pt\/wp-json\/wp\/v2\/pages\/4445","targetHints":{"allow":["GET"]}}],"collection":[{"href":"https:\/\/curesz.org\/pt_pt\/wp-json\/wp\/v2\/pages"}],"about":[{"href":"https:\/\/curesz.org\/pt_pt\/wp-json\/wp\/v2\/types\/page"}],"author":[{"embeddable":true,"href":"https:\/\/curesz.org\/pt_pt\/wp-json\/wp\/v2\/users\/3"}],"replies":[{"embeddable":true,"href":"https:\/\/curesz.org\/pt_pt\/wp-json\/wp\/v2\/comments?post=4445"}],"version-history":[{"count":7,"href":"https:\/\/curesz.org\/pt_pt\/wp-json\/wp\/v2\/pages\/4445\/revisions"}],"predecessor-version":[{"id":4453,"href":"https:\/\/curesz.org\/pt_pt\/wp-json\/wp\/v2\/pages\/4445\/revisions\/4453"}],"wp:attachment":[{"href":"https:\/\/curesz.org\/pt_pt\/wp-json\/wp\/v2\/media?parent=4445"}],"curies":[{"name":"wp","href":"https:\/\/api.w.org\/{rel}","templated":true}]}}