{"id":4465,"date":"2022-08-07T18:19:57","date_gmt":"2022-08-07T18:19:57","guid":{"rendered":"https:\/\/curesz.org\/?page_id=4465"},"modified":"2023-06-21T13:44:40","modified_gmt":"2023-06-21T13:44:40","slug":"vitucci-memorial-lecture-2022","status":"publish","type":"page","link":"https:\/\/curesz.org\/pt_pt\/vitucci-memorial-lecture-2022\/","title":{"rendered":"Palestra Memorial Vitucci 2022 See More"},"content":{"rendered":"<h2>Vitucci Memorial Palestra 3 de outubro de 2022, 19:00 EST<img decoding=\"async\" class=\"lazyload wp-image-4466 alignright\" src=\"https:\/\/curesz.org\/wp-content\/uploads\/2022\/08\/Dee-headshot-fav-cropped.jpg\" data-orig-src=\"https:\/\/curesz.org\/wp-content\/uploads\/2022\/08\/Dee-headshot-fav-cropped.jpg\" alt=\"\" width=\"255\" height=\"245\" srcset=\"data:image\/svg+xml,%3Csvg%20xmlns%3D%27http%3A%2F%2Fwww.w3.org%2F2000%2Fsvg%27%20width%3D%27255%27%20height%3D%27245%27%20viewBox%3D%270%200%20255%20245%27%3E%3Crect%20width%3D%27255%27%20height%3D%27245%27%20fill-opacity%3D%220%22%2F%3E%3C%2Fsvg%3E\" data-srcset=\"https:\/\/curesz.org\/wp-content\/uploads\/2022\/08\/Dee-headshot-fav-cropped-200x192.jpg 200w, https:\/\/curesz.org\/wp-content\/uploads\/2022\/08\/Dee-headshot-fav-cropped-300x288.jpg 300w, https:\/\/curesz.org\/wp-content\/uploads\/2022\/08\/Dee-headshot-fav-cropped-400x384.jpg 400w, https:\/\/curesz.org\/wp-content\/uploads\/2022\/08\/Dee-headshot-fav-cropped-600x576.jpg 600w, https:\/\/curesz.org\/wp-content\/uploads\/2022\/08\/Dee-headshot-fav-cropped-768x737.jpg 768w, https:\/\/curesz.org\/wp-content\/uploads\/2022\/08\/Dee-headshot-fav-cropped-800x768.jpg 800w, https:\/\/curesz.org\/wp-content\/uploads\/2022\/08\/Dee-headshot-fav-cropped-1024x983.jpg 1024w, https:\/\/curesz.org\/wp-content\/uploads\/2022\/08\/Dee-headshot-fav-cropped.jpg 1125w, https:\/\/curesz.org\/wp-content\/uploads\/2022\/08\/Dee-headshot-fav-cropped-1200x1152.jpg 1200w, https:\/\/curesz.org\/wp-content\/uploads\/2022\/08\/Dee-headshot-fav-cropped-1536x1475.jpg 1536w\" data-sizes=\"auto\" data-orig-sizes=\"(max-width: 255px) 100vw, 255px\" \/><\/h2>\n<h3 class=\"fusion-responsive-typography-calculated\" data-fontsize=\"16\" data-lineheight=\"24px\">A Funda\u00e7\u00e3o CURESZ d\u00e1 as boas-vindas a Denna Kelly, Pharm D, para apresentar uma palestra virtual em mem\u00f3ria de Anthony Vitucci intitulada:<\/h3>\n<h2>A ascens\u00e3o da clozapina: quebrando barreiras e melhorando resultados. <a href=\"https:\/\/uc.mediaspace.kaltura.com\/media\/CURESZ.org+-+Vitucci+Memorial+Lecture+-+The+Rise+of+ClozapineA+Breaking+Barriers+and+Improving+Outcomes+-+Dr.+Deanna+Kelly+-+10.3.22\/1_0ivbpf19\">Veja a palestra aqui.<\/a><\/h2>\n<p><em>Esta palestra se concentrar\u00e1 na hist\u00f3ria inspiradora da clozapina como este medicamento antipsic\u00f3tico de \u201c\u00faltimo recurso\u201d surge como uma op\u00e7\u00e3o promissora de primeira linha na esquizofrenia resistente ao tratamento, suic\u00eddio na esquizofrenia e outros usos emergentes. Dr. Kelly apresentar\u00e1 dados para novos dados de seguran\u00e7a em pacientes negros, quebrando barreiras no monitoramento de sangue e novos dados trazendo grande esperan\u00e7a e encorajando o uso precoce de clozapina.<\/em><\/p>\n<p>&nbsp;<\/p>\n<p><img decoding=\"async\" class=\"lazyload wp-image-3935 alignleft\" src=\"https:\/\/curesz.org\/wp-content\/uploads\/2021\/05\/Anthony.jpg\" data-orig-src=\"https:\/\/curesz.org\/wp-content\/uploads\/2021\/05\/Anthony.jpg\" alt=\"\" width=\"230\" height=\"284\" srcset=\"data:image\/svg+xml,%3Csvg%20xmlns%3D%27http%3A%2F%2Fwww.w3.org%2F2000%2Fsvg%27%20width%3D%27230%27%20height%3D%27284%27%20viewBox%3D%270%200%20230%20284%27%3E%3Crect%20width%3D%27230%27%20height%3D%27284%27%20fill-opacity%3D%220%22%2F%3E%3C%2Fsvg%3E\" data-srcset=\"https:\/\/curesz.org\/wp-content\/uploads\/2021\/05\/Anthony-200x247.jpg 200w, https:\/\/curesz.org\/wp-content\/uploads\/2021\/05\/Anthony-243x300.jpg 243w, https:\/\/curesz.org\/wp-content\/uploads\/2021\/05\/Anthony-400x494.jpg 400w, https:\/\/curesz.org\/wp-content\/uploads\/2021\/05\/Anthony-600x742.jpg 600w, https:\/\/curesz.org\/wp-content\/uploads\/2021\/05\/Anthony.jpg 720w\" data-sizes=\"auto\" data-orig-sizes=\"(max-width: 230px) 100vw, 230px\" \/><em>Anthony Vitucci tinha 23 anos quando faleceu. Ele teve seu primeiro epis\u00f3dio psic\u00f3tico em dezembro de 2014. Ele era um \u00e1vido jogador de futebol, adorava ir \u00e0 praia e pescar, al\u00e9m de malhar na academia. Ele era gentil, atencioso e ajudaria quem precisasse. Ele era engra\u00e7ado e sempre brincava comigo (a m\u00e3e dele). Acima de tudo, ele adorava passar o tempo com sua fam\u00edlia e frequentemente expressava como era grato pelo cuidado dedicado e diligente que prestamos a ele durante sua doen\u00e7a.<\/em><\/p>\n<p><em>Nenhuma taxa ou doa\u00e7\u00e3o \u00e9 necess\u00e1ria para participar.<\/em><\/p>\n<h2 class=\"fusion-responsive-typography-calculated\" data-fontsize=\"30\" data-lineheight=\"45px\">Registeration for the 2022 lecture will open in summer, 2022.<\/h2>\n<p><strong>A palestra Vitucci foi credenciada para 1,5 cr\u00e9ditos CME\/CEU. CE est\u00e1 dispon\u00edvel para m\u00e9dicos, psic\u00f3logos (American Psychological Association), conselheiros e assistentes sociais.<\/strong><\/p>\n<p>&nbsp;<\/p>\n<p><b>DECLARA\u00c7\u00d5ES DE ACREDITA\u00c7\u00c3O E DESIGNA\u00c7\u00c3O ACCME, OPA E CSWMFT<\/b><\/p>\n<p>A Universidade de Cincinnati \u00e9 credenciada pelo Conselho de Credenciamento para Educa\u00e7\u00e3o M\u00e9dica Continuada (ACCME) para fornecer educa\u00e7\u00e3o m\u00e9dica continuada para m\u00e9dicos.<\/p>\n<p>A Universidade de Cincinnati designa esta atividade ao vivo por no m\u00e1ximo 1,5\u00a0<em>AMA PRA Categoria 1 Cr\u00e9dito<\/em>. Os m\u00e9dicos s\u00f3 devem reivindicar o cr\u00e9dito proporcional \u00e0 extens\u00e3o de sua participa\u00e7\u00e3o na atividade.<\/p>\n<p>A University of Cincinnati \u00e9 credenciada pela Ohio Psychological Association e designa esta atividade ao vivo para um m\u00e1ximo de 1,50 horas de cr\u00e9dito OPA-MCE por apresenta\u00e7\u00e3o do Grand Rounds.<\/p>\n<p>A University of Cincinnati \u00e9 credenciada pelo State of Ohio Counselor and Social Worker Board e designa esta atividade ao vivo para um m\u00e1ximo de 1,50 horas CEU por apresenta\u00e7\u00e3o das Grandes Rodadas.<\/p>","protected":false},"excerpt":{"rendered":"<p>Vitucci Memorial Lecture October 3, 2022,7pmEST The CURESZ Foundation welcomes  [&#8230;]<\/p>\n","protected":false},"author":3,"featured_media":0,"parent":0,"menu_order":0,"comment_status":"closed","ping_status":"closed","template":"","meta":{"_acf_changed":false,"footnotes":""},"class_list":["post-4465","page","type-page","status-publish","hentry"],"acf":[],"yoast_head":"<!-- This site is optimized with the Yoast SEO plugin v27.4 - https:\/\/yoast.com\/product\/yoast-seo-wordpress\/ -->\n<title>Vitucci Memorial Lecture 2022 - CURESZ Foundation<\/title>\n<meta name=\"robots\" content=\"index, follow, max-snippet:-1, max-image-preview:large, max-video-preview:-1\" \/>\n<link rel=\"canonical\" href=\"https:\/\/curesz.org\/pt_pt\/vitucci-memorial-lecture-2022\/\" \/>\n<meta property=\"og:locale\" content=\"pt_PT\" \/>\n<meta property=\"og:type\" content=\"article\" \/>\n<meta property=\"og:title\" content=\"Vitucci Memorial Lecture 2022 - CURESZ Foundation\" \/>\n<meta property=\"og:description\" content=\"Vitucci Memorial Lecture October 3, 2022,7pmEST The CURESZ Foundation welcomes [...]\" \/>\n<meta property=\"og:url\" content=\"https:\/\/curesz.org\/pt_pt\/vitucci-memorial-lecture-2022\/\" \/>\n<meta property=\"og:site_name\" content=\"CURESZ Foundation\" \/>\n<meta property=\"article:publisher\" content=\"https:\/\/www.facebook.com\/Cureszorg\/\" \/>\n<meta property=\"article:modified_time\" content=\"2023-06-21T13:44:40+00:00\" \/>\n<meta property=\"og:image\" content=\"https:\/\/curesz.org\/wp-content\/uploads\/2022\/08\/Dee-headshot-fav-cropped.jpg\" \/>\n<meta name=\"twitter:card\" content=\"summary_large_image\" \/>\n<meta name=\"twitter:site\" content=\"@cureszorg\" \/>\n<meta name=\"twitter:label1\" content=\"Tempo estimado de leitura\" \/>\n\t<meta name=\"twitter:data1\" content=\"2 minutos\" \/>\n<script type=\"application\/ld+json\" class=\"yoast-schema-graph\">{\"@context\":\"https:\\\/\\\/schema.org\",\"@graph\":[{\"@type\":\"WebPage\",\"@id\":\"https:\\\/\\\/curesz.org\\\/vitucci-memorial-lecture-2022\\\/\",\"url\":\"https:\\\/\\\/curesz.org\\\/vitucci-memorial-lecture-2022\\\/\",\"name\":\"Vitucci Memorial Lecture 2022 - CURESZ Foundation\",\"isPartOf\":{\"@id\":\"https:\\\/\\\/curesz.org\\\/#website\"},\"primaryImageOfPage\":{\"@id\":\"https:\\\/\\\/curesz.org\\\/vitucci-memorial-lecture-2022\\\/#primaryimage\"},\"image\":{\"@id\":\"https:\\\/\\\/curesz.org\\\/vitucci-memorial-lecture-2022\\\/#primaryimage\"},\"thumbnailUrl\":\"https:\\\/\\\/curesz.org\\\/wp-content\\\/uploads\\\/2022\\\/08\\\/Dee-headshot-fav-cropped.jpg\",\"datePublished\":\"2022-08-07T18:19:57+00:00\",\"dateModified\":\"2023-06-21T13:44:40+00:00\",\"breadcrumb\":{\"@id\":\"https:\\\/\\\/curesz.org\\\/vitucci-memorial-lecture-2022\\\/#breadcrumb\"},\"inLanguage\":\"pt-PT\",\"potentialAction\":[{\"@type\":\"ReadAction\",\"target\":[\"https:\\\/\\\/curesz.org\\\/vitucci-memorial-lecture-2022\\\/\"]}]},{\"@type\":\"ImageObject\",\"inLanguage\":\"pt-PT\",\"@id\":\"https:\\\/\\\/curesz.org\\\/vitucci-memorial-lecture-2022\\\/#primaryimage\",\"url\":\"https:\\\/\\\/curesz.org\\\/wp-content\\\/uploads\\\/2022\\\/08\\\/Dee-headshot-fav-cropped.jpg\",\"contentUrl\":\"https:\\\/\\\/curesz.org\\\/wp-content\\\/uploads\\\/2022\\\/08\\\/Dee-headshot-fav-cropped.jpg\"},{\"@type\":\"BreadcrumbList\",\"@id\":\"https:\\\/\\\/curesz.org\\\/vitucci-memorial-lecture-2022\\\/#breadcrumb\",\"itemListElement\":[{\"@type\":\"ListItem\",\"position\":1,\"name\":\"Home\",\"item\":\"https:\\\/\\\/curesz.org\\\/\"},{\"@type\":\"ListItem\",\"position\":2,\"name\":\"Vitucci Memorial Lecture 2022\"}]},{\"@type\":\"WebSite\",\"@id\":\"https:\\\/\\\/curesz.org\\\/#website\",\"url\":\"https:\\\/\\\/curesz.org\\\/\",\"name\":\"CURESZ Foundation\",\"description\":\"The CURESZ Foundation provides educational updates to patients, families, healthcare professionals and the general public about schizophrenia.\",\"publisher\":{\"@id\":\"https:\\\/\\\/curesz.org\\\/#organization\"},\"potentialAction\":[{\"@type\":\"SearchAction\",\"target\":{\"@type\":\"EntryPoint\",\"urlTemplate\":\"https:\\\/\\\/curesz.org\\\/?s={search_term_string}\"},\"query-input\":{\"@type\":\"PropertyValueSpecification\",\"valueRequired\":true,\"valueName\":\"search_term_string\"}}],\"inLanguage\":\"pt-PT\"},{\"@type\":\"Organization\",\"@id\":\"https:\\\/\\\/curesz.org\\\/#organization\",\"name\":\"Curesz Foundation\",\"url\":\"https:\\\/\\\/curesz.org\\\/\",\"logo\":{\"@type\":\"ImageObject\",\"inLanguage\":\"pt-PT\",\"@id\":\"https:\\\/\\\/curesz.org\\\/#\\\/schema\\\/logo\\\/image\\\/\",\"url\":\"https:\\\/\\\/curesz.org\\\/wp-content\\\/uploads\\\/2020\\\/02\\\/cropped-Logo-with-Foundation-Custom.png\",\"contentUrl\":\"https:\\\/\\\/curesz.org\\\/wp-content\\\/uploads\\\/2020\\\/02\\\/cropped-Logo-with-Foundation-Custom.png\",\"width\":200,\"height\":133,\"caption\":\"Curesz Foundation\"},\"image\":{\"@id\":\"https:\\\/\\\/curesz.org\\\/#\\\/schema\\\/logo\\\/image\\\/\"},\"sameAs\":[\"https:\\\/\\\/www.facebook.com\\\/Cureszorg\\\/\",\"https:\\\/\\\/x.com\\\/cureszorg\",\"https:\\\/\\\/www.instagram.com\\\/cureszfoundation\\\/\",\"https:\\\/\\\/www.youtube.com\\\/channel\\\/UCT3uVzTt8jiJ2qdhuosHPvg\"]}]}<\/script>\n<!-- \/ Yoast SEO plugin. -->","yoast_head_json":{"title":"Vitucci Memorial Lecture 2022 - CURESZ Foundation","robots":{"index":"index","follow":"follow","max-snippet":"max-snippet:-1","max-image-preview":"max-image-preview:large","max-video-preview":"max-video-preview:-1"},"canonical":"https:\/\/curesz.org\/pt_pt\/vitucci-memorial-lecture-2022\/","og_locale":"pt_PT","og_type":"article","og_title":"Vitucci Memorial Lecture 2022 - CURESZ Foundation","og_description":"Vitucci Memorial Lecture October 3, 2022,7pmEST The CURESZ Foundation welcomes [...]","og_url":"https:\/\/curesz.org\/pt_pt\/vitucci-memorial-lecture-2022\/","og_site_name":"CURESZ Foundation","article_publisher":"https:\/\/www.facebook.com\/Cureszorg\/","article_modified_time":"2023-06-21T13:44:40+00:00","og_image":[{"url":"https:\/\/curesz.org\/wp-content\/uploads\/2022\/08\/Dee-headshot-fav-cropped.jpg","type":"","width":"","height":""}],"twitter_card":"summary_large_image","twitter_site":"@cureszorg","twitter_misc":{"Tempo estimado de leitura":"2 minutos"},"schema":{"@context":"https:\/\/schema.org","@graph":[{"@type":"WebPage","@id":"https:\/\/curesz.org\/vitucci-memorial-lecture-2022\/","url":"https:\/\/curesz.org\/vitucci-memorial-lecture-2022\/","name":"Vitucci Memorial Lecture 2022 - CURESZ Foundation","isPartOf":{"@id":"https:\/\/curesz.org\/#website"},"primaryImageOfPage":{"@id":"https:\/\/curesz.org\/vitucci-memorial-lecture-2022\/#primaryimage"},"image":{"@id":"https:\/\/curesz.org\/vitucci-memorial-lecture-2022\/#primaryimage"},"thumbnailUrl":"https:\/\/curesz.org\/wp-content\/uploads\/2022\/08\/Dee-headshot-fav-cropped.jpg","datePublished":"2022-08-07T18:19:57+00:00","dateModified":"2023-06-21T13:44:40+00:00","breadcrumb":{"@id":"https:\/\/curesz.org\/vitucci-memorial-lecture-2022\/#breadcrumb"},"inLanguage":"pt-PT","potentialAction":[{"@type":"ReadAction","target":["https:\/\/curesz.org\/vitucci-memorial-lecture-2022\/"]}]},{"@type":"ImageObject","inLanguage":"pt-PT","@id":"https:\/\/curesz.org\/vitucci-memorial-lecture-2022\/#primaryimage","url":"https:\/\/curesz.org\/wp-content\/uploads\/2022\/08\/Dee-headshot-fav-cropped.jpg","contentUrl":"https:\/\/curesz.org\/wp-content\/uploads\/2022\/08\/Dee-headshot-fav-cropped.jpg"},{"@type":"BreadcrumbList","@id":"https:\/\/curesz.org\/vitucci-memorial-lecture-2022\/#breadcrumb","itemListElement":[{"@type":"ListItem","position":1,"name":"Home","item":"https:\/\/curesz.org\/"},{"@type":"ListItem","position":2,"name":"Vitucci Memorial Lecture 2022"}]},{"@type":"WebSite","@id":"https:\/\/curesz.org\/#website","url":"https:\/\/curesz.org\/","name":"Funda\u00e7\u00e3o CURESZ","description":"A Funda\u00e7\u00e3o CURESZ fornece atualiza\u00e7\u00f5es educacionais para pacientes, familiares, profissionais de sa\u00fade e p\u00fablico em geral sobre esquizofrenia.","publisher":{"@id":"https:\/\/curesz.org\/#organization"},"potentialAction":[{"@type":"SearchAction","target":{"@type":"EntryPoint","urlTemplate":"https:\/\/curesz.org\/?s={search_term_string}"},"query-input":{"@type":"PropertyValueSpecification","valueRequired":true,"valueName":"search_term_string"}}],"inLanguage":"pt-PT"},{"@type":"Organization","@id":"https:\/\/curesz.org\/#organization","name":"Curesz Foundation","url":"https:\/\/curesz.org\/","logo":{"@type":"ImageObject","inLanguage":"pt-PT","@id":"https:\/\/curesz.org\/#\/schema\/logo\/image\/","url":"https:\/\/curesz.org\/wp-content\/uploads\/2020\/02\/cropped-Logo-with-Foundation-Custom.png","contentUrl":"https:\/\/curesz.org\/wp-content\/uploads\/2020\/02\/cropped-Logo-with-Foundation-Custom.png","width":200,"height":133,"caption":"Curesz Foundation"},"image":{"@id":"https:\/\/curesz.org\/#\/schema\/logo\/image\/"},"sameAs":["https:\/\/www.facebook.com\/Cureszorg\/","https:\/\/x.com\/cureszorg","https:\/\/www.instagram.com\/cureszfoundation\/","https:\/\/www.youtube.com\/channel\/UCT3uVzTt8jiJ2qdhuosHPvg"]}]}},"_links":{"self":[{"href":"https:\/\/curesz.org\/pt_pt\/wp-json\/wp\/v2\/pages\/4465","targetHints":{"allow":["GET"]}}],"collection":[{"href":"https:\/\/curesz.org\/pt_pt\/wp-json\/wp\/v2\/pages"}],"about":[{"href":"https:\/\/curesz.org\/pt_pt\/wp-json\/wp\/v2\/types\/page"}],"author":[{"embeddable":true,"href":"https:\/\/curesz.org\/pt_pt\/wp-json\/wp\/v2\/users\/3"}],"replies":[{"embeddable":true,"href":"https:\/\/curesz.org\/pt_pt\/wp-json\/wp\/v2\/comments?post=4465"}],"version-history":[{"count":10,"href":"https:\/\/curesz.org\/pt_pt\/wp-json\/wp\/v2\/pages\/4465\/revisions"}],"predecessor-version":[{"id":5199,"href":"https:\/\/curesz.org\/pt_pt\/wp-json\/wp\/v2\/pages\/4465\/revisions\/5199"}],"wp:attachment":[{"href":"https:\/\/curesz.org\/pt_pt\/wp-json\/wp\/v2\/media?parent=4465"}],"curies":[{"name":"wp","href":"https:\/\/api.w.org\/{rel}","templated":true}]}}