{"id":4555,"date":"2022-09-22T19:05:53","date_gmt":"2022-09-22T19:05:53","guid":{"rendered":"https:\/\/curesz.org\/?page_id=4555"},"modified":"2022-09-27T19:14:58","modified_gmt":"2022-09-27T19:14:58","slug":"2022-10-01-the-three-stigmas-of-schizophrenia","status":"publish","type":"page","link":"https:\/\/curesz.org\/pt_pt\/2022-10-01-the-three-stigmas-of-schizophrenia\/","title":{"rendered":"Os tr\u00eas estigmas da esquizofrenia"},"content":{"rendered":"<p><div class=\"fusion-fullwidth fullwidth-box fusion-builder-row-1 fusion-flex-container nonhundred-percent-fullwidth non-hundred-percent-height-scrolling\" style=\"--awb-border-radius-top-left:0px;--awb-border-radius-top-right:0px;--awb-border-radius-bottom-right:0px;--awb-border-radius-bottom-left:0px;--awb-flex-wrap:wrap;\" ><div class=\"fusion-builder-row fusion-row fusion-flex-align-items-flex-start fusion-flex-content-wrap\" style=\"max-width:1352px;margin-left: calc(-4% \/ 2 );margin-right: calc(-4% \/ 2 );\"><div class=\"fusion-layout-column fusion_builder_column fusion-builder-column-0 fusion_builder_column_1_4 1_4 fusion-flex-column\" style=\"--awb-bg-size:cover;--awb-width-large:25%;--awb-margin-top-large:0px;--awb-spacing-right-large:7.68%;--awb-margin-bottom-large:20px;--awb-spacing-left-large:7.68%;--awb-width-medium:100%;--awb-spacing-right-medium:1.92%;--awb-spacing-left-medium:1.92%;--awb-width-small:100%;--awb-spacing-right-small:1.92%;--awb-spacing-left-small:1.92%;\"><div class=\"fusion-column-wrapper fusion-column-has-shadow fusion-flex-justify-content-flex-start fusion-content-layout-column\"><div class=\"fusion-image-element\" style=\"--awb-caption-title-font-family:var(--h2_typography-font-family);--awb-caption-title-font-weight:var(--h2_typography-font-weight);--awb-caption-title-font-style:var(--h2_typography-font-style);--awb-caption-title-size:var(--h2_typography-font-size);--awb-caption-title-transform:var(--h2_typography-text-transform);--awb-caption-title-line-height:var(--h2_typography-line-height);--awb-caption-title-letter-spacing:var(--h2_typography-letter-spacing);\"><span class=\"fusion-imageframe imageframe-none imageframe-1 hover-type-none\"><img decoding=\"async\" width=\"1038\" height=\"1080\" title=\"SONY DSC\" src=\"https:\/\/curesz.org\/wp-content\/uploads\/2022\/08\/Bethany-Yeiser.jpg\" data-orig-src=\"https:\/\/curesz.org\/wp-content\/uploads\/2022\/08\/Bethany-Yeiser-scaled.jpg\" alt class=\"lazyload img-responsive wp-image-4556\" srcset=\"data:image\/svg+xml,%3Csvg%20xmlns%3D%27http%3A%2F%2Fwww.w3.org%2F2000%2Fsvg%27%20width%3D%271038%27%20height%3D%271080%27%20viewBox%3D%270%200%201038%201080%27%3E%3Crect%20width%3D%271038%27%20height%3D%271080%27%20fill-opacity%3D%220%22%2F%3E%3C%2Fsvg%3E\" data-srcset=\"https:\/\/curesz.org\/wp-content\/uploads\/2022\/08\/Bethany-Yeiser-200x208.jpg 200w, https:\/\/curesz.org\/wp-content\/uploads\/2022\/08\/Bethany-Yeiser-400x416.jpg 400w, https:\/\/curesz.org\/wp-content\/uploads\/2022\/08\/Bethany-Yeiser-600x624.jpg 600w, https:\/\/curesz.org\/wp-content\/uploads\/2022\/08\/Bethany-Yeiser-800x832.jpg 800w, https:\/\/curesz.org\/wp-content\/uploads\/2022\/08\/Bethany-Yeiser-scaled.jpg 1038w, https:\/\/curesz.org\/wp-content\/uploads\/2022\/08\/Bethany-Yeiser-1200x1249.jpg 1200w\" data-sizes=\"auto\" data-orig-sizes=\"(max-width: 1024px) 100vw, (max-width: 640px) 100vw, 400px\" \/><\/span><\/div><div class=\"fusion-text fusion-text-1\"><p><strong>Bethany Yeiser<br \/>\nPresidente da Funda\u00e7\u00e3o CURESZ<\/strong><\/p>\n<\/div><\/div><\/div><div class=\"fusion-layout-column fusion_builder_column fusion-builder-column-1 fusion_builder_column_3_4 3_4 fusion-flex-column\" style=\"--awb-bg-size:cover;--awb-width-large:75%;--awb-margin-top-large:0px;--awb-spacing-right-large:2.56%;--awb-margin-bottom-large:20px;--awb-spacing-left-large:2.56%;--awb-width-medium:100%;--awb-spacing-right-medium:1.92%;--awb-spacing-left-medium:1.92%;--awb-width-small:100%;--awb-spacing-right-small:1.92%;--awb-spacing-left-small:1.92%;\"><div class=\"fusion-column-wrapper fusion-column-has-shadow fusion-flex-justify-content-flex-start fusion-content-layout-column\"><div class=\"fusion-text fusion-text-2\"><p>Os tr\u00eas estigmas da esquizofrenia<\/p>\n<p>Em 2008, quando totalmente recuperado da esquizofrenia, eu estava pronto para revelar \u00e0 fam\u00edlia, amigos e conhecidos sobre os detalhes da minha jornada pela esquizofrenia para uma recupera\u00e7\u00e3o total e sustentada. Era importante para mim explicar tudo o que havia passado e compartilhar que a recupera\u00e7\u00e3o da esquizofrenia \u00e9 realmente poss\u00edvel, gra\u00e7as \u00e0 medica\u00e7\u00e3o antipsic\u00f3tica. No meu caso, o que me levou a uma recupera\u00e7\u00e3o sustentada de alto n\u00edvel e a uma nova vida foi o \u00fanico medicamento aprovado pela FDA para psicose resistente ao tratamento.<\/p>\n<p>No entanto, ao compartilhar minha jornada com novos amigos da universidade, bem como velhos amigos de v\u00e1rios per\u00edodos da minha vida, geralmente recebia uma resposta negativa. As pessoas que ouviram meu diagn\u00f3stico se distanciaram e pareciam agir como se eu fosse perigoso, ou err\u00e1tico, ou talvez n\u00e3o mais confi\u00e1vel.<\/p>\n<p>Tenho a impress\u00e3o de que o estigma dos dist\u00farbios cerebrais em geral, como ansiedade, transtorno bipolar e depress\u00e3o, est\u00e1 melhorando. Quando celebridades como Michael Phelps divulgam publicamente suas hist\u00f3rias de recupera\u00e7\u00e3o, elas normalizam a doen\u00e7a mental e fornecem informa\u00e7\u00f5es. Hoje, o transtorno bipolar \u00e9 frequentemente associado \u00e0 criatividade, produtividade e arte. No entanto, raramente ou\u00e7o algo positivo na m\u00eddia sobre a esquizofrenia.<\/p>\n<p>Para cada hist\u00f3ria na m\u00eddia sobre a recupera\u00e7\u00e3o da esquizofrenia (e sim, h\u00e1 algumas, veja 1,2,3,4), parece haver muitas outras sobre viol\u00eancia e comportamento err\u00e1tico resultantes da psicose. Notavelmente, esses casos de comportamento perigoso s\u00e3o geralmente associados \u00e0 falta de tratamento ou descumprimento. As estat\u00edsticas confirmam que as pessoas em tratamento para esquizofrenia n\u00e3o s\u00e3o mais violentas do que a comunidade em geral, mas muitos no p\u00fablico em geral n\u00e3o sabem disso (5).<\/p>\n<p>Em 2008, depois de revelar meu diagn\u00f3stico e receber uma resposta negativa, evitei revelar para a maioria das pessoas. No entanto, isso me deixou sozinho, como se estivesse vivendo sob uma sombra. Eu me sentia isolado e relutante em buscar relacionamentos profundos e significativos.<\/p>\n<p>Em 2011, ap\u00f3s minha formatura na faculdade, meu m\u00e9dico me incentivou a escrever minhas mem\u00f3rias. eu publiquei <em>Mente Estranha<\/em> em 2014, divulgando tudo.<\/p>\n<p>Freq\u00fcentemente, outras pessoas com esquizofrenia me perguntam se devem ou n\u00e3o revelar sua doen\u00e7a. N\u00e3o tenho uma resposta \u00fanica para essa pergunta, pois \u00e9 uma escolha pessoal. Para mim, tem sido melhor conectar-se com outras pessoas por meio de interesses comuns, como aspira\u00e7\u00f5es profissionais e hobbies, e criar confian\u00e7a primeiro. Uma vez estabelecida uma rela\u00e7\u00e3o de confian\u00e7a e amizade, \u00e9 mais natural compartilhar quest\u00f5es m\u00e9dicas. Certamente, ter esquizofrenia n\u00e3o deveria ser a coisa mais importante na vida de uma pessoa.<\/p>\n<p>Um de meus mentores ao longo dos anos foi um bem-sucedido psiquiatra do Texas que se recuperou da esquizofrenia e exerceu a profiss\u00e3o por d\u00e9cadas. Uma vez ela me disse que as pessoas em sua vida que a conheceram quando ela estava doente n\u00e3o podem imagin\u00e1-la bem. Ao mesmo tempo, as pessoas em sua vida que a conhecem hoje, saud\u00e1vel e pr\u00f3spera, n\u00e3o podem imagin\u00e1-la doente. Eu descobri que o mesmo \u00e9 verdade em minha pr\u00f3pria vida. Hoje, quando desenvolvo relacionamentos fortes com outras pessoas, acho dif\u00edcil para elas me imaginarem dominado pelos sintomas devastadores da esquizofrenia.<\/p>\n<p>Em minha experi\u00eancia, encontrei o estigma da esquizofrenia em tr\u00eas n\u00edveis.<\/p>\n<p>Primeiro, no p\u00fablico em geral, h\u00e1 uma forte tend\u00eancia de sensacionalizar negativamente e distorcer a esquizofrenia. No Halloween, no passado, encontrei fantasias de feriado \u201cGone Mental\u201d em v\u00e1rias lojas. Alguns de meus amigos que defendem pessoas afetadas por dist\u00farbios cerebrais criam fielmente peti\u00e7\u00f5es para renomear essas fantasias ou tir\u00e1-las das lojas. Sempre me surpreende, pois voc\u00ea nunca veria uma fantasia de diabetes ou de c\u00e2ncer. No entanto, a doen\u00e7a mental est\u00e1 associada ao medo, \u00e0 falta de compreens\u00e3o e ao sensacionalismo, o que \u00e9 cruel. O estigma no p\u00fablico em geral tamb\u00e9m pode levar a um estigma pessoal vivenciado na vida dos pacientes que t\u00eam o diagn\u00f3stico.<\/p>\n<p>Eu experimentei o estigma da esquizofrenia na comunidade m\u00e9dica em geral. Depois de me recuperar da esquizofrenia, entrei em contato com um velho amigo dos meus tempos de gradua\u00e7\u00e3o. Enquanto ela passou quatro anos na faculdade de medicina, eu ainda n\u00e3o havia terminado meu curso de gradua\u00e7\u00e3o e, al\u00e9m disso, passei quatro anos sem-teto. Depois que ela fez um esfor\u00e7o para me encontrar nas redes sociais, fiquei empolgado em descrever como estava indo bem em minha recupera\u00e7\u00e3o total da esquizofrenia. Eu n\u00e3o esperava sua resposta de medo e falta de compreens\u00e3o. Depois de um \u00fanico telefonema em que revelei, nunca mais ouvi falar dela.<\/p>\n<p>Em 2008, antes da minha recupera\u00e7\u00e3o, consultei um m\u00e9dico de fam\u00edlia para um check-up de rotina. Quando ela viu a medica\u00e7\u00e3o antipsic\u00f3tica em meu prontu\u00e1rio, ela me disse: \u201cVoc\u00ea n\u00e3o precisaria desta medica\u00e7\u00e3o se n\u00e3o tivesse usado drogas!\u201d Eu disse a ela que nunca havia usado drogas. Seu coment\u00e1rio foi cr\u00edtico e inapropriado, j\u00e1 que muitos usam subst\u00e2ncias para se automedicar, e o abuso de subst\u00e2ncias \u00e9 de fato conhecido como uma defici\u00eancia.<\/p>\n<p>Tamb\u00e9m experimentei estigma entre os psiquiatras. Quando fui diagnosticado em 2007, disseram-me, ap\u00f3s cerca de 36 horas no hospital, que eu estava \u201cpermanente e totalmente incapacitado\u201d. O m\u00e9dico n\u00e3o ofereceu esperan\u00e7a de recupera\u00e7\u00e3o. Parecia que deixar o hospital e ficar est\u00e1vel o suficiente para viver na comunidade era o objetivo mais alto que eu poderia esperar. Infelizmente, os psiquiatras subsequentes tamb\u00e9m ofereceram pouca esperan\u00e7a e op\u00e7\u00f5es limitadas para recuperar e reconstruir minha vida.<\/p>\n<p>Felizmente, em 2008, conheci o Dr. Henry Nasrallah, cujo pensamento era exatamente o oposto. Dr. Nasrallah pesquisou minha vida, incluindo minhas publica\u00e7\u00f5es de pesquisa, realiza\u00e7\u00f5es de violino e notas altas antes do in\u00edcio da minha esquizofrenia. Subsistir na comunidade n\u00e3o era bom o suficiente para ele - ele estava determinado a fazer qualquer coisa ao seu alcance para me levar de volta \u00e0 faculdade, ao trabalho e a relacionamentos significativos. Tenho uma d\u00edvida de gratid\u00e3o com ele por seu cuidado dedicado e vis\u00e3o de futuro.<\/p>\n<p>Ele me ajudou a alcan\u00e7ar a recupera\u00e7\u00e3o total com clozapina e apoio social, permitindo que eu terminasse minha faculdade e publicasse um livro sobre minha jornada de recupera\u00e7\u00e3o e, em seguida, atuasse como presidente da Funda\u00e7\u00e3o CURESZ, que estabelecemos juntos em 2016.<\/p>\n<p>Quando se trata do estigma da esquizofrenia, sinto que ainda temos um longo caminho a percorrer. No entanto, hist\u00f3rias de recupera\u00e7\u00e3o total (que espero incluir a minha) provam que hoje a recupera\u00e7\u00e3o \u00e9 realmente poss\u00edvel.<\/p>\n<p>Sinto-me honrado por ter a oportunidade de falar e escrever sobre minha recupera\u00e7\u00e3o com a esperan\u00e7a de que esse estigma diminua muito com o tempo. Ao encontrar tantos outros em plena recupera\u00e7\u00e3o, estou otimista.<\/p>\n<p>1. <a href=\"https:\/\/globalnews.ca\/video\/7882837\/nova-scotian-living-with-schizophrenia-shares-her-story\">Nova Esc\u00f3cia vivendo com esquizofrenia compartilha sua hist\u00f3ria<\/a><\/p>\n<p>2. <a href=\"https:\/\/www.ncf.edu\/news\/activism-in-mind-alum-carlos-larrauri-is-an-avid-advocate-for-mental-health\/\">Ativismo em mente: Carlos Larrauri \u00e9 um \u00e1vido defensor da sa\u00fade mental<\/a><\/p>\n<p>3. <a href=\"https:\/\/www.huffpost.com\/entry\/elyn-saks-recovery-of-a-g_b_324419\">Elyn Saks: Recupera\u00e7\u00e3o de um G\u00eanio<\/a><\/p>\n<p>4. <a href=\"https:\/\/curesz.org\/pt_pt\/survivors\/\">Sobreviventes da esquizofrenia<\/a><\/p>\n<p>5. <a href=\"https:\/\/www.treatmentadvocacycenter.org\/evidence-and-research\/learn-more-about\/3633-risk-factors-for-violence-in-serious-mental-illness\">Fatores de risco para viol\u00eancia em doen\u00e7as mentais graves<\/a><\/p>\n<\/div><\/div><\/div><\/div><\/div><div class=\"fusion-fullwidth fullwidth-box fusion-builder-row-2 fusion-flex-container hundred-percent-fullwidth non-hundred-percent-height-scrolling\" style=\"--awb-border-radius-top-left:0px;--awb-border-radius-top-right:0px;--awb-border-radius-bottom-right:0px;--awb-border-radius-bottom-left:0px;--awb-padding-top:0px;--awb-padding-right:0px;--awb-padding-bottom:0px;--awb-padding-left:0px;--awb-margin-top:0px;--awb-margin-bottom:0px;--awb-background-color:#015da7;--awb-flex-wrap:wrap;\" ><div class=\"fusion-builder-row fusion-row fusion-flex-align-items-flex-start fusion-flex-content-wrap\" style=\"width:104% !important;max-width:104% !important;margin-left: calc(-4% \/ 2 );margin-right: calc(-4% \/ 2 );\"><\/div><\/div>\n<\/p>","protected":false},"excerpt":{"rendered":"","protected":false},"author":3,"featured_media":0,"parent":0,"menu_order":0,"comment_status":"closed","ping_status":"closed","template":"100-width.php","meta":{"_acf_changed":false,"footnotes":""},"class_list":["post-4555","page","type-page","status-publish","hentry"],"acf":[],"yoast_head":"<!-- This site is optimized with the Yoast SEO plugin v27.5 - https:\/\/yoast.com\/product\/yoast-seo-wordpress\/ -->\n<title>The Three Stigmas of Schizophrenia - CURESZ Foundation<\/title>\n<meta name=\"robots\" content=\"index, follow, max-snippet:-1, max-image-preview:large, max-video-preview:-1\" \/>\n<link rel=\"canonical\" href=\"https:\/\/curesz.org\/pt_pt\/2022-10-01-the-three-stigmas-of-schizophrenia\/\" \/>\n<meta property=\"og:locale\" content=\"pt_PT\" \/>\n<meta property=\"og:type\" content=\"article\" \/>\n<meta property=\"og:title\" content=\"The Three Stigmas of Schizophrenia - CURESZ Foundation\" \/>\n<meta property=\"og:url\" content=\"https:\/\/curesz.org\/pt_pt\/2022-10-01-the-three-stigmas-of-schizophrenia\/\" \/>\n<meta property=\"og:site_name\" content=\"CURESZ Foundation\" \/>\n<meta property=\"article:publisher\" content=\"https:\/\/www.facebook.com\/Cureszorg\/\" \/>\n<meta property=\"article:modified_time\" content=\"2022-09-27T19:14:58+00:00\" \/>\n<meta name=\"twitter:card\" content=\"summary_large_image\" \/>\n<meta name=\"twitter:site\" content=\"@cureszorg\" \/>\n<meta name=\"twitter:label1\" content=\"Tempo estimado de leitura\" \/>\n\t<meta name=\"twitter:data1\" content=\"7 minutos\" \/>\n<script type=\"application\/ld+json\" class=\"yoast-schema-graph\">{\"@context\":\"https:\\\/\\\/schema.org\",\"@graph\":[{\"@type\":\"WebPage\",\"@id\":\"https:\\\/\\\/curesz.org\\\/2022-10-01-the-three-stigmas-of-schizophrenia\\\/\",\"url\":\"https:\\\/\\\/curesz.org\\\/2022-10-01-the-three-stigmas-of-schizophrenia\\\/\",\"name\":\"The Three Stigmas of Schizophrenia - CURESZ Foundation\",\"isPartOf\":{\"@id\":\"https:\\\/\\\/curesz.org\\\/#website\"},\"datePublished\":\"2022-09-22T19:05:53+00:00\",\"dateModified\":\"2022-09-27T19:14:58+00:00\",\"breadcrumb\":{\"@id\":\"https:\\\/\\\/curesz.org\\\/2022-10-01-the-three-stigmas-of-schizophrenia\\\/#breadcrumb\"},\"inLanguage\":\"pt-PT\",\"potentialAction\":[{\"@type\":\"ReadAction\",\"target\":[\"https:\\\/\\\/curesz.org\\\/2022-10-01-the-three-stigmas-of-schizophrenia\\\/\"]}]},{\"@type\":\"BreadcrumbList\",\"@id\":\"https:\\\/\\\/curesz.org\\\/2022-10-01-the-three-stigmas-of-schizophrenia\\\/#breadcrumb\",\"itemListElement\":[{\"@type\":\"ListItem\",\"position\":1,\"name\":\"Home\",\"item\":\"https:\\\/\\\/curesz.org\\\/\"},{\"@type\":\"ListItem\",\"position\":2,\"name\":\"The Three Stigmas of Schizophrenia\"}]},{\"@type\":\"WebSite\",\"@id\":\"https:\\\/\\\/curesz.org\\\/#website\",\"url\":\"https:\\\/\\\/curesz.org\\\/\",\"name\":\"CURESZ Foundation\",\"description\":\"The CURESZ Foundation provides educational updates to patients, families, healthcare professionals and the general public about schizophrenia.\",\"publisher\":{\"@id\":\"https:\\\/\\\/curesz.org\\\/#organization\"},\"potentialAction\":[{\"@type\":\"SearchAction\",\"target\":{\"@type\":\"EntryPoint\",\"urlTemplate\":\"https:\\\/\\\/curesz.org\\\/?s={search_term_string}\"},\"query-input\":{\"@type\":\"PropertyValueSpecification\",\"valueRequired\":true,\"valueName\":\"search_term_string\"}}],\"inLanguage\":\"pt-PT\"},{\"@type\":\"Organization\",\"@id\":\"https:\\\/\\\/curesz.org\\\/#organization\",\"name\":\"Curesz Foundation\",\"url\":\"https:\\\/\\\/curesz.org\\\/\",\"logo\":{\"@type\":\"ImageObject\",\"inLanguage\":\"pt-PT\",\"@id\":\"https:\\\/\\\/curesz.org\\\/#\\\/schema\\\/logo\\\/image\\\/\",\"url\":\"https:\\\/\\\/curesz.org\\\/wp-content\\\/uploads\\\/2020\\\/02\\\/cropped-Logo-with-Foundation-Custom.png\",\"contentUrl\":\"https:\\\/\\\/curesz.org\\\/wp-content\\\/uploads\\\/2020\\\/02\\\/cropped-Logo-with-Foundation-Custom.png\",\"width\":200,\"height\":133,\"caption\":\"Curesz Foundation\"},\"image\":{\"@id\":\"https:\\\/\\\/curesz.org\\\/#\\\/schema\\\/logo\\\/image\\\/\"},\"sameAs\":[\"https:\\\/\\\/www.facebook.com\\\/Cureszorg\\\/\",\"https:\\\/\\\/x.com\\\/cureszorg\",\"https:\\\/\\\/www.instagram.com\\\/cureszfoundation\\\/\",\"https:\\\/\\\/www.youtube.com\\\/channel\\\/UCT3uVzTt8jiJ2qdhuosHPvg\"]}]}<\/script>\n<!-- \/ Yoast SEO plugin. -->","yoast_head_json":{"title":"The Three Stigmas of Schizophrenia - CURESZ Foundation","robots":{"index":"index","follow":"follow","max-snippet":"max-snippet:-1","max-image-preview":"max-image-preview:large","max-video-preview":"max-video-preview:-1"},"canonical":"https:\/\/curesz.org\/pt_pt\/2022-10-01-the-three-stigmas-of-schizophrenia\/","og_locale":"pt_PT","og_type":"article","og_title":"The Three Stigmas of Schizophrenia - CURESZ Foundation","og_url":"https:\/\/curesz.org\/pt_pt\/2022-10-01-the-three-stigmas-of-schizophrenia\/","og_site_name":"CURESZ Foundation","article_publisher":"https:\/\/www.facebook.com\/Cureszorg\/","article_modified_time":"2022-09-27T19:14:58+00:00","twitter_card":"summary_large_image","twitter_site":"@cureszorg","twitter_misc":{"Tempo estimado de leitura":"7 minutos"},"schema":{"@context":"https:\/\/schema.org","@graph":[{"@type":"WebPage","@id":"https:\/\/curesz.org\/2022-10-01-the-three-stigmas-of-schizophrenia\/","url":"https:\/\/curesz.org\/2022-10-01-the-three-stigmas-of-schizophrenia\/","name":"The Three Stigmas of Schizophrenia - CURESZ Foundation","isPartOf":{"@id":"https:\/\/curesz.org\/#website"},"datePublished":"2022-09-22T19:05:53+00:00","dateModified":"2022-09-27T19:14:58+00:00","breadcrumb":{"@id":"https:\/\/curesz.org\/2022-10-01-the-three-stigmas-of-schizophrenia\/#breadcrumb"},"inLanguage":"pt-PT","potentialAction":[{"@type":"ReadAction","target":["https:\/\/curesz.org\/2022-10-01-the-three-stigmas-of-schizophrenia\/"]}]},{"@type":"BreadcrumbList","@id":"https:\/\/curesz.org\/2022-10-01-the-three-stigmas-of-schizophrenia\/#breadcrumb","itemListElement":[{"@type":"ListItem","position":1,"name":"Home","item":"https:\/\/curesz.org\/"},{"@type":"ListItem","position":2,"name":"The Three Stigmas of Schizophrenia"}]},{"@type":"WebSite","@id":"https:\/\/curesz.org\/#website","url":"https:\/\/curesz.org\/","name":"Funda\u00e7\u00e3o CURESZ","description":"A Funda\u00e7\u00e3o CURESZ fornece atualiza\u00e7\u00f5es educacionais para pacientes, familiares, profissionais de sa\u00fade e p\u00fablico em geral sobre esquizofrenia.","publisher":{"@id":"https:\/\/curesz.org\/#organization"},"potentialAction":[{"@type":"SearchAction","target":{"@type":"EntryPoint","urlTemplate":"https:\/\/curesz.org\/?s={search_term_string}"},"query-input":{"@type":"PropertyValueSpecification","valueRequired":true,"valueName":"search_term_string"}}],"inLanguage":"pt-PT"},{"@type":"Organization","@id":"https:\/\/curesz.org\/#organization","name":"Curesz Foundation","url":"https:\/\/curesz.org\/","logo":{"@type":"ImageObject","inLanguage":"pt-PT","@id":"https:\/\/curesz.org\/#\/schema\/logo\/image\/","url":"https:\/\/curesz.org\/wp-content\/uploads\/2020\/02\/cropped-Logo-with-Foundation-Custom.png","contentUrl":"https:\/\/curesz.org\/wp-content\/uploads\/2020\/02\/cropped-Logo-with-Foundation-Custom.png","width":200,"height":133,"caption":"Curesz Foundation"},"image":{"@id":"https:\/\/curesz.org\/#\/schema\/logo\/image\/"},"sameAs":["https:\/\/www.facebook.com\/Cureszorg\/","https:\/\/x.com\/cureszorg","https:\/\/www.instagram.com\/cureszfoundation\/","https:\/\/www.youtube.com\/channel\/UCT3uVzTt8jiJ2qdhuosHPvg"]}]}},"_links":{"self":[{"href":"https:\/\/curesz.org\/pt_pt\/wp-json\/wp\/v2\/pages\/4555","targetHints":{"allow":["GET"]}}],"collection":[{"href":"https:\/\/curesz.org\/pt_pt\/wp-json\/wp\/v2\/pages"}],"about":[{"href":"https:\/\/curesz.org\/pt_pt\/wp-json\/wp\/v2\/types\/page"}],"author":[{"embeddable":true,"href":"https:\/\/curesz.org\/pt_pt\/wp-json\/wp\/v2\/users\/3"}],"replies":[{"embeddable":true,"href":"https:\/\/curesz.org\/pt_pt\/wp-json\/wp\/v2\/comments?post=4555"}],"version-history":[{"count":3,"href":"https:\/\/curesz.org\/pt_pt\/wp-json\/wp\/v2\/pages\/4555\/revisions"}],"predecessor-version":[{"id":4604,"href":"https:\/\/curesz.org\/pt_pt\/wp-json\/wp\/v2\/pages\/4555\/revisions\/4604"}],"wp:attachment":[{"href":"https:\/\/curesz.org\/pt_pt\/wp-json\/wp\/v2\/media?parent=4555"}],"curies":[{"name":"wp","href":"https:\/\/api.w.org\/{rel}","templated":true}]}}