{"id":4563,"date":"2022-09-22T19:06:56","date_gmt":"2022-09-22T19:06:56","guid":{"rendered":"https:\/\/curesz.org\/?page_id=4563"},"modified":"2022-09-22T19:06:57","modified_gmt":"2022-09-22T19:06:57","slug":"2022-10-01-curesz-resources","status":"publish","type":"page","link":"https:\/\/curesz.org\/pt_pt\/2022-10-01-curesz-resources\/","title":{"rendered":"Recursos do CUREZ"},"content":{"rendered":"<p><div class=\"fusion-fullwidth fullwidth-box fusion-builder-row-1 fusion-flex-container nonhundred-percent-fullwidth non-hundred-percent-height-scrolling\" style=\"--awb-border-radius-top-left:0px;--awb-border-radius-top-right:0px;--awb-border-radius-bottom-right:0px;--awb-border-radius-bottom-left:0px;--awb-flex-wrap:wrap;\" ><div class=\"fusion-builder-row fusion-row fusion-flex-align-items-flex-start fusion-flex-content-wrap\" style=\"max-width:1352px;margin-left: calc(-4% \/ 2 );margin-right: calc(-4% \/ 2 );\"><div class=\"fusion-layout-column fusion_builder_column fusion-builder-column-0 fusion_builder_column_1_4 1_4 fusion-flex-column\" style=\"--awb-bg-size:cover;--awb-width-large:25%;--awb-margin-top-large:0px;--awb-spacing-right-large:7.68%;--awb-margin-bottom-large:20px;--awb-spacing-left-large:7.68%;--awb-width-medium:100%;--awb-spacing-right-medium:1.92%;--awb-spacing-left-medium:1.92%;--awb-width-small:100%;--awb-spacing-right-small:1.92%;--awb-spacing-left-small:1.92%;\"><div class=\"fusion-column-wrapper fusion-column-has-shadow fusion-flex-justify-content-flex-start fusion-content-layout-column\"><div class=\"fusion-image-element \" style=\"--awb-caption-title-font-family:var(--h2_typography-font-family);--awb-caption-title-font-weight:var(--h2_typography-font-weight);--awb-caption-title-font-style:var(--h2_typography-font-style);--awb-caption-title-size:var(--h2_typography-font-size);--awb-caption-title-transform:var(--h2_typography-text-transform);--awb-caption-title-line-height:var(--h2_typography-line-height);--awb-caption-title-letter-spacing:var(--h2_typography-letter-spacing);\"><span class=\" fusion-imageframe imageframe-none imageframe-1 hover-type-none\"><img decoding=\"async\" width=\"288\" height=\"319\" title=\"IMG_3299-cropped\" src=\"https:\/\/curesz.org\/wp-content\/uploads\/2021\/12\/IMG_3299-cropped.jpg\" data-orig-src=\"https:\/\/curesz.org\/wp-content\/uploads\/2021\/12\/IMG_3299-cropped.jpg\" alt class=\"lazyload img-responsive wp-image-4232\" srcset=\"data:image\/svg+xml,%3Csvg%20xmlns%3D%27http%3A%2F%2Fwww.w3.org%2F2000%2Fsvg%27%20width%3D%27288%27%20height%3D%27319%27%20viewBox%3D%270%200%20288%20319%27%3E%3Crect%20width%3D%27288%27%20height%3D%27319%27%20fill-opacity%3D%220%22%2F%3E%3C%2Fsvg%3E\" data-srcset=\"https:\/\/curesz.org\/wp-content\/uploads\/2021\/12\/IMG_3299-cropped-200x222.jpg 200w, https:\/\/curesz.org\/wp-content\/uploads\/2021\/12\/IMG_3299-cropped.jpg 288w\" data-sizes=\"auto\" data-orig-sizes=\"(max-width: 1024px) 100vw, (max-width: 640px) 100vw, 288px\" \/><\/span><\/div><div class=\"fusion-text fusion-text-1\"><p><strong>Catherine Engle, LPCC-S<br \/>\nCURESZ Board Member<\/strong><\/p>\n<\/div><\/div><\/div><div class=\"fusion-layout-column fusion_builder_column fusion-builder-column-1 fusion_builder_column_3_4 3_4 fusion-flex-column\" style=\"--awb-bg-size:cover;--awb-width-large:75%;--awb-margin-top-large:0px;--awb-spacing-right-large:2.56%;--awb-margin-bottom-large:20px;--awb-spacing-left-large:2.56%;--awb-width-medium:100%;--awb-spacing-right-medium:1.92%;--awb-spacing-left-medium:1.92%;--awb-width-small:100%;--awb-spacing-right-small:1.92%;--awb-spacing-left-small:1.92%;\"><div class=\"fusion-column-wrapper fusion-column-has-shadow fusion-flex-justify-content-flex-start fusion-content-layout-column\"><div class=\"fusion-text fusion-text-2\"><p>CURESZ Resources<\/p>\n<p>At least 8.4 million people in the U.S. provide care to an adult with a mental or emotional health issue. Caregivers of adults with mental or emotional health issues spend an average of 32 hours per week providing care. Families who have a loved one with schizophrenia often find themselves frantically searching the Internet for resources that will improve the situation of the one they care for. Sometimes, caregivers can become exhausted and can feel depleted of options and of hope.<\/p>\n<p>CURESZ FRIENDSZ<\/p>\n<p>This caregiver mentoring program partners individuals with extensive experience caring for a loved one with schizophrenia with newer caregivers (mentees) who may have less experience, or who are seeking support at any stage of their caregiving journey. Mentors offer support and encouragement by \u201cwalking\u201d alongside the mentee, offering their own personal experiences. They do not provide medical or legal advice, and they are not licensed counselors, but they are loyal and dependable friends. Enduring friendships have been forged through this program. Our goal is to ease the burden of caregiving through compassionate one on one support. To date, the CURESZ Foundation has paired over 90 mentees with mentors. CURESZ Friendsz is directed by CURESZ Board Member Catherine Engle, LPCC-S.<\/p>\n<p>In addition to the Friendsz program, the CURESZ Foundation provides many other important resources.<\/p>\n<p>CURESZ.ORG &amp; CURESZ YOUTUBE CHANNEL<\/p>\n<p>These websites offer extensive educational and clinical information about schizophrenia, comorbidities and related disorders. This includes our Clozapine in Schizophrenia Expert Panel webpage where families looking for a doctor who prescribes clozapine, or find a physician for a second opinion or possibly ongoing care. The website also offers an extensive archive with Newsletters focusing on many topics.<\/p>\n<p>CURESZ ON CAMPUS CLUBS<\/p>\n<p>The typical onset of schizophrenia commonly occurs between the ages of 18-25 years old. Unfortunately, this time frame coincides with college years when so much is already at play in a young person\u2019s life. CURESZ Clubs educate students about brain disorders including schizophrenia, bipolar disorder, anxiety and depression, warning signs and treatment options. CURESZ sponsors campus clubs at the University of Cincinnati and Babson College in Boston. We also have members who attend our virtual events from all around the country. During the school year, we usually hold one in-person event per month plus one virtual event per month. Most club members are undergraduate students studying nursing, counseling, or planning to become a doctor or researcher, as well as students from all majors who have an interest in mental health. Many members have siblings or family members struggling with brain disorders. We are actively searching for new club student leaders.<\/p>\n<p>MONTHLY SUPPORT GROUP<\/p>\n<p>Families faced with the challenges of a loved one\u2019s illness can find encouragement and support from families whose loved one has achieved recovery. Visit the contact form on CURESZ.org to register.<\/p>\n<p>ASK THE DOCTOR<\/p>\n<p>Monthly events where six families have 90 minutes to ask a CURESZ psychiatrist anything about brain disorders. Although this is not a forum where individual cases are discussed, it is a valuable opportunity to receive expert medical information.<\/p>\n<p>FINDING A MENTOR THROUGH CURESZ<\/p>\n<p>If you are interested in becoming a mentor or mentee through Friendsz, we ask you to complete a questionnaire with your contact information, age of your loved one with schizophrenia, age of onset, religious preference, and other information. Whenever possible, we like to pair mentees with mentors based on geographic location and\/or based on situation when possible. For example, the mentee\u2019s loved one may be struggling with treatment noncompliance or substance abuse, lack of insight, or may be actively psychotic. In each of these situations, a specific mentor\u2019s experience may be invaluable to the mentee. We are also always looking for new mentors. If you want to become a mentor, we ask for a 15-minute interview over zoom, a background check, and that you view an hour-long training video. We hope you will share CURESZ Friendsz with those you know who have loved ones with schizophrenia, as well as any caregivers in your support groups or community.<\/p>\n<p>FROM CATHERINE ENGLE, LPCC-S, CURESZ Board Member and Director of CURESZ Friends<\/p>\n<p>\u201cI have been working in the mental health field for the past 12 years and completed my master\u2019s degree at Xavier University in clinical mental health counseling. During my undergraduate studies, I had an encounter that became the catalyst for my career in the mental health field. I met a woman who expressed that her son had recently been diagnosed with schizophrenia. She was a single mother and said she felt completely overwhelmed and unsure of how to help him or get the support for herself that she greatly needed. The CURESZ Foundation impressed me so much as I learned more about it. To me, it\u2019s about offering others information, empathetic connection, and support so they can feel empowered and navigate a successful future and the best quality of life for themselves and the loved ones they are caring for.\u201d<\/p>\n<p>ABOUT FRIENDSZ<\/p>\n<p>\u201cI wanted to send you a huge THANK YOU. You connected me with a mentor [named] Georgia. I wanted you to know that this has been one of the most positive experiences. As I have navigated through my son\u2019s recent episode, three hospitalizations, and medication change Georgia has been there like a rock for me to lean on. She helped me find hope and new perspective when I felt at my lowest point. Thank you for setting up this program and connecting us. I am forever grateful.\u201d<\/p>\n<\/div><\/div><\/div><\/div><\/div><div class=\"fusion-fullwidth fullwidth-box fusion-builder-row-2 fusion-flex-container hundred-percent-fullwidth non-hundred-percent-height-scrolling\" style=\"--awb-border-radius-top-left:0px;--awb-border-radius-top-right:0px;--awb-border-radius-bottom-right:0px;--awb-border-radius-bottom-left:0px;--awb-padding-top:0px;--awb-padding-right:0px;--awb-padding-bottom:0px;--awb-padding-left:0px;--awb-margin-top:0px;--awb-margin-bottom:0px;--awb-background-color:#015da7;--awb-flex-wrap:wrap;\" ><div class=\"fusion-builder-row fusion-row fusion-flex-align-items-flex-start fusion-flex-content-wrap\" style=\"width:104% !important;max-width:104% !important;margin-left: calc(-4% \/ 2 );margin-right: calc(-4% \/ 2 );\"><\/div><\/div>\n<\/p>\n","protected":false},"excerpt":{"rendered":"","protected":false},"author":3,"featured_media":0,"parent":0,"menu_order":0,"comment_status":"closed","ping_status":"closed","template":"100-width.php","meta":{"_acf_changed":false,"footnotes":""},"class_list":["post-4563","page","type-page","status-publish","hentry"],"acf":[],"yoast_head":"<!-- This site is optimized with the Yoast SEO plugin v27.4 - https:\/\/yoast.com\/product\/yoast-seo-wordpress\/ -->\n<title>CURESZ Resources - CURESZ Foundation<\/title>\n<meta name=\"robots\" content=\"index, follow, max-snippet:-1, max-image-preview:large, max-video-preview:-1\" \/>\n<link rel=\"canonical\" href=\"https:\/\/curesz.org\/pt_pt\/2022-10-01-curesz-resources\/\" \/>\n<meta property=\"og:locale\" content=\"pt_PT\" \/>\n<meta property=\"og:type\" content=\"article\" \/>\n<meta property=\"og:title\" content=\"CURESZ Resources - CURESZ Foundation\" \/>\n<meta property=\"og:url\" content=\"https:\/\/curesz.org\/pt_pt\/2022-10-01-curesz-resources\/\" \/>\n<meta property=\"og:site_name\" content=\"CURESZ Foundation\" \/>\n<meta property=\"article:publisher\" content=\"https:\/\/www.facebook.com\/Cureszorg\/\" \/>\n<meta property=\"article:modified_time\" content=\"2022-09-22T19:06:57+00:00\" \/>\n<meta name=\"twitter:card\" content=\"summary_large_image\" \/>\n<meta name=\"twitter:site\" content=\"@cureszorg\" \/>\n<meta name=\"twitter:label1\" content=\"Tempo estimado de leitura\" \/>\n\t<meta name=\"twitter:data1\" content=\"6 minutos\" \/>\n<script type=\"application\/ld+json\" class=\"yoast-schema-graph\">{\"@context\":\"https:\\\/\\\/schema.org\",\"@graph\":[{\"@type\":\"WebPage\",\"@id\":\"https:\\\/\\\/curesz.org\\\/2022-10-01-curesz-resources\\\/\",\"url\":\"https:\\\/\\\/curesz.org\\\/2022-10-01-curesz-resources\\\/\",\"name\":\"CURESZ Resources - CURESZ Foundation\",\"isPartOf\":{\"@id\":\"https:\\\/\\\/curesz.org\\\/#website\"},\"datePublished\":\"2022-09-22T19:06:56+00:00\",\"dateModified\":\"2022-09-22T19:06:57+00:00\",\"breadcrumb\":{\"@id\":\"https:\\\/\\\/curesz.org\\\/2022-10-01-curesz-resources\\\/#breadcrumb\"},\"inLanguage\":\"pt-PT\",\"potentialAction\":[{\"@type\":\"ReadAction\",\"target\":[\"https:\\\/\\\/curesz.org\\\/2022-10-01-curesz-resources\\\/\"]}]},{\"@type\":\"BreadcrumbList\",\"@id\":\"https:\\\/\\\/curesz.org\\\/2022-10-01-curesz-resources\\\/#breadcrumb\",\"itemListElement\":[{\"@type\":\"ListItem\",\"position\":1,\"name\":\"Home\",\"item\":\"https:\\\/\\\/curesz.org\\\/\"},{\"@type\":\"ListItem\",\"position\":2,\"name\":\"CURESZ Resources\"}]},{\"@type\":\"WebSite\",\"@id\":\"https:\\\/\\\/curesz.org\\\/#website\",\"url\":\"https:\\\/\\\/curesz.org\\\/\",\"name\":\"CURESZ Foundation\",\"description\":\"The CURESZ Foundation provides educational updates to patients, families, healthcare professionals and the general public about schizophrenia.\",\"publisher\":{\"@id\":\"https:\\\/\\\/curesz.org\\\/#organization\"},\"potentialAction\":[{\"@type\":\"SearchAction\",\"target\":{\"@type\":\"EntryPoint\",\"urlTemplate\":\"https:\\\/\\\/curesz.org\\\/?s={search_term_string}\"},\"query-input\":{\"@type\":\"PropertyValueSpecification\",\"valueRequired\":true,\"valueName\":\"search_term_string\"}}],\"inLanguage\":\"pt-PT\"},{\"@type\":\"Organization\",\"@id\":\"https:\\\/\\\/curesz.org\\\/#organization\",\"name\":\"Curesz Foundation\",\"url\":\"https:\\\/\\\/curesz.org\\\/\",\"logo\":{\"@type\":\"ImageObject\",\"inLanguage\":\"pt-PT\",\"@id\":\"https:\\\/\\\/curesz.org\\\/#\\\/schema\\\/logo\\\/image\\\/\",\"url\":\"https:\\\/\\\/curesz.org\\\/wp-content\\\/uploads\\\/2020\\\/02\\\/cropped-Logo-with-Foundation-Custom.png\",\"contentUrl\":\"https:\\\/\\\/curesz.org\\\/wp-content\\\/uploads\\\/2020\\\/02\\\/cropped-Logo-with-Foundation-Custom.png\",\"width\":200,\"height\":133,\"caption\":\"Curesz Foundation\"},\"image\":{\"@id\":\"https:\\\/\\\/curesz.org\\\/#\\\/schema\\\/logo\\\/image\\\/\"},\"sameAs\":[\"https:\\\/\\\/www.facebook.com\\\/Cureszorg\\\/\",\"https:\\\/\\\/x.com\\\/cureszorg\",\"https:\\\/\\\/www.instagram.com\\\/cureszfoundation\\\/\",\"https:\\\/\\\/www.youtube.com\\\/channel\\\/UCT3uVzTt8jiJ2qdhuosHPvg\"]}]}<\/script>\n<!-- \/ Yoast SEO plugin. -->","yoast_head_json":{"title":"CURESZ Resources - CURESZ Foundation","robots":{"index":"index","follow":"follow","max-snippet":"max-snippet:-1","max-image-preview":"max-image-preview:large","max-video-preview":"max-video-preview:-1"},"canonical":"https:\/\/curesz.org\/pt_pt\/2022-10-01-curesz-resources\/","og_locale":"pt_PT","og_type":"article","og_title":"CURESZ Resources - CURESZ Foundation","og_url":"https:\/\/curesz.org\/pt_pt\/2022-10-01-curesz-resources\/","og_site_name":"CURESZ Foundation","article_publisher":"https:\/\/www.facebook.com\/Cureszorg\/","article_modified_time":"2022-09-22T19:06:57+00:00","twitter_card":"summary_large_image","twitter_site":"@cureszorg","twitter_misc":{"Tempo estimado de leitura":"6 minutos"},"schema":{"@context":"https:\/\/schema.org","@graph":[{"@type":"WebPage","@id":"https:\/\/curesz.org\/2022-10-01-curesz-resources\/","url":"https:\/\/curesz.org\/2022-10-01-curesz-resources\/","name":"CURESZ Resources - CURESZ Foundation","isPartOf":{"@id":"https:\/\/curesz.org\/#website"},"datePublished":"2022-09-22T19:06:56+00:00","dateModified":"2022-09-22T19:06:57+00:00","breadcrumb":{"@id":"https:\/\/curesz.org\/2022-10-01-curesz-resources\/#breadcrumb"},"inLanguage":"pt-PT","potentialAction":[{"@type":"ReadAction","target":["https:\/\/curesz.org\/2022-10-01-curesz-resources\/"]}]},{"@type":"BreadcrumbList","@id":"https:\/\/curesz.org\/2022-10-01-curesz-resources\/#breadcrumb","itemListElement":[{"@type":"ListItem","position":1,"name":"Home","item":"https:\/\/curesz.org\/"},{"@type":"ListItem","position":2,"name":"CURESZ Resources"}]},{"@type":"WebSite","@id":"https:\/\/curesz.org\/#website","url":"https:\/\/curesz.org\/","name":"Funda\u00e7\u00e3o CURESZ","description":"A Funda\u00e7\u00e3o CURESZ fornece atualiza\u00e7\u00f5es educacionais para pacientes, familiares, profissionais de sa\u00fade e p\u00fablico em geral sobre esquizofrenia.","publisher":{"@id":"https:\/\/curesz.org\/#organization"},"potentialAction":[{"@type":"SearchAction","target":{"@type":"EntryPoint","urlTemplate":"https:\/\/curesz.org\/?s={search_term_string}"},"query-input":{"@type":"PropertyValueSpecification","valueRequired":true,"valueName":"search_term_string"}}],"inLanguage":"pt-PT"},{"@type":"Organization","@id":"https:\/\/curesz.org\/#organization","name":"Curesz Foundation","url":"https:\/\/curesz.org\/","logo":{"@type":"ImageObject","inLanguage":"pt-PT","@id":"https:\/\/curesz.org\/#\/schema\/logo\/image\/","url":"https:\/\/curesz.org\/wp-content\/uploads\/2020\/02\/cropped-Logo-with-Foundation-Custom.png","contentUrl":"https:\/\/curesz.org\/wp-content\/uploads\/2020\/02\/cropped-Logo-with-Foundation-Custom.png","width":200,"height":133,"caption":"Curesz Foundation"},"image":{"@id":"https:\/\/curesz.org\/#\/schema\/logo\/image\/"},"sameAs":["https:\/\/www.facebook.com\/Cureszorg\/","https:\/\/x.com\/cureszorg","https:\/\/www.instagram.com\/cureszfoundation\/","https:\/\/www.youtube.com\/channel\/UCT3uVzTt8jiJ2qdhuosHPvg"]}]}},"_links":{"self":[{"href":"https:\/\/curesz.org\/pt_pt\/wp-json\/wp\/v2\/pages\/4563","targetHints":{"allow":["GET"]}}],"collection":[{"href":"https:\/\/curesz.org\/pt_pt\/wp-json\/wp\/v2\/pages"}],"about":[{"href":"https:\/\/curesz.org\/pt_pt\/wp-json\/wp\/v2\/types\/page"}],"author":[{"embeddable":true,"href":"https:\/\/curesz.org\/pt_pt\/wp-json\/wp\/v2\/users\/3"}],"replies":[{"embeddable":true,"href":"https:\/\/curesz.org\/pt_pt\/wp-json\/wp\/v2\/comments?post=4563"}],"version-history":[{"count":1,"href":"https:\/\/curesz.org\/pt_pt\/wp-json\/wp\/v2\/pages\/4563\/revisions"}],"predecessor-version":[{"id":4564,"href":"https:\/\/curesz.org\/pt_pt\/wp-json\/wp\/v2\/pages\/4563\/revisions\/4564"}],"wp:attachment":[{"href":"https:\/\/curesz.org\/pt_pt\/wp-json\/wp\/v2\/media?parent=4563"}],"curies":[{"name":"wp","href":"https:\/\/api.w.org\/{rel}","templated":true}]}}