{"id":4763,"date":"2022-12-26T15:30:41","date_gmt":"2022-12-26T15:30:41","guid":{"rendered":"https:\/\/curesz.org\/?page_id=4763"},"modified":"2023-11-15T15:02:32","modified_gmt":"2023-11-15T20:02:32","slug":"the-7-catastrophic-consequences-of-psychotic-recurrences","status":"publish","type":"page","link":"https:\/\/curesz.org\/pt_pt\/the-7-catastrophic-consequences-of-psychotic-recurrences\/","title":{"rendered":"As 7 consequ\u00eancias catastr\u00f3ficas das recorr\u00eancias psic\u00f3ticas"},"content":{"rendered":"<p><div class=\"fusion-fullwidth fullwidth-box fusion-builder-row-1 fusion-flex-container nonhundred-percent-fullwidth non-hundred-percent-height-scrolling\" style=\"--awb-border-radius-top-left:0px;--awb-border-radius-top-right:0px;--awb-border-radius-bottom-right:0px;--awb-border-radius-bottom-left:0px;--awb-flex-wrap:wrap;\" ><div class=\"fusion-builder-row fusion-row fusion-flex-align-items-flex-start fusion-flex-content-wrap\" style=\"max-width:1352px;margin-left: calc(-4% \/ 2 );margin-right: calc(-4% \/ 2 );\"><div class=\"fusion-layout-column fusion_builder_column fusion-builder-column-0 fusion_builder_column_1_4 1_4 fusion-flex-column\" style=\"--awb-bg-size:cover;--awb-width-large:25%;--awb-margin-top-large:0px;--awb-spacing-right-large:7.68%;--awb-margin-bottom-large:20px;--awb-spacing-left-large:7.68%;--awb-width-medium:100%;--awb-spacing-right-medium:1.92%;--awb-spacing-left-medium:1.92%;--awb-width-small:100%;--awb-spacing-right-small:1.92%;--awb-spacing-left-small:1.92%;\"><div class=\"fusion-column-wrapper fusion-column-has-shadow fusion-flex-justify-content-flex-start fusion-content-layout-column\"><div class=\"fusion-image-element\" style=\"--awb-caption-title-font-family:var(--h2_typography-font-family);--awb-caption-title-font-weight:var(--h2_typography-font-weight);--awb-caption-title-font-style:var(--h2_typography-font-style);--awb-caption-title-size:var(--h2_typography-font-size);--awb-caption-title-transform:var(--h2_typography-text-transform);--awb-caption-title-line-height:var(--h2_typography-line-height);--awb-caption-title-letter-spacing:var(--h2_typography-letter-spacing);\"><span class=\"fusion-imageframe imageframe-none imageframe-1 hover-type-none\"><img decoding=\"async\" width=\"700\" height=\"900\" title=\"Dr. Nasrallah 30321\" src=\"https:\/\/curesz.org\/wp-content\/uploads\/2022\/12\/Dr.-Nasrallah-30321.jpg\" data-orig-src=\"https:\/\/curesz.org\/wp-content\/uploads\/2022\/12\/Dr.-Nasrallah-30321.jpg\" alt class=\"lazyload img-responsive wp-image-4764\" srcset=\"data:image\/svg+xml,%3Csvg%20xmlns%3D%27http%3A%2F%2Fwww.w3.org%2F2000%2Fsvg%27%20width%3D%27700%27%20height%3D%27900%27%20viewBox%3D%270%200%20700%20900%27%3E%3Crect%20width%3D%27700%27%20height%3D%27900%27%20fill-opacity%3D%220%22%2F%3E%3C%2Fsvg%3E\" data-srcset=\"https:\/\/curesz.org\/wp-content\/uploads\/2022\/12\/Dr.-Nasrallah-30321-200x257.jpg 200w, https:\/\/curesz.org\/wp-content\/uploads\/2022\/12\/Dr.-Nasrallah-30321-400x514.jpg 400w, https:\/\/curesz.org\/wp-content\/uploads\/2022\/12\/Dr.-Nasrallah-30321-600x771.jpg 600w, https:\/\/curesz.org\/wp-content\/uploads\/2022\/12\/Dr.-Nasrallah-30321.jpg 700w\" data-sizes=\"auto\" data-orig-sizes=\"(max-width: 1024px) 100vw, (max-width: 640px) 100vw, 400px\" \/><\/span><\/div><div class=\"fusion-text fusion-text-1\"><p><strong>Dr. Henry Nasrallah<br \/>\nDiretor Cient\u00edfico da Funda\u00e7\u00e3o CURESZ<\/strong><\/p>\n<\/div><\/div><\/div><div class=\"fusion-layout-column fusion_builder_column fusion-builder-column-1 fusion_builder_column_3_4 3_4 fusion-flex-column\" style=\"--awb-bg-size:cover;--awb-width-large:75%;--awb-margin-top-large:0px;--awb-spacing-right-large:2.56%;--awb-margin-bottom-large:20px;--awb-spacing-left-large:2.56%;--awb-width-medium:100%;--awb-spacing-right-medium:1.92%;--awb-spacing-left-medium:1.92%;--awb-width-small:100%;--awb-spacing-right-small:1.92%;--awb-spacing-left-small:1.92%;\"><div class=\"fusion-column-wrapper fusion-column-has-shadow fusion-flex-justify-content-flex-start fusion-content-layout-column\"><div class=\"fusion-text fusion-text-2\"><p>As Sete Consequ\u00eancias Catastr\u00f3ficas das Recorr\u00eancias Psic\u00f3ticas<\/p>\n<p>It is very unfortunate when individuals with schizophrenia relapse repeatedly.\u00a0 The #1 cause for the recurrence of psychosis is either inconsistent adherence to antipsychotic (AP) medications or total non-adherence (1).\u00a0 The reasons for poor adherence in schizophrenia are related to the illness itself, and patients should not be blamed.<\/p>\n<p>Os sintomas da esquizofrenia que levam \u00e0 ades\u00e3o (2) incluem: 1) <strong>anosognosia<\/strong>, or the lack of insight that one is very sick with delusions and hallucinations, leading to patient rejection of medication 2) <strong>Dificuldades cognitivas<\/strong> inclusive comprometimento grave da mem\u00f3ria, que levam ao esquecimento de tomar o PA, 3) <strong>sintomas negativos<\/strong>, including apathy, lack of motivation (avolition) and loss of the ability to do many things, including taking medications every day, 4) <strong>desconfian\u00e7a<\/strong> que os efeitos colaterais comuns da medica\u00e7\u00e3o AP s\u00e3o evid\u00eancias de envenenamento, 5)<strong> Uso de \u00e1lcool e drogas<\/strong> which are very common in persons with schizophrenia living in the community, and being intoxicated or stoned precludes taking prescription medication.\u00a0 The combination of all those factors inevitably leads to a high rate of medication nonadherence after discharge from the first hospitalization.<\/p>\n<p>Assim como diabetes tipo 1 ou hipertens\u00e3o, onde os medicamentos devem ser tomados todos os dias ou h\u00e1 risco de reca\u00edda, as pessoas com esquizofrenia devem tomar seus comprimidos orais todos os dias sem interrup\u00e7\u00e3o. Um estudo publicado mostrou que uma queda de apenas 25% no n\u00edvel sangu\u00edneo AP (o que significa perder uma dose uma vez a cada 4 dias) \u00e9 suficiente para causar uma reca\u00edda na esquizofrenia (3).<\/p>\n<p>Long-acting injectable (LAI) APs were developed in the 1970\u2019s, precisely to solve the problem of non-adherence with oral medication.\u00a0 However, due to the delay in scientific advances about the brain-damaging effects of psychosis (which appeared 3 decades later), clinicians back then were completely unaware that psychosis is associated with the dangers of recurring psychosis and resultant brain damage. They also believed that patients should \u201cmake their own decisions,\u201d despite the well-known fact that the decision-making region of the brain (frontal lobe) is impaired in schizophrenia. Patients were even led to regard LAI treatment as \u201cstigmatizing\u201d and as a \u201cpunishment\u201d for multiple relapses, so they resisted the LAIs. Now LAIs are regarded as a most compassionate and effective therapeutic approach to save patients with schizophrenia from psychosis-induced brain damage.<\/p>\n<p>Por volta do ano 2000, pesquisas em neuroci\u00eancia psiqui\u00e1trica revelaram que a psicose destr\u00f3i o tecido cerebral e causa atrofia cerebral (4) devido \u00e0 neuroinflama\u00e7\u00e3o e aos radicais livres (5), ambos os quais danificam a subst\u00e2ncia cinzenta e branca. A estrutura e a fun\u00e7\u00e3o do c\u00e9rebro se deterioram a cada reca\u00edda psic\u00f3tica. Isso evita que as pessoas que desenvolvem esquizofrenia retornem \u00e0 linha de base anterior ao primeiro epis\u00f3dio psic\u00f3tico (FEP), que \u00e9 muito tr\u00e1gico para jovens no final da adolesc\u00eancia ou no in\u00edcio dos 20 anos.<\/p>\n<p>A seguir est\u00e3o 7 consequ\u00eancias catastr\u00f3ficas de epis\u00f3dios psic\u00f3ticos recorrentes (6) devido \u00e0 baixa ades\u00e3o:<\/p>\n<ul>\n<li>Perda de tecido cerebral e atrofia cerebral e desintegra\u00e7\u00e3o da extensa rede de fibras mielinizadas (cerca de 137.000 milhas) que conecta todas as regi\u00f5es do c\u00e9rebro e cria uma unidade do eu.<\/li>\n<li>Treatment-resistance patients respond to low doses of AP in the first-episode of psychosis (FEP) but need higher and higher dose with each psychotic relapse until eventually they become completely treatment-resistant (and will need Clozapine, which most patients never have access to). The brain structure deteriorates successively with each episode and that\u2019s why APs that previously worked no longer do so.<\/li>\n<li>Incapacidade funcional e incapacidade de retornar \u00e0 escola, faculdade ou ao trabalho, independentemente do que os pacientes estivessem fazendo antes do FEP. Assim, com repetidas reca\u00eddas, esses jovens tornam-se totalmente incapacitados em vez de serem membros produtivos da sociedade.<\/li>\n<li>When individuals with schizophrenia become psychotic and behave erratically, sometimes they are killed by police, and many more are arrested and jailed, and often sentenced to prison. They no longer get admitted to state hospitals (because they have all been shuttered), and so are surrounded by armed guards instead of doctors, nurses and social workers who compassionately provide them with medical care instead of being thrown into a prison with murderers and rapists.<\/li>\n<li>Muitas pessoas n\u00e3o est\u00e3o cientes da taxa incrivelmente alta de suic\u00eddio entre jovens com esquizofrenia quando recaem. Alguns estudos relatam taxas de mortalidade por suic\u00eddio mais de 10.000% (7) em compara\u00e7\u00e3o com jovens da mesma idade na popula\u00e7\u00e3o em geral.<\/li>\n<li>Non-adherence can lead to drug abuse, a chaotic lifestyle and living on the sidewalks of large cities, with risk of becoming victims of crime.<\/li>\n<li>Psychosis can cause unusual behavior, and poor dress and grooming, which intensify the public\u2019s negative bias against serious mental illness.<\/li>\n<\/ul>\n<p>No entanto, contra esse resultado sombrio, h\u00e1 esperan\u00e7a e boas not\u00edcias para as pessoas com esquizofrenia. A utiliza\u00e7\u00e3o do LAI muito precocemente, ou seja, logo ap\u00f3s a primeira interna\u00e7\u00e3o, pode fazer uma grande diferen\u00e7a na preven\u00e7\u00e3o da deteriora\u00e7\u00e3o. Existem estudos publicados que relatam que as recidivas no primeiro ano ap\u00f3s o FEP se LAIs s\u00e3o iniciadas \u00e9 650% menor do que a taxa de reca\u00eddas em pacientes recebendo AP oral (8). Eu pessoalmente tive pacientes que n\u00e3o reca\u00edram por 5 anos cont\u00ednuos ap\u00f3s troc\u00e1-los por AP injet\u00e1vel. Prevenir reca\u00eddas \u00e9 vital porque pesquisas recentes demonstram que a incapacidade realmente come\u00e7a ap\u00f3s o <u>segundo<\/u>, n\u00e3o o primeiro epis\u00f3dio de psicose (9). Assim, prevenir o segundo epis\u00f3dio \u00e9 a chave para a remiss\u00e3o e recupera\u00e7\u00e3o da esquizofrenia. Assim, a deteriora\u00e7\u00e3o e o curso descendente da esquizofrenia podem ser evitados na maioria dos pacientes pelo uso de LAI AP logo ap\u00f3s a primeira hospitaliza\u00e7\u00e3o por esquizofrenia (10).<\/p>\n<p>Existem outras vantagens importantes no uso de formula\u00e7\u00f5es de LAI de segunda gera\u00e7\u00e3o. 24 estudos publicados relatam que s\u00e3o <u>neuroprotetor<\/u> (isto \u00e9, ajudam a preservar a integridade do tecido cerebral) (11). Al\u00e9m disso, um estudo de acompanhamento de 7 anos na Su\u00e9cia relatou que um antipsic\u00f3tico LAI de segunda gera\u00e7\u00e3o foi associado ao <u>menor taxa de mortalidade<\/u> de todas as causas (12). Isso \u00e9 muito importante, dada a alta mortalidade prematura na esquizofrenia.<\/p>\n<p>In summary, until a cure for schizophrenia is discovered, the best way to give patients a chance to return to their baseline and avoid the tragic, life-altering consequences, is to use second-generation LAIs immediately after discharge from the first hospitalization. Yet, inexplicably, this is rarely done, and 99% of clinicians in the country prescribe pills and do not use LAI APs for several years until patients have already relapsed several times.\u00a0 By that time, the patients have already lost substantial amounts of brain tissue and have become disabled and criminalized and incarcerated.\u00a0 Imagine how much different the landscape of schizophrenia would be if clinicians prevented any further episode of psychosis after the first one.\u00a0 Many young people with a diagnosis of schizophrenia may be able to return to their baseline, further their education, get a job, get married, raise a family and exercise their constitutional right to pursue happiness (13).<\/p>\n<p>Henrique A Nasrallah,<\/p>\n<p>Diretor cient\u00edfico<\/p>\n<p><strong><u>Refer\u00eancias:<\/u><\/strong><\/p>\n<ol>\n<li>Valligan DI et al: <u>Os pacientes preferem a ades\u00e3o<\/u> 11:449-468, 2018<\/li>\n<li>Nasrallah HA: <u>Atual Psiquiatria<\/u> 16:4-7, 2017<\/li>\n<li>Subotnik KL et al: <u>Am J Psiquiatria<\/u> 168:286-292, 2011<\/li>\n<li>Cahn Wet al: <u>Arquiger Psiquiatria<\/u> 59:1002-1010, 2002<\/li>\n<li>Kohler-Torsberg O et al: <u>Fronteiras da Psiquiatria<\/u> 11:1-3, 2020<\/li>\n<li>Nasrallah HA: <u>Atual Psiquiatria<\/u> 20:9-12, 2021<\/li>\n<li>Zaheer J et al: <u>Pesquisa sobre esquizofrenia<\/u> 222:282-38, 2020<\/li>\n<li>Subotnik KL et al: <u>Psiquiatria JAMA<\/u> 72:822-829, 2015<\/li>\n<li>Taipale H et al: <u>Lancet Psiquiatria<\/u> 9:271-279, 2022<\/li>\n<li>Nasrallah HA: <u>Atual Psiquiatria<\/u> 21:6-9, 2022<\/li>\n<li>Chen AT et al: <u>Pesquisa sobre esquizofrenia<\/u> 208:1-7, 2019<\/li>\n<li>Taipale H et al: <u>Pesquisa sobre esquizofrenia<\/u> 197:274-280, 2018<\/li>\n<li>Nasrallah HA e outros: <u>Atual Psiquiatria<\/u> 20:14-16, 202<\/li>\n<\/ol>\n<\/div><\/div><\/div><\/div><\/div><div class=\"fusion-fullwidth fullwidth-box fusion-builder-row-2 fusion-flex-container hundred-percent-fullwidth non-hundred-percent-height-scrolling\" style=\"--awb-border-radius-top-left:0px;--awb-border-radius-top-right:0px;--awb-border-radius-bottom-right:0px;--awb-border-radius-bottom-left:0px;--awb-padding-top:0px;--awb-padding-right:0px;--awb-padding-bottom:0px;--awb-padding-left:0px;--awb-margin-top:0px;--awb-margin-bottom:0px;--awb-background-color:#015da7;--awb-flex-wrap:wrap;\" ><div class=\"fusion-builder-row fusion-row fusion-flex-align-items-flex-start fusion-flex-content-wrap\" style=\"width:104% !important;max-width:104% !important;margin-left: calc(-4% \/ 2 );margin-right: calc(-4% \/ 2 );\"><\/div><\/div>\n<\/p>","protected":false},"excerpt":{"rendered":"","protected":false},"author":3,"featured_media":0,"parent":0,"menu_order":0,"comment_status":"closed","ping_status":"closed","template":"100-width.php","meta":{"_acf_changed":false,"footnotes":""},"class_list":["post-4763","page","type-page","status-publish","hentry"],"acf":[],"yoast_head":"<!-- This site is optimized with the Yoast SEO plugin v27.4 - https:\/\/yoast.com\/product\/yoast-seo-wordpress\/ -->\n<title>The 7 Catastrophic Consequences of Psychotic Recurrences - CURESZ Foundation<\/title>\n<meta name=\"robots\" content=\"index, follow, max-snippet:-1, max-image-preview:large, max-video-preview:-1\" \/>\n<link rel=\"canonical\" href=\"https:\/\/curesz.org\/pt_pt\/the-7-catastrophic-consequences-of-psychotic-recurrences\/\" \/>\n<meta property=\"og:locale\" content=\"pt_PT\" \/>\n<meta property=\"og:type\" content=\"article\" \/>\n<meta property=\"og:title\" content=\"The 7 Catastrophic Consequences of Psychotic Recurrences - CURESZ Foundation\" \/>\n<meta property=\"og:url\" content=\"https:\/\/curesz.org\/pt_pt\/the-7-catastrophic-consequences-of-psychotic-recurrences\/\" \/>\n<meta property=\"og:site_name\" content=\"CURESZ Foundation\" \/>\n<meta property=\"article:publisher\" content=\"https:\/\/www.facebook.com\/Cureszorg\/\" \/>\n<meta property=\"article:modified_time\" content=\"2023-11-15T20:02:32+00:00\" \/>\n<meta name=\"twitter:card\" content=\"summary_large_image\" \/>\n<meta name=\"twitter:site\" content=\"@cureszorg\" \/>\n<meta name=\"twitter:label1\" content=\"Tempo estimado de leitura\" \/>\n\t<meta name=\"twitter:data1\" content=\"7 minutos\" \/>\n<script type=\"application\/ld+json\" class=\"yoast-schema-graph\">{\"@context\":\"https:\\\/\\\/schema.org\",\"@graph\":[{\"@type\":\"WebPage\",\"@id\":\"https:\\\/\\\/curesz.org\\\/the-7-catastrophic-consequences-of-psychotic-recurrences\\\/\",\"url\":\"https:\\\/\\\/curesz.org\\\/the-7-catastrophic-consequences-of-psychotic-recurrences\\\/\",\"name\":\"The 7 Catastrophic Consequences of Psychotic Recurrences - CURESZ Foundation\",\"isPartOf\":{\"@id\":\"https:\\\/\\\/curesz.org\\\/#website\"},\"datePublished\":\"2022-12-26T15:30:41+00:00\",\"dateModified\":\"2023-11-15T20:02:32+00:00\",\"breadcrumb\":{\"@id\":\"https:\\\/\\\/curesz.org\\\/the-7-catastrophic-consequences-of-psychotic-recurrences\\\/#breadcrumb\"},\"inLanguage\":\"pt-PT\",\"potentialAction\":[{\"@type\":\"ReadAction\",\"target\":[\"https:\\\/\\\/curesz.org\\\/the-7-catastrophic-consequences-of-psychotic-recurrences\\\/\"]}]},{\"@type\":\"BreadcrumbList\",\"@id\":\"https:\\\/\\\/curesz.org\\\/the-7-catastrophic-consequences-of-psychotic-recurrences\\\/#breadcrumb\",\"itemListElement\":[{\"@type\":\"ListItem\",\"position\":1,\"name\":\"Home\",\"item\":\"https:\\\/\\\/curesz.org\\\/\"},{\"@type\":\"ListItem\",\"position\":2,\"name\":\"The 7 Catastrophic Consequences of Psychotic Recurrences\"}]},{\"@type\":\"WebSite\",\"@id\":\"https:\\\/\\\/curesz.org\\\/#website\",\"url\":\"https:\\\/\\\/curesz.org\\\/\",\"name\":\"CURESZ Foundation\",\"description\":\"The CURESZ Foundation provides educational updates to patients, families, healthcare professionals and the general public about schizophrenia.\",\"publisher\":{\"@id\":\"https:\\\/\\\/curesz.org\\\/#organization\"},\"potentialAction\":[{\"@type\":\"SearchAction\",\"target\":{\"@type\":\"EntryPoint\",\"urlTemplate\":\"https:\\\/\\\/curesz.org\\\/?s={search_term_string}\"},\"query-input\":{\"@type\":\"PropertyValueSpecification\",\"valueRequired\":true,\"valueName\":\"search_term_string\"}}],\"inLanguage\":\"pt-PT\"},{\"@type\":\"Organization\",\"@id\":\"https:\\\/\\\/curesz.org\\\/#organization\",\"name\":\"Curesz Foundation\",\"url\":\"https:\\\/\\\/curesz.org\\\/\",\"logo\":{\"@type\":\"ImageObject\",\"inLanguage\":\"pt-PT\",\"@id\":\"https:\\\/\\\/curesz.org\\\/#\\\/schema\\\/logo\\\/image\\\/\",\"url\":\"https:\\\/\\\/curesz.org\\\/wp-content\\\/uploads\\\/2020\\\/02\\\/cropped-Logo-with-Foundation-Custom.png\",\"contentUrl\":\"https:\\\/\\\/curesz.org\\\/wp-content\\\/uploads\\\/2020\\\/02\\\/cropped-Logo-with-Foundation-Custom.png\",\"width\":200,\"height\":133,\"caption\":\"Curesz Foundation\"},\"image\":{\"@id\":\"https:\\\/\\\/curesz.org\\\/#\\\/schema\\\/logo\\\/image\\\/\"},\"sameAs\":[\"https:\\\/\\\/www.facebook.com\\\/Cureszorg\\\/\",\"https:\\\/\\\/x.com\\\/cureszorg\",\"https:\\\/\\\/www.instagram.com\\\/cureszfoundation\\\/\",\"https:\\\/\\\/www.youtube.com\\\/channel\\\/UCT3uVzTt8jiJ2qdhuosHPvg\"]}]}<\/script>\n<!-- \/ Yoast SEO plugin. -->","yoast_head_json":{"title":"The 7 Catastrophic Consequences of Psychotic Recurrences - CURESZ Foundation","robots":{"index":"index","follow":"follow","max-snippet":"max-snippet:-1","max-image-preview":"max-image-preview:large","max-video-preview":"max-video-preview:-1"},"canonical":"https:\/\/curesz.org\/pt_pt\/the-7-catastrophic-consequences-of-psychotic-recurrences\/","og_locale":"pt_PT","og_type":"article","og_title":"The 7 Catastrophic Consequences of Psychotic Recurrences - CURESZ Foundation","og_url":"https:\/\/curesz.org\/pt_pt\/the-7-catastrophic-consequences-of-psychotic-recurrences\/","og_site_name":"CURESZ Foundation","article_publisher":"https:\/\/www.facebook.com\/Cureszorg\/","article_modified_time":"2023-11-15T20:02:32+00:00","twitter_card":"summary_large_image","twitter_site":"@cureszorg","twitter_misc":{"Tempo estimado de leitura":"7 minutos"},"schema":{"@context":"https:\/\/schema.org","@graph":[{"@type":"WebPage","@id":"https:\/\/curesz.org\/the-7-catastrophic-consequences-of-psychotic-recurrences\/","url":"https:\/\/curesz.org\/the-7-catastrophic-consequences-of-psychotic-recurrences\/","name":"The 7 Catastrophic Consequences of Psychotic Recurrences - CURESZ Foundation","isPartOf":{"@id":"https:\/\/curesz.org\/#website"},"datePublished":"2022-12-26T15:30:41+00:00","dateModified":"2023-11-15T20:02:32+00:00","breadcrumb":{"@id":"https:\/\/curesz.org\/the-7-catastrophic-consequences-of-psychotic-recurrences\/#breadcrumb"},"inLanguage":"pt-PT","potentialAction":[{"@type":"ReadAction","target":["https:\/\/curesz.org\/the-7-catastrophic-consequences-of-psychotic-recurrences\/"]}]},{"@type":"BreadcrumbList","@id":"https:\/\/curesz.org\/the-7-catastrophic-consequences-of-psychotic-recurrences\/#breadcrumb","itemListElement":[{"@type":"ListItem","position":1,"name":"Home","item":"https:\/\/curesz.org\/"},{"@type":"ListItem","position":2,"name":"The 7 Catastrophic Consequences of Psychotic Recurrences"}]},{"@type":"WebSite","@id":"https:\/\/curesz.org\/#website","url":"https:\/\/curesz.org\/","name":"Funda\u00e7\u00e3o CURESZ","description":"A Funda\u00e7\u00e3o CURESZ fornece atualiza\u00e7\u00f5es educacionais para pacientes, familiares, profissionais de sa\u00fade e p\u00fablico em geral sobre esquizofrenia.","publisher":{"@id":"https:\/\/curesz.org\/#organization"},"potentialAction":[{"@type":"SearchAction","target":{"@type":"EntryPoint","urlTemplate":"https:\/\/curesz.org\/?s={search_term_string}"},"query-input":{"@type":"PropertyValueSpecification","valueRequired":true,"valueName":"search_term_string"}}],"inLanguage":"pt-PT"},{"@type":"Organization","@id":"https:\/\/curesz.org\/#organization","name":"Curesz Foundation","url":"https:\/\/curesz.org\/","logo":{"@type":"ImageObject","inLanguage":"pt-PT","@id":"https:\/\/curesz.org\/#\/schema\/logo\/image\/","url":"https:\/\/curesz.org\/wp-content\/uploads\/2020\/02\/cropped-Logo-with-Foundation-Custom.png","contentUrl":"https:\/\/curesz.org\/wp-content\/uploads\/2020\/02\/cropped-Logo-with-Foundation-Custom.png","width":200,"height":133,"caption":"Curesz Foundation"},"image":{"@id":"https:\/\/curesz.org\/#\/schema\/logo\/image\/"},"sameAs":["https:\/\/www.facebook.com\/Cureszorg\/","https:\/\/x.com\/cureszorg","https:\/\/www.instagram.com\/cureszfoundation\/","https:\/\/www.youtube.com\/channel\/UCT3uVzTt8jiJ2qdhuosHPvg"]}]}},"_links":{"self":[{"href":"https:\/\/curesz.org\/pt_pt\/wp-json\/wp\/v2\/pages\/4763","targetHints":{"allow":["GET"]}}],"collection":[{"href":"https:\/\/curesz.org\/pt_pt\/wp-json\/wp\/v2\/pages"}],"about":[{"href":"https:\/\/curesz.org\/pt_pt\/wp-json\/wp\/v2\/types\/page"}],"author":[{"embeddable":true,"href":"https:\/\/curesz.org\/pt_pt\/wp-json\/wp\/v2\/users\/3"}],"replies":[{"embeddable":true,"href":"https:\/\/curesz.org\/pt_pt\/wp-json\/wp\/v2\/comments?post=4763"}],"version-history":[{"count":6,"href":"https:\/\/curesz.org\/pt_pt\/wp-json\/wp\/v2\/pages\/4763\/revisions"}],"predecessor-version":[{"id":5483,"href":"https:\/\/curesz.org\/pt_pt\/wp-json\/wp\/v2\/pages\/4763\/revisions\/5483"}],"wp:attachment":[{"href":"https:\/\/curesz.org\/pt_pt\/wp-json\/wp\/v2\/media?parent=4763"}],"curies":[{"name":"wp","href":"https:\/\/api.w.org\/{rel}","templated":true}]}}