{"id":4769,"date":"2022-12-26T15:42:09","date_gmt":"2022-12-26T15:42:09","guid":{"rendered":"https:\/\/curesz.org\/?page_id=4769"},"modified":"2024-01-08T11:12:46","modified_gmt":"2024-01-08T16:12:46","slug":"rheas-story","status":"publish","type":"page","link":"https:\/\/curesz.org\/pt_pt\/rheas-story\/","title":{"rendered":"a hist\u00f3ria de reia"},"content":{"rendered":"<p><div class=\"fusion-fullwidth fullwidth-box fusion-builder-row-1 fusion-flex-container nonhundred-percent-fullwidth non-hundred-percent-height-scrolling\" style=\"--awb-border-radius-top-left:0px;--awb-border-radius-top-right:0px;--awb-border-radius-bottom-right:0px;--awb-border-radius-bottom-left:0px;--awb-flex-wrap:wrap;\" ><div class=\"fusion-builder-row fusion-row fusion-flex-align-items-flex-start fusion-flex-content-wrap\" style=\"max-width:1352px;margin-left: calc(-4% \/ 2 );margin-right: calc(-4% \/ 2 );\"><div class=\"fusion-layout-column fusion_builder_column fusion-builder-column-0 fusion_builder_column_1_4 1_4 fusion-flex-column\" style=\"--awb-bg-size:cover;--awb-width-large:25%;--awb-margin-top-large:0px;--awb-spacing-right-large:7.68%;--awb-margin-bottom-large:20px;--awb-spacing-left-large:7.68%;--awb-width-medium:100%;--awb-spacing-right-medium:1.92%;--awb-spacing-left-medium:1.92%;--awb-width-small:100%;--awb-spacing-right-small:1.92%;--awb-spacing-left-small:1.92%;\"><div class=\"fusion-column-wrapper fusion-column-has-shadow fusion-flex-justify-content-flex-start fusion-content-layout-column\"><div class=\"fusion-image-element\" style=\"--awb-caption-title-font-family:var(--h2_typography-font-family);--awb-caption-title-font-weight:var(--h2_typography-font-weight);--awb-caption-title-font-style:var(--h2_typography-font-style);--awb-caption-title-size:var(--h2_typography-font-size);--awb-caption-title-transform:var(--h2_typography-text-transform);--awb-caption-title-line-height:var(--h2_typography-line-height);--awb-caption-title-letter-spacing:var(--h2_typography-letter-spacing);\"><span class=\"fusion-imageframe imageframe-none imageframe-1 hover-type-none\"><img decoding=\"async\" width=\"1086\" height=\"1086\" title=\"Rhea La Fleur\" src=\"https:\/\/curesz.org\/wp-content\/uploads\/2022\/12\/Rhea-LaFleur.png\" data-orig-src=\"https:\/\/curesz.org\/wp-content\/uploads\/2022\/12\/Rhea-LaFleur.png\" alt class=\"lazyload img-responsive wp-image-4770\" srcset=\"data:image\/svg+xml,%3Csvg%20xmlns%3D%27http%3A%2F%2Fwww.w3.org%2F2000%2Fsvg%27%20width%3D%271086%27%20height%3D%271086%27%20viewBox%3D%270%200%201086%201086%27%3E%3Crect%20width%3D%271086%27%20height%3D%271086%27%20fill-opacity%3D%220%22%2F%3E%3C%2Fsvg%3E\" data-srcset=\"https:\/\/curesz.org\/wp-content\/uploads\/2022\/12\/Rhea-LaFleur-200x200.png 200w, https:\/\/curesz.org\/wp-content\/uploads\/2022\/12\/Rhea-LaFleur-400x400.png 400w, https:\/\/curesz.org\/wp-content\/uploads\/2022\/12\/Rhea-LaFleur-600x600.png 600w, https:\/\/curesz.org\/wp-content\/uploads\/2022\/12\/Rhea-LaFleur-800x800.png 800w, https:\/\/curesz.org\/wp-content\/uploads\/2022\/12\/Rhea-LaFleur.png 1086w\" data-sizes=\"auto\" data-orig-sizes=\"(max-width: 1024px) 100vw, (max-width: 640px) 100vw, 400px\" \/><\/span><\/div><div class=\"fusion-text fusion-text-1\"><p><strong>Reia<\/strong><\/p>\n<\/div><\/div><\/div><div class=\"fusion-layout-column fusion_builder_column fusion-builder-column-1 fusion_builder_column_3_4 3_4 fusion-flex-column\" style=\"--awb-bg-size:cover;--awb-width-large:75%;--awb-margin-top-large:0px;--awb-spacing-right-large:2.56%;--awb-margin-bottom-large:20px;--awb-spacing-left-large:2.56%;--awb-width-medium:100%;--awb-spacing-right-medium:1.92%;--awb-spacing-left-medium:1.92%;--awb-width-small:100%;--awb-spacing-right-small:1.92%;--awb-spacing-left-small:1.92%;\"><div class=\"fusion-column-wrapper fusion-column-has-shadow fusion-flex-justify-content-flex-start fusion-content-layout-column\"><div class=\"fusion-text fusion-text-2\"><p><strong>Researcher on OCD and Early Psychosis: Rhea<\/strong><\/p>\n<p>See the condensed version in <a href=\"https:\/\/curesz.org\/wp-content\/uploads\/2023\/01\/CureSZ-Newsletter-21-eMail.pdf\">Newsletter Issue 21.<\/a><\/p>\n<p>I was born in Potsdam, New York. When I was growing up, I showed warning signs of my illness, but they were dismissed as \u201cspunk\u201d or an overactive imagination. I graduated from high school early because I was academically advanced and I felt out of place in the rural, conservative town. I needed a change and chose to attend the University of Southern California (USC), where I received a full-tuition scholarship, and where I could pursue both my mathematical and musical interests.<\/p>\n<p>My first semester was wonderful, and I made friends quickly, but I was soon diagnosed with mononucleosis and had to withdraw. During my second semester, my \u201cspunk\u201d and active imagination evolved into a full-blown psychotic disorder. By the time I returned home for the summer, I was convinced I was a computer and that the rest of the world was possessed by aliens trying to eliminate me.<\/p>\n<p>I began to have the dual and seemingly contradictory symptoms of extreme suicidality and fear of getting killed. I would spend all day in a chair, trying not to kill myself, but when I was spoken to, all I wanted to do was to run away. Paranoia was all too present, with my beliefs that everyone was talking about me and conspiring against me. I frequently heard disparaging whispers and had visual hallucinations of a man threatening me. I often \u201cswitched dimensions\u201d and had experiences in other worlds that existed only to me. I remembered different things than what the people around me recalled, or I failed to remember many events. I wasn\u2019t safe in the world, and I wasn\u2019t safe in my mind.<\/p>\n<p>The psychiatric care in Potsdam was inadequate, and my doctor, one of the few if not the only outpatient doctor in the county, informed me that her next available appointment was in three months, despite the severity of my suicidality. The psychiatrist told my parents that I would need a friend for the long road ahead and recommended a dog. I named the dog Kiwi. He would become the center of my life, as well as a major support for my mother when she would later be alone in Los Angeles caring for me.<\/p>\n<p>It didn\u2019t take long for me to wind up in the processing room for the closest psychiatric hospital, which was 40 minutes away. I contracted for safety (signed a document where I said I would not kill or harm myself) and was allowed to go home. But, soon after that, I found myself at risk for suicide. I told my parents and was brought to the second-closest psychiatric hospital, two hours away, because my parents were unhappy with the kind of care I had received at the other hospital.<\/p>\n<p>During the first activity of the first day of my stay, I was told: \u201cWe see kids like you all the time. You will be in here three days and won\u2019t ever have to worry about it again.\u201d If only! It was years before that lack of worry was within reach.<\/p>\n<p>I was insistent on returning to USC as if nothing had happened. My mother came to Los Angeles with me, supposedly just to get me settled in. She never left, afraid for my safety. I went to an intensive outpatient program every day, had an active extracurricular schedule, and took 18 units of classwork at USC. I have often looked back at that semester and wondered how I managed to juggle all that, but I think I had to. I had to stay as busy as possible or I would be alone with my thoughts, and my thoughts were scary.<\/p>\n<p>One night, when I was at my mother\u2019s apartment, I began to get angry. Then, according to my mother, I stopped making sense. Random words were coming out of my mouth, and the fact that she couldn\u2019t understand them was making me more agitated. I began to cry. My mother took me to the hospital, where I was held involuntarily, given the prognosis of \u201cgrave,\u201d and diagnosed with bipolar-type schizoaffective disorder.<\/p>\n<p>I would stay there for a month, on a one-to-one for much of that time (I had a nurse watching me 24\/7, even when I showered, used the bathroom, and slept) because I tried to hurt myself in the hospital. I took my final USC examinations in the hospital, receiving 4 A\u2019s and a B+. I was in the hospital for Thanksgiving but out before Christmas. I briefly stayed in a residential program afterward but found it unhelpful.<\/p>\n<p>I took the next semester off, relocating to Boston for programs at McLean. Doctors recommended electroconvulsive therapy (ECT), but the anesthesiologist would not sedate me due to my gastroesophageal reflux disease (GERD) and his fear that McLean, as a psychiatric hospital only, would not be able to help me if I were to be sick during the procedure. I was admitted and stayed inpatient at McLean for a bit, until they found a bed at Newton-Wellesley Hospital. I received 20 treatments of ECT, working with an anesthesiologist over a two-month period. I consider this to be one of the big mistakes of my treatment journey because my brain felt \u201cdifferent\u201d afterward and I was still suicidal. I also gained 50 pounds during this hospitalization because I was bored and spent my days snacking in the pantry.<\/p>\n<p>Post-discharge, I began a program at Boston University\u2019s Center for Psychiatric Rehabilitation called NITEO. The program aims to aid college students on leave due to mental illness. I went back to USC for an unremarkable semester but returned to Boston afterward for transcranial magnetic stimulation at McLean. I received this treatment outpatient, so I was able to intern at NITEO, serving as a mentor and confidante for other students and teaching the music and Photovoice classes. I found that even though I wasn\u2019t better, I was a master of compartmentalization. I was able to talk to the students and keep the attention off me. It was also very helpful that I knew all the adults there and they were very understanding if I simply couldn\u2019t be present for a day.<\/p>\n<p>I realized USC was just not going to work, as much as I wanted it to. I transferred to Columbia University and began ketamine infusions. Initially, they were remarkable. Suddenly, I did not want to hurt myself anymore. And while my depression was not gone, I stopped feeling like life was pointless. The psychosis remained unchanged, but life was much easier without the constant suicidality. The effects started to wane after a bit, and ketamine lozenges were added to supplement the infusions. After one terrible treatment that left my brain feeling \u201cbroken\u201d for a short amount of time afterward, I decided not to continue with the infusions since they were no longer efficacious, and I feared their effects.<\/p>\n<p>I got by for a bit, not thriving in school and needing constant care from my parents, but managing to stay out of the hospital.<\/p>\n<p>Then I began clozapine and everything changed. It took a while to get me stabilized on the dosing, but after a few months life got easier for me. I could suddenly manage my schoolwork, my hallucinations decreased, and most notably, my previously persistent paranoia waned significantly. No longer was I afraid to go to class, thinking my classmates were poisoning me or that strangers on the street were plotting to eliminate me. My suicidality also decreased even more. I began to get A\u2019s, which I hadn\u2019t managed to do previously at Columbia. There were downsides: side effects like excess saliva production and extreme fatigue, which required more meds to control. I still had significant depression, which I managed by staying busy, trying to stay out of the apartment, and spending more time with Kiwi. I eventually graduated in May 2020 with a BA in sociology.<\/p>\n<p>I had planned on going to vet school, but after volunteering at a clinic, I found I got too attached to the animals. I began a master\u2019s in disability studies at the City University of New York, graduating with a 4.0 in May 2022.<\/p>\n<p>I now live alone with Kiwi, do research on OCD and early psychosis at the New York State Psychiatric Institute and look forward to applying to PhD programs. I try to take Kiwi to the dog park at least twice a day so he and I can both socialize. I don\u2019t have a perfect life, but there are moments when I look around and am so glad that I am alive.<\/p>\n<h2><\/h2>\n<\/div><\/div><\/div><\/div><\/div><div class=\"fusion-fullwidth fullwidth-box fusion-builder-row-2 fusion-flex-container hundred-percent-fullwidth non-hundred-percent-height-scrolling\" style=\"--awb-border-radius-top-left:0px;--awb-border-radius-top-right:0px;--awb-border-radius-bottom-right:0px;--awb-border-radius-bottom-left:0px;--awb-padding-top:0px;--awb-padding-right:0px;--awb-padding-bottom:0px;--awb-padding-left:0px;--awb-margin-top:0px;--awb-margin-bottom:0px;--awb-background-color:#015da7;--awb-flex-wrap:wrap;\" ><div class=\"fusion-builder-row fusion-row fusion-flex-align-items-flex-start fusion-flex-content-wrap\" style=\"width:104% !important;max-width:104% !important;margin-left: calc(-4% \/ 2 );margin-right: calc(-4% \/ 2 );\"><\/div><\/div>\n<\/p>","protected":false},"excerpt":{"rendered":"","protected":false},"author":3,"featured_media":0,"parent":0,"menu_order":0,"comment_status":"closed","ping_status":"closed","template":"100-width.php","meta":{"_acf_changed":false,"footnotes":""},"class_list":["post-4769","page","type-page","status-publish","hentry"],"acf":[],"yoast_head":"<!-- This site is optimized with the Yoast SEO plugin v27.3 - https:\/\/yoast.com\/product\/yoast-seo-wordpress\/ -->\n<title>Rhea&#039;s Story - CURESZ Foundation<\/title>\n<meta name=\"robots\" content=\"index, follow, max-snippet:-1, max-image-preview:large, max-video-preview:-1\" \/>\n<link rel=\"canonical\" href=\"https:\/\/curesz.org\/pt_pt\/rheas-story\/\" \/>\n<meta property=\"og:locale\" content=\"pt_PT\" \/>\n<meta property=\"og:type\" content=\"article\" \/>\n<meta property=\"og:title\" content=\"Rhea&#039;s Story - CURESZ Foundation\" \/>\n<meta property=\"og:url\" content=\"https:\/\/curesz.org\/pt_pt\/rheas-story\/\" \/>\n<meta property=\"og:site_name\" content=\"CURESZ Foundation\" \/>\n<meta property=\"article:publisher\" content=\"https:\/\/www.facebook.com\/Cureszorg\/\" \/>\n<meta property=\"article:modified_time\" content=\"2024-01-08T16:12:46+00:00\" \/>\n<meta name=\"twitter:card\" content=\"summary_large_image\" \/>\n<meta name=\"twitter:site\" content=\"@cureszorg\" \/>\n<meta name=\"twitter:label1\" content=\"Tempo estimado de leitura\" \/>\n\t<meta name=\"twitter:data1\" content=\"8 minutos\" \/>\n<script type=\"application\/ld+json\" class=\"yoast-schema-graph\">{\"@context\":\"https:\\\/\\\/schema.org\",\"@graph\":[{\"@type\":\"WebPage\",\"@id\":\"https:\\\/\\\/curesz.org\\\/rheas-story\\\/\",\"url\":\"https:\\\/\\\/curesz.org\\\/rheas-story\\\/\",\"name\":\"Rhea's Story - CURESZ Foundation\",\"isPartOf\":{\"@id\":\"https:\\\/\\\/curesz.org\\\/#website\"},\"datePublished\":\"2022-12-26T15:42:09+00:00\",\"dateModified\":\"2024-01-08T16:12:46+00:00\",\"breadcrumb\":{\"@id\":\"https:\\\/\\\/curesz.org\\\/rheas-story\\\/#breadcrumb\"},\"inLanguage\":\"pt-PT\",\"potentialAction\":[{\"@type\":\"ReadAction\",\"target\":[\"https:\\\/\\\/curesz.org\\\/rheas-story\\\/\"]}]},{\"@type\":\"BreadcrumbList\",\"@id\":\"https:\\\/\\\/curesz.org\\\/rheas-story\\\/#breadcrumb\",\"itemListElement\":[{\"@type\":\"ListItem\",\"position\":1,\"name\":\"Home\",\"item\":\"https:\\\/\\\/curesz.org\\\/\"},{\"@type\":\"ListItem\",\"position\":2,\"name\":\"Rhea&#8217;s Story\"}]},{\"@type\":\"WebSite\",\"@id\":\"https:\\\/\\\/curesz.org\\\/#website\",\"url\":\"https:\\\/\\\/curesz.org\\\/\",\"name\":\"CURESZ Foundation\",\"description\":\"The CURESZ Foundation provides educational updates to patients, families, healthcare professionals and the general public about schizophrenia.\",\"publisher\":{\"@id\":\"https:\\\/\\\/curesz.org\\\/#organization\"},\"potentialAction\":[{\"@type\":\"SearchAction\",\"target\":{\"@type\":\"EntryPoint\",\"urlTemplate\":\"https:\\\/\\\/curesz.org\\\/?s={search_term_string}\"},\"query-input\":{\"@type\":\"PropertyValueSpecification\",\"valueRequired\":true,\"valueName\":\"search_term_string\"}}],\"inLanguage\":\"pt-PT\"},{\"@type\":\"Organization\",\"@id\":\"https:\\\/\\\/curesz.org\\\/#organization\",\"name\":\"Curesz Foundation\",\"url\":\"https:\\\/\\\/curesz.org\\\/\",\"logo\":{\"@type\":\"ImageObject\",\"inLanguage\":\"pt-PT\",\"@id\":\"https:\\\/\\\/curesz.org\\\/#\\\/schema\\\/logo\\\/image\\\/\",\"url\":\"https:\\\/\\\/curesz.org\\\/wp-content\\\/uploads\\\/2020\\\/02\\\/cropped-Logo-with-Foundation-Custom.png\",\"contentUrl\":\"https:\\\/\\\/curesz.org\\\/wp-content\\\/uploads\\\/2020\\\/02\\\/cropped-Logo-with-Foundation-Custom.png\",\"width\":200,\"height\":133,\"caption\":\"Curesz Foundation\"},\"image\":{\"@id\":\"https:\\\/\\\/curesz.org\\\/#\\\/schema\\\/logo\\\/image\\\/\"},\"sameAs\":[\"https:\\\/\\\/www.facebook.com\\\/Cureszorg\\\/\",\"https:\\\/\\\/x.com\\\/cureszorg\",\"https:\\\/\\\/www.instagram.com\\\/cureszfoundation\\\/\",\"https:\\\/\\\/www.youtube.com\\\/channel\\\/UCT3uVzTt8jiJ2qdhuosHPvg\"]}]}<\/script>\n<!-- \/ Yoast SEO plugin. -->","yoast_head_json":{"title":"Rhea's Story - CURESZ Foundation","robots":{"index":"index","follow":"follow","max-snippet":"max-snippet:-1","max-image-preview":"max-image-preview:large","max-video-preview":"max-video-preview:-1"},"canonical":"https:\/\/curesz.org\/pt_pt\/rheas-story\/","og_locale":"pt_PT","og_type":"article","og_title":"Rhea's Story - CURESZ Foundation","og_url":"https:\/\/curesz.org\/pt_pt\/rheas-story\/","og_site_name":"CURESZ Foundation","article_publisher":"https:\/\/www.facebook.com\/Cureszorg\/","article_modified_time":"2024-01-08T16:12:46+00:00","twitter_card":"summary_large_image","twitter_site":"@cureszorg","twitter_misc":{"Tempo estimado de leitura":"8 minutos"},"schema":{"@context":"https:\/\/schema.org","@graph":[{"@type":"WebPage","@id":"https:\/\/curesz.org\/rheas-story\/","url":"https:\/\/curesz.org\/rheas-story\/","name":"Rhea's Story - CURESZ Foundation","isPartOf":{"@id":"https:\/\/curesz.org\/#website"},"datePublished":"2022-12-26T15:42:09+00:00","dateModified":"2024-01-08T16:12:46+00:00","breadcrumb":{"@id":"https:\/\/curesz.org\/rheas-story\/#breadcrumb"},"inLanguage":"pt-PT","potentialAction":[{"@type":"ReadAction","target":["https:\/\/curesz.org\/rheas-story\/"]}]},{"@type":"BreadcrumbList","@id":"https:\/\/curesz.org\/rheas-story\/#breadcrumb","itemListElement":[{"@type":"ListItem","position":1,"name":"Home","item":"https:\/\/curesz.org\/"},{"@type":"ListItem","position":2,"name":"Rhea&#8217;s Story"}]},{"@type":"WebSite","@id":"https:\/\/curesz.org\/#website","url":"https:\/\/curesz.org\/","name":"Funda\u00e7\u00e3o CURESZ","description":"A Funda\u00e7\u00e3o CURESZ fornece atualiza\u00e7\u00f5es educacionais para pacientes, familiares, profissionais de sa\u00fade e p\u00fablico em geral sobre esquizofrenia.","publisher":{"@id":"https:\/\/curesz.org\/#organization"},"potentialAction":[{"@type":"SearchAction","target":{"@type":"EntryPoint","urlTemplate":"https:\/\/curesz.org\/?s={search_term_string}"},"query-input":{"@type":"PropertyValueSpecification","valueRequired":true,"valueName":"search_term_string"}}],"inLanguage":"pt-PT"},{"@type":"Organization","@id":"https:\/\/curesz.org\/#organization","name":"Curesz Foundation","url":"https:\/\/curesz.org\/","logo":{"@type":"ImageObject","inLanguage":"pt-PT","@id":"https:\/\/curesz.org\/#\/schema\/logo\/image\/","url":"https:\/\/curesz.org\/wp-content\/uploads\/2020\/02\/cropped-Logo-with-Foundation-Custom.png","contentUrl":"https:\/\/curesz.org\/wp-content\/uploads\/2020\/02\/cropped-Logo-with-Foundation-Custom.png","width":200,"height":133,"caption":"Curesz Foundation"},"image":{"@id":"https:\/\/curesz.org\/#\/schema\/logo\/image\/"},"sameAs":["https:\/\/www.facebook.com\/Cureszorg\/","https:\/\/x.com\/cureszorg","https:\/\/www.instagram.com\/cureszfoundation\/","https:\/\/www.youtube.com\/channel\/UCT3uVzTt8jiJ2qdhuosHPvg"]}]}},"_links":{"self":[{"href":"https:\/\/curesz.org\/pt_pt\/wp-json\/wp\/v2\/pages\/4769","targetHints":{"allow":["GET"]}}],"collection":[{"href":"https:\/\/curesz.org\/pt_pt\/wp-json\/wp\/v2\/pages"}],"about":[{"href":"https:\/\/curesz.org\/pt_pt\/wp-json\/wp\/v2\/types\/page"}],"author":[{"embeddable":true,"href":"https:\/\/curesz.org\/pt_pt\/wp-json\/wp\/v2\/users\/3"}],"replies":[{"embeddable":true,"href":"https:\/\/curesz.org\/pt_pt\/wp-json\/wp\/v2\/comments?post=4769"}],"version-history":[{"count":6,"href":"https:\/\/curesz.org\/pt_pt\/wp-json\/wp\/v2\/pages\/4769\/revisions"}],"predecessor-version":[{"id":5624,"href":"https:\/\/curesz.org\/pt_pt\/wp-json\/wp\/v2\/pages\/4769\/revisions\/5624"}],"wp:attachment":[{"href":"https:\/\/curesz.org\/pt_pt\/wp-json\/wp\/v2\/media?parent=4769"}],"curies":[{"name":"wp","href":"https:\/\/api.w.org\/{rel}","templated":true}]}}