{"id":5056,"date":"2023-03-08T18:19:02","date_gmt":"2023-03-08T18:19:02","guid":{"rendered":"https:\/\/curesz.org\/?page_id=5056"},"modified":"2024-01-16T11:12:58","modified_gmt":"2024-01-16T16:12:58","slug":"alexandra-johann","status":"publish","type":"page","link":"https:\/\/curesz.org\/pt_pt\/survivors\/alexandra-johann\/","title":{"rendered":"Alexandra Johann"},"content":{"rendered":"<p><div class=\"fusion-fullwidth fullwidth-box fusion-builder-row-1 fusion-flex-container nonhundred-percent-fullwidth non-hundred-percent-height-scrolling\" style=\"--awb-border-radius-top-left:0px;--awb-border-radius-top-right:0px;--awb-border-radius-bottom-right:0px;--awb-border-radius-bottom-left:0px;--awb-flex-wrap:wrap;\" ><div class=\"fusion-builder-row fusion-row fusion-flex-align-items-flex-start fusion-flex-content-wrap\" style=\"max-width:1352px;margin-left: calc(-4% \/ 2 );margin-right: calc(-4% \/ 2 );\"><div class=\"fusion-layout-column fusion_builder_column fusion-builder-column-0 fusion_builder_column_1_4 1_4 fusion-flex-column\" style=\"--awb-bg-size:cover;--awb-width-large:25%;--awb-margin-top-large:0px;--awb-spacing-right-large:7.68%;--awb-margin-bottom-large:20px;--awb-spacing-left-large:7.68%;--awb-width-medium:100%;--awb-spacing-right-medium:1.92%;--awb-spacing-left-medium:1.92%;--awb-width-small:100%;--awb-spacing-right-small:1.92%;--awb-spacing-left-small:1.92%;\"><div class=\"fusion-column-wrapper fusion-column-has-shadow fusion-flex-justify-content-flex-start fusion-content-layout-column\"><div class=\"fusion-image-element\" style=\"--awb-caption-title-font-family:var(--h2_typography-font-family);--awb-caption-title-font-weight:var(--h2_typography-font-weight);--awb-caption-title-font-style:var(--h2_typography-font-style);--awb-caption-title-size:var(--h2_typography-font-size);--awb-caption-title-transform:var(--h2_typography-text-transform);--awb-caption-title-line-height:var(--h2_typography-line-height);--awb-caption-title-letter-spacing:var(--h2_typography-letter-spacing);\"><span class=\"fusion-imageframe imageframe-none imageframe-1 hover-type-none\"><img decoding=\"async\" width=\"300\" height=\"300\" title=\"Alexandra Johann cropped\" src=\"https:\/\/curesz.org\/wp-content\/uploads\/2023\/03\/Alexandra-Johann-cropped.jpg\" data-orig-src=\"https:\/\/curesz.org\/wp-content\/uploads\/2023\/03\/Alexandra-Johann-cropped.jpg\" alt class=\"lazyload img-responsive wp-image-5057\" srcset=\"data:image\/svg+xml,%3Csvg%20xmlns%3D%27http%3A%2F%2Fwww.w3.org%2F2000%2Fsvg%27%20width%3D%27300%27%20height%3D%27300%27%20viewBox%3D%270%200%20300%20300%27%3E%3Crect%20width%3D%27300%27%20height%3D%27300%27%20fill-opacity%3D%220%22%2F%3E%3C%2Fsvg%3E\" data-srcset=\"https:\/\/curesz.org\/wp-content\/uploads\/2023\/03\/Alexandra-Johann-cropped-200x200.jpg 200w, https:\/\/curesz.org\/wp-content\/uploads\/2023\/03\/Alexandra-Johann-cropped.jpg 300w\" data-sizes=\"auto\" data-orig-sizes=\"(max-width: 1024px) 100vw, (max-width: 640px) 100vw, 300px\" \/><\/span><\/div><div class=\"fusion-text fusion-text-1\"><p><strong>Alexandra Johann<\/strong><\/p>\n<\/div><\/div><\/div><div class=\"fusion-layout-column fusion_builder_column fusion-builder-column-1 fusion_builder_column_3_4 3_4 fusion-flex-column\" style=\"--awb-bg-size:cover;--awb-width-large:75%;--awb-margin-top-large:0px;--awb-spacing-right-large:2.56%;--awb-margin-bottom-large:20px;--awb-spacing-left-large:2.56%;--awb-width-medium:100%;--awb-spacing-right-medium:1.92%;--awb-spacing-left-medium:1.92%;--awb-width-small:100%;--awb-spacing-right-small:1.92%;--awb-spacing-left-small:1.92%;\"><div class=\"fusion-column-wrapper fusion-column-has-shadow fusion-flex-justify-content-flex-start fusion-content-layout-column\"><div class=\"fusion-text fusion-text-2\"><p><strong>Peer Support Specialist, Career Coach and Volunteer: Alexandra Johann (pen name)<\/strong><\/p>\n<p>I never expected to develop schizophrenia. I also never expected that after receiving the diagnosis, I would be given so many opportunities to help others who have also been impacted by the illness.<\/p>\n<p>I had always been a happy kid, until about age 12. At 12, I actually wrote a will as I had become suicidal and told a friend of mine about the will. My older sister found the will and confronted me about it, but I dismissed it. My parents noticed I was becoming depressed, which runs in my mom\u2019s family, and arranged for me to see a school counselor. She said I was fine.<\/p>\n<p>In my second semester of my freshman year of high school, my family moved from Louisiana to a small city in Oklahoma. Following our move, I noticed I had become a negative and pessimistic person, but since I was not a danger to myself or others, I assumed nothing serious was wrong with me. The summer before my senior year in high school, I developed mono, and though my doctor noticed I was suffering from depression, I convinced my parents that everything was okay. I thought that my experience with depression was simply my lot in life.<\/p>\n<p>In college, I began antidepressant medications and was abusing substances, but I successfully graduated in 1997 with a BS in psychology from Louisiana State University.<\/p>\n<p>About the time I began graduate school in economics, my mom finally encouraged me to go to a therapist, where I disclosed that I was having mood swings and was diagnosed with bipolar disorder. I bounced around full-time and part-time work, and when I was unable to work full-time, I became homeless for a month, living in a homeless shelter in an inner city. I was content there, though it felt highly dangerous. About that time, I also became very paranoid that others would discover that I had been diagnosed with bipolar disorder and discontinued my medication. I would never finish my master\u2019s degree in economics.<\/p>\n<p>For several years, I worked part-time teaching at a school in Houston. In 2007, I finally agreed to resume medication and moved in with my parents again. Soon afterward, in 2008, my mom feared I would attempt suicide and believed I could not take care of myself. She found an attorney to help her obtain guardianship. One day, the police confronted me and confiscated my driver\u2019s license. I was also deprived of my right to vote. Because I was paranoid of police and sirens, being arrested was traumatic for me. I was also hearing voices at the time, which cautioned me to be on my guard around the police.<\/p>\n<p>The hospital I was taken to felt scary, as a fellow patient told me terrifying stories about electroconvulsive therapy (ECT). In hindsight, I am doubtful her description was accurate. I also did not know how long I would be there. Fortunately, the antipsychotic medication I was given began to work after a week. On medication, I became much less paranoid, but my doctor prescribed a very high dose of antipsychotic medication that was highly sedating for me and left me dysfunctional and disabled. I felt like my life was over. I expected I would always be on disability, and my perception of disability was that it was a road leading to nowhere.<\/p>\n<p>Six months after this hospitalization, I experienced command hallucinations telling me to kill myself by swallowing a bottle of Tylenol. I nearly succeeded, but my dad discovered me in time. Soon after, I signed a contract with a counselor agreeing never to harm myself again, and I stuck to it.<\/p>\n<p>For the next few years, I constantly felt disappointed with myself. I worked part-time as a GED teacher, for a nonprofit, and then a secretary. But I was unable to work full time and was living on Social Security disability income.<\/p>\n<p>My life drastically improved a couple of years later when I began clozapine. This antipsychotic medication eliminated the paranoia, voices, and suicidal ideation I continued to experience. I had not expected the clozapine to make a significant difference, but it did in a few weeks, just as my therapist, who also was a nurse practitioner, had expected. Of course, I had to get used to having my blood drawn weekly, and then only monthly. I also needed to sleep at least 10 hours each night. Unfortunately, for me, the dosage prescribed did not suppress my symptoms for a full 24-hour period. My psychiatrist provided an additional clozapine pill to take in the afternoon, which eliminated most of these symptoms. I have been recreating my life since then.<\/p>\n<p>Following my initiation on clozapine, I began looking for my niche as a professional. In 2013, I discovered SARDAA (Schizophrenia &amp; Related Disorders Alliance of America, which today is Schizophrenia and Psychosis Action Alliance) and its free support groups for people diagnosed with schizophrenia or related disorders. These groups are called SA or Schizophrenia Alliance: Psychosis Support and Acceptance. The Blue Book used in these support groups provided me with a new goal: \u201cPerhaps the most obvious sign of recovering is the reduction and control of symptoms to the point of permitting one to have the ability to find and keep steady and structured activity\u201d (the Blue Book, 2019 edition, page 24).<\/p>\n<p>In 2015, after volunteering as a grant writer for SARDAA, I was awarded the Volunteer of the Year honor. A couple of years later, I decided to face my fears of being \u201cfound out\u201d and went through certification as a peer support specialist, learning to tell my story to help others and aid them in finding resources. I was hired by SARDAA to coordinate the SA groups, and in July 2020, I was promoted to the director of community engagement. I am still in that position and have worked at SARDAA for over three years.<\/p>\n<p>In 2017, I became certified as a peer support specialist in the state of Louisiana and as a career coach by PARW\/CC, the Professional Association of Resume Writers and Career Coaches. I am currently working on my master\u2019s degree online in academic advising from Kansas State University.<\/p>\n<p>I was once told by a psychiatrist that I would never be able to work full-time again.\u00a0I took that comment as a challenge and began working more hours each couple of years. In December 2022, I earned my graduate certificate in academic advising from Kansas State University. I will continue working on my master&#8217;s degree in academic advising. I have worked at S&amp;PAA\u2014Schizophrenia &amp; Psychosis Action Alliance (formerly SARDAA) for over five years, coordinating free support groups, answering our helpline calls and emails, managing volunteers, and helping with advocacy projects. I still have my certification in Louisiana as a peer support specialist, and I continue to be a career coach through PARW\/CC.<\/p>\n<p>As of July 14, 2023, I no longer work handling outreach, answering helpline calls and emails, and managing support groups and volunteers. I have been hired full-time to help college students qualify for and maintain scholarships and grants at public universities in my state. I finally have met the goal I made in 2008 of going off disability.<\/p>\n<p>Estou confiante de que minha ampla experi\u00eancia como mentora de outras pessoas me ajudar\u00e1 a me destacar ao trabalhar com pessoas de diferentes origens.<\/p>\n<p>I am grateful for my own recovery every day and hope to see others rebuild their lives as I have. In the future, I plan to continue helping with the support groups and help people with schizophrenia or related disorders in their job searches and\/or schooling.<\/p>\n<div class=\"elementToProof\"><em><span class=\"ContentPasted0 elementToProof\">About the image:\u00a0<\/span><span class=\"ContentPasted0\">Alexandra notices that insects have survived much by adapting to their environment. She believes they are an example that humans should study, especially people with disabilities, as they strive to make the most out of their lives.\u00a0<\/span><\/em><\/div>\n<\/div><\/div><\/div><\/div><\/div><div class=\"fusion-fullwidth fullwidth-box fusion-builder-row-2 fusion-flex-container hundred-percent-fullwidth non-hundred-percent-height-scrolling\" style=\"--awb-border-radius-top-left:0px;--awb-border-radius-top-right:0px;--awb-border-radius-bottom-right:0px;--awb-border-radius-bottom-left:0px;--awb-padding-top:0px;--awb-padding-right:0px;--awb-padding-bottom:0px;--awb-padding-left:0px;--awb-margin-top:0px;--awb-margin-bottom:0px;--awb-background-color:#015da7;--awb-flex-wrap:wrap;\" ><div class=\"fusion-builder-row fusion-row fusion-flex-align-items-flex-start fusion-flex-content-wrap\" style=\"width:104% !important;max-width:104% !important;margin-left: calc(-4% \/ 2 );margin-right: calc(-4% \/ 2 );\"><\/div><\/div>\n<\/p>","protected":false},"excerpt":{"rendered":"","protected":false},"author":3,"featured_media":0,"parent":35,"menu_order":0,"comment_status":"closed","ping_status":"closed","template":"100-width.php","meta":{"_acf_changed":false,"footnotes":""},"class_list":["post-5056","page","type-page","status-publish","hentry"],"acf":[],"yoast_head":"<!-- This site is optimized with the Yoast SEO plugin v27.4 - https:\/\/yoast.com\/product\/yoast-seo-wordpress\/ -->\n<title>Alexandra Johann - CURESZ Foundation<\/title>\n<meta name=\"robots\" content=\"index, follow, max-snippet:-1, max-image-preview:large, max-video-preview:-1\" \/>\n<link rel=\"canonical\" href=\"https:\/\/curesz.org\/pt_pt\/survivors\/alexandra-johann\/\" \/>\n<meta property=\"og:locale\" content=\"pt_PT\" \/>\n<meta property=\"og:type\" content=\"article\" \/>\n<meta property=\"og:title\" content=\"Alexandra Johann - CURESZ Foundation\" \/>\n<meta property=\"og:url\" content=\"https:\/\/curesz.org\/pt_pt\/survivors\/alexandra-johann\/\" \/>\n<meta property=\"og:site_name\" content=\"CURESZ Foundation\" \/>\n<meta property=\"article:publisher\" content=\"https:\/\/www.facebook.com\/Cureszorg\/\" \/>\n<meta property=\"article:modified_time\" content=\"2024-01-16T16:12:58+00:00\" \/>\n<meta name=\"twitter:card\" content=\"summary_large_image\" \/>\n<meta name=\"twitter:site\" content=\"@cureszorg\" \/>\n<meta name=\"twitter:label1\" content=\"Tempo estimado de leitura\" \/>\n\t<meta name=\"twitter:data1\" content=\"8 minutos\" \/>\n<script type=\"application\/ld+json\" class=\"yoast-schema-graph\">{\"@context\":\"https:\\\/\\\/schema.org\",\"@graph\":[{\"@type\":\"WebPage\",\"@id\":\"https:\\\/\\\/curesz.org\\\/survivors\\\/alexandra-johann\\\/\",\"url\":\"https:\\\/\\\/curesz.org\\\/survivors\\\/alexandra-johann\\\/\",\"name\":\"Alexandra Johann - CURESZ Foundation\",\"isPartOf\":{\"@id\":\"https:\\\/\\\/curesz.org\\\/#website\"},\"datePublished\":\"2023-03-08T18:19:02+00:00\",\"dateModified\":\"2024-01-16T16:12:58+00:00\",\"breadcrumb\":{\"@id\":\"https:\\\/\\\/curesz.org\\\/survivors\\\/alexandra-johann\\\/#breadcrumb\"},\"inLanguage\":\"pt-PT\",\"potentialAction\":[{\"@type\":\"ReadAction\",\"target\":[\"https:\\\/\\\/curesz.org\\\/survivors\\\/alexandra-johann\\\/\"]}]},{\"@type\":\"BreadcrumbList\",\"@id\":\"https:\\\/\\\/curesz.org\\\/survivors\\\/alexandra-johann\\\/#breadcrumb\",\"itemListElement\":[{\"@type\":\"ListItem\",\"position\":1,\"name\":\"Home\",\"item\":\"https:\\\/\\\/curesz.org\\\/\"},{\"@type\":\"ListItem\",\"position\":2,\"name\":\"Survivors\",\"item\":\"https:\\\/\\\/curesz.org\\\/survivors\\\/\"},{\"@type\":\"ListItem\",\"position\":3,\"name\":\"Alexandra Johann\"}]},{\"@type\":\"WebSite\",\"@id\":\"https:\\\/\\\/curesz.org\\\/#website\",\"url\":\"https:\\\/\\\/curesz.org\\\/\",\"name\":\"CURESZ Foundation\",\"description\":\"The CURESZ Foundation provides educational updates to patients, families, healthcare professionals and the general public about schizophrenia.\",\"publisher\":{\"@id\":\"https:\\\/\\\/curesz.org\\\/#organization\"},\"potentialAction\":[{\"@type\":\"SearchAction\",\"target\":{\"@type\":\"EntryPoint\",\"urlTemplate\":\"https:\\\/\\\/curesz.org\\\/?s={search_term_string}\"},\"query-input\":{\"@type\":\"PropertyValueSpecification\",\"valueRequired\":true,\"valueName\":\"search_term_string\"}}],\"inLanguage\":\"pt-PT\"},{\"@type\":\"Organization\",\"@id\":\"https:\\\/\\\/curesz.org\\\/#organization\",\"name\":\"Curesz Foundation\",\"url\":\"https:\\\/\\\/curesz.org\\\/\",\"logo\":{\"@type\":\"ImageObject\",\"inLanguage\":\"pt-PT\",\"@id\":\"https:\\\/\\\/curesz.org\\\/#\\\/schema\\\/logo\\\/image\\\/\",\"url\":\"https:\\\/\\\/curesz.org\\\/wp-content\\\/uploads\\\/2020\\\/02\\\/cropped-Logo-with-Foundation-Custom.png\",\"contentUrl\":\"https:\\\/\\\/curesz.org\\\/wp-content\\\/uploads\\\/2020\\\/02\\\/cropped-Logo-with-Foundation-Custom.png\",\"width\":200,\"height\":133,\"caption\":\"Curesz Foundation\"},\"image\":{\"@id\":\"https:\\\/\\\/curesz.org\\\/#\\\/schema\\\/logo\\\/image\\\/\"},\"sameAs\":[\"https:\\\/\\\/www.facebook.com\\\/Cureszorg\\\/\",\"https:\\\/\\\/x.com\\\/cureszorg\",\"https:\\\/\\\/www.instagram.com\\\/cureszfoundation\\\/\",\"https:\\\/\\\/www.youtube.com\\\/channel\\\/UCT3uVzTt8jiJ2qdhuosHPvg\"]}]}<\/script>\n<!-- \/ Yoast SEO plugin. -->","yoast_head_json":{"title":"Alexandra Johann - CURESZ Foundation","robots":{"index":"index","follow":"follow","max-snippet":"max-snippet:-1","max-image-preview":"max-image-preview:large","max-video-preview":"max-video-preview:-1"},"canonical":"https:\/\/curesz.org\/pt_pt\/survivors\/alexandra-johann\/","og_locale":"pt_PT","og_type":"article","og_title":"Alexandra Johann - CURESZ Foundation","og_url":"https:\/\/curesz.org\/pt_pt\/survivors\/alexandra-johann\/","og_site_name":"CURESZ Foundation","article_publisher":"https:\/\/www.facebook.com\/Cureszorg\/","article_modified_time":"2024-01-16T16:12:58+00:00","twitter_card":"summary_large_image","twitter_site":"@cureszorg","twitter_misc":{"Tempo estimado de leitura":"8 minutos"},"schema":{"@context":"https:\/\/schema.org","@graph":[{"@type":"WebPage","@id":"https:\/\/curesz.org\/survivors\/alexandra-johann\/","url":"https:\/\/curesz.org\/survivors\/alexandra-johann\/","name":"Alexandra Johann - CURESZ Foundation","isPartOf":{"@id":"https:\/\/curesz.org\/#website"},"datePublished":"2023-03-08T18:19:02+00:00","dateModified":"2024-01-16T16:12:58+00:00","breadcrumb":{"@id":"https:\/\/curesz.org\/survivors\/alexandra-johann\/#breadcrumb"},"inLanguage":"pt-PT","potentialAction":[{"@type":"ReadAction","target":["https:\/\/curesz.org\/survivors\/alexandra-johann\/"]}]},{"@type":"BreadcrumbList","@id":"https:\/\/curesz.org\/survivors\/alexandra-johann\/#breadcrumb","itemListElement":[{"@type":"ListItem","position":1,"name":"Home","item":"https:\/\/curesz.org\/"},{"@type":"ListItem","position":2,"name":"Survivors","item":"https:\/\/curesz.org\/survivors\/"},{"@type":"ListItem","position":3,"name":"Alexandra Johann"}]},{"@type":"WebSite","@id":"https:\/\/curesz.org\/#website","url":"https:\/\/curesz.org\/","name":"Funda\u00e7\u00e3o CURESZ","description":"A Funda\u00e7\u00e3o CURESZ fornece atualiza\u00e7\u00f5es educacionais para pacientes, familiares, profissionais de sa\u00fade e p\u00fablico em geral sobre esquizofrenia.","publisher":{"@id":"https:\/\/curesz.org\/#organization"},"potentialAction":[{"@type":"SearchAction","target":{"@type":"EntryPoint","urlTemplate":"https:\/\/curesz.org\/?s={search_term_string}"},"query-input":{"@type":"PropertyValueSpecification","valueRequired":true,"valueName":"search_term_string"}}],"inLanguage":"pt-PT"},{"@type":"Organization","@id":"https:\/\/curesz.org\/#organization","name":"Curesz Foundation","url":"https:\/\/curesz.org\/","logo":{"@type":"ImageObject","inLanguage":"pt-PT","@id":"https:\/\/curesz.org\/#\/schema\/logo\/image\/","url":"https:\/\/curesz.org\/wp-content\/uploads\/2020\/02\/cropped-Logo-with-Foundation-Custom.png","contentUrl":"https:\/\/curesz.org\/wp-content\/uploads\/2020\/02\/cropped-Logo-with-Foundation-Custom.png","width":200,"height":133,"caption":"Curesz Foundation"},"image":{"@id":"https:\/\/curesz.org\/#\/schema\/logo\/image\/"},"sameAs":["https:\/\/www.facebook.com\/Cureszorg\/","https:\/\/x.com\/cureszorg","https:\/\/www.instagram.com\/cureszfoundation\/","https:\/\/www.youtube.com\/channel\/UCT3uVzTt8jiJ2qdhuosHPvg"]}]}},"_links":{"self":[{"href":"https:\/\/curesz.org\/pt_pt\/wp-json\/wp\/v2\/pages\/5056","targetHints":{"allow":["GET"]}}],"collection":[{"href":"https:\/\/curesz.org\/pt_pt\/wp-json\/wp\/v2\/pages"}],"about":[{"href":"https:\/\/curesz.org\/pt_pt\/wp-json\/wp\/v2\/types\/page"}],"author":[{"embeddable":true,"href":"https:\/\/curesz.org\/pt_pt\/wp-json\/wp\/v2\/users\/3"}],"replies":[{"embeddable":true,"href":"https:\/\/curesz.org\/pt_pt\/wp-json\/wp\/v2\/comments?post=5056"}],"version-history":[{"count":5,"href":"https:\/\/curesz.org\/pt_pt\/wp-json\/wp\/v2\/pages\/5056\/revisions"}],"predecessor-version":[{"id":5656,"href":"https:\/\/curesz.org\/pt_pt\/wp-json\/wp\/v2\/pages\/5056\/revisions\/5656"}],"up":[{"embeddable":true,"href":"https:\/\/curesz.org\/pt_pt\/wp-json\/wp\/v2\/pages\/35"}],"wp:attachment":[{"href":"https:\/\/curesz.org\/pt_pt\/wp-json\/wp\/v2\/media?parent=5056"}],"curies":[{"name":"wp","href":"https:\/\/api.w.org\/{rel}","templated":true}]}}