{"id":5084,"date":"2023-03-27T13:23:25","date_gmt":"2023-03-27T13:23:25","guid":{"rendered":"https:\/\/curesz.org\/?page_id=5084"},"modified":"2023-03-27T13:23:26","modified_gmt":"2023-03-27T13:23:26","slug":"schizophrenia-and-anniversaries","status":"publish","type":"page","link":"https:\/\/curesz.org\/pt_pt\/newsletter\/schizophrenia-and-anniversaries\/","title":{"rendered":"Schizophrenia and Anniversaries"},"content":{"rendered":"<p><div class=\"fusion-fullwidth fullwidth-box fusion-builder-row-1 fusion-flex-container nonhundred-percent-fullwidth non-hundred-percent-height-scrolling\" style=\"--awb-border-radius-top-left:0px;--awb-border-radius-top-right:0px;--awb-border-radius-bottom-right:0px;--awb-border-radius-bottom-left:0px;--awb-flex-wrap:wrap;\" ><div class=\"fusion-builder-row fusion-row fusion-flex-align-items-flex-start fusion-flex-content-wrap\" style=\"max-width:1352px;margin-left: calc(-4% \/ 2 );margin-right: calc(-4% \/ 2 );\"><div class=\"fusion-layout-column fusion_builder_column fusion-builder-column-0 fusion_builder_column_1_4 1_4 fusion-flex-column\" style=\"--awb-bg-size:cover;--awb-width-large:25%;--awb-margin-top-large:0px;--awb-spacing-right-large:7.68%;--awb-margin-bottom-large:20px;--awb-spacing-left-large:7.68%;--awb-width-medium:100%;--awb-spacing-right-medium:1.92%;--awb-spacing-left-medium:1.92%;--awb-width-small:100%;--awb-spacing-right-small:1.92%;--awb-spacing-left-small:1.92%;\"><div class=\"fusion-column-wrapper fusion-column-has-shadow fusion-flex-justify-content-flex-start fusion-content-layout-column\"><div class=\"fusion-image-element\" style=\"--awb-caption-title-font-family:var(--h2_typography-font-family);--awb-caption-title-font-weight:var(--h2_typography-font-weight);--awb-caption-title-font-style:var(--h2_typography-font-style);--awb-caption-title-size:var(--h2_typography-font-size);--awb-caption-title-transform:var(--h2_typography-text-transform);--awb-caption-title-line-height:var(--h2_typography-line-height);--awb-caption-title-letter-spacing:var(--h2_typography-letter-spacing);\"><span class=\"fusion-imageframe imageframe-none imageframe-1 hover-type-none\"><img decoding=\"async\" width=\"613\" height=\"613\" title=\"me with banner 300\" src=\"https:\/\/curesz.org\/wp-content\/uploads\/2023\/03\/me-with-banner-300.jpeg\" data-orig-src=\"https:\/\/curesz.org\/wp-content\/uploads\/2023\/03\/me-with-banner-300.jpeg\" alt class=\"lazyload img-responsive wp-image-5085\" srcset=\"data:image\/svg+xml,%3Csvg%20xmlns%3D%27http%3A%2F%2Fwww.w3.org%2F2000%2Fsvg%27%20width%3D%27613%27%20height%3D%27613%27%20viewBox%3D%270%200%20613%20613%27%3E%3Crect%20width%3D%27613%27%20height%3D%27613%27%20fill-opacity%3D%220%22%2F%3E%3C%2Fsvg%3E\" data-srcset=\"https:\/\/curesz.org\/wp-content\/uploads\/2023\/03\/me-with-banner-300-200x200.jpeg 200w, https:\/\/curesz.org\/wp-content\/uploads\/2023\/03\/me-with-banner-300-400x400.jpeg 400w, https:\/\/curesz.org\/wp-content\/uploads\/2023\/03\/me-with-banner-300-600x600.jpeg 600w, https:\/\/curesz.org\/wp-content\/uploads\/2023\/03\/me-with-banner-300.jpeg 613w\" data-sizes=\"auto\" data-orig-sizes=\"(max-width: 1024px) 100vw, (max-width: 640px) 100vw, 400px\" \/><\/span><\/div><div class=\"fusion-text fusion-text-1\"><p><strong>Bethany Yeiser, BS<br \/>\nPresidente da Funda\u00e7\u00e3o CURESZ<\/strong><\/p>\n<\/div><\/div><\/div><div class=\"fusion-layout-column fusion_builder_column fusion-builder-column-1 fusion_builder_column_3_4 3_4 fusion-flex-column\" style=\"--awb-bg-size:cover;--awb-width-large:75%;--awb-margin-top-large:0px;--awb-spacing-right-large:2.56%;--awb-margin-bottom-large:20px;--awb-spacing-left-large:2.56%;--awb-width-medium:100%;--awb-spacing-right-medium:1.92%;--awb-spacing-left-medium:1.92%;--awb-width-small:100%;--awb-spacing-right-small:1.92%;--awb-spacing-left-small:1.92%;\"><div class=\"fusion-column-wrapper fusion-column-has-shadow fusion-flex-justify-content-flex-start fusion-content-layout-column\"><div class=\"fusion-text fusion-text-2\"><p>Schizophrenia and Anniversaries<\/p>\n<p>Anniversaries are important. They present an opportunity to look back on life, see how far we have come, and apply the things we learned from our past experiences to our present life. Certainly, many people observe anniversaries of one sort or another, whether they be weddings, time spent working at jobs, or other major life events.<\/p>\n<p>This spring of 2023, on March 3<sup>terceiro<\/sup>, I celebrated an unusual but life-changing 20-year anniversary. Namely, on March 3, 2003, unknowingly ravaged by the onset of schizophrenia, I officially dropped out of the university I had worked most diligently to attend and became homeless in the Los Angeles area. My delusional and homeless state would last exactly four years.<\/p>\n<p>Every year when I was homeless, I recognized March 3<sup>terceiro<\/sup> as a marker of time passing, and reflected on my life. In my delusional state, I was convinced that my time spent in homelessness would someday make me a celebrity. I was unaware of how common it is for formerly successful people who develop schizophrenia to become chronically homeless, unable to work, and many of them, like me, spend months or years living outside.<\/p>\n<p>While developing schizophrenia, I became obsessed with travel. In winter of 2001, I traveled to China. In 2002, I went to Africa for the summer. On my return from Africa, in the fall of 2002, even though I was failing my college classes, I spent time planning a trip to Thailand at Christmas.<\/p>\n<p>In Thailand, I was entirely overtaken by psychosis, though I was unaware. I was speaking too fast, slightly agitated, and rude to my host family. I preferred to stay back at their house instead of attending parties and events with their friends.<\/p>\n<p>Following my Thailand trip, and unable to face the fact that school was no longer working out, I planned an escape to Saudi Arabia. In hindsight, I see that my expectations of having a productive, safe trip in Saudi Arabia where I would be welcome and could integrate into the community (as an American, single woman) were ridiculous, and in fact delusions (fixed false beliefs).<\/p>\n<p>On March 3<sup>terceiro<\/sup> of 2003, I did not have enough money to fly to the Middle East, but I went to a travel agency anyway, where I obtained a tentative reservation to Cairo, Egypt through Boston. Then, I flew to Boston, alone, expecting to meet a person at the airport who knew I was coming through his dream. I believed this person would fund my trip to Saudi Arabia through Cairo, so I could become an internationally recognized philanthropist. No one came.<\/p>\n<p>On my return to Los Angeles, the university library soon became my last resort, and I would be in the library often during the nights during my first three years homeless. I spent the last year living outside.<\/p>\n<p>Looking back on my life, I am amazed at the power of delusions. The symptoms I experienced caused me to separate from college, friends, family, and all my resources, including my hopes and dreams. My inability to study or work was rooted in a neuropsychiatric illness. Incapable of focusing enough to work the easiest job, I preferred to sit in parks alone and stare into the distance. Though I had an able body, I had a broken mind. Twenty years ago, I became homeless as a result of untreated schizophrenia.<\/p>\n<p>I also remember March 3, 2007 (remarkably the same month and day of becoming homeless four years before) when I was apprehended by police for erratic behavior. Due to screaming back at voices in my mind, I was taken to a psychiatric hospital, where I would begin treatment for my schizophrenia. In the hospital, I would reunite with my parents and would start a new life on medication, never to be homeless again.<\/p>\n<p>Today, I live in Cincinnati, as I mark the anniversary of March 3, 2023. For nearly fifteen years, I have been fully recovered from schizophrenia. I often volunteer with the chronically homeless community in the downtown, and see that many of them seem to be in the same mental state that I was while homeless&#8211; confused, unable to work, possibly suffering from hallucinations and delusions. I am passionate about their plight. Though I never used drugs, the vast majority of the chronically homeless do, which can complicate the treatment and recovery process on a different level.<\/p>\n<p>There is a great need for medication, therapy and the supportive housing with services that these desperate homeless people need to rebuild their lives. And the irony is that many of them do not want help. This is how I felt when I was at my sickest. However, once they take medication and engage in supported housing, and experience a level of recovery that gains insight and health, many may eventually ask the question, why was I not helped sooner? Why didn\u2019t anyone care? I sometimes ask these same questions about my own homelessness.<\/p>\n<p>Today, as an advocate, I regularly interact with individuals with schizophrenia and families. In many cases, the loved one with schizophrenia is unaware of the depth of their illness, and the relatives worry they will soon run away and may become homeless as I did.<\/p>\n<p>Today, in recovery, I celebrate my March 3<sup>terceiro<\/sup> anniversary every day by encouraging others with schizophrenia to press onward toward their highest possible level of recovery. I have had the privilege of regularly presenting my story for university classes, conferences, hospitals, and meetings since the publication of my memoir <em>Mente Estranha<\/em> em 2014.<\/p>\n<p>Today, I am not a celebrity. But the third day in March will always be important to me. The events of my life on that date have come together to fashion me into the person I am today. The gift I give myself on this 20-year anniversary is a time to pause and reflect on my journey out of schizophrenia and homelessness, and the professional standing I have as a mental health advocate specializing in schizophrenia. This gift of thoughtful reflection always brings me to the point of profound thankfulness for my antipsychotic medication and my physicians.<\/p>\n<p>I wonder what I will reflect upon in upcoming anniversaries, such as at the twenty-five or thirty-year mark.<\/p>\n<p>Today, I am honored to serve as the President of the CURESZ Foundation. I am proud of the services we provide including our caregivers\u2019 mentoring program, CURESZ on Campus clubs, Ask the Doctor events, and monthly Advisory Council meetings.<\/p>\n<p>I am grateful for the life altering treatment I have accessed since my diagnosis in 2007. Today, I remember the root problem of my homelessness was not a choice, but a biological brain illness, which has been healed through treatment.<\/p>\n<\/div><\/div><\/div><\/div><\/div><div class=\"fusion-fullwidth fullwidth-box fusion-builder-row-2 fusion-flex-container hundred-percent-fullwidth non-hundred-percent-height-scrolling\" style=\"--awb-border-radius-top-left:0px;--awb-border-radius-top-right:0px;--awb-border-radius-bottom-right:0px;--awb-border-radius-bottom-left:0px;--awb-padding-top:0px;--awb-padding-right:0px;--awb-padding-bottom:0px;--awb-padding-left:0px;--awb-margin-top:0px;--awb-margin-bottom:0px;--awb-background-color:#015da7;--awb-flex-wrap:wrap;\" ><div class=\"fusion-builder-row fusion-row fusion-flex-align-items-flex-start fusion-flex-content-wrap\" style=\"width:104% !important;max-width:104% !important;margin-left: calc(-4% \/ 2 );margin-right: calc(-4% \/ 2 );\"><\/div><\/div>\n<\/p>","protected":false},"excerpt":{"rendered":"","protected":false},"author":3,"featured_media":0,"parent":76,"menu_order":0,"comment_status":"closed","ping_status":"closed","template":"100-width.php","meta":{"_acf_changed":false,"footnotes":""},"class_list":["post-5084","page","type-page","status-publish","hentry"],"acf":[],"yoast_head":"<!-- This site is optimized with the Yoast SEO plugin v27.4 - https:\/\/yoast.com\/product\/yoast-seo-wordpress\/ -->\n<title>Schizophrenia and Anniversaries - CURESZ Foundation<\/title>\n<meta name=\"description\" content=\"Unknowingly ravaged by the onset of schizophrenia, I officially dropped out of the university I had worked most diligently to attend.\" \/>\n<meta name=\"robots\" content=\"index, follow, max-snippet:-1, max-image-preview:large, max-video-preview:-1\" \/>\n<link rel=\"canonical\" href=\"https:\/\/curesz.org\/pt_pt\/newsletter\/schizophrenia-and-anniversaries\/\" \/>\n<meta property=\"og:locale\" content=\"pt_PT\" \/>\n<meta property=\"og:type\" content=\"article\" \/>\n<meta property=\"og:title\" content=\"Schizophrenia and Anniversaries - CURESZ Foundation\" \/>\n<meta property=\"og:description\" content=\"Unknowingly ravaged by the onset of schizophrenia, I officially dropped out of the university I had worked most diligently to attend.\" \/>\n<meta property=\"og:url\" content=\"https:\/\/curesz.org\/pt_pt\/newsletter\/schizophrenia-and-anniversaries\/\" \/>\n<meta property=\"og:site_name\" content=\"CURESZ Foundation\" \/>\n<meta property=\"article:publisher\" content=\"https:\/\/www.facebook.com\/Cureszorg\/\" \/>\n<meta property=\"article:modified_time\" content=\"2023-03-27T13:23:26+00:00\" \/>\n<meta name=\"twitter:card\" content=\"summary_large_image\" \/>\n<meta name=\"twitter:site\" content=\"@cureszorg\" \/>\n<meta name=\"twitter:label1\" content=\"Tempo estimado de leitura\" \/>\n\t<meta name=\"twitter:data1\" content=\"7 minutos\" \/>\n<script type=\"application\/ld+json\" class=\"yoast-schema-graph\">{\"@context\":\"https:\\\/\\\/schema.org\",\"@graph\":[{\"@type\":\"WebPage\",\"@id\":\"https:\\\/\\\/curesz.org\\\/newsletter\\\/schizophrenia-and-anniversaries\\\/\",\"url\":\"https:\\\/\\\/curesz.org\\\/newsletter\\\/schizophrenia-and-anniversaries\\\/\",\"name\":\"Schizophrenia and Anniversaries - CURESZ Foundation\",\"isPartOf\":{\"@id\":\"https:\\\/\\\/curesz.org\\\/#website\"},\"datePublished\":\"2023-03-27T13:23:25+00:00\",\"dateModified\":\"2023-03-27T13:23:26+00:00\",\"description\":\"Unknowingly ravaged by the onset of schizophrenia, I officially dropped out of the university I had worked most diligently to attend.\",\"breadcrumb\":{\"@id\":\"https:\\\/\\\/curesz.org\\\/newsletter\\\/schizophrenia-and-anniversaries\\\/#breadcrumb\"},\"inLanguage\":\"pt-PT\",\"potentialAction\":[{\"@type\":\"ReadAction\",\"target\":[\"https:\\\/\\\/curesz.org\\\/newsletter\\\/schizophrenia-and-anniversaries\\\/\"]}]},{\"@type\":\"BreadcrumbList\",\"@id\":\"https:\\\/\\\/curesz.org\\\/newsletter\\\/schizophrenia-and-anniversaries\\\/#breadcrumb\",\"itemListElement\":[{\"@type\":\"ListItem\",\"position\":1,\"name\":\"Home\",\"item\":\"https:\\\/\\\/curesz.org\\\/\"},{\"@type\":\"ListItem\",\"position\":2,\"name\":\"Newsletter\",\"item\":\"https:\\\/\\\/curesz.org\\\/newsletter\\\/\"},{\"@type\":\"ListItem\",\"position\":3,\"name\":\"Schizophrenia and Anniversaries\"}]},{\"@type\":\"WebSite\",\"@id\":\"https:\\\/\\\/curesz.org\\\/#website\",\"url\":\"https:\\\/\\\/curesz.org\\\/\",\"name\":\"CURESZ Foundation\",\"description\":\"The CURESZ Foundation provides educational updates to patients, families, healthcare professionals and the general public about schizophrenia.\",\"publisher\":{\"@id\":\"https:\\\/\\\/curesz.org\\\/#organization\"},\"potentialAction\":[{\"@type\":\"SearchAction\",\"target\":{\"@type\":\"EntryPoint\",\"urlTemplate\":\"https:\\\/\\\/curesz.org\\\/?s={search_term_string}\"},\"query-input\":{\"@type\":\"PropertyValueSpecification\",\"valueRequired\":true,\"valueName\":\"search_term_string\"}}],\"inLanguage\":\"pt-PT\"},{\"@type\":\"Organization\",\"@id\":\"https:\\\/\\\/curesz.org\\\/#organization\",\"name\":\"Curesz Foundation\",\"url\":\"https:\\\/\\\/curesz.org\\\/\",\"logo\":{\"@type\":\"ImageObject\",\"inLanguage\":\"pt-PT\",\"@id\":\"https:\\\/\\\/curesz.org\\\/#\\\/schema\\\/logo\\\/image\\\/\",\"url\":\"https:\\\/\\\/curesz.org\\\/wp-content\\\/uploads\\\/2020\\\/02\\\/cropped-Logo-with-Foundation-Custom.png\",\"contentUrl\":\"https:\\\/\\\/curesz.org\\\/wp-content\\\/uploads\\\/2020\\\/02\\\/cropped-Logo-with-Foundation-Custom.png\",\"width\":200,\"height\":133,\"caption\":\"Curesz Foundation\"},\"image\":{\"@id\":\"https:\\\/\\\/curesz.org\\\/#\\\/schema\\\/logo\\\/image\\\/\"},\"sameAs\":[\"https:\\\/\\\/www.facebook.com\\\/Cureszorg\\\/\",\"https:\\\/\\\/x.com\\\/cureszorg\",\"https:\\\/\\\/www.instagram.com\\\/cureszfoundation\\\/\",\"https:\\\/\\\/www.youtube.com\\\/channel\\\/UCT3uVzTt8jiJ2qdhuosHPvg\"]}]}<\/script>\n<!-- \/ Yoast SEO plugin. -->","yoast_head_json":{"title":"Schizophrenia and Anniversaries - CURESZ Foundation","description":"Unknowingly ravaged by the onset of schizophrenia, I officially dropped out of the university I had worked most diligently to attend.","robots":{"index":"index","follow":"follow","max-snippet":"max-snippet:-1","max-image-preview":"max-image-preview:large","max-video-preview":"max-video-preview:-1"},"canonical":"https:\/\/curesz.org\/pt_pt\/newsletter\/schizophrenia-and-anniversaries\/","og_locale":"pt_PT","og_type":"article","og_title":"Schizophrenia and Anniversaries - CURESZ Foundation","og_description":"Unknowingly ravaged by the onset of schizophrenia, I officially dropped out of the university I had worked most diligently to attend.","og_url":"https:\/\/curesz.org\/pt_pt\/newsletter\/schizophrenia-and-anniversaries\/","og_site_name":"CURESZ Foundation","article_publisher":"https:\/\/www.facebook.com\/Cureszorg\/","article_modified_time":"2023-03-27T13:23:26+00:00","twitter_card":"summary_large_image","twitter_site":"@cureszorg","twitter_misc":{"Tempo estimado de leitura":"7 minutos"},"schema":{"@context":"https:\/\/schema.org","@graph":[{"@type":"WebPage","@id":"https:\/\/curesz.org\/newsletter\/schizophrenia-and-anniversaries\/","url":"https:\/\/curesz.org\/newsletter\/schizophrenia-and-anniversaries\/","name":"Schizophrenia and Anniversaries - CURESZ Foundation","isPartOf":{"@id":"https:\/\/curesz.org\/#website"},"datePublished":"2023-03-27T13:23:25+00:00","dateModified":"2023-03-27T13:23:26+00:00","description":"Unknowingly ravaged by the onset of schizophrenia, I officially dropped out of the university I had worked most diligently to attend.","breadcrumb":{"@id":"https:\/\/curesz.org\/newsletter\/schizophrenia-and-anniversaries\/#breadcrumb"},"inLanguage":"pt-PT","potentialAction":[{"@type":"ReadAction","target":["https:\/\/curesz.org\/newsletter\/schizophrenia-and-anniversaries\/"]}]},{"@type":"BreadcrumbList","@id":"https:\/\/curesz.org\/newsletter\/schizophrenia-and-anniversaries\/#breadcrumb","itemListElement":[{"@type":"ListItem","position":1,"name":"Home","item":"https:\/\/curesz.org\/"},{"@type":"ListItem","position":2,"name":"Newsletter","item":"https:\/\/curesz.org\/newsletter\/"},{"@type":"ListItem","position":3,"name":"Schizophrenia and Anniversaries"}]},{"@type":"WebSite","@id":"https:\/\/curesz.org\/#website","url":"https:\/\/curesz.org\/","name":"Funda\u00e7\u00e3o CURESZ","description":"A Funda\u00e7\u00e3o CURESZ fornece atualiza\u00e7\u00f5es educacionais para pacientes, familiares, profissionais de sa\u00fade e p\u00fablico em geral sobre esquizofrenia.","publisher":{"@id":"https:\/\/curesz.org\/#organization"},"potentialAction":[{"@type":"SearchAction","target":{"@type":"EntryPoint","urlTemplate":"https:\/\/curesz.org\/?s={search_term_string}"},"query-input":{"@type":"PropertyValueSpecification","valueRequired":true,"valueName":"search_term_string"}}],"inLanguage":"pt-PT"},{"@type":"Organization","@id":"https:\/\/curesz.org\/#organization","name":"Curesz Foundation","url":"https:\/\/curesz.org\/","logo":{"@type":"ImageObject","inLanguage":"pt-PT","@id":"https:\/\/curesz.org\/#\/schema\/logo\/image\/","url":"https:\/\/curesz.org\/wp-content\/uploads\/2020\/02\/cropped-Logo-with-Foundation-Custom.png","contentUrl":"https:\/\/curesz.org\/wp-content\/uploads\/2020\/02\/cropped-Logo-with-Foundation-Custom.png","width":200,"height":133,"caption":"Curesz Foundation"},"image":{"@id":"https:\/\/curesz.org\/#\/schema\/logo\/image\/"},"sameAs":["https:\/\/www.facebook.com\/Cureszorg\/","https:\/\/x.com\/cureszorg","https:\/\/www.instagram.com\/cureszfoundation\/","https:\/\/www.youtube.com\/channel\/UCT3uVzTt8jiJ2qdhuosHPvg"]}]}},"_links":{"self":[{"href":"https:\/\/curesz.org\/pt_pt\/wp-json\/wp\/v2\/pages\/5084","targetHints":{"allow":["GET"]}}],"collection":[{"href":"https:\/\/curesz.org\/pt_pt\/wp-json\/wp\/v2\/pages"}],"about":[{"href":"https:\/\/curesz.org\/pt_pt\/wp-json\/wp\/v2\/types\/page"}],"author":[{"embeddable":true,"href":"https:\/\/curesz.org\/pt_pt\/wp-json\/wp\/v2\/users\/3"}],"replies":[{"embeddable":true,"href":"https:\/\/curesz.org\/pt_pt\/wp-json\/wp\/v2\/comments?post=5084"}],"version-history":[{"count":1,"href":"https:\/\/curesz.org\/pt_pt\/wp-json\/wp\/v2\/pages\/5084\/revisions"}],"predecessor-version":[{"id":5086,"href":"https:\/\/curesz.org\/pt_pt\/wp-json\/wp\/v2\/pages\/5084\/revisions\/5086"}],"up":[{"embeddable":true,"href":"https:\/\/curesz.org\/pt_pt\/wp-json\/wp\/v2\/pages\/76"}],"wp:attachment":[{"href":"https:\/\/curesz.org\/pt_pt\/wp-json\/wp\/v2\/media?parent=5084"}],"curies":[{"name":"wp","href":"https:\/\/api.w.org\/{rel}","templated":true}]}}