{"id":5087,"date":"2023-03-27T13:25:52","date_gmt":"2023-03-27T13:25:52","guid":{"rendered":"https:\/\/curesz.org\/?page_id=5087"},"modified":"2024-01-05T14:37:38","modified_gmt":"2024-01-05T19:37:38","slug":"robert-ross","status":"publish","type":"page","link":"https:\/\/curesz.org\/pt_pt\/survivors\/robert-ross\/","title":{"rendered":"Robert Ross"},"content":{"rendered":"<p><div class=\"fusion-fullwidth fullwidth-box fusion-builder-row-1 fusion-flex-container nonhundred-percent-fullwidth non-hundred-percent-height-scrolling\" style=\"--awb-border-radius-top-left:0px;--awb-border-radius-top-right:0px;--awb-border-radius-bottom-right:0px;--awb-border-radius-bottom-left:0px;--awb-flex-wrap:wrap;\" ><div class=\"fusion-builder-row fusion-row fusion-flex-align-items-flex-start fusion-flex-content-wrap\" style=\"max-width:1352px;margin-left: calc(-4% \/ 2 );margin-right: calc(-4% \/ 2 );\"><div class=\"fusion-layout-column fusion_builder_column fusion-builder-column-0 fusion_builder_column_1_4 1_4 fusion-flex-column\" style=\"--awb-bg-size:cover;--awb-width-large:25%;--awb-margin-top-large:0px;--awb-spacing-right-large:7.68%;--awb-margin-bottom-large:20px;--awb-spacing-left-large:7.68%;--awb-width-medium:100%;--awb-spacing-right-medium:1.92%;--awb-spacing-left-medium:1.92%;--awb-width-small:100%;--awb-spacing-right-small:1.92%;--awb-spacing-left-small:1.92%;\"><div class=\"fusion-column-wrapper fusion-column-has-shadow fusion-flex-justify-content-flex-start fusion-content-layout-column\"><div class=\"fusion-image-element\" style=\"--awb-caption-title-font-family:var(--h2_typography-font-family);--awb-caption-title-font-weight:var(--h2_typography-font-weight);--awb-caption-title-font-style:var(--h2_typography-font-style);--awb-caption-title-size:var(--h2_typography-font-size);--awb-caption-title-transform:var(--h2_typography-text-transform);--awb-caption-title-line-height:var(--h2_typography-line-height);--awb-caption-title-letter-spacing:var(--h2_typography-letter-spacing);\"><span class=\"fusion-imageframe imageframe-none imageframe-1 hover-type-none\"><img decoding=\"async\" width=\"300\" height=\"300\" title=\"Fotografia JP final 300\" src=\"https:\/\/curesz.org\/wp-content\/uploads\/2023\/03\/JP-photo-final-300.jpg\" data-orig-src=\"https:\/\/curesz.org\/wp-content\/uploads\/2023\/03\/JP-photo-final-300.jpg\" alt class=\"lazyload img-responsive wp-image-5105\" srcset=\"data:image\/svg+xml,%3Csvg%20xmlns%3D%27http%3A%2F%2Fwww.w3.org%2F2000%2Fsvg%27%20width%3D%27300%27%20height%3D%27300%27%20viewBox%3D%270%200%20300%20300%27%3E%3Crect%20width%3D%27300%27%20height%3D%27300%27%20fill-opacity%3D%220%22%2F%3E%3C%2Fsvg%3E\" data-srcset=\"https:\/\/curesz.org\/wp-content\/uploads\/2023\/03\/JP-photo-final-300-200x200.jpg 200w, https:\/\/curesz.org\/wp-content\/uploads\/2023\/03\/JP-photo-final-300.jpg 300w\" data-sizes=\"auto\" data-orig-sizes=\"(max-width: 1024px) 100vw, (max-width: 640px) 100vw, 300px\" \/><\/span><\/div><div class=\"fusion-text fusion-text-1\"><p><strong>Robert Ross (pseud\u00f3nimo)<\/strong><\/p>\n<\/div><\/div><\/div><div class=\"fusion-layout-column fusion_builder_column fusion-builder-column-1 fusion_builder_column_3_4 3_4 fusion-flex-column\" style=\"--awb-bg-size:cover;--awb-width-large:75%;--awb-margin-top-large:0px;--awb-spacing-right-large:2.56%;--awb-margin-bottom-large:20px;--awb-spacing-left-large:2.56%;--awb-width-medium:100%;--awb-spacing-right-medium:1.92%;--awb-spacing-left-medium:1.92%;--awb-width-small:100%;--awb-spacing-right-small:1.92%;--awb-spacing-left-small:1.92%;\"><div class=\"fusion-column-wrapper fusion-column-has-shadow fusion-flex-justify-content-flex-start fusion-content-layout-column\"><div class=\"fusion-text fusion-text-2\"><p><strong>Especialista em TI e poeta: Robert Ross<\/strong><\/p>\n<p><a href=\"https:\/\/curesz.org\/wp-content\/uploads\/2023\/03\/CureSZ-Newsletter-22-eMail.pdf\" target=\"_blank\" rel=\"noopener\">Ver a vers\u00e3o condensada na Newsletter n\u00famero 22<\/a><\/p>\n<p>O meu nome \u00e9 Robert e nasci numa pequena cidade de meios modestos em Jackson, Michigan. A minha m\u00e3e era nutricionista num hospital e o meu pai trabalhava para a administra\u00e7\u00e3o local. Tenho uma irm\u00e3 g\u00e9mea e um irm\u00e3o mais velho, nascido nove anos antes de n\u00f3s.<\/p>\n<p>Os meus pais lutavam para sobreviver financeiramente e a casa da minha inf\u00e2ncia deixava muito a desejar, tanto em termos de conforto como de actividades. Lembro-me dos Invernos frios. A nossa casa foi constru\u00edda por um veterano da Segunda Guerra Mundial com pedra e cimento e aquecida por uma lareira. Naturalmente, tinha correntes de ar.<\/p>\n<p>Lembro-me muito da minha inf\u00e2ncia. Tendo crescido no campo, estava muitas vezes isolada. A minha irm\u00e3 e eu partilh\u00e1vamos um quarto at\u00e9 aos 9 anos, altura em que o meu irm\u00e3o foi para a universidade. Naturalmente, bat\u00edamos muitas vezes de frente, pois ambas lut\u00e1vamos por uma aten\u00e7\u00e3o limitada dos nossos pais. O meu pai sa\u00eda de casa quase todas as noites depois da escola. Durante a semana, jogava bowling ou visitava amigos. A minha m\u00e3e estava frequentemente no andar de cima a trabalhar em projectos ou a fazer longas chamadas telef\u00f3nicas.<\/p>\n<p>Os meus primeiros sintomas esquizoafetivos come\u00e7aram a manifestar-se quando eu estava no ensino m\u00e9dio. Lembro-me de ler um livro sobre Albert Einstein e imaginar que a ess\u00eancia ou o esp\u00edrito de Einstein estava a permear<span style=\"text-decoration: line-through;\"> em<\/span> o c\u00e9u enquanto pensava nele. A minha mente divagava frequentemente.<\/p>\n<p>O meu primeiro colapso psic\u00f3tico ocorreu no liceu, por volta do segundo ano, depois de ter fumado um cigarro que pode ter sido misturado com marijuana. Estava sempre a ter os mesmos pensamentos repetidamente. Tinha sido ligeiramente v\u00edtima de bullying na escola, mas n\u00e3o conseguia esquecer o assunto e isso devastou-me. Eu era extremamente sens\u00edvel e as minhas emo\u00e7\u00f5es eram inadequadas. Quando me devia sentir feliz, sentia-me triste. Quando me devia sentir triste, sentia-me feliz. \u00c0 medida que os meus sintomas se agravavam, desenvolvi um discurso desorganizado e parecia \u00f3bvio para os outros que as minhas palavras\/pensamentos eram confusos. Os meus pais aperceberam-se finalmente disso e decidiram enviar-me a um m\u00e9dico.<\/p>\n<p>O meu primeiro m\u00e9dico n\u00e3o sabia o que fazer com aquilo. Receitaram-me l\u00edtio para as minhas emo\u00e7\u00f5es err\u00e1ticas e olanzapina para o meu discurso desorganizado. Nessa altura, o meu m\u00e9dico acreditava que eu era bipolar com sintomas psic\u00f3ticos. Estes medicamentos provocaram um enorme aumento de peso (que eu acabaria por eliminar ao jogar na equipa de t\u00e9nis). A minha psicose continuou at\u00e9 que me colocaram a tomar aripiprazol (Abilify) e sertralina (Zoloft) que, felizmente, o seguro de sa\u00fade conseguiu cobrir.<\/p>\n<p>Quando tomei Abilify e Zoloft, as minhas notas come\u00e7aram a melhorar. Passei de um aluno com C para um aluno com A. Acabei por terminar o liceu e, apesar de ter faltado bastante \u00e0s aulas no segundo ano, ainda me formei com a turma do \u00faltimo ano. Lembro-me da reuni\u00e3o com os professores que disseram: \"ele est\u00e1 pronto para a universidade\", pois sabiam da minha inten\u00e7\u00e3o de continuar a estudar.<\/p>\n<p>Comecei num col\u00e9gio comunit\u00e1rio onde me foi atribu\u00edda uma bolsa de estudo do Programa de Avalia\u00e7\u00e3o da Educa\u00e7\u00e3o do Michigan (MEAP). Depois, transferi-me para a Michigan State University (MSU) com cerca de 50 cr\u00e9ditos. Apesar deste sucesso, senti-me sozinha e abandonada, como se tivesse sido prejudicada. Apesar de ter canalizado este sucesso acad\u00e9mico para aumentar ainda mais a minha autoestima, senti que, de certa forma, era uma fraude. Sentia-me s\u00f3. O mundo acad\u00e9mico era o meu escape tempor\u00e1rio.<\/p>\n<p>Apesar dos meus sentimentos de confus\u00e3o e isolamento, prosperei no Michigan State. Olhando para tr\u00e1s, acredito que os meus medicamentos me permitiram manter as minhas notas altas. Mas comecei a questionar-me se tinha uma doen\u00e7a mental.<\/p>\n<p>No meu primeiro ano, recebi uma bolsa para estudar no estrangeiro na Tanz\u00e2nia, em \u00c1frica. Tamb\u00e9m tinha uma namorada que conheci no semestre anterior, mas acab\u00e1mos quando regressei aos Estados Unidos.<\/p>\n<p>De regresso de \u00c1frica, decidi tomar cada vez menos medica\u00e7\u00e3o porque me \"sentia bem\". Dos meus seis semestres na MSU, s\u00f3 falhei a lista de reitores duas vezes, incluindo o meu \u00faltimo semestre de finalista. Atribuo os problemas do \u00faltimo semestre ao facto de n\u00e3o ter tomado os medicamentos de forma adequada, mas mesmo assim acabei com um GPA de 3,8 e um GPA acumulado de 3,5.<\/p>\n<p>Depois da faculdade, segui os meus pais para a Florida, para onde se tinham mudado do Michigan. No entanto, a minha fam\u00edlia come\u00e7ou a dizer-me que algo estava \"errado\". Embora eu n\u00e3o tivesse consci\u00eancia disso, sem medica\u00e7\u00e3o, o meu discurso desorganizado tinha ressurgido, as minhas emo\u00e7\u00f5es eram inapropriadas e o meu comportamento era err\u00e1tico. Os meus pais queriam levar-me a outro psiquiatra, mas em vez de obedecer, decidi voltar para o Michigan.<\/p>\n<p>No Michigan, comecei a trabalhar numa empresa de TI de alojamento web. Trabalhei l\u00e1 durante cerca de um ano at\u00e9 me aperceber que os meus sintomas estavam a voltar, piores do que nunca. Voltei a viver com os meus pais na Florida, onde fui hospitalizado. N\u00e3o consegui explicar a situa\u00e7\u00e3o \u00e0 minha entidade patronal.<\/p>\n<p>Na Fl\u00f3rida, deram-me todo o tipo de medicamentos at\u00e9 os meus pais contactarem o meu antigo m\u00e9dico de inf\u00e2ncia, certificado pelo conselho de administra\u00e7\u00e3o, no Michigan. Depois, voltaram a dar-me Abilify e Zoloft. O meu diagn\u00f3stico passou a ser perturba\u00e7\u00e3o esquizoafetiva. Depois de me aperceber que tinha uma doen\u00e7a para toda a vida, tomei os meus medicamentos fielmente durante mais de uma d\u00e9cada.<\/p>\n<p>Atualmente, trabalho em TI para uma empresa l\u00edder mundial no sector da sinaliza\u00e7\u00e3o digital. Tenho um grande grupo de amigos que compreendem a minha doen\u00e7a e tenho passatempos de que gosto nos meus tempos livres. Jogo pickleball, t\u00e9nis e o jogo de cartas Magic: The Gathering. Tenho a impress\u00e3o de que as pessoas n\u00e3o fazem ideia de que tenho uma doen\u00e7a. Escrevo poesia e fic\u00e7\u00e3o cient\u00edfica dist\u00f3pica e espero um dia ser uma fonte de inspira\u00e7\u00e3o para outras pessoas com doen\u00e7as semelhantes.<\/p>\n<p>Acredito que, com um tratamento adequado e consistente, muitas pessoas podem recuperar a vida que tinham antes do seu diagn\u00f3stico.<\/p>\n<p>Os meus pais t\u00eam-me ajudado na minha recupera\u00e7\u00e3o e, embora parte de qualquer doen\u00e7a seja de natureza e educa\u00e7\u00e3o, n\u00e3o guardo m\u00e1 vontade. Muitas vezes, as pessoas fazem tudo o que podem, quando podem.<\/p>\n<\/div><\/div><\/div><\/div><\/div><div class=\"fusion-fullwidth fullwidth-box fusion-builder-row-2 fusion-flex-container hundred-percent-fullwidth non-hundred-percent-height-scrolling\" style=\"--awb-border-radius-top-left:0px;--awb-border-radius-top-right:0px;--awb-border-radius-bottom-right:0px;--awb-border-radius-bottom-left:0px;--awb-padding-top:0px;--awb-padding-right:0px;--awb-padding-bottom:0px;--awb-padding-left:0px;--awb-margin-top:0px;--awb-margin-bottom:0px;--awb-background-color:#015da7;--awb-flex-wrap:wrap;\" ><div class=\"fusion-builder-row fusion-row fusion-flex-align-items-flex-start fusion-flex-content-wrap\" style=\"width:104% !important;max-width:104% !important;margin-left: calc(-4% \/ 2 );margin-right: calc(-4% \/ 2 );\"><\/div><\/div>\n<\/p>","protected":false},"excerpt":{"rendered":"","protected":false},"author":3,"featured_media":0,"parent":35,"menu_order":0,"comment_status":"closed","ping_status":"closed","template":"100-width.php","meta":{"_acf_changed":false,"footnotes":""},"class_list":["post-5087","page","type-page","status-publish","hentry"],"acf":[],"yoast_head":"<!-- This site is optimized with the Yoast SEO plugin v27.4 - https:\/\/yoast.com\/product\/yoast-seo-wordpress\/ -->\n<title>Robert Ross - CURESZ Foundation<\/title>\n<meta name=\"description\" content=\"It was around middle school when my earliest schizoaffective symptoms started to manifest. My mind would often wander.\" \/>\n<meta name=\"robots\" content=\"index, follow, max-snippet:-1, max-image-preview:large, max-video-preview:-1\" \/>\n<link rel=\"canonical\" href=\"https:\/\/curesz.org\/pt_pt\/survivors\/robert-ross\/\" \/>\n<meta property=\"og:locale\" content=\"pt_PT\" \/>\n<meta property=\"og:type\" content=\"article\" \/>\n<meta property=\"og:title\" content=\"Robert Ross - CURESZ Foundation\" \/>\n<meta property=\"og:description\" content=\"It was around middle school when my earliest schizoaffective symptoms started to manifest. My mind would often wander.\" \/>\n<meta property=\"og:url\" content=\"https:\/\/curesz.org\/pt_pt\/survivors\/robert-ross\/\" \/>\n<meta property=\"og:site_name\" content=\"CURESZ Foundation\" \/>\n<meta property=\"article:publisher\" content=\"https:\/\/www.facebook.com\/Cureszorg\/\" \/>\n<meta property=\"article:modified_time\" content=\"2024-01-05T19:37:38+00:00\" \/>\n<meta name=\"twitter:card\" content=\"summary_large_image\" \/>\n<meta name=\"twitter:site\" content=\"@cureszorg\" \/>\n<meta name=\"twitter:label1\" content=\"Tempo estimado de leitura\" \/>\n\t<meta name=\"twitter:data1\" content=\"7 minutos\" \/>\n<script type=\"application\/ld+json\" class=\"yoast-schema-graph\">{\"@context\":\"https:\\\/\\\/schema.org\",\"@graph\":[{\"@type\":\"WebPage\",\"@id\":\"https:\\\/\\\/curesz.org\\\/survivors\\\/robert-ross\\\/\",\"url\":\"https:\\\/\\\/curesz.org\\\/survivors\\\/robert-ross\\\/\",\"name\":\"Robert Ross - CURESZ Foundation\",\"isPartOf\":{\"@id\":\"https:\\\/\\\/curesz.org\\\/#website\"},\"datePublished\":\"2023-03-27T13:25:52+00:00\",\"dateModified\":\"2024-01-05T19:37:38+00:00\",\"description\":\"It was around middle school when my earliest schizoaffective symptoms started to manifest. My mind would often wander.\",\"breadcrumb\":{\"@id\":\"https:\\\/\\\/curesz.org\\\/survivors\\\/robert-ross\\\/#breadcrumb\"},\"inLanguage\":\"pt-PT\",\"potentialAction\":[{\"@type\":\"ReadAction\",\"target\":[\"https:\\\/\\\/curesz.org\\\/survivors\\\/robert-ross\\\/\"]}]},{\"@type\":\"BreadcrumbList\",\"@id\":\"https:\\\/\\\/curesz.org\\\/survivors\\\/robert-ross\\\/#breadcrumb\",\"itemListElement\":[{\"@type\":\"ListItem\",\"position\":1,\"name\":\"Home\",\"item\":\"https:\\\/\\\/curesz.org\\\/\"},{\"@type\":\"ListItem\",\"position\":2,\"name\":\"Survivors\",\"item\":\"https:\\\/\\\/curesz.org\\\/survivors\\\/\"},{\"@type\":\"ListItem\",\"position\":3,\"name\":\"Robert Ross\"}]},{\"@type\":\"WebSite\",\"@id\":\"https:\\\/\\\/curesz.org\\\/#website\",\"url\":\"https:\\\/\\\/curesz.org\\\/\",\"name\":\"CURESZ Foundation\",\"description\":\"The CURESZ Foundation provides educational updates to patients, families, healthcare professionals and the general public about schizophrenia.\",\"publisher\":{\"@id\":\"https:\\\/\\\/curesz.org\\\/#organization\"},\"potentialAction\":[{\"@type\":\"SearchAction\",\"target\":{\"@type\":\"EntryPoint\",\"urlTemplate\":\"https:\\\/\\\/curesz.org\\\/?s={search_term_string}\"},\"query-input\":{\"@type\":\"PropertyValueSpecification\",\"valueRequired\":true,\"valueName\":\"search_term_string\"}}],\"inLanguage\":\"pt-PT\"},{\"@type\":\"Organization\",\"@id\":\"https:\\\/\\\/curesz.org\\\/#organization\",\"name\":\"Curesz Foundation\",\"url\":\"https:\\\/\\\/curesz.org\\\/\",\"logo\":{\"@type\":\"ImageObject\",\"inLanguage\":\"pt-PT\",\"@id\":\"https:\\\/\\\/curesz.org\\\/#\\\/schema\\\/logo\\\/image\\\/\",\"url\":\"https:\\\/\\\/curesz.org\\\/wp-content\\\/uploads\\\/2020\\\/02\\\/cropped-Logo-with-Foundation-Custom.png\",\"contentUrl\":\"https:\\\/\\\/curesz.org\\\/wp-content\\\/uploads\\\/2020\\\/02\\\/cropped-Logo-with-Foundation-Custom.png\",\"width\":200,\"height\":133,\"caption\":\"Curesz Foundation\"},\"image\":{\"@id\":\"https:\\\/\\\/curesz.org\\\/#\\\/schema\\\/logo\\\/image\\\/\"},\"sameAs\":[\"https:\\\/\\\/www.facebook.com\\\/Cureszorg\\\/\",\"https:\\\/\\\/x.com\\\/cureszorg\",\"https:\\\/\\\/www.instagram.com\\\/cureszfoundation\\\/\",\"https:\\\/\\\/www.youtube.com\\\/channel\\\/UCT3uVzTt8jiJ2qdhuosHPvg\"]}]}<\/script>\n<!-- \/ Yoast SEO plugin. -->","yoast_head_json":{"title":"Robert Ross - CURESZ Foundation","description":"It was around middle school when my earliest schizoaffective symptoms started to manifest. My mind would often wander.","robots":{"index":"index","follow":"follow","max-snippet":"max-snippet:-1","max-image-preview":"max-image-preview:large","max-video-preview":"max-video-preview:-1"},"canonical":"https:\/\/curesz.org\/pt_pt\/survivors\/robert-ross\/","og_locale":"pt_PT","og_type":"article","og_title":"Robert Ross - CURESZ Foundation","og_description":"It was around middle school when my earliest schizoaffective symptoms started to manifest. My mind would often wander.","og_url":"https:\/\/curesz.org\/pt_pt\/survivors\/robert-ross\/","og_site_name":"CURESZ Foundation","article_publisher":"https:\/\/www.facebook.com\/Cureszorg\/","article_modified_time":"2024-01-05T19:37:38+00:00","twitter_card":"summary_large_image","twitter_site":"@cureszorg","twitter_misc":{"Tempo estimado de leitura":"7 minutos"},"schema":{"@context":"https:\/\/schema.org","@graph":[{"@type":"WebPage","@id":"https:\/\/curesz.org\/survivors\/robert-ross\/","url":"https:\/\/curesz.org\/survivors\/robert-ross\/","name":"Robert Ross - CURESZ Foundation","isPartOf":{"@id":"https:\/\/curesz.org\/#website"},"datePublished":"2023-03-27T13:25:52+00:00","dateModified":"2024-01-05T19:37:38+00:00","description":"It was around middle school when my earliest schizoaffective symptoms started to manifest. My mind would often wander.","breadcrumb":{"@id":"https:\/\/curesz.org\/survivors\/robert-ross\/#breadcrumb"},"inLanguage":"pt-PT","potentialAction":[{"@type":"ReadAction","target":["https:\/\/curesz.org\/survivors\/robert-ross\/"]}]},{"@type":"BreadcrumbList","@id":"https:\/\/curesz.org\/survivors\/robert-ross\/#breadcrumb","itemListElement":[{"@type":"ListItem","position":1,"name":"Home","item":"https:\/\/curesz.org\/"},{"@type":"ListItem","position":2,"name":"Survivors","item":"https:\/\/curesz.org\/survivors\/"},{"@type":"ListItem","position":3,"name":"Robert Ross"}]},{"@type":"WebSite","@id":"https:\/\/curesz.org\/#website","url":"https:\/\/curesz.org\/","name":"Funda\u00e7\u00e3o CURESZ","description":"A Funda\u00e7\u00e3o CURESZ fornece atualiza\u00e7\u00f5es educacionais para pacientes, familiares, profissionais de sa\u00fade e p\u00fablico em geral sobre esquizofrenia.","publisher":{"@id":"https:\/\/curesz.org\/#organization"},"potentialAction":[{"@type":"SearchAction","target":{"@type":"EntryPoint","urlTemplate":"https:\/\/curesz.org\/?s={search_term_string}"},"query-input":{"@type":"PropertyValueSpecification","valueRequired":true,"valueName":"search_term_string"}}],"inLanguage":"pt-PT"},{"@type":"Organization","@id":"https:\/\/curesz.org\/#organization","name":"Curesz Foundation","url":"https:\/\/curesz.org\/","logo":{"@type":"ImageObject","inLanguage":"pt-PT","@id":"https:\/\/curesz.org\/#\/schema\/logo\/image\/","url":"https:\/\/curesz.org\/wp-content\/uploads\/2020\/02\/cropped-Logo-with-Foundation-Custom.png","contentUrl":"https:\/\/curesz.org\/wp-content\/uploads\/2020\/02\/cropped-Logo-with-Foundation-Custom.png","width":200,"height":133,"caption":"Curesz Foundation"},"image":{"@id":"https:\/\/curesz.org\/#\/schema\/logo\/image\/"},"sameAs":["https:\/\/www.facebook.com\/Cureszorg\/","https:\/\/x.com\/cureszorg","https:\/\/www.instagram.com\/cureszfoundation\/","https:\/\/www.youtube.com\/channel\/UCT3uVzTt8jiJ2qdhuosHPvg"]}]}},"_links":{"self":[{"href":"https:\/\/curesz.org\/pt_pt\/wp-json\/wp\/v2\/pages\/5087","targetHints":{"allow":["GET"]}}],"collection":[{"href":"https:\/\/curesz.org\/pt_pt\/wp-json\/wp\/v2\/pages"}],"about":[{"href":"https:\/\/curesz.org\/pt_pt\/wp-json\/wp\/v2\/types\/page"}],"author":[{"embeddable":true,"href":"https:\/\/curesz.org\/pt_pt\/wp-json\/wp\/v2\/users\/3"}],"replies":[{"embeddable":true,"href":"https:\/\/curesz.org\/pt_pt\/wp-json\/wp\/v2\/comments?post=5087"}],"version-history":[{"count":5,"href":"https:\/\/curesz.org\/pt_pt\/wp-json\/wp\/v2\/pages\/5087\/revisions"}],"predecessor-version":[{"id":5615,"href":"https:\/\/curesz.org\/pt_pt\/wp-json\/wp\/v2\/pages\/5087\/revisions\/5615"}],"up":[{"embeddable":true,"href":"https:\/\/curesz.org\/pt_pt\/wp-json\/wp\/v2\/pages\/35"}],"wp:attachment":[{"href":"https:\/\/curesz.org\/pt_pt\/wp-json\/wp\/v2\/media?parent=5087"}],"curies":[{"name":"wp","href":"https:\/\/api.w.org\/{rel}","templated":true}]}}