{"id":5275,"date":"2023-07-21T17:18:11","date_gmt":"2023-07-21T21:18:11","guid":{"rendered":"https:\/\/curesz.org\/?page_id=5275"},"modified":"2024-01-05T11:10:46","modified_gmt":"2024-01-05T16:10:46","slug":"millie-vine","status":"publish","type":"page","link":"https:\/\/curesz.org\/pt_pt\/survivors\/millie-vine\/","title":{"rendered":"Millie Vine"},"content":{"rendered":"<p><div class=\"fusion-fullwidth fullwidth-box fusion-builder-row-1 fusion-flex-container nonhundred-percent-fullwidth non-hundred-percent-height-scrolling\" style=\"--awb-border-radius-top-left:0px;--awb-border-radius-top-right:0px;--awb-border-radius-bottom-right:0px;--awb-border-radius-bottom-left:0px;--awb-flex-wrap:wrap;\" ><div class=\"fusion-builder-row fusion-row fusion-flex-align-items-flex-start fusion-flex-content-wrap\" style=\"max-width:1352px;margin-left: calc(-4% \/ 2 );margin-right: calc(-4% \/ 2 );\"><div class=\"fusion-layout-column fusion_builder_column fusion-builder-column-0 fusion_builder_column_1_4 1_4 fusion-flex-column\" style=\"--awb-bg-size:cover;--awb-width-large:25%;--awb-margin-top-large:0px;--awb-spacing-right-large:7.68%;--awb-margin-bottom-large:20px;--awb-spacing-left-large:7.68%;--awb-width-medium:100%;--awb-spacing-right-medium:1.92%;--awb-spacing-left-medium:1.92%;--awb-width-small:100%;--awb-spacing-right-small:1.92%;--awb-spacing-left-small:1.92%;\"><div class=\"fusion-column-wrapper fusion-column-has-shadow fusion-flex-justify-content-flex-start fusion-content-layout-column\"><div class=\"fusion-image-element\" style=\"--awb-caption-title-font-family:var(--h2_typography-font-family);--awb-caption-title-font-weight:var(--h2_typography-font-weight);--awb-caption-title-font-style:var(--h2_typography-font-style);--awb-caption-title-size:var(--h2_typography-font-size);--awb-caption-title-transform:var(--h2_typography-text-transform);--awb-caption-title-line-height:var(--h2_typography-line-height);--awb-caption-title-letter-spacing:var(--h2_typography-letter-spacing);\"><span class=\"fusion-imageframe imageframe-none imageframe-1 hover-type-none\"><img decoding=\"async\" width=\"600\" height=\"576\" title=\"Millie\" src=\"https:\/\/curesz.org\/wp-content\/uploads\/2023\/07\/Millie.jpg\" data-orig-src=\"https:\/\/curesz.org\/wp-content\/uploads\/2023\/07\/Millie.jpg\" alt class=\"lazyload img-responsive wp-image-5276\" srcset=\"data:image\/svg+xml,%3Csvg%20xmlns%3D%27http%3A%2F%2Fwww.w3.org%2F2000%2Fsvg%27%20width%3D%27600%27%20height%3D%27576%27%20viewBox%3D%270%200%20600%20576%27%3E%3Crect%20width%3D%27600%27%20height%3D%27576%27%20fill-opacity%3D%220%22%2F%3E%3C%2Fsvg%3E\" data-srcset=\"https:\/\/curesz.org\/wp-content\/uploads\/2023\/07\/Millie-200x192.jpg 200w, https:\/\/curesz.org\/wp-content\/uploads\/2023\/07\/Millie-400x384.jpg 400w, https:\/\/curesz.org\/wp-content\/uploads\/2023\/07\/Millie.jpg 600w\" data-sizes=\"auto\" data-orig-sizes=\"(max-width: 1024px) 100vw, (max-width: 640px) 100vw, 400px\" \/><\/span><\/div><div class=\"fusion-text fusion-text-1\"><p><strong>Millie Vine<\/strong><\/p>\n<\/div><\/div><\/div><div class=\"fusion-layout-column fusion_builder_column fusion-builder-column-1 fusion_builder_column_3_4 3_4 fusion-flex-column\" style=\"--awb-bg-size:cover;--awb-width-large:75%;--awb-margin-top-large:0px;--awb-spacing-right-large:2.56%;--awb-margin-bottom-large:20px;--awb-spacing-left-large:2.56%;--awb-width-medium:100%;--awb-spacing-right-medium:1.92%;--awb-spacing-left-medium:1.92%;--awb-width-small:100%;--awb-spacing-right-small:1.92%;--awb-spacing-left-small:1.92%;\"><div class=\"fusion-column-wrapper fusion-column-has-shadow fusion-flex-justify-content-flex-start fusion-content-layout-column\"><div class=\"fusion-text fusion-text-2\"><p><strong>Chefe de cozinha de sucesso: Millie Vine (pseud\u00f3nimo)<\/strong><\/p>\n<p>Cresci numa fam\u00edlia est\u00e1vel e carinhosa. Frequentei excelentes escolas p\u00fablicas e pratiquei desportos de competi\u00e7\u00e3o, incluindo futebol, nata\u00e7\u00e3o, basquetebol e voleibol. Depois de trabalhar arduamente durante o ensino b\u00e1sico e secund\u00e1rio, formei-me com distin\u00e7\u00e3o.<\/p>\n<p>Em 2010, comecei a frequentar a faculdade numa universidade do Oregon com uma bolsa de estudo para praticar remo, apesar de nunca o ter feito em competi\u00e7\u00e3o. Adorava remar nas m\u00e1quinas erg (m\u00e1quinas que simulam a remada na \u00e1gua), bem como estar na \u00e1gua, mas a press\u00e3o de um desporto universit\u00e1rio altamente competitivo era demasiado intensa para mim, pelo que desisti ao fim de um ano.<\/p>\n<p>Sempre gostei muito de cozinhar, por isso decidi dedicar-me \u00e0 ci\u00eancia alimentar. Consegui um emprego no campus numa f\u00e1brica de lactic\u00ednios que produzia queijo, onde pude usar a minha paix\u00e3o pela profiss\u00e3o pela primeira vez. Cheguei mesmo a ficar em segundo lugar num concurso universit\u00e1rio sobre formas criativas de utilizar o soro de leite, um subproduto do fabrico de queijo. Apesar de ter conseguido fazer a transi\u00e7\u00e3o da equipa de remo para um amor pela cozinha que durou toda a vida, nem tudo estava bem. As minhas notas come\u00e7aram a descer e gastei as minhas poupan\u00e7as em decora\u00e7\u00e3o, artigos de cozinha, comida e maquilhagem, na esperan\u00e7a de que isso me fizesse sentir melhor. Tendo crescido com c\u00e3es e gatos, reconhe\u00e7o o benef\u00edcio emocional que eles proporcionam. Sentindo saudades da fam\u00edlia e dos meus animais, arranjei um gato de smoking muito querido.<\/p>\n<p>Durante o meu \u00faltimo ano de faculdade, fiquei ansioso e os meus amigos recomendaram-me gomas de marijuana para me acalmar os nervos. Eu n\u00e3o consumia drogas, por isso n\u00e3o tinha toler\u00e2ncia \u00e0 marijuana. Os meus m\u00e9dicos disseram que, como eu sofria de depress\u00e3o e a minha mente era fr\u00e1gil, a marijuana precipitou um surto psic\u00f3tico. Fui ao hospital v\u00e1rias noites, sabendo que algo estava errado, mas eles simplesmente me consideravam um consumidor de drogas. Por fim, o psiquiatra telefonou \u00e0 minha m\u00e3e e disse-lhe que eu tinha um grave problema de droga. Ela e a minha tia conduziram durante 10 horas pela noite dentro e encontraram-me na Janis House, um centro de acolhimento para toxicodependentes e alco\u00f3licos. Eu ainda estava a meio de um surto psic\u00f3tico.<\/p>\n<p>Por estar t\u00e3o embara\u00e7ado, com medo e envergonhado, n\u00e3o via a minha m\u00e3e durante horas ap\u00f3s a sua chegada. Depois de dias de confus\u00e3o e da incapacidade dos servi\u00e7os de sa\u00fade mental de reconhecerem as minhas necessidades imediatas, desisti das aulas e o meu pai voou para me levar para casa. Vivi num nevoeiro, sentindo-me um fracasso. O futuro que eu esperava construir mudou abruptamente \u00e0 medida que a minha depend\u00eancia dos meus pais aumentava.<\/p>\n<p>No in\u00edcio do meu diagn\u00f3stico, implorei aos meus pais que encontrassem ajuda para mim. Ia a qualquer lado. N\u00e3o conseguia lidar com as vozes degradantes e as alucina\u00e7\u00f5es. A medica\u00e7\u00e3o tamb\u00e9m me fazia sentir extremamente desligado da realidade.<\/p>\n<p>\u00c9 dif\u00edcil encontrar centros de sa\u00fade mental com internamento se n\u00e3o se sofre tamb\u00e9m de depend\u00eancias. Aprendi que encontrar cuidados de sa\u00fade mental de alta qualidade \u00e9 incrivelmente dif\u00edcil em geral, mas foi ainda mais dif\u00edcil para mim porque vivo num estado que ocupa o 51\u00ba lugar no ranking nacional de cuidados de sa\u00fade mental.<\/p>\n<p>Felizmente, tenho uma fam\u00edlia que me ama e que tem conseguido lutar por mim, mesmo quando eu n\u00e3o sou capaz. Na Calif\u00f3rnia, encontr\u00e1mos um centro de tratamento que parecia ser adequado. Ao fim de um m\u00eas, sentia-me menos paranoico, pelo que regressei a casa. Infelizmente, esta pausa n\u00e3o durou muito tempo. Nessa altura, o meu psiquiatra reformou-se, o que me lan\u00e7ou numa espiral descendente.<\/p>\n<p>Encontrei outro psiquiatra que tinha mais respeito pela minha doen\u00e7a e percebeu a import\u00e2ncia da minha liga\u00e7\u00e3o com a fam\u00edlia. Ele tamb\u00e9m tinha expectativas mais elevadas relativamente \u00e0 minha recupera\u00e7\u00e3o. Em vez de chamar a pol\u00edcia quando me sentia suicida, ele contactou os meus pais, que puseram em marcha as ac\u00e7\u00f5es adequadas.<\/p>\n<p>Em 2019, participei num semin\u00e1rio do Instituto Elyn Saks na Universidade do Sul da Calif\u00f3rnia, onde aprendi que muitas pessoas que sofrem de doen\u00e7as mentais graves podem ter uma vida de sucesso. Neste semin\u00e1rio, fiquei a conhecer os pr\u00f3s e os contras da clozapina. Posteriormente, fui ver o Dr. Steven Marder que me aconselhou a come\u00e7ar a tomar clozapina, uma vez que sete medicamentos anteriores n\u00e3o tinham aliviado os meus sintomas. Pedi \u00e0 minha equipa de tratamento para come\u00e7ar a tomar clozapina. As an\u00e1lises ao sangue t\u00eam sido \u00e1rduas, mas os resultados para mim t\u00eam mudado a minha vida.<\/p>\n<p>Embora ainda esteja a aprender a viver com a minha doen\u00e7a, reparei em algumas coisas que me ajudam a manter-me bem: tomar a minha medica\u00e7\u00e3o, comunicar honestamente com a minha fam\u00edlia e com a equipa de cuidados de sa\u00fade e ter um estilo de vida mais ativo e com objectivos.<\/p>\n<p>Para al\u00e9m de consultar o meu psiquiatra, trabalho com um conselheiro familiar, um conselheiro pessoal e um m\u00e9dico de cl\u00ednica geral fant\u00e1stico. Todos eles contribu\u00edram para a minha recupera\u00e7\u00e3o. Sinto que lhes coloco um desafio, mas estou determinado a n\u00e3o ser um inv\u00e1lido devido \u00e0 minha doen\u00e7a. A minha fam\u00edlia e eu n\u00e3o estamos satisfeitos com a ideia de que terei de viver numa institui\u00e7\u00e3o ou em casa, como me foi dito inicialmente.<\/p>\n<p>O meu irm\u00e3o g\u00e9meo, Scott, tem sido um apoio constante. Ele mudou-se v\u00e1rias vezes por causa da escola, o que \u00e9 dif\u00edcil para mim, mas sei que posso contact\u00e1-lo a qualquer momento. Ele conhece os meus pontos fortes e fracos; consegue sentir melhor do que ningu\u00e9m quando preciso de ajuda. Preocupa-me ser um fardo para ele, o que aumenta a minha determina\u00e7\u00e3o em melhorar.<\/p>\n<p>Ter um emprego proporciona uma sensa\u00e7\u00e3o de realiza\u00e7\u00e3o, bem como um meio para a independ\u00eancia financeira. Depois de me mudar para casa, uma chefe de cozinha reconheceu o meu talento e o desejo de melhorar os meus dotes culin\u00e1rios, pelo que me ofereceu um emprego para trabalhar numa despensa na linha de produ\u00e7\u00e3o. Isto implicava fazer todas as sobremesas, saladas e aperitivos. O trabalho deu-me um objetivo. Felizmente, os meus colegas reconheciam e apreciavam as minhas capacidades, mas tamb\u00e9m compreendiam a minha doen\u00e7a. Trabalhei a tempo inteiro, incluindo o servi\u00e7o noturno, mas o stress fez com que as minhas alucina\u00e7\u00f5es voltassem com for\u00e7a. Ao longo do tempo, fui aprendendo a gerir essas alucina\u00e7\u00f5es.<\/p>\n<p>Infelizmente, devido \u00e0 COVID-19, o restaurante fechou e n\u00e3o voltar\u00e1 a abrir. Atualmente, passei a fazer pequenos servi\u00e7os de catering familiar. Tamb\u00e9m trabalho 30 horas numa loja de queijos. H\u00e1 cinco anos que vivo sozinho com o apoio financeiro da minha fam\u00edlia.<\/p>\n<p>O meu objetivo \u00e9 encontrar outro emprego num restaurante ou transformar o meu neg\u00f3cio de catering num neg\u00f3cio a tempo inteiro, para me tornar financeiramente independente. Tamb\u00e9m tenciono terminar o meu curso universit\u00e1rio e ficar em melhor forma f\u00edsica. Formar rela\u00e7\u00f5es mais significativas tamb\u00e9m \u00e9 importante para mim, e espero tornar-me um defensor e lutar contra as conota\u00e7\u00f5es negativas que as pessoas t\u00eam da esquizofrenia. Realizei um sonho de toda a vida ao acrescentar um cachorro boxer \u00e0 minha vida. Ela vai ajudar-me a navegar entre a realidade e as alucina\u00e7\u00f5es. Durante dois anos, frequent\u00e1mos aulas e ela \u00e9 agora um c\u00e3o de terapia registado.<\/p>\n<p>Hoje, percebo que a minha independ\u00eancia e liberdade dependem da minha capacidade de tomar decis\u00f5es conscientes para tomar os meus medicamentos, pedir ajuda quando preciso e cuidar de mim f\u00edsica e mentalmente. Eu encorajaria os jovens que lutam contra a esquizofrenia a procurar um objetivo. O trabalho na minha \u00e1rea ajudou-me a encontrar-me e tem sido fundamental para a minha recupera\u00e7\u00e3o.<\/p>\n<h2><\/h2>\n<\/div><\/div><\/div><\/div><\/div><div class=\"fusion-fullwidth fullwidth-box fusion-builder-row-2 fusion-flex-container hundred-percent-fullwidth non-hundred-percent-height-scrolling\" style=\"--awb-border-radius-top-left:0px;--awb-border-radius-top-right:0px;--awb-border-radius-bottom-right:0px;--awb-border-radius-bottom-left:0px;--awb-padding-top:0px;--awb-padding-right:0px;--awb-padding-bottom:0px;--awb-padding-left:0px;--awb-margin-top:0px;--awb-margin-bottom:0px;--awb-background-color:#015da7;--awb-flex-wrap:wrap;\" ><div class=\"fusion-builder-row fusion-row fusion-flex-align-items-flex-start fusion-flex-content-wrap\" style=\"width:104% !important;max-width:104% !important;margin-left: calc(-4% \/ 2 );margin-right: calc(-4% \/ 2 );\"><\/div><\/div>\n<\/p>","protected":false},"excerpt":{"rendered":"","protected":false},"author":3,"featured_media":0,"parent":35,"menu_order":0,"comment_status":"closed","ping_status":"closed","template":"100-width.php","meta":{"_acf_changed":false,"footnotes":""},"class_list":["post-5275","page","type-page","status-publish","hentry"],"acf":[],"yoast_head":"<!-- This site is optimized with the Yoast SEO plugin v27.3 - https:\/\/yoast.com\/product\/yoast-seo-wordpress\/ -->\n<title>Millie Vine - CURESZ Foundation<\/title>\n<meta name=\"robots\" content=\"index, follow, max-snippet:-1, max-image-preview:large, max-video-preview:-1\" \/>\n<link rel=\"canonical\" href=\"https:\/\/curesz.org\/pt_pt\/survivors\/millie-vine\/\" \/>\n<meta property=\"og:locale\" content=\"pt_PT\" \/>\n<meta property=\"og:type\" content=\"article\" \/>\n<meta property=\"og:title\" content=\"Millie Vine - CURESZ Foundation\" \/>\n<meta property=\"og:url\" content=\"https:\/\/curesz.org\/pt_pt\/survivors\/millie-vine\/\" \/>\n<meta property=\"og:site_name\" content=\"CURESZ Foundation\" \/>\n<meta property=\"article:publisher\" content=\"https:\/\/www.facebook.com\/Cureszorg\/\" \/>\n<meta property=\"article:modified_time\" content=\"2024-01-05T16:10:46+00:00\" \/>\n<meta name=\"twitter:card\" content=\"summary_large_image\" \/>\n<meta name=\"twitter:site\" content=\"@cureszorg\" \/>\n<meta name=\"twitter:label1\" content=\"Tempo estimado de leitura\" \/>\n\t<meta name=\"twitter:data1\" content=\"7 minutos\" \/>\n<script type=\"application\/ld+json\" class=\"yoast-schema-graph\">{\"@context\":\"https:\\\/\\\/schema.org\",\"@graph\":[{\"@type\":\"WebPage\",\"@id\":\"https:\\\/\\\/curesz.org\\\/survivors\\\/millie-vine\\\/\",\"url\":\"https:\\\/\\\/curesz.org\\\/survivors\\\/millie-vine\\\/\",\"name\":\"Millie Vine - CURESZ Foundation\",\"isPartOf\":{\"@id\":\"https:\\\/\\\/curesz.org\\\/#website\"},\"datePublished\":\"2023-07-21T21:18:11+00:00\",\"dateModified\":\"2024-01-05T16:10:46+00:00\",\"breadcrumb\":{\"@id\":\"https:\\\/\\\/curesz.org\\\/survivors\\\/millie-vine\\\/#breadcrumb\"},\"inLanguage\":\"pt-PT\",\"potentialAction\":[{\"@type\":\"ReadAction\",\"target\":[\"https:\\\/\\\/curesz.org\\\/survivors\\\/millie-vine\\\/\"]}]},{\"@type\":\"BreadcrumbList\",\"@id\":\"https:\\\/\\\/curesz.org\\\/survivors\\\/millie-vine\\\/#breadcrumb\",\"itemListElement\":[{\"@type\":\"ListItem\",\"position\":1,\"name\":\"Home\",\"item\":\"https:\\\/\\\/curesz.org\\\/\"},{\"@type\":\"ListItem\",\"position\":2,\"name\":\"Survivors\",\"item\":\"https:\\\/\\\/curesz.org\\\/survivors\\\/\"},{\"@type\":\"ListItem\",\"position\":3,\"name\":\"Millie Vine\"}]},{\"@type\":\"WebSite\",\"@id\":\"https:\\\/\\\/curesz.org\\\/#website\",\"url\":\"https:\\\/\\\/curesz.org\\\/\",\"name\":\"CURESZ Foundation\",\"description\":\"The CURESZ Foundation provides educational updates to patients, families, healthcare professionals and the general public about schizophrenia.\",\"publisher\":{\"@id\":\"https:\\\/\\\/curesz.org\\\/#organization\"},\"potentialAction\":[{\"@type\":\"SearchAction\",\"target\":{\"@type\":\"EntryPoint\",\"urlTemplate\":\"https:\\\/\\\/curesz.org\\\/?s={search_term_string}\"},\"query-input\":{\"@type\":\"PropertyValueSpecification\",\"valueRequired\":true,\"valueName\":\"search_term_string\"}}],\"inLanguage\":\"pt-PT\"},{\"@type\":\"Organization\",\"@id\":\"https:\\\/\\\/curesz.org\\\/#organization\",\"name\":\"Curesz Foundation\",\"url\":\"https:\\\/\\\/curesz.org\\\/\",\"logo\":{\"@type\":\"ImageObject\",\"inLanguage\":\"pt-PT\",\"@id\":\"https:\\\/\\\/curesz.org\\\/#\\\/schema\\\/logo\\\/image\\\/\",\"url\":\"https:\\\/\\\/curesz.org\\\/wp-content\\\/uploads\\\/2020\\\/02\\\/cropped-Logo-with-Foundation-Custom.png\",\"contentUrl\":\"https:\\\/\\\/curesz.org\\\/wp-content\\\/uploads\\\/2020\\\/02\\\/cropped-Logo-with-Foundation-Custom.png\",\"width\":200,\"height\":133,\"caption\":\"Curesz Foundation\"},\"image\":{\"@id\":\"https:\\\/\\\/curesz.org\\\/#\\\/schema\\\/logo\\\/image\\\/\"},\"sameAs\":[\"https:\\\/\\\/www.facebook.com\\\/Cureszorg\\\/\",\"https:\\\/\\\/x.com\\\/cureszorg\",\"https:\\\/\\\/www.instagram.com\\\/cureszfoundation\\\/\",\"https:\\\/\\\/www.youtube.com\\\/channel\\\/UCT3uVzTt8jiJ2qdhuosHPvg\"]}]}<\/script>\n<!-- \/ Yoast SEO plugin. -->","yoast_head_json":{"title":"Millie Vine - CURESZ Foundation","robots":{"index":"index","follow":"follow","max-snippet":"max-snippet:-1","max-image-preview":"max-image-preview:large","max-video-preview":"max-video-preview:-1"},"canonical":"https:\/\/curesz.org\/pt_pt\/survivors\/millie-vine\/","og_locale":"pt_PT","og_type":"article","og_title":"Millie Vine - CURESZ Foundation","og_url":"https:\/\/curesz.org\/pt_pt\/survivors\/millie-vine\/","og_site_name":"CURESZ Foundation","article_publisher":"https:\/\/www.facebook.com\/Cureszorg\/","article_modified_time":"2024-01-05T16:10:46+00:00","twitter_card":"summary_large_image","twitter_site":"@cureszorg","twitter_misc":{"Tempo estimado de leitura":"7 minutos"},"schema":{"@context":"https:\/\/schema.org","@graph":[{"@type":"WebPage","@id":"https:\/\/curesz.org\/survivors\/millie-vine\/","url":"https:\/\/curesz.org\/survivors\/millie-vine\/","name":"Millie Vine - CURESZ Foundation","isPartOf":{"@id":"https:\/\/curesz.org\/#website"},"datePublished":"2023-07-21T21:18:11+00:00","dateModified":"2024-01-05T16:10:46+00:00","breadcrumb":{"@id":"https:\/\/curesz.org\/survivors\/millie-vine\/#breadcrumb"},"inLanguage":"pt-PT","potentialAction":[{"@type":"ReadAction","target":["https:\/\/curesz.org\/survivors\/millie-vine\/"]}]},{"@type":"BreadcrumbList","@id":"https:\/\/curesz.org\/survivors\/millie-vine\/#breadcrumb","itemListElement":[{"@type":"ListItem","position":1,"name":"Home","item":"https:\/\/curesz.org\/"},{"@type":"ListItem","position":2,"name":"Survivors","item":"https:\/\/curesz.org\/survivors\/"},{"@type":"ListItem","position":3,"name":"Millie Vine"}]},{"@type":"WebSite","@id":"https:\/\/curesz.org\/#website","url":"https:\/\/curesz.org\/","name":"Funda\u00e7\u00e3o CURESZ","description":"A Funda\u00e7\u00e3o CURESZ fornece atualiza\u00e7\u00f5es educacionais para pacientes, familiares, profissionais de sa\u00fade e p\u00fablico em geral sobre esquizofrenia.","publisher":{"@id":"https:\/\/curesz.org\/#organization"},"potentialAction":[{"@type":"SearchAction","target":{"@type":"EntryPoint","urlTemplate":"https:\/\/curesz.org\/?s={search_term_string}"},"query-input":{"@type":"PropertyValueSpecification","valueRequired":true,"valueName":"search_term_string"}}],"inLanguage":"pt-PT"},{"@type":"Organization","@id":"https:\/\/curesz.org\/#organization","name":"Curesz Foundation","url":"https:\/\/curesz.org\/","logo":{"@type":"ImageObject","inLanguage":"pt-PT","@id":"https:\/\/curesz.org\/#\/schema\/logo\/image\/","url":"https:\/\/curesz.org\/wp-content\/uploads\/2020\/02\/cropped-Logo-with-Foundation-Custom.png","contentUrl":"https:\/\/curesz.org\/wp-content\/uploads\/2020\/02\/cropped-Logo-with-Foundation-Custom.png","width":200,"height":133,"caption":"Curesz Foundation"},"image":{"@id":"https:\/\/curesz.org\/#\/schema\/logo\/image\/"},"sameAs":["https:\/\/www.facebook.com\/Cureszorg\/","https:\/\/x.com\/cureszorg","https:\/\/www.instagram.com\/cureszfoundation\/","https:\/\/www.youtube.com\/channel\/UCT3uVzTt8jiJ2qdhuosHPvg"]}]}},"_links":{"self":[{"href":"https:\/\/curesz.org\/pt_pt\/wp-json\/wp\/v2\/pages\/5275","targetHints":{"allow":["GET"]}}],"collection":[{"href":"https:\/\/curesz.org\/pt_pt\/wp-json\/wp\/v2\/pages"}],"about":[{"href":"https:\/\/curesz.org\/pt_pt\/wp-json\/wp\/v2\/types\/page"}],"author":[{"embeddable":true,"href":"https:\/\/curesz.org\/pt_pt\/wp-json\/wp\/v2\/users\/3"}],"replies":[{"embeddable":true,"href":"https:\/\/curesz.org\/pt_pt\/wp-json\/wp\/v2\/comments?post=5275"}],"version-history":[{"count":6,"href":"https:\/\/curesz.org\/pt_pt\/wp-json\/wp\/v2\/pages\/5275\/revisions"}],"predecessor-version":[{"id":5591,"href":"https:\/\/curesz.org\/pt_pt\/wp-json\/wp\/v2\/pages\/5275\/revisions\/5591"}],"up":[{"embeddable":true,"href":"https:\/\/curesz.org\/pt_pt\/wp-json\/wp\/v2\/pages\/35"}],"wp:attachment":[{"href":"https:\/\/curesz.org\/pt_pt\/wp-json\/wp\/v2\/media?parent=5275"}],"curies":[{"name":"wp","href":"https:\/\/api.w.org\/{rel}","templated":true}]}}