{"id":5393,"date":"2023-09-17T21:05:07","date_gmt":"2023-09-18T01:05:07","guid":{"rendered":"https:\/\/curesz.org\/?page_id=5393"},"modified":"2023-09-17T21:05:07","modified_gmt":"2023-09-18T01:05:07","slug":"greater-cincinnati-behavioral-health","status":"publish","type":"page","link":"https:\/\/curesz.org\/pt_pt\/greater-cincinnati-behavioral-health\/","title":{"rendered":"Sa\u00fade Comportamental da Grande Cincinnati"},"content":{"rendered":"<p><img decoding=\"async\" class=\"lazyload alignnone wp-image-5394\" src=\"https:\/\/curesz.org\/wp-content\/uploads\/2023\/09\/GCBH-primary_logo-Hi-res.jpg\" data-orig-src=\"https:\/\/curesz.org\/wp-content\/uploads\/2023\/09\/GCBH-primary_logo-Hi-res.jpg\" alt=\"\" width=\"673\" height=\"223\" srcset=\"data:image\/svg+xml,%3Csvg%20xmlns%3D%27http%3A%2F%2Fwww.w3.org%2F2000%2Fsvg%27%20width%3D%27673%27%20height%3D%27223%27%20viewBox%3D%270%200%20673%20223%27%3E%3Crect%20width%3D%27673%27%20height%3D%27223%27%20fill-opacity%3D%220%22%2F%3E%3C%2Fsvg%3E\" data-srcset=\"https:\/\/curesz.org\/wp-content\/uploads\/2023\/09\/GCBH-primary_logo-Hi-res-18x6.jpg 18w, https:\/\/curesz.org\/wp-content\/uploads\/2023\/09\/GCBH-primary_logo-Hi-res-200x66.jpg 200w, https:\/\/curesz.org\/wp-content\/uploads\/2023\/09\/GCBH-primary_logo-Hi-res-300x99.jpg 300w, https:\/\/curesz.org\/wp-content\/uploads\/2023\/09\/GCBH-primary_logo-Hi-res-400x132.jpg 400w, https:\/\/curesz.org\/wp-content\/uploads\/2023\/09\/GCBH-primary_logo-Hi-res-600x199.jpg 600w, https:\/\/curesz.org\/wp-content\/uploads\/2023\/09\/GCBH-primary_logo-Hi-res-768x254.jpg 768w, https:\/\/curesz.org\/wp-content\/uploads\/2023\/09\/GCBH-primary_logo-Hi-res-800x265.jpg 800w, https:\/\/curesz.org\/wp-content\/uploads\/2023\/09\/GCBH-primary_logo-Hi-res-1024x339.jpg 1024w, https:\/\/curesz.org\/wp-content\/uploads\/2023\/09\/GCBH-primary_logo-Hi-res-1200x397.jpg 1200w, https:\/\/curesz.org\/wp-content\/uploads\/2023\/09\/GCBH-primary_logo-Hi-res-1536x509.jpg 1536w, https:\/\/curesz.org\/wp-content\/uploads\/2023\/09\/GCBH-primary_logo-Hi-res.jpg 1875w\" data-sizes=\"auto\" data-orig-sizes=\"(max-width: 673px) 100vw, 673px\" \/><\/p>\n<p><strong><em>Quando algu\u00e9m n\u00e3o \u00e9 diagnosticado com uma doen\u00e7a mental grave, como a esquizofrenia, e n\u00e3o tem acesso a cuidados, as necessidades n\u00e3o s\u00e3o atendidas e os sintomas aumentam. Organiza\u00e7\u00f5es, como os Servi\u00e7os de Sa\u00fade Comportamental da Grande Cincinnati (GCBHS), no sudoeste de Ohio, oferecem apoio intensivo a estes indiv\u00edduos que s\u00e3o frequentemente esquecidos e s\u00e3o alguns dos mais vulner\u00e1veis entre n\u00f3s. As equipes de Tratamento Comunit\u00e1rio Assertivo (ACT) do GCBHS concentram-se n\u00e3o apenas nas op\u00e7\u00f5es de tratamento, mas tamb\u00e9m em outros apoios abrangentes que atendem \u00e0s necessidades b\u00e1sicas. As equipes ACT s\u00e3o compostas por v\u00e1rios especialistas cujo objetivo combinado \u00e9 defender os clientes acessando os recursos da comunidade. As equipes ACT se concentram em ajudar a estabilizar o cliente e fazer com que ele passe para um n\u00edvel de atendimento inferior.<\/em><\/strong><\/p>\n<p><img decoding=\"async\" class=\"lazyload wp-image-5396 alignright\" src=\"https:\/\/curesz.org\/wp-content\/uploads\/2023\/09\/Dawn-2-scaled.jpeg\" data-orig-src=\"https:\/\/curesz.org\/wp-content\/uploads\/2023\/09\/Dawn-2-scaled.jpeg\" alt=\"\" width=\"285\" height=\"214\" srcset=\"data:image\/svg+xml,%3Csvg%20xmlns%3D%27http%3A%2F%2Fwww.w3.org%2F2000%2Fsvg%27%20width%3D%27285%27%20height%3D%27214%27%20viewBox%3D%270%200%20285%20214%27%3E%3Crect%20width%3D%27285%27%20height%3D%27214%27%20fill-opacity%3D%220%22%2F%3E%3C%2Fsvg%3E\" data-srcset=\"https:\/\/curesz.org\/wp-content\/uploads\/2023\/09\/Dawn-2-16x12.jpeg 16w, https:\/\/curesz.org\/wp-content\/uploads\/2023\/09\/Dawn-2-200x150.jpeg 200w, https:\/\/curesz.org\/wp-content\/uploads\/2023\/09\/Dawn-2-300x225.jpeg 300w, https:\/\/curesz.org\/wp-content\/uploads\/2023\/09\/Dawn-2-400x300.jpeg 400w, https:\/\/curesz.org\/wp-content\/uploads\/2023\/09\/Dawn-2-600x450.jpeg 600w, https:\/\/curesz.org\/wp-content\/uploads\/2023\/09\/Dawn-2-768x576.jpeg 768w, https:\/\/curesz.org\/wp-content\/uploads\/2023\/09\/Dawn-2-800x600.jpeg 800w, https:\/\/curesz.org\/wp-content\/uploads\/2023\/09\/Dawn-2-1024x768.jpeg 1024w, https:\/\/curesz.org\/wp-content\/uploads\/2023\/09\/Dawn-2-1200x900.jpeg 1200w, https:\/\/curesz.org\/wp-content\/uploads\/2023\/09\/Dawn-2-1536x1152.jpeg 1536w, https:\/\/curesz.org\/wp-content\/uploads\/2023\/09\/Dawn-2-scaled.jpeg 2560w\" data-sizes=\"auto\" data-orig-sizes=\"(max-width: 285px) 100vw, 285px\" \/><\/p>\n<p>Os Servi\u00e7os de Sa\u00fade Comportamental da Grande Cincinnati (GCBHS) t\u00eam v\u00e1rios programas que atendem pessoas que sofrem de transtornos psiqui\u00e1tricos graves, como esquizofrenia e transtorno esquizoafetivo, bem como programas que envolvem pessoas que lutam contra a falta de moradia. Um dos programas que combina transtornos psiqui\u00e1tricos graves com instabilidade habitacional \u00e9 a nossa equipe Homeless ACT.<\/p>\n<p>ACT significa \u201cTratamento Comunit\u00e1rio Assertivo\u201d e \u00e9 considerada uma equipe de gerenciamento de terapia intensiva de alto n\u00edvel. Ao todo, o GCBHS tem seis equipes ACT, incluindo o ACT Tradicional, uma Equipe Integrada de Transtorno Duplo (IDDT) para clientes com diagn\u00f3stico concomitante de sa\u00fade mental e transtorno por uso de subst\u00e2ncias (SUD), uma equipe Forense ACT (FACT) que se concentra recentemente indiv\u00edduos em liberdade condicional, duas equipes de tribunais de sa\u00fade mental (municipal e criminal) e a equipe do Homeless ACT.<\/p>\n<p>Para se qualificar para uma equipe ACT do condado de Hamilton, os clientes devem ter 18 anos de idade ou mais, morar no condado de Hamilton e ter um transtorno psic\u00f3tico, como esquizofrenia, transtorno esquizoafetivo ou transtorno depressivo maior com caracter\u00edsticas psic\u00f3ticas. Eles tamb\u00e9m devem ter uma pontua\u00e7\u00e3o de Atividade de Vida Di\u00e1ria (DLA) inferior a 30. A pontua\u00e7\u00e3o DLA concentra-se em 20 \u00e1reas diferentes da vida, incluindo habita\u00e7\u00e3o, produtividade, comunica\u00e7\u00e3o, seguran\u00e7a, resolu\u00e7\u00e3o de problemas e higiene.<\/p>\n<p>A equipa do Homeless ACT \u00e9 composta por seis gestores de cuidados que partilham o trabalho de 67 clientes. Isso inclui um especialista em transtornos por uso de subst\u00e2ncias; um especialista vocacional que auxilia no emprego; uma enfermeira e uma supervisora. O m\u00e9dico designado para o Homeless ACT \u00e9 o psiquiatra Dr. Tracey Skale, diretor m\u00e9dico dos servi\u00e7os de sa\u00fade comportamental da Grande Cincinnati. \u201cEstou com a equipe Homeless ACT desde o in\u00edcio\u201d, diz Skale. \u201cAdoro trabalhar com todas as equipes, mas esta sempre teve um lugar especial no meu cora\u00e7\u00e3o. Os clientes desta equipe t\u00eam todas as doen\u00e7as psiqui\u00e1tricas, mas o tra\u00e7o comum \u00e9 a falta de moradia.\u201d<\/p>\n<p>Os gestores de cuidados do GCBHS s\u00e3o treinados para ajudar os clientes a navegar pelo que pode ser um processo muito dif\u00edcil, que pode ser muito opressor e desanimador para algu\u00e9m com uma doen\u00e7a mental grave. Eles tamb\u00e9m ajudam os clientes a marcar e cumprir consultas, planejar e cumprir um or\u00e7amento e garantir que os clientes estejam inscritos para algum tipo de renda \u2013 normalmente invalidez da seguridade social.<\/p>\n<p>A equipe ajuda pessoas como Jason, que tem esquizofrenia, uma doen\u00e7a neurobiol\u00f3gica que afeta 1% da popula\u00e7\u00e3o. At\u00e9 recentemente, Jason vivia nas ruas. Ningu\u00e9m sabe especificamente o que aconteceu, mas quando uma linha do tempo foi montada, parece que ele esteve em um apartamento por muitos anos antes de simplesmente ir embora para morar fora. O que sabemos \u00e9 que nessa mesma \u00e9poca o s\u00edndico do pr\u00e9dio faleceu. Se isso desencadeou ou n\u00e3o algo em Jason, s\u00f3 podemos supor. Mas aconteceu algo que o impediu de ser cercado por quatro paredes.<\/p>\n<p><img decoding=\"async\" class=\"lazyload wp-image-5397 alignleft\" src=\"https:\/\/curesz.org\/wp-content\/uploads\/2023\/09\/Dawn-3.jpg\" data-orig-src=\"https:\/\/curesz.org\/wp-content\/uploads\/2023\/09\/Dawn-3.jpg\" alt=\"\" width=\"331\" height=\"261\" srcset=\"data:image\/svg+xml,%3Csvg%20xmlns%3D%27http%3A%2F%2Fwww.w3.org%2F2000%2Fsvg%27%20width%3D%27331%27%20height%3D%27261%27%20viewBox%3D%270%200%20331%20261%27%3E%3Crect%20width%3D%27331%27%20height%3D%27261%27%20fill-opacity%3D%220%22%2F%3E%3C%2Fsvg%3E\" data-srcset=\"https:\/\/curesz.org\/wp-content\/uploads\/2023\/09\/Dawn-3-15x12.jpg 15w, https:\/\/curesz.org\/wp-content\/uploads\/2023\/09\/Dawn-3-200x158.jpg 200w, https:\/\/curesz.org\/wp-content\/uploads\/2023\/09\/Dawn-3-300x237.jpg 300w, https:\/\/curesz.org\/wp-content\/uploads\/2023\/09\/Dawn-3-400x316.jpg 400w, https:\/\/curesz.org\/wp-content\/uploads\/2023\/09\/Dawn-3-600x474.jpg 600w, https:\/\/curesz.org\/wp-content\/uploads\/2023\/09\/Dawn-3-768x606.jpg 768w, https:\/\/curesz.org\/wp-content\/uploads\/2023\/09\/Dawn-3-800x632.jpg 800w, https:\/\/curesz.org\/wp-content\/uploads\/2023\/09\/Dawn-3-1024x808.jpg 1024w, https:\/\/curesz.org\/wp-content\/uploads\/2023\/09\/Dawn-3-1200x947.jpg 1200w, https:\/\/curesz.org\/wp-content\/uploads\/2023\/09\/Dawn-3.jpg 1416w\" data-sizes=\"auto\" data-orig-sizes=\"(max-width: 331px) 100vw, 331px\" \/><\/p>\n<p>De acordo com Brandy, gerente de atendimento da equipe, \u201ch\u00e1 dois anos ele se recusou a conversar sobre moradia. Ele teve s\u00e9rios problemas em estar dentro de casa devido \u00e0 sua doen\u00e7a mental. Na verdade, ele preferia morar em canteiros de obras porque, na sua opini\u00e3o, ele era um oper\u00e1rio da constru\u00e7\u00e3o civil e era onde se sentia mais confort\u00e1vel.\u201d A supervisora da equipe, Stephanie, concorda: \u201cForam passos de beb\u00ea. Tivemos que desenvolver esse relacionamento e trabalhar primeiro para atender \u00e0s suas necessidades b\u00e1sicas. Isso nos permitiu construir uma confian\u00e7a mais profunda. Assim que conquistamos sua confian\u00e7a e a mantivemos, ele concordou em consultar um psiquiatra. Mas definitivamente n\u00e3o aconteceu da noite para o dia.\u201d<\/p>\n<p>Ent\u00e3o, como isso aconteceu? Stephanie explica: \u201cEle come\u00e7ou a consultar a Dra. Skale e estabeleceu um relacionamento com ela. Depois que isso aconteceu, ele ficou mais aberto a tentar inje\u00e7\u00f5es de medicamentos. Isso levou a uma melhoria no envolvimento e no gerenciamento dos sintomas, o que causou uma redu\u00e7\u00e3o nos sintomas de barreira e acabou levando ao apartamento.\u201d Desde que se mudou para seu apartamento, a equipe notou grandes mudan\u00e7as em Jason. Ele se lembrou de como se limpar e cozinhar sozinho, e est\u00e1 at\u00e9 se barbeando! Brandy diz: \u201cDamos muito cr\u00e9dito a Jason por seu desejo de ser pr\u00f3-ativo. Muitas vezes, agora <strong><em>ele \u00e9<\/em><\/strong> aquele que nos ligou para ter certeza de que seus compromissos foram marcados.\u201d Ela sorri: \u201cN\u00e3o existe nada melhor do que isso!\u201d<\/p>\n<p>Jason s\u00f3 elogia a equipe: \u201cA equipe ACT me ajudou muito\u201d, diz ele. \u201cN\u00e3o posso dirigir, ent\u00e3o eles me ajudam a me locomover (alguns dos sintomas que Jason sente tornam perigoso para ele dirigir). Eles t\u00eam sido como uma fam\u00edlia.\u201d<\/p>\n<p>Skale, \u201c\u00c9 com total confian\u00e7a que posso dizer ao paciente diante de mim: &#039;podemos ajud\u00e1-lo&#039; porque, com base nos meus anos de experi\u00eancia, sei que a equipe do Homeless ACT far\u00e1 tudo o que for necess\u00e1rio para ajudar aquela pessoa com sua situa\u00e7\u00e3o \u00fanica. Eu j\u00e1 vi isso repetidamente. Mantemos a esperan\u00e7a viva.\u201d<\/p>","protected":false},"excerpt":{"rendered":"<p>When someone goes undiagnosed with a severe mental illness such  [&#8230;]<\/p>\n","protected":false},"author":3,"featured_media":0,"parent":0,"menu_order":0,"comment_status":"closed","ping_status":"closed","template":"","meta":{"_acf_changed":false,"footnotes":""},"class_list":["post-5393","page","type-page","status-publish","hentry"],"acf":[],"yoast_head":"<!-- This site is optimized with the Yoast SEO plugin v27.4 - https:\/\/yoast.com\/product\/yoast-seo-wordpress\/ -->\n<title>Greater Cincinnati Behavioral Health - CURESZ Foundation<\/title>\n<meta name=\"robots\" content=\"index, follow, max-snippet:-1, max-image-preview:large, max-video-preview:-1\" \/>\n<link rel=\"canonical\" href=\"https:\/\/curesz.org\/pt_pt\/greater-cincinnati-behavioral-health\/\" \/>\n<meta property=\"og:locale\" content=\"pt_PT\" \/>\n<meta property=\"og:type\" content=\"article\" \/>\n<meta property=\"og:title\" content=\"Greater Cincinnati Behavioral Health - CURESZ Foundation\" \/>\n<meta property=\"og:description\" content=\"When someone goes undiagnosed with a severe mental illness such [...]\" \/>\n<meta property=\"og:url\" content=\"https:\/\/curesz.org\/pt_pt\/greater-cincinnati-behavioral-health\/\" \/>\n<meta property=\"og:site_name\" content=\"CURESZ Foundation\" \/>\n<meta property=\"article:publisher\" content=\"https:\/\/www.facebook.com\/Cureszorg\/\" \/>\n<meta property=\"og:image\" content=\"https:\/\/curesz.org\/wp-content\/uploads\/2023\/09\/GCBH-primary_logo-Hi-res.jpg\" \/>\n<meta name=\"twitter:card\" content=\"summary_large_image\" \/>\n<meta name=\"twitter:site\" content=\"@cureszorg\" \/>\n<meta name=\"twitter:label1\" content=\"Tempo estimado de leitura\" \/>\n\t<meta name=\"twitter:data1\" content=\"5 minutos\" \/>\n<script type=\"application\/ld+json\" class=\"yoast-schema-graph\">{\"@context\":\"https:\\\/\\\/schema.org\",\"@graph\":[{\"@type\":\"WebPage\",\"@id\":\"https:\\\/\\\/curesz.org\\\/greater-cincinnati-behavioral-health\\\/\",\"url\":\"https:\\\/\\\/curesz.org\\\/greater-cincinnati-behavioral-health\\\/\",\"name\":\"Greater Cincinnati Behavioral Health - CURESZ Foundation\",\"isPartOf\":{\"@id\":\"https:\\\/\\\/curesz.org\\\/#website\"},\"primaryImageOfPage\":{\"@id\":\"https:\\\/\\\/curesz.org\\\/greater-cincinnati-behavioral-health\\\/#primaryimage\"},\"image\":{\"@id\":\"https:\\\/\\\/curesz.org\\\/greater-cincinnati-behavioral-health\\\/#primaryimage\"},\"thumbnailUrl\":\"https:\\\/\\\/curesz.org\\\/wp-content\\\/uploads\\\/2023\\\/09\\\/GCBH-primary_logo-Hi-res.jpg\",\"datePublished\":\"2023-09-18T01:05:07+00:00\",\"breadcrumb\":{\"@id\":\"https:\\\/\\\/curesz.org\\\/greater-cincinnati-behavioral-health\\\/#breadcrumb\"},\"inLanguage\":\"pt-PT\",\"potentialAction\":[{\"@type\":\"ReadAction\",\"target\":[\"https:\\\/\\\/curesz.org\\\/greater-cincinnati-behavioral-health\\\/\"]}]},{\"@type\":\"ImageObject\",\"inLanguage\":\"pt-PT\",\"@id\":\"https:\\\/\\\/curesz.org\\\/greater-cincinnati-behavioral-health\\\/#primaryimage\",\"url\":\"https:\\\/\\\/curesz.org\\\/wp-content\\\/uploads\\\/2023\\\/09\\\/GCBH-primary_logo-Hi-res.jpg\",\"contentUrl\":\"https:\\\/\\\/curesz.org\\\/wp-content\\\/uploads\\\/2023\\\/09\\\/GCBH-primary_logo-Hi-res.jpg\"},{\"@type\":\"BreadcrumbList\",\"@id\":\"https:\\\/\\\/curesz.org\\\/greater-cincinnati-behavioral-health\\\/#breadcrumb\",\"itemListElement\":[{\"@type\":\"ListItem\",\"position\":1,\"name\":\"Home\",\"item\":\"https:\\\/\\\/curesz.org\\\/\"},{\"@type\":\"ListItem\",\"position\":2,\"name\":\"Greater Cincinnati Behavioral Health\"}]},{\"@type\":\"WebSite\",\"@id\":\"https:\\\/\\\/curesz.org\\\/#website\",\"url\":\"https:\\\/\\\/curesz.org\\\/\",\"name\":\"CURESZ Foundation\",\"description\":\"The CURESZ Foundation provides educational updates to patients, families, healthcare professionals and the general public about schizophrenia.\",\"publisher\":{\"@id\":\"https:\\\/\\\/curesz.org\\\/#organization\"},\"potentialAction\":[{\"@type\":\"SearchAction\",\"target\":{\"@type\":\"EntryPoint\",\"urlTemplate\":\"https:\\\/\\\/curesz.org\\\/?s={search_term_string}\"},\"query-input\":{\"@type\":\"PropertyValueSpecification\",\"valueRequired\":true,\"valueName\":\"search_term_string\"}}],\"inLanguage\":\"pt-PT\"},{\"@type\":\"Organization\",\"@id\":\"https:\\\/\\\/curesz.org\\\/#organization\",\"name\":\"Curesz Foundation\",\"url\":\"https:\\\/\\\/curesz.org\\\/\",\"logo\":{\"@type\":\"ImageObject\",\"inLanguage\":\"pt-PT\",\"@id\":\"https:\\\/\\\/curesz.org\\\/#\\\/schema\\\/logo\\\/image\\\/\",\"url\":\"https:\\\/\\\/curesz.org\\\/wp-content\\\/uploads\\\/2020\\\/02\\\/cropped-Logo-with-Foundation-Custom.png\",\"contentUrl\":\"https:\\\/\\\/curesz.org\\\/wp-content\\\/uploads\\\/2020\\\/02\\\/cropped-Logo-with-Foundation-Custom.png\",\"width\":200,\"height\":133,\"caption\":\"Curesz Foundation\"},\"image\":{\"@id\":\"https:\\\/\\\/curesz.org\\\/#\\\/schema\\\/logo\\\/image\\\/\"},\"sameAs\":[\"https:\\\/\\\/www.facebook.com\\\/Cureszorg\\\/\",\"https:\\\/\\\/x.com\\\/cureszorg\",\"https:\\\/\\\/www.instagram.com\\\/cureszfoundation\\\/\",\"https:\\\/\\\/www.youtube.com\\\/channel\\\/UCT3uVzTt8jiJ2qdhuosHPvg\"]}]}<\/script>\n<!-- \/ Yoast SEO plugin. -->","yoast_head_json":{"title":"Greater Cincinnati Behavioral Health - CURESZ Foundation","robots":{"index":"index","follow":"follow","max-snippet":"max-snippet:-1","max-image-preview":"max-image-preview:large","max-video-preview":"max-video-preview:-1"},"canonical":"https:\/\/curesz.org\/pt_pt\/greater-cincinnati-behavioral-health\/","og_locale":"pt_PT","og_type":"article","og_title":"Greater Cincinnati Behavioral Health - CURESZ Foundation","og_description":"When someone goes undiagnosed with a severe mental illness such [...]","og_url":"https:\/\/curesz.org\/pt_pt\/greater-cincinnati-behavioral-health\/","og_site_name":"CURESZ Foundation","article_publisher":"https:\/\/www.facebook.com\/Cureszorg\/","og_image":[{"url":"https:\/\/curesz.org\/wp-content\/uploads\/2023\/09\/GCBH-primary_logo-Hi-res.jpg","type":"","width":"","height":""}],"twitter_card":"summary_large_image","twitter_site":"@cureszorg","twitter_misc":{"Tempo estimado de leitura":"5 minutos"},"schema":{"@context":"https:\/\/schema.org","@graph":[{"@type":"WebPage","@id":"https:\/\/curesz.org\/greater-cincinnati-behavioral-health\/","url":"https:\/\/curesz.org\/greater-cincinnati-behavioral-health\/","name":"Greater Cincinnati Behavioral Health - CURESZ Foundation","isPartOf":{"@id":"https:\/\/curesz.org\/#website"},"primaryImageOfPage":{"@id":"https:\/\/curesz.org\/greater-cincinnati-behavioral-health\/#primaryimage"},"image":{"@id":"https:\/\/curesz.org\/greater-cincinnati-behavioral-health\/#primaryimage"},"thumbnailUrl":"https:\/\/curesz.org\/wp-content\/uploads\/2023\/09\/GCBH-primary_logo-Hi-res.jpg","datePublished":"2023-09-18T01:05:07+00:00","breadcrumb":{"@id":"https:\/\/curesz.org\/greater-cincinnati-behavioral-health\/#breadcrumb"},"inLanguage":"pt-PT","potentialAction":[{"@type":"ReadAction","target":["https:\/\/curesz.org\/greater-cincinnati-behavioral-health\/"]}]},{"@type":"ImageObject","inLanguage":"pt-PT","@id":"https:\/\/curesz.org\/greater-cincinnati-behavioral-health\/#primaryimage","url":"https:\/\/curesz.org\/wp-content\/uploads\/2023\/09\/GCBH-primary_logo-Hi-res.jpg","contentUrl":"https:\/\/curesz.org\/wp-content\/uploads\/2023\/09\/GCBH-primary_logo-Hi-res.jpg"},{"@type":"BreadcrumbList","@id":"https:\/\/curesz.org\/greater-cincinnati-behavioral-health\/#breadcrumb","itemListElement":[{"@type":"ListItem","position":1,"name":"Home","item":"https:\/\/curesz.org\/"},{"@type":"ListItem","position":2,"name":"Greater Cincinnati Behavioral Health"}]},{"@type":"WebSite","@id":"https:\/\/curesz.org\/#website","url":"https:\/\/curesz.org\/","name":"Funda\u00e7\u00e3o CURESZ","description":"A Funda\u00e7\u00e3o CURESZ fornece atualiza\u00e7\u00f5es educacionais para pacientes, familiares, profissionais de sa\u00fade e p\u00fablico em geral sobre esquizofrenia.","publisher":{"@id":"https:\/\/curesz.org\/#organization"},"potentialAction":[{"@type":"SearchAction","target":{"@type":"EntryPoint","urlTemplate":"https:\/\/curesz.org\/?s={search_term_string}"},"query-input":{"@type":"PropertyValueSpecification","valueRequired":true,"valueName":"search_term_string"}}],"inLanguage":"pt-PT"},{"@type":"Organization","@id":"https:\/\/curesz.org\/#organization","name":"Curesz Foundation","url":"https:\/\/curesz.org\/","logo":{"@type":"ImageObject","inLanguage":"pt-PT","@id":"https:\/\/curesz.org\/#\/schema\/logo\/image\/","url":"https:\/\/curesz.org\/wp-content\/uploads\/2020\/02\/cropped-Logo-with-Foundation-Custom.png","contentUrl":"https:\/\/curesz.org\/wp-content\/uploads\/2020\/02\/cropped-Logo-with-Foundation-Custom.png","width":200,"height":133,"caption":"Curesz Foundation"},"image":{"@id":"https:\/\/curesz.org\/#\/schema\/logo\/image\/"},"sameAs":["https:\/\/www.facebook.com\/Cureszorg\/","https:\/\/x.com\/cureszorg","https:\/\/www.instagram.com\/cureszfoundation\/","https:\/\/www.youtube.com\/channel\/UCT3uVzTt8jiJ2qdhuosHPvg"]}]}},"_links":{"self":[{"href":"https:\/\/curesz.org\/pt_pt\/wp-json\/wp\/v2\/pages\/5393","targetHints":{"allow":["GET"]}}],"collection":[{"href":"https:\/\/curesz.org\/pt_pt\/wp-json\/wp\/v2\/pages"}],"about":[{"href":"https:\/\/curesz.org\/pt_pt\/wp-json\/wp\/v2\/types\/page"}],"author":[{"embeddable":true,"href":"https:\/\/curesz.org\/pt_pt\/wp-json\/wp\/v2\/users\/3"}],"replies":[{"embeddable":true,"href":"https:\/\/curesz.org\/pt_pt\/wp-json\/wp\/v2\/comments?post=5393"}],"version-history":[{"count":3,"href":"https:\/\/curesz.org\/pt_pt\/wp-json\/wp\/v2\/pages\/5393\/revisions"}],"predecessor-version":[{"id":5399,"href":"https:\/\/curesz.org\/pt_pt\/wp-json\/wp\/v2\/pages\/5393\/revisions\/5399"}],"wp:attachment":[{"href":"https:\/\/curesz.org\/pt_pt\/wp-json\/wp\/v2\/media?parent=5393"}],"curies":[{"name":"wp","href":"https:\/\/api.w.org\/{rel}","templated":true}]}}