{"id":5609,"date":"2024-01-08T11:15:08","date_gmt":"2024-01-08T16:15:08","guid":{"rendered":"https:\/\/curesz.org\/?page_id=5609"},"modified":"2024-01-08T11:15:09","modified_gmt":"2024-01-08T16:15:09","slug":"zach-feld","status":"publish","type":"page","link":"https:\/\/curesz.org\/pt_pt\/zach-feld\/","title":{"rendered":"Zach Feld"},"content":{"rendered":"<p><div class=\"fusion-fullwidth fullwidth-box fusion-builder-row-1 fusion-flex-container nonhundred-percent-fullwidth non-hundred-percent-height-scrolling\" style=\"--awb-border-radius-top-left:0px;--awb-border-radius-top-right:0px;--awb-border-radius-bottom-right:0px;--awb-border-radius-bottom-left:0px;--awb-flex-wrap:wrap;\" ><div class=\"fusion-builder-row fusion-row fusion-flex-align-items-flex-start fusion-flex-content-wrap\" style=\"max-width:1352px;margin-left: calc(-4% \/ 2 );margin-right: calc(-4% \/ 2 );\"><div class=\"fusion-layout-column fusion_builder_column fusion-builder-column-0 fusion_builder_column_1_4 1_4 fusion-flex-column\" style=\"--awb-bg-size:cover;--awb-width-large:25%;--awb-margin-top-large:0px;--awb-spacing-right-large:7.68%;--awb-margin-bottom-large:20px;--awb-spacing-left-large:7.68%;--awb-width-medium:100%;--awb-spacing-right-medium:1.92%;--awb-spacing-left-medium:1.92%;--awb-width-small:100%;--awb-spacing-right-small:1.92%;--awb-spacing-left-small:1.92%;\"><div class=\"fusion-column-wrapper fusion-column-has-shadow fusion-flex-justify-content-flex-start fusion-content-layout-column\"><div class=\"fusion-image-element\" style=\"--awb-caption-title-font-family:var(--h2_typography-font-family);--awb-caption-title-font-weight:var(--h2_typography-font-weight);--awb-caption-title-font-style:var(--h2_typography-font-style);--awb-caption-title-size:var(--h2_typography-font-size);--awb-caption-title-transform:var(--h2_typography-text-transform);--awb-caption-title-line-height:var(--h2_typography-line-height);--awb-caption-title-letter-spacing:var(--h2_typography-letter-spacing);\"><span class=\"fusion-imageframe imageframe-none imageframe-1 hover-type-none\"><img decoding=\"async\" width=\"300\" height=\"300\" title=\"Zach 1 300\u00d7300\" src=\"https:\/\/curesz.org\/wp-content\/uploads\/2024\/01\/Zach-1-300x300-1.jpg\" data-orig-src=\"https:\/\/curesz.org\/wp-content\/uploads\/2024\/01\/Zach-1-300x300-1.jpg\" alt class=\"lazyload img-responsive wp-image-5610\" srcset=\"data:image\/svg+xml,%3Csvg%20xmlns%3D%27http%3A%2F%2Fwww.w3.org%2F2000%2Fsvg%27%20width%3D%27300%27%20height%3D%27300%27%20viewBox%3D%270%200%20300%20300%27%3E%3Crect%20width%3D%27300%27%20height%3D%27300%27%20fill-opacity%3D%220%22%2F%3E%3C%2Fsvg%3E\" data-srcset=\"https:\/\/curesz.org\/wp-content\/uploads\/2024\/01\/Zach-1-300x300-1-200x200.jpg 200w, https:\/\/curesz.org\/wp-content\/uploads\/2024\/01\/Zach-1-300x300-1.jpg 300w\" data-sizes=\"auto\" data-orig-sizes=\"(max-width: 1024px) 100vw, (max-width: 640px) 100vw, 300px\" \/><\/span><\/div><div class=\"fusion-text fusion-text-1\"><p><strong>Zach Feld<\/strong><\/p>\n<\/div><\/div><\/div><div class=\"fusion-layout-column fusion_builder_column fusion-builder-column-1 fusion_builder_column_3_4 3_4 fusion-flex-column\" style=\"--awb-bg-size:cover;--awb-width-large:75%;--awb-margin-top-large:0px;--awb-spacing-right-large:2.56%;--awb-margin-bottom-large:20px;--awb-spacing-left-large:2.56%;--awb-width-medium:100%;--awb-spacing-right-medium:1.92%;--awb-spacing-left-medium:1.92%;--awb-width-small:100%;--awb-spacing-right-small:1.92%;--awb-spacing-left-small:1.92%;\"><div class=\"fusion-column-wrapper fusion-column-has-shadow fusion-flex-justify-content-flex-start fusion-content-layout-column\"><div class=\"fusion-text fusion-text-2\"><p><strong>Finishing College and Seeking a Career: Zach Feld<\/strong><\/p>\n<p>My schizophrenia story starts in fall 2008. I started school at Kenyon College right after high school. My high school was a small, gifted program, and I had done well enough to get in the year Newsweek called Kenyon a \u201cNew Ivy,\u201d so my future seemed bright. At first, things seemed normal for my freshman year. I was going to class, doing my homework, etcetera. After a while, however, things took a turn for the worse. My grades slipped dramatically; I struggled socially; and I began having thoughts of paranoia regarding my friends and roommates. At one point I believed they were conspiring to drive me to suicide or at least have some kind of angry outburst.<\/p>\n<p>By spring of my freshman year, I withdrew from school and went home. Kenyon followed me in a sense. I began hallucinating my friends and other ghosts of Kenyon in my childhood home. During that time, I tried to continue my education by taking courses at a community college, but the paranoia and hallucinations were large roadblocks. Around the same time, my grandmother on my mother\u2019s side passed away, and I hallucinated her for a while. I remember being so sick that I giggled at her funeral because of intrusive thoughts.<\/p>\n<p>Eventually, I had an outburst due to a major psychotic break. The outburst was a culmination of distress from changes in the way my mind had been operating, including increasing visions and other imaginary phenomena. When I saw my mother one evening, I felt as if she was invading my mind. In frustration, I smashed a plate on the floor which was filled with blintzes Mom had made for dinner. I yelled, \u201cGet out of my head!\u201d at her, and she called the police.<\/p>\n<p>I wound up at the Lindner Center of Hope (a psychiatric facility in Mason, Ohio) for about a month. I wasted away at the Lindner Center, watching the charge nurse write the date every day on a large display pad. This helped me regain a sense of time I had lost from spending days at home not knowing the time or date. They put me on medication, but when I got home I had anosognosia (lack of insight) so I was non-compliant with my meds.<\/p>\n<p>I lasted a short period of time off meds. Before things worsened, I took some woodworking classes, played a lot of Call of Duty, and worked a summer gardening job my high school friend got for me. By the end of summer 2011, after my job ended, I was at the Lindner Center again. While I was getting help, I missed my brother\u2019s wedding, and I had few visitors because everyone was preoccupied with the wedding. When I was discharged, I had my head shaved to a two-inch haircut from the shoulder length curly hair I had and was sent off to a work therapy farm in Massachusetts called Gould Farm. It is not too far from the site of the wedding I missed.<\/p>\n<p>At Gould Farm I participated in farm work as therapy. I started on the forestry and groundskeeping team and eventually moved on to work in the kitchens and with livestock. The age-old medicine of chopping wood and carrying water to build one\u2019s self up was a very literal part of my treatment. There\u2019s nothing else like hard outdoor physical labor to ground you and force you out of your head and into the environment. I did physical labor not only thanks to work therapy but by my own volition. I had started out randomly doing pushups at the command of hallucinations and by the end of my stay at Gould Farm, I was a regular user of the farm weight room, and I was hallucination-free thanks to being stabilized on meds. A self-motivated exercise routine that was my own idea was an important step in my recovery because it gave me a sense of control over my own self-improvement that wasn\u2019t being handed to me from an outside source. Others self-medicate with cigarettes and drugs. I was lucky those had never appealed to me. Whatever sparks of self-starting in the recovery process one has are important to keep and nurture because, otherwise, you\u2019re left with other people\u2019s motivations and no motivation of your own, which leads to non-compliance.<\/p>\n<p>The prescribed meds were a problem for me, however. The psychiatrist noticed some tardive dyskinesia and it upset me so much I started \u201ccheeking\u201d my meds (storing my meds in my mouth rather than swallowing them) in the medication line. I regularly butted heads with the resident psychiatrist and was also getting fed up with the work program. Something had to change so I took drastic measures. I made an attempt on my own life by drinking Simple Green\u2014the cleaning solution\u2014which as luck would have it is non-toxic. I was rushed to the hospital after immediately alerting the night staff of my impulsive behavior. I spent a week at the Pittsfield Mental Hospital until I ended up back at the farm. Later that year, I eventually ended up back in my hometown.<\/p>\n<p>Back at home, I was treated by the Assertive Community Treatment (ACT) team at Greater Cincinnati Behavioral Health (GCBH) around the time of my fourth and final hospitalization. The ACT team helped me get resituated in my hometown. They reminded me of psychiatric appointments and assisted me as I searched for my first apartment. Another thing they did was get me involved with GCBH job coaching.\u00a0They were a series of friendly, caring, and understanding faces that kept me from isolating at home by visiting me regularly or having me drive to them at the GCBH office. I was hospitalized this one last time and during my hospitalization, the ACT team had a hand in continuity of care between the hospital and GCBH. I stabilized on a four-week injection of paliperidone (Invega Sustenna) so that I didn\u2019t have to think about taking oral medication. I ultimately ended up taking daily divalproex sodium pills as well, but the Invega does the majority of the work, so if I miss a day of the oral medication it\u2019s not a tragedy. I also have a PRN (as needed dose) of oral risperidone today, in case of occasional flare-ups in symptoms.<\/p>\n<p>Things were neither here nor there for a while. I reunited with my biological father who sought me out (I was adopted at birth), and I learned that schizophrenia was inherited from that side. It is a part of the mosaic of contributing factors to my illness. I gave cognitive enhancement therapy a shot and worked a little bit of retail. Eventually, I went back to college, Xavier University, when I felt recovered enough in fall of 2015. The university provided accommodations to work around my illness and learning disability from high school, and I finally graduated in summer of 2022 with a degree in economics and sustainability. For my capstone project, I chose to write a 20-page paper about Gould Farm and present it over Zoom. I looked at the recovery program from an economic, environmental, and social perspective. A big part of my capstone was highlighting the need to return to work after going on disability for a mental illness and showing how meaningful work is important to recovery, finances, managing mental illness, and becoming less of a burden. There is an economic story to be told about disability, work, and upkeep of standards of living that can, sadly, include stories of joblessness and poverty when personal and community failures happen. There is also a beacon of light when successful treatment is administered.<\/p>\n<p>Towards the end of my educational career at Xavier I returned to Gould Farm for an alumni weekend and spoke on a panel about some of the triumphs in my recovery. Revisiting places of recovery can be hard because they are so charged with memories of traumatic times, but it can also help the healing process towards later stages of recovery as a reminder of how far you\u2019ve come.<\/p>\n<p>These days I spend my time volunteering at a food pantry where I\u2019ve been working for a year now. I bring my mom\u2019s dog to the dog park, paint, chauffeur an elderly lady, job hunt, and look for ways to further my career after my recent graduation. I don\u2019t know what the future holds, but I have learned how to manage my illness and feel it is largely behind me now. There are so many institutions that have helped me find hope, including the Gould Farm, the Lindner Center, and Greater Cincinnati Behavioral Health. I particularly like the Gould Farm slogan, \u201cWe harvest hope.\u201d<\/p>\n<p>I still go to doctors\u2019 appointments and work with a case manager, but I no longer am involved with Assertive Community Treatment because I have graduated from that. I still have occasional residual symptoms, but for the most part, I am more comfortable and compliant than when I started. Some of my breakthrough symptoms lately include animation of paintings I have up on my walls when it\u2019s getting close to my injection time and other hallucinations like the occasional voice. Schizophrenia is a thief of sanity, but with the right treatment, care, and management it can be caught. The mental soundness lost from schizophrenia can be recovered and returned; damage can be mitigated.<\/p>\n<p><a href=\"https:\/\/www.gcbhs.com\/\"><em>www.gcbhs.com<\/em><\/a><\/p>\n<p><a href=\"https:\/\/www.gouldfarm.org\/\"><em>www.gouldfarm.org<\/em><\/a><em>\u00a0\u00a0 <\/em><\/p>\n<\/div><\/div><\/div><\/div><\/div><div class=\"fusion-fullwidth fullwidth-box fusion-builder-row-2 fusion-flex-container hundred-percent-fullwidth non-hundred-percent-height-scrolling\" style=\"--awb-border-radius-top-left:0px;--awb-border-radius-top-right:0px;--awb-border-radius-bottom-right:0px;--awb-border-radius-bottom-left:0px;--awb-padding-top:0px;--awb-padding-right:0px;--awb-padding-bottom:0px;--awb-padding-left:0px;--awb-margin-top:0px;--awb-margin-bottom:0px;--awb-background-color:#015da7;--awb-flex-wrap:wrap;\" ><div class=\"fusion-builder-row fusion-row fusion-flex-align-items-flex-start fusion-flex-content-wrap\" style=\"width:104% !important;max-width:104% !important;margin-left: calc(-4% \/ 2 );margin-right: calc(-4% \/ 2 );\"><\/div><\/div>\n<\/p>","protected":false},"excerpt":{"rendered":"","protected":false},"author":3,"featured_media":0,"parent":0,"menu_order":0,"comment_status":"closed","ping_status":"closed","template":"100-width.php","meta":{"_acf_changed":false,"footnotes":""},"class_list":["post-5609","page","type-page","status-publish","hentry"],"acf":[],"yoast_head":"<!-- This site is optimized with the Yoast SEO plugin v27.3 - https:\/\/yoast.com\/product\/yoast-seo-wordpress\/ -->\n<title>Zach Feld - CURESZ Foundation<\/title>\n<meta name=\"robots\" content=\"index, follow, max-snippet:-1, max-image-preview:large, max-video-preview:-1\" \/>\n<link rel=\"canonical\" href=\"https:\/\/curesz.org\/pt_pt\/zach-feld\/\" \/>\n<meta property=\"og:locale\" content=\"pt_PT\" \/>\n<meta property=\"og:type\" content=\"article\" \/>\n<meta property=\"og:title\" content=\"Zach Feld - CURESZ Foundation\" \/>\n<meta property=\"og:url\" content=\"https:\/\/curesz.org\/pt_pt\/zach-feld\/\" \/>\n<meta property=\"og:site_name\" content=\"CURESZ Foundation\" \/>\n<meta property=\"article:publisher\" content=\"https:\/\/www.facebook.com\/Cureszorg\/\" \/>\n<meta property=\"article:modified_time\" content=\"2024-01-08T16:15:09+00:00\" \/>\n<meta name=\"twitter:card\" content=\"summary_large_image\" \/>\n<meta name=\"twitter:site\" content=\"@cureszorg\" \/>\n<meta name=\"twitter:label1\" content=\"Tempo estimado de leitura\" \/>\n\t<meta name=\"twitter:data1\" content=\"9 minutos\" \/>\n<script type=\"application\/ld+json\" class=\"yoast-schema-graph\">{\"@context\":\"https:\\\/\\\/schema.org\",\"@graph\":[{\"@type\":\"WebPage\",\"@id\":\"https:\\\/\\\/curesz.org\\\/zach-feld\\\/\",\"url\":\"https:\\\/\\\/curesz.org\\\/zach-feld\\\/\",\"name\":\"Zach Feld - CURESZ Foundation\",\"isPartOf\":{\"@id\":\"https:\\\/\\\/curesz.org\\\/#website\"},\"datePublished\":\"2024-01-08T16:15:08+00:00\",\"dateModified\":\"2024-01-08T16:15:09+00:00\",\"breadcrumb\":{\"@id\":\"https:\\\/\\\/curesz.org\\\/zach-feld\\\/#breadcrumb\"},\"inLanguage\":\"pt-PT\",\"potentialAction\":[{\"@type\":\"ReadAction\",\"target\":[\"https:\\\/\\\/curesz.org\\\/zach-feld\\\/\"]}]},{\"@type\":\"BreadcrumbList\",\"@id\":\"https:\\\/\\\/curesz.org\\\/zach-feld\\\/#breadcrumb\",\"itemListElement\":[{\"@type\":\"ListItem\",\"position\":1,\"name\":\"Home\",\"item\":\"https:\\\/\\\/curesz.org\\\/\"},{\"@type\":\"ListItem\",\"position\":2,\"name\":\"Zach Feld\"}]},{\"@type\":\"WebSite\",\"@id\":\"https:\\\/\\\/curesz.org\\\/#website\",\"url\":\"https:\\\/\\\/curesz.org\\\/\",\"name\":\"CURESZ Foundation\",\"description\":\"The CURESZ Foundation provides educational updates to patients, families, healthcare professionals and the general public about schizophrenia.\",\"publisher\":{\"@id\":\"https:\\\/\\\/curesz.org\\\/#organization\"},\"potentialAction\":[{\"@type\":\"SearchAction\",\"target\":{\"@type\":\"EntryPoint\",\"urlTemplate\":\"https:\\\/\\\/curesz.org\\\/?s={search_term_string}\"},\"query-input\":{\"@type\":\"PropertyValueSpecification\",\"valueRequired\":true,\"valueName\":\"search_term_string\"}}],\"inLanguage\":\"pt-PT\"},{\"@type\":\"Organization\",\"@id\":\"https:\\\/\\\/curesz.org\\\/#organization\",\"name\":\"Curesz Foundation\",\"url\":\"https:\\\/\\\/curesz.org\\\/\",\"logo\":{\"@type\":\"ImageObject\",\"inLanguage\":\"pt-PT\",\"@id\":\"https:\\\/\\\/curesz.org\\\/#\\\/schema\\\/logo\\\/image\\\/\",\"url\":\"https:\\\/\\\/curesz.org\\\/wp-content\\\/uploads\\\/2020\\\/02\\\/cropped-Logo-with-Foundation-Custom.png\",\"contentUrl\":\"https:\\\/\\\/curesz.org\\\/wp-content\\\/uploads\\\/2020\\\/02\\\/cropped-Logo-with-Foundation-Custom.png\",\"width\":200,\"height\":133,\"caption\":\"Curesz Foundation\"},\"image\":{\"@id\":\"https:\\\/\\\/curesz.org\\\/#\\\/schema\\\/logo\\\/image\\\/\"},\"sameAs\":[\"https:\\\/\\\/www.facebook.com\\\/Cureszorg\\\/\",\"https:\\\/\\\/x.com\\\/cureszorg\",\"https:\\\/\\\/www.instagram.com\\\/cureszfoundation\\\/\",\"https:\\\/\\\/www.youtube.com\\\/channel\\\/UCT3uVzTt8jiJ2qdhuosHPvg\"]}]}<\/script>\n<!-- \/ Yoast SEO plugin. -->","yoast_head_json":{"title":"Zach Feld - CURESZ Foundation","robots":{"index":"index","follow":"follow","max-snippet":"max-snippet:-1","max-image-preview":"max-image-preview:large","max-video-preview":"max-video-preview:-1"},"canonical":"https:\/\/curesz.org\/pt_pt\/zach-feld\/","og_locale":"pt_PT","og_type":"article","og_title":"Zach Feld - CURESZ Foundation","og_url":"https:\/\/curesz.org\/pt_pt\/zach-feld\/","og_site_name":"CURESZ Foundation","article_publisher":"https:\/\/www.facebook.com\/Cureszorg\/","article_modified_time":"2024-01-08T16:15:09+00:00","twitter_card":"summary_large_image","twitter_site":"@cureszorg","twitter_misc":{"Tempo estimado de leitura":"9 minutos"},"schema":{"@context":"https:\/\/schema.org","@graph":[{"@type":"WebPage","@id":"https:\/\/curesz.org\/zach-feld\/","url":"https:\/\/curesz.org\/zach-feld\/","name":"Zach Feld - CURESZ Foundation","isPartOf":{"@id":"https:\/\/curesz.org\/#website"},"datePublished":"2024-01-08T16:15:08+00:00","dateModified":"2024-01-08T16:15:09+00:00","breadcrumb":{"@id":"https:\/\/curesz.org\/zach-feld\/#breadcrumb"},"inLanguage":"pt-PT","potentialAction":[{"@type":"ReadAction","target":["https:\/\/curesz.org\/zach-feld\/"]}]},{"@type":"BreadcrumbList","@id":"https:\/\/curesz.org\/zach-feld\/#breadcrumb","itemListElement":[{"@type":"ListItem","position":1,"name":"Home","item":"https:\/\/curesz.org\/"},{"@type":"ListItem","position":2,"name":"Zach Feld"}]},{"@type":"WebSite","@id":"https:\/\/curesz.org\/#website","url":"https:\/\/curesz.org\/","name":"Funda\u00e7\u00e3o CURESZ","description":"A Funda\u00e7\u00e3o CURESZ fornece atualiza\u00e7\u00f5es educacionais para pacientes, familiares, profissionais de sa\u00fade e p\u00fablico em geral sobre esquizofrenia.","publisher":{"@id":"https:\/\/curesz.org\/#organization"},"potentialAction":[{"@type":"SearchAction","target":{"@type":"EntryPoint","urlTemplate":"https:\/\/curesz.org\/?s={search_term_string}"},"query-input":{"@type":"PropertyValueSpecification","valueRequired":true,"valueName":"search_term_string"}}],"inLanguage":"pt-PT"},{"@type":"Organization","@id":"https:\/\/curesz.org\/#organization","name":"Curesz Foundation","url":"https:\/\/curesz.org\/","logo":{"@type":"ImageObject","inLanguage":"pt-PT","@id":"https:\/\/curesz.org\/#\/schema\/logo\/image\/","url":"https:\/\/curesz.org\/wp-content\/uploads\/2020\/02\/cropped-Logo-with-Foundation-Custom.png","contentUrl":"https:\/\/curesz.org\/wp-content\/uploads\/2020\/02\/cropped-Logo-with-Foundation-Custom.png","width":200,"height":133,"caption":"Curesz Foundation"},"image":{"@id":"https:\/\/curesz.org\/#\/schema\/logo\/image\/"},"sameAs":["https:\/\/www.facebook.com\/Cureszorg\/","https:\/\/x.com\/cureszorg","https:\/\/www.instagram.com\/cureszfoundation\/","https:\/\/www.youtube.com\/channel\/UCT3uVzTt8jiJ2qdhuosHPvg"]}]}},"_links":{"self":[{"href":"https:\/\/curesz.org\/pt_pt\/wp-json\/wp\/v2\/pages\/5609","targetHints":{"allow":["GET"]}}],"collection":[{"href":"https:\/\/curesz.org\/pt_pt\/wp-json\/wp\/v2\/pages"}],"about":[{"href":"https:\/\/curesz.org\/pt_pt\/wp-json\/wp\/v2\/types\/page"}],"author":[{"embeddable":true,"href":"https:\/\/curesz.org\/pt_pt\/wp-json\/wp\/v2\/users\/3"}],"replies":[{"embeddable":true,"href":"https:\/\/curesz.org\/pt_pt\/wp-json\/wp\/v2\/comments?post=5609"}],"version-history":[{"count":1,"href":"https:\/\/curesz.org\/pt_pt\/wp-json\/wp\/v2\/pages\/5609\/revisions"}],"predecessor-version":[{"id":5611,"href":"https:\/\/curesz.org\/pt_pt\/wp-json\/wp\/v2\/pages\/5609\/revisions\/5611"}],"wp:attachment":[{"href":"https:\/\/curesz.org\/pt_pt\/wp-json\/wp\/v2\/media?parent=5609"}],"curies":[{"name":"wp","href":"https:\/\/api.w.org\/{rel}","templated":true}]}}