{"id":579,"date":"2019-07-25T19:37:37","date_gmt":"2019-07-25T19:37:37","guid":{"rendered":"https:\/\/curesz.info\/?page_id=579"},"modified":"2021-05-25T13:43:39","modified_gmt":"2021-05-25T13:43:39","slug":"what-is-schizophrenia-condensed","status":"publish","type":"page","link":"https:\/\/curesz.org\/pt_pt\/what-is-schizophrenia-condensed\/","title":{"rendered":"O que \u00e9 esquizofrenia \u2013 uma breve revis\u00e3o"},"content":{"rendered":"<p><div class=\"fusion-fullwidth fullwidth-box fusion-builder-row-1 fusion-flex-container nonhundred-percent-fullwidth non-hundred-percent-height-scrolling\" style=\"--awb-border-radius-top-left:0px;--awb-border-radius-top-right:0px;--awb-border-radius-bottom-right:0px;--awb-border-radius-bottom-left:0px;--awb-flex-wrap:wrap;\" ><div class=\"fusion-builder-row fusion-row fusion-flex-align-items-flex-start fusion-flex-content-wrap\" style=\"max-width:calc( 1300px + 0px );margin-left: calc(-0px \/ 2 );margin-right: calc(-0px \/ 2 );\"><div class=\"fusion-layout-column fusion_builder_column fusion-builder-column-0 fusion_builder_column_1_1 1_1 fusion-flex-column\" style=\"--awb-bg-size:cover;--awb-width-large:100%;--awb-margin-top-large:0px;--awb-spacing-right-large:0px;--awb-margin-bottom-large:0px;--awb-spacing-left-large:0px;--awb-width-medium:100%;--awb-spacing-right-medium:0px;--awb-spacing-left-medium:0px;--awb-width-small:100%;--awb-spacing-right-small:0px;--awb-spacing-left-small:0px;\"><div class=\"fusion-column-wrapper fusion-flex-justify-content-flex-start fusion-content-layout-column\"><div class=\"fusion-text fusion-text-1\"><p><strong>O que \u00e9 Esquizofrenia? Uma Breve Revis\u00e3o <a href=\"https:\/\/curesz.org\/wp-content\/uploads\/2021\/05\/SZ-in-brief.pdf\">(PDF)<\/a>\u00a0<\/strong><\/p>\n<p>Embora atualmente classificada como uma doen\u00e7a mental, a esquizofrenia agora \u00e9 cientificamente aceita como uma doen\u00e7a cerebral neurobiol\u00f3gica.<\/p>\n<p>A esquizofrenia geralmente come\u00e7a na adolesc\u00eancia ou no in\u00edcio dos 20 anos em homens e no final dos 20 e in\u00edcio dos 30 em algumas mulheres. Os sintomas variam muito entre pessoas diferentes. A esquizofrenia afeta cerca de 1% da popula\u00e7\u00e3o mundial (60 milh\u00f5es de pessoas afetadas em todo o mundo). Hoje, h\u00e1 esperan\u00e7a de recupera\u00e7\u00e3o.<\/p>\n<p>Os sintomas da esquizofrenia podem incluir alucina\u00e7\u00f5es (como ver, ouvir ou cheirar coisas que n\u00e3o existem realmente) e del\u00edrios (cren\u00e7as falsas persistentes, como a de que algu\u00e9m planeja feri-la ou a pessoa afetada acredita que outras pessoas podem ler sua mente ou que o TV est\u00e1 falando sobre ele). Algumas pessoas experimentam retraimento social, falta de motiva\u00e7\u00e3o, incapacidade de iniciar a\u00e7\u00f5es ou neglig\u00eancia da higiene, como n\u00e3o tomar banho. O comprometimento cognitivo pode incluir d\u00e9ficits de mem\u00f3ria e incapacidade de planejar ou tomar decis\u00f5es. Os pacientes que sofrem de esquizofrenia muitas vezes n\u00e3o percebem que t\u00eam uma doen\u00e7a e resistem \u00e0 hospitaliza\u00e7\u00e3o ou recusam medicamentos que possam reduzir ou eliminar seus sintomas.<\/p>\n<p>Medicamentos para tratar a esquizofrenia s\u00e3o chamados de \u201cantipsic\u00f3ticos\u201d. Exemplos incluem Risperdal, Seroquel, Abilify e Clozaril. Algumas pessoas com esquizofrenia experimentam recupera\u00e7\u00e3o total (ou seja, n\u00e3o apresentam mais sintomas ou apresentam sintomas muito menores) e podem retornar \u00e0 escola ou ao trabalho. Uma propor\u00e7\u00e3o consider\u00e1vel ter\u00e1 pelo menos uma recupera\u00e7\u00e3o parcial e poder\u00e1 funcionar em algum n\u00edvel na comunidade.<\/p>\n<p>A m\u00eddia \u00e0s vezes retrata erroneamente as pessoas com esquizofrenia como dif\u00edceis de se relacionar, perigosas ou fracas. Mas o que os pacientes experimentam geralmente \u00e9 muito diferente do que eles pensavam que a esquizofrenia realmente \u00e9. Mitos comuns da esquizofrenia incluem a falsa cren\u00e7a de que as pessoas com esquizofrenia t\u00eam personalidades m\u00faltiplas, mente dividida, personalidade imperfeita ou QI baixo. Na verdade, a grande maioria das pessoas com esquizofrenia que tomam seus rem\u00e9dios regularmente e n\u00e3o abusam de drogas N\u00c3O s\u00e3o perigosas. Estatisticamente, as pessoas com esquizofrenia n\u00e3o s\u00e3o mais perigosas do que a popula\u00e7\u00e3o em geral.<\/p>\n<p>Qualquer pessoa, incluindo pessoas altamente inteligentes, qualquer status socioecon\u00f4mico ou ra\u00e7a pode desenvolver esquizofrenia. Como c\u00e2ncer, diabetes, autismo e outros problemas m\u00e9dicos, n\u00e3o pode ser superado simplesmente pela for\u00e7a de vontade.<\/p>\n<p>A esquizofrenia \u00e9 uma condi\u00e7\u00e3o m\u00e9dica que afeta o c\u00e9rebro e leva a pensamentos ou comportamentos incomuns, e n\u00e3o deve haver vergonha ou estigma associado a ela ou ao seu tratamento. A esquizofrenia n\u00e3o \u00e9 culpa de ningu\u00e9m, assim como a asma, uma infec\u00e7\u00e3o, hipertens\u00e3o, diabetes, artrite ou c\u00e2ncer. Hoje, com medica\u00e7\u00e3o, apoio social e reabilita\u00e7\u00e3o, a recupera\u00e7\u00e3o total da esquizofrenia \u00e9 poss\u00edvel.<\/p>\n<\/div><div class=\"fusion-separator fusion-full-width-sep\" style=\"align-self: center;margin-left: auto;margin-right: auto;margin-top:50px;width:100%;\"><\/div><\/div><\/div><\/div><\/div><div class=\"fusion-fullwidth fullwidth-box fusion-builder-row-2 fusion-flex-container hundred-percent-fullwidth non-hundred-percent-height-scrolling\" style=\"--awb-border-radius-top-left:0px;--awb-border-radius-top-right:0px;--awb-border-radius-bottom-right:0px;--awb-border-radius-bottom-left:0px;--awb-padding-top:0px;--awb-padding-right:0px;--awb-padding-bottom:0px;--awb-padding-left:0px;--awb-margin-top:0px;--awb-margin-bottom:0px;--awb-background-color:#015da7;--awb-flex-wrap:wrap;\" ><div class=\"fusion-builder-row fusion-row fusion-flex-align-items-flex-start fusion-flex-content-wrap\" style=\"width:104% !important;max-width:104% !important;margin-left: calc(-4% \/ 2 );margin-right: calc(-4% \/ 2 );\"><\/div><\/div>\n<\/p>","protected":false},"excerpt":{"rendered":"","protected":false},"author":2,"featured_media":0,"parent":0,"menu_order":0,"comment_status":"closed","ping_status":"closed","template":"100-width.php","meta":{"_acf_changed":false,"footnotes":""},"class_list":["post-579","page","type-page","status-publish","hentry"],"acf":[],"yoast_head":"<!-- This site is optimized with the Yoast SEO plugin v27.3 - https:\/\/yoast.com\/product\/yoast-seo-wordpress\/ -->\n<title>What Is Schizophrenia \u2013 A Brief Review - CURESZ Foundation<\/title>\n<meta name=\"robots\" content=\"index, follow, max-snippet:-1, max-image-preview:large, max-video-preview:-1\" \/>\n<link rel=\"canonical\" href=\"https:\/\/curesz.org\/pt_pt\/what-is-schizophrenia-condensed\/\" \/>\n<meta property=\"og:locale\" content=\"pt_PT\" \/>\n<meta property=\"og:type\" content=\"article\" \/>\n<meta property=\"og:title\" content=\"What Is Schizophrenia \u2013 A Brief Review - CURESZ Foundation\" \/>\n<meta property=\"og:url\" content=\"https:\/\/curesz.org\/pt_pt\/what-is-schizophrenia-condensed\/\" \/>\n<meta property=\"og:site_name\" content=\"CURESZ Foundation\" \/>\n<meta property=\"article:publisher\" content=\"https:\/\/www.facebook.com\/Cureszorg\/\" \/>\n<meta property=\"article:modified_time\" content=\"2021-05-25T13:43:39+00:00\" \/>\n<meta name=\"twitter:card\" content=\"summary_large_image\" \/>\n<meta name=\"twitter:site\" content=\"@cureszorg\" \/>\n<meta name=\"twitter:label1\" content=\"Tempo estimado de leitura\" \/>\n\t<meta name=\"twitter:data1\" content=\"5 minutos\" \/>\n<script type=\"application\/ld+json\" class=\"yoast-schema-graph\">{\"@context\":\"https:\\\/\\\/schema.org\",\"@graph\":[{\"@type\":\"WebPage\",\"@id\":\"https:\\\/\\\/curesz.org\\\/what-is-schizophrenia-condensed\\\/\",\"url\":\"https:\\\/\\\/curesz.org\\\/what-is-schizophrenia-condensed\\\/\",\"name\":\"What Is Schizophrenia \u2013 A Brief Review - CURESZ Foundation\",\"isPartOf\":{\"@id\":\"https:\\\/\\\/curesz.org\\\/#website\"},\"datePublished\":\"2019-07-25T19:37:37+00:00\",\"dateModified\":\"2021-05-25T13:43:39+00:00\",\"breadcrumb\":{\"@id\":\"https:\\\/\\\/curesz.org\\\/what-is-schizophrenia-condensed\\\/#breadcrumb\"},\"inLanguage\":\"pt-PT\",\"potentialAction\":[{\"@type\":\"ReadAction\",\"target\":[\"https:\\\/\\\/curesz.org\\\/what-is-schizophrenia-condensed\\\/\"]}]},{\"@type\":\"BreadcrumbList\",\"@id\":\"https:\\\/\\\/curesz.org\\\/what-is-schizophrenia-condensed\\\/#breadcrumb\",\"itemListElement\":[{\"@type\":\"ListItem\",\"position\":1,\"name\":\"Home\",\"item\":\"https:\\\/\\\/curesz.org\\\/\"},{\"@type\":\"ListItem\",\"position\":2,\"name\":\"What Is Schizophrenia \u2013 A Brief Review\"}]},{\"@type\":\"WebSite\",\"@id\":\"https:\\\/\\\/curesz.org\\\/#website\",\"url\":\"https:\\\/\\\/curesz.org\\\/\",\"name\":\"CURESZ Foundation\",\"description\":\"The CURESZ Foundation provides educational updates to patients, families, healthcare professionals and the general public about schizophrenia.\",\"publisher\":{\"@id\":\"https:\\\/\\\/curesz.org\\\/#organization\"},\"potentialAction\":[{\"@type\":\"SearchAction\",\"target\":{\"@type\":\"EntryPoint\",\"urlTemplate\":\"https:\\\/\\\/curesz.org\\\/?s={search_term_string}\"},\"query-input\":{\"@type\":\"PropertyValueSpecification\",\"valueRequired\":true,\"valueName\":\"search_term_string\"}}],\"inLanguage\":\"pt-PT\"},{\"@type\":\"Organization\",\"@id\":\"https:\\\/\\\/curesz.org\\\/#organization\",\"name\":\"Curesz Foundation\",\"url\":\"https:\\\/\\\/curesz.org\\\/\",\"logo\":{\"@type\":\"ImageObject\",\"inLanguage\":\"pt-PT\",\"@id\":\"https:\\\/\\\/curesz.org\\\/#\\\/schema\\\/logo\\\/image\\\/\",\"url\":\"https:\\\/\\\/curesz.org\\\/wp-content\\\/uploads\\\/2020\\\/02\\\/cropped-Logo-with-Foundation-Custom.png\",\"contentUrl\":\"https:\\\/\\\/curesz.org\\\/wp-content\\\/uploads\\\/2020\\\/02\\\/cropped-Logo-with-Foundation-Custom.png\",\"width\":200,\"height\":133,\"caption\":\"Curesz Foundation\"},\"image\":{\"@id\":\"https:\\\/\\\/curesz.org\\\/#\\\/schema\\\/logo\\\/image\\\/\"},\"sameAs\":[\"https:\\\/\\\/www.facebook.com\\\/Cureszorg\\\/\",\"https:\\\/\\\/x.com\\\/cureszorg\",\"https:\\\/\\\/www.instagram.com\\\/cureszfoundation\\\/\",\"https:\\\/\\\/www.youtube.com\\\/channel\\\/UCT3uVzTt8jiJ2qdhuosHPvg\"]}]}<\/script>\n<!-- \/ Yoast SEO plugin. -->","yoast_head_json":{"title":"What Is Schizophrenia \u2013 A Brief Review - CURESZ Foundation","robots":{"index":"index","follow":"follow","max-snippet":"max-snippet:-1","max-image-preview":"max-image-preview:large","max-video-preview":"max-video-preview:-1"},"canonical":"https:\/\/curesz.org\/pt_pt\/what-is-schizophrenia-condensed\/","og_locale":"pt_PT","og_type":"article","og_title":"What Is Schizophrenia \u2013 A Brief Review - CURESZ Foundation","og_url":"https:\/\/curesz.org\/pt_pt\/what-is-schizophrenia-condensed\/","og_site_name":"CURESZ Foundation","article_publisher":"https:\/\/www.facebook.com\/Cureszorg\/","article_modified_time":"2021-05-25T13:43:39+00:00","twitter_card":"summary_large_image","twitter_site":"@cureszorg","twitter_misc":{"Tempo estimado de leitura":"5 minutos"},"schema":{"@context":"https:\/\/schema.org","@graph":[{"@type":"WebPage","@id":"https:\/\/curesz.org\/what-is-schizophrenia-condensed\/","url":"https:\/\/curesz.org\/what-is-schizophrenia-condensed\/","name":"What Is Schizophrenia \u2013 A Brief Review - CURESZ Foundation","isPartOf":{"@id":"https:\/\/curesz.org\/#website"},"datePublished":"2019-07-25T19:37:37+00:00","dateModified":"2021-05-25T13:43:39+00:00","breadcrumb":{"@id":"https:\/\/curesz.org\/what-is-schizophrenia-condensed\/#breadcrumb"},"inLanguage":"pt-PT","potentialAction":[{"@type":"ReadAction","target":["https:\/\/curesz.org\/what-is-schizophrenia-condensed\/"]}]},{"@type":"BreadcrumbList","@id":"https:\/\/curesz.org\/what-is-schizophrenia-condensed\/#breadcrumb","itemListElement":[{"@type":"ListItem","position":1,"name":"Home","item":"https:\/\/curesz.org\/"},{"@type":"ListItem","position":2,"name":"What Is Schizophrenia \u2013 A Brief Review"}]},{"@type":"WebSite","@id":"https:\/\/curesz.org\/#website","url":"https:\/\/curesz.org\/","name":"Funda\u00e7\u00e3o CURESZ","description":"A Funda\u00e7\u00e3o CURESZ fornece atualiza\u00e7\u00f5es educacionais para pacientes, familiares, profissionais de sa\u00fade e p\u00fablico em geral sobre esquizofrenia.","publisher":{"@id":"https:\/\/curesz.org\/#organization"},"potentialAction":[{"@type":"SearchAction","target":{"@type":"EntryPoint","urlTemplate":"https:\/\/curesz.org\/?s={search_term_string}"},"query-input":{"@type":"PropertyValueSpecification","valueRequired":true,"valueName":"search_term_string"}}],"inLanguage":"pt-PT"},{"@type":"Organization","@id":"https:\/\/curesz.org\/#organization","name":"Curesz Foundation","url":"https:\/\/curesz.org\/","logo":{"@type":"ImageObject","inLanguage":"pt-PT","@id":"https:\/\/curesz.org\/#\/schema\/logo\/image\/","url":"https:\/\/curesz.org\/wp-content\/uploads\/2020\/02\/cropped-Logo-with-Foundation-Custom.png","contentUrl":"https:\/\/curesz.org\/wp-content\/uploads\/2020\/02\/cropped-Logo-with-Foundation-Custom.png","width":200,"height":133,"caption":"Curesz Foundation"},"image":{"@id":"https:\/\/curesz.org\/#\/schema\/logo\/image\/"},"sameAs":["https:\/\/www.facebook.com\/Cureszorg\/","https:\/\/x.com\/cureszorg","https:\/\/www.instagram.com\/cureszfoundation\/","https:\/\/www.youtube.com\/channel\/UCT3uVzTt8jiJ2qdhuosHPvg"]}]}},"_links":{"self":[{"href":"https:\/\/curesz.org\/pt_pt\/wp-json\/wp\/v2\/pages\/579","targetHints":{"allow":["GET"]}}],"collection":[{"href":"https:\/\/curesz.org\/pt_pt\/wp-json\/wp\/v2\/pages"}],"about":[{"href":"https:\/\/curesz.org\/pt_pt\/wp-json\/wp\/v2\/types\/page"}],"author":[{"embeddable":true,"href":"https:\/\/curesz.org\/pt_pt\/wp-json\/wp\/v2\/users\/2"}],"replies":[{"embeddable":true,"href":"https:\/\/curesz.org\/pt_pt\/wp-json\/wp\/v2\/comments?post=579"}],"version-history":[{"count":15,"href":"https:\/\/curesz.org\/pt_pt\/wp-json\/wp\/v2\/pages\/579\/revisions"}],"predecessor-version":[{"id":3925,"href":"https:\/\/curesz.org\/pt_pt\/wp-json\/wp\/v2\/pages\/579\/revisions\/3925"}],"wp:attachment":[{"href":"https:\/\/curesz.org\/pt_pt\/wp-json\/wp\/v2\/media?parent=579"}],"curies":[{"name":"wp","href":"https:\/\/api.w.org\/{rel}","templated":true}]}}