{"id":584,"date":"2019-07-25T19:41:54","date_gmt":"2019-07-25T19:41:54","guid":{"rendered":"https:\/\/curesz.info\/?page_id=584"},"modified":"2019-07-31T16:51:30","modified_gmt":"2019-07-31T16:51:30","slug":"letter-to-new-patients","status":"publish","type":"page","link":"https:\/\/curesz.org\/pt_pt\/letter-to-new-patients\/","title":{"rendered":"Carta aos Novos Pacientes"},"content":{"rendered":"<p><div class=\"fusion-fullwidth fullwidth-box fusion-builder-row-1 fusion-flex-container nonhundred-percent-fullwidth non-hundred-percent-height-scrolling\" style=\"--awb-border-radius-top-left:0px;--awb-border-radius-top-right:0px;--awb-border-radius-bottom-right:0px;--awb-border-radius-bottom-left:0px;--awb-flex-wrap:wrap;\" ><div class=\"fusion-builder-row fusion-row fusion-flex-align-items-flex-start fusion-flex-content-wrap\" style=\"max-width:calc( 1300px + 0px );margin-left: calc(-0px \/ 2 );margin-right: calc(-0px \/ 2 );\"><div class=\"fusion-layout-column fusion_builder_column fusion-builder-column-0 fusion_builder_column_1_1 1_1 fusion-flex-column\" style=\"--awb-bg-size:cover;--awb-width-large:100%;--awb-margin-top-large:0px;--awb-spacing-right-large:0px;--awb-margin-bottom-large:0px;--awb-spacing-left-large:0px;--awb-width-medium:100%;--awb-spacing-right-medium:0px;--awb-spacing-left-medium:0px;--awb-width-small:100%;--awb-spacing-right-small:0px;--awb-spacing-left-small:0px;\"><div class=\"fusion-column-wrapper fusion-flex-justify-content-flex-start fusion-content-layout-column\"><div ><a class=\"fusion-button button-flat fusion-button-default-size button-default fusion-button-default button-1 fusion-button-default-span fusion-button-default-type\" target=\"_blank\" rel=\"noopener noreferrer\" href=\"https:\/\/curesz.org\/wp-content\/uploads\/2019\/07\/bethany-letter-to-patients-pdf.pdf\"><i class=\"fa-file-pdf far awb-button__icon awb-button__icon--default button-icon-left\" aria-hidden=\"true\"><\/i><span class=\"fusion-button-text awb-button__text awb-button__text--default\">Carta aos Novos Pacientes<\/span><\/a><\/div><div class=\"fusion-separator fusion-full-width-sep\" style=\"align-self: center;margin-left: auto;margin-right: auto;margin-top:50px;width:100%;\"><\/div><div class=\"fusion-text fusion-text-1\"><p class=\"p1\"><span class=\"s1\"><img decoding=\"async\" class=\"lazyload alignright wp-image-288 size-full\" src=\"https:\/\/curesz.org\/wp-content\/uploads\/2019\/07\/bethany-cropped-1.jpg\" data-orig-src=\"https:\/\/curesz.org\/wp-content\/uploads\/2019\/07\/bethany-cropped-1.jpg\" alt=\"\" width=\"300\" height=\"289\" srcset=\"data:image\/svg+xml,%3Csvg%20xmlns%3D%27http%3A%2F%2Fwww.w3.org%2F2000%2Fsvg%27%20width%3D%27300%27%20height%3D%27289%27%20viewBox%3D%270%200%20300%20289%27%3E%3Crect%20width%3D%27300%27%20height%3D%27289%27%20fill-opacity%3D%220%22%2F%3E%3C%2Fsvg%3E\" data-srcset=\"https:\/\/curesz.org\/wp-content\/uploads\/2019\/07\/bethany-cropped-1-200x193.jpg 200w, https:\/\/curesz.org\/wp-content\/uploads\/2019\/07\/bethany-cropped-1.jpg 300w\" data-sizes=\"auto\" data-orig-sizes=\"(max-width: 300px) 100vw, 300px\" \/>Caro novo amigo,<\/span><\/p>\n<p class=\"p1\"><span class=\"s1\">Meu nome \u00e9 Bethany Yeiser e gostaria de contar como me recuperei completamente da esquizofrenia ap\u00f3s quatro anos de psicose e falta de moradia.<\/span><\/p>\n<p class=\"p1\"><span class=\"s1\">Por muito tempo, minhas alucina\u00e7\u00f5es e del\u00edrios foram graves. Lembro dos m\u00e9dicos dizendo que eu nunca teria uma vida normal, muito menos voltaria para a faculdade ou para o trabalho.<\/span><\/p>\n<p class=\"p1\"><span class=\"s1\">Mas meus m\u00e9dicos iniciais estavam errados. Depois que v\u00e1rios antipsic\u00f3ticos falharam, um especialista em esquizofrenia me prescreveu clozapina e, em tr\u00eas meses, as alucina\u00e7\u00f5es pararam e comecei a me recuperar. Eu me senti como meu eu normal novamente.<\/span><\/p>\n<p class=\"p1\"><span class=\"s1\">Em seguida, matriculei-me na Universidade de Cincinnati, onde conclu\u00ed meu bacharelado em biologia molecular com louvor, em 2011. Hoje, tenho uma vida feliz e gratificante.<\/span><\/p>\n<p class=\"p1\"><span class=\"s1\">Para mim, a medica\u00e7\u00e3o certa era a clozapina, que n\u00e3o \u00e9 amplamente utilizada, mas que os especialistas acreditam que deveria ser prescrita para 25% de pessoas que sofrem de esquizofrenia cr\u00f4nica. Estou sem sintomas h\u00e1 nove anos e gostaria muito de ver outras pessoas se recuperando da esquizofrenia como eu.<\/span><\/p>\n<p class=\"p1\"><span class=\"s1\">A esquizofrenia \u00e9 uma doen\u00e7a neuropsiqui\u00e1trica pouco compreendida pelo p\u00fablico em geral. Eu costumava pensar que estava associado a uma fraqueza pessoal, ou a um certo tipo de personalidade, muito diferente da minha. Lembro-me de me recusar a acreditar que poderia ter esquizofrenia. Isso porque eu realmente n\u00e3o sabia o que era.<\/span><\/p>\n<p class=\"p1\"><span class=\"s1\">Hoje, entendo que a esquizofrenia \u00e9 um dist\u00farbio do desenvolvimento cerebral com certas anormalidades neuroqu\u00edmicas. Os sintomas podem diminuir ou at\u00e9 mesmo desaparecer com medicamentos. Como a asma, o c\u00e2ncer e o diabetes, a esquizofrenia \u00e9 uma doen\u00e7a m\u00e9dica. Se for tratado prontamente quando aparecer pela primeira vez, a remiss\u00e3o e a recupera\u00e7\u00e3o s\u00e3o muito poss\u00edveis na maioria.<\/span><\/p>\n<p class=\"p1\"><span class=\"s1\">Infelizmente, as hist\u00f3rias sensacionalistas na m\u00eddia muitas vezes retratam as pessoas com esquizofrenia como perigosas e ignoram completamente o fato de que as pessoas com esquizofrenia s\u00e3o t\u00e3o prejudicadas por seus pensamentos anormais e alucina\u00e7\u00f5es auditivas ou visuais que s\u00e3o mais propensas a serem v\u00edtimas de crime ou autoneglig\u00eancia. .<\/span><\/p>\n<p class=\"p1\"><span class=\"s1\">Quando me recuperei totalmente da esquizofrenia (ou seja, fiquei assintom\u00e1tico), publiquei um livro sobre minha recupera\u00e7\u00e3o, mas tamb\u00e9m queria compartilhar com outras pessoas o que gostaria de saber sobre a esquizofrenia no dia em que fui diagnosticado. Isso me levou a trabalhar com meu psiquiatra para estabelecer uma funda\u00e7\u00e3o chamada CURESZ (compreens\u00e3o abrangente via pesquisa e educa\u00e7\u00e3o em esquizofrenia) para disseminar as informa\u00e7\u00f5es que voc\u00ea est\u00e1 recebendo hoje. Na esquizofrenia, \u00e9 crucial entender o que realmente \u00e9 o dist\u00farbio, ao procurar sua medica\u00e7\u00e3o e sua equipe de tratamento. Espero que voc\u00ea ache esta informa\u00e7\u00e3o encorajadora e \u00fatil.<\/span><\/p>\n<p class=\"p1\"><span class=\"s1\">Al\u00e9m disso, encorajo voc\u00ea a conferir CURESZ.org para v\u00eddeos educativos, artigos informativos e outros recursos.<\/span><\/p>\n<p class=\"p1\"><span class=\"s1\">Hoje, me vejo como um \u201csobrevivente da esquizofrenia\u201d, semelhante a um sobrevivente do c\u00e2ncer, e n\u00e3o me envergonho disso. Sou grato por ter me recuperado da esquizofrenia e decidi me dedicar a educar outras pessoas sobre a esquizofrenia e a defender o uso de clozapina em pacientes que n\u00e3o respondem a dois medicamentos antipsic\u00f3ticos diferentes.<\/span><\/p>\n<p class=\"p1\"><span class=\"s1\">Espero que o CURESZ o inspire ao iniciar sua jornada para a recupera\u00e7\u00e3o.<\/span><\/p>\n<p class=\"p1\"><span class=\"s1\">Seu amigo,<br \/>\n<\/span><span class=\"s1\"><br \/>\nBethany Yeiser, BS<\/span><\/p>\n<p class=\"p1\"><span class=\"s1\">Presidente, Funda\u00e7\u00e3o CURESZ<\/span><\/p>\n<p class=\"p1\"><span class=\"s1\">CUREZ.org<\/span><\/p>\n<\/div><div class=\"fusion-separator fusion-full-width-sep\" style=\"align-self: center;margin-left: auto;margin-right: auto;margin-top:50px;width:100%;\"><\/div><\/div><\/div><\/div><\/div><div class=\"fusion-fullwidth fullwidth-box fusion-builder-row-2 fusion-flex-container hundred-percent-fullwidth non-hundred-percent-height-scrolling\" style=\"--awb-border-radius-top-left:0px;--awb-border-radius-top-right:0px;--awb-border-radius-bottom-right:0px;--awb-border-radius-bottom-left:0px;--awb-padding-top:0px;--awb-padding-right:0px;--awb-padding-bottom:0px;--awb-padding-left:0px;--awb-margin-top:0px;--awb-margin-bottom:0px;--awb-background-color:#015da7;--awb-flex-wrap:wrap;\" ><div class=\"fusion-builder-row fusion-row fusion-flex-align-items-flex-start fusion-flex-content-wrap\" style=\"width:104% !important;max-width:104% !important;margin-left: calc(-4% \/ 2 );margin-right: calc(-4% \/ 2 );\"><\/div><\/div>\n<\/p>","protected":false},"excerpt":{"rendered":"","protected":false},"author":2,"featured_media":0,"parent":0,"menu_order":0,"comment_status":"closed","ping_status":"closed","template":"100-width.php","meta":{"_acf_changed":false,"footnotes":""},"class_list":["post-584","page","type-page","status-publish","hentry"],"acf":[],"yoast_head":"<!-- This site is optimized with the Yoast SEO plugin v27.3 - https:\/\/yoast.com\/product\/yoast-seo-wordpress\/ -->\n<title>Letter to New Patients - CURESZ Foundation<\/title>\n<meta name=\"robots\" content=\"index, follow, max-snippet:-1, max-image-preview:large, max-video-preview:-1\" \/>\n<link rel=\"canonical\" href=\"https:\/\/curesz.org\/pt_pt\/letter-to-new-patients\/\" \/>\n<meta property=\"og:locale\" content=\"pt_PT\" \/>\n<meta property=\"og:type\" content=\"article\" \/>\n<meta property=\"og:title\" content=\"Letter to New Patients - CURESZ Foundation\" \/>\n<meta property=\"og:url\" content=\"https:\/\/curesz.org\/pt_pt\/letter-to-new-patients\/\" \/>\n<meta property=\"og:site_name\" content=\"CURESZ Foundation\" \/>\n<meta property=\"article:publisher\" content=\"https:\/\/www.facebook.com\/Cureszorg\/\" \/>\n<meta property=\"article:modified_time\" content=\"2019-07-31T16:51:30+00:00\" \/>\n<meta property=\"og:image\" content=\"https:\/\/curesz.org\/wp-content\/uploads\/2019\/07\/bethany-cropped-1.jpg\" \/>\n<meta name=\"twitter:card\" content=\"summary_large_image\" \/>\n<meta name=\"twitter:site\" content=\"@cureszorg\" \/>\n<meta name=\"twitter:label1\" content=\"Tempo estimado de leitura\" \/>\n\t<meta name=\"twitter:data1\" content=\"4 minutos\" \/>\n<script type=\"application\/ld+json\" class=\"yoast-schema-graph\">{\"@context\":\"https:\\\/\\\/schema.org\",\"@graph\":[{\"@type\":\"WebPage\",\"@id\":\"https:\\\/\\\/curesz.org\\\/letter-to-new-patients\\\/\",\"url\":\"https:\\\/\\\/curesz.org\\\/letter-to-new-patients\\\/\",\"name\":\"Letter to New Patients - CURESZ Foundation\",\"isPartOf\":{\"@id\":\"https:\\\/\\\/curesz.org\\\/#website\"},\"primaryImageOfPage\":{\"@id\":\"https:\\\/\\\/curesz.org\\\/letter-to-new-patients\\\/#primaryimage\"},\"image\":{\"@id\":\"https:\\\/\\\/curesz.org\\\/letter-to-new-patients\\\/#primaryimage\"},\"thumbnailUrl\":\"https:\\\/\\\/curesz.org\\\/wp-content\\\/uploads\\\/2019\\\/07\\\/bethany-cropped-1.jpg\",\"datePublished\":\"2019-07-25T19:41:54+00:00\",\"dateModified\":\"2019-07-31T16:51:30+00:00\",\"breadcrumb\":{\"@id\":\"https:\\\/\\\/curesz.org\\\/letter-to-new-patients\\\/#breadcrumb\"},\"inLanguage\":\"pt-PT\",\"potentialAction\":[{\"@type\":\"ReadAction\",\"target\":[\"https:\\\/\\\/curesz.org\\\/letter-to-new-patients\\\/\"]}]},{\"@type\":\"ImageObject\",\"inLanguage\":\"pt-PT\",\"@id\":\"https:\\\/\\\/curesz.org\\\/letter-to-new-patients\\\/#primaryimage\",\"url\":\"https:\\\/\\\/curesz.org\\\/wp-content\\\/uploads\\\/2019\\\/07\\\/bethany-cropped-1.jpg\",\"contentUrl\":\"https:\\\/\\\/curesz.org\\\/wp-content\\\/uploads\\\/2019\\\/07\\\/bethany-cropped-1.jpg\"},{\"@type\":\"BreadcrumbList\",\"@id\":\"https:\\\/\\\/curesz.org\\\/letter-to-new-patients\\\/#breadcrumb\",\"itemListElement\":[{\"@type\":\"ListItem\",\"position\":1,\"name\":\"Home\",\"item\":\"https:\\\/\\\/curesz.org\\\/\"},{\"@type\":\"ListItem\",\"position\":2,\"name\":\"Letter to New Patients\"}]},{\"@type\":\"WebSite\",\"@id\":\"https:\\\/\\\/curesz.org\\\/#website\",\"url\":\"https:\\\/\\\/curesz.org\\\/\",\"name\":\"CURESZ Foundation\",\"description\":\"The CURESZ Foundation provides educational updates to patients, families, healthcare professionals and the general public about schizophrenia.\",\"publisher\":{\"@id\":\"https:\\\/\\\/curesz.org\\\/#organization\"},\"potentialAction\":[{\"@type\":\"SearchAction\",\"target\":{\"@type\":\"EntryPoint\",\"urlTemplate\":\"https:\\\/\\\/curesz.org\\\/?s={search_term_string}\"},\"query-input\":{\"@type\":\"PropertyValueSpecification\",\"valueRequired\":true,\"valueName\":\"search_term_string\"}}],\"inLanguage\":\"pt-PT\"},{\"@type\":\"Organization\",\"@id\":\"https:\\\/\\\/curesz.org\\\/#organization\",\"name\":\"Curesz Foundation\",\"url\":\"https:\\\/\\\/curesz.org\\\/\",\"logo\":{\"@type\":\"ImageObject\",\"inLanguage\":\"pt-PT\",\"@id\":\"https:\\\/\\\/curesz.org\\\/#\\\/schema\\\/logo\\\/image\\\/\",\"url\":\"https:\\\/\\\/curesz.org\\\/wp-content\\\/uploads\\\/2020\\\/02\\\/cropped-Logo-with-Foundation-Custom.png\",\"contentUrl\":\"https:\\\/\\\/curesz.org\\\/wp-content\\\/uploads\\\/2020\\\/02\\\/cropped-Logo-with-Foundation-Custom.png\",\"width\":200,\"height\":133,\"caption\":\"Curesz Foundation\"},\"image\":{\"@id\":\"https:\\\/\\\/curesz.org\\\/#\\\/schema\\\/logo\\\/image\\\/\"},\"sameAs\":[\"https:\\\/\\\/www.facebook.com\\\/Cureszorg\\\/\",\"https:\\\/\\\/x.com\\\/cureszorg\",\"https:\\\/\\\/www.instagram.com\\\/cureszfoundation\\\/\",\"https:\\\/\\\/www.youtube.com\\\/channel\\\/UCT3uVzTt8jiJ2qdhuosHPvg\"]}]}<\/script>\n<!-- \/ Yoast SEO plugin. -->","yoast_head_json":{"title":"Letter to New Patients - CURESZ Foundation","robots":{"index":"index","follow":"follow","max-snippet":"max-snippet:-1","max-image-preview":"max-image-preview:large","max-video-preview":"max-video-preview:-1"},"canonical":"https:\/\/curesz.org\/pt_pt\/letter-to-new-patients\/","og_locale":"pt_PT","og_type":"article","og_title":"Letter to New Patients - CURESZ Foundation","og_url":"https:\/\/curesz.org\/pt_pt\/letter-to-new-patients\/","og_site_name":"CURESZ Foundation","article_publisher":"https:\/\/www.facebook.com\/Cureszorg\/","article_modified_time":"2019-07-31T16:51:30+00:00","og_image":[{"url":"https:\/\/curesz.org\/wp-content\/uploads\/2019\/07\/bethany-cropped-1.jpg","type":"","width":"","height":""}],"twitter_card":"summary_large_image","twitter_site":"@cureszorg","twitter_misc":{"Tempo estimado de leitura":"4 minutos"},"schema":{"@context":"https:\/\/schema.org","@graph":[{"@type":"WebPage","@id":"https:\/\/curesz.org\/letter-to-new-patients\/","url":"https:\/\/curesz.org\/letter-to-new-patients\/","name":"Letter to New Patients - CURESZ Foundation","isPartOf":{"@id":"https:\/\/curesz.org\/#website"},"primaryImageOfPage":{"@id":"https:\/\/curesz.org\/letter-to-new-patients\/#primaryimage"},"image":{"@id":"https:\/\/curesz.org\/letter-to-new-patients\/#primaryimage"},"thumbnailUrl":"https:\/\/curesz.org\/wp-content\/uploads\/2019\/07\/bethany-cropped-1.jpg","datePublished":"2019-07-25T19:41:54+00:00","dateModified":"2019-07-31T16:51:30+00:00","breadcrumb":{"@id":"https:\/\/curesz.org\/letter-to-new-patients\/#breadcrumb"},"inLanguage":"pt-PT","potentialAction":[{"@type":"ReadAction","target":["https:\/\/curesz.org\/letter-to-new-patients\/"]}]},{"@type":"ImageObject","inLanguage":"pt-PT","@id":"https:\/\/curesz.org\/letter-to-new-patients\/#primaryimage","url":"https:\/\/curesz.org\/wp-content\/uploads\/2019\/07\/bethany-cropped-1.jpg","contentUrl":"https:\/\/curesz.org\/wp-content\/uploads\/2019\/07\/bethany-cropped-1.jpg"},{"@type":"BreadcrumbList","@id":"https:\/\/curesz.org\/letter-to-new-patients\/#breadcrumb","itemListElement":[{"@type":"ListItem","position":1,"name":"Home","item":"https:\/\/curesz.org\/"},{"@type":"ListItem","position":2,"name":"Letter to New Patients"}]},{"@type":"WebSite","@id":"https:\/\/curesz.org\/#website","url":"https:\/\/curesz.org\/","name":"Funda\u00e7\u00e3o CURESZ","description":"A Funda\u00e7\u00e3o CURESZ fornece atualiza\u00e7\u00f5es educacionais para pacientes, familiares, profissionais de sa\u00fade e p\u00fablico em geral sobre esquizofrenia.","publisher":{"@id":"https:\/\/curesz.org\/#organization"},"potentialAction":[{"@type":"SearchAction","target":{"@type":"EntryPoint","urlTemplate":"https:\/\/curesz.org\/?s={search_term_string}"},"query-input":{"@type":"PropertyValueSpecification","valueRequired":true,"valueName":"search_term_string"}}],"inLanguage":"pt-PT"},{"@type":"Organization","@id":"https:\/\/curesz.org\/#organization","name":"Curesz Foundation","url":"https:\/\/curesz.org\/","logo":{"@type":"ImageObject","inLanguage":"pt-PT","@id":"https:\/\/curesz.org\/#\/schema\/logo\/image\/","url":"https:\/\/curesz.org\/wp-content\/uploads\/2020\/02\/cropped-Logo-with-Foundation-Custom.png","contentUrl":"https:\/\/curesz.org\/wp-content\/uploads\/2020\/02\/cropped-Logo-with-Foundation-Custom.png","width":200,"height":133,"caption":"Curesz Foundation"},"image":{"@id":"https:\/\/curesz.org\/#\/schema\/logo\/image\/"},"sameAs":["https:\/\/www.facebook.com\/Cureszorg\/","https:\/\/x.com\/cureszorg","https:\/\/www.instagram.com\/cureszfoundation\/","https:\/\/www.youtube.com\/channel\/UCT3uVzTt8jiJ2qdhuosHPvg"]}]}},"_links":{"self":[{"href":"https:\/\/curesz.org\/pt_pt\/wp-json\/wp\/v2\/pages\/584","targetHints":{"allow":["GET"]}}],"collection":[{"href":"https:\/\/curesz.org\/pt_pt\/wp-json\/wp\/v2\/pages"}],"about":[{"href":"https:\/\/curesz.org\/pt_pt\/wp-json\/wp\/v2\/types\/page"}],"author":[{"embeddable":true,"href":"https:\/\/curesz.org\/pt_pt\/wp-json\/wp\/v2\/users\/2"}],"replies":[{"embeddable":true,"href":"https:\/\/curesz.org\/pt_pt\/wp-json\/wp\/v2\/comments?post=584"}],"version-history":[{"count":4,"href":"https:\/\/curesz.org\/pt_pt\/wp-json\/wp\/v2\/pages\/584\/revisions"}],"predecessor-version":[{"id":2327,"href":"https:\/\/curesz.org\/pt_pt\/wp-json\/wp\/v2\/pages\/584\/revisions\/2327"}],"wp:attachment":[{"href":"https:\/\/curesz.org\/pt_pt\/wp-json\/wp\/v2\/media?parent=584"}],"curies":[{"name":"wp","href":"https:\/\/api.w.org\/{rel}","templated":true}]}}