{"id":5845,"date":"2024-07-08T16:47:22","date_gmt":"2024-07-08T20:47:22","guid":{"rendered":"https:\/\/curesz.org\/?page_id=5845"},"modified":"2024-11-11T08:56:15","modified_gmt":"2024-11-11T13:56:15","slug":"remembering-paul-envia","status":"publish","type":"page","link":"https:\/\/curesz.org\/pt_pt\/remembering-paul-envia\/","title":{"rendered":"Remembering Paul Envia"},"content":{"rendered":"<div class=\"fusion-fullwidth fullwidth-box fusion-builder-row-1 fusion-flex-container nonhundred-percent-fullwidth non-hundred-percent-height-scrolling\" style=\"--awb-border-radius-top-left:0px;--awb-border-radius-top-right:0px;--awb-border-radius-bottom-right:0px;--awb-border-radius-bottom-left:0px;--awb-flex-wrap:wrap;\" ><div class=\"fusion-builder-row fusion-row fusion-flex-align-items-flex-start fusion-flex-content-wrap\" style=\"max-width:1352px;margin-left: calc(-4% \/ 2 );margin-right: calc(-4% \/ 2 );\"><div class=\"fusion-layout-column fusion_builder_column fusion-builder-column-0 fusion_builder_column_1_1 1_1 fusion-flex-column\" style=\"--awb-bg-size:cover;--awb-width-large:100%;--awb-margin-top-large:0px;--awb-spacing-right-large:1.92%;--awb-margin-bottom-large:0px;--awb-spacing-left-large:1.92%;--awb-width-medium:100%;--awb-spacing-right-medium:1.92%;--awb-spacing-left-medium:1.92%;--awb-width-small:100%;--awb-spacing-right-small:1.92%;--awb-spacing-left-small:1.92%;\"><div class=\"fusion-column-wrapper fusion-flex-justify-content-flex-start fusion-content-layout-column\"><div class=\"fusion-text fusion-text-1\"><h3><a href=\"https:\/\/curesz.org\/wp-content\/uploads\/2024\/07\/Paul-Envia-cropped.jpg\"><img decoding=\"async\" class=\"lazyload size-full wp-image-5836 alignleft\" src=\"https:\/\/curesz.org\/wp-content\/uploads\/2024\/07\/Paul-Envia-cropped.jpg\" data-orig-src=\"https:\/\/curesz.org\/wp-content\/uploads\/2024\/07\/Paul-Envia-cropped.jpg\" alt=\"\" width=\"247\" height=\"247\" srcset=\"data:image\/svg+xml,%3Csvg%20xmlns%3D%27http%3A%2F%2Fwww.w3.org%2F2000%2Fsvg%27%20width%3D%27247%27%20height%3D%27247%27%20viewBox%3D%270%200%20247%20247%27%3E%3Crect%20width%3D%27247%27%20height%3D%27247%27%20fill-opacity%3D%220%22%2F%3E%3C%2Fsvg%3E\" data-srcset=\"https:\/\/curesz.org\/wp-content\/uploads\/2024\/07\/Paul-Envia-cropped-12x12.jpg 12w, https:\/\/curesz.org\/wp-content\/uploads\/2024\/07\/Paul-Envia-cropped-66x66.jpg 66w, https:\/\/curesz.org\/wp-content\/uploads\/2024\/07\/Paul-Envia-cropped-150x150.jpg 150w, https:\/\/curesz.org\/wp-content\/uploads\/2024\/07\/Paul-Envia-cropped-200x200.jpg 200w, https:\/\/curesz.org\/wp-content\/uploads\/2024\/07\/Paul-Envia-cropped.jpg 247w\" data-sizes=\"auto\" data-orig-sizes=\"(max-width: 247px) 100vw, 247px\" \/><\/a><b><i><\/i><\/b><b><span style=\"font-size: large;\">The Paul Ivan Envia Memorial Fund has been established by his family and friends to honor their beloved son, brother, grandson, nephew, cousin and friend. Paul loved Legos &amp; Star Wars.\u00a0 He had a brilliant mind, a huge heart and a kind disposition. He is missed by all who had the pleasure and joy of knowing him.\u00a0 His wings were ready but our hearts were not. His spirit will forever be with us.\u00a0<\/span><\/b><\/h3>\n<h3><b><span style=\"font-size: large;\">We thank you for the generous donations made in his honor by Lillie Khanderish, Tony and Emma, and Flora Khanderish, Shanna Pickering, Julie Burke, Paul Naepflin, Lisa Clarke, Hedy Patterson, Jenifer and Rondy Yu, Abby Cabe, Jordan and Riley, and Nahrin and Bob Anhar; Koni Stone; Doug and Elaine Tait; Michael and Mariam Foley; Christina and Shubert Envia; Yubert Envia; Meghan Foley; Nadine Silva; Sarah Beekman; H Evans; and Lynnai Bad<\/span><\/b><strong>al.<\/strong><\/h3>\n<div>\n<h3><strong><em>From Lisa Clarke: &#8220;We love you Paul and look forward to spending eternity with you in heaven.&#8221;\u00a0<\/em><\/strong><\/h3>\n<h3><strong><em>From Auntie Abby, Jordan and Riley: &#8220;You will always be in our hearts, Paul. We love you so much!&#8221;\u00a0<\/em><\/strong><\/h3>\n<h3><strong><em>From Lynnai Badal: &#8220;In loving memory of our brilliant, kind, cherished Paul Ivan Envia. We will miss you forever. So thankful to have been part of your journey. We hope you realized you were loved by us.&#8221;<\/em><\/strong><\/h3>\n<\/div>\n<div>\n<div><\/div>\n<\/div>\n<div><\/div>\n<div><\/div>\n<div><\/div>\n<div><\/div>\n<div><\/div>\n<div><\/div>\n<div><\/div>\n<div><\/div>\n<div><\/div>\n<div><\/div>\n<div><\/div>\n<div><\/div>\n<\/div><\/div><\/div><\/div><\/div>","protected":false},"excerpt":{"rendered":"","protected":false},"author":3,"featured_media":0,"parent":0,"menu_order":0,"comment_status":"closed","ping_status":"closed","template":"","meta":{"_acf_changed":false,"footnotes":""},"class_list":["post-5845","page","type-page","status-publish","hentry"],"acf":[],"yoast_head":"<!-- This site is optimized with the Yoast SEO plugin v27.3 - https:\/\/yoast.com\/product\/yoast-seo-wordpress\/ -->\n<title>Remembering Paul Envia - CURESZ Foundation<\/title>\n<meta name=\"robots\" content=\"index, follow, max-snippet:-1, max-image-preview:large, max-video-preview:-1\" \/>\n<link rel=\"canonical\" href=\"https:\/\/curesz.org\/pt_pt\/remembering-paul-envia\/\" \/>\n<meta property=\"og:locale\" content=\"pt_PT\" \/>\n<meta property=\"og:type\" content=\"article\" \/>\n<meta property=\"og:title\" content=\"Remembering Paul Envia - CURESZ Foundation\" \/>\n<meta property=\"og:url\" content=\"https:\/\/curesz.org\/pt_pt\/remembering-paul-envia\/\" \/>\n<meta property=\"og:site_name\" content=\"CURESZ Foundation\" \/>\n<meta property=\"article:publisher\" content=\"https:\/\/www.facebook.com\/Cureszorg\/\" \/>\n<meta property=\"article:modified_time\" content=\"2024-11-11T13:56:15+00:00\" \/>\n<meta property=\"og:image\" content=\"https:\/\/curesz.org\/wp-content\/uploads\/2024\/07\/Paul-Envia-cropped.jpg\" \/>\n<meta name=\"twitter:card\" content=\"summary_large_image\" \/>\n<meta name=\"twitter:site\" content=\"@cureszorg\" \/>\n<meta name=\"twitter:label1\" content=\"Tempo estimado de leitura\" \/>\n\t<meta name=\"twitter:data1\" content=\"2 minutos\" \/>\n<script type=\"application\/ld+json\" class=\"yoast-schema-graph\">{\"@context\":\"https:\\\/\\\/schema.org\",\"@graph\":[{\"@type\":\"WebPage\",\"@id\":\"https:\\\/\\\/curesz.org\\\/remembering-paul-envia\\\/\",\"url\":\"https:\\\/\\\/curesz.org\\\/remembering-paul-envia\\\/\",\"name\":\"Remembering Paul Envia - CURESZ Foundation\",\"isPartOf\":{\"@id\":\"https:\\\/\\\/curesz.org\\\/#website\"},\"primaryImageOfPage\":{\"@id\":\"https:\\\/\\\/curesz.org\\\/remembering-paul-envia\\\/#primaryimage\"},\"image\":{\"@id\":\"https:\\\/\\\/curesz.org\\\/remembering-paul-envia\\\/#primaryimage\"},\"thumbnailUrl\":\"https:\\\/\\\/curesz.org\\\/wp-content\\\/uploads\\\/2024\\\/07\\\/Paul-Envia-cropped.jpg\",\"datePublished\":\"2024-07-08T20:47:22+00:00\",\"dateModified\":\"2024-11-11T13:56:15+00:00\",\"breadcrumb\":{\"@id\":\"https:\\\/\\\/curesz.org\\\/remembering-paul-envia\\\/#breadcrumb\"},\"inLanguage\":\"pt-PT\",\"potentialAction\":[{\"@type\":\"ReadAction\",\"target\":[\"https:\\\/\\\/curesz.org\\\/remembering-paul-envia\\\/\"]}]},{\"@type\":\"ImageObject\",\"inLanguage\":\"pt-PT\",\"@id\":\"https:\\\/\\\/curesz.org\\\/remembering-paul-envia\\\/#primaryimage\",\"url\":\"https:\\\/\\\/curesz.org\\\/wp-content\\\/uploads\\\/2024\\\/07\\\/Paul-Envia-cropped.jpg\",\"contentUrl\":\"https:\\\/\\\/curesz.org\\\/wp-content\\\/uploads\\\/2024\\\/07\\\/Paul-Envia-cropped.jpg\"},{\"@type\":\"BreadcrumbList\",\"@id\":\"https:\\\/\\\/curesz.org\\\/remembering-paul-envia\\\/#breadcrumb\",\"itemListElement\":[{\"@type\":\"ListItem\",\"position\":1,\"name\":\"Home\",\"item\":\"https:\\\/\\\/curesz.org\\\/\"},{\"@type\":\"ListItem\",\"position\":2,\"name\":\"Remembering Paul Envia\"}]},{\"@type\":\"WebSite\",\"@id\":\"https:\\\/\\\/curesz.org\\\/#website\",\"url\":\"https:\\\/\\\/curesz.org\\\/\",\"name\":\"CURESZ Foundation\",\"description\":\"The CURESZ Foundation provides educational updates to patients, families, healthcare professionals and the general public about schizophrenia.\",\"publisher\":{\"@id\":\"https:\\\/\\\/curesz.org\\\/#organization\"},\"potentialAction\":[{\"@type\":\"SearchAction\",\"target\":{\"@type\":\"EntryPoint\",\"urlTemplate\":\"https:\\\/\\\/curesz.org\\\/?s={search_term_string}\"},\"query-input\":{\"@type\":\"PropertyValueSpecification\",\"valueRequired\":true,\"valueName\":\"search_term_string\"}}],\"inLanguage\":\"pt-PT\"},{\"@type\":\"Organization\",\"@id\":\"https:\\\/\\\/curesz.org\\\/#organization\",\"name\":\"Curesz Foundation\",\"url\":\"https:\\\/\\\/curesz.org\\\/\",\"logo\":{\"@type\":\"ImageObject\",\"inLanguage\":\"pt-PT\",\"@id\":\"https:\\\/\\\/curesz.org\\\/#\\\/schema\\\/logo\\\/image\\\/\",\"url\":\"https:\\\/\\\/curesz.org\\\/wp-content\\\/uploads\\\/2020\\\/02\\\/cropped-Logo-with-Foundation-Custom.png\",\"contentUrl\":\"https:\\\/\\\/curesz.org\\\/wp-content\\\/uploads\\\/2020\\\/02\\\/cropped-Logo-with-Foundation-Custom.png\",\"width\":200,\"height\":133,\"caption\":\"Curesz Foundation\"},\"image\":{\"@id\":\"https:\\\/\\\/curesz.org\\\/#\\\/schema\\\/logo\\\/image\\\/\"},\"sameAs\":[\"https:\\\/\\\/www.facebook.com\\\/Cureszorg\\\/\",\"https:\\\/\\\/x.com\\\/cureszorg\",\"https:\\\/\\\/www.instagram.com\\\/cureszfoundation\\\/\",\"https:\\\/\\\/www.youtube.com\\\/channel\\\/UCT3uVzTt8jiJ2qdhuosHPvg\"]}]}<\/script>\n<!-- \/ Yoast SEO plugin. -->","yoast_head_json":{"title":"Remembering Paul Envia - CURESZ Foundation","robots":{"index":"index","follow":"follow","max-snippet":"max-snippet:-1","max-image-preview":"max-image-preview:large","max-video-preview":"max-video-preview:-1"},"canonical":"https:\/\/curesz.org\/pt_pt\/remembering-paul-envia\/","og_locale":"pt_PT","og_type":"article","og_title":"Remembering Paul Envia - CURESZ Foundation","og_url":"https:\/\/curesz.org\/pt_pt\/remembering-paul-envia\/","og_site_name":"CURESZ Foundation","article_publisher":"https:\/\/www.facebook.com\/Cureszorg\/","article_modified_time":"2024-11-11T13:56:15+00:00","og_image":[{"url":"https:\/\/curesz.org\/wp-content\/uploads\/2024\/07\/Paul-Envia-cropped.jpg","type":"","width":"","height":""}],"twitter_card":"summary_large_image","twitter_site":"@cureszorg","twitter_misc":{"Tempo estimado de leitura":"2 minutos"},"schema":{"@context":"https:\/\/schema.org","@graph":[{"@type":"WebPage","@id":"https:\/\/curesz.org\/remembering-paul-envia\/","url":"https:\/\/curesz.org\/remembering-paul-envia\/","name":"Remembering Paul Envia - CURESZ Foundation","isPartOf":{"@id":"https:\/\/curesz.org\/#website"},"primaryImageOfPage":{"@id":"https:\/\/curesz.org\/remembering-paul-envia\/#primaryimage"},"image":{"@id":"https:\/\/curesz.org\/remembering-paul-envia\/#primaryimage"},"thumbnailUrl":"https:\/\/curesz.org\/wp-content\/uploads\/2024\/07\/Paul-Envia-cropped.jpg","datePublished":"2024-07-08T20:47:22+00:00","dateModified":"2024-11-11T13:56:15+00:00","breadcrumb":{"@id":"https:\/\/curesz.org\/remembering-paul-envia\/#breadcrumb"},"inLanguage":"pt-PT","potentialAction":[{"@type":"ReadAction","target":["https:\/\/curesz.org\/remembering-paul-envia\/"]}]},{"@type":"ImageObject","inLanguage":"pt-PT","@id":"https:\/\/curesz.org\/remembering-paul-envia\/#primaryimage","url":"https:\/\/curesz.org\/wp-content\/uploads\/2024\/07\/Paul-Envia-cropped.jpg","contentUrl":"https:\/\/curesz.org\/wp-content\/uploads\/2024\/07\/Paul-Envia-cropped.jpg"},{"@type":"BreadcrumbList","@id":"https:\/\/curesz.org\/remembering-paul-envia\/#breadcrumb","itemListElement":[{"@type":"ListItem","position":1,"name":"Home","item":"https:\/\/curesz.org\/"},{"@type":"ListItem","position":2,"name":"Remembering Paul Envia"}]},{"@type":"WebSite","@id":"https:\/\/curesz.org\/#website","url":"https:\/\/curesz.org\/","name":"Funda\u00e7\u00e3o CURESZ","description":"A Funda\u00e7\u00e3o CURESZ fornece atualiza\u00e7\u00f5es educacionais para pacientes, familiares, profissionais de sa\u00fade e p\u00fablico em geral sobre esquizofrenia.","publisher":{"@id":"https:\/\/curesz.org\/#organization"},"potentialAction":[{"@type":"SearchAction","target":{"@type":"EntryPoint","urlTemplate":"https:\/\/curesz.org\/?s={search_term_string}"},"query-input":{"@type":"PropertyValueSpecification","valueRequired":true,"valueName":"search_term_string"}}],"inLanguage":"pt-PT"},{"@type":"Organization","@id":"https:\/\/curesz.org\/#organization","name":"Curesz Foundation","url":"https:\/\/curesz.org\/","logo":{"@type":"ImageObject","inLanguage":"pt-PT","@id":"https:\/\/curesz.org\/#\/schema\/logo\/image\/","url":"https:\/\/curesz.org\/wp-content\/uploads\/2020\/02\/cropped-Logo-with-Foundation-Custom.png","contentUrl":"https:\/\/curesz.org\/wp-content\/uploads\/2020\/02\/cropped-Logo-with-Foundation-Custom.png","width":200,"height":133,"caption":"Curesz Foundation"},"image":{"@id":"https:\/\/curesz.org\/#\/schema\/logo\/image\/"},"sameAs":["https:\/\/www.facebook.com\/Cureszorg\/","https:\/\/x.com\/cureszorg","https:\/\/www.instagram.com\/cureszfoundation\/","https:\/\/www.youtube.com\/channel\/UCT3uVzTt8jiJ2qdhuosHPvg"]}]}},"_links":{"self":[{"href":"https:\/\/curesz.org\/pt_pt\/wp-json\/wp\/v2\/pages\/5845","targetHints":{"allow":["GET"]}}],"collection":[{"href":"https:\/\/curesz.org\/pt_pt\/wp-json\/wp\/v2\/pages"}],"about":[{"href":"https:\/\/curesz.org\/pt_pt\/wp-json\/wp\/v2\/types\/page"}],"author":[{"embeddable":true,"href":"https:\/\/curesz.org\/pt_pt\/wp-json\/wp\/v2\/users\/3"}],"replies":[{"embeddable":true,"href":"https:\/\/curesz.org\/pt_pt\/wp-json\/wp\/v2\/comments?post=5845"}],"version-history":[{"count":21,"href":"https:\/\/curesz.org\/pt_pt\/wp-json\/wp\/v2\/pages\/5845\/revisions"}],"predecessor-version":[{"id":5994,"href":"https:\/\/curesz.org\/pt_pt\/wp-json\/wp\/v2\/pages\/5845\/revisions\/5994"}],"wp:attachment":[{"href":"https:\/\/curesz.org\/pt_pt\/wp-json\/wp\/v2\/media?parent=5845"}],"curies":[{"name":"wp","href":"https:\/\/api.w.org\/{rel}","templated":true}]}}