{"id":5941,"date":"2024-09-12T11:06:17","date_gmt":"2024-09-12T15:06:17","guid":{"rendered":"https:\/\/curesz.org\/?page_id=5941"},"modified":"2024-09-12T11:06:17","modified_gmt":"2024-09-12T15:06:17","slug":"the-reality-of-having-schizophrenia-a-medical-students-opinion","status":"publish","type":"page","link":"https:\/\/curesz.org\/pt_pt\/the-reality-of-having-schizophrenia-a-medical-students-opinion\/","title":{"rendered":"The Reality of Having Schizophrenia: A Medical Student\u2019s Opinion"},"content":{"rendered":"<p><div class=\"fusion-fullwidth fullwidth-box fusion-builder-row-1 fusion-flex-container nonhundred-percent-fullwidth non-hundred-percent-height-scrolling\" style=\"--awb-border-radius-top-left:0px;--awb-border-radius-top-right:0px;--awb-border-radius-bottom-right:0px;--awb-border-radius-bottom-left:0px;--awb-flex-wrap:wrap;\" ><div class=\"fusion-builder-row fusion-row fusion-flex-align-items-flex-start fusion-flex-content-wrap\" style=\"max-width:1352px;margin-left: calc(-4% \/ 2 );margin-right: calc(-4% \/ 2 );\"><div class=\"fusion-layout-column fusion_builder_column fusion-builder-column-0 fusion_builder_column_1_4 1_4 fusion-flex-column\" style=\"--awb-bg-size:cover;--awb-width-large:25%;--awb-margin-top-large:0px;--awb-spacing-right-large:7.68%;--awb-margin-bottom-large:20px;--awb-spacing-left-large:7.68%;--awb-width-medium:100%;--awb-spacing-right-medium:1.92%;--awb-spacing-left-medium:1.92%;--awb-width-small:100%;--awb-spacing-right-small:1.92%;--awb-spacing-left-small:1.92%;\"><div class=\"fusion-column-wrapper fusion-column-has-shadow fusion-flex-justify-content-flex-start fusion-content-layout-column\"><div class=\"fusion-image-element\" style=\"--awb-caption-title-font-family:var(--h2_typography-font-family);--awb-caption-title-font-weight:var(--h2_typography-font-weight);--awb-caption-title-font-style:var(--h2_typography-font-style);--awb-caption-title-size:var(--h2_typography-font-size);--awb-caption-title-transform:var(--h2_typography-text-transform);--awb-caption-title-line-height:var(--h2_typography-line-height);--awb-caption-title-letter-spacing:var(--h2_typography-letter-spacing);\"><span class=\"fusion-imageframe imageframe-none imageframe-1 hover-type-none\"><img decoding=\"async\" width=\"300\" height=\"299\" title=\"Alvin best pic 300&#215;300\" src=\"https:\/\/curesz.org\/wp-content\/uploads\/2024\/09\/Alvin-best-pic-300x300-1.jpg\" data-orig-src=\"https:\/\/curesz.org\/wp-content\/uploads\/2024\/09\/Alvin-best-pic-300x300-1.jpg\" alt class=\"lazyload img-responsive wp-image-5942\" srcset=\"data:image\/svg+xml,%3Csvg%20xmlns%3D%27http%3A%2F%2Fwww.w3.org%2F2000%2Fsvg%27%20width%3D%27300%27%20height%3D%27299%27%20viewBox%3D%270%200%20300%20299%27%3E%3Crect%20width%3D%27300%27%20height%3D%27299%27%20fill-opacity%3D%220%22%2F%3E%3C%2Fsvg%3E\" data-srcset=\"https:\/\/curesz.org\/wp-content\/uploads\/2024\/09\/Alvin-best-pic-300x300-1-200x199.jpg 200w, https:\/\/curesz.org\/wp-content\/uploads\/2024\/09\/Alvin-best-pic-300x300-1.jpg 300w\" data-sizes=\"auto\" data-orig-sizes=\"(max-width: 1024px) 100vw, (max-width: 640px) 100vw, 300px\" \/><\/span><\/div><div class=\"fusion-text fusion-text-1\"><p>Alvin Mantey<br \/>\nMD-MPH Candidate, MS4<br \/>\nFaculdade de Medicina da Universidade de Cincinnati<\/p>\n<\/div><\/div><\/div><div class=\"fusion-layout-column fusion_builder_column fusion-builder-column-1 fusion_builder_column_3_4 3_4 fusion-flex-column\" style=\"--awb-bg-size:cover;--awb-width-large:75%;--awb-margin-top-large:0px;--awb-spacing-right-large:2.56%;--awb-margin-bottom-large:20px;--awb-spacing-left-large:2.56%;--awb-width-medium:100%;--awb-spacing-right-medium:1.92%;--awb-spacing-left-medium:1.92%;--awb-width-small:100%;--awb-spacing-right-small:1.92%;--awb-spacing-left-small:1.92%;\"><div class=\"fusion-column-wrapper fusion-column-has-shadow fusion-flex-justify-content-flex-start fusion-content-layout-column\"><div class=\"fusion-text fusion-text-2\"><p>The Reality of Having Schizophrenia: A Medical Student\u2019s Opinion<\/p>\n<p>Imagine this. It\u2019s a lovely Sunday morning in Pokuase, a community in rural Accra, Ghana. The air is filled with the smells and yells of street vendors as they sell delicious baked goods with an ungodly amount of sugar, and the sound of old engines rattling on. Children run across the unpaved streets as cars slowly navigate an army of water-soaked potholes from yesterday\u2019s rain. The colors and aromas of neatly dressed church members and deacons fill your eyes \u2013 men in suits, kaftans and traditional wear, and women in long, flowy dresses with luxurious jewelry and headgear. It is just another Sunday. But amidst the natural chaos something sticks out. No, <em>someone<\/em>. She is dressed in tattered clothes and covered with earth. Her hair is brown and her skin dark from heavy sun exposure. Her face tells you all you need to know \u2013 lips chapped, feet bare, chest bony and her demeanor, determined? Apathetic? You cannot tell. Her eyes are sunken, and she carries on, step by step. Is she hungry, can she afford a meal? Where did she sleep, because it rained yesterday. Is she alone, where is her family? You ask these questions, but not to her. She makes eye contact with you, and mutters something under her breath, and you drive away. It is just another Sunday.<\/p>\n<p><em>Demon-possessed \u201cmad people.\u201d <\/em>That\u2019s what we called them back home in West Africa. They were paying for sins they had committed or were victims of some shaman\u2019s curse. And she is not alone. There are thousands like her across the country, all abandoned, all ostracized.<\/p>\n<p>Growing up, this was normal for me, and like most people, I paid no attention, neither did I worry or bother. Everything changed with my migration to the United States with my family when I was 14 years old. I looked for <em>mad people<\/em> everywhere, but they were nowhere to be seen. I thought, perhaps the United States doesn\u2019t have them like we do, or perhaps they are too good at hiding it. Or<strong> they found a way to help them<\/strong>. And I was right. Years later in medical school, I would uncover that the demons that plagued these people, were mental disorders, and the solution, antipsychotics. Now antipsychotics are not a cure, neither are they benign. But they return the soul to the body, the mind to the person, and the person to their family. They\u2019re a game changer, and I\u2019m not sure why I never heard of them being used back at home.<\/p>\n<p>I recently took a trip back home, and surely enough, not much has changed. There were still many <em>mad people<\/em> walking around, and knowing what I know now, that there\u2019s treatment for them, made things even harder to wrap my head around. I know one day things will change, and with better medications on the market now, rapidly too. I hope to share the good news I\u2019ve found, to <em>mad people<\/em> and their families, and to help people understand that there is hope \u2013 that they are not lost. That they too can put on suits and kaftans and long flowy dresses and partake in the natural chaos of a Sunday morning.<\/p>\n<p>Writer\u2019s Comment:<\/p>\n<p>My name is Alvin Mantey. I\u2019m currently in my 4<sup>\u00ba<\/sup> year of a 5-year dual-degree medicine and master\u2019s in public health program at the University of Cincinnati. My family moved from Ghana to the United States when I was 14 years old, and that\u2019s where my journey in academia began. From pursuing show choir and soccer at the high school level, to majoring in biology with concentrations in biomedical studies in college, my journey through the US system has been exhilarating to say the least. But I\u2019m not just an academic &#8211; my interests outside school lie in church activities, playing intramural soccer, and dancing on social media to over 1.6 million followers with my identical twin brother. When I\u2019m not doing these things, I spend my time on Instagram educating people on all things mental health. This work is important to me as I find quite the gap between what I know in medicine and what people know about their own mental health. I do this work to help them live fuller lives in love, power and a sound mind. My journey in psychiatry began with a dream \u2013 a dream to live in a world where all people are able to live to their fullest potentials. The catalyst for this dream was my own lived experience in Accra, Ghana, where I lived before I moved with my family. The people I saw, and the lives missed stirred in me an unquenchable fire, that I now, somewhat ironically, seek to put out. This is a calling for me, and with residency coming up for me soon, I welcome what comes next. I hope to share with you another perspective: one which I hope captures my lived experience as well as the lived experiences of over 500,000 people with severe mental illness in Ghana.<\/p>\n<\/div><\/div><\/div><\/div><\/div><div class=\"fusion-fullwidth fullwidth-box fusion-builder-row-2 fusion-flex-container hundred-percent-fullwidth non-hundred-percent-height-scrolling\" style=\"--awb-border-radius-top-left:0px;--awb-border-radius-top-right:0px;--awb-border-radius-bottom-right:0px;--awb-border-radius-bottom-left:0px;--awb-padding-top:0px;--awb-padding-right:0px;--awb-padding-bottom:0px;--awb-padding-left:0px;--awb-margin-top:0px;--awb-margin-bottom:0px;--awb-background-color:#015da7;--awb-flex-wrap:wrap;\" ><div class=\"fusion-builder-row fusion-row fusion-flex-align-items-flex-start fusion-flex-content-wrap\" style=\"width:104% !important;max-width:104% !important;margin-left: calc(-4% \/ 2 );margin-right: calc(-4% \/ 2 );\"><\/div><\/div>\n<\/p>","protected":false},"excerpt":{"rendered":"","protected":false},"author":3,"featured_media":0,"parent":0,"menu_order":0,"comment_status":"closed","ping_status":"closed","template":"100-width.php","meta":{"_acf_changed":false,"footnotes":""},"class_list":["post-5941","page","type-page","status-publish","hentry"],"acf":[],"yoast_head":"<!-- This site is optimized with the Yoast SEO plugin v27.4 - https:\/\/yoast.com\/product\/yoast-seo-wordpress\/ -->\n<title>The Reality of Having Schizophrenia: A Medical Student\u2019s Opinion - CURESZ Foundation<\/title>\n<meta name=\"robots\" content=\"index, follow, max-snippet:-1, max-image-preview:large, max-video-preview:-1\" \/>\n<link rel=\"canonical\" href=\"https:\/\/curesz.org\/pt_pt\/the-reality-of-having-schizophrenia-a-medical-students-opinion\/\" \/>\n<meta property=\"og:locale\" content=\"pt_PT\" \/>\n<meta property=\"og:type\" content=\"article\" \/>\n<meta property=\"og:title\" content=\"The Reality of Having Schizophrenia: A Medical Student\u2019s Opinion - CURESZ Foundation\" \/>\n<meta property=\"og:url\" content=\"https:\/\/curesz.org\/pt_pt\/the-reality-of-having-schizophrenia-a-medical-students-opinion\/\" \/>\n<meta property=\"og:site_name\" content=\"CURESZ Foundation\" \/>\n<meta property=\"article:publisher\" content=\"https:\/\/www.facebook.com\/Cureszorg\/\" \/>\n<meta name=\"twitter:card\" content=\"summary_large_image\" \/>\n<meta name=\"twitter:site\" content=\"@cureszorg\" \/>\n<meta name=\"twitter:label1\" content=\"Tempo estimado de leitura\" \/>\n\t<meta name=\"twitter:data1\" content=\"4 minutos\" \/>\n<script type=\"application\/ld+json\" class=\"yoast-schema-graph\">{\"@context\":\"https:\\\/\\\/schema.org\",\"@graph\":[{\"@type\":\"WebPage\",\"@id\":\"https:\\\/\\\/curesz.org\\\/the-reality-of-having-schizophrenia-a-medical-students-opinion\\\/\",\"url\":\"https:\\\/\\\/curesz.org\\\/the-reality-of-having-schizophrenia-a-medical-students-opinion\\\/\",\"name\":\"The Reality of Having Schizophrenia: A Medical Student\u2019s Opinion - CURESZ Foundation\",\"isPartOf\":{\"@id\":\"https:\\\/\\\/curesz.org\\\/#website\"},\"datePublished\":\"2024-09-12T15:06:17+00:00\",\"breadcrumb\":{\"@id\":\"https:\\\/\\\/curesz.org\\\/the-reality-of-having-schizophrenia-a-medical-students-opinion\\\/#breadcrumb\"},\"inLanguage\":\"pt-PT\",\"potentialAction\":[{\"@type\":\"ReadAction\",\"target\":[\"https:\\\/\\\/curesz.org\\\/the-reality-of-having-schizophrenia-a-medical-students-opinion\\\/\"]}]},{\"@type\":\"BreadcrumbList\",\"@id\":\"https:\\\/\\\/curesz.org\\\/the-reality-of-having-schizophrenia-a-medical-students-opinion\\\/#breadcrumb\",\"itemListElement\":[{\"@type\":\"ListItem\",\"position\":1,\"name\":\"Home\",\"item\":\"https:\\\/\\\/curesz.org\\\/\"},{\"@type\":\"ListItem\",\"position\":2,\"name\":\"The Reality of Having Schizophrenia: A Medical Student\u2019s Opinion\"}]},{\"@type\":\"WebSite\",\"@id\":\"https:\\\/\\\/curesz.org\\\/#website\",\"url\":\"https:\\\/\\\/curesz.org\\\/\",\"name\":\"CURESZ Foundation\",\"description\":\"The CURESZ Foundation provides educational updates to patients, families, healthcare professionals and the general public about schizophrenia.\",\"publisher\":{\"@id\":\"https:\\\/\\\/curesz.org\\\/#organization\"},\"potentialAction\":[{\"@type\":\"SearchAction\",\"target\":{\"@type\":\"EntryPoint\",\"urlTemplate\":\"https:\\\/\\\/curesz.org\\\/?s={search_term_string}\"},\"query-input\":{\"@type\":\"PropertyValueSpecification\",\"valueRequired\":true,\"valueName\":\"search_term_string\"}}],\"inLanguage\":\"pt-PT\"},{\"@type\":\"Organization\",\"@id\":\"https:\\\/\\\/curesz.org\\\/#organization\",\"name\":\"Curesz Foundation\",\"url\":\"https:\\\/\\\/curesz.org\\\/\",\"logo\":{\"@type\":\"ImageObject\",\"inLanguage\":\"pt-PT\",\"@id\":\"https:\\\/\\\/curesz.org\\\/#\\\/schema\\\/logo\\\/image\\\/\",\"url\":\"https:\\\/\\\/curesz.org\\\/wp-content\\\/uploads\\\/2020\\\/02\\\/cropped-Logo-with-Foundation-Custom.png\",\"contentUrl\":\"https:\\\/\\\/curesz.org\\\/wp-content\\\/uploads\\\/2020\\\/02\\\/cropped-Logo-with-Foundation-Custom.png\",\"width\":200,\"height\":133,\"caption\":\"Curesz Foundation\"},\"image\":{\"@id\":\"https:\\\/\\\/curesz.org\\\/#\\\/schema\\\/logo\\\/image\\\/\"},\"sameAs\":[\"https:\\\/\\\/www.facebook.com\\\/Cureszorg\\\/\",\"https:\\\/\\\/x.com\\\/cureszorg\",\"https:\\\/\\\/www.instagram.com\\\/cureszfoundation\\\/\",\"https:\\\/\\\/www.youtube.com\\\/channel\\\/UCT3uVzTt8jiJ2qdhuosHPvg\"]}]}<\/script>\n<!-- \/ Yoast SEO plugin. -->","yoast_head_json":{"title":"The Reality of Having Schizophrenia: A Medical Student\u2019s Opinion - CURESZ Foundation","robots":{"index":"index","follow":"follow","max-snippet":"max-snippet:-1","max-image-preview":"max-image-preview:large","max-video-preview":"max-video-preview:-1"},"canonical":"https:\/\/curesz.org\/pt_pt\/the-reality-of-having-schizophrenia-a-medical-students-opinion\/","og_locale":"pt_PT","og_type":"article","og_title":"The Reality of Having Schizophrenia: A Medical Student\u2019s Opinion - CURESZ Foundation","og_url":"https:\/\/curesz.org\/pt_pt\/the-reality-of-having-schizophrenia-a-medical-students-opinion\/","og_site_name":"CURESZ Foundation","article_publisher":"https:\/\/www.facebook.com\/Cureszorg\/","twitter_card":"summary_large_image","twitter_site":"@cureszorg","twitter_misc":{"Tempo estimado de leitura":"4 minutos"},"schema":{"@context":"https:\/\/schema.org","@graph":[{"@type":"WebPage","@id":"https:\/\/curesz.org\/the-reality-of-having-schizophrenia-a-medical-students-opinion\/","url":"https:\/\/curesz.org\/the-reality-of-having-schizophrenia-a-medical-students-opinion\/","name":"The Reality of Having Schizophrenia: A Medical Student\u2019s Opinion - CURESZ Foundation","isPartOf":{"@id":"https:\/\/curesz.org\/#website"},"datePublished":"2024-09-12T15:06:17+00:00","breadcrumb":{"@id":"https:\/\/curesz.org\/the-reality-of-having-schizophrenia-a-medical-students-opinion\/#breadcrumb"},"inLanguage":"pt-PT","potentialAction":[{"@type":"ReadAction","target":["https:\/\/curesz.org\/the-reality-of-having-schizophrenia-a-medical-students-opinion\/"]}]},{"@type":"BreadcrumbList","@id":"https:\/\/curesz.org\/the-reality-of-having-schizophrenia-a-medical-students-opinion\/#breadcrumb","itemListElement":[{"@type":"ListItem","position":1,"name":"Home","item":"https:\/\/curesz.org\/"},{"@type":"ListItem","position":2,"name":"The Reality of Having Schizophrenia: A Medical Student\u2019s Opinion"}]},{"@type":"WebSite","@id":"https:\/\/curesz.org\/#website","url":"https:\/\/curesz.org\/","name":"Funda\u00e7\u00e3o CURESZ","description":"A Funda\u00e7\u00e3o CURESZ fornece atualiza\u00e7\u00f5es educacionais para pacientes, familiares, profissionais de sa\u00fade e p\u00fablico em geral sobre esquizofrenia.","publisher":{"@id":"https:\/\/curesz.org\/#organization"},"potentialAction":[{"@type":"SearchAction","target":{"@type":"EntryPoint","urlTemplate":"https:\/\/curesz.org\/?s={search_term_string}"},"query-input":{"@type":"PropertyValueSpecification","valueRequired":true,"valueName":"search_term_string"}}],"inLanguage":"pt-PT"},{"@type":"Organization","@id":"https:\/\/curesz.org\/#organization","name":"Curesz Foundation","url":"https:\/\/curesz.org\/","logo":{"@type":"ImageObject","inLanguage":"pt-PT","@id":"https:\/\/curesz.org\/#\/schema\/logo\/image\/","url":"https:\/\/curesz.org\/wp-content\/uploads\/2020\/02\/cropped-Logo-with-Foundation-Custom.png","contentUrl":"https:\/\/curesz.org\/wp-content\/uploads\/2020\/02\/cropped-Logo-with-Foundation-Custom.png","width":200,"height":133,"caption":"Curesz Foundation"},"image":{"@id":"https:\/\/curesz.org\/#\/schema\/logo\/image\/"},"sameAs":["https:\/\/www.facebook.com\/Cureszorg\/","https:\/\/x.com\/cureszorg","https:\/\/www.instagram.com\/cureszfoundation\/","https:\/\/www.youtube.com\/channel\/UCT3uVzTt8jiJ2qdhuosHPvg"]}]}},"_links":{"self":[{"href":"https:\/\/curesz.org\/pt_pt\/wp-json\/wp\/v2\/pages\/5941","targetHints":{"allow":["GET"]}}],"collection":[{"href":"https:\/\/curesz.org\/pt_pt\/wp-json\/wp\/v2\/pages"}],"about":[{"href":"https:\/\/curesz.org\/pt_pt\/wp-json\/wp\/v2\/types\/page"}],"author":[{"embeddable":true,"href":"https:\/\/curesz.org\/pt_pt\/wp-json\/wp\/v2\/users\/3"}],"replies":[{"embeddable":true,"href":"https:\/\/curesz.org\/pt_pt\/wp-json\/wp\/v2\/comments?post=5941"}],"version-history":[{"count":1,"href":"https:\/\/curesz.org\/pt_pt\/wp-json\/wp\/v2\/pages\/5941\/revisions"}],"predecessor-version":[{"id":5943,"href":"https:\/\/curesz.org\/pt_pt\/wp-json\/wp\/v2\/pages\/5941\/revisions\/5943"}],"wp:attachment":[{"href":"https:\/\/curesz.org\/pt_pt\/wp-json\/wp\/v2\/media?parent=5941"}],"curies":[{"name":"wp","href":"https:\/\/api.w.org\/{rel}","templated":true}]}}